{"id":848,"date":"2023-03-17T07:04:23","date_gmt":"2023-03-17T07:04:23","guid":{"rendered":"https:\/\/vcycletech.com\/?post_type=product&#038;p=848"},"modified":"2023-03-18T01:45:19","modified_gmt":"2023-03-18T01:45:19","slug":"hedpna4tetra-sodio-sal-de-1-hidroxi-etilideno-11-difosfonico-acido","status":"publish","type":"product","link":"https:\/\/vcycletech.com\/es\/producto\/hedpna4tetra-sodio-sal-de-1-hidroxi-etilideno-11-difosfonico-acido\/","title":{"rendered":"HEDP\u2022Na4(Sal tetras\u00f3dica del \u00e1cido 1-hidroxietilideno-1,1-difosf\u00f3nico)"},"content":{"rendered":"<h3>N\u00ba CAS 3794-83-0 (4-Na)<\/h3>\n<h3>Dequest 2016<\/h3>\n<h3>29329-71-3 (x-Na)<\/h3>\n<h3>Dequest 2016DG<\/h3>\n<h3>Sin\u00f3nimos: etidronato tetras\u00f3dico<\/h3>\n<h3>F\u00f3rmula molecular: C2H4O7P2Na4<\/h3>\n<h3>Peso molecular: 294<\/h3>\n<h3>F\u00f3rmula estructural:<\/h3>\n<figure id=\"attachment_857\" aria-describedby=\"caption-attachment-857\" style=\"width: 600px\" class=\"wp-caption alignnone\"><img fetchpriority=\"high\" decoding=\"async\" class=\"size-full wp-image-857\" src=\"https:\/\/vcycletech.com\/wp-content\/uploads\/2023\/03\/001-2.png\" alt=\"HEDP\u2022Na4\" width=\"600\" height=\"600\" srcset=\"https:\/\/vcycletech.com\/wp-content\/uploads\/2023\/03\/001-2.png 600w, https:\/\/vcycletech.com\/wp-content\/uploads\/2023\/03\/001-2-100x100.png 100w, https:\/\/vcycletech.com\/wp-content\/uploads\/2023\/03\/001-2-300x300.png 300w, https:\/\/vcycletech.com\/wp-content\/uploads\/2023\/03\/001-2-150x150.png 150w\" sizes=\"(max-width: 600px) 100vw, 600px\" \/><figcaption id=\"caption-attachment-857\" class=\"wp-caption-text\">HEDP\u2022Na4<\/figcaption><\/figure>\n<h3><strong>HEDP\u2022Na4 <\/strong>Propiedades y uso:<\/h3>\n<p><strong>HEDP\u2022Na4<\/strong> es la sal de sodio de HEDP, com\u00fanmente utilizada como inhibidor de incrustaciones de carbonato de calcio en sistemas de agua de calderas de baja presi\u00f3n, sistemas de circulaci\u00f3n de agua, sistemas de agua de limpieza industriales y municipales y piscinas. La forma s\u00f3lida de este \u00e1cido organofosforado se presenta como un polvo blanco, que es soluble en agua y f\u00e1cilmente delicuescente, lo que facilita su transporte. Adem\u00e1s, es adecuado para su uso incluso en invierno o en climas helados. Este inhibidor de corrosi\u00f3n de incrustaciones \u00e1cidas puede formar un complejo estable con iones de Fe, Cu y Zn mientras disuelve eficazmente los \u00f3xidos en las superficies met\u00e1licas. Demuestra los efectos superiores de inhibici\u00f3n de incrustaciones y corrosi\u00f3n incluso a temperaturas de 250 \u2103.<\/p>\n<h3>Especificaci\u00f3n:<\/h3>\n<div id=\"footable_parent_858\"\n         class=\"footable_parent ninja_table_wrapper loading_ninja_table wp_table_data_press_parent semantic_ui\">\n                <table data-ninja_table_instance=\"ninja_table_instance_0\" data-footable_id=\"858\" data-filter-delay=\"1000\" aria-label=\"HEDP\u2022Na4.csv\"            id=\"footable_858\"\n           data-unique_identifier=\"ninja_table_unique_id_1021506022_858\"\n           class=\"foo-table ninja_footable foo_table_858 ninja_table_unique_id_1021506022_858 ui table  nt_type_legacy_table selectable striped vertical_centered  footable-paging-right ninja_table_pro\">\n                <colgroup>\n                            <col class=\"ninja_column_0\">\n                            <col class=\"ninja_column_1\">\n                            <col class=\"ninja_column_2\">\n                    <\/colgroup>\n        <thead>\n<tr class=\"footable-header\">\n                                                        <th scope=\"col\"  class=\"ninja_column_0 ninja_clmn_nm_items\">Elementos<\/th><th scope=\"col\"  class=\"ninja_column_1 ninja_clmn_nm_index\">\u00cdndice<\/th><th scope=\"col\"  class=\"ninja_column_2 ninja_clmn_nm_ninja_column_3\"><\/th><\/tr>\n<\/thead>\n<tbody>\n\n        <tr data-row_id=\"65\" class=\"ninja_table_row_0 nt_row_id_65\">\n            <td>Apariencia<\/td><td>polvo blanco<\/td><td>L\u00edquido transparente incoloro a amarillento<\/td>        <\/tr>\n            <tr data-row_id=\"66\" class=\"ninja_table_row_1 nt_row_id_66\">\n            <td>Contenido activo (HEDP)%        <\/td><td>\u2265 56,0<\/td><td>20.3-21.7<\/td>        <\/tr>\n            <tr data-row_id=\"67\" class=\"ninja_table_row_2 nt_row_id_67\">\n            <td>Contenido activo (HEDP\u2022Na4)%  <\/td><td>\u2265 79,9<\/td><td>29.0-31.0<\/td>        <\/tr>\n            <tr data-row_id=\"68\" class=\"ninja_table_row_3 nt_row_id_68\">\n            <td>Fe3+ mg\/g \u2264<\/td><td>35<\/td><td>20<\/td>        <\/tr>\n            <tr data-row_id=\"69\" class=\"ninja_table_row_4 nt_row_id_69\">\n            <td>Humedad, % \u2264<\/td><td>15<\/td><td>--<\/td>        <\/tr>\n            <tr data-row_id=\"70\" class=\"ninja_table_row_5 nt_row_id_70\">\n            <td>Densidad (20\u2103)g\/cm3             <\/td><td>--<\/td><td>1.26-1.36<\/td>        <\/tr>\n            <tr data-row_id=\"71\" class=\"ninja_table_row_6 nt_row_id_71\">\n            <td>PH (soluci\u00f3n de agua 1%)<\/td><td>11,0-12,0 (soluci\u00f3n 1%aqueous)<\/td><td>10.0-12.0 (stoste)<\/td>        <\/tr>\n    <\/tbody><!--ninja_tobody_rendering_done-->\n    <\/table>\n    \n    \n    \n<\/div>\n\n<h3>\u00c1mbito de aplicaci\u00f3n y m\u00e9todo de uso:<\/h3>\n<p><strong>HEDP\u2022Na4<\/strong> tiene amplias aplicaciones en la energ\u00eda el\u00e9ctrica, la industria qu\u00edmica, la metalurgia, los fertilizantes, los sistemas de circulaci\u00f3n de agua fr\u00eda y las calderas de baja a media presi\u00f3n y las tuber\u00edas de los campos petroleros como inhibidor de incrustaciones y corrosi\u00f3n. Adem\u00e1s, se puede emplear como detergente tanto para metales como para no metales en la industria de tejidos ligeros. Adem\u00e1s, este \u00e1cido organofosforado muestra un rendimiento excepcional como estabilizador de per\u00f3xido y agente fijador de tintes dentro de la industria del te\u00f1ido y como agente eficaz que act\u00faa como quelante en procesos de galvanoplastia sin cianuro. Tambi\u00e9n se usa com\u00fanmente como un aditivo dentro de los productos qu\u00edmicos diarios.<\/p>\n<h3><strong>HEDP\u2022Na4 <\/strong>Paquete y almacenamiento:<\/h3>\n<p>L\u00edquido: bid\u00f3n de pl\u00e1stico, 30 kg o 250 kg, S\u00f3lido: 25 kg\/bolsa, requisito del cliente. Almacenamiento durante diez meses en un lugar sombreado y seco<\/p>\n<h3>Medida de seguridad:<\/h3>\n<p><strong>HEDP\u2022Na4<\/strong> Acidez d\u00e9bil, evitar el contacto con los ojos y la piel; una vez en contacto, enjuague con agua.<\/p>\n<p><a href=\"https:\/\/vcycletech.com\/es\/fosfonatos\/\"><strong>Obtenga la soluci\u00f3n de Fosfonatos Completos.<\/strong><\/a><\/p>","protected":false},"excerpt":{"rendered":"<p><strong>HEDP\u2022Na4(Sal tetras\u00f3dica del \u00e1cido 1-hidroxietilideno-1,1-difosf\u00f3nico)<\/strong> es un producto de alta calidad perfecto para empresas que buscan vender al por mayor a granel. Se utiliza como eliminador de \u00e1cidos e inhibidor de la corrosi\u00f3n en el tratamiento de agua y fluidos para metalurgia y como agente secuestrante en detergentes para ropa. Est\u00e1 fabricado en China y cuenta con los m\u00e1s altos est\u00e1ndares de calidad. Cont\u00e1ctenos hoy para obtener m\u00e1s informaci\u00f3n sobre este producto y c\u00f3mo puede beneficiar a su negocio.<\/p>","protected":false},"featured_media":855,"template":"","meta":{"site-sidebar-layout":"default","site-content-layout":"default","ast-site-content-layout":"default","site-content-style":"default","site-sidebar-style":"default","ast-global-header-display":"","ast-banner-title-visibility":"","ast-main-header-display":"","ast-hfb-above-header-display":"","ast-hfb-below-header-display":"","ast-hfb-mobile-header-display":"","site-post-title":"","ast-breadcrumbs-content":"","ast-featured-img":"","footer-sml-layout":"","ast-disable-related-posts":"","theme-transparent-header-meta":"default","adv-header-id-meta":"","stick-header-meta":"default","header-above-stick-meta":"","header-main-stick-meta":"","header-below-stick-meta":"","astra-migrate-meta-layouts":"default","ast-page-background-enabled":"default","ast-page-background-meta":{"desktop":{"background-color":"","background-image":"","background-repeat":"repeat","background-position":"center center","background-size":"auto","background-attachment":"scroll","background-type":"","background-media":"","overlay-type":"","overlay-color":"","overlay-opacity":"","overlay-gradient":""},"tablet":{"background-color":"","background-image":"","background-repeat":"repeat","background-position":"center center","background-size":"auto","background-attachment":"scroll","background-type":"","background-media":"","overlay-type":"","overlay-color":"","overlay-opacity":"","overlay-gradient":""},"mobile":{"background-color":"","background-image":"","background-repeat":"repeat","background-position":"center center","background-size":"auto","background-attachment":"scroll","background-type":"","background-media":"","overlay-type":"","overlay-color":"","overlay-opacity":"","overlay-gradient":""}},"ast-content-background-meta":{"desktop":{"background-color":"var(--ast-global-color-5)","background-image":"","background-repeat":"repeat","background-position":"center center","background-size":"auto","background-attachment":"scroll","background-type":"","background-media":"","overlay-type":"","overlay-color":"","overlay-opacity":"","overlay-gradient":""},"tablet":{"background-color":"var(--ast-global-color-5)","background-image":"","background-repeat":"repeat","background-position":"center center","background-size":"auto","background-attachment":"scroll","background-type":"","background-media":"","overlay-type":"","overlay-color":"","overlay-opacity":"","overlay-gradient":""},"mobile":{"background-color":"var(--ast-global-color-5)","background-image":"","background-repeat":"repeat","background-position":"center center","background-size":"auto","background-attachment":"scroll","background-type":"","background-media":"","overlay-type":"","overlay-color":"","overlay-opacity":"","overlay-gradient":""}}},"product_brand":[],"product_cat":[27],"product_tag":[],"class_list":{"0":"post-848","1":"product","2":"type-product","3":"status-publish","4":"has-post-thumbnail","6":"product_cat-salts-of-phosphonates","7":"desktop-align-left","8":"tablet-align-left","9":"mobile-align-left","10":"ast-product-gallery-layout-horizontal-slider","11":"ast-product-tabs-layout-horizontal","13":"first","14":"instock","15":"shipping-taxable","16":"product-type-simple"},"yoast_head":"<!-- This site is optimized with the Yoast SEO Premium plugin v26.3 (Yoast SEO v27.3) - https:\/\/yoast.com\/product\/yoast-seo-premium-wordpress\/ -->\n<title>HEDP\u2022Na4(Tetra Sodium Salt of 1-Hydroxy Ethylidene-1,1-Diphosphonic Acid) - vcycletech<\/title>\n<meta name=\"description\" content=\"HEDP\u2022Na4(Tetra Sodium Salt of 1-Hydroxy Ethylidene-1,1-Diphosphonic Acid) is a colorless to light yellow liquid with a characteristic odor. It is soluble in water and insoluble in most organic solvents.\" \/>\n<meta name=\"robots\" content=\"index, follow, max-snippet:-1, max-image-preview:large, max-video-preview:-1\" \/>\n<link rel=\"canonical\" href=\"https:\/\/vcycletech.com\/es\/producto\/hedpna4tetra-sodio-sal-de-1-hidroxi-etilideno-11-difosfonico-acido\/\" \/>\n<meta property=\"og:locale\" content=\"es_MX\" \/>\n<meta property=\"og:type\" content=\"article\" \/>\n<meta property=\"og:title\" content=\"HEDP\u2022Na4(Tetra Sodium Salt of 1-Hydroxy Ethylidene-1,1-Diphosphonic Acid)\" \/>\n<meta property=\"og:description\" content=\"HEDP\u2022Na4(Tetra Sodium Salt of 1-Hydroxy Ethylidene-1,1-Diphosphonic Acid) is a colorless to light yellow liquid with a characteristic odor. It is soluble in water and insoluble in most organic solvents.\" \/>\n<meta property=\"og:url\" content=\"https:\/\/vcycletech.com\/es\/producto\/hedpna4tetra-sodio-sal-de-1-hidroxi-etilideno-11-difosfonico-acido\/\" \/>\n<meta property=\"og:site_name\" content=\"vcycletech\" \/>\n<meta property=\"article:modified_time\" content=\"2023-03-18T01:45:19+00:00\" \/>\n<meta property=\"og:image\" content=\"https:\/\/vcycletech.com\/wp-content\/uploads\/2023\/03\/9.png\" \/>\n\t<meta property=\"og:image:width\" content=\"600\" \/>\n\t<meta property=\"og:image:height\" content=\"600\" \/>\n\t<meta property=\"og:image:type\" content=\"image\/png\" \/>\n<meta name=\"twitter:card\" content=\"summary_large_image\" \/>\n<meta name=\"twitter:label1\" content=\"Tiempo de lectura\" \/>\n\t<meta name=\"twitter:data1\" content=\"2 minutos\" \/>\n<script type=\"application\/ld+json\" class=\"yoast-schema-graph\">{\"@context\":\"https:\\\/\\\/schema.org\",\"@graph\":[{\"@type\":\"WebPage\",\"@id\":\"https:\\\/\\\/vcycletech.com\\\/product\\\/hedpna4tetra-sodium-salt-of-1-hydroxy-ethylidene-11-diphosphonic-acid\\\/\",\"url\":\"https:\\\/\\\/vcycletech.com\\\/product\\\/hedpna4tetra-sodium-salt-of-1-hydroxy-ethylidene-11-diphosphonic-acid\\\/\",\"name\":\"HEDP\u2022Na4(Tetra Sodium Salt of 1-Hydroxy Ethylidene-1,1-Diphosphonic Acid) - vcycletech\",\"isPartOf\":{\"@id\":\"https:\\\/\\\/vcycletech.com\\\/#website\"},\"primaryImageOfPage\":{\"@id\":\"https:\\\/\\\/vcycletech.com\\\/product\\\/hedpna4tetra-sodium-salt-of-1-hydroxy-ethylidene-11-diphosphonic-acid\\\/#primaryimage\"},\"image\":{\"@id\":\"https:\\\/\\\/vcycletech.com\\\/product\\\/hedpna4tetra-sodium-salt-of-1-hydroxy-ethylidene-11-diphosphonic-acid\\\/#primaryimage\"},\"thumbnailUrl\":\"https:\\\/\\\/vcycletech.com\\\/wp-content\\\/uploads\\\/2023\\\/03\\\/9.png\",\"datePublished\":\"2023-03-17T07:04:23+00:00\",\"dateModified\":\"2023-03-18T01:45:19+00:00\",\"description\":\"HEDP\u2022Na4(Tetra Sodium Salt of 1-Hydroxy Ethylidene-1,1-Diphosphonic Acid) is a colorless to light yellow liquid with a characteristic odor. It is soluble in water and insoluble in most organic solvents.\",\"breadcrumb\":{\"@id\":\"https:\\\/\\\/vcycletech.com\\\/product\\\/hedpna4tetra-sodium-salt-of-1-hydroxy-ethylidene-11-diphosphonic-acid\\\/#breadcrumb\"},\"inLanguage\":\"es\",\"potentialAction\":[{\"@type\":\"ReadAction\",\"target\":[\"https:\\\/\\\/vcycletech.com\\\/product\\\/hedpna4tetra-sodium-salt-of-1-hydroxy-ethylidene-11-diphosphonic-acid\\\/\"]}]},{\"@type\":\"ImageObject\",\"inLanguage\":\"es\",\"@id\":\"https:\\\/\\\/vcycletech.com\\\/product\\\/hedpna4tetra-sodium-salt-of-1-hydroxy-ethylidene-11-diphosphonic-acid\\\/#primaryimage\",\"url\":\"https:\\\/\\\/vcycletech.com\\\/wp-content\\\/uploads\\\/2023\\\/03\\\/9.png\",\"contentUrl\":\"https:\\\/\\\/vcycletech.com\\\/wp-content\\\/uploads\\\/2023\\\/03\\\/9.png\",\"width\":600,\"height\":600,\"caption\":\"HEDP\u2022Na4(Tetra Sodium Salt of 1-Hydroxy Ethylidene-1,1-Diphosphonic Acid)\"},{\"@type\":\"BreadcrumbList\",\"@id\":\"https:\\\/\\\/vcycletech.com\\\/product\\\/hedpna4tetra-sodium-salt-of-1-hydroxy-ethylidene-11-diphosphonic-acid\\\/#breadcrumb\",\"itemListElement\":[{\"@type\":\"ListItem\",\"position\":1,\"name\":\"Home\",\"item\":\"https:\\\/\\\/vcycletech.com\\\/\"},{\"@type\":\"ListItem\",\"position\":2,\"name\":\"Water Treatment Chemicals Manufacturer\",\"item\":\"https:\\\/\\\/vcycletech.com\\\/water-treatment-chemicals-manufacturer\\\/\"},{\"@type\":\"ListItem\",\"position\":3,\"name\":\"HEDP\u2022Na4(Tetra Sodium Salt of 1-Hydroxy Ethylidene-1,1-Diphosphonic Acid)\"}]},{\"@type\":\"WebSite\",\"@id\":\"https:\\\/\\\/vcycletech.com\\\/#website\",\"url\":\"https:\\\/\\\/vcycletech.com\\\/\",\"name\":\"vcycletech\",\"description\":\"China&#039;s top water treatment chemicals supplier\",\"publisher\":{\"@id\":\"https:\\\/\\\/vcycletech.com\\\/#organization\"},\"potentialAction\":[{\"@type\":\"SearchAction\",\"target\":{\"@type\":\"EntryPoint\",\"urlTemplate\":\"https:\\\/\\\/vcycletech.com\\\/?s={search_term_string}\"},\"query-input\":{\"@type\":\"PropertyValueSpecification\",\"valueRequired\":true,\"valueName\":\"search_term_string\"}}],\"inLanguage\":\"es\"},{\"@type\":\"Organization\",\"@id\":\"https:\\\/\\\/vcycletech.com\\\/#organization\",\"name\":\"vcycletech\",\"url\":\"https:\\\/\\\/vcycletech.com\\\/\",\"logo\":{\"@type\":\"ImageObject\",\"inLanguage\":\"es\",\"@id\":\"https:\\\/\\\/vcycletech.com\\\/#\\\/schema\\\/logo\\\/image\\\/\",\"url\":\"https:\\\/\\\/vcycletech.com\\\/wp-content\\\/uploads\\\/2023\\\/03\\\/logo-vcycletech-1.png\",\"contentUrl\":\"https:\\\/\\\/vcycletech.com\\\/wp-content\\\/uploads\\\/2023\\\/03\\\/logo-vcycletech-1.png\",\"width\":600,\"height\":400,\"caption\":\"vcycletech\"},\"image\":{\"@id\":\"https:\\\/\\\/vcycletech.com\\\/#\\\/schema\\\/logo\\\/image\\\/\"}}]}<\/script>\n<!-- \/ Yoast SEO Premium plugin. -->","yoast_head_json":{"title":"HEDP\u2022Na4 (sal tetras\u00f3dica del \u00e1cido 1-hidroxietilideno-1,1-difosf\u00f3nico) - vcycletech","description":"HEDP\u2022Na4 (sal tetras\u00f3dica de \u00e1cido 1-hidroxietilideno-1,1-difosf\u00f3nico) es un l\u00edquido incoloro a amarillo claro con un olor caracter\u00edstico. Es soluble en agua e insoluble en la mayor\u00eda de los disolventes org\u00e1nicos.","robots":{"index":"index","follow":"follow","max-snippet":"max-snippet:-1","max-image-preview":"max-image-preview:large","max-video-preview":"max-video-preview:-1"},"canonical":"https:\/\/vcycletech.com\/es\/producto\/hedpna4tetra-sodio-sal-de-1-hidroxi-etilideno-11-difosfonico-acido\/","og_locale":"es_MX","og_type":"article","og_title":"HEDP\u2022Na4(Tetra Sodium Salt of 1-Hydroxy Ethylidene-1,1-Diphosphonic Acid)","og_description":"HEDP\u2022Na4(Tetra Sodium Salt of 1-Hydroxy Ethylidene-1,1-Diphosphonic Acid) is a colorless to light yellow liquid with a characteristic odor. It is soluble in water and insoluble in most organic solvents.","og_url":"https:\/\/vcycletech.com\/es\/producto\/hedpna4tetra-sodio-sal-de-1-hidroxi-etilideno-11-difosfonico-acido\/","og_site_name":"vcycletech","article_modified_time":"2023-03-18T01:45:19+00:00","og_image":[{"width":600,"height":600,"url":"https:\/\/vcycletech.com\/wp-content\/uploads\/2023\/03\/9.png","type":"image\/png"}],"twitter_card":"summary_large_image","twitter_misc":{"Tiempo de lectura":"2 minutos"},"schema":{"@context":"https:\/\/schema.org","@graph":[{"@type":"WebPage","@id":"https:\/\/vcycletech.com\/product\/hedpna4tetra-sodium-salt-of-1-hydroxy-ethylidene-11-diphosphonic-acid\/","url":"https:\/\/vcycletech.com\/product\/hedpna4tetra-sodium-salt-of-1-hydroxy-ethylidene-11-diphosphonic-acid\/","name":"HEDP\u2022Na4 (sal tetras\u00f3dica del \u00e1cido 1-hidroxietilideno-1,1-difosf\u00f3nico) - vcycletech","isPartOf":{"@id":"https:\/\/vcycletech.com\/#website"},"primaryImageOfPage":{"@id":"https:\/\/vcycletech.com\/product\/hedpna4tetra-sodium-salt-of-1-hydroxy-ethylidene-11-diphosphonic-acid\/#primaryimage"},"image":{"@id":"https:\/\/vcycletech.com\/product\/hedpna4tetra-sodium-salt-of-1-hydroxy-ethylidene-11-diphosphonic-acid\/#primaryimage"},"thumbnailUrl":"https:\/\/vcycletech.com\/wp-content\/uploads\/2023\/03\/9.png","datePublished":"2023-03-17T07:04:23+00:00","dateModified":"2023-03-18T01:45:19+00:00","description":"HEDP\u2022Na4 (sal tetras\u00f3dica de \u00e1cido 1-hidroxietilideno-1,1-difosf\u00f3nico) es un l\u00edquido incoloro a amarillo claro con un olor caracter\u00edstico. Es soluble en agua e insoluble en la mayor\u00eda de los disolventes org\u00e1nicos.","breadcrumb":{"@id":"https:\/\/vcycletech.com\/product\/hedpna4tetra-sodium-salt-of-1-hydroxy-ethylidene-11-diphosphonic-acid\/#breadcrumb"},"inLanguage":"es","potentialAction":[{"@type":"ReadAction","target":["https:\/\/vcycletech.com\/product\/hedpna4tetra-sodium-salt-of-1-hydroxy-ethylidene-11-diphosphonic-acid\/"]}]},{"@type":"ImageObject","inLanguage":"es","@id":"https:\/\/vcycletech.com\/product\/hedpna4tetra-sodium-salt-of-1-hydroxy-ethylidene-11-diphosphonic-acid\/#primaryimage","url":"https:\/\/vcycletech.com\/wp-content\/uploads\/2023\/03\/9.png","contentUrl":"https:\/\/vcycletech.com\/wp-content\/uploads\/2023\/03\/9.png","width":600,"height":600,"caption":"HEDP\u2022Na4(Tetra Sodium Salt of 1-Hydroxy Ethylidene-1,1-Diphosphonic Acid)"},{"@type":"BreadcrumbList","@id":"https:\/\/vcycletech.com\/product\/hedpna4tetra-sodium-salt-of-1-hydroxy-ethylidene-11-diphosphonic-acid\/#breadcrumb","itemListElement":[{"@type":"ListItem","position":1,"name":"Home","item":"https:\/\/vcycletech.com\/"},{"@type":"ListItem","position":2,"name":"Water Treatment Chemicals Manufacturer","item":"https:\/\/vcycletech.com\/water-treatment-chemicals-manufacturer\/"},{"@type":"ListItem","position":3,"name":"HEDP\u2022Na4(Tetra Sodium Salt of 1-Hydroxy Ethylidene-1,1-Diphosphonic Acid)"}]},{"@type":"WebSite","@id":"https:\/\/vcycletech.com\/#website","url":"https:\/\/vcycletech.com\/","name":"vcycletech","description":"El principal proveedor de productos qu\u00edmicos para el tratamiento del agua de China y #039;","publisher":{"@id":"https:\/\/vcycletech.com\/#organization"},"potentialAction":[{"@type":"SearchAction","target":{"@type":"EntryPoint","urlTemplate":"https:\/\/vcycletech.com\/?s={search_term_string}"},"query-input":{"@type":"PropertyValueSpecification","valueRequired":true,"valueName":"search_term_string"}}],"inLanguage":"es"},{"@type":"Organization","@id":"https:\/\/vcycletech.com\/#organization","name":"vcycletech","url":"https:\/\/vcycletech.com\/","logo":{"@type":"ImageObject","inLanguage":"es","@id":"https:\/\/vcycletech.com\/#\/schema\/logo\/image\/","url":"https:\/\/vcycletech.com\/wp-content\/uploads\/2023\/03\/logo-vcycletech-1.png","contentUrl":"https:\/\/vcycletech.com\/wp-content\/uploads\/2023\/03\/logo-vcycletech-1.png","width":600,"height":400,"caption":"vcycletech"},"image":{"@id":"https:\/\/vcycletech.com\/#\/schema\/logo\/image\/"}}]}},"_links":{"self":[{"href":"https:\/\/vcycletech.com\/es\/wp-json\/wp\/v2\/product\/848","targetHints":{"allow":["GET"]}}],"collection":[{"href":"https:\/\/vcycletech.com\/es\/wp-json\/wp\/v2\/product"}],"about":[{"href":"https:\/\/vcycletech.com\/es\/wp-json\/wp\/v2\/types\/product"}],"wp:featuredmedia":[{"embeddable":true,"href":"https:\/\/vcycletech.com\/es\/wp-json\/wp\/v2\/media\/855"}],"wp:attachment":[{"href":"https:\/\/vcycletech.com\/es\/wp-json\/wp\/v2\/media?parent=848"}],"wp:term":[{"taxonomy":"product_brand","embeddable":true,"href":"https:\/\/vcycletech.com\/es\/wp-json\/wp\/v2\/product_brand?post=848"},{"taxonomy":"product_cat","embeddable":true,"href":"https:\/\/vcycletech.com\/es\/wp-json\/wp\/v2\/product_cat?post=848"},{"taxonomy":"product_tag","embeddable":true,"href":"https:\/\/vcycletech.com\/es\/wp-json\/wp\/v2\/product_tag?post=848"}],"curies":[{"name":"wp","href":"https:\/\/api.w.org\/{rel}","templated":true}]}}