{"id":834,"date":"2023-03-17T03:16:06","date_gmt":"2023-03-17T03:16:06","guid":{"rendered":"https:\/\/vcycletech.com\/?post_type=product&#038;p=834"},"modified":"2023-03-18T01:44:30","modified_gmt":"2023-03-18T01:44:30","slug":"hedpna2disodio-sal-de-1-hidroxi-etilideno-11-difosfonico-acido","status":"publish","type":"product","link":"https:\/\/vcycletech.com\/es\/producto\/hedpna2disodio-sal-de-1-hidroxi-etilideno-11-difosfonico-acido\/","title":{"rendered":"HEDP\u2022Na2(Sal dis\u00f3dica del \u00e1cido 1-hidroxietilideno-1,1-difosf\u00f3nico)"},"content":{"rendered":"<h3>NO CAS. 7414-83-7<\/h3>\n<h3>Dequest 2016BD<\/h3>\n<h3>F\u00f3rmula molecular: C2H6O7P2Na2<\/h3>\n<h3>F\u00f3rmula estructural:<\/h3>\n<p><img fetchpriority=\"high\" decoding=\"async\" class=\"size-full wp-image-845\" src=\"https:\/\/vcycletech.com\/wp-content\/uploads\/2023\/03\/8.png\" alt=\"HEDP\u2022Na2\" width=\"600\" height=\"600\" srcset=\"https:\/\/vcycletech.com\/wp-content\/uploads\/2023\/03\/8.png 600w, https:\/\/vcycletech.com\/wp-content\/uploads\/2023\/03\/8-100x100.png 100w, https:\/\/vcycletech.com\/wp-content\/uploads\/2023\/03\/8-300x300.png 300w, https:\/\/vcycletech.com\/wp-content\/uploads\/2023\/03\/8-150x150.png 150w\" sizes=\"(max-width: 600px) 100vw, 600px\" \/><\/p>\n<h3>Propiedades:<\/h3>\n<p><strong>HEDP\u2022Na2<\/strong> es un inhibidor de la corrosi\u00f3n de \u00e1cido organofosforado que puede formar quelatos con iones de Fe, Cu y Zn, proporcionando excelentes efectos de inhibici\u00f3n de incrustaciones y corrosi\u00f3n incluso a temperaturas de 250 \u2103. Demuestra una excelente estabilidad incluso bajo niveles elevados de pH y tiene buena tolerancia a soluciones \u00e1cidas\/alcalinas y oxidaci\u00f3n con cloro. No se hidroliza ni se descompone f\u00e1cilmente en condiciones normales de luz y calor. Adem\u00e1s, forma compuestos quelantes de seis anillos con iones met\u00e1licos en el sistema de agua, particularmente Ca2+, y tiene buenos efectos de inhibici\u00f3n de incrustaciones, as\u00ed como efectos de umbral de disoluci\u00f3n. Adem\u00e1s, cuando se combina con otros productos qu\u00edmicos para el tratamiento del agua, los resultados sin\u00e9rgicos mejoran a\u00fan m\u00e1s.<\/p>\n<h3>Especificaci\u00f3n:<\/h3>\n<div id=\"footable_parent_846\"\n         class=\"footable_parent ninja_table_wrapper loading_ninja_table wp_table_data_press_parent semantic_ui\">\n                <table data-ninja_table_instance=\"ninja_table_instance_0\" data-footable_id=\"846\" data-filter-delay=\"1000\" aria-label=\"HEDP\u2022Na2.csv\"            id=\"footable_846\"\n           data-unique_identifier=\"ninja_table_unique_id_959196708_846\"\n           class=\"foo-table ninja_footable foo_table_846 ninja_table_unique_id_959196708_846 ui table  nt_type_legacy_table selectable striped vertical_centered  footable-paging-right ninja_table_pro\">\n                <colgroup>\n                            <col class=\"ninja_column_0\">\n                            <col class=\"ninja_column_1\">\n                            <col class=\"ninja_column_2\">\n                    <\/colgroup>\n        <thead>\n<tr class=\"footable-header\">\n                                                        <th scope=\"col\"  class=\"ninja_column_0 ninja_clmn_nm_items\">elementos<\/th><th scope=\"col\"  class=\"ninja_column_1 ninja_clmn_nm_index\">\u00edndice<\/th><th scope=\"col\"  class=\"ninja_column_2 ninja_clmn_nm_ninja_column_3\"><\/th><\/tr>\n<\/thead>\n<tbody>\n\n        <tr data-row_id=\"51\" class=\"ninja_table_row_0 nt_row_id_51\">\n            <td>Apariencia<\/td><td>L\u00edquido transparente incoloro a amarillento<\/td><td>polvo blanco<\/td>        <\/tr>\n            <tr data-row_id=\"52\" class=\"ninja_table_row_1 nt_row_id_52\">\n            <td>Contenido activo (HEDP) % \u2265<\/td><td>16.5<\/td><td>74.0-79.0<\/td>        <\/tr>\n            <tr data-row_id=\"53\" class=\"ninja_table_row_2 nt_row_id_53\">\n            <td>Contenido activo (HEDP\u2022Na2)% \u2265<\/td><td>20<\/td><td>89.8<\/td>        <\/tr>\n            <tr data-row_id=\"54\" class=\"ninja_table_row_3 nt_row_id_54\">\n            <td>densidad (20\u2103)g\/cm3<\/td><td> 1.12-1.22<\/td><td>--<\/td>        <\/tr>\n            <tr data-row_id=\"55\" class=\"ninja_table_row_4 nt_row_id_55\">\n            <td>Fe3+ mg\/g \u2264<\/td><td>--<\/td><td>35<\/td>        <\/tr>\n            <tr data-row_id=\"56\" class=\"ninja_table_row_5 nt_row_id_56\">\n            <td>\u00c1cido fosforoso (asPO33-)% \u2264         <\/td><td>--<\/td><td>2<\/td>        <\/tr>\n            <tr data-row_id=\"57\" class=\"ninja_table_row_6 nt_row_id_57\">\n            <td>Humedad\uff0c%                    <\/td><td>--<\/td><td>3-6<\/td>        <\/tr>\n            <tr data-row_id=\"58\" class=\"ninja_table_row_7 nt_row_id_58\">\n            <td>PH (soluci\u00f3n de agua 1%)        <\/td><td>4.0-6.0<\/td><td>4.0-6.0<\/td>        <\/tr>\n    <\/tbody><!--ninja_tobody_rendering_done-->\n    <\/table>\n    \n    \n    \n<\/div>\n\n<h3>Uso de HEDP\u2022Na2:<\/h3>\n<p><strong>HEDP\u2022Na2<\/strong> es ampliamente utilizado en diferentes campos para la inhibici\u00f3n de incrustaciones y corrosi\u00f3n, como la energ\u00eda el\u00e9ctrica, la industria qu\u00edmica, la metalurgia, los fertilizantes, los excelentes sistemas de circulaci\u00f3n de agua, las calderas de media a baja presi\u00f3n y las tuber\u00edas de campos petroleros. Adem\u00e1s, se puede utilizar como detergente para metales y no metales en la industria de tejidos ligeros y como agente de fijaci\u00f3n de tintes en la industria del te\u00f1ido. En los procesos de galvanoplastia sin cianuro, este \u00e1cido organofosforado act\u00faa como un agente quelante eficaz.<\/p>\n<h3>Paquete y almacenamiento:<\/h3>\n<p><strong>HEDP\u2022Na2<\/strong> bid\u00f3n de pl\u00e1stico, 30 kg o 250 kg, o confirmado por los clientes. Almacenamiento durante diez meses en un lugar sombreado y seco.<\/p>\n<h3>Medida de seguridad:<\/h3>\n<p><strong>HEDP\u2022Na2<\/strong> Acidez d\u00e9bil, Ev\u00edtese el contacto con los ojos y la piel. Una vez en contacto, enjuague con agua.<\/p>\n<div data-zone-id=\"0\" data-line-index=\"0\" data-line=\"true\"><a href=\"https:\/\/vcycletech.com\/es\/fosfonatos\/\"><strong>Obtenga la soluci\u00f3n completa de fosfonatos<\/strong><\/a>.<\/div>","protected":false},"excerpt":{"rendered":"<p><strong>HEDP\u2022Na2(Sal dis\u00f3dica del \u00e1cido 1-hidroxietilideno-1,1-difosf\u00f3nico)<\/strong> es un polvo blanco utilizado como agente de tratamiento de agua. Ayuda a prevenir la formaci\u00f3n de incrustaciones y la corrosi\u00f3n en los sistemas de agua. <strong>HEDP\u2022Na2<\/strong> se puede usar en varias aplicaciones, incluidas torres de enfriamiento, calderas, sistemas de agua de proceso y m\u00e1s. Si est\u00e1 buscando un agente de tratamiento de agua confiable y efectivo, <strong>HEDP\u2022Na2<\/strong> es una elecci\u00f3n perfecta. China Best Chemical ofrece alta calidad <strong>HEDP\u2022Na2<\/strong> a un precio asequible. Cont\u00e1ctenos hoy para obtener m\u00e1s informaci\u00f3n sobre nuestros productos y servicios.<\/p>","protected":false},"featured_media":842,"template":"","meta":{"site-sidebar-layout":"default","site-content-layout":"default","ast-site-content-layout":"default","site-content-style":"default","site-sidebar-style":"default","ast-global-header-display":"","ast-banner-title-visibility":"","ast-main-header-display":"","ast-hfb-above-header-display":"","ast-hfb-below-header-display":"","ast-hfb-mobile-header-display":"","site-post-title":"","ast-breadcrumbs-content":"","ast-featured-img":"","footer-sml-layout":"","ast-disable-related-posts":"","theme-transparent-header-meta":"default","adv-header-id-meta":"","stick-header-meta":"default","header-above-stick-meta":"","header-main-stick-meta":"","header-below-stick-meta":"","astra-migrate-meta-layouts":"default","ast-page-background-enabled":"default","ast-page-background-meta":{"desktop":{"background-color":"","background-image":"","background-repeat":"repeat","background-position":"center center","background-size":"auto","background-attachment":"scroll","background-type":"","background-media":"","overlay-type":"","overlay-color":"","overlay-opacity":"","overlay-gradient":""},"tablet":{"background-color":"","background-image":"","background-repeat":"repeat","background-position":"center center","background-size":"auto","background-attachment":"scroll","background-type":"","background-media":"","overlay-type":"","overlay-color":"","overlay-opacity":"","overlay-gradient":""},"mobile":{"background-color":"","background-image":"","background-repeat":"repeat","background-position":"center center","background-size":"auto","background-attachment":"scroll","background-type":"","background-media":"","overlay-type":"","overlay-color":"","overlay-opacity":"","overlay-gradient":""}},"ast-content-background-meta":{"desktop":{"background-color":"var(--ast-global-color-5)","background-image":"","background-repeat":"repeat","background-position":"center center","background-size":"auto","background-attachment":"scroll","background-type":"","background-media":"","overlay-type":"","overlay-color":"","overlay-opacity":"","overlay-gradient":""},"tablet":{"background-color":"var(--ast-global-color-5)","background-image":"","background-repeat":"repeat","background-position":"center center","background-size":"auto","background-attachment":"scroll","background-type":"","background-media":"","overlay-type":"","overlay-color":"","overlay-opacity":"","overlay-gradient":""},"mobile":{"background-color":"var(--ast-global-color-5)","background-image":"","background-repeat":"repeat","background-position":"center center","background-size":"auto","background-attachment":"scroll","background-type":"","background-media":"","overlay-type":"","overlay-color":"","overlay-opacity":"","overlay-gradient":""}}},"product_brand":[],"product_cat":[27],"product_tag":[],"class_list":{"0":"post-834","1":"product","2":"type-product","3":"status-publish","4":"has-post-thumbnail","6":"product_cat-salts-of-phosphonates","7":"desktop-align-left","8":"tablet-align-left","9":"mobile-align-left","10":"ast-product-gallery-layout-horizontal-slider","11":"ast-product-tabs-layout-horizontal","13":"first","14":"instock","15":"shipping-taxable","16":"product-type-simple"},"yoast_head":"<!-- This site is optimized with the Yoast SEO Premium plugin v26.3 (Yoast SEO v27.5) - https:\/\/yoast.com\/product\/yoast-seo-premium-wordpress\/ -->\n<title>HEDP\u2022Na2(Disodium Salt of 1-Hydroxy Ethylidene-1,1-Diphosphonic Acid) - vcycletech<\/title>\n<meta name=\"description\" content=\"HEDP\u2022Na2 is an excellent water treatment agent that can chelate calcium and magnesium ions and has good scale inhibition and corrosion inhibition effects. It can be used in all kinds of drinks (including beer), dairy products, meat products, canned food, and other industries.\" \/>\n<meta name=\"robots\" content=\"index, follow, max-snippet:-1, max-image-preview:large, max-video-preview:-1\" \/>\n<link rel=\"canonical\" href=\"https:\/\/vcycletech.com\/es\/producto\/hedpna2disodio-sal-de-1-hidroxi-etilideno-11-difosfonico-acido\/\" \/>\n<meta property=\"og:locale\" content=\"es_MX\" \/>\n<meta property=\"og:type\" content=\"article\" \/>\n<meta property=\"og:title\" content=\"HEDP\u2022Na2(Disodium Salt of 1-Hydroxy Ethylidene-1,1-Diphosphonic Acid)\" \/>\n<meta property=\"og:description\" content=\"HEDP\u2022Na2 is an excellent water treatment agent that can chelate calcium and magnesium ions and has good scale inhibition and corrosion inhibition effects. It can be used in all kinds of drinks (including beer), dairy products, meat products, canned food, and other industries.\" \/>\n<meta property=\"og:url\" content=\"https:\/\/vcycletech.com\/es\/producto\/hedpna2disodio-sal-de-1-hidroxi-etilideno-11-difosfonico-acido\/\" \/>\n<meta property=\"og:site_name\" content=\"vcycletech\" \/>\n<meta property=\"article:modified_time\" content=\"2023-03-18T01:44:30+00:00\" \/>\n<meta property=\"og:image\" content=\"https:\/\/vcycletech.com\/wp-content\/uploads\/2023\/03\/007-1.png\" \/>\n\t<meta property=\"og:image:width\" content=\"600\" \/>\n\t<meta property=\"og:image:height\" content=\"600\" \/>\n\t<meta property=\"og:image:type\" content=\"image\/png\" \/>\n<meta name=\"twitter:card\" content=\"summary_large_image\" \/>\n<meta name=\"twitter:label1\" content=\"Tiempo de lectura\" \/>\n\t<meta name=\"twitter:data1\" content=\"2 minutos\" \/>\n<script type=\"application\/ld+json\" class=\"yoast-schema-graph\">{\"@context\":\"https:\\\/\\\/schema.org\",\"@graph\":[{\"@type\":\"WebPage\",\"@id\":\"https:\\\/\\\/vcycletech.com\\\/product\\\/hedpna2disodium-salt-of-1-hydroxy-ethylidene-11-diphosphonic-acid\\\/\",\"url\":\"https:\\\/\\\/vcycletech.com\\\/product\\\/hedpna2disodium-salt-of-1-hydroxy-ethylidene-11-diphosphonic-acid\\\/\",\"name\":\"HEDP\u2022Na2(Disodium Salt of 1-Hydroxy Ethylidene-1,1-Diphosphonic Acid) - vcycletech\",\"isPartOf\":{\"@id\":\"https:\\\/\\\/vcycletech.com\\\/#website\"},\"primaryImageOfPage\":{\"@id\":\"https:\\\/\\\/vcycletech.com\\\/product\\\/hedpna2disodium-salt-of-1-hydroxy-ethylidene-11-diphosphonic-acid\\\/#primaryimage\"},\"image\":{\"@id\":\"https:\\\/\\\/vcycletech.com\\\/product\\\/hedpna2disodium-salt-of-1-hydroxy-ethylidene-11-diphosphonic-acid\\\/#primaryimage\"},\"thumbnailUrl\":\"https:\\\/\\\/vcycletech.com\\\/wp-content\\\/uploads\\\/2023\\\/03\\\/007-1.png\",\"datePublished\":\"2023-03-17T03:16:06+00:00\",\"dateModified\":\"2023-03-18T01:44:30+00:00\",\"description\":\"HEDP\u2022Na2 is an excellent water treatment agent that can chelate calcium and magnesium ions and has good scale inhibition and corrosion inhibition effects. It can be used in all kinds of drinks (including beer), dairy products, meat products, canned food, and other industries.\",\"breadcrumb\":{\"@id\":\"https:\\\/\\\/vcycletech.com\\\/product\\\/hedpna2disodium-salt-of-1-hydroxy-ethylidene-11-diphosphonic-acid\\\/#breadcrumb\"},\"inLanguage\":\"es\",\"potentialAction\":[{\"@type\":\"ReadAction\",\"target\":[\"https:\\\/\\\/vcycletech.com\\\/product\\\/hedpna2disodium-salt-of-1-hydroxy-ethylidene-11-diphosphonic-acid\\\/\"]}]},{\"@type\":\"ImageObject\",\"inLanguage\":\"es\",\"@id\":\"https:\\\/\\\/vcycletech.com\\\/product\\\/hedpna2disodium-salt-of-1-hydroxy-ethylidene-11-diphosphonic-acid\\\/#primaryimage\",\"url\":\"https:\\\/\\\/vcycletech.com\\\/wp-content\\\/uploads\\\/2023\\\/03\\\/007-1.png\",\"contentUrl\":\"https:\\\/\\\/vcycletech.com\\\/wp-content\\\/uploads\\\/2023\\\/03\\\/007-1.png\",\"width\":600,\"height\":600,\"caption\":\"HEDP\u2022Na2(Disodium Salt of 1-Hydroxy Ethylidene-1,1-Diphosphonic Acid)\"},{\"@type\":\"BreadcrumbList\",\"@id\":\"https:\\\/\\\/vcycletech.com\\\/product\\\/hedpna2disodium-salt-of-1-hydroxy-ethylidene-11-diphosphonic-acid\\\/#breadcrumb\",\"itemListElement\":[{\"@type\":\"ListItem\",\"position\":1,\"name\":\"Home\",\"item\":\"https:\\\/\\\/vcycletech.com\\\/\"},{\"@type\":\"ListItem\",\"position\":2,\"name\":\"Water Treatment Chemicals Manufacturer\",\"item\":\"https:\\\/\\\/vcycletech.com\\\/water-treatment-chemicals-manufacturer\\\/\"},{\"@type\":\"ListItem\",\"position\":3,\"name\":\"HEDP\u2022Na2(Disodium Salt of 1-Hydroxy Ethylidene-1,1-Diphosphonic Acid)\"}]},{\"@type\":\"WebSite\",\"@id\":\"https:\\\/\\\/vcycletech.com\\\/#website\",\"url\":\"https:\\\/\\\/vcycletech.com\\\/\",\"name\":\"vcycletech\",\"description\":\"China&#039;s top water treatment chemicals supplier\",\"publisher\":{\"@id\":\"https:\\\/\\\/vcycletech.com\\\/#organization\"},\"potentialAction\":[{\"@type\":\"SearchAction\",\"target\":{\"@type\":\"EntryPoint\",\"urlTemplate\":\"https:\\\/\\\/vcycletech.com\\\/?s={search_term_string}\"},\"query-input\":{\"@type\":\"PropertyValueSpecification\",\"valueRequired\":true,\"valueName\":\"search_term_string\"}}],\"inLanguage\":\"es\"},{\"@type\":\"Organization\",\"@id\":\"https:\\\/\\\/vcycletech.com\\\/#organization\",\"name\":\"vcycletech\",\"url\":\"https:\\\/\\\/vcycletech.com\\\/\",\"logo\":{\"@type\":\"ImageObject\",\"inLanguage\":\"es\",\"@id\":\"https:\\\/\\\/vcycletech.com\\\/#\\\/schema\\\/logo\\\/image\\\/\",\"url\":\"https:\\\/\\\/vcycletech.com\\\/wp-content\\\/uploads\\\/2023\\\/03\\\/logo-vcycletech-1.png\",\"contentUrl\":\"https:\\\/\\\/vcycletech.com\\\/wp-content\\\/uploads\\\/2023\\\/03\\\/logo-vcycletech-1.png\",\"width\":600,\"height\":400,\"caption\":\"vcycletech\"},\"image\":{\"@id\":\"https:\\\/\\\/vcycletech.com\\\/#\\\/schema\\\/logo\\\/image\\\/\"}}]}<\/script>\n<!-- \/ Yoast SEO Premium plugin. -->","yoast_head_json":{"title":"HEDP\u2022Na2 (sal dis\u00f3dica del \u00e1cido 1-hidroxietilideno-1,1-difosf\u00f3nico) - vcycletech","description":"HEDP\u2022Na2 es un excelente agente de tratamiento de agua que puede quelar los iones de calcio y magnesio y tiene buenos efectos de inhibici\u00f3n de incrustaciones e inhibici\u00f3n de la corrosi\u00f3n. Se puede utilizar en todo tipo de bebidas (incluida la cerveza), productos l\u00e1cteos, productos c\u00e1rnicos, alimentos enlatados y otras industrias.","robots":{"index":"index","follow":"follow","max-snippet":"max-snippet:-1","max-image-preview":"max-image-preview:large","max-video-preview":"max-video-preview:-1"},"canonical":"https:\/\/vcycletech.com\/es\/producto\/hedpna2disodio-sal-de-1-hidroxi-etilideno-11-difosfonico-acido\/","og_locale":"es_MX","og_type":"article","og_title":"HEDP\u2022Na2(Disodium Salt of 1-Hydroxy Ethylidene-1,1-Diphosphonic Acid)","og_description":"HEDP\u2022Na2 is an excellent water treatment agent that can chelate calcium and magnesium ions and has good scale inhibition and corrosion inhibition effects. It can be used in all kinds of drinks (including beer), dairy products, meat products, canned food, and other industries.","og_url":"https:\/\/vcycletech.com\/es\/producto\/hedpna2disodio-sal-de-1-hidroxi-etilideno-11-difosfonico-acido\/","og_site_name":"vcycletech","article_modified_time":"2023-03-18T01:44:30+00:00","og_image":[{"width":600,"height":600,"url":"https:\/\/vcycletech.com\/wp-content\/uploads\/2023\/03\/007-1.png","type":"image\/png"}],"twitter_card":"summary_large_image","twitter_misc":{"Tiempo de lectura":"2 minutos"},"schema":{"@context":"https:\/\/schema.org","@graph":[{"@type":"WebPage","@id":"https:\/\/vcycletech.com\/product\/hedpna2disodium-salt-of-1-hydroxy-ethylidene-11-diphosphonic-acid\/","url":"https:\/\/vcycletech.com\/product\/hedpna2disodium-salt-of-1-hydroxy-ethylidene-11-diphosphonic-acid\/","name":"HEDP\u2022Na2 (sal dis\u00f3dica del \u00e1cido 1-hidroxietilideno-1,1-difosf\u00f3nico) - vcycletech","isPartOf":{"@id":"https:\/\/vcycletech.com\/#website"},"primaryImageOfPage":{"@id":"https:\/\/vcycletech.com\/product\/hedpna2disodium-salt-of-1-hydroxy-ethylidene-11-diphosphonic-acid\/#primaryimage"},"image":{"@id":"https:\/\/vcycletech.com\/product\/hedpna2disodium-salt-of-1-hydroxy-ethylidene-11-diphosphonic-acid\/#primaryimage"},"thumbnailUrl":"https:\/\/vcycletech.com\/wp-content\/uploads\/2023\/03\/007-1.png","datePublished":"2023-03-17T03:16:06+00:00","dateModified":"2023-03-18T01:44:30+00:00","description":"HEDP\u2022Na2 es un excelente agente de tratamiento de agua que puede quelar los iones de calcio y magnesio y tiene buenos efectos de inhibici\u00f3n de incrustaciones e inhibici\u00f3n de la corrosi\u00f3n. Se puede utilizar en todo tipo de bebidas (incluida la cerveza), productos l\u00e1cteos, productos c\u00e1rnicos, alimentos enlatados y otras industrias.","breadcrumb":{"@id":"https:\/\/vcycletech.com\/product\/hedpna2disodium-salt-of-1-hydroxy-ethylidene-11-diphosphonic-acid\/#breadcrumb"},"inLanguage":"es","potentialAction":[{"@type":"ReadAction","target":["https:\/\/vcycletech.com\/product\/hedpna2disodium-salt-of-1-hydroxy-ethylidene-11-diphosphonic-acid\/"]}]},{"@type":"ImageObject","inLanguage":"es","@id":"https:\/\/vcycletech.com\/product\/hedpna2disodium-salt-of-1-hydroxy-ethylidene-11-diphosphonic-acid\/#primaryimage","url":"https:\/\/vcycletech.com\/wp-content\/uploads\/2023\/03\/007-1.png","contentUrl":"https:\/\/vcycletech.com\/wp-content\/uploads\/2023\/03\/007-1.png","width":600,"height":600,"caption":"HEDP\u2022Na2(Disodium Salt of 1-Hydroxy Ethylidene-1,1-Diphosphonic Acid)"},{"@type":"BreadcrumbList","@id":"https:\/\/vcycletech.com\/product\/hedpna2disodium-salt-of-1-hydroxy-ethylidene-11-diphosphonic-acid\/#breadcrumb","itemListElement":[{"@type":"ListItem","position":1,"name":"Home","item":"https:\/\/vcycletech.com\/"},{"@type":"ListItem","position":2,"name":"Water Treatment Chemicals Manufacturer","item":"https:\/\/vcycletech.com\/water-treatment-chemicals-manufacturer\/"},{"@type":"ListItem","position":3,"name":"HEDP\u2022Na2(Disodium Salt of 1-Hydroxy Ethylidene-1,1-Diphosphonic Acid)"}]},{"@type":"WebSite","@id":"https:\/\/vcycletech.com\/#website","url":"https:\/\/vcycletech.com\/","name":"vcycletech","description":"El principal proveedor de productos qu\u00edmicos para el tratamiento del agua de China y #039;","publisher":{"@id":"https:\/\/vcycletech.com\/#organization"},"potentialAction":[{"@type":"SearchAction","target":{"@type":"EntryPoint","urlTemplate":"https:\/\/vcycletech.com\/?s={search_term_string}"},"query-input":{"@type":"PropertyValueSpecification","valueRequired":true,"valueName":"search_term_string"}}],"inLanguage":"es"},{"@type":"Organization","@id":"https:\/\/vcycletech.com\/#organization","name":"vcycletech","url":"https:\/\/vcycletech.com\/","logo":{"@type":"ImageObject","inLanguage":"es","@id":"https:\/\/vcycletech.com\/#\/schema\/logo\/image\/","url":"https:\/\/vcycletech.com\/wp-content\/uploads\/2023\/03\/logo-vcycletech-1.png","contentUrl":"https:\/\/vcycletech.com\/wp-content\/uploads\/2023\/03\/logo-vcycletech-1.png","width":600,"height":400,"caption":"vcycletech"},"image":{"@id":"https:\/\/vcycletech.com\/#\/schema\/logo\/image\/"}}]}},"_links":{"self":[{"href":"https:\/\/vcycletech.com\/es\/wp-json\/wp\/v2\/product\/834","targetHints":{"allow":["GET"]}}],"collection":[{"href":"https:\/\/vcycletech.com\/es\/wp-json\/wp\/v2\/product"}],"about":[{"href":"https:\/\/vcycletech.com\/es\/wp-json\/wp\/v2\/types\/product"}],"wp:featuredmedia":[{"embeddable":true,"href":"https:\/\/vcycletech.com\/es\/wp-json\/wp\/v2\/media\/842"}],"wp:attachment":[{"href":"https:\/\/vcycletech.com\/es\/wp-json\/wp\/v2\/media?parent=834"}],"wp:term":[{"taxonomy":"product_brand","embeddable":true,"href":"https:\/\/vcycletech.com\/es\/wp-json\/wp\/v2\/product_brand?post=834"},{"taxonomy":"product_cat","embeddable":true,"href":"https:\/\/vcycletech.com\/es\/wp-json\/wp\/v2\/product_cat?post=834"},{"taxonomy":"product_tag","embeddable":true,"href":"https:\/\/vcycletech.com\/es\/wp-json\/wp\/v2\/product_tag?post=834"}],"curies":[{"name":"wp","href":"https:\/\/api.w.org\/{rel}","templated":true}]}}