{"id":811,"date":"2023-03-17T02:05:25","date_gmt":"2023-03-17T02:05:25","guid":{"rendered":"https:\/\/vcycletech.com\/?post_type=product&#038;p=811"},"modified":"2023-03-27T07:08:19","modified_gmt":"2023-03-27T07:08:19","slug":"pbtc-quimico2-fosfonobutano-124-acido-tricarboxilico","status":"publish","type":"product","link":"https:\/\/vcycletech.com\/es\/producto\/pbtc-quimico2-fosfonobutano-124-acido-tricarboxilico\/","title":{"rendered":"Sustancia qu\u00edmica PBTC (\u00e1cido 2-fosfonobutano -1,2,4-tricarbox\u00edlico)"},"content":{"rendered":"<h3>N\u00ba CAS 37971-36-1<\/h3>\n<h3>F\u00f3rmula molecular: C7H11O9P<\/h3>\n<h3>Peso molecular: 270,13<\/h3>\n<h3>F\u00f3rmula estructural:<\/h3>\n<p><img fetchpriority=\"high\" decoding=\"async\" class=\"size-medium wp-image-816 aligncenter\" src=\"https:\/\/vcycletech.com\/wp-content\/uploads\/2023\/03\/PBTC-Chemical2-Phosphonobutane-124-Tricarboxylic-Acid-Structural-Formula-300x200.png\" alt=\"PBTC Chemical (2-fosfonobutano -\u00e1cido 1,2,4-tricarbox\u00edlico) - F\u00f3rmula estructural\" width=\"300\" height=\"200\" srcset=\"https:\/\/vcycletech.com\/wp-content\/uploads\/2023\/03\/PBTC-Chemical2-Phosphonobutane-124-Tricarboxylic-Acid-Structural-Formula-300x200.png 300w, https:\/\/vcycletech.com\/wp-content\/uploads\/2023\/03\/PBTC-Chemical2-Phosphonobutane-124-Tricarboxylic-Acid-Structural-Formula.png 600w\" sizes=\"(max-width: 300px) 100vw, 300px\" \/><\/p>\n<h3><strong>Propiedades qu\u00edmicas de PBTC:<\/strong><\/h3>\n<p><strong>PBTC<\/strong> es un compuesto de bajo contenido en \u00e1cido fosf\u00f3rico con las caracter\u00edsticas estructurales de los \u00e1cidos fosf\u00f3rico y carbox\u00edlico. Sus propiedades antical a altas temperaturas son mucho mejores que las de las organofosfinas, lo que lo convierte en una opci\u00f3n ideal para el control de la corrosi\u00f3n y las incrustaciones. Adem\u00e1s, mejora la solubilidad de la sal de zinc y exhibe buena tolerancia a la oxidaci\u00f3n del cloro y sinergia compuesta.<\/p>\n<h3><strong>Especificaci\u00f3n qu\u00edmica de PBTC:<\/strong><\/h3>\n<div id=\"footable_parent_817\"\n         class=\"footable_parent ninja_table_wrapper loading_ninja_table wp_table_data_press_parent semantic_ui\">\n                <table data-ninja_table_instance=\"ninja_table_instance_0\" data-footable_id=\"817\" data-filter-delay=\"1000\" aria-label=\"PBTC Chemical (2-fosfonobutano-\u00e1cido 1,2,4-tricarbox\u00edlico).csv\"            id=\"footable_817\"\n           data-unique_identifier=\"ninja_table_unique_id_1065229540_817\"\n           class=\"foo-table ninja_footable foo_table_817 ninja_table_unique_id_1065229540_817 ui table  nt_type_legacy_table selectable striped vertical_centered  footable-paging-right ninja_table_pro\">\n                <colgroup>\n                            <col class=\"ninja_column_0\">\n                            <col class=\"ninja_column_1\">\n                    <\/colgroup>\n        <thead>\n<tr class=\"footable-header\">\n                                        <th scope=\"col\"  class=\"ninja_column_0 ninja_clmn_nm_items\">Art\u00edculos<\/th><th scope=\"col\"  class=\"ninja_column_1 ninja_clmn_nm_index\">\u00cdndice<\/th><\/tr>\n<\/thead>\n<tbody>\n\n        <tr data-row_id=\"37\" class=\"ninja_table_row_0 nt_row_id_37\">\n            <td>Apariencia<\/td><td>Soluci\u00f3n acuosa transparente, de incolora a amarillo p\u00e1lido<\/td>        <\/tr>\n            <tr data-row_id=\"38\" class=\"ninja_table_row_1 nt_row_id_38\">\n            <td>\u00c1cido activo %<\/td><td>50,0 minutos<\/td>        <\/tr>\n            <tr data-row_id=\"39\" class=\"ninja_table_row_2 nt_row_id_39\">\n            <td>\u00c1cido fosforoso (como PO33-) %<\/td><td>0,5 m\u00e1x.<\/td>        <\/tr>\n            <tr data-row_id=\"40\" class=\"ninja_table_row_3 nt_row_id_40\">\n            <td>\u00c1cido fosf\u00f3rico (como PO43-) %<\/td><td>0,2 m\u00e1x.<\/td>        <\/tr>\n            <tr data-row_id=\"41\" class=\"ninja_table_row_4 nt_row_id_41\">\n            <td>Densidad (20\u2103) g\/cm3<\/td><td>1,27 minutos<\/td>        <\/tr>\n            <tr data-row_id=\"42\" class=\"ninja_table_row_5 nt_row_id_42\">\n            <td>pH (soluci\u00f3n de agua 1%)<\/td><td>1.5~2.0<\/td>        <\/tr>\n            <tr data-row_id=\"43\" class=\"ninja_table_row_6 nt_row_id_43\">\n            <td>Fe, mg\/L<\/td><td>10,0 m\u00e1x.<\/td>        <\/tr>\n            <tr data-row_id=\"44\" class=\"ninja_table_row_7 nt_row_id_44\">\n            <td>Cloruro mg\/L<\/td><td>10,0 m\u00e1x.<\/td>        <\/tr>\n    <\/tbody><!--ninja_tobody_rendering_done-->\n    <\/table>\n    \n    \n    \n<\/div>\n\n<h3><strong>Uso:<\/strong><\/h3>\n<p>El PBTC es un inhibidor de incrustaciones y corrosi\u00f3n altamente efectivo, lo que lo convierte en una opci\u00f3n popular en los sistemas de agua de circulaci\u00f3n de agua fr\u00eda y recarga de yacimientos petrol\u00edferos. Tambi\u00e9n se puede utilizar como agente quelante y detergente de metales en campos de lavado. Sus excelentes propiedades estabilizadoras para la sal de zinc lo hacen ideal para ambientes de alta temperatura, dureza, \u00e1lcali y concentraci\u00f3n.<\/p>\n<p>Cuando se usa solo, la dosis recomendada es de 5-15 mg\/L. Sin embargo, generalmente se combina con sal de zinc, copol\u00edmero, organofosfina, imidazol u otros productos qu\u00edmicos para el tratamiento del agua para lograr mejores resultados.<\/p>\n<h3>Paquete y almacenamiento:<\/h3>\n<p>Tambor de pl\u00e1stico de 200 l, IBC (1000 l), requisito del cliente. Almacenamiento durante un a\u00f1o en un lugar sombreado y seco.<\/p>\n<h3>Medida de seguridad:<\/h3>\n<p>Acidez, Ev\u00edtese el contacto con los ojos y la piel; una vez en contacto, enjuague con agua.<\/p>\n<div data-zone-id=\"0\" data-line-index=\"0\" data-line=\"true\"><a href=\"https:\/\/vcycletech.com\/es\/categoria-de-producto\/fosfonatos-antiincrustante-inhibidor-de-corrosion\/\">Obtenga la soluci\u00f3n completa de inhibidor de corrosi\u00f3n y antiincrustante de fosfonatos<\/a>.<\/div>","protected":false},"excerpt":{"rendered":"<p><strong>Sustancia qu\u00edmica PBTC (\u00e1cido 2-fosfonobutano -1,2,4-tricarbox\u00edlico)<\/strong> Es un l\u00edquido transparente incoloro. Tiene buena solubilidad en agua y etanol. El producto es ligeramente \u00e1cido.<br \/>\nProduce principalmente productos intermedios de resina de poli\u00e9ster, adhesivos, selladores y recubrimientos.<\/p>\n<p>Si buscas calidad <strong>Sustancia qu\u00edmica PBTC (\u00e1cido 2-fosfonobutano -1,2,4-tricarbox\u00edlico)<\/strong>Entonces, con vcycletech no te equivocar\u00e1s. Somos un proveedor profesional con sede en China que ofrece los mejores productos a los mejores precios. \u00a1Cont\u00e1ctanos hoy para obtener m\u00e1s informaci\u00f3n!<\/p>","protected":false},"featured_media":813,"template":"","meta":{"site-sidebar-layout":"default","site-content-layout":"default","ast-site-content-layout":"default","site-content-style":"default","site-sidebar-style":"default","ast-global-header-display":"","ast-banner-title-visibility":"","ast-main-header-display":"","ast-hfb-above-header-display":"","ast-hfb-below-header-display":"","ast-hfb-mobile-header-display":"","site-post-title":"","ast-breadcrumbs-content":"","ast-featured-img":"","footer-sml-layout":"","ast-disable-related-posts":"","theme-transparent-header-meta":"default","adv-header-id-meta":"","stick-header-meta":"default","header-above-stick-meta":"","header-main-stick-meta":"","header-below-stick-meta":"","astra-migrate-meta-layouts":"default","ast-page-background-enabled":"default","ast-page-background-meta":{"desktop":{"background-color":"","background-image":"","background-repeat":"repeat","background-position":"center center","background-size":"auto","background-attachment":"scroll","background-type":"","background-media":"","overlay-type":"","overlay-color":"","overlay-opacity":"","overlay-gradient":""},"tablet":{"background-color":"","background-image":"","background-repeat":"repeat","background-position":"center center","background-size":"auto","background-attachment":"scroll","background-type":"","background-media":"","overlay-type":"","overlay-color":"","overlay-opacity":"","overlay-gradient":""},"mobile":{"background-color":"","background-image":"","background-repeat":"repeat","background-position":"center center","background-size":"auto","background-attachment":"scroll","background-type":"","background-media":"","overlay-type":"","overlay-color":"","overlay-opacity":"","overlay-gradient":""}},"ast-content-background-meta":{"desktop":{"background-color":"var(--ast-global-color-5)","background-image":"","background-repeat":"repeat","background-position":"center center","background-size":"auto","background-attachment":"scroll","background-type":"","background-media":"","overlay-type":"","overlay-color":"","overlay-opacity":"","overlay-gradient":""},"tablet":{"background-color":"var(--ast-global-color-5)","background-image":"","background-repeat":"repeat","background-position":"center center","background-size":"auto","background-attachment":"scroll","background-type":"","background-media":"","overlay-type":"","overlay-color":"","overlay-opacity":"","overlay-gradient":""},"mobile":{"background-color":"var(--ast-global-color-5)","background-image":"","background-repeat":"repeat","background-position":"center center","background-size":"auto","background-attachment":"scroll","background-type":"","background-media":"","overlay-type":"","overlay-color":"","overlay-opacity":"","overlay-gradient":""}}},"product_brand":[],"product_cat":[15],"product_tag":[],"class_list":{"0":"post-811","1":"product","2":"type-product","3":"status-publish","4":"has-post-thumbnail","6":"product_cat-phosphonates-antiscalant-corrosion-inhibitor","7":"desktop-align-left","8":"tablet-align-left","9":"mobile-align-left","10":"ast-product-gallery-layout-horizontal-slider","11":"ast-product-gallery-with-no-image","12":"ast-product-tabs-layout-horizontal","14":"first","15":"instock","16":"shipping-taxable","17":"product-type-simple"},"yoast_head":"<!-- This site is optimized with the Yoast SEO Premium plugin v26.3 (Yoast SEO v27.3) - https:\/\/yoast.com\/product\/yoast-seo-premium-wordpress\/ -->\n<title>PBTC Chemical(2-Phosphonobutane -1,2,4-Tricarboxylic Acid) - vcycletech<\/title>\n<meta name=\"description\" content=\"PBTC Chemical(2-Phosphonobutane -1,2,4-Tricarboxylic Acid) is a white powder. It is soluble in water and slightly soluble in ethanol. This product is a good chelating agent.\" \/>\n<meta name=\"robots\" content=\"index, follow, max-snippet:-1, max-image-preview:large, max-video-preview:-1\" \/>\n<link rel=\"canonical\" href=\"https:\/\/vcycletech.com\/es\/producto\/pbtc-quimico2-fosfonobutano-124-acido-tricarboxilico\/\" \/>\n<meta property=\"og:locale\" content=\"es_MX\" \/>\n<meta property=\"og:type\" content=\"article\" \/>\n<meta property=\"og:title\" content=\"PBTC Chemical(2-Phosphonobutane -1,2,4-Tricarboxylic Acid)\" \/>\n<meta property=\"og:description\" content=\"PBTC Chemical(2-Phosphonobutane -1,2,4-Tricarboxylic Acid) is a white powder. It is soluble in water and slightly soluble in ethanol. This product is a good chelating agent.\" \/>\n<meta property=\"og:url\" content=\"https:\/\/vcycletech.com\/es\/producto\/pbtc-quimico2-fosfonobutano-124-acido-tricarboxilico\/\" \/>\n<meta property=\"og:site_name\" content=\"vcycletech\" \/>\n<meta property=\"article:modified_time\" content=\"2023-03-27T07:08:19+00:00\" \/>\n<meta property=\"og:image\" content=\"https:\/\/vcycletech.com\/wp-content\/uploads\/2023\/03\/PBTC-Chemical2-Phosphonobutane-124-Tricarboxylic-Acid.png\" \/>\n\t<meta property=\"og:image:width\" content=\"600\" \/>\n\t<meta property=\"og:image:height\" content=\"600\" \/>\n\t<meta property=\"og:image:type\" content=\"image\/png\" \/>\n<meta name=\"twitter:card\" content=\"summary_large_image\" \/>\n<meta name=\"twitter:label1\" content=\"Tiempo de lectura\" \/>\n\t<meta name=\"twitter:data1\" content=\"2 minutos\" \/>\n<script type=\"application\/ld+json\" class=\"yoast-schema-graph\">{\"@context\":\"https:\\\/\\\/schema.org\",\"@graph\":[{\"@type\":\"WebPage\",\"@id\":\"https:\\\/\\\/vcycletech.com\\\/product\\\/pbtc-chemical2-phosphonobutane-124-tricarboxylic-acid\\\/\",\"url\":\"https:\\\/\\\/vcycletech.com\\\/product\\\/pbtc-chemical2-phosphonobutane-124-tricarboxylic-acid\\\/\",\"name\":\"PBTC Chemical(2-Phosphonobutane -1,2,4-Tricarboxylic Acid) - vcycletech\",\"isPartOf\":{\"@id\":\"https:\\\/\\\/vcycletech.com\\\/#website\"},\"primaryImageOfPage\":{\"@id\":\"https:\\\/\\\/vcycletech.com\\\/product\\\/pbtc-chemical2-phosphonobutane-124-tricarboxylic-acid\\\/#primaryimage\"},\"image\":{\"@id\":\"https:\\\/\\\/vcycletech.com\\\/product\\\/pbtc-chemical2-phosphonobutane-124-tricarboxylic-acid\\\/#primaryimage\"},\"thumbnailUrl\":\"https:\\\/\\\/vcycletech.com\\\/wp-content\\\/uploads\\\/2023\\\/03\\\/PBTC-Chemical2-Phosphonobutane-124-Tricarboxylic-Acid.png\",\"datePublished\":\"2023-03-17T02:05:25+00:00\",\"dateModified\":\"2023-03-27T07:08:19+00:00\",\"description\":\"PBTC Chemical(2-Phosphonobutane -1,2,4-Tricarboxylic Acid) is a white powder. It is soluble in water and slightly soluble in ethanol. This product is a good chelating agent.\",\"breadcrumb\":{\"@id\":\"https:\\\/\\\/vcycletech.com\\\/product\\\/pbtc-chemical2-phosphonobutane-124-tricarboxylic-acid\\\/#breadcrumb\"},\"inLanguage\":\"es\",\"potentialAction\":[{\"@type\":\"ReadAction\",\"target\":[\"https:\\\/\\\/vcycletech.com\\\/product\\\/pbtc-chemical2-phosphonobutane-124-tricarboxylic-acid\\\/\"]}]},{\"@type\":\"ImageObject\",\"inLanguage\":\"es\",\"@id\":\"https:\\\/\\\/vcycletech.com\\\/product\\\/pbtc-chemical2-phosphonobutane-124-tricarboxylic-acid\\\/#primaryimage\",\"url\":\"https:\\\/\\\/vcycletech.com\\\/wp-content\\\/uploads\\\/2023\\\/03\\\/PBTC-Chemical2-Phosphonobutane-124-Tricarboxylic-Acid.png\",\"contentUrl\":\"https:\\\/\\\/vcycletech.com\\\/wp-content\\\/uploads\\\/2023\\\/03\\\/PBTC-Chemical2-Phosphonobutane-124-Tricarboxylic-Acid.png\",\"width\":600,\"height\":600,\"caption\":\"PBTC Chemical(2-Phosphonobutane -1,2,4-Tricarboxylic Acid)\"},{\"@type\":\"BreadcrumbList\",\"@id\":\"https:\\\/\\\/vcycletech.com\\\/product\\\/pbtc-chemical2-phosphonobutane-124-tricarboxylic-acid\\\/#breadcrumb\",\"itemListElement\":[{\"@type\":\"ListItem\",\"position\":1,\"name\":\"Home\",\"item\":\"https:\\\/\\\/vcycletech.com\\\/\"},{\"@type\":\"ListItem\",\"position\":2,\"name\":\"Water Treatment Chemicals Manufacturer\",\"item\":\"https:\\\/\\\/vcycletech.com\\\/water-treatment-chemicals-manufacturer\\\/\"},{\"@type\":\"ListItem\",\"position\":3,\"name\":\"PBTC Chemical(2-Phosphonobutane -1,2,4-Tricarboxylic Acid)\"}]},{\"@type\":\"WebSite\",\"@id\":\"https:\\\/\\\/vcycletech.com\\\/#website\",\"url\":\"https:\\\/\\\/vcycletech.com\\\/\",\"name\":\"vcycletech\",\"description\":\"China&#039;s top water treatment chemicals supplier\",\"publisher\":{\"@id\":\"https:\\\/\\\/vcycletech.com\\\/#organization\"},\"potentialAction\":[{\"@type\":\"SearchAction\",\"target\":{\"@type\":\"EntryPoint\",\"urlTemplate\":\"https:\\\/\\\/vcycletech.com\\\/?s={search_term_string}\"},\"query-input\":{\"@type\":\"PropertyValueSpecification\",\"valueRequired\":true,\"valueName\":\"search_term_string\"}}],\"inLanguage\":\"es\"},{\"@type\":\"Organization\",\"@id\":\"https:\\\/\\\/vcycletech.com\\\/#organization\",\"name\":\"vcycletech\",\"url\":\"https:\\\/\\\/vcycletech.com\\\/\",\"logo\":{\"@type\":\"ImageObject\",\"inLanguage\":\"es\",\"@id\":\"https:\\\/\\\/vcycletech.com\\\/#\\\/schema\\\/logo\\\/image\\\/\",\"url\":\"https:\\\/\\\/vcycletech.com\\\/wp-content\\\/uploads\\\/2023\\\/03\\\/logo-vcycletech-1.png\",\"contentUrl\":\"https:\\\/\\\/vcycletech.com\\\/wp-content\\\/uploads\\\/2023\\\/03\\\/logo-vcycletech-1.png\",\"width\":600,\"height\":400,\"caption\":\"vcycletech\"},\"image\":{\"@id\":\"https:\\\/\\\/vcycletech.com\\\/#\\\/schema\\\/logo\\\/image\\\/\"}}]}<\/script>\n<!-- \/ Yoast SEO Premium plugin. -->","yoast_head_json":{"title":"PBTC Chemical (\u00e1cido 2-fosfonobutano -1,2,4-tricarbox\u00edlico) - vcycletech","description":"PBTC Chemical (\u00e1cido 2-fosfonobutano -1,2,4-tricarbox\u00edlico) es un polvo blanco. Es soluble en agua y ligeramente soluble en etanol. Este producto es un buen agente quelante.","robots":{"index":"index","follow":"follow","max-snippet":"max-snippet:-1","max-image-preview":"max-image-preview:large","max-video-preview":"max-video-preview:-1"},"canonical":"https:\/\/vcycletech.com\/es\/producto\/pbtc-quimico2-fosfonobutano-124-acido-tricarboxilico\/","og_locale":"es_MX","og_type":"article","og_title":"PBTC Chemical(2-Phosphonobutane -1,2,4-Tricarboxylic Acid)","og_description":"PBTC Chemical(2-Phosphonobutane -1,2,4-Tricarboxylic Acid) is a white powder. It is soluble in water and slightly soluble in ethanol. This product is a good chelating agent.","og_url":"https:\/\/vcycletech.com\/es\/producto\/pbtc-quimico2-fosfonobutano-124-acido-tricarboxilico\/","og_site_name":"vcycletech","article_modified_time":"2023-03-27T07:08:19+00:00","og_image":[{"width":600,"height":600,"url":"https:\/\/vcycletech.com\/wp-content\/uploads\/2023\/03\/PBTC-Chemical2-Phosphonobutane-124-Tricarboxylic-Acid.png","type":"image\/png"}],"twitter_card":"summary_large_image","twitter_misc":{"Tiempo de lectura":"2 minutos"},"schema":{"@context":"https:\/\/schema.org","@graph":[{"@type":"WebPage","@id":"https:\/\/vcycletech.com\/product\/pbtc-chemical2-phosphonobutane-124-tricarboxylic-acid\/","url":"https:\/\/vcycletech.com\/product\/pbtc-chemical2-phosphonobutane-124-tricarboxylic-acid\/","name":"PBTC Chemical (\u00e1cido 2-fosfonobutano -1,2,4-tricarbox\u00edlico) - vcycletech","isPartOf":{"@id":"https:\/\/vcycletech.com\/#website"},"primaryImageOfPage":{"@id":"https:\/\/vcycletech.com\/product\/pbtc-chemical2-phosphonobutane-124-tricarboxylic-acid\/#primaryimage"},"image":{"@id":"https:\/\/vcycletech.com\/product\/pbtc-chemical2-phosphonobutane-124-tricarboxylic-acid\/#primaryimage"},"thumbnailUrl":"https:\/\/vcycletech.com\/wp-content\/uploads\/2023\/03\/PBTC-Chemical2-Phosphonobutane-124-Tricarboxylic-Acid.png","datePublished":"2023-03-17T02:05:25+00:00","dateModified":"2023-03-27T07:08:19+00:00","description":"PBTC Chemical (\u00e1cido 2-fosfonobutano -1,2,4-tricarbox\u00edlico) es un polvo blanco. Es soluble en agua y ligeramente soluble en etanol. Este producto es un buen agente quelante.","breadcrumb":{"@id":"https:\/\/vcycletech.com\/product\/pbtc-chemical2-phosphonobutane-124-tricarboxylic-acid\/#breadcrumb"},"inLanguage":"es","potentialAction":[{"@type":"ReadAction","target":["https:\/\/vcycletech.com\/product\/pbtc-chemical2-phosphonobutane-124-tricarboxylic-acid\/"]}]},{"@type":"ImageObject","inLanguage":"es","@id":"https:\/\/vcycletech.com\/product\/pbtc-chemical2-phosphonobutane-124-tricarboxylic-acid\/#primaryimage","url":"https:\/\/vcycletech.com\/wp-content\/uploads\/2023\/03\/PBTC-Chemical2-Phosphonobutane-124-Tricarboxylic-Acid.png","contentUrl":"https:\/\/vcycletech.com\/wp-content\/uploads\/2023\/03\/PBTC-Chemical2-Phosphonobutane-124-Tricarboxylic-Acid.png","width":600,"height":600,"caption":"PBTC Chemical(2-Phosphonobutane -1,2,4-Tricarboxylic Acid)"},{"@type":"BreadcrumbList","@id":"https:\/\/vcycletech.com\/product\/pbtc-chemical2-phosphonobutane-124-tricarboxylic-acid\/#breadcrumb","itemListElement":[{"@type":"ListItem","position":1,"name":"Home","item":"https:\/\/vcycletech.com\/"},{"@type":"ListItem","position":2,"name":"Water Treatment Chemicals Manufacturer","item":"https:\/\/vcycletech.com\/water-treatment-chemicals-manufacturer\/"},{"@type":"ListItem","position":3,"name":"PBTC Chemical(2-Phosphonobutane -1,2,4-Tricarboxylic Acid)"}]},{"@type":"WebSite","@id":"https:\/\/vcycletech.com\/#website","url":"https:\/\/vcycletech.com\/","name":"vcycletech","description":"El principal proveedor de productos qu\u00edmicos para el tratamiento del agua de China y #039;","publisher":{"@id":"https:\/\/vcycletech.com\/#organization"},"potentialAction":[{"@type":"SearchAction","target":{"@type":"EntryPoint","urlTemplate":"https:\/\/vcycletech.com\/?s={search_term_string}"},"query-input":{"@type":"PropertyValueSpecification","valueRequired":true,"valueName":"search_term_string"}}],"inLanguage":"es"},{"@type":"Organization","@id":"https:\/\/vcycletech.com\/#organization","name":"vcycletech","url":"https:\/\/vcycletech.com\/","logo":{"@type":"ImageObject","inLanguage":"es","@id":"https:\/\/vcycletech.com\/#\/schema\/logo\/image\/","url":"https:\/\/vcycletech.com\/wp-content\/uploads\/2023\/03\/logo-vcycletech-1.png","contentUrl":"https:\/\/vcycletech.com\/wp-content\/uploads\/2023\/03\/logo-vcycletech-1.png","width":600,"height":400,"caption":"vcycletech"},"image":{"@id":"https:\/\/vcycletech.com\/#\/schema\/logo\/image\/"}}]}},"_links":{"self":[{"href":"https:\/\/vcycletech.com\/es\/wp-json\/wp\/v2\/product\/811","targetHints":{"allow":["GET"]}}],"collection":[{"href":"https:\/\/vcycletech.com\/es\/wp-json\/wp\/v2\/product"}],"about":[{"href":"https:\/\/vcycletech.com\/es\/wp-json\/wp\/v2\/types\/product"}],"wp:featuredmedia":[{"embeddable":true,"href":"https:\/\/vcycletech.com\/es\/wp-json\/wp\/v2\/media\/813"}],"wp:attachment":[{"href":"https:\/\/vcycletech.com\/es\/wp-json\/wp\/v2\/media?parent=811"}],"wp:term":[{"taxonomy":"product_brand","embeddable":true,"href":"https:\/\/vcycletech.com\/es\/wp-json\/wp\/v2\/product_brand?post=811"},{"taxonomy":"product_cat","embeddable":true,"href":"https:\/\/vcycletech.com\/es\/wp-json\/wp\/v2\/product_cat?post=811"},{"taxonomy":"product_tag","embeddable":true,"href":"https:\/\/vcycletech.com\/es\/wp-json\/wp\/v2\/product_tag?post=811"}],"curies":[{"name":"wp","href":"https:\/\/api.w.org\/{rel}","templated":true}]}}