{"id":757,"date":"2023-03-16T10:21:15","date_gmt":"2023-03-16T10:21:15","guid":{"rendered":"https:\/\/vcycletech.com\/?post_type=product&#038;p=757"},"modified":"2023-03-27T07:06:48","modified_gmt":"2023-03-27T07:06:48","slug":"acido-dtpmadietileno-triamina-pentaamino-metileno-fosfonico","status":"publish","type":"product","link":"https:\/\/vcycletech.com\/es\/producto\/acido-dtpmadietileno-triamina-pentaamino-metileno-fosfonico\/","title":{"rendered":"DTPMPA(Dietileno Triamina Penta)(\u00c1cido Amino Metileno Fosf\u00f3nico)"},"content":{"rendered":"<h3>N\u00ba CAS 15827-60-8<\/h3>\n<h3>F\u00f3rmula molecular: C9H28O15N3P5<\/h3>\n<h3>Peso molecular: 573,2<\/h3>\n<h3>F\u00f3rmula estructural:<\/h3>\n<p><img fetchpriority=\"high\" decoding=\"async\" class=\"size-medium wp-image-784\" src=\"https:\/\/vcycletech.com\/wp-content\/uploads\/2023\/03\/004-300x300.png\" alt=\"DTPMPA3\" width=\"300\" height=\"300\" srcset=\"https:\/\/vcycletech.com\/wp-content\/uploads\/2023\/03\/004-300x300.png 300w, https:\/\/vcycletech.com\/wp-content\/uploads\/2023\/03\/004-100x100.png 100w, https:\/\/vcycletech.com\/wp-content\/uploads\/2023\/03\/004-150x150.png 150w, https:\/\/vcycletech.com\/wp-content\/uploads\/2023\/03\/004.png 600w\" sizes=\"(max-width: 300px) 100vw, 300px\" \/><\/p>\n<h3>Propiedades:<\/h3>\n<p><strong>DTPMPA<\/strong> es una sustancia segura y f\u00e1cil de disolver en soluciones \u00e1cidas, que brinda excelentes capacidades de incrustaci\u00f3n, inhibici\u00f3n de la corrosi\u00f3n y buena tolerancia t\u00e9rmica. Es particularmente efectivo para inhibir la formaci\u00f3n de carbonatos, sulfatos y fosfatos cuando se usa en condiciones alcalinas ya altas temperaturas (m\u00e1s de 210\u00b0C). <strong>DTPMPA<\/strong> tiene un impacto sustancial en los inhibidores de incrustaciones y corrosi\u00f3n m\u00e1s que los compuestos alternativos de organofosfina.<\/p>\n<h3>Especificaci\u00f3n:<\/h3>\n<div id=\"footable_parent_785\"\n         class=\"footable_parent ninja_table_wrapper loading_ninja_table wp_table_data_press_parent semantic_ui\">\n                <table data-ninja_table_instance=\"ninja_table_instance_0\" data-footable_id=\"785\" data-filter-delay=\"1000\" aria-label=\"\u5de5\u4f5c\u7c3f1.csv\"            id=\"footable_785\"\n           data-unique_identifier=\"ninja_table_unique_id_4115316819_785\"\n           class=\"foo-table ninja_footable foo_table_785 ninja_table_unique_id_4115316819_785 ui table  nt_type_legacy_table selectable striped vertical_centered  footable-paging-right ninja_table_pro\">\n                <colgroup>\n                            <col class=\"ninja_column_0\">\n                            <col class=\"ninja_column_1\">\n                    <\/colgroup>\n        <thead>\n<tr class=\"footable-header\">\n                                        <th scope=\"col\"  class=\"ninja_column_0 ninja_clmn_nm_items\">Elementos<\/th><th scope=\"col\"  class=\"ninja_column_1 ninja_clmn_nm_index\">\u00cdndice<\/th><\/tr>\n<\/thead>\n<tbody>\n\n        <tr data-row_id=\"19\" class=\"ninja_table_row_0 nt_row_id_19\">\n            <td>Apariencia<\/td><td>L\u00edquido transparente marr\u00f3n<\/td>        <\/tr>\n            <tr data-row_id=\"20\" class=\"ninja_table_row_1 nt_row_id_20\">\n            <td>\u00c1cido activo %<\/td><td>50,0 minutos<\/td>        <\/tr>\n            <tr data-row_id=\"21\" class=\"ninja_table_row_2 nt_row_id_21\">\n            <td>Cloruro (como Cl-)%<\/td><td>12.0-17.0<\/td>        <\/tr>\n            <tr data-row_id=\"22\" class=\"ninja_table_row_3 nt_row_id_22\">\n            <td><\/td><td><\/td>        <\/tr>\n            <tr data-row_id=\"23\" class=\"ninja_table_row_4 nt_row_id_23\">\n            <td>pH (soluci\u00f3n de agua 1%)<\/td><td>2.0 m\u00e1x.<\/td>        <\/tr>\n            <tr data-row_id=\"24\" class=\"ninja_table_row_5 nt_row_id_24\">\n            <td>Fe, mg\/L<\/td><td>35,0 m\u00e1x.<\/td>        <\/tr>\n    <\/tbody><!--ninja_tobody_rendering_done-->\n    <\/table>\n    \n    \n    \n<\/div>\n\n<h3>Uso:<\/h3>\n<p><strong>DTPMPA<\/strong> Se puede utilizar como inhibidor de incrustaciones y corrosi\u00f3n en sistemas de circulaci\u00f3n de agua de refrigeraci\u00f3n y agua de calderas, especialmente en condiciones alcalinas, sin regulaci\u00f3n adicional del pH. Tambi\u00e9n es adecuado para su uso en sistemas de recarga de yacimientos petrol\u00edferos, sistemas de enfriamiento y agua de calderas con alta concentraci\u00f3n de carbonato de bario, donde se observa poca o ninguna sedimentaci\u00f3n de incrustaciones incluso cuando se usa sin dispersantes.<\/p>\n<p><strong>DTPMPA<\/strong> tambi\u00e9n sirve como un estabilizador de per\u00f3xido efectivo, agente quelante para la industria de tejidos y te\u00f1ido, dispersante de pigmentos, portador de microelementos para fertilizantes y modificador de concreto. Sus aplicaciones se extienden a la fabricaci\u00f3n de papel, galvanoplastia, limpieza con \u00e1cido y cosm\u00e9tica.<\/p>\n<h3>Paquete y almacenamiento:<\/h3>\n<p>Tambor de pl\u00e1stico de 200 l, IBC (1000 l), requisito del cliente. Almacenamiento durante doce meses en cuarto oscuro y lugar seco.<\/p>\n<h3>Medida de seguridad:<\/h3>\n<p>Acidez, Ev\u00edtese el contacto con los ojos y la piel; una vez en contacto, enjuague con agua.<\/p>\n<p><a href=\"https:\/\/vcycletech.com\/es\/categoria-de-producto\/fosfonatos-antiincrustante-inhibidor-de-corrosion\/\">Obtenga la soluci\u00f3n completa de inhibidor de corrosi\u00f3n y antiincrustante de fosfonatos<\/a><\/p>","protected":false},"excerpt":{"rendered":"<p><strong>DTPMPA (Dietileno triamina penta) (\u00e1cido amino metilen fosf\u00f3nico)<\/strong> es un excelente agente quelante. Est\u00e1 complejado con iones met\u00e1licos, lo que hace que se fabrique en entornos industriales y agr\u00edcolas.<strong> DTPMPA (Dietileno triamina penta) (\u00e1cido amino metilen fosf\u00f3nico)<\/strong> tambi\u00e9n puede ser un floculante para mejorar la claridad del agua. Este producto est\u00e1 disponible para su compra a granel en nuestro sitio web. Si est\u00e1 interesado en precios al por mayor, p\u00f3ngase en contacto con nosotros para obtener m\u00e1s informaci\u00f3n. \u00a1Esperamos con inter\u00e9s trabajar con usted!<\/p>","protected":false},"featured_media":774,"template":"","meta":{"site-sidebar-layout":"default","site-content-layout":"default","ast-site-content-layout":"default","site-content-style":"default","site-sidebar-style":"default","ast-global-header-display":"","ast-banner-title-visibility":"","ast-main-header-display":"","ast-hfb-above-header-display":"","ast-hfb-below-header-display":"","ast-hfb-mobile-header-display":"","site-post-title":"","ast-breadcrumbs-content":"","ast-featured-img":"","footer-sml-layout":"","ast-disable-related-posts":"","theme-transparent-header-meta":"default","adv-header-id-meta":"","stick-header-meta":"default","header-above-stick-meta":"","header-main-stick-meta":"","header-below-stick-meta":"","astra-migrate-meta-layouts":"default","ast-page-background-enabled":"default","ast-page-background-meta":{"desktop":{"background-color":"","background-image":"","background-repeat":"repeat","background-position":"center center","background-size":"auto","background-attachment":"scroll","background-type":"","background-media":"","overlay-type":"","overlay-color":"","overlay-opacity":"","overlay-gradient":""},"tablet":{"background-color":"","background-image":"","background-repeat":"repeat","background-position":"center center","background-size":"auto","background-attachment":"scroll","background-type":"","background-media":"","overlay-type":"","overlay-color":"","overlay-opacity":"","overlay-gradient":""},"mobile":{"background-color":"","background-image":"","background-repeat":"repeat","background-position":"center center","background-size":"auto","background-attachment":"scroll","background-type":"","background-media":"","overlay-type":"","overlay-color":"","overlay-opacity":"","overlay-gradient":""}},"ast-content-background-meta":{"desktop":{"background-color":"var(--ast-global-color-5)","background-image":"","background-repeat":"repeat","background-position":"center center","background-size":"auto","background-attachment":"scroll","background-type":"","background-media":"","overlay-type":"","overlay-color":"","overlay-opacity":"","overlay-gradient":""},"tablet":{"background-color":"var(--ast-global-color-5)","background-image":"","background-repeat":"repeat","background-position":"center center","background-size":"auto","background-attachment":"scroll","background-type":"","background-media":"","overlay-type":"","overlay-color":"","overlay-opacity":"","overlay-gradient":""},"mobile":{"background-color":"var(--ast-global-color-5)","background-image":"","background-repeat":"repeat","background-position":"center center","background-size":"auto","background-attachment":"scroll","background-type":"","background-media":"","overlay-type":"","overlay-color":"","overlay-opacity":"","overlay-gradient":""}}},"product_brand":[],"product_cat":[15],"product_tag":[],"class_list":{"0":"post-757","1":"product","2":"type-product","3":"status-publish","4":"has-post-thumbnail","6":"product_cat-phosphonates-antiscalant-corrosion-inhibitor","7":"desktop-align-left","8":"tablet-align-left","9":"mobile-align-left","10":"ast-product-gallery-layout-horizontal-slider","11":"ast-product-tabs-layout-horizontal","13":"first","14":"instock","15":"shipping-taxable","16":"product-type-simple"},"yoast_head":"<!-- This site is optimized with the Yoast SEO Premium plugin v26.3 (Yoast SEO v27.3) - https:\/\/yoast.com\/product\/yoast-seo-premium-wordpress\/ -->\n<title>DTPMPA(Diethylene Triamine Penta)(Amino Methylene Phosphonic Acid) - vcycletech<\/title>\n<meta name=\"description\" content=\"DTPMPA(Diethylene triamine penta)(Amino methylene phosphonic acid) is used as a corrosion inhibitor, scale inhibitor, and detergent for boilers, closed cooling systems, and other industrial water systems. It can also be used in textile printing, dyeing, and leather tanning.\" \/>\n<meta name=\"robots\" content=\"index, follow, max-snippet:-1, max-image-preview:large, max-video-preview:-1\" \/>\n<link rel=\"canonical\" href=\"https:\/\/vcycletech.com\/es\/producto\/acido-dtpmadietileno-triamina-pentaamino-metileno-fosfonico\/\" \/>\n<meta property=\"og:locale\" content=\"es_MX\" \/>\n<meta property=\"og:type\" content=\"article\" \/>\n<meta property=\"og:title\" content=\"DTPMPA(Diethylene Triamine Penta)(Amino Methylene Phosphonic Acid)\" \/>\n<meta property=\"og:description\" content=\"DTPMPA(Diethylene triamine penta)(Amino methylene phosphonic acid) is used as a corrosion inhibitor, scale inhibitor, and detergent for boilers, closed cooling systems, and other industrial water systems. It can also be used in textile printing, dyeing, and leather tanning.\" \/>\n<meta property=\"og:url\" content=\"https:\/\/vcycletech.com\/es\/producto\/acido-dtpmadietileno-triamina-pentaamino-metileno-fosfonico\/\" \/>\n<meta property=\"og:site_name\" content=\"vcycletech\" \/>\n<meta property=\"article:modified_time\" content=\"2023-03-27T07:06:48+00:00\" \/>\n<meta property=\"og:image\" content=\"https:\/\/vcycletech.com\/wp-content\/uploads\/2023\/03\/001.png\" \/>\n\t<meta property=\"og:image:width\" content=\"600\" \/>\n\t<meta property=\"og:image:height\" content=\"600\" \/>\n\t<meta property=\"og:image:type\" content=\"image\/png\" \/>\n<meta name=\"twitter:card\" content=\"summary_large_image\" \/>\n<meta name=\"twitter:label1\" content=\"Tiempo de lectura\" \/>\n\t<meta name=\"twitter:data1\" content=\"2 minutos\" \/>\n<script type=\"application\/ld+json\" class=\"yoast-schema-graph\">{\"@context\":\"https:\\\/\\\/schema.org\",\"@graph\":[{\"@type\":\"WebPage\",\"@id\":\"https:\\\/\\\/vcycletech.com\\\/product\\\/dtpmpadiethylene-triamine-pentaamino-methylene-phosphonic-acid\\\/\",\"url\":\"https:\\\/\\\/vcycletech.com\\\/product\\\/dtpmpadiethylene-triamine-pentaamino-methylene-phosphonic-acid\\\/\",\"name\":\"DTPMPA(Diethylene Triamine Penta)(Amino Methylene Phosphonic Acid) - vcycletech\",\"isPartOf\":{\"@id\":\"https:\\\/\\\/vcycletech.com\\\/#website\"},\"primaryImageOfPage\":{\"@id\":\"https:\\\/\\\/vcycletech.com\\\/product\\\/dtpmpadiethylene-triamine-pentaamino-methylene-phosphonic-acid\\\/#primaryimage\"},\"image\":{\"@id\":\"https:\\\/\\\/vcycletech.com\\\/product\\\/dtpmpadiethylene-triamine-pentaamino-methylene-phosphonic-acid\\\/#primaryimage\"},\"thumbnailUrl\":\"https:\\\/\\\/vcycletech.com\\\/wp-content\\\/uploads\\\/2023\\\/03\\\/001.png\",\"datePublished\":\"2023-03-16T10:21:15+00:00\",\"dateModified\":\"2023-03-27T07:06:48+00:00\",\"description\":\"DTPMPA(Diethylene triamine penta)(Amino methylene phosphonic acid) is used as a corrosion inhibitor, scale inhibitor, and detergent for boilers, closed cooling systems, and other industrial water systems. It can also be used in textile printing, dyeing, and leather tanning.\",\"breadcrumb\":{\"@id\":\"https:\\\/\\\/vcycletech.com\\\/product\\\/dtpmpadiethylene-triamine-pentaamino-methylene-phosphonic-acid\\\/#breadcrumb\"},\"inLanguage\":\"es\",\"potentialAction\":[{\"@type\":\"ReadAction\",\"target\":[\"https:\\\/\\\/vcycletech.com\\\/product\\\/dtpmpadiethylene-triamine-pentaamino-methylene-phosphonic-acid\\\/\"]}]},{\"@type\":\"ImageObject\",\"inLanguage\":\"es\",\"@id\":\"https:\\\/\\\/vcycletech.com\\\/product\\\/dtpmpadiethylene-triamine-pentaamino-methylene-phosphonic-acid\\\/#primaryimage\",\"url\":\"https:\\\/\\\/vcycletech.com\\\/wp-content\\\/uploads\\\/2023\\\/03\\\/001.png\",\"contentUrl\":\"https:\\\/\\\/vcycletech.com\\\/wp-content\\\/uploads\\\/2023\\\/03\\\/001.png\",\"width\":600,\"height\":600,\"caption\":\"DTPMPA\"},{\"@type\":\"BreadcrumbList\",\"@id\":\"https:\\\/\\\/vcycletech.com\\\/product\\\/dtpmpadiethylene-triamine-pentaamino-methylene-phosphonic-acid\\\/#breadcrumb\",\"itemListElement\":[{\"@type\":\"ListItem\",\"position\":1,\"name\":\"Home\",\"item\":\"https:\\\/\\\/vcycletech.com\\\/\"},{\"@type\":\"ListItem\",\"position\":2,\"name\":\"Water Treatment Chemicals Manufacturer\",\"item\":\"https:\\\/\\\/vcycletech.com\\\/water-treatment-chemicals-manufacturer\\\/\"},{\"@type\":\"ListItem\",\"position\":3,\"name\":\"DTPMPA(Diethylene Triamine Penta)(Amino Methylene Phosphonic Acid)\"}]},{\"@type\":\"WebSite\",\"@id\":\"https:\\\/\\\/vcycletech.com\\\/#website\",\"url\":\"https:\\\/\\\/vcycletech.com\\\/\",\"name\":\"vcycletech\",\"description\":\"China&#039;s top water treatment chemicals supplier\",\"publisher\":{\"@id\":\"https:\\\/\\\/vcycletech.com\\\/#organization\"},\"potentialAction\":[{\"@type\":\"SearchAction\",\"target\":{\"@type\":\"EntryPoint\",\"urlTemplate\":\"https:\\\/\\\/vcycletech.com\\\/?s={search_term_string}\"},\"query-input\":{\"@type\":\"PropertyValueSpecification\",\"valueRequired\":true,\"valueName\":\"search_term_string\"}}],\"inLanguage\":\"es\"},{\"@type\":\"Organization\",\"@id\":\"https:\\\/\\\/vcycletech.com\\\/#organization\",\"name\":\"vcycletech\",\"url\":\"https:\\\/\\\/vcycletech.com\\\/\",\"logo\":{\"@type\":\"ImageObject\",\"inLanguage\":\"es\",\"@id\":\"https:\\\/\\\/vcycletech.com\\\/#\\\/schema\\\/logo\\\/image\\\/\",\"url\":\"https:\\\/\\\/vcycletech.com\\\/wp-content\\\/uploads\\\/2023\\\/03\\\/logo-vcycletech-1.png\",\"contentUrl\":\"https:\\\/\\\/vcycletech.com\\\/wp-content\\\/uploads\\\/2023\\\/03\\\/logo-vcycletech-1.png\",\"width\":600,\"height\":400,\"caption\":\"vcycletech\"},\"image\":{\"@id\":\"https:\\\/\\\/vcycletech.com\\\/#\\\/schema\\\/logo\\\/image\\\/\"}}]}<\/script>\n<!-- \/ Yoast SEO Premium plugin. -->","yoast_head_json":{"title":"DTPMPA(Dietileno Triamina Penta)(\u00c1cido Amino Metileno Fosf\u00f3nico) - vcycletech","description":"El DTPMPA (Dietileno triamina penta)(\u00c1cido aminometilenfosf\u00f3nico) se utiliza como inhibidor de la corrosi\u00f3n, inhibidor de incrustaciones y detergente para calderas, sistemas de refrigeraci\u00f3n cerrados y otros sistemas de agua industrial. Tambi\u00e9n se puede utilizar en la impresi\u00f3n de textiles, te\u00f1ido y curtido de cuero.","robots":{"index":"index","follow":"follow","max-snippet":"max-snippet:-1","max-image-preview":"max-image-preview:large","max-video-preview":"max-video-preview:-1"},"canonical":"https:\/\/vcycletech.com\/es\/producto\/acido-dtpmadietileno-triamina-pentaamino-metileno-fosfonico\/","og_locale":"es_MX","og_type":"article","og_title":"DTPMPA(Diethylene Triamine Penta)(Amino Methylene Phosphonic Acid)","og_description":"DTPMPA(Diethylene triamine penta)(Amino methylene phosphonic acid) is used as a corrosion inhibitor, scale inhibitor, and detergent for boilers, closed cooling systems, and other industrial water systems. It can also be used in textile printing, dyeing, and leather tanning.","og_url":"https:\/\/vcycletech.com\/es\/producto\/acido-dtpmadietileno-triamina-pentaamino-metileno-fosfonico\/","og_site_name":"vcycletech","article_modified_time":"2023-03-27T07:06:48+00:00","og_image":[{"width":600,"height":600,"url":"https:\/\/vcycletech.com\/wp-content\/uploads\/2023\/03\/001.png","type":"image\/png"}],"twitter_card":"summary_large_image","twitter_misc":{"Tiempo de lectura":"2 minutos"},"schema":{"@context":"https:\/\/schema.org","@graph":[{"@type":"WebPage","@id":"https:\/\/vcycletech.com\/product\/dtpmpadiethylene-triamine-pentaamino-methylene-phosphonic-acid\/","url":"https:\/\/vcycletech.com\/product\/dtpmpadiethylene-triamine-pentaamino-methylene-phosphonic-acid\/","name":"DTPMPA(Dietileno Triamina Penta)(\u00c1cido Amino Metileno Fosf\u00f3nico) - vcycletech","isPartOf":{"@id":"https:\/\/vcycletech.com\/#website"},"primaryImageOfPage":{"@id":"https:\/\/vcycletech.com\/product\/dtpmpadiethylene-triamine-pentaamino-methylene-phosphonic-acid\/#primaryimage"},"image":{"@id":"https:\/\/vcycletech.com\/product\/dtpmpadiethylene-triamine-pentaamino-methylene-phosphonic-acid\/#primaryimage"},"thumbnailUrl":"https:\/\/vcycletech.com\/wp-content\/uploads\/2023\/03\/001.png","datePublished":"2023-03-16T10:21:15+00:00","dateModified":"2023-03-27T07:06:48+00:00","description":"El DTPMPA (Dietileno triamina penta)(\u00c1cido aminometilenfosf\u00f3nico) se utiliza como inhibidor de la corrosi\u00f3n, inhibidor de incrustaciones y detergente para calderas, sistemas de refrigeraci\u00f3n cerrados y otros sistemas de agua industrial. Tambi\u00e9n se puede utilizar en la impresi\u00f3n de textiles, te\u00f1ido y curtido de cuero.","breadcrumb":{"@id":"https:\/\/vcycletech.com\/product\/dtpmpadiethylene-triamine-pentaamino-methylene-phosphonic-acid\/#breadcrumb"},"inLanguage":"es","potentialAction":[{"@type":"ReadAction","target":["https:\/\/vcycletech.com\/product\/dtpmpadiethylene-triamine-pentaamino-methylene-phosphonic-acid\/"]}]},{"@type":"ImageObject","inLanguage":"es","@id":"https:\/\/vcycletech.com\/product\/dtpmpadiethylene-triamine-pentaamino-methylene-phosphonic-acid\/#primaryimage","url":"https:\/\/vcycletech.com\/wp-content\/uploads\/2023\/03\/001.png","contentUrl":"https:\/\/vcycletech.com\/wp-content\/uploads\/2023\/03\/001.png","width":600,"height":600,"caption":"DTPMPA"},{"@type":"BreadcrumbList","@id":"https:\/\/vcycletech.com\/product\/dtpmpadiethylene-triamine-pentaamino-methylene-phosphonic-acid\/#breadcrumb","itemListElement":[{"@type":"ListItem","position":1,"name":"Home","item":"https:\/\/vcycletech.com\/"},{"@type":"ListItem","position":2,"name":"Water Treatment Chemicals Manufacturer","item":"https:\/\/vcycletech.com\/water-treatment-chemicals-manufacturer\/"},{"@type":"ListItem","position":3,"name":"DTPMPA(Diethylene Triamine Penta)(Amino Methylene Phosphonic Acid)"}]},{"@type":"WebSite","@id":"https:\/\/vcycletech.com\/#website","url":"https:\/\/vcycletech.com\/","name":"vcycletech","description":"El principal proveedor de productos qu\u00edmicos para el tratamiento del agua de China y #039;","publisher":{"@id":"https:\/\/vcycletech.com\/#organization"},"potentialAction":[{"@type":"SearchAction","target":{"@type":"EntryPoint","urlTemplate":"https:\/\/vcycletech.com\/?s={search_term_string}"},"query-input":{"@type":"PropertyValueSpecification","valueRequired":true,"valueName":"search_term_string"}}],"inLanguage":"es"},{"@type":"Organization","@id":"https:\/\/vcycletech.com\/#organization","name":"vcycletech","url":"https:\/\/vcycletech.com\/","logo":{"@type":"ImageObject","inLanguage":"es","@id":"https:\/\/vcycletech.com\/#\/schema\/logo\/image\/","url":"https:\/\/vcycletech.com\/wp-content\/uploads\/2023\/03\/logo-vcycletech-1.png","contentUrl":"https:\/\/vcycletech.com\/wp-content\/uploads\/2023\/03\/logo-vcycletech-1.png","width":600,"height":400,"caption":"vcycletech"},"image":{"@id":"https:\/\/vcycletech.com\/#\/schema\/logo\/image\/"}}]}},"_links":{"self":[{"href":"https:\/\/vcycletech.com\/es\/wp-json\/wp\/v2\/product\/757","targetHints":{"allow":["GET"]}}],"collection":[{"href":"https:\/\/vcycletech.com\/es\/wp-json\/wp\/v2\/product"}],"about":[{"href":"https:\/\/vcycletech.com\/es\/wp-json\/wp\/v2\/types\/product"}],"wp:featuredmedia":[{"embeddable":true,"href":"https:\/\/vcycletech.com\/es\/wp-json\/wp\/v2\/media\/774"}],"wp:attachment":[{"href":"https:\/\/vcycletech.com\/es\/wp-json\/wp\/v2\/media?parent=757"}],"wp:term":[{"taxonomy":"product_brand","embeddable":true,"href":"https:\/\/vcycletech.com\/es\/wp-json\/wp\/v2\/product_brand?post=757"},{"taxonomy":"product_cat","embeddable":true,"href":"https:\/\/vcycletech.com\/es\/wp-json\/wp\/v2\/product_cat?post=757"},{"taxonomy":"product_tag","embeddable":true,"href":"https:\/\/vcycletech.com\/es\/wp-json\/wp\/v2\/product_tag?post=757"}],"curies":[{"name":"wp","href":"https:\/\/api.w.org\/{rel}","templated":true}]}}