{"id":695,"date":"2023-03-15T20:43:39","date_gmt":"2023-03-15T20:43:39","guid":{"rendered":"https:\/\/vcycletech.com\/?post_type=product&#038;p=695"},"modified":"2023-03-27T07:03:19","modified_gmt":"2023-03-27T07:03:19","slug":"amino-trimetileno-fosfonico-acido-atmp","status":"publish","type":"product","link":"https:\/\/vcycletech.com\/es\/producto\/amino-trimetileno-fosfonico-acido-atmp\/","title":{"rendered":"\u00c1cido amino trimetileno fosf\u00f3nico (ATMP)"},"content":{"rendered":"<h3>N\u00ba CAS 6419-19-8<\/h3>\n<h3>F\u00f3rmula molecular: N(CH2PO3H2)3 Peso molecular: 299,05<\/h3>\n<h3>F\u00f3rmula estructural:<\/h3>\n<p><img fetchpriority=\"high\" decoding=\"async\" class=\"size-medium wp-image-718\" src=\"https:\/\/vcycletech.com\/wp-content\/uploads\/2023\/03\/Amino-Trimethylene-Phosphonic-Acid-ATMP-3-1-300x200.png\" alt=\"\u00c1cido amino trimetileno fosf\u00f3nico (ATMP) -3\" width=\"300\" height=\"200\" srcset=\"https:\/\/vcycletech.com\/wp-content\/uploads\/2023\/03\/Amino-Trimethylene-Phosphonic-Acid-ATMP-3-1-300x200.png 300w, https:\/\/vcycletech.com\/wp-content\/uploads\/2023\/03\/Amino-Trimethylene-Phosphonic-Acid-ATMP-3-1.png 600w\" sizes=\"(max-width: 300px) 100vw, 300px\" \/><\/p>\n<h3 class=\"my-0.5\">Propiedades:<\/h3>\n<p>ATMP es un agente quelante efectivo con capacidades de distorsi\u00f3n de red y inhibici\u00f3n de bajo umbral. Puede prevenir la acumulaci\u00f3n de incrustaciones, especialmente de carbonato de calcio, en los sistemas de agua. Adem\u00e1s, ATMP tiene una excelente estabilidad qu\u00edmica y es extremadamente dif\u00edcil de hidrolizar en agua. A altas concentraciones, act\u00faa como un inhibidor adecuado para la corrosi\u00f3n.<\/p>\n<p><strong>ATMP<\/strong> es ampliamente utilizado en excelentes sistemas de circulaci\u00f3n de agua industrial y tuber\u00edas de yacimientos petrol\u00edferos de centrales t\u00e9rmicas y refiner\u00edas de petr\u00f3leo. Sus propiedades le permiten prevenir la formaci\u00f3n de incrustaciones en equipos met\u00e1licos y reducir la corrosi\u00f3n, lo que lo hace muy beneficioso para estas industrias.<\/p>\n<p>La forma s\u00f3lida de ATMP es polvo de cristal, soluble en agua, altamente delicuescente y adecuado para usar en temperaturas fr\u00edas y distritos de congelaci\u00f3n. Su \u00edndice de alta pureza lo hace perfecto para usar como agente quelante en las industrias de tejidos y te\u00f1ido y como agente de tratamiento de superficies met\u00e1licas.<\/p>\n<h3>Especificaci\u00f3n:<\/h3>\n<div id=\"footable_parent_701\"\n         class=\"footable_parent ninja_table_wrapper loading_ninja_table wp_table_data_press_parent semantic_ui\">\n                <table data-ninja_table_instance=\"ninja_table_instance_0\" data-footable_id=\"701\" data-filter-delay=\"1000\" aria-label=\"vcycletech.csv\"            id=\"footable_701\"\n           data-unique_identifier=\"ninja_table_unique_id_2163215056_701\"\n           class=\"foo-table ninja_footable foo_table_701 ninja_table_unique_id_2163215056_701 ui table  nt_type_legacy_table selectable striped vertical_centered  footable-paging-right ninja_table_pro\">\n                <colgroup>\n                            <col class=\"ninja_column_0\">\n                            <col class=\"ninja_column_1\">\n                            <col class=\"ninja_column_2\">\n                    <\/colgroup>\n        <thead>\n<tr class=\"footable-header\">\n                                                        <th scope=\"col\"  class=\"ninja_column_0 ninja_clmn_nm_items\">Art\u00edculos<\/th><th scope=\"col\"  class=\"ninja_column_1 ninja_clmn_nm_index\">\u00cdndice<\/th><th scope=\"col\"  class=\"ninja_column_2 ninja_clmn_nm_ninja_column_3\"><\/th><\/tr>\n<\/thead>\n<tbody>\n\n        <tr data-row_id=\"1\" class=\"ninja_table_row_0 nt_row_id_1\">\n            <td><\/td><td>Est\u00e1ndar<\/td><td>S\u00f3lido<\/td>        <\/tr>\n            <tr data-row_id=\"2\" class=\"ninja_table_row_1 nt_row_id_2\">\n            <td>Apariencia<\/td><td>Soluci\u00f3n acuosa transparente, incolora a amarillo p\u00e1lido<\/td><td>polvo de cristal blanco<\/td>        <\/tr>\n            <tr data-row_id=\"3\" class=\"ninja_table_row_2 nt_row_id_3\">\n            <td>\u00c1cido activo %<\/td><td>50,0 minutos<\/td><td>95,0 minutos<\/td>        <\/tr>\n            <tr data-row_id=\"4\" class=\"ninja_table_row_3 nt_row_id_4\">\n            <td>Cloruro (como Cl-)%<\/td><td>1.0 m\u00e1x.<\/td><td>1.0 m\u00e1x.<\/td>        <\/tr>\n            <tr data-row_id=\"5\" class=\"ninja_table_row_4 nt_row_id_5\">\n            <td>pH (soluci\u00f3n de agua 1%)<\/td><td>2.0 m\u00e1x.<\/td><td>2.0 m\u00e1x.<\/td>        <\/tr>\n            <tr data-row_id=\"6\" class=\"ninja_table_row_5 nt_row_id_6\">\n            <td>Fe, mg\/L<\/td><td>20,0 m\u00e1x.<\/td><td>20,0 m\u00e1x.<\/td>        <\/tr>\n            <tr data-row_id=\"7\" class=\"ninja_table_row_6 nt_row_id_7\">\n            <td>Densidad (20\u2103)g\/cm3<\/td><td>1,30 minutos<\/td><td>-<\/td>        <\/tr>\n    <\/tbody><!--ninja_tobody_rendering_done-->\n    <\/table>\n    \n    \n    \n<\/div>\n\n<h3>Usos del \u00e1cido amino trimetileno fosf\u00f3nico:<\/h3>\n<p>El \u00e1cido amino trimetileno fosf\u00f3nico (ATMP) es un agente quelante respetuoso con el medio ambiente en varios sectores industriales. Puede unir y transportar iones met\u00e1licos con mayor eficacia que otros agentes qu\u00edmicos. ATMP es muy eficaz para controlar las incrustaciones y la corrosi\u00f3n en los sistemas de agua, ya que evita la obstrucci\u00f3n de tuber\u00edas e intercambiadores de calor. Adem\u00e1s, se usa ampliamente como potenciador de detergente por su efecto de limpieza, lo que ayuda a limpiar superficies duras sin restregar ni pulir. Adem\u00e1s, ATMP tambi\u00e9n se utiliza en la industria textil y de tintes para procesos de desencolado y acabado, brindando resultados eficientes con un impacto ambiental m\u00ednimo.<\/p>\n<p>ATMP generalmente se usa con \u00e1cido organofosforado, \u00e1cido policarbox\u00edlico y sal para construir todos los agentes org\u00e1nicos de tratamiento de agua alcalina. ATMP se puede utilizar en muchos sistemas excelentes de circulaci\u00f3n de agua diferentes. Se recomienda una dosis de 1-20mg\/L. Como inhibidor de la corrosi\u00f3n, se prefiere la dosis de 20-60 mg\/L.<\/p>\n<h3>Paquete y almacenamiento de \u00e1cido atmp:<\/h3>\n<p>L\u00edquido ATMP: bid\u00f3n de pl\u00e1stico de 200 l, IBC (1000 l), requisito del cliente.<br \/>\nATMP s\u00f3lido: 25 kg\/bolsa, requisito del cliente.<br \/>\nAlmacenamiento durante diez meses en un cuarto oscuro y lugar seco.<\/p>\n<h3>Protecci\u00f3n de seguridad con \u00e1cido amino trimetileno fosf\u00f3nico:<\/h3>\n<p>Acidez, Ev\u00edtese el contacto con los ojos y la piel. Una vez en contacto, enjuague con agua.<\/p>\n<h3>Sin\u00f3nimos:<\/h3>\n<p>ATMP; ATMPA; AMP<br \/>\n\u00e1cido aminotrimetilenfosf\u00f3nico;<br \/>\nAmino Tri(\u00c1cido Fosf\u00f3nico de Metileno);<br \/>\ntris(\u00e1cido fosf\u00f3nico de metileno) amina;<br \/>\n\u00e1cido nitrilotrimetilfosf\u00f3nico (NTP);<br \/>\nnitrilotrimetilenotris (\u00e1cido fosf\u00f3nico);<br \/>\n\u041d\u0438\u0442\u0440\u0438\u043b\u043e\u0442\u0440\u0438\u043c\u0435\u0442\u0438\u043b\u0444\u043e\u0441\u0444\u043e\u043d\u043e\u0432\u0430\u044f \u043a\u0438\u0441\u043b\u043e\u0442\u0430(\u041d\u0422\u0424 -\u043a\u0438\u0441\u043b\u043e\u0442\u0430)<\/p>\n<h3>Preguntas frecuentes:<\/h3>\n<p><strong>P1: \u00bfQu\u00e9 es el \u00e1cido amino trimetileno fosf\u00f3nico y para qu\u00e9 se utiliza?<\/strong><br \/>\nEl \u00e1cido amino trimetileno fosf\u00f3nico (ATMP) es un compuesto org\u00e1nico utilizado en el tratamiento de aguas y limpieza industrial. Act\u00faa como inhibidor de incrustaciones, lo que significa que ayuda a reducir la formaci\u00f3n de dep\u00f3sitos de carbonato de calcio en las superficies que pueden causar obstrucciones o corrosi\u00f3n. ATMP tambi\u00e9n ayuda a prevenir el ensuciamiento y la emulsificaci\u00f3n, lo que lo convierte en una opci\u00f3n ideal para su uso en sistemas de tratamiento de agua dise\u00f1ados para proporcionar agua potable limpia y saludable.<\/p>\n<p><strong>P2: \u00bfCu\u00e1les son los beneficios de usar \u00e1cido amino trimetileno fosf\u00f3nico?<\/strong><br \/>\nATMP tiene varias ventajas sobre otros compuestos similares en t\u00e9rminos de su compatibilidad con el medio ambiente y su eficacia. Como compuesto no t\u00f3xico, ATMP no representa un riesgo para la vida acu\u00e1tica o el crecimiento de las plantas, lo que lo hace seguro para su uso incluso en \u00e1reas con ecosistemas sensibles. Adem\u00e1s, se ha descubierto que ATMP es m\u00e1s eficaz que otros inhibidores de incrustaciones para ayudar a prevenir la formaci\u00f3n de incrustaciones en superficies y tuber\u00edas debido a su bajo peso molecular, lo que le permite penetrar f\u00e1cilmente en las superficies y formar pel\u00edculas delgadas que ayudan a protegerlas de la corrosi\u00f3n.<\/p>\n<p><strong>P3: \u00bfEl \u00e1cido aminotrimetilenfosf\u00f3nico es seguro para el consumo humano?<\/strong><br \/>\nS\u00ed, el ATMP es seguro para el consumo humano cuando se usa en las concentraciones recomendadas dentro de los par\u00e1metros establecidos por la Organizaci\u00f3n Mundial de la Salud (OMS). En t\u00e9rminos generales, el ATMP se considera seguro para la salud humana cuando est\u00e1 presente en niveles inferiores a 0,5 mg\/l en los suministros de agua potable.<\/p>\n<p><strong>P4: \u00bfC\u00f3mo funciona el \u00e1cido amino trimetileno fosf\u00f3nico?<\/strong><br \/>\nATMP funciona formando una pel\u00edcula protectora delgada en las paredes y tuber\u00edas expuestas que atrapa los iones de calcio presentes en la soluci\u00f3n antes de que puedan adherirse a la superficie. Esto evita la formaci\u00f3n de incrustaciones y el ensuciamiento de las tuber\u00edas y reduce el riesgo de corrosi\u00f3n debido a que los minerales atrapados, como los \u00f3xidos de hierro o los sulfatos, se incrustan en estas superficies con el tiempo debido a su mayor tama\u00f1o en relaci\u00f3n con el de las propias mol\u00e9culas de ATMP.<\/p>\n<p><a href=\"https:\/\/vcycletech.com\/es\/categoria-de-producto\/fosfonatos-antiincrustante-inhibidor-de-corrosion\/\">Obtenga la soluci\u00f3n completa de inhibidor de corrosi\u00f3n y antiincrustante de fosfonatos<\/a>.<\/p>","protected":false},"excerpt":{"rendered":"<p><strong>\u00c1cido Amino Trimetileno Fosf\u00f3nico<\/strong> <strong>(ATMP)<\/strong> es un l\u00edquido incoloro a amarillo claro con olor a amon\u00edaco. Es soluble en agua y miscible con la mayor\u00eda de los disolventes org\u00e1nicos. <strong>ATMP<\/strong> es un agente quelante de alto rendimiento que secuestra iones met\u00e1licos formando complejos. Los complejos de iones met\u00e1licos son inestables y pueden hidrolizarse f\u00e1cilmente para liberar los metales enlazados. Los agentes quelantes utilizan muchas aplicaciones industriales, incluido el tratamiento de agua, el procesamiento de pulpa y papel, el procesamiento de textiles, la producci\u00f3n de alimentos, la formulaci\u00f3n de detergentes y los inhibidores de corrosi\u00f3n. vcycletech ofrece lo mejor <strong>\u00c1cido amino trimetileno fosf\u00f3nico (ATMP)<\/strong> de china a un precio muy competitivo. Suministramos productos de calidad que cumplen con los requisitos de la Organizaci\u00f3n Internacional de Normalizaci\u00f3n (ISO). Nuestro <strong>\u00c1cido amino trimetileno fosf\u00f3nico (ATMP)<\/strong> est\u00e1 disponible en varias cantidades para su conveniencia. \u00a1Cont\u00e1ctenos hoy para obtener m\u00e1s informaci\u00f3n o hacer un pedido!<\/p>","protected":false},"featured_media":2264,"template":"","meta":{"site-sidebar-layout":"default","site-content-layout":"default","ast-site-content-layout":"default","site-content-style":"default","site-sidebar-style":"default","ast-global-header-display":"","ast-banner-title-visibility":"","ast-main-header-display":"","ast-hfb-above-header-display":"","ast-hfb-below-header-display":"","ast-hfb-mobile-header-display":"","site-post-title":"","ast-breadcrumbs-content":"","ast-featured-img":"","footer-sml-layout":"","ast-disable-related-posts":"","theme-transparent-header-meta":"default","adv-header-id-meta":"","stick-header-meta":"default","header-above-stick-meta":"","header-main-stick-meta":"","header-below-stick-meta":"","astra-migrate-meta-layouts":"default","ast-page-background-enabled":"default","ast-page-background-meta":{"desktop":{"background-color":"","background-image":"","background-repeat":"repeat","background-position":"center center","background-size":"auto","background-attachment":"scroll","background-type":"","background-media":"","overlay-type":"","overlay-color":"","overlay-opacity":"","overlay-gradient":""},"tablet":{"background-color":"","background-image":"","background-repeat":"repeat","background-position":"center center","background-size":"auto","background-attachment":"scroll","background-type":"","background-media":"","overlay-type":"","overlay-color":"","overlay-opacity":"","overlay-gradient":""},"mobile":{"background-color":"","background-image":"","background-repeat":"repeat","background-position":"center center","background-size":"auto","background-attachment":"scroll","background-type":"","background-media":"","overlay-type":"","overlay-color":"","overlay-opacity":"","overlay-gradient":""}},"ast-content-background-meta":{"desktop":{"background-color":"var(--ast-global-color-5)","background-image":"","background-repeat":"repeat","background-position":"center center","background-size":"auto","background-attachment":"scroll","background-type":"","background-media":"","overlay-type":"","overlay-color":"","overlay-opacity":"","overlay-gradient":""},"tablet":{"background-color":"var(--ast-global-color-5)","background-image":"","background-repeat":"repeat","background-position":"center center","background-size":"auto","background-attachment":"scroll","background-type":"","background-media":"","overlay-type":"","overlay-color":"","overlay-opacity":"","overlay-gradient":""},"mobile":{"background-color":"var(--ast-global-color-5)","background-image":"","background-repeat":"repeat","background-position":"center center","background-size":"auto","background-attachment":"scroll","background-type":"","background-media":"","overlay-type":"","overlay-color":"","overlay-opacity":"","overlay-gradient":""}}},"product_brand":[],"product_cat":[15],"product_tag":[25,26],"class_list":{"0":"post-695","1":"product","2":"type-product","3":"status-publish","4":"has-post-thumbnail","6":"product_cat-phosphonates-antiscalant-corrosion-inhibitor","7":"product_tag-corrosion-inhibitor","8":"product_tag-phosphonates-antiscalant","9":"desktop-align-left","10":"tablet-align-left","11":"mobile-align-left","12":"ast-product-gallery-layout-horizontal-slider","13":"ast-product-tabs-layout-horizontal","15":"first","16":"instock","17":"shipping-taxable","18":"product-type-simple"},"yoast_head":"<!-- This site is optimized with the Yoast SEO Premium plugin v26.3 (Yoast SEO v27.3) - https:\/\/yoast.com\/product\/yoast-seo-premium-wordpress\/ -->\n<title>Amino Trimethylene Phosphonic Acid (ATMP) - vcycletech<\/title>\n<meta name=\"description\" content=\"Amino Trimethylene Phosphonic Acid is a water-soluble, colorless crystal or white powder. It can be used as a chelating agent, detergent builder, and corrosion inhibitor.\" \/>\n<meta name=\"robots\" content=\"index, follow, max-snippet:-1, max-image-preview:large, max-video-preview:-1\" \/>\n<link rel=\"canonical\" href=\"https:\/\/vcycletech.com\/es\/producto\/amino-trimetileno-fosfonico-acido-atmp\/\" \/>\n<meta property=\"og:locale\" content=\"es_MX\" \/>\n<meta property=\"og:type\" content=\"article\" \/>\n<meta property=\"og:title\" content=\"Amino Trimethylene Phosphonic Acid (ATMP)\" \/>\n<meta property=\"og:description\" content=\"Amino Trimethylene Phosphonic Acid is a water-soluble, colorless crystal or white powder. It can be used as a chelating agent, detergent builder, and corrosion inhibitor.\" \/>\n<meta property=\"og:url\" content=\"https:\/\/vcycletech.com\/es\/producto\/amino-trimetileno-fosfonico-acido-atmp\/\" \/>\n<meta property=\"og:site_name\" content=\"vcycletech\" \/>\n<meta property=\"article:modified_time\" content=\"2023-03-27T07:03:19+00:00\" \/>\n<meta property=\"og:image\" content=\"https:\/\/vcycletech.com\/wp-content\/uploads\/2023\/03\/1-97.png\" \/>\n\t<meta property=\"og:image:width\" content=\"600\" \/>\n\t<meta property=\"og:image:height\" content=\"600\" \/>\n\t<meta property=\"og:image:type\" content=\"image\/png\" \/>\n<meta name=\"twitter:card\" content=\"summary_large_image\" \/>\n<meta name=\"twitter:label1\" content=\"Tiempo de lectura\" \/>\n\t<meta name=\"twitter:data1\" content=\"4 minutos\" \/>\n<script type=\"application\/ld+json\" class=\"yoast-schema-graph\">{\"@context\":\"https:\\\/\\\/schema.org\",\"@graph\":[{\"@type\":\"WebPage\",\"@id\":\"https:\\\/\\\/vcycletech.com\\\/product\\\/amino-trimethylene-phosphonic-acid-atmp\\\/\",\"url\":\"https:\\\/\\\/vcycletech.com\\\/product\\\/amino-trimethylene-phosphonic-acid-atmp\\\/\",\"name\":\"Amino Trimethylene Phosphonic Acid (ATMP) - vcycletech\",\"isPartOf\":{\"@id\":\"https:\\\/\\\/vcycletech.com\\\/#website\"},\"primaryImageOfPage\":{\"@id\":\"https:\\\/\\\/vcycletech.com\\\/product\\\/amino-trimethylene-phosphonic-acid-atmp\\\/#primaryimage\"},\"image\":{\"@id\":\"https:\\\/\\\/vcycletech.com\\\/product\\\/amino-trimethylene-phosphonic-acid-atmp\\\/#primaryimage\"},\"thumbnailUrl\":\"https:\\\/\\\/vcycletech.com\\\/wp-content\\\/uploads\\\/2023\\\/03\\\/1-97.png\",\"datePublished\":\"2023-03-15T20:43:39+00:00\",\"dateModified\":\"2023-03-27T07:03:19+00:00\",\"description\":\"Amino Trimethylene Phosphonic Acid is a water-soluble, colorless crystal or white powder. It can be used as a chelating agent, detergent builder, and corrosion inhibitor.\",\"breadcrumb\":{\"@id\":\"https:\\\/\\\/vcycletech.com\\\/product\\\/amino-trimethylene-phosphonic-acid-atmp\\\/#breadcrumb\"},\"inLanguage\":\"es\",\"potentialAction\":[{\"@type\":\"ReadAction\",\"target\":[\"https:\\\/\\\/vcycletech.com\\\/product\\\/amino-trimethylene-phosphonic-acid-atmp\\\/\"]}]},{\"@type\":\"ImageObject\",\"inLanguage\":\"es\",\"@id\":\"https:\\\/\\\/vcycletech.com\\\/product\\\/amino-trimethylene-phosphonic-acid-atmp\\\/#primaryimage\",\"url\":\"https:\\\/\\\/vcycletech.com\\\/wp-content\\\/uploads\\\/2023\\\/03\\\/1-97.png\",\"contentUrl\":\"https:\\\/\\\/vcycletech.com\\\/wp-content\\\/uploads\\\/2023\\\/03\\\/1-97.png\",\"width\":600,\"height\":600,\"caption\":\"Amino Trimethylene Phosphonic Acid (ATMP)\"},{\"@type\":\"BreadcrumbList\",\"@id\":\"https:\\\/\\\/vcycletech.com\\\/product\\\/amino-trimethylene-phosphonic-acid-atmp\\\/#breadcrumb\",\"itemListElement\":[{\"@type\":\"ListItem\",\"position\":1,\"name\":\"Home\",\"item\":\"https:\\\/\\\/vcycletech.com\\\/\"},{\"@type\":\"ListItem\",\"position\":2,\"name\":\"Water Treatment Chemicals Manufacturer\",\"item\":\"https:\\\/\\\/vcycletech.com\\\/water-treatment-chemicals-manufacturer\\\/\"},{\"@type\":\"ListItem\",\"position\":3,\"name\":\"Amino Trimethylene Phosphonic Acid (ATMP)\"}]},{\"@type\":\"WebSite\",\"@id\":\"https:\\\/\\\/vcycletech.com\\\/#website\",\"url\":\"https:\\\/\\\/vcycletech.com\\\/\",\"name\":\"vcycletech\",\"description\":\"China&#039;s top water treatment chemicals supplier\",\"publisher\":{\"@id\":\"https:\\\/\\\/vcycletech.com\\\/#organization\"},\"potentialAction\":[{\"@type\":\"SearchAction\",\"target\":{\"@type\":\"EntryPoint\",\"urlTemplate\":\"https:\\\/\\\/vcycletech.com\\\/?s={search_term_string}\"},\"query-input\":{\"@type\":\"PropertyValueSpecification\",\"valueRequired\":true,\"valueName\":\"search_term_string\"}}],\"inLanguage\":\"es\"},{\"@type\":\"Organization\",\"@id\":\"https:\\\/\\\/vcycletech.com\\\/#organization\",\"name\":\"vcycletech\",\"url\":\"https:\\\/\\\/vcycletech.com\\\/\",\"logo\":{\"@type\":\"ImageObject\",\"inLanguage\":\"es\",\"@id\":\"https:\\\/\\\/vcycletech.com\\\/#\\\/schema\\\/logo\\\/image\\\/\",\"url\":\"https:\\\/\\\/vcycletech.com\\\/wp-content\\\/uploads\\\/2023\\\/03\\\/logo-vcycletech-1.png\",\"contentUrl\":\"https:\\\/\\\/vcycletech.com\\\/wp-content\\\/uploads\\\/2023\\\/03\\\/logo-vcycletech-1.png\",\"width\":600,\"height\":400,\"caption\":\"vcycletech\"},\"image\":{\"@id\":\"https:\\\/\\\/vcycletech.com\\\/#\\\/schema\\\/logo\\\/image\\\/\"}}]}<\/script>\n<!-- \/ Yoast SEO Premium plugin. -->","yoast_head_json":{"title":"\u00c1cido amino trimetileno fosf\u00f3nico (ATMP) - vcycletech","description":"El \u00e1cido amino trimetileno fosf\u00f3nico es un cristal incoloro soluble en agua o un polvo blanco. Se puede utilizar como agente quelante, formador de detergentes e inhibidor de la corrosi\u00f3n.","robots":{"index":"index","follow":"follow","max-snippet":"max-snippet:-1","max-image-preview":"max-image-preview:large","max-video-preview":"max-video-preview:-1"},"canonical":"https:\/\/vcycletech.com\/es\/producto\/amino-trimetileno-fosfonico-acido-atmp\/","og_locale":"es_MX","og_type":"article","og_title":"Amino Trimethylene Phosphonic Acid (ATMP)","og_description":"Amino Trimethylene Phosphonic Acid is a water-soluble, colorless crystal or white powder. It can be used as a chelating agent, detergent builder, and corrosion inhibitor.","og_url":"https:\/\/vcycletech.com\/es\/producto\/amino-trimetileno-fosfonico-acido-atmp\/","og_site_name":"vcycletech","article_modified_time":"2023-03-27T07:03:19+00:00","og_image":[{"width":600,"height":600,"url":"https:\/\/vcycletech.com\/wp-content\/uploads\/2023\/03\/1-97.png","type":"image\/png"}],"twitter_card":"summary_large_image","twitter_misc":{"Tiempo de lectura":"4 minutos"},"schema":{"@context":"https:\/\/schema.org","@graph":[{"@type":"WebPage","@id":"https:\/\/vcycletech.com\/product\/amino-trimethylene-phosphonic-acid-atmp\/","url":"https:\/\/vcycletech.com\/product\/amino-trimethylene-phosphonic-acid-atmp\/","name":"\u00c1cido amino trimetileno fosf\u00f3nico (ATMP) - vcycletech","isPartOf":{"@id":"https:\/\/vcycletech.com\/#website"},"primaryImageOfPage":{"@id":"https:\/\/vcycletech.com\/product\/amino-trimethylene-phosphonic-acid-atmp\/#primaryimage"},"image":{"@id":"https:\/\/vcycletech.com\/product\/amino-trimethylene-phosphonic-acid-atmp\/#primaryimage"},"thumbnailUrl":"https:\/\/vcycletech.com\/wp-content\/uploads\/2023\/03\/1-97.png","datePublished":"2023-03-15T20:43:39+00:00","dateModified":"2023-03-27T07:03:19+00:00","description":"El \u00e1cido amino trimetileno fosf\u00f3nico es un cristal incoloro soluble en agua o un polvo blanco. Se puede utilizar como agente quelante, formador de detergentes e inhibidor de la corrosi\u00f3n.","breadcrumb":{"@id":"https:\/\/vcycletech.com\/product\/amino-trimethylene-phosphonic-acid-atmp\/#breadcrumb"},"inLanguage":"es","potentialAction":[{"@type":"ReadAction","target":["https:\/\/vcycletech.com\/product\/amino-trimethylene-phosphonic-acid-atmp\/"]}]},{"@type":"ImageObject","inLanguage":"es","@id":"https:\/\/vcycletech.com\/product\/amino-trimethylene-phosphonic-acid-atmp\/#primaryimage","url":"https:\/\/vcycletech.com\/wp-content\/uploads\/2023\/03\/1-97.png","contentUrl":"https:\/\/vcycletech.com\/wp-content\/uploads\/2023\/03\/1-97.png","width":600,"height":600,"caption":"Amino Trimethylene Phosphonic Acid (ATMP)"},{"@type":"BreadcrumbList","@id":"https:\/\/vcycletech.com\/product\/amino-trimethylene-phosphonic-acid-atmp\/#breadcrumb","itemListElement":[{"@type":"ListItem","position":1,"name":"Home","item":"https:\/\/vcycletech.com\/"},{"@type":"ListItem","position":2,"name":"Water Treatment Chemicals Manufacturer","item":"https:\/\/vcycletech.com\/water-treatment-chemicals-manufacturer\/"},{"@type":"ListItem","position":3,"name":"Amino Trimethylene Phosphonic Acid (ATMP)"}]},{"@type":"WebSite","@id":"https:\/\/vcycletech.com\/#website","url":"https:\/\/vcycletech.com\/","name":"vcycletech","description":"El principal proveedor de productos qu\u00edmicos para el tratamiento del agua de China y #039;","publisher":{"@id":"https:\/\/vcycletech.com\/#organization"},"potentialAction":[{"@type":"SearchAction","target":{"@type":"EntryPoint","urlTemplate":"https:\/\/vcycletech.com\/?s={search_term_string}"},"query-input":{"@type":"PropertyValueSpecification","valueRequired":true,"valueName":"search_term_string"}}],"inLanguage":"es"},{"@type":"Organization","@id":"https:\/\/vcycletech.com\/#organization","name":"vcycletech","url":"https:\/\/vcycletech.com\/","logo":{"@type":"ImageObject","inLanguage":"es","@id":"https:\/\/vcycletech.com\/#\/schema\/logo\/image\/","url":"https:\/\/vcycletech.com\/wp-content\/uploads\/2023\/03\/logo-vcycletech-1.png","contentUrl":"https:\/\/vcycletech.com\/wp-content\/uploads\/2023\/03\/logo-vcycletech-1.png","width":600,"height":400,"caption":"vcycletech"},"image":{"@id":"https:\/\/vcycletech.com\/#\/schema\/logo\/image\/"}}]}},"_links":{"self":[{"href":"https:\/\/vcycletech.com\/es\/wp-json\/wp\/v2\/product\/695","targetHints":{"allow":["GET"]}}],"collection":[{"href":"https:\/\/vcycletech.com\/es\/wp-json\/wp\/v2\/product"}],"about":[{"href":"https:\/\/vcycletech.com\/es\/wp-json\/wp\/v2\/types\/product"}],"wp:featuredmedia":[{"embeddable":true,"href":"https:\/\/vcycletech.com\/es\/wp-json\/wp\/v2\/media\/2264"}],"wp:attachment":[{"href":"https:\/\/vcycletech.com\/es\/wp-json\/wp\/v2\/media?parent=695"}],"wp:term":[{"taxonomy":"product_brand","embeddable":true,"href":"https:\/\/vcycletech.com\/es\/wp-json\/wp\/v2\/product_brand?post=695"},{"taxonomy":"product_cat","embeddable":true,"href":"https:\/\/vcycletech.com\/es\/wp-json\/wp\/v2\/product_cat?post=695"},{"taxonomy":"product_tag","embeddable":true,"href":"https:\/\/vcycletech.com\/es\/wp-json\/wp\/v2\/product_tag?post=695"}],"curies":[{"name":"wp","href":"https:\/\/api.w.org\/{rel}","templated":true}]}}