{"id":2610,"date":"2023-03-23T11:02:04","date_gmt":"2023-03-23T11:02:04","guid":{"rendered":"https:\/\/vcycletech.com\/?post_type=product&#038;p=2610"},"modified":"2023-03-23T11:02:04","modified_gmt":"2023-03-23T11:02:04","slug":"agua-decolorante-agente","status":"publish","type":"product","link":"https:\/\/vcycletech.com\/es\/producto\/agua-decolorante-agente\/","title":{"rendered":"Agente decolorante de agua"},"content":{"rendered":"<h2 id=\"introduction_2\" class=\"xsj_heading_hash xsj_heading xsj_heading_h2\" data-source-line=\"6\" data-source-line-display=\"true\"><span class=\"xsj_heading_content\">Introducci\u00f3n<\/span><\/h2>\n<p class=\"xsj_paragraph xsj_paragraph_level_0\" data-source-line=\"7\" data-source-line-display=\"true\">El agente decolorante del agua es vital para tratar y decolorar las aguas residuales de las plantas de procesamiento textil, las industrias de tintes y otras aplicaciones industriales. Ayuda a mantener limpias las aguas residuales proporcionando una decoloraci\u00f3n excepcional (hasta 99%) con reducci\u00f3n de DQO (50%-80%). Este agente especial se puede utilizar en varios procesos para garantizar una calidad \u00f3ptima del agua.<\/p>\n<div class=\"xiaoshujiang_element xsj_anchor\"><a class=\"blank_anchor_name\" name=\"features_3\"><\/a><a id=\"features_3\" class=\"blank_anchor_id\"><\/a><a class=\"blank_anchor_name\" name=\"features\"><\/a><a id=\"features\" class=\"blank_anchor_id\"><\/a><\/div>\n<h2 id=\"features_3\" class=\"xsj_heading_hash xsj_heading xsj_heading_h2\" data-source-line=\"9\" data-source-line-display=\"true\"><span class=\"xsj_heading_content\">Caracter\u00edsticas<\/span><\/h2>\n<p class=\"xsj_paragraph xsj_paragraph_level_0\" data-source-line=\"11\" data-source-line-display=\"true\">El agente decolorante del agua brinda varios beneficios a las industrias que se ocupan de las aguas residuales. Puede eliminar con eficacia los contaminantes org\u00e1nicos y los colorantes, reduciendo los niveles de DQO del agua subterr\u00e1nea o superficial. El agente tambi\u00e9n ayuda a descomponer la materia org\u00e1nica en di\u00f3xido de carbono y sales org\u00e1nicas, lo que permite que se elimine o recicle f\u00e1cilmente. Adem\u00e1s, tiene bajos niveles de toxicidad, lo que lo hace seguro para su uso en \u00e1reas donde la salud ambiental es primordial. Finalmente, este agente es altamente econ\u00f3mico y rentable en comparaci\u00f3n con otros tratamientos.<\/p>\n<div class=\"xiaoshujiang_element xsj_anchor\"><a class=\"blank_anchor_name\" name=\"applications_4\"><\/a><a id=\"applications_4\" class=\"blank_anchor_id\"><\/a><a class=\"blank_anchor_name\" name=\"applications\"><\/a><a id=\"applications\" class=\"blank_anchor_id\"><\/a><\/div>\n<h2 id=\"applications_4\" class=\"xsj_heading_hash xsj_heading xsj_heading_h2\" data-source-line=\"13\" data-source-line-display=\"true\"><span class=\"xsj_heading_content\">Aplicaciones<\/span><\/h2>\n<p class=\"xsj_paragraph xsj_paragraph_level_0\" data-source-line=\"15\" data-source-line-display=\"true\">El agente decolorante del agua se usa a menudo en la producci\u00f3n de alimentos y bebidas, fabricaci\u00f3n de papel, productos petroqu\u00edmicos, tintas de impresi\u00f3n, detergentes, curtido de cuero y muchos m\u00e1s. Puede usarse como pretratamiento antes de los sistemas de tratamiento biol\u00f3gico de aguas residuales o directamente despu\u00e9s de un sistema de tratamiento mec\u00e1nico que elimina las part\u00edculas m\u00e1s grandes. Este agente tambi\u00e9n es una soluci\u00f3n ideal para industrias que requieren altos niveles de limpieza, como hospitales y laboratorios, debido a sus excelentes capacidades de decoloraci\u00f3n.<\/p>\n<h2>Especificaci\u00f3n:<\/h2>\n<div id=\"tablepress-10_wrapper\" class=\"dataTables_wrapper no-footer\">\n<table id=\"tablepress-16\" class=\"tablepress tablepress-id-16\">\n<thead>\n<tr class=\"row-1\">\n\t<th class=\"column-1\">Art\u00edculo<\/th><th class=\"column-2\">Agente decolorante de agua<\/th><td class=\"column-3\"><\/td><td class=\"column-4\"><\/td>\n<\/tr>\n<\/thead>\n<tbody class=\"row-striping row-hover\">\n<tr class=\"row-2\">\n\t<td class=\"column-1\">Componentes principales<\/td><td class=\"column-2\">resina de diciandiamida formaldeh\u00eddo<\/td><td class=\"column-3\"><\/td><td class=\"column-4\"><\/td>\n<\/tr>\n<tr class=\"row-3\">\n\t<td class=\"column-1\">Apariencia<\/td><td class=\"column-2\">l\u00edquido pegajoso incoloro o de color claro<\/td><td class=\"column-3\"><\/td><td class=\"column-4\"><\/td>\n<\/tr>\n<tr class=\"row-4\">\n\t<td class=\"column-1\">Viscosidad din\u00e1mica (mpa.s,20\u00b0C)<\/td><td class=\"column-2\">10-500<\/td><td class=\"column-3\"><\/td><td class=\"column-4\"><\/td>\n<\/tr>\n<tr class=\"row-5\">\n\t<td class=\"column-1\">pH (soluci\u00f3n de agua 30%)<\/td><td class=\"column-2\">2.0-5.0<\/td><td class=\"column-3\"><\/td><td class=\"column-4\"><\/td>\n<\/tr>\n<tr class=\"row-6\">\n\t<td class=\"column-1\">contenido de oliidos % \u2265<\/td><td class=\"column-2\">50<\/td><td class=\"column-3\"><\/td><td class=\"column-4\"><\/td>\n<\/tr>\n<tr class=\"row-7\">\n\t<td class=\"column-1\">Nota: nuestro producto se puede fabricar a pedido especial.<\/td><td class=\"column-2\"><\/td><td class=\"column-3\"><\/td><td class=\"column-4\"><\/td>\n<\/tr>\n<\/tbody>\n<\/table>\n<\/div>\n<div class=\"xiaoshujiang_element xsj_anchor\"><a class=\"blank_anchor_name\" name=\"faqs_5\"><\/a><a id=\"faqs_5\" class=\"blank_anchor_id\"><\/a><a class=\"blank_anchor_name\" name=\"faqs\"><\/a><a id=\"faqs\" class=\"blank_anchor_id\"><\/a><\/div>\n<h2 id=\"faqs_5\" class=\"xsj_heading_hash xsj_heading xsj_heading_h2\" data-source-line=\"17\" data-source-line-display=\"true\"><span class=\"xsj_heading_content\">preguntas frecuentes<\/span><\/h2>\n<div class=\"xiaoshujiang_element xsj_anchor\"><a class=\"blank_anchor_name\" name=\"q120what20are20the20benefits20of20using20water20decoloring20agent_6\"><\/a><a id=\"q120what20are20the20benefits20of20using20water20decoloring20agent_6\" class=\"blank_anchor_id\"><\/a><a class=\"blank_anchor_name\" name=\"q1-what-are-the-benefits-of-using-water-decoloring-agent\"><\/a><a id=\"q1-what-are-the-benefits-of-using-water-decoloring-agent\" class=\"blank_anchor_id\"><\/a><\/div>\n<h3 id=\"q120what20are20the20benefits20of20using20water20decoloring20agent_6\" class=\"xsj_heading_hash xsj_heading xsj_heading_h3\" data-source-line=\"21\" data-source-line-display=\"true\"><span class=\"xsj_heading_content\">P1: \u00bfCu\u00e1les son los beneficios de usar un agente decolorante al agua?<\/span><\/h3>\n<p class=\"xsj_paragraph xsj_paragraph_level_0\" data-source-line=\"23\" data-source-line-display=\"true\">A1: El agente decolorante del agua brinda una decoloraci\u00f3n excepcional (hasta 99%) con reducci\u00f3n de DQO (50%-80%), eliminando de manera efectiva los contaminantes org\u00e1nicos y los colorantes de las aguas residuales mientras los descompone en di\u00f3xido de carbono y sales org\u00e1nicas para una f\u00e1cil eliminaci\u00f3n o reciclaje. El agente tambi\u00e9n tiene bajos niveles de toxicidad, lo que lo hace seguro para su uso en \u00e1reas con regulaciones ambientales m\u00e1s estrictas.<\/p>\n<div class=\"xiaoshujiang_element xsj_anchor\"><a class=\"blank_anchor_name\" name=\"q220what20kind20of20industries20uses20water20decoloring20agent_7\"><\/a><a id=\"q220what20kind20of20industries20uses20water20decoloring20agent_7\" class=\"blank_anchor_id\"><\/a><a class=\"blank_anchor_name\" name=\"q2-what-kind-of-industries-uses-water-decoloring-agent\"><\/a><a id=\"q2-what-kind-of-industries-uses-water-decoloring-agent\" class=\"blank_anchor_id\"><\/a><\/div>\n<h3 id=\"q220what20kind20of20industries20uses20water20decoloring20agent_7\" class=\"xsj_heading_hash xsj_heading xsj_heading_h3\" data-source-line=\"25\" data-source-line-display=\"true\"><span class=\"xsj_heading_content\">P2: \u00bfQu\u00e9 tipo de industrias utilizan el agente decolorante del agua?<\/span><\/h3>\n<p class=\"xsj_paragraph xsj_paragraph_level_0\" data-source-line=\"27\" data-source-line-display=\"true\">A2: Los agentes decolorantes del agua se utilizan a menudo en la producci\u00f3n de alimentos y bebidas, fabricaci\u00f3n de papel, productos petroqu\u00edmicos, detergentes para tintas de impresi\u00f3n, curtido de pieles, hospitales y laboratorios, etc.<\/p>\n<div class=\"xiaoshujiang_element xsj_anchor\"><a class=\"blank_anchor_name\" name=\"q320is20water20decoloring20agent20cost20effective_8\"><\/a><a id=\"q320is20water20decoloring20agent20cost20effective_8\" class=\"blank_anchor_id\"><\/a><a class=\"blank_anchor_name\" name=\"q3-is-water-decoloring-agent-cost-effective\"><\/a><a id=\"q3-is-water-decoloring-agent-cost-effective\" class=\"blank_anchor_id\"><\/a><\/div>\n<h3 id=\"q320is20water20decoloring20agent20cost20effective_8\" class=\"xsj_heading_hash xsj_heading xsj_heading_h3\" data-source-line=\"29\" data-source-line-display=\"true\"><span class=\"xsj_heading_content\">P3: \u00bfEs rentable el agente decolorante de agua?<\/span><\/h3>\n<p class=\"xsj_paragraph xsj_paragraph_level_0\" data-source-line=\"31\" data-source-line-display=\"true\">R3: \u00a1S\u00ed! En comparaci\u00f3n con otros tratamientos disponibles en la actualidad, el uso de agentes decolorantes del agua es una soluci\u00f3n muy econ\u00f3mica y rentable para muchas industrias que necesitan tratar sus aguas residuales.<\/p>\n<div class=\"xiaoshujiang_element xsj_anchor\"><a class=\"blank_anchor_name\" name=\"q420how20does20water20decoloring20agent20work_9\"><\/a><a id=\"q420how20does20water20decoloring20agent20work_9\" class=\"blank_anchor_id\"><\/a><a class=\"blank_anchor_name\" name=\"q4-how-does-water-decoloring-agent-work\"><\/a><a id=\"q4-how-does-water-decoloring-agent-work\" class=\"blank_anchor_id\"><\/a><\/div>\n<h3 id=\"q420how20does20water20decoloring20agent20work_9\" class=\"xsj_heading_hash xsj_heading xsj_heading_h3\" data-source-line=\"33\" data-source-line-display=\"true\"><span class=\"xsj_heading_content\">P4: \u00bfC\u00f3mo funciona el agente decolorante de agua?<\/span><\/h3>\n<p class=\"xsj_paragraph xsj_paragraph_level_0\" data-source-line=\"35\" data-source-line-display=\"true\">R4: El agente funciona descomponiendo la materia org\u00e1nica en di\u00f3xido de carbono y sales org\u00e1nicas, que luego pueden eliminarse o reciclarse seg\u00fan las necesidades de aplicaci\u00f3n de los requisitos del proceso de tratamiento de aguas residuales de su industria.<\/p>\n<div class=\"xiaoshujiang_element xsj_anchor\"><a class=\"blank_anchor_name\" name=\"q520is20it20safe20to20use20water20decoloring20agent_10\"><\/a><a id=\"q520is20it20safe20to20use20water20decoloring20agent_10\" class=\"blank_anchor_id\"><\/a><a class=\"blank_anchor_name\" name=\"q5-is-it-safe-to-use-water-decoloring-agent\"><\/a><a id=\"q5-is-it-safe-to-use-water-decoloring-agent\" class=\"blank_anchor_id\"><\/a><\/div>\n<h3 id=\"q520is20it20safe20to20use20water20decoloring20agent_10\" class=\"xsj_heading_hash xsj_heading xsj_heading_h3\" data-source-line=\"37\" data-source-line-display=\"true\"><span class=\"xsj_heading_content\">P5: \u00bfEs seguro usar el agente decolorante al agua?<\/span><\/h3>\n<p class=\"xsj_paragraph xsj_paragraph_level_0\" data-source-line=\"39\" data-source-line-display=\"true\">A5: \u00a1S\u00ed! El bajo nivel de toxicidad hace que este agente sea muy seguro incluso cuando se usa en \u00e1reas donde la salud ambiental es importante, como hospitales y laboratorios.<\/p>\n<p class=\"xsj_paragraph xsj_paragraph_level_0\" data-source-line=\"41\" data-source-line-display=\"true\"><a class=\"xsj_link xsj_manu_link\" href=\"https:\/\/vcycletech.com\/es\/categoria-de-producto\/coagulantes-y-floculantes\/\">Obtenga la soluci\u00f3n completa de Coagulantes y Floculantes.<\/a><\/p>","protected":false},"excerpt":{"rendered":"<p>de vcycletech <strong>Agente decolorante de agua<\/strong> es un producto de alta calidad que ofrece una decoloraci\u00f3n excepcional y una reducci\u00f3n de DQO. Es esencial para mantener limpias las aguas residuales en las casas de proceso textil y las industrias de tintes, por lo que es una herramienta indispensable para estos negocios. Nuestro agente decolorante de agua satisfar\u00e1 sus necesidades con una decoloraci\u00f3n de hasta 99% y una reducci\u00f3n de DQO de 50%-80%. \u00a1Cont\u00e1ctenos hoy para aprender m\u00e1s!<\/p>","protected":false},"featured_media":2612,"template":"","meta":{"site-sidebar-layout":"default","site-content-layout":"default","ast-site-content-layout":"default","site-content-style":"default","site-sidebar-style":"default","ast-global-header-display":"","ast-banner-title-visibility":"","ast-main-header-display":"","ast-hfb-above-header-display":"","ast-hfb-below-header-display":"","ast-hfb-mobile-header-display":"","site-post-title":"","ast-breadcrumbs-content":"","ast-featured-img":"","footer-sml-layout":"","ast-disable-related-posts":"","theme-transparent-header-meta":"default","adv-header-id-meta":"","stick-header-meta":"default","header-above-stick-meta":"","header-main-stick-meta":"","header-below-stick-meta":"","astra-migrate-meta-layouts":"default","ast-page-background-enabled":"default","ast-page-background-meta":{"desktop":{"background-color":"","background-image":"","background-repeat":"repeat","background-position":"center center","background-size":"auto","background-attachment":"scroll","background-type":"","background-media":"","overlay-type":"","overlay-color":"","overlay-opacity":"","overlay-gradient":""},"tablet":{"background-color":"","background-image":"","background-repeat":"repeat","background-position":"center center","background-size":"auto","background-attachment":"scroll","background-type":"","background-media":"","overlay-type":"","overlay-color":"","overlay-opacity":"","overlay-gradient":""},"mobile":{"background-color":"","background-image":"","background-repeat":"repeat","background-position":"center center","background-size":"auto","background-attachment":"scroll","background-type":"","background-media":"","overlay-type":"","overlay-color":"","overlay-opacity":"","overlay-gradient":""}},"ast-content-background-meta":{"desktop":{"background-color":"var(--ast-global-color-5)","background-image":"","background-repeat":"repeat","background-position":"center center","background-size":"auto","background-attachment":"scroll","background-type":"","background-media":"","overlay-type":"","overlay-color":"","overlay-opacity":"","overlay-gradient":""},"tablet":{"background-color":"var(--ast-global-color-5)","background-image":"","background-repeat":"repeat","background-position":"center center","background-size":"auto","background-attachment":"scroll","background-type":"","background-media":"","overlay-type":"","overlay-color":"","overlay-opacity":"","overlay-gradient":""},"mobile":{"background-color":"var(--ast-global-color-5)","background-image":"","background-repeat":"repeat","background-position":"center center","background-size":"auto","background-attachment":"scroll","background-type":"","background-media":"","overlay-type":"","overlay-color":"","overlay-opacity":"","overlay-gradient":""}}},"product_brand":[],"product_cat":[37],"product_tag":[],"class_list":{"0":"post-2610","1":"product","2":"type-product","3":"status-publish","4":"has-post-thumbnail","6":"product_cat-coagulants-and-flocculants","7":"desktop-align-left","8":"tablet-align-left","9":"mobile-align-left","10":"ast-product-gallery-layout-horizontal-slider","11":"ast-product-gallery-with-no-image","12":"ast-product-tabs-layout-horizontal","14":"first","15":"instock","16":"shipping-taxable","17":"product-type-simple"},"yoast_head":"<!-- This site is optimized with the Yoast SEO Premium plugin v26.3 (Yoast SEO v27.3) - https:\/\/yoast.com\/product\/yoast-seo-premium-wordpress\/ -->\n<title>Water Decoloring Agent - vcycletech<\/title>\n<meta name=\"description\" content=\"Get rid of highly tinted wastewater quickly and effectively with water decoloring agent. Our agents help reduce COD by up to 80% and provide up to 99% decolorization for ultimate clarity. Make sure your industrial applications are running optimally with water decoloring agent!\" \/>\n<meta name=\"robots\" content=\"index, follow, max-snippet:-1, max-image-preview:large, max-video-preview:-1\" \/>\n<link rel=\"canonical\" href=\"https:\/\/vcycletech.com\/es\/producto\/agua-decolorante-agente\/\" \/>\n<meta property=\"og:locale\" content=\"es_MX\" \/>\n<meta property=\"og:type\" content=\"article\" \/>\n<meta property=\"og:title\" content=\"Water Decoloring Agent\" \/>\n<meta property=\"og:description\" content=\"Get rid of highly tinted wastewater quickly and effectively with water decoloring agent. Our agents help reduce COD by up to 80% and provide up to 99% decolorization for ultimate clarity. Make sure your industrial applications are running optimally with water decoloring agent!\" \/>\n<meta property=\"og:url\" content=\"https:\/\/vcycletech.com\/es\/producto\/agua-decolorante-agente\/\" \/>\n<meta property=\"og:site_name\" content=\"vcycletech\" \/>\n<meta property=\"og:image\" content=\"https:\/\/vcycletech.com\/wp-content\/uploads\/2023\/03\/WT-601-15.png\" \/>\n\t<meta property=\"og:image:width\" content=\"600\" \/>\n\t<meta property=\"og:image:height\" content=\"600\" \/>\n\t<meta property=\"og:image:type\" content=\"image\/png\" \/>\n<meta name=\"twitter:card\" content=\"summary_large_image\" \/>\n<meta name=\"twitter:label1\" content=\"Tiempo de lectura\" \/>\n\t<meta name=\"twitter:data1\" content=\"2 minutos\" \/>\n<script type=\"application\/ld+json\" class=\"yoast-schema-graph\">{\"@context\":\"https:\\\/\\\/schema.org\",\"@graph\":[{\"@type\":\"WebPage\",\"@id\":\"https:\\\/\\\/vcycletech.com\\\/product\\\/water-decoloring-agent\\\/\",\"url\":\"https:\\\/\\\/vcycletech.com\\\/product\\\/water-decoloring-agent\\\/\",\"name\":\"Water Decoloring Agent - vcycletech\",\"isPartOf\":{\"@id\":\"https:\\\/\\\/vcycletech.com\\\/#website\"},\"primaryImageOfPage\":{\"@id\":\"https:\\\/\\\/vcycletech.com\\\/product\\\/water-decoloring-agent\\\/#primaryimage\"},\"image\":{\"@id\":\"https:\\\/\\\/vcycletech.com\\\/product\\\/water-decoloring-agent\\\/#primaryimage\"},\"thumbnailUrl\":\"https:\\\/\\\/vcycletech.com\\\/wp-content\\\/uploads\\\/2023\\\/03\\\/WT-601-15.png\",\"datePublished\":\"2023-03-23T11:02:04+00:00\",\"description\":\"Get rid of highly tinted wastewater quickly and effectively with water decoloring agent. Our agents help reduce COD by up to 80% and provide up to 99% decolorization for ultimate clarity. Make sure your industrial applications are running optimally with water decoloring agent!\",\"breadcrumb\":{\"@id\":\"https:\\\/\\\/vcycletech.com\\\/product\\\/water-decoloring-agent\\\/#breadcrumb\"},\"inLanguage\":\"es\",\"potentialAction\":[{\"@type\":\"ReadAction\",\"target\":[\"https:\\\/\\\/vcycletech.com\\\/product\\\/water-decoloring-agent\\\/\"]}]},{\"@type\":\"ImageObject\",\"inLanguage\":\"es\",\"@id\":\"https:\\\/\\\/vcycletech.com\\\/product\\\/water-decoloring-agent\\\/#primaryimage\",\"url\":\"https:\\\/\\\/vcycletech.com\\\/wp-content\\\/uploads\\\/2023\\\/03\\\/WT-601-15.png\",\"contentUrl\":\"https:\\\/\\\/vcycletech.com\\\/wp-content\\\/uploads\\\/2023\\\/03\\\/WT-601-15.png\",\"width\":600,\"height\":600,\"caption\":\"Water Decoloring Agent\"},{\"@type\":\"BreadcrumbList\",\"@id\":\"https:\\\/\\\/vcycletech.com\\\/product\\\/water-decoloring-agent\\\/#breadcrumb\",\"itemListElement\":[{\"@type\":\"ListItem\",\"position\":1,\"name\":\"Home\",\"item\":\"https:\\\/\\\/vcycletech.com\\\/\"},{\"@type\":\"ListItem\",\"position\":2,\"name\":\"Water Treatment Chemicals Manufacturer\",\"item\":\"https:\\\/\\\/vcycletech.com\\\/water-treatment-chemicals-manufacturer\\\/\"},{\"@type\":\"ListItem\",\"position\":3,\"name\":\"Water Decoloring Agent\"}]},{\"@type\":\"WebSite\",\"@id\":\"https:\\\/\\\/vcycletech.com\\\/#website\",\"url\":\"https:\\\/\\\/vcycletech.com\\\/\",\"name\":\"vcycletech\",\"description\":\"China&#039;s top water treatment chemicals supplier\",\"publisher\":{\"@id\":\"https:\\\/\\\/vcycletech.com\\\/#organization\"},\"potentialAction\":[{\"@type\":\"SearchAction\",\"target\":{\"@type\":\"EntryPoint\",\"urlTemplate\":\"https:\\\/\\\/vcycletech.com\\\/?s={search_term_string}\"},\"query-input\":{\"@type\":\"PropertyValueSpecification\",\"valueRequired\":true,\"valueName\":\"search_term_string\"}}],\"inLanguage\":\"es\"},{\"@type\":\"Organization\",\"@id\":\"https:\\\/\\\/vcycletech.com\\\/#organization\",\"name\":\"vcycletech\",\"url\":\"https:\\\/\\\/vcycletech.com\\\/\",\"logo\":{\"@type\":\"ImageObject\",\"inLanguage\":\"es\",\"@id\":\"https:\\\/\\\/vcycletech.com\\\/#\\\/schema\\\/logo\\\/image\\\/\",\"url\":\"https:\\\/\\\/vcycletech.com\\\/wp-content\\\/uploads\\\/2023\\\/03\\\/logo-vcycletech-1.png\",\"contentUrl\":\"https:\\\/\\\/vcycletech.com\\\/wp-content\\\/uploads\\\/2023\\\/03\\\/logo-vcycletech-1.png\",\"width\":600,\"height\":400,\"caption\":\"vcycletech\"},\"image\":{\"@id\":\"https:\\\/\\\/vcycletech.com\\\/#\\\/schema\\\/logo\\\/image\\\/\"}}]}<\/script>\n<!-- \/ Yoast SEO Premium plugin. -->","yoast_head_json":{"title":"Agente decolorante del agua - vcycletech","description":"Desh\u00e1gase de las aguas residuales altamente te\u00f1idas de manera r\u00e1pida y efectiva con un agente decolorante de agua. Nuestros agentes ayudan a reducir la DQO hasta en 80% y brindan una decoloraci\u00f3n de hasta 99% para lograr la m\u00e1xima claridad. \u00a1Aseg\u00farese de que sus aplicaciones industriales funcionen de manera \u00f3ptima con el agente decolorante al agua!","robots":{"index":"index","follow":"follow","max-snippet":"max-snippet:-1","max-image-preview":"max-image-preview:large","max-video-preview":"max-video-preview:-1"},"canonical":"https:\/\/vcycletech.com\/es\/producto\/agua-decolorante-agente\/","og_locale":"es_MX","og_type":"article","og_title":"Water Decoloring Agent","og_description":"Get rid of highly tinted wastewater quickly and effectively with water decoloring agent. Our agents help reduce COD by up to 80% and provide up to 99% decolorization for ultimate clarity. Make sure your industrial applications are running optimally with water decoloring agent!","og_url":"https:\/\/vcycletech.com\/es\/producto\/agua-decolorante-agente\/","og_site_name":"vcycletech","og_image":[{"width":600,"height":600,"url":"https:\/\/vcycletech.com\/wp-content\/uploads\/2023\/03\/WT-601-15.png","type":"image\/png"}],"twitter_card":"summary_large_image","twitter_misc":{"Tiempo de lectura":"2 minutos"},"schema":{"@context":"https:\/\/schema.org","@graph":[{"@type":"WebPage","@id":"https:\/\/vcycletech.com\/product\/water-decoloring-agent\/","url":"https:\/\/vcycletech.com\/product\/water-decoloring-agent\/","name":"Agente decolorante del agua - vcycletech","isPartOf":{"@id":"https:\/\/vcycletech.com\/#website"},"primaryImageOfPage":{"@id":"https:\/\/vcycletech.com\/product\/water-decoloring-agent\/#primaryimage"},"image":{"@id":"https:\/\/vcycletech.com\/product\/water-decoloring-agent\/#primaryimage"},"thumbnailUrl":"https:\/\/vcycletech.com\/wp-content\/uploads\/2023\/03\/WT-601-15.png","datePublished":"2023-03-23T11:02:04+00:00","description":"Desh\u00e1gase de las aguas residuales altamente te\u00f1idas de manera r\u00e1pida y efectiva con un agente decolorante de agua. Nuestros agentes ayudan a reducir la DQO hasta en 80% y brindan una decoloraci\u00f3n de hasta 99% para lograr la m\u00e1xima claridad. \u00a1Aseg\u00farese de que sus aplicaciones industriales funcionen de manera \u00f3ptima con el agente decolorante al agua!","breadcrumb":{"@id":"https:\/\/vcycletech.com\/product\/water-decoloring-agent\/#breadcrumb"},"inLanguage":"es","potentialAction":[{"@type":"ReadAction","target":["https:\/\/vcycletech.com\/product\/water-decoloring-agent\/"]}]},{"@type":"ImageObject","inLanguage":"es","@id":"https:\/\/vcycletech.com\/product\/water-decoloring-agent\/#primaryimage","url":"https:\/\/vcycletech.com\/wp-content\/uploads\/2023\/03\/WT-601-15.png","contentUrl":"https:\/\/vcycletech.com\/wp-content\/uploads\/2023\/03\/WT-601-15.png","width":600,"height":600,"caption":"Water Decoloring Agent"},{"@type":"BreadcrumbList","@id":"https:\/\/vcycletech.com\/product\/water-decoloring-agent\/#breadcrumb","itemListElement":[{"@type":"ListItem","position":1,"name":"Home","item":"https:\/\/vcycletech.com\/"},{"@type":"ListItem","position":2,"name":"Water Treatment Chemicals Manufacturer","item":"https:\/\/vcycletech.com\/water-treatment-chemicals-manufacturer\/"},{"@type":"ListItem","position":3,"name":"Water Decoloring Agent"}]},{"@type":"WebSite","@id":"https:\/\/vcycletech.com\/#website","url":"https:\/\/vcycletech.com\/","name":"vcycletech","description":"El principal proveedor de productos qu\u00edmicos para el tratamiento del agua de China y #039;","publisher":{"@id":"https:\/\/vcycletech.com\/#organization"},"potentialAction":[{"@type":"SearchAction","target":{"@type":"EntryPoint","urlTemplate":"https:\/\/vcycletech.com\/?s={search_term_string}"},"query-input":{"@type":"PropertyValueSpecification","valueRequired":true,"valueName":"search_term_string"}}],"inLanguage":"es"},{"@type":"Organization","@id":"https:\/\/vcycletech.com\/#organization","name":"vcycletech","url":"https:\/\/vcycletech.com\/","logo":{"@type":"ImageObject","inLanguage":"es","@id":"https:\/\/vcycletech.com\/#\/schema\/logo\/image\/","url":"https:\/\/vcycletech.com\/wp-content\/uploads\/2023\/03\/logo-vcycletech-1.png","contentUrl":"https:\/\/vcycletech.com\/wp-content\/uploads\/2023\/03\/logo-vcycletech-1.png","width":600,"height":400,"caption":"vcycletech"},"image":{"@id":"https:\/\/vcycletech.com\/#\/schema\/logo\/image\/"}}]}},"_links":{"self":[{"href":"https:\/\/vcycletech.com\/es\/wp-json\/wp\/v2\/product\/2610","targetHints":{"allow":["GET"]}}],"collection":[{"href":"https:\/\/vcycletech.com\/es\/wp-json\/wp\/v2\/product"}],"about":[{"href":"https:\/\/vcycletech.com\/es\/wp-json\/wp\/v2\/types\/product"}],"wp:featuredmedia":[{"embeddable":true,"href":"https:\/\/vcycletech.com\/es\/wp-json\/wp\/v2\/media\/2612"}],"wp:attachment":[{"href":"https:\/\/vcycletech.com\/es\/wp-json\/wp\/v2\/media?parent=2610"}],"wp:term":[{"taxonomy":"product_brand","embeddable":true,"href":"https:\/\/vcycletech.com\/es\/wp-json\/wp\/v2\/product_brand?post=2610"},{"taxonomy":"product_cat","embeddable":true,"href":"https:\/\/vcycletech.com\/es\/wp-json\/wp\/v2\/product_cat?post=2610"},{"taxonomy":"product_tag","embeddable":true,"href":"https:\/\/vcycletech.com\/es\/wp-json\/wp\/v2\/product_tag?post=2610"}],"curies":[{"name":"wp","href":"https:\/\/api.w.org\/{rel}","templated":true}]}}