{"id":2576,"date":"2023-03-23T10:34:02","date_gmt":"2023-03-23T10:34:02","guid":{"rendered":"https:\/\/vcycletech.com\/?post_type=product&#038;p=2576"},"modified":"2023-03-23T10:34:03","modified_gmt":"2023-03-23T10:34:03","slug":"polidadmac","status":"publish","type":"product","link":"https:\/\/vcycletech.com\/es\/producto\/polidadmac\/","title":{"rendered":"polidadmac"},"content":{"rendered":"<h2 id=\"introduction_2\" class=\"xsj_heading_hash xsj_heading xsj_heading_h2\" data-source-line=\"6\" data-source-line-display=\"true\"><span class=\"xsj_heading_content\">Introducci\u00f3n<\/span><\/h2>\n<p class=\"xsj_paragraph xsj_paragraph_level_0\" data-source-line=\"7\" data-source-line-display=\"true\">PolyDADMAC es un homopol\u00edmero cati\u00f3nico esencial compuesto principalmente por cloruro de dialildimetilamonio, utilizado en diversas aplicaciones industriales. Este pol\u00edmero de alto peso molecular generalmente se presenta como un l\u00edquido concentrado con concentraciones s\u00f3lidas entre 10% y 50%, lo que lo convierte en un producto altamente vers\u00e1til y accesible para todas las industrias.<\/p>\n<div class=\"xiaoshujiang_element xsj_anchor\"><a class=\"blank_anchor_name\" name=\"features_3\"><\/a><a id=\"features_3\" class=\"blank_anchor_id\"><\/a><a class=\"blank_anchor_name\" name=\"features\"><\/a><a id=\"features\" class=\"blank_anchor_id\"><\/a><\/div>\n<h2 id=\"features_3\" class=\"xsj_heading_hash xsj_heading xsj_heading_h2\" data-source-line=\"9\" data-source-line-display=\"true\"><span class=\"xsj_heading_content\">Caracter\u00edsticas<\/span><\/h2>\n<p class=\"xsj_paragraph xsj_paragraph_level_0\" data-source-line=\"11\" data-source-line-display=\"true\">Cuando se trata de caracter\u00edsticas, PolyDADMAC ciertamente no defrauda. Tiene una excelente capacidad para flocular, lo que significa que puede ayudar a separar las part\u00edculas de los l\u00edquidos. Adem\u00e1s, el producto es f\u00e1cil de manejar debido a su forma hidratada, lo que lo hace eficiente y confiable para usar en cualquier tarea o trabajo. Adem\u00e1s, PolyDADMAC puede soportar diferentes temperaturas y niveles de pH, lo que lo hace adaptable a diversas condiciones que pueden estar presentes en diferentes proyectos. Finalmente, el pol\u00edmero no es t\u00f3xico y es seguro para humanos, animales y plantas.<\/p>\n<div class=\"xiaoshujiang_element xsj_anchor\"><a class=\"blank_anchor_name\" name=\"applications_4\"><\/a><a id=\"applications_4\" class=\"blank_anchor_id\"><\/a><a class=\"blank_anchor_name\" name=\"applications\"><\/a><a id=\"applications\" class=\"blank_anchor_id\"><\/a><\/div>\n<h2 id=\"applications_4\" class=\"xsj_heading_hash xsj_heading xsj_heading_h2\" data-source-line=\"13\" data-source-line-display=\"true\"><span class=\"xsj_heading_content\">Aplicaciones<\/span><\/h2>\n<p class=\"xsj_paragraph xsj_paragraph_level_0\" data-source-line=\"15\" data-source-line-display=\"true\">Dadas sus propiedades, PolyDADMAC se puede utilizar en muchas \u00e1reas de la industria, como aplicaciones de tratamiento de agua, detergentes para ropa y sistemas de estabilizaci\u00f3n de emulsiones. En las aplicaciones de tratamiento de agua, el pol\u00edmero forma grandes copos que ayudan a asentar las part\u00edculas de suciedad extra\u00eddas de la suspensi\u00f3n en el agua. Espec\u00edficamente en los detergentes para ropa, PolyDADMAC puede ayudar a mejorar la suavidad de la tela al mismo tiempo que proporciona protecci\u00f3n antiest\u00e1tica, ambas cualidades muy deseables en las prendas de vestir de hoy.<\/p>\n<p class=\"xsj_paragraph xsj_paragraph_level_0\" data-source-line=\"17\" data-source-line-display=\"true\">Finalmente, cuando se trata de sistemas de estabilizaci\u00f3n de emulsi\u00f3n, como productos para el cuidado del cabello como champ\u00fas u otros art\u00edculos similares en el mercado actual, PolyDADMAC ayuda a evitar que estos productos se separen en sus componentes (por ejemplo, aceite y agua). \u00a1Esto asegura que los clientes reciban un producto completo cada vez que compran uno!<\/p>\n<h2>Especificaci\u00f3n:<\/h2>\n<p data-source-line=\"17\" data-source-line-display=\"true\">\n<table id=\"tablepress-14\" class=\"tablepress tablepress-id-14\">\n<thead>\n<tr class=\"row-1\">\n\t<th class=\"column-1\">Apariencia<\/th><th class=\"column-2\">L\u00edquido pegajoso incoloro o de color claro<\/th><td class=\"column-3\"><\/td><td class=\"column-4\"><\/td>\n<\/tr>\n<\/thead>\n<tbody class=\"row-striping row-hover\">\n<tr class=\"row-2\">\n\t<td class=\"column-1\">Viscosidad din\u00e1mica (mpa.s, 20 \u2103)<\/td><td class=\"column-2\">500-300000<\/td><td class=\"column-3\"><\/td><td class=\"column-4\"><\/td>\n<\/tr>\n<tr class=\"row-3\">\n\t<td class=\"column-1\">Valor de pH (soluci\u00f3n de agua 1%)<\/td><td class=\"column-2\">3.0-8.0<\/td><td class=\"column-3\"><\/td><td class=\"column-4\"><\/td>\n<\/tr>\n<tr class=\"row-4\">\n\t<td class=\"column-1\">Contenido s\u00f3lido % \u2265<\/td><td class=\"column-2\">20-50%<\/td><td class=\"column-3\"><\/td><td class=\"column-4\"><\/td>\n<\/tr>\n<tr class=\"row-5\">\n\t<td class=\"column-1\">Duraci\u00f3n<\/td><td class=\"column-2\">Un a\u00f1o<\/td><td class=\"column-3\"><\/td><td class=\"column-4\"><\/td>\n<\/tr>\n<tr class=\"row-6\">\n\t<td class=\"column-1\">Nota: nuestro producto se puede fabricar a pedido especial.<\/td><td class=\"column-2\"><\/td><td class=\"column-3\"><\/td><td class=\"column-4\"><\/td>\n<\/tr>\n<\/tbody>\n<\/table>\n<!-- #tablepress-14 from cache --><\/p>\n<div class=\"xiaoshujiang_element xsj_anchor\"><a class=\"blank_anchor_name\" name=\"frequently20asked20questions20about20polydadmac_5\"><\/a><a id=\"frequently20asked20questions20about20polydadmac_5\" class=\"blank_anchor_id\"><\/a><a class=\"blank_anchor_name\" name=\"frequently-asked-questions-about-polydadmac\"><\/a><a id=\"frequently-asked-questions-about-polydadmac\" class=\"blank_anchor_id\"><\/a><\/div>\n<h2 id=\"frequently20asked20questions20about20polydadmac_5\" class=\"xsj_heading_hash xsj_heading xsj_heading_h2\" data-source-line=\"19\" data-source-line-display=\"true\"><span class=\"xsj_heading_content\">Preguntas frecuentes sobre PolyDADMAC<\/span><\/h2>\n<div class=\"xiaoshujiang_element xsj_anchor\"><a class=\"blank_anchor_name\" name=\"120what20type20of20chemical20compound20is20polydadmac_6\"><\/a><a id=\"120what20type20of20chemical20compound20is20polydadmac_6\" class=\"blank_anchor_id\"><\/a><a class=\"blank_anchor_name\" name=\"1-what-type-of-chemical-compound-is-polydadmac\"><\/a><a id=\"1-what-type-of-chemical-compound-is-polydadmac\" class=\"blank_anchor_id\"><\/a><\/div>\n<h3 id=\"120what20type20of20chemical20compound20is20polydadmac_6\" class=\"xsj_heading_hash xsj_heading xsj_heading_h3\" data-source-line=\"21\" data-source-line-display=\"true\"><span class=\"xsj_heading_content\">1) \u00bfQu\u00e9 tipo de compuesto qu\u00edmico es PolyDADMAC?<\/span><\/h3>\n<p class=\"xsj_paragraph xsj_paragraph_level_0\" data-source-line=\"23\" data-source-line-display=\"true\">PolyDADMC es un homopol\u00edmero cati\u00f3nico compuesto principalmente de cloruro de dialildimetilamonio (una sal de amonio cuaternario).<\/p>\n<div class=\"xiaoshujiang_element xsj_anchor\"><a class=\"blank_anchor_name\" name=\"220how20does20polydadmac20work_7\"><\/a><a id=\"220how20does20polydadmac20work_7\" class=\"blank_anchor_id\"><\/a><a class=\"blank_anchor_name\" name=\"2-how-does-polydadmac-work\"><\/a><a id=\"2-how-does-polydadmac-work\" class=\"blank_anchor_id\"><\/a><\/div>\n<h3 id=\"220how20does20polydadmac20work_7\" class=\"xsj_heading_hash xsj_heading xsj_heading_h3\" data-source-line=\"25\" data-source-line-display=\"true\"><span class=\"xsj_heading_content\">2) \u00bfC\u00f3mo funciona el polidadmac?<\/span><\/h3>\n<p class=\"xsj_paragraph xsj_paragraph_level_0\" data-source-line=\"27\" data-source-line-display=\"true\">Act\u00faa formando grandes co\u00e1gulos que depositan las part\u00edculas de suciedad suspendidas en l\u00edquidos como agua u otras soluciones de limpieza utilizadas en detergentes o productos para el cuidado del cabello como champ\u00fas. Este pol\u00edmero tambi\u00e9n puede brindar protecci\u00f3n antiest\u00e1tica cuando se usa en detergentes para ropa.<\/p>\n<div class=\"xiaoshujiang_element xsj_anchor\"><a class=\"blank_anchor_name\" name=\"320is20polydadmac20safe_8\"><\/a><a id=\"320is20polydadmac20safe_8\" class=\"blank_anchor_id\"><\/a><a class=\"blank_anchor_name\" name=\"3-is-polydadmac-safe\"><\/a><a id=\"3-is-polydadmac-safe\" class=\"blank_anchor_id\"><\/a><\/div>\n<h3 id=\"320is20polydadmac20safe_8\" class=\"xsj_heading_hash xsj_heading xsj_heading_h3\" data-source-line=\"29\" data-source-line-display=\"true\"><span class=\"xsj_heading_content\">3) \u00bfEs seguro el polidadmac?<\/span><\/h3>\n<p class=\"xsj_paragraph xsj_paragraph_level_0\" data-source-line=\"31\" data-source-line-display=\"true\">\u00a1S\u00ed! Se ha probado rigurosamente en cuanto a medidas de seguridad y se ha encontrado que no es t\u00f3xico para su uso alrededor de humanos, animales y plantas por igual.<\/p>\n<div class=\"xiaoshujiang_element xsj_anchor\"><a class=\"blank_anchor_name\" name=\"420is20polydadmac20available20in20solid20form_9\"><\/a><a id=\"420is20polydadmac20available20in20solid20form_9\" class=\"blank_anchor_id\"><\/a><a class=\"blank_anchor_name\" name=\"4-is-polydadmac-available-in-solid-form\"><\/a><a id=\"4-is-polydadmac-available-in-solid-form\" class=\"blank_anchor_id\"><\/a><\/div>\n<h3 id=\"420is20polydadmac20available20in20solid20form_9\" class=\"xsj_heading_hash xsj_heading xsj_heading_h3\" data-source-line=\"33\" data-source-line-display=\"true\"><span class=\"xsj_heading_content\">4) \u00bfEst\u00e1 disponible el polydadmac en forma s\u00f3lida?<\/span><\/h3>\n<p class=\"xsj_paragraph xsj_paragraph_level_0\" data-source-line=\"35\" data-source-line-display=\"true\">\u00a1S\u00ed! Por lo general, viene como un l\u00edquido concentrado con concentraciones s\u00f3lidas entre 10% y 50%.<\/p>\n<div class=\"xiaoshujiang_element xsj_anchor\"><a class=\"blank_anchor_name\" name=\"520are20there20any20other20uses20for20polydadmac_10\"><\/a><a id=\"520are20there20any20other20uses20for20polydadmac_10\" class=\"blank_anchor_id\"><\/a><a class=\"blank_anchor_name\" name=\"5-are-there-any-other-uses-for-polydadmac\"><\/a><a id=\"5-are-there-any-other-uses-for-polydadmac\" class=\"blank_anchor_id\"><\/a><\/div>\n<h3 id=\"520are20there20any20other20uses20for20polydadmac_10\" class=\"xsj_heading_hash xsj_heading xsj_heading_h3\" data-source-line=\"37\" data-source-line-display=\"true\"><span class=\"xsj_heading_content\">5) \u00bfExisten otros usos para el polidadmac?<\/span><\/h3>\n<p class=\"xsj_paragraph xsj_paragraph_level_0\" data-source-line=\"39\" data-source-line-display=\"true\">\u00a1S\u00ed! Adem\u00e1s de ser \u00fatil para tareas como la floculaci\u00f3n y los sistemas de estabilidad de la emulsi\u00f3n mencionados anteriormente, \u00a1este producto vers\u00e1til tambi\u00e9n se puede utilizar en los sectores de producci\u00f3n de papel y aditivos para pinturas!<\/p>\n<p class=\"xsj_paragraph xsj_paragraph_level_0\" data-source-line=\"41\" data-source-line-display=\"true\"><a class=\"xsj_link xsj_manu_link\" href=\"https:\/\/vcycletech.com\/es\/categoria-de-producto\/coagulantes-y-floculantes\/\">Obtenga la soluci\u00f3n completa de Coagulantes y Floculantes.<\/a><\/p>","protected":false},"excerpt":{"rendered":"<p><strong>polidadmac<\/strong>, o poliDADMAC, es un homopol\u00edmero cati\u00f3nico de alto peso molecular. Este pol\u00edmero est\u00e1 compuesto principalmente de cloruro de dialildimetilamonio y normalmente est\u00e1 disponible como un l\u00edquido concentrado con concentraciones s\u00f3lidas entre 10% y 50%.<\/p>\n<p>\u00a1Se puede confiar en \u00e9l para satisfacer las necesidades de cualquier industria gracias a su versatilidad! Polydadmac se utiliza en una variedad de aplicaciones industriales, como la floculaci\u00f3n, y es f\u00e1cilmente accesible en forma de hidrato. \u00a1Gracias a sus m\u00faltiples beneficios, polyDADMAC es un producto esencial para cualquier negocio!<\/p>","protected":false},"featured_media":2596,"template":"","meta":{"site-sidebar-layout":"default","site-content-layout":"default","ast-site-content-layout":"default","site-content-style":"default","site-sidebar-style":"default","ast-global-header-display":"","ast-banner-title-visibility":"","ast-main-header-display":"","ast-hfb-above-header-display":"","ast-hfb-below-header-display":"","ast-hfb-mobile-header-display":"","site-post-title":"","ast-breadcrumbs-content":"","ast-featured-img":"","footer-sml-layout":"","ast-disable-related-posts":"","theme-transparent-header-meta":"default","adv-header-id-meta":"","stick-header-meta":"default","header-above-stick-meta":"","header-main-stick-meta":"","header-below-stick-meta":"","astra-migrate-meta-layouts":"default","ast-page-background-enabled":"default","ast-page-background-meta":{"desktop":{"background-color":"","background-image":"","background-repeat":"repeat","background-position":"center center","background-size":"auto","background-attachment":"scroll","background-type":"","background-media":"","overlay-type":"","overlay-color":"","overlay-opacity":"","overlay-gradient":""},"tablet":{"background-color":"","background-image":"","background-repeat":"repeat","background-position":"center center","background-size":"auto","background-attachment":"scroll","background-type":"","background-media":"","overlay-type":"","overlay-color":"","overlay-opacity":"","overlay-gradient":""},"mobile":{"background-color":"","background-image":"","background-repeat":"repeat","background-position":"center center","background-size":"auto","background-attachment":"scroll","background-type":"","background-media":"","overlay-type":"","overlay-color":"","overlay-opacity":"","overlay-gradient":""}},"ast-content-background-meta":{"desktop":{"background-color":"var(--ast-global-color-5)","background-image":"","background-repeat":"repeat","background-position":"center center","background-size":"auto","background-attachment":"scroll","background-type":"","background-media":"","overlay-type":"","overlay-color":"","overlay-opacity":"","overlay-gradient":""},"tablet":{"background-color":"var(--ast-global-color-5)","background-image":"","background-repeat":"repeat","background-position":"center center","background-size":"auto","background-attachment":"scroll","background-type":"","background-media":"","overlay-type":"","overlay-color":"","overlay-opacity":"","overlay-gradient":""},"mobile":{"background-color":"var(--ast-global-color-5)","background-image":"","background-repeat":"repeat","background-position":"center center","background-size":"auto","background-attachment":"scroll","background-type":"","background-media":"","overlay-type":"","overlay-color":"","overlay-opacity":"","overlay-gradient":""}}},"product_brand":[],"product_cat":[37],"product_tag":[],"class_list":{"0":"post-2576","1":"product","2":"type-product","3":"status-publish","4":"has-post-thumbnail","6":"product_cat-coagulants-and-flocculants","7":"desktop-align-left","8":"tablet-align-left","9":"mobile-align-left","10":"ast-product-gallery-layout-horizontal-slider","11":"ast-product-gallery-with-no-image","12":"ast-product-tabs-layout-horizontal","14":"first","15":"instock","16":"shipping-taxable","17":"product-type-simple"},"yoast_head":"<!-- This site is optimized with the Yoast SEO Premium plugin v26.3 (Yoast SEO v27.3) - https:\/\/yoast.com\/product\/yoast-seo-premium-wordpress\/ -->\n<title>Polydadmac - vcycletech<\/title>\n<meta name=\"description\" content=\"Get the versatile and powerful PolyDADMAC for all your industrial needs. It&#039;s the essential cationic homopolymer with solid concentrations ranging from 10% to 50%. Unlock the potential of this high-molecular-weight polymer today! #PolyDADMAC\" \/>\n<meta name=\"robots\" content=\"index, follow, max-snippet:-1, max-image-preview:large, max-video-preview:-1\" \/>\n<link rel=\"canonical\" href=\"https:\/\/vcycletech.com\/es\/producto\/polidadmac\/\" \/>\n<meta property=\"og:locale\" content=\"es_MX\" \/>\n<meta property=\"og:type\" content=\"article\" \/>\n<meta property=\"og:title\" content=\"Polydadmac\" \/>\n<meta property=\"og:description\" content=\"Get the versatile and powerful PolyDADMAC for all your industrial needs. It&#039;s the essential cationic homopolymer with solid concentrations ranging from 10% to 50%. Unlock the potential of this high-molecular-weight polymer today! #PolyDADMAC\" \/>\n<meta property=\"og:url\" content=\"https:\/\/vcycletech.com\/es\/producto\/polidadmac\/\" \/>\n<meta property=\"og:site_name\" content=\"vcycletech\" \/>\n<meta property=\"article:modified_time\" content=\"2023-03-23T10:34:03+00:00\" \/>\n<meta property=\"og:image\" content=\"https:\/\/vcycletech.com\/wp-content\/uploads\/2023\/03\/WT-601-13.png\" \/>\n\t<meta property=\"og:image:width\" content=\"600\" \/>\n\t<meta property=\"og:image:height\" content=\"600\" \/>\n\t<meta property=\"og:image:type\" content=\"image\/png\" \/>\n<meta name=\"twitter:card\" content=\"summary_large_image\" \/>\n<meta name=\"twitter:label1\" content=\"Tiempo de lectura\" \/>\n\t<meta name=\"twitter:data1\" content=\"2 minutos\" \/>\n<script type=\"application\/ld+json\" class=\"yoast-schema-graph\">{\"@context\":\"https:\\\/\\\/schema.org\",\"@graph\":[{\"@type\":\"WebPage\",\"@id\":\"https:\\\/\\\/vcycletech.com\\\/product\\\/polydadmac\\\/\",\"url\":\"https:\\\/\\\/vcycletech.com\\\/product\\\/polydadmac\\\/\",\"name\":\"Polydadmac - vcycletech\",\"isPartOf\":{\"@id\":\"https:\\\/\\\/vcycletech.com\\\/#website\"},\"primaryImageOfPage\":{\"@id\":\"https:\\\/\\\/vcycletech.com\\\/product\\\/polydadmac\\\/#primaryimage\"},\"image\":{\"@id\":\"https:\\\/\\\/vcycletech.com\\\/product\\\/polydadmac\\\/#primaryimage\"},\"thumbnailUrl\":\"https:\\\/\\\/vcycletech.com\\\/wp-content\\\/uploads\\\/2023\\\/03\\\/WT-601-13.png\",\"datePublished\":\"2023-03-23T10:34:02+00:00\",\"dateModified\":\"2023-03-23T10:34:03+00:00\",\"description\":\"Get the versatile and powerful PolyDADMAC for all your industrial needs. It's the essential cationic homopolymer with solid concentrations ranging from 10% to 50%. Unlock the potential of this high-molecular-weight polymer today! #PolyDADMAC\",\"breadcrumb\":{\"@id\":\"https:\\\/\\\/vcycletech.com\\\/product\\\/polydadmac\\\/#breadcrumb\"},\"inLanguage\":\"es\",\"potentialAction\":[{\"@type\":\"ReadAction\",\"target\":[\"https:\\\/\\\/vcycletech.com\\\/product\\\/polydadmac\\\/\"]}]},{\"@type\":\"ImageObject\",\"inLanguage\":\"es\",\"@id\":\"https:\\\/\\\/vcycletech.com\\\/product\\\/polydadmac\\\/#primaryimage\",\"url\":\"https:\\\/\\\/vcycletech.com\\\/wp-content\\\/uploads\\\/2023\\\/03\\\/WT-601-13.png\",\"contentUrl\":\"https:\\\/\\\/vcycletech.com\\\/wp-content\\\/uploads\\\/2023\\\/03\\\/WT-601-13.png\",\"width\":600,\"height\":600,\"caption\":\"Polydadmac\"},{\"@type\":\"BreadcrumbList\",\"@id\":\"https:\\\/\\\/vcycletech.com\\\/product\\\/polydadmac\\\/#breadcrumb\",\"itemListElement\":[{\"@type\":\"ListItem\",\"position\":1,\"name\":\"Home\",\"item\":\"https:\\\/\\\/vcycletech.com\\\/\"},{\"@type\":\"ListItem\",\"position\":2,\"name\":\"Water Treatment Chemicals Manufacturer\",\"item\":\"https:\\\/\\\/vcycletech.com\\\/water-treatment-chemicals-manufacturer\\\/\"},{\"@type\":\"ListItem\",\"position\":3,\"name\":\"Polydadmac\"}]},{\"@type\":\"WebSite\",\"@id\":\"https:\\\/\\\/vcycletech.com\\\/#website\",\"url\":\"https:\\\/\\\/vcycletech.com\\\/\",\"name\":\"vcycletech\",\"description\":\"China&#039;s top water treatment chemicals supplier\",\"publisher\":{\"@id\":\"https:\\\/\\\/vcycletech.com\\\/#organization\"},\"potentialAction\":[{\"@type\":\"SearchAction\",\"target\":{\"@type\":\"EntryPoint\",\"urlTemplate\":\"https:\\\/\\\/vcycletech.com\\\/?s={search_term_string}\"},\"query-input\":{\"@type\":\"PropertyValueSpecification\",\"valueRequired\":true,\"valueName\":\"search_term_string\"}}],\"inLanguage\":\"es\"},{\"@type\":\"Organization\",\"@id\":\"https:\\\/\\\/vcycletech.com\\\/#organization\",\"name\":\"vcycletech\",\"url\":\"https:\\\/\\\/vcycletech.com\\\/\",\"logo\":{\"@type\":\"ImageObject\",\"inLanguage\":\"es\",\"@id\":\"https:\\\/\\\/vcycletech.com\\\/#\\\/schema\\\/logo\\\/image\\\/\",\"url\":\"https:\\\/\\\/vcycletech.com\\\/wp-content\\\/uploads\\\/2023\\\/03\\\/logo-vcycletech-1.png\",\"contentUrl\":\"https:\\\/\\\/vcycletech.com\\\/wp-content\\\/uploads\\\/2023\\\/03\\\/logo-vcycletech-1.png\",\"width\":600,\"height\":400,\"caption\":\"vcycletech\"},\"image\":{\"@id\":\"https:\\\/\\\/vcycletech.com\\\/#\\\/schema\\\/logo\\\/image\\\/\"}}]}<\/script>\n<!-- \/ Yoast SEO Premium plugin. -->","yoast_head_json":{"title":"Polydadmac - vcycletech","description":"Obtenga el vers\u00e1til y poderoso PolyDADMAC para todas sus necesidades industriales. Es el homopol\u00edmero cati\u00f3nico esencial con concentraciones s\u00f3lidas que van desde 10% a 50%. \u00a1Desbloquee el potencial de este pol\u00edmero de alto peso molecular hoy! #PolyDADMAC","robots":{"index":"index","follow":"follow","max-snippet":"max-snippet:-1","max-image-preview":"max-image-preview:large","max-video-preview":"max-video-preview:-1"},"canonical":"https:\/\/vcycletech.com\/es\/producto\/polidadmac\/","og_locale":"es_MX","og_type":"article","og_title":"Polydadmac","og_description":"Get the versatile and powerful PolyDADMAC for all your industrial needs. It's the essential cationic homopolymer with solid concentrations ranging from 10% to 50%. Unlock the potential of this high-molecular-weight polymer today! #PolyDADMAC","og_url":"https:\/\/vcycletech.com\/es\/producto\/polidadmac\/","og_site_name":"vcycletech","article_modified_time":"2023-03-23T10:34:03+00:00","og_image":[{"width":600,"height":600,"url":"https:\/\/vcycletech.com\/wp-content\/uploads\/2023\/03\/WT-601-13.png","type":"image\/png"}],"twitter_card":"summary_large_image","twitter_misc":{"Tiempo de lectura":"2 minutos"},"schema":{"@context":"https:\/\/schema.org","@graph":[{"@type":"WebPage","@id":"https:\/\/vcycletech.com\/product\/polydadmac\/","url":"https:\/\/vcycletech.com\/product\/polydadmac\/","name":"Polydadmac - vcycletech","isPartOf":{"@id":"https:\/\/vcycletech.com\/#website"},"primaryImageOfPage":{"@id":"https:\/\/vcycletech.com\/product\/polydadmac\/#primaryimage"},"image":{"@id":"https:\/\/vcycletech.com\/product\/polydadmac\/#primaryimage"},"thumbnailUrl":"https:\/\/vcycletech.com\/wp-content\/uploads\/2023\/03\/WT-601-13.png","datePublished":"2023-03-23T10:34:02+00:00","dateModified":"2023-03-23T10:34:03+00:00","description":"Obtenga el vers\u00e1til y poderoso PolyDADMAC para todas sus necesidades industriales. Es el homopol\u00edmero cati\u00f3nico esencial con concentraciones s\u00f3lidas que van desde 10% a 50%. \u00a1Desbloquee el potencial de este pol\u00edmero de alto peso molecular hoy! #PolyDADMAC","breadcrumb":{"@id":"https:\/\/vcycletech.com\/product\/polydadmac\/#breadcrumb"},"inLanguage":"es","potentialAction":[{"@type":"ReadAction","target":["https:\/\/vcycletech.com\/product\/polydadmac\/"]}]},{"@type":"ImageObject","inLanguage":"es","@id":"https:\/\/vcycletech.com\/product\/polydadmac\/#primaryimage","url":"https:\/\/vcycletech.com\/wp-content\/uploads\/2023\/03\/WT-601-13.png","contentUrl":"https:\/\/vcycletech.com\/wp-content\/uploads\/2023\/03\/WT-601-13.png","width":600,"height":600,"caption":"Polydadmac"},{"@type":"BreadcrumbList","@id":"https:\/\/vcycletech.com\/product\/polydadmac\/#breadcrumb","itemListElement":[{"@type":"ListItem","position":1,"name":"Home","item":"https:\/\/vcycletech.com\/"},{"@type":"ListItem","position":2,"name":"Water Treatment Chemicals Manufacturer","item":"https:\/\/vcycletech.com\/water-treatment-chemicals-manufacturer\/"},{"@type":"ListItem","position":3,"name":"Polydadmac"}]},{"@type":"WebSite","@id":"https:\/\/vcycletech.com\/#website","url":"https:\/\/vcycletech.com\/","name":"vcycletech","description":"El principal proveedor de productos qu\u00edmicos para el tratamiento del agua de China y #039;","publisher":{"@id":"https:\/\/vcycletech.com\/#organization"},"potentialAction":[{"@type":"SearchAction","target":{"@type":"EntryPoint","urlTemplate":"https:\/\/vcycletech.com\/?s={search_term_string}"},"query-input":{"@type":"PropertyValueSpecification","valueRequired":true,"valueName":"search_term_string"}}],"inLanguage":"es"},{"@type":"Organization","@id":"https:\/\/vcycletech.com\/#organization","name":"vcycletech","url":"https:\/\/vcycletech.com\/","logo":{"@type":"ImageObject","inLanguage":"es","@id":"https:\/\/vcycletech.com\/#\/schema\/logo\/image\/","url":"https:\/\/vcycletech.com\/wp-content\/uploads\/2023\/03\/logo-vcycletech-1.png","contentUrl":"https:\/\/vcycletech.com\/wp-content\/uploads\/2023\/03\/logo-vcycletech-1.png","width":600,"height":400,"caption":"vcycletech"},"image":{"@id":"https:\/\/vcycletech.com\/#\/schema\/logo\/image\/"}}]}},"_links":{"self":[{"href":"https:\/\/vcycletech.com\/es\/wp-json\/wp\/v2\/product\/2576","targetHints":{"allow":["GET"]}}],"collection":[{"href":"https:\/\/vcycletech.com\/es\/wp-json\/wp\/v2\/product"}],"about":[{"href":"https:\/\/vcycletech.com\/es\/wp-json\/wp\/v2\/types\/product"}],"wp:featuredmedia":[{"embeddable":true,"href":"https:\/\/vcycletech.com\/es\/wp-json\/wp\/v2\/media\/2596"}],"wp:attachment":[{"href":"https:\/\/vcycletech.com\/es\/wp-json\/wp\/v2\/media?parent=2576"}],"wp:term":[{"taxonomy":"product_brand","embeddable":true,"href":"https:\/\/vcycletech.com\/es\/wp-json\/wp\/v2\/product_brand?post=2576"},{"taxonomy":"product_cat","embeddable":true,"href":"https:\/\/vcycletech.com\/es\/wp-json\/wp\/v2\/product_cat?post=2576"},{"taxonomy":"product_tag","embeddable":true,"href":"https:\/\/vcycletech.com\/es\/wp-json\/wp\/v2\/product_tag?post=2576"}],"curies":[{"name":"wp","href":"https:\/\/api.w.org\/{rel}","templated":true}]}}