{"id":2492,"date":"2023-03-23T10:10:09","date_gmt":"2023-03-23T10:10:09","guid":{"rendered":"https:\/\/vcycletech.com\/?post_type=product&#038;p=2492"},"modified":"2023-03-23T10:10:10","modified_gmt":"2023-03-23T10:10:10","slug":"poliamina","status":"publish","type":"product","link":"https:\/\/vcycletech.com\/es\/producto\/poliamina\/","title":{"rendered":"Poliamina"},"content":{"rendered":"<h2 id=\"introduction_2\" class=\"xsj_heading_hash xsj_heading xsj_heading_h2\" data-source-line=\"6\" data-source-line-display=\"true\"><span class=\"xsj_heading_content\">Introducci\u00f3n<\/span><\/h2>\n<p class=\"xsj_paragraph xsj_paragraph_level_0\" data-source-line=\"7\" data-source-line-display=\"true\">Las poliaminas son pol\u00edmeros cati\u00f3nicos utilizados en diversas industrias, m\u00e1s com\u00fanmente en plantas de tratamiento de agua y f\u00e1bricas de papel. Este coagulante avanzado funciona con neutralizaci\u00f3n de carga y separaci\u00f3n eficiente de s\u00f3lidos para lograr varios productos finales deseados. La poliamina tiene varios pesos moleculares, lo que la hace adecuada para aplicaciones \u00fanicas.<\/p>\n<div class=\"xiaoshujiang_element xsj_anchor\"><a class=\"blank_anchor_name\" name=\"features_3\"><\/a><a id=\"features_3\" class=\"blank_anchor_id\"><\/a><a class=\"blank_anchor_name\" name=\"features\"><\/a><a id=\"features\" class=\"blank_anchor_id\"><\/a><\/div>\n<h2 id=\"features_3\" class=\"xsj_heading_hash xsj_heading xsj_heading_h2\" data-source-line=\"9\" data-source-line-display=\"true\"><span class=\"xsj_heading_content\">Caracter\u00edsticas<\/span><\/h2>\n<p class=\"xsj_paragraph xsj_paragraph_level_0\" data-source-line=\"11\" data-source-line-display=\"true\">La poliamina es una soluci\u00f3n altamente efectiva debido a su poderosa f\u00f3rmula l\u00edquida que elimina de manera r\u00e1pida y efectiva los s\u00f3lidos en suspensi\u00f3n de los l\u00edquidos. Tambi\u00e9n es muy eficiente, ya que reduce la cantidad de lodos producidos durante los procesos de depuraci\u00f3n del agua, lo que permite un m\u00e9todo de tratamiento respetuoso con el medio ambiente. Adem\u00e1s, las poliaminas tienen excelentes propiedades de floculaci\u00f3n, lo que les permite formar enlaces entre part\u00edculas en el l\u00edquido, lo que facilita su eliminaci\u00f3n de la mezcla.<\/p>\n<div class=\"xiaoshujiang_element xsj_anchor\"><a class=\"blank_anchor_name\" name=\"applications_4\"><\/a><a id=\"applications_4\" class=\"blank_anchor_id\"><\/a><a class=\"blank_anchor_name\" name=\"applications\"><\/a><a id=\"applications\" class=\"blank_anchor_id\"><\/a><\/div>\n<h2 id=\"applications_4\" class=\"xsj_heading_hash xsj_heading xsj_heading_h2\" data-source-line=\"13\" data-source-line-display=\"true\"><span class=\"xsj_heading_content\">Aplicaciones<\/span><\/h2>\n<p class=\"xsj_paragraph xsj_paragraph_level_0\" data-source-line=\"15\" data-source-line-display=\"true\">La poliamina se usa principalmente en plantas de tratamiento de agua, ya que ayuda a eliminar los s\u00f3lidos no deseados del suministro de agua. Tambi\u00e9n es beneficioso en las f\u00e1bricas de papel, ya que ayuda a separar las fibras de lignina y celulosa para una producci\u00f3n de papel m\u00e1s eficiente. La poliamina tambi\u00e9n se puede usar para controlar el pH en la eliminaci\u00f3n de metales pesados ovalados de las corrientes de aguas residuales industriales cuando se combina con otras sustancias como el sulfato de aluminio o el cloruro f\u00e9rrico.<\/p>\n<h3>Especificaciones<\/h3>\n\n<table id=\"tablepress-13\" class=\"tablepress tablepress-id-13\">\n<thead>\n<tr class=\"row-1\">\n\t<th class=\"column-1\">Apariencia<\/th><th class=\"column-2\">L\u00edquido transparente incoloro a amarillo claro<\/th><td class=\"column-3\"><\/td><td class=\"column-4\"><\/td>\n<\/tr>\n<\/thead>\n<tbody class=\"row-striping row-hover\">\n<tr class=\"row-2\">\n\t<td class=\"column-1\">Naturaleza i\u00f3nica<\/td><td class=\"column-2\">cati\u00f3nico<\/td><td class=\"column-3\"><\/td><td class=\"column-4\"><\/td>\n<\/tr>\n<tr class=\"row-3\">\n\t<td class=\"column-1\">Valor de pH (detecci\u00f3n directa)<\/td><td class=\"column-2\">4.0-7.0<\/td><td class=\"column-3\"><\/td><td class=\"column-4\"><\/td>\n<\/tr>\n<tr class=\"row-4\">\n\t<td class=\"column-1\">Contenido s\u00f3lido %<\/td><td class=\"column-2\">\u226550<\/td><td class=\"column-3\"><\/td><td class=\"column-4\"><\/td>\n<\/tr>\n<tr class=\"row-5\">\n\t<td class=\"column-1\">Nota: Nuestro producto se puede fabricar a pedido especial.<\/td><td class=\"column-2\"><\/td><td class=\"column-3\"><\/td><td class=\"column-4\"><\/td>\n<\/tr>\n<\/tbody>\n<\/table>\n<!-- #tablepress-13 from cache -->\n<div class=\"xiaoshujiang_element xsj_anchor\"><a class=\"blank_anchor_name\" name=\"faqs_5\"><\/a><a id=\"faqs_5\" class=\"blank_anchor_id\"><\/a><a class=\"blank_anchor_name\" name=\"faqs\"><\/a><a id=\"faqs\" class=\"blank_anchor_id\"><\/a><\/div>\n<h2 id=\"faqs_5\" class=\"xsj_heading_hash xsj_heading xsj_heading_h2\" data-source-line=\"17\" data-source-line-display=\"true\"><span class=\"xsj_heading_content\">preguntas frecuentes<\/span><\/h2>\n<div class=\"xiaoshujiang_element xsj_anchor\"><a class=\"blank_anchor_name\" name=\"q20what20type20of20product20is20polyamine_6\"><\/a><a id=\"q20what20type20of20product20is20polyamine_6\" class=\"blank_anchor_id\"><\/a><a class=\"blank_anchor_name\" name=\"q-what-type-of-product-is-polyamine\"><\/a><a id=\"q-what-type-of-product-is-polyamine\" class=\"blank_anchor_id\"><\/a><\/div>\n<h3 id=\"q20what20type20of20product20is20polyamine_6\" class=\"xsj_heading_hash xsj_heading xsj_heading_h3\" data-source-line=\"19\" data-source-line-display=\"true\"><span class=\"xsj_heading_content\">P: \u00bfQu\u00e9 tipo de producto es la poliamina?<\/span><\/h3>\n<p class=\"xsj_paragraph xsj_paragraph_level_0\" data-source-line=\"21\" data-source-line-display=\"true\">R: La poliamina es un pol\u00edmero cati\u00f3nico utilizado en varias industrias para la neutralizaci\u00f3n de carga y la separaci\u00f3n eficiente de s\u00f3lidos.<\/p>\n<div class=\"xiaoshujiang_element xsj_anchor\"><a class=\"blank_anchor_name\" name=\"q20what20are20the20benefits20of20using20polyamine_7\"><\/a><a id=\"q20what20are20the20benefits20of20using20polyamine_7\" class=\"blank_anchor_id\"><\/a><a class=\"blank_anchor_name\" name=\"q-what-are-the-benefits-of-using-polyamine\"><\/a><a id=\"q-what-are-the-benefits-of-using-polyamine\" class=\"blank_anchor_id\"><\/a><\/div>\n<h3 id=\"q20what20are20the20benefits20of20using20polyamine_7\" class=\"xsj_heading_hash xsj_heading xsj_heading_h3\" data-source-line=\"23\" data-source-line-display=\"true\"><span class=\"xsj_heading_content\">P: \u00bfCu\u00e1les son los beneficios de usar poliamina?<\/span><\/h3>\n<p class=\"xsj_paragraph xsj_paragraph_level_0\" data-source-line=\"25\" data-source-line-display=\"true\">R: El principal beneficio de usar poliamina es su poderosa f\u00f3rmula l\u00edquida que elimina r\u00e1pidamente los s\u00f3lidos en suspensi\u00f3n de los l\u00edquidos y genera menos sedimentos que los m\u00e9todos tradicionales. Tambi\u00e9n tiene excelentes propiedades de floculaci\u00f3n, lo que permite que las part\u00edculas formen enlaces fuertes y se eliminen de manera eficiente de la mezcla.<\/p>\n<div class=\"xiaoshujiang_element xsj_anchor\"><a class=\"blank_anchor_name\" name=\"q20where20is20polyamine20typically20used_8\"><\/a><a id=\"q20where20is20polyamine20typically20used_8\" class=\"blank_anchor_id\"><\/a><a class=\"blank_anchor_name\" name=\"q-where-is-polyamine-typically-used\"><\/a><a id=\"q-where-is-polyamine-typically-used\" class=\"blank_anchor_id\"><\/a><\/div>\n<h3 id=\"q20where20is20polyamine20typically20used_8\" class=\"xsj_heading_hash xsj_heading xsj_heading_h3\" data-source-line=\"27\" data-source-line-display=\"true\"><span class=\"xsj_heading_content\">P: \u00bfD\u00f3nde se usa t\u00edpicamente la poliamina?<\/span><\/h3>\n<p class=\"xsj_paragraph xsj_paragraph_level_0\" data-source-line=\"29\" data-source-line-display=\"true\">R: La poliamina se usa com\u00fanmente en plantas de tratamiento de agua y f\u00e1bricas de papel porque puede separar de manera eficiente la lignina y las fibras de celulosa y eliminar los s\u00f3lidos no deseados del suministro de agua con un impacto ambiental m\u00ednimo.<\/p>\n<div class=\"xiaoshujiang_element xsj_anchor\"><a class=\"blank_anchor_name\" name=\"q20how20does20polyamine20work_9\"><\/a><a id=\"q20how20does20polyamine20work_9\" class=\"blank_anchor_id\"><\/a><a class=\"blank_anchor_name\" name=\"q-how-does-polyamine-work\"><\/a><a id=\"q-how-does-polyamine-work\" class=\"blank_anchor_id\"><\/a><\/div>\n<h3 id=\"q20how20does20polyamine20work_9\" class=\"xsj_heading_hash xsj_heading xsj_heading_h3\" data-source-line=\"31\" data-source-line-display=\"true\"><span class=\"xsj_heading_content\">P: \u00bfC\u00f3mo funciona la poliamina?<\/span><\/h3>\n<p class=\"xsj_paragraph xsj_paragraph_level_0\" data-source-line=\"33\" data-source-line-display=\"true\">R: La poliamina funciona mediante la neutralizaci\u00f3n de carga y la separaci\u00f3n eficiente de s\u00f3lidos, lo que le permite eliminar materiales no deseados de los l\u00edquidos sin producir demasiados subproductos de lodo. Sus excelentes propiedades de floculaci\u00f3n lo convierten en una opci\u00f3n eficaz para formar enlaces fuertes entre part\u00edculas, que pueden eliminarse f\u00e1cilmente de la mezcla.<\/p>\n<p class=\"xsj_paragraph xsj_paragraph_level_0\" data-source-line=\"35\" data-source-line-display=\"true\"><a class=\"xsj_link xsj_manu_link\" href=\"https:\/\/vcycletech.com\/es\/categoria-de-producto\/coagulantes-y-floculantes\/\">Obtenga la soluci\u00f3n completa de Coagulantes y Floculantes.<\/a><\/p>","protected":false},"excerpt":{"rendered":"<p class=\"xsj_paragraph xsj_paragraph_level_0\" data-source-line=\"45\" data-source-line-display=\"true\">La poliamina es un poderoso pol\u00edmero cati\u00f3nico l\u00edquido capaz de neutralizar la carga y separar los s\u00f3lidos de manera eficiente. Se puede utilizar en muchas industrias, como plantas de tratamiento de agua y f\u00e1bricas de papel. La poliamina tiene varios pesos moleculares para satisfacer las necesidades \u00fanicas de cada aplicaci\u00f3n.<\/p>\n<p class=\"xsj_paragraph xsj_paragraph_level_0\" data-source-line=\"47\" data-source-line-display=\"true\"><strong class=\"markdown_strong_asterisk\">Paquete y Almacenamiento<\/strong><br \/>\nNuestro producto se envasa en tambores de pl\u00e1stico de 210 kg\/tambor o 1100 kg\/IBC y debe sellarse de forma segura para un almacenamiento ideal. No solo no es inflamable, sino que este art\u00edculo tambi\u00e9n tiene la ventaja de ser inofensivo y no tener propiedades explosivas, \u00a1lo que lo convierte en una opci\u00f3n segura en comparaci\u00f3n con otros productos qu\u00edmicos peligrosos!<\/p>","protected":false},"featured_media":2573,"template":"","meta":{"site-sidebar-layout":"default","site-content-layout":"default","ast-site-content-layout":"default","site-content-style":"default","site-sidebar-style":"default","ast-global-header-display":"","ast-banner-title-visibility":"","ast-main-header-display":"","ast-hfb-above-header-display":"","ast-hfb-below-header-display":"","ast-hfb-mobile-header-display":"","site-post-title":"","ast-breadcrumbs-content":"","ast-featured-img":"","footer-sml-layout":"","ast-disable-related-posts":"","theme-transparent-header-meta":"default","adv-header-id-meta":"","stick-header-meta":"default","header-above-stick-meta":"","header-main-stick-meta":"","header-below-stick-meta":"","astra-migrate-meta-layouts":"default","ast-page-background-enabled":"default","ast-page-background-meta":{"desktop":{"background-color":"","background-image":"","background-repeat":"repeat","background-position":"center center","background-size":"auto","background-attachment":"scroll","background-type":"","background-media":"","overlay-type":"","overlay-color":"","overlay-opacity":"","overlay-gradient":""},"tablet":{"background-color":"","background-image":"","background-repeat":"repeat","background-position":"center center","background-size":"auto","background-attachment":"scroll","background-type":"","background-media":"","overlay-type":"","overlay-color":"","overlay-opacity":"","overlay-gradient":""},"mobile":{"background-color":"","background-image":"","background-repeat":"repeat","background-position":"center center","background-size":"auto","background-attachment":"scroll","background-type":"","background-media":"","overlay-type":"","overlay-color":"","overlay-opacity":"","overlay-gradient":""}},"ast-content-background-meta":{"desktop":{"background-color":"var(--ast-global-color-5)","background-image":"","background-repeat":"repeat","background-position":"center center","background-size":"auto","background-attachment":"scroll","background-type":"","background-media":"","overlay-type":"","overlay-color":"","overlay-opacity":"","overlay-gradient":""},"tablet":{"background-color":"var(--ast-global-color-5)","background-image":"","background-repeat":"repeat","background-position":"center center","background-size":"auto","background-attachment":"scroll","background-type":"","background-media":"","overlay-type":"","overlay-color":"","overlay-opacity":"","overlay-gradient":""},"mobile":{"background-color":"var(--ast-global-color-5)","background-image":"","background-repeat":"repeat","background-position":"center center","background-size":"auto","background-attachment":"scroll","background-type":"","background-media":"","overlay-type":"","overlay-color":"","overlay-opacity":"","overlay-gradient":""}}},"product_brand":[],"product_cat":[37],"product_tag":[],"class_list":{"0":"post-2492","1":"product","2":"type-product","3":"status-publish","4":"has-post-thumbnail","6":"product_cat-coagulants-and-flocculants","7":"desktop-align-left","8":"tablet-align-left","9":"mobile-align-left","10":"ast-product-gallery-layout-horizontal-slider","11":"ast-product-gallery-with-no-image","12":"ast-product-tabs-layout-horizontal","14":"first","15":"instock","16":"shipping-taxable","17":"product-type-simple"},"yoast_head":"<!-- This site is optimized with the Yoast SEO Premium plugin v26.3 (Yoast SEO v27.3) - https:\/\/yoast.com\/product\/yoast-seo-premium-wordpress\/ -->\n<title>Polyamine - vcycletech<\/title>\n<meta name=\"description\" content=\"Coagulate solids and get desired end products for your water treatment plants or paper mills with ease! Polyamine is the advanced cationic polymer that guarantees charge neutralization. Try it today and make your work easier! #Polyamine\" \/>\n<meta name=\"robots\" content=\"index, follow, max-snippet:-1, max-image-preview:large, max-video-preview:-1\" \/>\n<link rel=\"canonical\" href=\"https:\/\/vcycletech.com\/es\/producto\/poliamina\/\" \/>\n<meta property=\"og:locale\" content=\"es_MX\" \/>\n<meta property=\"og:type\" content=\"article\" \/>\n<meta property=\"og:title\" content=\"Polyamine\" \/>\n<meta property=\"og:description\" content=\"Coagulate solids and get desired end products for your water treatment plants or paper mills with ease! Polyamine is the advanced cationic polymer that guarantees charge neutralization. Try it today and make your work easier! #Polyamine\" \/>\n<meta property=\"og:url\" content=\"https:\/\/vcycletech.com\/es\/producto\/poliamina\/\" \/>\n<meta property=\"og:site_name\" content=\"vcycletech\" \/>\n<meta property=\"article:modified_time\" content=\"2023-03-23T10:10:10+00:00\" \/>\n<meta property=\"og:image\" content=\"https:\/\/vcycletech.com\/wp-content\/uploads\/2023\/03\/WT-601-12.png\" \/>\n\t<meta property=\"og:image:width\" content=\"600\" \/>\n\t<meta property=\"og:image:height\" content=\"600\" \/>\n\t<meta property=\"og:image:type\" content=\"image\/png\" \/>\n<meta name=\"twitter:card\" content=\"summary_large_image\" \/>\n<meta name=\"twitter:label1\" content=\"Tiempo de lectura\" \/>\n\t<meta name=\"twitter:data1\" content=\"2 minutos\" \/>\n<script type=\"application\/ld+json\" class=\"yoast-schema-graph\">{\"@context\":\"https:\\\/\\\/schema.org\",\"@graph\":[{\"@type\":\"WebPage\",\"@id\":\"https:\\\/\\\/vcycletech.com\\\/product\\\/polyamine\\\/\",\"url\":\"https:\\\/\\\/vcycletech.com\\\/product\\\/polyamine\\\/\",\"name\":\"Polyamine - vcycletech\",\"isPartOf\":{\"@id\":\"https:\\\/\\\/vcycletech.com\\\/#website\"},\"primaryImageOfPage\":{\"@id\":\"https:\\\/\\\/vcycletech.com\\\/product\\\/polyamine\\\/#primaryimage\"},\"image\":{\"@id\":\"https:\\\/\\\/vcycletech.com\\\/product\\\/polyamine\\\/#primaryimage\"},\"thumbnailUrl\":\"https:\\\/\\\/vcycletech.com\\\/wp-content\\\/uploads\\\/2023\\\/03\\\/WT-601-12.png\",\"datePublished\":\"2023-03-23T10:10:09+00:00\",\"dateModified\":\"2023-03-23T10:10:10+00:00\",\"description\":\"Coagulate solids and get desired end products for your water treatment plants or paper mills with ease! Polyamine is the advanced cationic polymer that guarantees charge neutralization. Try it today and make your work easier! #Polyamine\",\"breadcrumb\":{\"@id\":\"https:\\\/\\\/vcycletech.com\\\/product\\\/polyamine\\\/#breadcrumb\"},\"inLanguage\":\"es\",\"potentialAction\":[{\"@type\":\"ReadAction\",\"target\":[\"https:\\\/\\\/vcycletech.com\\\/product\\\/polyamine\\\/\"]}]},{\"@type\":\"ImageObject\",\"inLanguage\":\"es\",\"@id\":\"https:\\\/\\\/vcycletech.com\\\/product\\\/polyamine\\\/#primaryimage\",\"url\":\"https:\\\/\\\/vcycletech.com\\\/wp-content\\\/uploads\\\/2023\\\/03\\\/WT-601-12.png\",\"contentUrl\":\"https:\\\/\\\/vcycletech.com\\\/wp-content\\\/uploads\\\/2023\\\/03\\\/WT-601-12.png\",\"width\":600,\"height\":600,\"caption\":\"Polyamine\"},{\"@type\":\"BreadcrumbList\",\"@id\":\"https:\\\/\\\/vcycletech.com\\\/product\\\/polyamine\\\/#breadcrumb\",\"itemListElement\":[{\"@type\":\"ListItem\",\"position\":1,\"name\":\"Home\",\"item\":\"https:\\\/\\\/vcycletech.com\\\/\"},{\"@type\":\"ListItem\",\"position\":2,\"name\":\"Water Treatment Chemicals Manufacturer\",\"item\":\"https:\\\/\\\/vcycletech.com\\\/water-treatment-chemicals-manufacturer\\\/\"},{\"@type\":\"ListItem\",\"position\":3,\"name\":\"Polyamine\"}]},{\"@type\":\"WebSite\",\"@id\":\"https:\\\/\\\/vcycletech.com\\\/#website\",\"url\":\"https:\\\/\\\/vcycletech.com\\\/\",\"name\":\"vcycletech\",\"description\":\"China&#039;s top water treatment chemicals supplier\",\"publisher\":{\"@id\":\"https:\\\/\\\/vcycletech.com\\\/#organization\"},\"potentialAction\":[{\"@type\":\"SearchAction\",\"target\":{\"@type\":\"EntryPoint\",\"urlTemplate\":\"https:\\\/\\\/vcycletech.com\\\/?s={search_term_string}\"},\"query-input\":{\"@type\":\"PropertyValueSpecification\",\"valueRequired\":true,\"valueName\":\"search_term_string\"}}],\"inLanguage\":\"es\"},{\"@type\":\"Organization\",\"@id\":\"https:\\\/\\\/vcycletech.com\\\/#organization\",\"name\":\"vcycletech\",\"url\":\"https:\\\/\\\/vcycletech.com\\\/\",\"logo\":{\"@type\":\"ImageObject\",\"inLanguage\":\"es\",\"@id\":\"https:\\\/\\\/vcycletech.com\\\/#\\\/schema\\\/logo\\\/image\\\/\",\"url\":\"https:\\\/\\\/vcycletech.com\\\/wp-content\\\/uploads\\\/2023\\\/03\\\/logo-vcycletech-1.png\",\"contentUrl\":\"https:\\\/\\\/vcycletech.com\\\/wp-content\\\/uploads\\\/2023\\\/03\\\/logo-vcycletech-1.png\",\"width\":600,\"height\":400,\"caption\":\"vcycletech\"},\"image\":{\"@id\":\"https:\\\/\\\/vcycletech.com\\\/#\\\/schema\\\/logo\\\/image\\\/\"}}]}<\/script>\n<!-- \/ Yoast SEO Premium plugin. -->","yoast_head_json":{"title":"Poliamina - vcycletech","description":"\u00a1Coagule s\u00f3lidos y obtenga los productos finales deseados para sus plantas de tratamiento de agua o f\u00e1bricas de papel con facilidad! La poliamina es el pol\u00edmero cati\u00f3nico avanzado que garantiza la neutralizaci\u00f3n de carga. \u00a1Pru\u00e9balo hoy y haz tu trabajo m\u00e1s f\u00e1cil! #Poliamina","robots":{"index":"index","follow":"follow","max-snippet":"max-snippet:-1","max-image-preview":"max-image-preview:large","max-video-preview":"max-video-preview:-1"},"canonical":"https:\/\/vcycletech.com\/es\/producto\/poliamina\/","og_locale":"es_MX","og_type":"article","og_title":"Polyamine","og_description":"Coagulate solids and get desired end products for your water treatment plants or paper mills with ease! Polyamine is the advanced cationic polymer that guarantees charge neutralization. Try it today and make your work easier! #Polyamine","og_url":"https:\/\/vcycletech.com\/es\/producto\/poliamina\/","og_site_name":"vcycletech","article_modified_time":"2023-03-23T10:10:10+00:00","og_image":[{"width":600,"height":600,"url":"https:\/\/vcycletech.com\/wp-content\/uploads\/2023\/03\/WT-601-12.png","type":"image\/png"}],"twitter_card":"summary_large_image","twitter_misc":{"Tiempo de lectura":"2 minutos"},"schema":{"@context":"https:\/\/schema.org","@graph":[{"@type":"WebPage","@id":"https:\/\/vcycletech.com\/product\/polyamine\/","url":"https:\/\/vcycletech.com\/product\/polyamine\/","name":"Poliamina - vcycletech","isPartOf":{"@id":"https:\/\/vcycletech.com\/#website"},"primaryImageOfPage":{"@id":"https:\/\/vcycletech.com\/product\/polyamine\/#primaryimage"},"image":{"@id":"https:\/\/vcycletech.com\/product\/polyamine\/#primaryimage"},"thumbnailUrl":"https:\/\/vcycletech.com\/wp-content\/uploads\/2023\/03\/WT-601-12.png","datePublished":"2023-03-23T10:10:09+00:00","dateModified":"2023-03-23T10:10:10+00:00","description":"\u00a1Coagule s\u00f3lidos y obtenga los productos finales deseados para sus plantas de tratamiento de agua o f\u00e1bricas de papel con facilidad! La poliamina es el pol\u00edmero cati\u00f3nico avanzado que garantiza la neutralizaci\u00f3n de carga. \u00a1Pru\u00e9balo hoy y haz tu trabajo m\u00e1s f\u00e1cil! #Poliamina","breadcrumb":{"@id":"https:\/\/vcycletech.com\/product\/polyamine\/#breadcrumb"},"inLanguage":"es","potentialAction":[{"@type":"ReadAction","target":["https:\/\/vcycletech.com\/product\/polyamine\/"]}]},{"@type":"ImageObject","inLanguage":"es","@id":"https:\/\/vcycletech.com\/product\/polyamine\/#primaryimage","url":"https:\/\/vcycletech.com\/wp-content\/uploads\/2023\/03\/WT-601-12.png","contentUrl":"https:\/\/vcycletech.com\/wp-content\/uploads\/2023\/03\/WT-601-12.png","width":600,"height":600,"caption":"Polyamine"},{"@type":"BreadcrumbList","@id":"https:\/\/vcycletech.com\/product\/polyamine\/#breadcrumb","itemListElement":[{"@type":"ListItem","position":1,"name":"Home","item":"https:\/\/vcycletech.com\/"},{"@type":"ListItem","position":2,"name":"Water Treatment Chemicals Manufacturer","item":"https:\/\/vcycletech.com\/water-treatment-chemicals-manufacturer\/"},{"@type":"ListItem","position":3,"name":"Polyamine"}]},{"@type":"WebSite","@id":"https:\/\/vcycletech.com\/#website","url":"https:\/\/vcycletech.com\/","name":"vcycletech","description":"El principal proveedor de productos qu\u00edmicos para el tratamiento del agua de China y #039;","publisher":{"@id":"https:\/\/vcycletech.com\/#organization"},"potentialAction":[{"@type":"SearchAction","target":{"@type":"EntryPoint","urlTemplate":"https:\/\/vcycletech.com\/?s={search_term_string}"},"query-input":{"@type":"PropertyValueSpecification","valueRequired":true,"valueName":"search_term_string"}}],"inLanguage":"es"},{"@type":"Organization","@id":"https:\/\/vcycletech.com\/#organization","name":"vcycletech","url":"https:\/\/vcycletech.com\/","logo":{"@type":"ImageObject","inLanguage":"es","@id":"https:\/\/vcycletech.com\/#\/schema\/logo\/image\/","url":"https:\/\/vcycletech.com\/wp-content\/uploads\/2023\/03\/logo-vcycletech-1.png","contentUrl":"https:\/\/vcycletech.com\/wp-content\/uploads\/2023\/03\/logo-vcycletech-1.png","width":600,"height":400,"caption":"vcycletech"},"image":{"@id":"https:\/\/vcycletech.com\/#\/schema\/logo\/image\/"}}]}},"_links":{"self":[{"href":"https:\/\/vcycletech.com\/es\/wp-json\/wp\/v2\/product\/2492","targetHints":{"allow":["GET"]}}],"collection":[{"href":"https:\/\/vcycletech.com\/es\/wp-json\/wp\/v2\/product"}],"about":[{"href":"https:\/\/vcycletech.com\/es\/wp-json\/wp\/v2\/types\/product"}],"wp:featuredmedia":[{"embeddable":true,"href":"https:\/\/vcycletech.com\/es\/wp-json\/wp\/v2\/media\/2573"}],"wp:attachment":[{"href":"https:\/\/vcycletech.com\/es\/wp-json\/wp\/v2\/media?parent=2492"}],"wp:term":[{"taxonomy":"product_brand","embeddable":true,"href":"https:\/\/vcycletech.com\/es\/wp-json\/wp\/v2\/product_brand?post=2492"},{"taxonomy":"product_cat","embeddable":true,"href":"https:\/\/vcycletech.com\/es\/wp-json\/wp\/v2\/product_cat?post=2492"},{"taxonomy":"product_tag","embeddable":true,"href":"https:\/\/vcycletech.com\/es\/wp-json\/wp\/v2\/product_tag?post=2492"}],"curies":[{"name":"wp","href":"https:\/\/api.w.org\/{rel}","templated":true}]}}