{"id":2350,"date":"2023-03-23T09:33:50","date_gmt":"2023-03-23T09:33:50","guid":{"rendered":"https:\/\/vcycletech.com\/?post_type=product&#038;p=2350"},"modified":"2023-03-23T09:33:51","modified_gmt":"2023-03-23T09:33:51","slug":"clorhidrato-de-aluminio-ach","status":"publish","type":"product","link":"https:\/\/vcycletech.com\/es\/producto\/clorhidrato-de-aluminio-ach\/","title":{"rendered":"Clorhidrato de Aluminio (ACH)"},"content":{"rendered":"<h2 id=\"introduction_2\" class=\"xsj_heading_hash xsj_heading xsj_heading_h2\" data-source-line=\"6\" data-source-line-display=\"true\"><span class=\"xsj_heading_content\">Introducci\u00f3n<\/span><\/h2>\n<p class=\"xsj_paragraph xsj_paragraph_level_0\" data-source-line=\"7\" data-source-line-display=\"true\">El clorhidrato de aluminio (ACH) es un coagulante eficaz y vers\u00e1til que se utiliza en diversas aplicaciones de tratamiento de agua. Elimina eficazmente la materia org\u00e1nica y los s\u00f3lidos suspendidos totales (TSS) del agua potable, las aguas residuales y las aguas pluviales. ACH tambi\u00e9n tiene una amplia compatibilidad con el rango de pH, lo que lo convierte en una opci\u00f3n ideal para muchas situaciones.<\/p>\n<div class=\"xiaoshujiang_element xsj_anchor\"><a class=\"blank_anchor_name\" name=\"features_3\"><\/a><a id=\"features_3\" class=\"blank_anchor_id\"><\/a><a class=\"blank_anchor_name\" name=\"features\"><\/a><a id=\"features\" class=\"blank_anchor_id\"><\/a><\/div>\n<h2 id=\"features_3\" class=\"xsj_heading_hash xsj_heading xsj_heading_h2\" data-source-line=\"9\" data-source-line-display=\"true\"><span class=\"xsj_heading_content\">Caracter\u00edsticas<\/span><\/h2>\n<p class=\"xsj_paragraph xsj_paragraph_level_0\" data-source-line=\"11\" data-source-line-display=\"true\">Una de las principales ventajas de utilizar ACH como coagulante es su s\u00f3lido rendimiento. Su eficiencia mejorada ayuda a reducir la cantidad de tiempo necesario para el proceso de tratamiento sin dejar de proporcionar resultados superiores. Adem\u00e1s, cuenta con una compatibilidad de amplio rango de pH, por lo que los usuarios no tienen que preocuparse por problemas de compatibilidad. Esto lo hace adecuado para una variedad de diferentes aplicaciones de tratamiento de agua.<\/p>\n<div class=\"xiaoshujiang_element xsj_anchor\"><a class=\"blank_anchor_name\" name=\"applications_4\"><\/a><a id=\"applications_4\" class=\"blank_anchor_id\"><\/a><a class=\"blank_anchor_name\" name=\"applications\"><\/a><a id=\"applications\" class=\"blank_anchor_id\"><\/a><\/div>\n<h2 id=\"applications_4\" class=\"xsj_heading_hash xsj_heading xsj_heading_h2\" data-source-line=\"13\" data-source-line-display=\"true\"><span class=\"xsj_heading_content\">Aplicaciones<\/span><\/h2>\n<p class=\"xsj_paragraph xsj_paragraph_level_0\" data-source-line=\"15\" data-source-line-display=\"true\">ACH se puede utilizar en aplicaciones de agua potable, aguas residuales y aguas pluviales para eliminar la materia org\u00e1nica y los TSS del suministro de agua. Tambi\u00e9n se puede utilizar en procesos industriales como la producci\u00f3n de papel o plantas de procesamiento de alimentos donde se requiere la eliminaci\u00f3n de estos contaminantes para su correcto funcionamiento. Adem\u00e1s, se puede utilizar en procesos como la deshidrataci\u00f3n de lodos o procesos de floculaci\u00f3n\/deshidrataci\u00f3n en plantas de tratamiento de aguas residuales municipales.<\/p>\n<h2>Especificaci\u00f3n:<\/h2>\n<p data-source-line=\"15\" data-source-line-display=\"true\">\n<table id=\"tablepress-11\" class=\"tablepress tablepress-id-11\">\n<thead>\n<tr class=\"row-1\">\n\t<th class=\"column-1\">Nombre del producto<\/th><th class=\"column-2\">CCA<\/th><td class=\"column-3\"><\/td>\n<\/tr>\n<\/thead>\n<tbody class=\"row-striping row-hover\">\n<tr class=\"row-2\">\n\t<td class=\"column-1\">Apariencia<\/td><td class=\"column-2\">L\u00edquido transparente incoloro<\/td><td class=\"column-3\"><\/td>\n<\/tr>\n<tr class=\"row-3\">\n\t<td class=\"column-1\">Est\u00e1ndar<\/td><td class=\"column-2\">USP-34<\/td><td class=\"column-3\"><\/td>\n<\/tr>\n<tr class=\"row-4\">\n\t<td class=\"column-1\">Al:Cl<\/td><td class=\"column-2\">1.9:1-2.1:1<\/td><td class=\"column-3\"><\/td>\n<\/tr>\n<tr class=\"row-5\">\n\t<td class=\"column-1\">Al2O3%<\/td><td class=\"column-2\">>46\/46-48<\/td><td class=\"column-3\"><\/td>\n<\/tr>\n<tr class=\"row-6\">\n\t<td class=\"column-1\">Cl%<\/td><td class=\"column-2\"><18.0\/15.8-16.8<\/td><td class=\"column-3\"><\/td>\n<\/tr>\n<tr class=\"row-7\">\n\t<td class=\"column-1\">Solubilidad<\/td><td class=\"column-2\">Solubilidad en agua<\/td><td class=\"column-3\"><\/td>\n<\/tr>\n<\/tbody>\n<\/table>\n<!-- #tablepress-11 from cache --><\/p>\n<div class=\"xiaoshujiang_element xsj_anchor\"><a class=\"blank_anchor_name\" name=\"faqs_5\"><\/a><a id=\"faqs_5\" class=\"blank_anchor_id\"><\/a><a class=\"blank_anchor_name\" name=\"faqs\"><\/a><a id=\"faqs\" class=\"blank_anchor_id\"><\/a><\/div>\n<h2 id=\"faqs_5\" class=\"xsj_heading_hash xsj_heading xsj_heading_h2\" data-source-line=\"17\" data-source-line-display=\"true\"><span class=\"xsj_heading_content\">preguntas frecuentes<\/span><\/h2>\n<div class=\"xiaoshujiang_element xsj_anchor\"><a class=\"blank_anchor_name\" name=\"120what20is20aluminum20chlorohydrate_6\"><\/a><a id=\"120what20is20aluminum20chlorohydrate_6\" class=\"blank_anchor_id\"><\/a><a class=\"blank_anchor_name\" name=\"1-what-is-aluminum-chlorohydrate\"><\/a><a id=\"1-what-is-aluminum-chlorohydrate\" class=\"blank_anchor_id\"><\/a><\/div>\n<h3 id=\"120what20is20aluminum20chlorohydrate_6\" class=\"xsj_heading_hash xsj_heading xsj_heading_h3\" data-source-line=\"19\" data-source-line-display=\"true\"><span class=\"xsj_heading_content\">1) \u00bfQu\u00e9 es el clorhidrato de aluminio?<\/span><\/h3>\n<p class=\"xsj_paragraph xsj_paragraph_level_0\" data-source-line=\"21\" data-source-line-display=\"true\">Respuesta: El clorhidrato de aluminio (ACH) es un coagulante efectivo en varias aplicaciones de tratamiento de agua. Ayuda a eliminar la materia org\u00e1nica y los s\u00f3lidos suspendidos totales (TSS) de los suministros de agua potable, aguas residuales y aguas pluviales.<\/p>\n<div class=\"xiaoshujiang_element xsj_anchor\"><a class=\"blank_anchor_name\" name=\"220what20are20the20benefits20of20using20ach_7\"><\/a><a id=\"220what20are20the20benefits20of20using20ach_7\" class=\"blank_anchor_id\"><\/a><a class=\"blank_anchor_name\" name=\"2-what-are-the-benefits-of-using-ach\"><\/a><a id=\"2-what-are-the-benefits-of-using-ach\" class=\"blank_anchor_id\"><\/a><\/div>\n<h3 id=\"220what20are20the20benefits20of20using20ach_7\" class=\"xsj_heading_hash xsj_heading xsj_heading_h3\" data-source-line=\"23\" data-source-line-display=\"true\"><span class=\"xsj_heading_content\">2) \u00bfCu\u00e1les son los beneficios de usar ACH?<\/span><\/h3>\n<p class=\"xsj_paragraph xsj_paragraph_level_0\" data-source-line=\"25\" data-source-line-display=\"true\">Respuesta: El principal beneficio de usar ACH es su s\u00f3lido rendimiento que ayuda a reducir el tiempo necesario para el proceso de tratamiento y al mismo tiempo brinda resultados superiores. Adem\u00e1s, tiene una amplia compatibilidad con el rango de pH, lo que lo hace adecuado para muchas aplicaciones.<\/p>\n<div class=\"xiaoshujiang_element xsj_anchor\"><a class=\"blank_anchor_name\" name=\"320what20types20of20applications20can20ach20be20used20for_8\"><\/a><a id=\"320what20types20of20applications20can20ach20be20used20for_8\" class=\"blank_anchor_id\"><\/a><a class=\"blank_anchor_name\" name=\"3-what-types-of-applications-can-ach-be-used-for\"><\/a><a id=\"3-what-types-of-applications-can-ach-be-used-for\" class=\"blank_anchor_id\"><\/a><\/div>\n<h3 id=\"320what20types20of20applications20can20ach20be20used20for_8\" class=\"xsj_heading_hash xsj_heading xsj_heading_h3\" data-source-line=\"27\" data-source-line-display=\"true\"><span class=\"xsj_heading_content\">3) \u00bfPara qu\u00e9 tipos de aplicaciones se puede usar ACH?<\/span><\/h3>\n<p class=\"xsj_paragraph xsj_paragraph_level_0\" data-source-line=\"29\" data-source-line-display=\"true\">Respuesta: ACH se puede usar en aplicaciones de agua potable, aguas residuales y aguas pluviales para eliminar materia org\u00e1nica y TSS del suministro, as\u00ed como en procesos industriales como la producci\u00f3n de papel o plantas de procesamiento de alimentos donde estos contaminantes son necesarios para una operaci\u00f3n adecuada. Tambi\u00e9n se puede utilizar en otros procesos, como la deshidrataci\u00f3n de lodos o procesos de floculaci\u00f3n\/deshidrataci\u00f3n en plantas de tratamiento de aguas residuales municipales.<\/p>\n<div class=\"xiaoshujiang_element xsj_anchor\"><a class=\"blank_anchor_name\" name=\"420is20ach20safe20to20use_9\"><\/a><a id=\"420is20ach20safe20to20use_9\" class=\"blank_anchor_id\"><\/a><a class=\"blank_anchor_name\" name=\"4-is-ach-safe-to-use\"><\/a><a id=\"4-is-ach-safe-to-use\" class=\"blank_anchor_id\"><\/a><\/div>\n<h3 id=\"420is20ach20safe20to20use_9\" class=\"xsj_heading_hash xsj_heading xsj_heading_h3\" data-source-line=\"31\" data-source-line-display=\"true\"><span class=\"xsj_heading_content\">4) \u00bfEs seguro usar ACH?<\/span><\/h3>\n<p class=\"xsj_paragraph xsj_paragraph_level_0\" data-source-line=\"33\" data-source-line-display=\"true\">Respuesta: ACH es seguro de usar cuando se maneja correctamente con el equipo de protecci\u00f3n y se siguen los protocolos de seguridad apropiados en todo momento durante los procedimientos de manipulaci\u00f3n y aplicaci\u00f3n.<\/p>\n<div class=\"xiaoshujiang_element xsj_anchor\"><a class=\"blank_anchor_name\" name=\"520does20ach20have20any20side20effects_10\"><\/a><a id=\"520does20ach20have20any20side20effects_10\" class=\"blank_anchor_id\"><\/a><a class=\"blank_anchor_name\" name=\"5-does-ach-have-any-side-effects\"><\/a><a id=\"5-does-ach-have-any-side-effects\" class=\"blank_anchor_id\"><\/a><\/div>\n<h3 id=\"520does20ach20have20any20side20effects_10\" class=\"xsj_heading_hash xsj_heading xsj_heading_h3\" data-source-line=\"35\" data-source-line-display=\"true\"><span class=\"xsj_heading_content\">5) \u00bfLa ACH tiene efectos secundarios?<\/span><\/h3>\n<p class=\"xsj_paragraph xsj_paragraph_level_0\" data-source-line=\"37\" data-source-line-display=\"true\">Respuesta: No, no se conocen efectos secundarios asociados con el uso de ACH cuando se maneja correctamente con el equipo de protecci\u00f3n que se usa en todo momento durante los procedimientos de manipulaci\u00f3n y aplicaci\u00f3n.<\/p>\n<p class=\"xsj_paragraph xsj_paragraph_level_0\" data-source-line=\"39\" data-source-line-display=\"true\"><a class=\"xsj_link xsj_manu_link\" href=\"https:\/\/vcycletech.com\/es\/categoria-de-producto\/coagulantes-y-floculantes\/\">Obtenga la soluci\u00f3n completa de Coagulantes y Floculantes.<\/a><\/p>","protected":false},"excerpt":{"rendered":"<p><strong>CCA<\/strong> es un coagulante que se usa ampliamente en aplicaciones de agua potable, aguas residuales y aguas pluviales. Tiene un rendimiento robusto, lo que facilita la eliminaci\u00f3n de materia org\u00e1nica y SST. \u00a1Adem\u00e1s, sus capacidades de amplio rango de pH lo hacen compatible con una variedad de situaciones! Si est\u00e1 buscando un coagulante eficaz y vers\u00e1til, \u00a1ACH es la elecci\u00f3n perfecta!<\/p>\n<p>vcycletech es el mejor clorhidrato de aluminio (ACH) <strong>proveedor chino<\/strong>, ofreciendo productos de alta calidad a precios competitivos. Tenemos una amplia gama de productos ACH disponibles, para que pueda encontrar el perfecto para sus necesidades. \u00a1Cont\u00e1ctenos hoy para aprender m\u00e1s!<\/p>","protected":false},"featured_media":2459,"template":"","meta":{"site-sidebar-layout":"default","site-content-layout":"default","ast-site-content-layout":"default","site-content-style":"default","site-sidebar-style":"default","ast-global-header-display":"","ast-banner-title-visibility":"","ast-main-header-display":"","ast-hfb-above-header-display":"","ast-hfb-below-header-display":"","ast-hfb-mobile-header-display":"","site-post-title":"","ast-breadcrumbs-content":"","ast-featured-img":"","footer-sml-layout":"","ast-disable-related-posts":"","theme-transparent-header-meta":"default","adv-header-id-meta":"","stick-header-meta":"default","header-above-stick-meta":"","header-main-stick-meta":"","header-below-stick-meta":"","astra-migrate-meta-layouts":"default","ast-page-background-enabled":"default","ast-page-background-meta":{"desktop":{"background-color":"","background-image":"","background-repeat":"repeat","background-position":"center center","background-size":"auto","background-attachment":"scroll","background-type":"","background-media":"","overlay-type":"","overlay-color":"","overlay-opacity":"","overlay-gradient":""},"tablet":{"background-color":"","background-image":"","background-repeat":"repeat","background-position":"center center","background-size":"auto","background-attachment":"scroll","background-type":"","background-media":"","overlay-type":"","overlay-color":"","overlay-opacity":"","overlay-gradient":""},"mobile":{"background-color":"","background-image":"","background-repeat":"repeat","background-position":"center center","background-size":"auto","background-attachment":"scroll","background-type":"","background-media":"","overlay-type":"","overlay-color":"","overlay-opacity":"","overlay-gradient":""}},"ast-content-background-meta":{"desktop":{"background-color":"var(--ast-global-color-5)","background-image":"","background-repeat":"repeat","background-position":"center center","background-size":"auto","background-attachment":"scroll","background-type":"","background-media":"","overlay-type":"","overlay-color":"","overlay-opacity":"","overlay-gradient":""},"tablet":{"background-color":"var(--ast-global-color-5)","background-image":"","background-repeat":"repeat","background-position":"center center","background-size":"auto","background-attachment":"scroll","background-type":"","background-media":"","overlay-type":"","overlay-color":"","overlay-opacity":"","overlay-gradient":""},"mobile":{"background-color":"var(--ast-global-color-5)","background-image":"","background-repeat":"repeat","background-position":"center center","background-size":"auto","background-attachment":"scroll","background-type":"","background-media":"","overlay-type":"","overlay-color":"","overlay-opacity":"","overlay-gradient":""}}},"product_brand":[],"product_cat":[37],"product_tag":[],"class_list":{"0":"post-2350","1":"product","2":"type-product","3":"status-publish","4":"has-post-thumbnail","6":"product_cat-coagulants-and-flocculants","7":"desktop-align-left","8":"tablet-align-left","9":"mobile-align-left","10":"ast-product-gallery-layout-horizontal-slider","11":"ast-product-gallery-with-no-image","12":"ast-product-tabs-layout-horizontal","14":"first","15":"instock","16":"shipping-taxable","17":"product-type-simple"},"yoast_head":"<!-- This site is optimized with the Yoast SEO Premium plugin v26.3 (Yoast SEO v27.5) - https:\/\/yoast.com\/product\/yoast-seo-premium-wordpress\/ -->\n<title>Aluminum Chlorohydrate (ACH) - vcycletech<\/title>\n<meta name=\"description\" content=\"Get guaranteed water quality with Aluminum Chlorohydrate (ACH)! This powerful and versatile coagulant can be used in various drinking, wastewater and stormwater treatment applications for removing organic matter and total suspended solids (TSS). pH range compatibility ensures the perfect solution.\" \/>\n<meta name=\"robots\" content=\"index, follow, max-snippet:-1, max-image-preview:large, max-video-preview:-1\" \/>\n<link rel=\"canonical\" href=\"https:\/\/vcycletech.com\/es\/producto\/clorhidrato-de-aluminio-ach\/\" \/>\n<meta property=\"og:locale\" content=\"es_MX\" \/>\n<meta property=\"og:type\" content=\"article\" \/>\n<meta property=\"og:title\" content=\"Aluminum Chlorohydrate (ACH)\" \/>\n<meta property=\"og:description\" content=\"Get guaranteed water quality with Aluminum Chlorohydrate (ACH)! This powerful and versatile coagulant can be used in various drinking, wastewater and stormwater treatment applications for removing organic matter and total suspended solids (TSS). pH range compatibility ensures the perfect solution.\" \/>\n<meta property=\"og:url\" content=\"https:\/\/vcycletech.com\/es\/producto\/clorhidrato-de-aluminio-ach\/\" \/>\n<meta property=\"og:site_name\" content=\"vcycletech\" \/>\n<meta property=\"article:modified_time\" content=\"2023-03-23T09:33:51+00:00\" \/>\n<meta property=\"og:image\" content=\"https:\/\/vcycletech.com\/wp-content\/uploads\/2023\/03\/WT-601-10.png\" \/>\n\t<meta property=\"og:image:width\" content=\"600\" \/>\n\t<meta property=\"og:image:height\" content=\"600\" \/>\n\t<meta property=\"og:image:type\" content=\"image\/png\" \/>\n<meta name=\"twitter:card\" content=\"summary_large_image\" \/>\n<meta name=\"twitter:label1\" content=\"Tiempo de lectura\" \/>\n\t<meta name=\"twitter:data1\" content=\"2 minutos\" \/>\n<script type=\"application\/ld+json\" class=\"yoast-schema-graph\">{\"@context\":\"https:\\\/\\\/schema.org\",\"@graph\":[{\"@type\":\"WebPage\",\"@id\":\"https:\\\/\\\/vcycletech.com\\\/product\\\/aluminum-chlorohydrate-ach\\\/\",\"url\":\"https:\\\/\\\/vcycletech.com\\\/product\\\/aluminum-chlorohydrate-ach\\\/\",\"name\":\"Aluminum Chlorohydrate (ACH) - vcycletech\",\"isPartOf\":{\"@id\":\"https:\\\/\\\/vcycletech.com\\\/#website\"},\"primaryImageOfPage\":{\"@id\":\"https:\\\/\\\/vcycletech.com\\\/product\\\/aluminum-chlorohydrate-ach\\\/#primaryimage\"},\"image\":{\"@id\":\"https:\\\/\\\/vcycletech.com\\\/product\\\/aluminum-chlorohydrate-ach\\\/#primaryimage\"},\"thumbnailUrl\":\"https:\\\/\\\/vcycletech.com\\\/wp-content\\\/uploads\\\/2023\\\/03\\\/WT-601-10.png\",\"datePublished\":\"2023-03-23T09:33:50+00:00\",\"dateModified\":\"2023-03-23T09:33:51+00:00\",\"description\":\"Get guaranteed water quality with Aluminum Chlorohydrate (ACH)! This powerful and versatile coagulant can be used in various drinking, wastewater and stormwater treatment applications for removing organic matter and total suspended solids (TSS). pH range compatibility ensures the perfect solution.\",\"breadcrumb\":{\"@id\":\"https:\\\/\\\/vcycletech.com\\\/product\\\/aluminum-chlorohydrate-ach\\\/#breadcrumb\"},\"inLanguage\":\"es\",\"potentialAction\":[{\"@type\":\"ReadAction\",\"target\":[\"https:\\\/\\\/vcycletech.com\\\/product\\\/aluminum-chlorohydrate-ach\\\/\"]}]},{\"@type\":\"ImageObject\",\"inLanguage\":\"es\",\"@id\":\"https:\\\/\\\/vcycletech.com\\\/product\\\/aluminum-chlorohydrate-ach\\\/#primaryimage\",\"url\":\"https:\\\/\\\/vcycletech.com\\\/wp-content\\\/uploads\\\/2023\\\/03\\\/WT-601-10.png\",\"contentUrl\":\"https:\\\/\\\/vcycletech.com\\\/wp-content\\\/uploads\\\/2023\\\/03\\\/WT-601-10.png\",\"width\":600,\"height\":600,\"caption\":\"Aluminum Chlorohydrate (ACH)\"},{\"@type\":\"BreadcrumbList\",\"@id\":\"https:\\\/\\\/vcycletech.com\\\/product\\\/aluminum-chlorohydrate-ach\\\/#breadcrumb\",\"itemListElement\":[{\"@type\":\"ListItem\",\"position\":1,\"name\":\"Home\",\"item\":\"https:\\\/\\\/vcycletech.com\\\/\"},{\"@type\":\"ListItem\",\"position\":2,\"name\":\"Water Treatment Chemicals Manufacturer\",\"item\":\"https:\\\/\\\/vcycletech.com\\\/water-treatment-chemicals-manufacturer\\\/\"},{\"@type\":\"ListItem\",\"position\":3,\"name\":\"Aluminum Chlorohydrate (ACH)\"}]},{\"@type\":\"WebSite\",\"@id\":\"https:\\\/\\\/vcycletech.com\\\/#website\",\"url\":\"https:\\\/\\\/vcycletech.com\\\/\",\"name\":\"vcycletech\",\"description\":\"China&#039;s top water treatment chemicals supplier\",\"publisher\":{\"@id\":\"https:\\\/\\\/vcycletech.com\\\/#organization\"},\"potentialAction\":[{\"@type\":\"SearchAction\",\"target\":{\"@type\":\"EntryPoint\",\"urlTemplate\":\"https:\\\/\\\/vcycletech.com\\\/?s={search_term_string}\"},\"query-input\":{\"@type\":\"PropertyValueSpecification\",\"valueRequired\":true,\"valueName\":\"search_term_string\"}}],\"inLanguage\":\"es\"},{\"@type\":\"Organization\",\"@id\":\"https:\\\/\\\/vcycletech.com\\\/#organization\",\"name\":\"vcycletech\",\"url\":\"https:\\\/\\\/vcycletech.com\\\/\",\"logo\":{\"@type\":\"ImageObject\",\"inLanguage\":\"es\",\"@id\":\"https:\\\/\\\/vcycletech.com\\\/#\\\/schema\\\/logo\\\/image\\\/\",\"url\":\"https:\\\/\\\/vcycletech.com\\\/wp-content\\\/uploads\\\/2023\\\/03\\\/logo-vcycletech-1.png\",\"contentUrl\":\"https:\\\/\\\/vcycletech.com\\\/wp-content\\\/uploads\\\/2023\\\/03\\\/logo-vcycletech-1.png\",\"width\":600,\"height\":400,\"caption\":\"vcycletech\"},\"image\":{\"@id\":\"https:\\\/\\\/vcycletech.com\\\/#\\\/schema\\\/logo\\\/image\\\/\"}}]}<\/script>\n<!-- \/ Yoast SEO Premium plugin. -->","yoast_head_json":{"title":"Clorhidrato de Aluminio (ACH) - vcycletech","description":"\u00a1Obtenga agua de calidad garantizada con Clorhidrato de Aluminio (ACH)! Este potente y vers\u00e1til coagulante se puede utilizar en diversas aplicaciones de tratamiento de agua potable, aguas residuales y aguas pluviales para eliminar la materia org\u00e1nica y los s\u00f3lidos suspendidos totales (TSS). La compatibilidad con el rango de pH garantiza la soluci\u00f3n perfecta.","robots":{"index":"index","follow":"follow","max-snippet":"max-snippet:-1","max-image-preview":"max-image-preview:large","max-video-preview":"max-video-preview:-1"},"canonical":"https:\/\/vcycletech.com\/es\/producto\/clorhidrato-de-aluminio-ach\/","og_locale":"es_MX","og_type":"article","og_title":"Aluminum Chlorohydrate (ACH)","og_description":"Get guaranteed water quality with Aluminum Chlorohydrate (ACH)! This powerful and versatile coagulant can be used in various drinking, wastewater and stormwater treatment applications for removing organic matter and total suspended solids (TSS). pH range compatibility ensures the perfect solution.","og_url":"https:\/\/vcycletech.com\/es\/producto\/clorhidrato-de-aluminio-ach\/","og_site_name":"vcycletech","article_modified_time":"2023-03-23T09:33:51+00:00","og_image":[{"width":600,"height":600,"url":"https:\/\/vcycletech.com\/wp-content\/uploads\/2023\/03\/WT-601-10.png","type":"image\/png"}],"twitter_card":"summary_large_image","twitter_misc":{"Tiempo de lectura":"2 minutos"},"schema":{"@context":"https:\/\/schema.org","@graph":[{"@type":"WebPage","@id":"https:\/\/vcycletech.com\/product\/aluminum-chlorohydrate-ach\/","url":"https:\/\/vcycletech.com\/product\/aluminum-chlorohydrate-ach\/","name":"Clorhidrato de Aluminio (ACH) - vcycletech","isPartOf":{"@id":"https:\/\/vcycletech.com\/#website"},"primaryImageOfPage":{"@id":"https:\/\/vcycletech.com\/product\/aluminum-chlorohydrate-ach\/#primaryimage"},"image":{"@id":"https:\/\/vcycletech.com\/product\/aluminum-chlorohydrate-ach\/#primaryimage"},"thumbnailUrl":"https:\/\/vcycletech.com\/wp-content\/uploads\/2023\/03\/WT-601-10.png","datePublished":"2023-03-23T09:33:50+00:00","dateModified":"2023-03-23T09:33:51+00:00","description":"\u00a1Obtenga agua de calidad garantizada con Clorhidrato de Aluminio (ACH)! Este potente y vers\u00e1til coagulante se puede utilizar en diversas aplicaciones de tratamiento de agua potable, aguas residuales y aguas pluviales para eliminar la materia org\u00e1nica y los s\u00f3lidos suspendidos totales (TSS). La compatibilidad con el rango de pH garantiza la soluci\u00f3n perfecta.","breadcrumb":{"@id":"https:\/\/vcycletech.com\/product\/aluminum-chlorohydrate-ach\/#breadcrumb"},"inLanguage":"es","potentialAction":[{"@type":"ReadAction","target":["https:\/\/vcycletech.com\/product\/aluminum-chlorohydrate-ach\/"]}]},{"@type":"ImageObject","inLanguage":"es","@id":"https:\/\/vcycletech.com\/product\/aluminum-chlorohydrate-ach\/#primaryimage","url":"https:\/\/vcycletech.com\/wp-content\/uploads\/2023\/03\/WT-601-10.png","contentUrl":"https:\/\/vcycletech.com\/wp-content\/uploads\/2023\/03\/WT-601-10.png","width":600,"height":600,"caption":"Aluminum Chlorohydrate (ACH)"},{"@type":"BreadcrumbList","@id":"https:\/\/vcycletech.com\/product\/aluminum-chlorohydrate-ach\/#breadcrumb","itemListElement":[{"@type":"ListItem","position":1,"name":"Home","item":"https:\/\/vcycletech.com\/"},{"@type":"ListItem","position":2,"name":"Water Treatment Chemicals Manufacturer","item":"https:\/\/vcycletech.com\/water-treatment-chemicals-manufacturer\/"},{"@type":"ListItem","position":3,"name":"Aluminum Chlorohydrate (ACH)"}]},{"@type":"WebSite","@id":"https:\/\/vcycletech.com\/#website","url":"https:\/\/vcycletech.com\/","name":"vcycletech","description":"El principal proveedor de productos qu\u00edmicos para el tratamiento del agua de China y #039;","publisher":{"@id":"https:\/\/vcycletech.com\/#organization"},"potentialAction":[{"@type":"SearchAction","target":{"@type":"EntryPoint","urlTemplate":"https:\/\/vcycletech.com\/?s={search_term_string}"},"query-input":{"@type":"PropertyValueSpecification","valueRequired":true,"valueName":"search_term_string"}}],"inLanguage":"es"},{"@type":"Organization","@id":"https:\/\/vcycletech.com\/#organization","name":"vcycletech","url":"https:\/\/vcycletech.com\/","logo":{"@type":"ImageObject","inLanguage":"es","@id":"https:\/\/vcycletech.com\/#\/schema\/logo\/image\/","url":"https:\/\/vcycletech.com\/wp-content\/uploads\/2023\/03\/logo-vcycletech-1.png","contentUrl":"https:\/\/vcycletech.com\/wp-content\/uploads\/2023\/03\/logo-vcycletech-1.png","width":600,"height":400,"caption":"vcycletech"},"image":{"@id":"https:\/\/vcycletech.com\/#\/schema\/logo\/image\/"}}]}},"_links":{"self":[{"href":"https:\/\/vcycletech.com\/es\/wp-json\/wp\/v2\/product\/2350","targetHints":{"allow":["GET"]}}],"collection":[{"href":"https:\/\/vcycletech.com\/es\/wp-json\/wp\/v2\/product"}],"about":[{"href":"https:\/\/vcycletech.com\/es\/wp-json\/wp\/v2\/types\/product"}],"wp:featuredmedia":[{"embeddable":true,"href":"https:\/\/vcycletech.com\/es\/wp-json\/wp\/v2\/media\/2459"}],"wp:attachment":[{"href":"https:\/\/vcycletech.com\/es\/wp-json\/wp\/v2\/media?parent=2350"}],"wp:term":[{"taxonomy":"product_brand","embeddable":true,"href":"https:\/\/vcycletech.com\/es\/wp-json\/wp\/v2\/product_brand?post=2350"},{"taxonomy":"product_cat","embeddable":true,"href":"https:\/\/vcycletech.com\/es\/wp-json\/wp\/v2\/product_cat?post=2350"},{"taxonomy":"product_tag","embeddable":true,"href":"https:\/\/vcycletech.com\/es\/wp-json\/wp\/v2\/product_tag?post=2350"}],"curies":[{"name":"wp","href":"https:\/\/api.w.org\/{rel}","templated":true}]}}