{"id":2252,"date":"2023-03-23T06:24:40","date_gmt":"2023-03-23T06:24:40","guid":{"rendered":"https:\/\/vcycletech.com\/?post_type=product&#038;p=2252"},"modified":"2023-03-24T01:20:09","modified_gmt":"2023-03-24T01:20:09","slug":"acido-tricloroisocianurico-tcca-2","status":"publish","type":"product","link":"https:\/\/vcycletech.com\/es\/producto\/acido-tricloroisocianurico-tcca-2\/","title":{"rendered":"\u00c1cido tricloroisocian\u00farico (TCCA)"},"content":{"rendered":"<h3>F\u00f3rmula molecular: C3N3O3CL3<br \/>\nPeso molecular: 232,44<br \/>\nClase Peligrosa: 5.1<br \/>\nN\u00ba ONU: 2468<br \/>\nN\u00famero CAS: 87-90-1<br \/>\nSA No: 29336922<br \/>\nEspecificaci\u00f3n:<\/h3>\n<div id=\"footable_parent_2265\"\n         class=\"footable_parent ninja_table_wrapper loading_ninja_table wp_table_data_press_parent semantic_ui\">\n                <table data-ninja_table_instance=\"ninja_table_instance_0\" data-footable_id=\"2265\" data-filter-delay=\"1000\" aria-label=\"\u00c1cido tricloroisocian\u00farico (TCCA).csv\"            id=\"footable_2265\"\n           data-unique_identifier=\"ninja_table_unique_id_3642288394_2265\"\n           class=\"foo-table ninja_footable foo_table_2265 ninja_table_unique_id_3642288394_2265 ui table  nt_type_legacy_table selectable striped vertical_centered  footable-paging-right ninja_table_pro\">\n                <colgroup>\n                            <col class=\"ninja_column_0\">\n                            <col class=\"ninja_column_1\">\n                    <\/colgroup>\n        <thead>\n<tr class=\"footable-header\">\n                                        <th scope=\"col\"  class=\"ninja_column_0 ninja_clmn_nm_dosageform\">Elementos<\/th><th scope=\"col\"  class=\"ninja_column_1 ninja_clmn_nm_whitepowdergranularorflake\">\u00cdndice<\/th><\/tr>\n<\/thead>\n<tbody>\n\n        <tr data-row_id=\"389\" class=\"ninja_table_row_0 nt_row_id_389\">\n            <td>cl efectivo<\/td><td>\u226590%<\/td>        <\/tr>\n            <tr data-row_id=\"397\" class=\"ninja_table_row_1 nt_row_id_397\">\n            <td>Forma de dosificaci\u00f3n<\/td><td>Polvo blanco, granular o en escamas<\/td>        <\/tr>\n            <tr data-row_id=\"390\" class=\"ninja_table_row_2 nt_row_id_390\">\n            <td>PH(11TP1Soluci\u00f3n)<\/td><td>2.7-3.3<\/td>        <\/tr>\n            <tr data-row_id=\"391\" class=\"ninja_table_row_3 nt_row_id_391\">\n            <td>Humedad<\/td><td>\u22640.5%<\/td>        <\/tr>\n            <tr data-row_id=\"392\" class=\"ninja_table_row_4 nt_row_id_392\">\n            <td>Granular<\/td><td>malla 8-30, malla 20-60 (o decidido por el cliente)<\/td>        <\/tr>\n            <tr data-row_id=\"393\" class=\"ninja_table_row_5 nt_row_id_393\">\n            <td>Escama<\/td><td>1 g\/copos, 5 g\/copos, 20 g\/copos, 50 g\/copos, 200 g\/copos (o decidido por el cliente)<\/td>        <\/tr>\n            <tr data-row_id=\"394\" class=\"ninja_table_row_6 nt_row_id_394\">\n            <td>Paquete<\/td><td>Tambor de pl\u00e1stico: 1\/2\/5\/10\/25\/50 kg, Tambor de cart\u00f3n: 25 kg\/50 kg, (o decidido por el cliente)<\/td>        <\/tr>\n    <\/tbody><!--ninja_tobody_rendering_done-->\n    <\/table>\n    \n    \n    \n<\/div>\n\n<h3>Propiedades:<\/h3>\n<p>Tiene fuertes propiedades oxidantes y blanqueadoras que lo convierten en una buena opci\u00f3n para aplicaciones de sanitizaci\u00f3n, como desinfectar piscinas, minimizar olores y controlar la propagaci\u00f3n de bacterias. Adem\u00e1s, TCCA se puede utilizar en procesos de s\u00edntesis org\u00e1nica, lo que ayuda a crear compuestos \u00fatiles a partir de materias primas. Su estabilidad lo convierte en un agente ideal para sistemas de circulaci\u00f3n cerrados y su uso efectivo reduce los costos de mantenimiento y el tiempo de inactividad.<\/p>\n<h3>Uso:<\/h3>\n<p>Con potentes propiedades blanqueadoras y desinfectantes con una composici\u00f3n qu\u00edmica estable. Se usa ampliamente para la desinfecci\u00f3n en entornos residenciales, industriales y agr\u00edcolas, as\u00ed como para blanquear ropa, telas sint\u00e9ticas y lana resistente al encogimiento.<\/p>\n<h3>Paquete y almacenamiento:<\/h3>\n<p><strong>\u00c1cido tricloroisocian\u00farico (TCCA)<\/strong> debe empaquetarse en contenedores especiales y almacenarse lejos de la luz solar directa, altas temperaturas y fuentes de ignici\u00f3n. Debe mantenerse en un lugar fresco y seco lejos de sustancias incompatibles como componentes org\u00e1nicos y materiales inflamables. Los recipientes deben estar hechos de material inerte y estar bien sellados para evitar que el producto entre en contacto con la humedad u otras sustancias vol\u00e1tiles. Se debe tener especial cuidado al manipular el TCCA para evitar accidentes derivados del contacto con la piel o la inhalaci\u00f3n de vapores.<\/p>\n<h3>Preguntas frecuentes sobre el \u00e1cido tricloroisocian\u00farico (TCCA):<\/h3>\n<p><strong>\u00bfQu\u00e9 es el \u00e1cido tricloroisocian\u00farico (TCCA)?<\/strong><br \/>\nEl \u00e1cido tricloroisocian\u00farico (TCCA) es un compuesto org\u00e1nico con la f\u00f3rmula C3O3N3Cl3, que se usa ampliamente como desinfectante y sanitizante eficaz en los sistemas de tratamiento de agua. Las propiedades \u00fanicas de TCCA lo convierten en una opci\u00f3n ideal para una variedad de aplicaciones, como piscinas, torres de enfriamiento, spa y jacuzzis, plantas de procesamiento de alimentos y m\u00e1s. Tambi\u00e9n se puede usar para tratar el agua potable para reducir los niveles de bacterias y mejorar la calidad general del agua.<\/p>\n<p><strong>\u00bfC\u00f3mo funciona el \u00e1cido tricloroisocian\u00farico?<\/strong><br \/>\nEl \u00e1cido tricloroisocian\u00farico act\u00faa liberando cloro activo cuando entra en contacto con el agua. El cloro activo luego mata o inactiva los microorganismos pat\u00f3genos en el agua, haci\u00e9ndola segura para que los humanos la usen y consuman de manera segura. El cloro activo liberado por TCCA tambi\u00e9n ayuda a reducir los compuestos que causan olor en el agua y evita el crecimiento de algas u otros organismos acu\u00e1ticos.<\/p>\n<p><strong>\u00bfCu\u00e1les son los beneficios de usar \u00e1cido tricloroisocian\u00farico?<\/strong><br \/>\nLos principales beneficios del uso del \u00e1cido tricloroisocian\u00farico son su eficacia contra una amplia gama de contaminantes, incluidas bacterias, virus, hongos y algas; su bajo costo; su capacidad de ser almacenada por largos periodos sin perder efectividad; y su toxicidad relativamente baja en comparaci\u00f3n con otros desinfectantes disponibles. Adem\u00e1s, TCCA requiere menos dosificaci\u00f3n en comparaci\u00f3n con otros productos qu\u00edmicos utilizados en los sistemas de tratamiento de agua debido a su alta solubilidad en agua y fuerte poder desinfectante.<\/p>\n<p><strong>\u00bfC\u00f3mo puedo usar con seguridad el \u00e1cido tricloroisocian\u00farico?<\/strong><br \/>\nPara utilizar de forma segura el \u00e1cido tricloroisocian\u00farico para el tratamiento del agua, siempre aseg\u00farese de seguir estrictamente las instrucciones del fabricante con respecto a las cantidades de dosificaci\u00f3n para no sobredosificar su sistema, ya que esto podr\u00eda tener efectos negativos en la salud humana, como se mencion\u00f3 anteriormente. Adem\u00e1s, siempre use equipo de protecci\u00f3n, como guantes\/m\u00e1scaras, cuando manipule TCCA, ya que el contacto directo puede irritar la piel o los ojos, y la inhalaci\u00f3n puede causar irritaci\u00f3n en el \u00e1rea de la garganta\/nariz o dificultades para respirar, especialmente si se producen reacciones al\u00e9rgicas debido a una exposici\u00f3n prolongada sin equipo de protecci\u00f3n.<\/p>\n<p><a href=\"https:\/\/vcycletech.com\/es\/productos-quimicos-para-piscinas\/\"><strong>Obtenga la soluci\u00f3n completa de productos qu\u00edmicos para piscinas.<\/strong><\/a><\/p>","protected":false},"excerpt":{"rendered":"<p><strong>\u00c1cido tricloroisocian\u00farico (TCCA)<\/strong> es un agente oxidante vers\u00e1til y altamente efectivo que ofrece una variedad de ventajas sobre otras soluciones de desinfecci\u00f3n. Es ampliamente utilizado en sistemas de filtraci\u00f3n de piscinas, procesos de s\u00edntesis org\u00e1nica y para minimizar los olores y controlar el crecimiento de bacterias. TCCA tambi\u00e9n es estable y se puede almacenar f\u00e1cilmente en condiciones secas cuando se empaqueta correctamente. Sus fuertes propiedades oxidantes lo convierten en un poderoso agente de limpieza que proporciona una higienizaci\u00f3n superior con costos m\u00ednimos de mantenimiento y tiempo de inactividad.<\/p>\n<p>Si est\u00e1 buscando un inhibidor de corrosi\u00f3n para usar con su<strong> \u00c1cido tricloroisocian\u00farico (TCCA)<\/strong> para productos qu\u00edmicos de tratamiento de agua, cont\u00e1ctenos hoy para obtener m\u00e1s informaci\u00f3n sobre nuestros productos y c\u00f3mo pueden beneficiar a su negocio.<\/p>","protected":false},"featured_media":2259,"template":"","meta":{"site-sidebar-layout":"default","site-content-layout":"default","ast-site-content-layout":"default","site-content-style":"default","site-sidebar-style":"default","ast-global-header-display":"","ast-banner-title-visibility":"","ast-main-header-display":"","ast-hfb-above-header-display":"","ast-hfb-below-header-display":"","ast-hfb-mobile-header-display":"","site-post-title":"","ast-breadcrumbs-content":"","ast-featured-img":"","footer-sml-layout":"","ast-disable-related-posts":"","theme-transparent-header-meta":"default","adv-header-id-meta":"","stick-header-meta":"default","header-above-stick-meta":"","header-main-stick-meta":"","header-below-stick-meta":"","astra-migrate-meta-layouts":"default","ast-page-background-enabled":"default","ast-page-background-meta":{"desktop":{"background-color":"","background-image":"","background-repeat":"repeat","background-position":"center center","background-size":"auto","background-attachment":"scroll","background-type":"","background-media":"","overlay-type":"","overlay-color":"","overlay-opacity":"","overlay-gradient":""},"tablet":{"background-color":"","background-image":"","background-repeat":"repeat","background-position":"center center","background-size":"auto","background-attachment":"scroll","background-type":"","background-media":"","overlay-type":"","overlay-color":"","overlay-opacity":"","overlay-gradient":""},"mobile":{"background-color":"","background-image":"","background-repeat":"repeat","background-position":"center center","background-size":"auto","background-attachment":"scroll","background-type":"","background-media":"","overlay-type":"","overlay-color":"","overlay-opacity":"","overlay-gradient":""}},"ast-content-background-meta":{"desktop":{"background-color":"var(--ast-global-color-5)","background-image":"","background-repeat":"repeat","background-position":"center center","background-size":"auto","background-attachment":"scroll","background-type":"","background-media":"","overlay-type":"","overlay-color":"","overlay-opacity":"","overlay-gradient":""},"tablet":{"background-color":"var(--ast-global-color-5)","background-image":"","background-repeat":"repeat","background-position":"center center","background-size":"auto","background-attachment":"scroll","background-type":"","background-media":"","overlay-type":"","overlay-color":"","overlay-opacity":"","overlay-gradient":""},"mobile":{"background-color":"var(--ast-global-color-5)","background-image":"","background-repeat":"repeat","background-position":"center center","background-size":"auto","background-attachment":"scroll","background-type":"","background-media":"","overlay-type":"","overlay-color":"","overlay-opacity":"","overlay-gradient":""}}},"product_brand":[],"product_cat":[36],"product_tag":[],"class_list":{"0":"post-2252","1":"product","2":"type-product","3":"status-publish","4":"has-post-thumbnail","6":"product_cat-swimming-pool-chemicals","7":"desktop-align-left","8":"tablet-align-left","9":"mobile-align-left","10":"ast-product-gallery-layout-horizontal-slider","11":"ast-product-tabs-layout-horizontal","13":"first","14":"instock","15":"shipping-taxable","16":"product-type-simple"},"yoast_head":"<!-- This site is optimized with the Yoast SEO Premium plugin v26.3 (Yoast SEO v27.5) - https:\/\/yoast.com\/product\/yoast-seo-premium-wordpress\/ -->\n<title>Trichloroisocyanuric Acid (TCCA) - vcycletech<\/title>\n<meta name=\"description\" content=\"It has strong oxidizing and bleaching properties that make it a good choice for sanitization applications, such as disinfecting swimming pools, minimizing odors and controlling the spread of bacteria.\" \/>\n<meta name=\"robots\" content=\"index, follow, max-snippet:-1, max-image-preview:large, max-video-preview:-1\" \/>\n<link rel=\"canonical\" href=\"https:\/\/vcycletech.com\/es\/producto\/acido-tricloroisocianurico-tcca-2\/\" \/>\n<meta property=\"og:locale\" content=\"es_MX\" \/>\n<meta property=\"og:type\" content=\"article\" \/>\n<meta property=\"og:title\" content=\"Trichloroisocyanuric Acid (TCCA)\" \/>\n<meta property=\"og:description\" content=\"It has strong oxidizing and bleaching properties that make it a good choice for sanitization applications, such as disinfecting swimming pools, minimizing odors and controlling the spread of bacteria.\" \/>\n<meta property=\"og:url\" content=\"https:\/\/vcycletech.com\/es\/producto\/acido-tricloroisocianurico-tcca-2\/\" \/>\n<meta property=\"og:site_name\" content=\"vcycletech\" \/>\n<meta property=\"article:modified_time\" content=\"2023-03-24T01:20:09+00:00\" \/>\n<meta property=\"og:image\" content=\"https:\/\/vcycletech.com\/wp-content\/uploads\/2023\/03\/1-96.png\" \/>\n\t<meta property=\"og:image:width\" content=\"600\" \/>\n\t<meta property=\"og:image:height\" content=\"600\" \/>\n\t<meta property=\"og:image:type\" content=\"image\/png\" \/>\n<meta name=\"twitter:card\" content=\"summary_large_image\" \/>\n<meta name=\"twitter:label1\" content=\"Tiempo de lectura\" \/>\n\t<meta name=\"twitter:data1\" content=\"3 minutos\" \/>\n<script type=\"application\/ld+json\" class=\"yoast-schema-graph\">{\"@context\":\"https:\\\/\\\/schema.org\",\"@graph\":[{\"@type\":\"WebPage\",\"@id\":\"https:\\\/\\\/vcycletech.com\\\/product\\\/trichloroisocyanuric-acid-tcca-2\\\/\",\"url\":\"https:\\\/\\\/vcycletech.com\\\/product\\\/trichloroisocyanuric-acid-tcca-2\\\/\",\"name\":\"Trichloroisocyanuric Acid (TCCA) - vcycletech\",\"isPartOf\":{\"@id\":\"https:\\\/\\\/vcycletech.com\\\/#website\"},\"primaryImageOfPage\":{\"@id\":\"https:\\\/\\\/vcycletech.com\\\/product\\\/trichloroisocyanuric-acid-tcca-2\\\/#primaryimage\"},\"image\":{\"@id\":\"https:\\\/\\\/vcycletech.com\\\/product\\\/trichloroisocyanuric-acid-tcca-2\\\/#primaryimage\"},\"thumbnailUrl\":\"https:\\\/\\\/vcycletech.com\\\/wp-content\\\/uploads\\\/2023\\\/03\\\/1-96.png\",\"datePublished\":\"2023-03-23T06:24:40+00:00\",\"dateModified\":\"2023-03-24T01:20:09+00:00\",\"description\":\"It has strong oxidizing and bleaching properties that make it a good choice for sanitization applications, such as disinfecting swimming pools, minimizing odors and controlling the spread of bacteria.\",\"breadcrumb\":{\"@id\":\"https:\\\/\\\/vcycletech.com\\\/product\\\/trichloroisocyanuric-acid-tcca-2\\\/#breadcrumb\"},\"inLanguage\":\"es\",\"potentialAction\":[{\"@type\":\"ReadAction\",\"target\":[\"https:\\\/\\\/vcycletech.com\\\/product\\\/trichloroisocyanuric-acid-tcca-2\\\/\"]}]},{\"@type\":\"ImageObject\",\"inLanguage\":\"es\",\"@id\":\"https:\\\/\\\/vcycletech.com\\\/product\\\/trichloroisocyanuric-acid-tcca-2\\\/#primaryimage\",\"url\":\"https:\\\/\\\/vcycletech.com\\\/wp-content\\\/uploads\\\/2023\\\/03\\\/1-96.png\",\"contentUrl\":\"https:\\\/\\\/vcycletech.com\\\/wp-content\\\/uploads\\\/2023\\\/03\\\/1-96.png\",\"width\":600,\"height\":600,\"caption\":\"Trichloroisocyanuric acid (TCCA)\"},{\"@type\":\"BreadcrumbList\",\"@id\":\"https:\\\/\\\/vcycletech.com\\\/product\\\/trichloroisocyanuric-acid-tcca-2\\\/#breadcrumb\",\"itemListElement\":[{\"@type\":\"ListItem\",\"position\":1,\"name\":\"Home\",\"item\":\"https:\\\/\\\/vcycletech.com\\\/\"},{\"@type\":\"ListItem\",\"position\":2,\"name\":\"Water Treatment Chemicals Manufacturer\",\"item\":\"https:\\\/\\\/vcycletech.com\\\/water-treatment-chemicals-manufacturer\\\/\"},{\"@type\":\"ListItem\",\"position\":3,\"name\":\"Trichloroisocyanuric Acid (TCCA)\"}]},{\"@type\":\"WebSite\",\"@id\":\"https:\\\/\\\/vcycletech.com\\\/#website\",\"url\":\"https:\\\/\\\/vcycletech.com\\\/\",\"name\":\"vcycletech\",\"description\":\"China&#039;s top water treatment chemicals supplier\",\"publisher\":{\"@id\":\"https:\\\/\\\/vcycletech.com\\\/#organization\"},\"potentialAction\":[{\"@type\":\"SearchAction\",\"target\":{\"@type\":\"EntryPoint\",\"urlTemplate\":\"https:\\\/\\\/vcycletech.com\\\/?s={search_term_string}\"},\"query-input\":{\"@type\":\"PropertyValueSpecification\",\"valueRequired\":true,\"valueName\":\"search_term_string\"}}],\"inLanguage\":\"es\"},{\"@type\":\"Organization\",\"@id\":\"https:\\\/\\\/vcycletech.com\\\/#organization\",\"name\":\"vcycletech\",\"url\":\"https:\\\/\\\/vcycletech.com\\\/\",\"logo\":{\"@type\":\"ImageObject\",\"inLanguage\":\"es\",\"@id\":\"https:\\\/\\\/vcycletech.com\\\/#\\\/schema\\\/logo\\\/image\\\/\",\"url\":\"https:\\\/\\\/vcycletech.com\\\/wp-content\\\/uploads\\\/2023\\\/03\\\/logo-vcycletech-1.png\",\"contentUrl\":\"https:\\\/\\\/vcycletech.com\\\/wp-content\\\/uploads\\\/2023\\\/03\\\/logo-vcycletech-1.png\",\"width\":600,\"height\":400,\"caption\":\"vcycletech\"},\"image\":{\"@id\":\"https:\\\/\\\/vcycletech.com\\\/#\\\/schema\\\/logo\\\/image\\\/\"}}]}<\/script>\n<!-- \/ Yoast SEO Premium plugin. -->","yoast_head_json":{"title":"\u00c1cido tricloroisocian\u00farico (TCCA) - vcycletech","description":"Tiene fuertes propiedades oxidantes y blanqueadoras que lo convierten en una buena opci\u00f3n para aplicaciones de sanitizaci\u00f3n, como desinfectar piscinas, minimizar olores y controlar la propagaci\u00f3n de bacterias.","robots":{"index":"index","follow":"follow","max-snippet":"max-snippet:-1","max-image-preview":"max-image-preview:large","max-video-preview":"max-video-preview:-1"},"canonical":"https:\/\/vcycletech.com\/es\/producto\/acido-tricloroisocianurico-tcca-2\/","og_locale":"es_MX","og_type":"article","og_title":"Trichloroisocyanuric Acid (TCCA)","og_description":"It has strong oxidizing and bleaching properties that make it a good choice for sanitization applications, such as disinfecting swimming pools, minimizing odors and controlling the spread of bacteria.","og_url":"https:\/\/vcycletech.com\/es\/producto\/acido-tricloroisocianurico-tcca-2\/","og_site_name":"vcycletech","article_modified_time":"2023-03-24T01:20:09+00:00","og_image":[{"width":600,"height":600,"url":"https:\/\/vcycletech.com\/wp-content\/uploads\/2023\/03\/1-96.png","type":"image\/png"}],"twitter_card":"summary_large_image","twitter_misc":{"Tiempo de lectura":"3 minutos"},"schema":{"@context":"https:\/\/schema.org","@graph":[{"@type":"WebPage","@id":"https:\/\/vcycletech.com\/product\/trichloroisocyanuric-acid-tcca-2\/","url":"https:\/\/vcycletech.com\/product\/trichloroisocyanuric-acid-tcca-2\/","name":"\u00c1cido tricloroisocian\u00farico (TCCA) - vcycletech","isPartOf":{"@id":"https:\/\/vcycletech.com\/#website"},"primaryImageOfPage":{"@id":"https:\/\/vcycletech.com\/product\/trichloroisocyanuric-acid-tcca-2\/#primaryimage"},"image":{"@id":"https:\/\/vcycletech.com\/product\/trichloroisocyanuric-acid-tcca-2\/#primaryimage"},"thumbnailUrl":"https:\/\/vcycletech.com\/wp-content\/uploads\/2023\/03\/1-96.png","datePublished":"2023-03-23T06:24:40+00:00","dateModified":"2023-03-24T01:20:09+00:00","description":"Tiene fuertes propiedades oxidantes y blanqueadoras que lo convierten en una buena opci\u00f3n para aplicaciones de sanitizaci\u00f3n, como desinfectar piscinas, minimizar olores y controlar la propagaci\u00f3n de bacterias.","breadcrumb":{"@id":"https:\/\/vcycletech.com\/product\/trichloroisocyanuric-acid-tcca-2\/#breadcrumb"},"inLanguage":"es","potentialAction":[{"@type":"ReadAction","target":["https:\/\/vcycletech.com\/product\/trichloroisocyanuric-acid-tcca-2\/"]}]},{"@type":"ImageObject","inLanguage":"es","@id":"https:\/\/vcycletech.com\/product\/trichloroisocyanuric-acid-tcca-2\/#primaryimage","url":"https:\/\/vcycletech.com\/wp-content\/uploads\/2023\/03\/1-96.png","contentUrl":"https:\/\/vcycletech.com\/wp-content\/uploads\/2023\/03\/1-96.png","width":600,"height":600,"caption":"Trichloroisocyanuric acid (TCCA)"},{"@type":"BreadcrumbList","@id":"https:\/\/vcycletech.com\/product\/trichloroisocyanuric-acid-tcca-2\/#breadcrumb","itemListElement":[{"@type":"ListItem","position":1,"name":"Home","item":"https:\/\/vcycletech.com\/"},{"@type":"ListItem","position":2,"name":"Water Treatment Chemicals Manufacturer","item":"https:\/\/vcycletech.com\/water-treatment-chemicals-manufacturer\/"},{"@type":"ListItem","position":3,"name":"Trichloroisocyanuric Acid (TCCA)"}]},{"@type":"WebSite","@id":"https:\/\/vcycletech.com\/#website","url":"https:\/\/vcycletech.com\/","name":"vcycletech","description":"El principal proveedor de productos qu\u00edmicos para el tratamiento del agua de China y #039;","publisher":{"@id":"https:\/\/vcycletech.com\/#organization"},"potentialAction":[{"@type":"SearchAction","target":{"@type":"EntryPoint","urlTemplate":"https:\/\/vcycletech.com\/?s={search_term_string}"},"query-input":{"@type":"PropertyValueSpecification","valueRequired":true,"valueName":"search_term_string"}}],"inLanguage":"es"},{"@type":"Organization","@id":"https:\/\/vcycletech.com\/#organization","name":"vcycletech","url":"https:\/\/vcycletech.com\/","logo":{"@type":"ImageObject","inLanguage":"es","@id":"https:\/\/vcycletech.com\/#\/schema\/logo\/image\/","url":"https:\/\/vcycletech.com\/wp-content\/uploads\/2023\/03\/logo-vcycletech-1.png","contentUrl":"https:\/\/vcycletech.com\/wp-content\/uploads\/2023\/03\/logo-vcycletech-1.png","width":600,"height":400,"caption":"vcycletech"},"image":{"@id":"https:\/\/vcycletech.com\/#\/schema\/logo\/image\/"}}]}},"_links":{"self":[{"href":"https:\/\/vcycletech.com\/es\/wp-json\/wp\/v2\/product\/2252","targetHints":{"allow":["GET"]}}],"collection":[{"href":"https:\/\/vcycletech.com\/es\/wp-json\/wp\/v2\/product"}],"about":[{"href":"https:\/\/vcycletech.com\/es\/wp-json\/wp\/v2\/types\/product"}],"wp:featuredmedia":[{"embeddable":true,"href":"https:\/\/vcycletech.com\/es\/wp-json\/wp\/v2\/media\/2259"}],"wp:attachment":[{"href":"https:\/\/vcycletech.com\/es\/wp-json\/wp\/v2\/media?parent=2252"}],"wp:term":[{"taxonomy":"product_brand","embeddable":true,"href":"https:\/\/vcycletech.com\/es\/wp-json\/wp\/v2\/product_brand?post=2252"},{"taxonomy":"product_cat","embeddable":true,"href":"https:\/\/vcycletech.com\/es\/wp-json\/wp\/v2\/product_cat?post=2252"},{"taxonomy":"product_tag","embeddable":true,"href":"https:\/\/vcycletech.com\/es\/wp-json\/wp\/v2\/product_tag?post=2252"}],"curies":[{"name":"wp","href":"https:\/\/api.w.org\/{rel}","templated":true}]}}