{"id":1456,"date":"2023-03-22T07:56:20","date_gmt":"2023-03-22T07:56:20","guid":{"rendered":"https:\/\/vcycletech.com\/?post_type=product&#038;p=1456"},"modified":"2023-03-27T02:24:29","modified_gmt":"2023-03-27T02:24:29","slug":"wt-682-inhibidor-de-incrustaciones-y-corrosion-para-agua-de-baja-dureza","status":"publish","type":"product","link":"https:\/\/vcycletech.com\/es\/producto\/wt-682-inhibidor-de-incrustaciones-y-corrosion-para-agua-de-baja-dureza\/","title":{"rendered":"WT-682 Inhibidor de incrustaciones y corrosi\u00f3n para agua de baja dureza"},"content":{"rendered":"<h3 id=\"introduction_2\" class=\"xsj_heading_hash xsj_heading xsj_heading_h2\" data-source-line=\"6\" data-source-line-display=\"true\"><span class=\"xsj_heading_content\">Introducci\u00f3n:<\/span><\/h3>\n<p class=\"xsj_paragraph xsj_paragraph_level_0\" data-source-line=\"7\" data-source-line-display=\"true\"><strong>WT-682<\/strong> es un revolucionario inhibidor de incrustaciones y corrosi\u00f3n dise\u00f1ado para proteger aguas de baja dureza como el agua ablandada. A diferencia de otros inhibidores, esta soluci\u00f3n verdosa protege con pocos iones Ca2+ o Mg2+ mediante el uso de polarizaci\u00f3n met\u00e1lica. Esta formulaci\u00f3n avanzada ya se ha probado exhaustivamente, lo que ha dado como resultado un producto eficaz y confiable disponible para la industria de soluciones de medios fr\u00edos.<\/p>\n<p class=\"xsj_paragraph xsj_paragraph_level_0\" data-source-line=\"7\" data-source-line-display=\"true\"><a class=\"blank_anchor_name\" name=\"features_3\"><\/a><a id=\"features_3\" class=\"blank_anchor_id\"><\/a><a class=\"blank_anchor_name\" name=\"features\"><\/a><a id=\"features\" class=\"blank_anchor_id\"><\/a><\/p>\n<h3><span class=\"xsj_heading_content\">Caracter\u00edsticas:<\/span><\/h3>\n<p class=\"xsj_paragraph xsj_paragraph_level_0\" data-source-line=\"11\" data-source-line-display=\"true\"><strong>WT-682<\/strong> combina surfactantes, dispersantes y tecnolog\u00eda inhibidora de la corrosi\u00f3n para garantizar el m\u00e1ximo rendimiento y protecci\u00f3n para los sistemas de agua de baja dureza. Su exclusivo proceso de polarizaci\u00f3n crea una barrera entre los metales y las mol\u00e9culas de agua, lo que evita la acumulaci\u00f3n de incrustaciones y minimiza la tediosa limpieza. Adem\u00e1s, funciona de manera r\u00e1pida, eficiente y sin da\u00f1os ambientales a largo plazo, al mismo tiempo que es inofensivo para las aplicaciones posteriores.<\/p>\n<div class=\"xiaoshujiang_element xsj_anchor\"><a class=\"blank_anchor_name\" name=\"applications_4\"><\/a><a id=\"applications_4\" class=\"blank_anchor_id\"><\/a><a class=\"blank_anchor_name\" name=\"applications\"><\/a><a id=\"applications\" class=\"blank_anchor_id\"><\/a><\/div>\n<h3 id=\"applications_4\" class=\"xsj_heading_hash xsj_heading xsj_heading_h2\" data-source-line=\"13\" data-source-line-display=\"true\"><span class=\"xsj_heading_content\">Aplicaciones:<\/span><\/h3>\n<p class=\"xsj_paragraph xsj_paragraph_level_0\" data-source-line=\"15\" data-source-line-display=\"true\"><strong>WT-682<\/strong> es ideal para su uso en cualquier sistema de refrigeraci\u00f3n industrial con aguas de baja dureza. Se puede utilizar en diversas industrias, como centrales el\u00e9ctricas, acer\u00edas, papeleras, plantas qu\u00edmicas, refiner\u00edas de petr\u00f3leo, etc. Adem\u00e1s, es muy recomendable para sistemas de ablandamiento, ya que su exclusivo proceso de polarizaci\u00f3n crea una capa adicional de protecci\u00f3n entre metales y Mol\u00e9culas de agua: brindan seguridad adicional contra la incrustaci\u00f3n o la oxidaci\u00f3n.<\/p>\n<h3 data-source-line=\"15\" data-source-line-display=\"true\">Uso y paquete y almacenamiento:<\/h3>\n<p data-source-line=\"15\" data-source-line-display=\"true\"><strong>WT-682<\/strong>, nuestra soluci\u00f3n innovadora para las necesidades de tratamiento de agua, debe agregarse diariamente a la piscina o caja de pl\u00e1stico y diluirse con agua. Recomendamos una dosis \u00f3ptima entre 30 ppm y 70 ppm para maximizar la eficacia. El embalaje disponible incluye tambores de 200 l e IBC de hasta 1000 l de capacidad: trabajaremos de acuerdo con sus requisitos. Para obtener resultados duraderos, guarde este producto en una habitaci\u00f3n oscura durante m\u00e1s de diez meses; mant\u00e9ngalo alejado de la luz solar directa o ambientes h\u00famedos para obtener los mejores resultados.<\/p>\n<h3>Especificaci\u00f3n:<\/h3>\n<div>\n<table id=\"tablepress-8\" class=\"tablepress tablepress-id-8\">\n<thead>\n<tr class=\"row-1\">\n\t<th class=\"column-1\">Elementos<\/th><th class=\"column-2\">\u00cdndice<\/th><td class=\"column-3\"><\/td>\n<\/tr>\n<\/thead>\n<tbody class=\"row-striping row-hover\">\n<tr class=\"row-2\">\n\t<td class=\"column-1\">Apariencia<\/td><td class=\"column-2\">liquido amarillo transparente<\/td><td class=\"column-3\"><\/td>\n<\/tr>\n<tr class=\"row-3\">\n\t<td class=\"column-1\">Contenido s\u00f3lido, %<\/td><td class=\"column-2\">30,0 minutos<\/td><td class=\"column-3\"><\/td>\n<\/tr>\n<tr class=\"row-4\">\n\t<td class=\"column-1\">pH,(1%soluci\u00f3n de agua)<\/td><td class=\"column-2\">3,0\u00b11,5<\/td><td class=\"column-3\"><\/td>\n<\/tr>\n<tr class=\"row-5\">\n\t<td class=\"column-1\">Densidad (20 \u2103), g\/cm3<\/td><td class=\"column-2\">1,20 minutos<\/td><td class=\"column-3\"><\/td>\n<\/tr>\n<tr class=\"row-6\">\n\t<td class=\"column-1\"><span style=\"color:#222222;\"><strong><\/strong><\/span><\/td><td class=\"column-2\"><\/td><td class=\"column-3\"><\/td>\n<\/tr>\n<\/tbody>\n<\/table>\n<\/div>\n<h3 class=\"xiaoshujiang_element xsj_anchor\"><a class=\"blank_anchor_name\" name=\"faqs_5\"><\/a><a id=\"faqs_5\" class=\"blank_anchor_id\"><\/a><a class=\"blank_anchor_name\" name=\"faqs\"><\/a><a id=\"faqs\" class=\"blank_anchor_id\"><\/a><\/h3>\n<h3 id=\"faqs_5\" class=\"xsj_heading_hash xsj_heading xsj_heading_h2\" data-source-line=\"17\" data-source-line-display=\"true\"><span class=\"xsj_heading_content\">Preguntas frecuentes:<\/span><\/h3>\n<div class=\"xiaoshujiang_element xsj_anchor\"><a class=\"blank_anchor_name\" name=\"q120what20type20of20product20is20wt-682_6\"><\/a><a id=\"q120what20type20of20product20is20wt-682_6\" class=\"blank_anchor_id\"><\/a><a class=\"blank_anchor_name\" name=\"q1-what-type-of-product-is-wt-682\"><\/a><a id=\"q1-what-type-of-product-is-wt-682\" class=\"blank_anchor_id\"><\/a><\/div>\n<p id=\"q120what20type20of20product20is20wt-682_6\" class=\"xsj_heading_hash xsj_heading xsj_heading_h3\" data-source-line=\"19\" data-source-line-display=\"true\"><strong><span class=\"xsj_heading_content\">P1: \u00bfQu\u00e9 tipo de producto es WT-682?<\/span><\/strong><\/p>\n<p class=\"xsj_paragraph xsj_paragraph_level_0\" data-source-line=\"21\" data-source-line-display=\"true\">R1: WT-682 es un inhibidor de incrustaciones formulado espec\u00edficamente para aguas de baja dureza, como el agua blanda.<\/p>\n<div class=\"xiaoshujiang_element xsj_anchor\"><a class=\"blank_anchor_name\" name=\"q220how20does20wt-68220work_7\"><\/a><a id=\"q220how20does20wt-68220work_7\" class=\"blank_anchor_id\"><\/a><a class=\"blank_anchor_name\" name=\"q2-how-does-wt-682-work\"><\/a><a id=\"q2-how-does-wt-682-work\" class=\"blank_anchor_id\"><\/a><\/div>\n<p id=\"q220how20does20wt-68220work_7\" class=\"xsj_heading_hash xsj_heading xsj_heading_h3\" data-source-line=\"23\" data-source-line-display=\"true\"><strong><span class=\"xsj_heading_content\">P2: \u00bfC\u00f3mo funciona WT-682?<\/span><\/strong><\/p>\n<p class=\"xsj_paragraph xsj_paragraph_level_0\" data-source-line=\"25\" data-source-line-display=\"true\">R2: El producto utiliza polarizaci\u00f3n de metal para crear una barrera entre los metales y las mol\u00e9culas de agua para que no se formen incrustaciones en las superficies o dentro de las tuber\u00edas.<\/p>\n<div class=\"xiaoshujiang_element xsj_anchor\"><a class=\"blank_anchor_name\" name=\"q320what20industries20can20benefit20from20using20wt-682_8\"><\/a><a id=\"q320what20industries20can20benefit20from20using20wt-682_8\" class=\"blank_anchor_id\"><\/a><a class=\"blank_anchor_name\" name=\"q3-what-industries-can-benefit-from-using-wt-682\"><\/a><a id=\"q3-what-industries-can-benefit-from-using-wt-682\" class=\"blank_anchor_id\"><\/a><\/div>\n<p id=\"q320what20industries20can20benefit20from20using20wt-682_8\" class=\"xsj_heading_hash xsj_heading xsj_heading_h3\" data-source-line=\"28\" data-source-line-display=\"true\"><strong><span class=\"xsj_heading_content\">P3: \u00bfQu\u00e9 industrias pueden beneficiarse del uso de WT-682?<\/span><\/strong><\/p>\n<p class=\"xsj_paragraph xsj_paragraph_level_0\" data-source-line=\"30\" data-source-line-display=\"true\">R3: Cualquier industria con sistemas de refrigeraci\u00f3n que utilicen aguas de baja dureza puede beneficiarse de este producto, incluidas las centrales el\u00e9ctricas, las acer\u00edas, las papeleras, las plantas qu\u00edmicas y las refiner\u00edas de petr\u00f3leo.<\/p>\n<p class=\"xiaoshujiang_element xsj_anchor\"><strong><a class=\"blank_anchor_name\" name=\"q420is20there20any20environmental20risk20associated20with20using20this20product_9\"><\/a><a id=\"q420is20there20any20environmental20risk20associated20with20using20this20product_9\" class=\"blank_anchor_id\"><\/a><a class=\"blank_anchor_name\" name=\"q4-is-there-any-environmental-risk-associated-with-using-this-product\"><\/a><a id=\"q4-is-there-any-environmental-risk-associated-with-using-this-product\" class=\"blank_anchor_id\"><\/a><\/strong><\/p>\n<p id=\"q420is20there20any20environmental20risk20associated20with20using20this20product_9\" class=\"xsj_heading_hash xsj_heading xsj_heading_h3\" data-source-line=\"33\" data-source-line-display=\"true\"><strong><span class=\"xsj_heading_content\">P4: \u00bfExiste alg\u00fan riesgo ambiental asociado con el uso de este producto?<\/span><\/strong><\/p>\n<p class=\"xsj_paragraph xsj_paragraph_level_0\" data-source-line=\"35\" data-source-line-display=\"true\">R4: No. Se ha demostrado que el -WT 682 es seguro para su uso tanto en entornos de agua dulce como en sistemas de tratamiento de aguas residuales sin causar ning\u00fan da\u00f1o al medio ambiente a largo plazo.<\/p>\n<div class=\"xiaoshujiang_element xsj_anchor\"><a class=\"blank_anchor_name\" name=\"q52020does20this20product20have20a20warranty_10\"><\/a><a id=\"q52020does20this20product20have20a20warranty_10\" class=\"blank_anchor_id\"><\/a><a class=\"blank_anchor_name\" name=\"q5-does-this-product-have-a-warranty\"><\/a><a id=\"q5-does-this-product-have-a-warranty\" class=\"blank_anchor_id\"><\/a><\/div>\n<p id=\"q52020does20this20product20have20a20warranty_10\" class=\"xsj_heading_hash xsj_heading xsj_heading_h3\" data-source-line=\"37\" data-source-line-display=\"true\"><strong><span class=\"xsj_heading_content\">P5: \u00bfEste producto tiene garant\u00eda?<\/span><\/strong><\/p>\n<p class=\"xsj_paragraph xsj_paragraph_level_0\" data-source-line=\"39\" data-source-line-display=\"true\">R5: S\u00ed. Las garant\u00edas del fabricante generalmente incluyen cobertura contra defectos en el material o el arte que podr\u00edan causar problemas durante la operaci\u00f3n del equipo o el sistema cubierto por la garant\u00eda.<\/p>\n<p class=\"xsj_paragraph xsj_paragraph_level_0\" data-source-line=\"41\" data-source-line-display=\"true\"><a class=\"xsj_link xsj_manu_link\" href=\"https:\/\/vcycletech.com\/es\/categoria-de-producto\/inhibidores-de-corrosion-a-escala-construida-y-agentes-de-pelicula-de-tratamiento-previo\/\">Obtenga la soluci\u00f3n completa de inhibidores de incrustaciones y corrosi\u00f3n integrados y agentes de filmaci\u00f3n de pretratamiento<\/a>.<\/p>","protected":false},"excerpt":{"rendered":"<p class=\"xsj_paragraph xsj_paragraph_level_0\" data-source-line=\"45\" data-source-line-display=\"true\">Si est\u00e1 buscando un innovador y efectivo inhibidor de incrustaciones y corrosi\u00f3n para agua de baja dureza, no busque m\u00e1s. <strong>WT-682<\/strong>. Este producto est\u00e1 dise\u00f1ado espec\u00edficamente para aguas con bajos niveles de iones de calcio y magnesio. Emplea tecnolog\u00eda de surfactantes, dispersantes e inhibidores de la corrosi\u00f3n que ha demostrado ser exitosa a trav\u00e9s de una experimentaci\u00f3n rigurosa. Con <strong>WT-682,<\/strong> puede estar seguro de que su sistema de ablandamiento est\u00e1 bien protegido contra la acumulaci\u00f3n de incrustaciones y da\u00f1os por corrosi\u00f3n. Darle una oportunidad hoy!<\/p>\n<p class=\"xsj_paragraph xsj_paragraph_level_0\" data-source-line=\"47\" data-source-line-display=\"true\">","protected":false},"featured_media":1493,"template":"","meta":{"site-sidebar-layout":"default","site-content-layout":"default","ast-site-content-layout":"default","site-content-style":"default","site-sidebar-style":"default","ast-global-header-display":"","ast-banner-title-visibility":"","ast-main-header-display":"","ast-hfb-above-header-display":"","ast-hfb-below-header-display":"","ast-hfb-mobile-header-display":"","site-post-title":"","ast-breadcrumbs-content":"","ast-featured-img":"","footer-sml-layout":"","ast-disable-related-posts":"","theme-transparent-header-meta":"default","adv-header-id-meta":"","stick-header-meta":"default","header-above-stick-meta":"","header-main-stick-meta":"","header-below-stick-meta":"","astra-migrate-meta-layouts":"default","ast-page-background-enabled":"default","ast-page-background-meta":{"desktop":{"background-color":"","background-image":"","background-repeat":"repeat","background-position":"center center","background-size":"auto","background-attachment":"scroll","background-type":"","background-media":"","overlay-type":"","overlay-color":"","overlay-opacity":"","overlay-gradient":""},"tablet":{"background-color":"","background-image":"","background-repeat":"repeat","background-position":"center center","background-size":"auto","background-attachment":"scroll","background-type":"","background-media":"","overlay-type":"","overlay-color":"","overlay-opacity":"","overlay-gradient":""},"mobile":{"background-color":"","background-image":"","background-repeat":"repeat","background-position":"center center","background-size":"auto","background-attachment":"scroll","background-type":"","background-media":"","overlay-type":"","overlay-color":"","overlay-opacity":"","overlay-gradient":""}},"ast-content-background-meta":{"desktop":{"background-color":"var(--ast-global-color-5)","background-image":"","background-repeat":"repeat","background-position":"center center","background-size":"auto","background-attachment":"scroll","background-type":"","background-media":"","overlay-type":"","overlay-color":"","overlay-opacity":"","overlay-gradient":""},"tablet":{"background-color":"var(--ast-global-color-5)","background-image":"","background-repeat":"repeat","background-position":"center center","background-size":"auto","background-attachment":"scroll","background-type":"","background-media":"","overlay-type":"","overlay-color":"","overlay-opacity":"","overlay-gradient":""},"mobile":{"background-color":"var(--ast-global-color-5)","background-image":"","background-repeat":"repeat","background-position":"center center","background-size":"auto","background-attachment":"scroll","background-type":"","background-media":"","overlay-type":"","overlay-color":"","overlay-opacity":"","overlay-gradient":""}}},"product_brand":[],"product_cat":[32],"product_tag":[],"class_list":{"0":"post-1456","1":"product","2":"type-product","3":"status-publish","4":"has-post-thumbnail","6":"product_cat-built-scale-corrosion-inhibitors-and-pretreatment-filming-agents","7":"desktop-align-left","8":"tablet-align-left","9":"mobile-align-left","10":"ast-product-gallery-layout-horizontal-slider","11":"ast-product-gallery-with-no-image","12":"ast-product-tabs-layout-horizontal","14":"first","15":"instock","16":"shipping-taxable","17":"product-type-simple"},"yoast_head":"<!-- This site is optimized with the Yoast SEO Premium plugin v26.3 (Yoast SEO v27.3) - https:\/\/yoast.com\/product\/yoast-seo-premium-wordpress\/ -->\n<title>WT-682 Scale and Corrosion Inhibitor for Low Hardness Water - vcycletech<\/title>\n<meta name=\"description\" content=\"Protect your softening systems with WT-682, the innovative scale and corrosion inhibitor specifically designed for low-hardness waters. Get maximum protection from metal polarization and say goodbye to Ca2+ and Mg2+ ions!\" \/>\n<meta name=\"robots\" content=\"index, follow, max-snippet:-1, max-image-preview:large, max-video-preview:-1\" \/>\n<link rel=\"canonical\" href=\"https:\/\/vcycletech.com\/es\/producto\/wt-682-inhibidor-de-incrustaciones-y-corrosion-para-agua-de-baja-dureza\/\" \/>\n<meta property=\"og:locale\" content=\"es_MX\" \/>\n<meta property=\"og:type\" content=\"article\" \/>\n<meta property=\"og:title\" content=\"WT-682 Scale and Corrosion Inhibitor for Low Hardness Water\" \/>\n<meta property=\"og:description\" content=\"Protect your softening systems with WT-682, the innovative scale and corrosion inhibitor specifically designed for low-hardness waters. Get maximum protection from metal polarization and say goodbye to Ca2+ and Mg2+ ions!\" \/>\n<meta property=\"og:url\" content=\"https:\/\/vcycletech.com\/es\/producto\/wt-682-inhibidor-de-incrustaciones-y-corrosion-para-agua-de-baja-dureza\/\" \/>\n<meta property=\"og:site_name\" content=\"vcycletech\" \/>\n<meta property=\"article:modified_time\" content=\"2023-03-27T02:24:29+00:00\" \/>\n<meta property=\"og:image\" content=\"https:\/\/vcycletech.com\/wp-content\/uploads\/2023\/03\/WT-601-7.png\" \/>\n\t<meta property=\"og:image:width\" content=\"600\" \/>\n\t<meta property=\"og:image:height\" content=\"600\" \/>\n\t<meta property=\"og:image:type\" content=\"image\/png\" \/>\n<meta name=\"twitter:card\" content=\"summary_large_image\" \/>\n<meta name=\"twitter:label1\" content=\"Tiempo de lectura\" \/>\n\t<meta name=\"twitter:data1\" content=\"2 minutos\" \/>\n<script type=\"application\/ld+json\" class=\"yoast-schema-graph\">{\"@context\":\"https:\\\/\\\/schema.org\",\"@graph\":[{\"@type\":\"WebPage\",\"@id\":\"https:\\\/\\\/vcycletech.com\\\/product\\\/wt-682-scale-and-corrosion-inhibitor-for-low-hardness-water\\\/\",\"url\":\"https:\\\/\\\/vcycletech.com\\\/product\\\/wt-682-scale-and-corrosion-inhibitor-for-low-hardness-water\\\/\",\"name\":\"WT-682 Scale and Corrosion Inhibitor for Low Hardness Water - vcycletech\",\"isPartOf\":{\"@id\":\"https:\\\/\\\/vcycletech.com\\\/#website\"},\"primaryImageOfPage\":{\"@id\":\"https:\\\/\\\/vcycletech.com\\\/product\\\/wt-682-scale-and-corrosion-inhibitor-for-low-hardness-water\\\/#primaryimage\"},\"image\":{\"@id\":\"https:\\\/\\\/vcycletech.com\\\/product\\\/wt-682-scale-and-corrosion-inhibitor-for-low-hardness-water\\\/#primaryimage\"},\"thumbnailUrl\":\"https:\\\/\\\/vcycletech.com\\\/wp-content\\\/uploads\\\/2023\\\/03\\\/WT-601-7.png\",\"datePublished\":\"2023-03-22T07:56:20+00:00\",\"dateModified\":\"2023-03-27T02:24:29+00:00\",\"description\":\"Protect your softening systems with WT-682, the innovative scale and corrosion inhibitor specifically designed for low-hardness waters. Get maximum protection from metal polarization and say goodbye to Ca2+ and Mg2+ ions!\",\"breadcrumb\":{\"@id\":\"https:\\\/\\\/vcycletech.com\\\/product\\\/wt-682-scale-and-corrosion-inhibitor-for-low-hardness-water\\\/#breadcrumb\"},\"inLanguage\":\"es\",\"potentialAction\":[{\"@type\":\"ReadAction\",\"target\":[\"https:\\\/\\\/vcycletech.com\\\/product\\\/wt-682-scale-and-corrosion-inhibitor-for-low-hardness-water\\\/\"]}]},{\"@type\":\"ImageObject\",\"inLanguage\":\"es\",\"@id\":\"https:\\\/\\\/vcycletech.com\\\/product\\\/wt-682-scale-and-corrosion-inhibitor-for-low-hardness-water\\\/#primaryimage\",\"url\":\"https:\\\/\\\/vcycletech.com\\\/wp-content\\\/uploads\\\/2023\\\/03\\\/WT-601-7.png\",\"contentUrl\":\"https:\\\/\\\/vcycletech.com\\\/wp-content\\\/uploads\\\/2023\\\/03\\\/WT-601-7.png\",\"width\":600,\"height\":600,\"caption\":\"WT-682 Scale and Corrosion Inhibitor for low hardness water\"},{\"@type\":\"BreadcrumbList\",\"@id\":\"https:\\\/\\\/vcycletech.com\\\/product\\\/wt-682-scale-and-corrosion-inhibitor-for-low-hardness-water\\\/#breadcrumb\",\"itemListElement\":[{\"@type\":\"ListItem\",\"position\":1,\"name\":\"Home\",\"item\":\"https:\\\/\\\/vcycletech.com\\\/\"},{\"@type\":\"ListItem\",\"position\":2,\"name\":\"Water Treatment Chemicals Manufacturer\",\"item\":\"https:\\\/\\\/vcycletech.com\\\/water-treatment-chemicals-manufacturer\\\/\"},{\"@type\":\"ListItem\",\"position\":3,\"name\":\"WT-682 Scale and Corrosion Inhibitor for Low Hardness Water\"}]},{\"@type\":\"WebSite\",\"@id\":\"https:\\\/\\\/vcycletech.com\\\/#website\",\"url\":\"https:\\\/\\\/vcycletech.com\\\/\",\"name\":\"vcycletech\",\"description\":\"China&#039;s top water treatment chemicals supplier\",\"publisher\":{\"@id\":\"https:\\\/\\\/vcycletech.com\\\/#organization\"},\"potentialAction\":[{\"@type\":\"SearchAction\",\"target\":{\"@type\":\"EntryPoint\",\"urlTemplate\":\"https:\\\/\\\/vcycletech.com\\\/?s={search_term_string}\"},\"query-input\":{\"@type\":\"PropertyValueSpecification\",\"valueRequired\":true,\"valueName\":\"search_term_string\"}}],\"inLanguage\":\"es\"},{\"@type\":\"Organization\",\"@id\":\"https:\\\/\\\/vcycletech.com\\\/#organization\",\"name\":\"vcycletech\",\"url\":\"https:\\\/\\\/vcycletech.com\\\/\",\"logo\":{\"@type\":\"ImageObject\",\"inLanguage\":\"es\",\"@id\":\"https:\\\/\\\/vcycletech.com\\\/#\\\/schema\\\/logo\\\/image\\\/\",\"url\":\"https:\\\/\\\/vcycletech.com\\\/wp-content\\\/uploads\\\/2023\\\/03\\\/logo-vcycletech-1.png\",\"contentUrl\":\"https:\\\/\\\/vcycletech.com\\\/wp-content\\\/uploads\\\/2023\\\/03\\\/logo-vcycletech-1.png\",\"width\":600,\"height\":400,\"caption\":\"vcycletech\"},\"image\":{\"@id\":\"https:\\\/\\\/vcycletech.com\\\/#\\\/schema\\\/logo\\\/image\\\/\"}}]}<\/script>\n<!-- \/ Yoast SEO Premium plugin. -->","yoast_head_json":{"title":"WT-682 Inhibidor de incrustaciones y corrosi\u00f3n para agua de baja dureza - vcycletech","description":"Proteja sus sistemas de ablandamiento con WT-682, el innovador inhibidor de incrustaciones y corrosi\u00f3n dise\u00f1ado espec\u00edficamente para aguas de baja dureza. \u00a1Obtenga la m\u00e1xima protecci\u00f3n contra la polarizaci\u00f3n del metal y diga adi\u00f3s a los iones Ca2+ y Mg2+!","robots":{"index":"index","follow":"follow","max-snippet":"max-snippet:-1","max-image-preview":"max-image-preview:large","max-video-preview":"max-video-preview:-1"},"canonical":"https:\/\/vcycletech.com\/es\/producto\/wt-682-inhibidor-de-incrustaciones-y-corrosion-para-agua-de-baja-dureza\/","og_locale":"es_MX","og_type":"article","og_title":"WT-682 Scale and Corrosion Inhibitor for Low Hardness Water","og_description":"Protect your softening systems with WT-682, the innovative scale and corrosion inhibitor specifically designed for low-hardness waters. Get maximum protection from metal polarization and say goodbye to Ca2+ and Mg2+ ions!","og_url":"https:\/\/vcycletech.com\/es\/producto\/wt-682-inhibidor-de-incrustaciones-y-corrosion-para-agua-de-baja-dureza\/","og_site_name":"vcycletech","article_modified_time":"2023-03-27T02:24:29+00:00","og_image":[{"width":600,"height":600,"url":"https:\/\/vcycletech.com\/wp-content\/uploads\/2023\/03\/WT-601-7.png","type":"image\/png"}],"twitter_card":"summary_large_image","twitter_misc":{"Tiempo de lectura":"2 minutos"},"schema":{"@context":"https:\/\/schema.org","@graph":[{"@type":"WebPage","@id":"https:\/\/vcycletech.com\/product\/wt-682-scale-and-corrosion-inhibitor-for-low-hardness-water\/","url":"https:\/\/vcycletech.com\/product\/wt-682-scale-and-corrosion-inhibitor-for-low-hardness-water\/","name":"WT-682 Inhibidor de incrustaciones y corrosi\u00f3n para agua de baja dureza - vcycletech","isPartOf":{"@id":"https:\/\/vcycletech.com\/#website"},"primaryImageOfPage":{"@id":"https:\/\/vcycletech.com\/product\/wt-682-scale-and-corrosion-inhibitor-for-low-hardness-water\/#primaryimage"},"image":{"@id":"https:\/\/vcycletech.com\/product\/wt-682-scale-and-corrosion-inhibitor-for-low-hardness-water\/#primaryimage"},"thumbnailUrl":"https:\/\/vcycletech.com\/wp-content\/uploads\/2023\/03\/WT-601-7.png","datePublished":"2023-03-22T07:56:20+00:00","dateModified":"2023-03-27T02:24:29+00:00","description":"Proteja sus sistemas de ablandamiento con WT-682, el innovador inhibidor de incrustaciones y corrosi\u00f3n dise\u00f1ado espec\u00edficamente para aguas de baja dureza. \u00a1Obtenga la m\u00e1xima protecci\u00f3n contra la polarizaci\u00f3n del metal y diga adi\u00f3s a los iones Ca2+ y Mg2+!","breadcrumb":{"@id":"https:\/\/vcycletech.com\/product\/wt-682-scale-and-corrosion-inhibitor-for-low-hardness-water\/#breadcrumb"},"inLanguage":"es","potentialAction":[{"@type":"ReadAction","target":["https:\/\/vcycletech.com\/product\/wt-682-scale-and-corrosion-inhibitor-for-low-hardness-water\/"]}]},{"@type":"ImageObject","inLanguage":"es","@id":"https:\/\/vcycletech.com\/product\/wt-682-scale-and-corrosion-inhibitor-for-low-hardness-water\/#primaryimage","url":"https:\/\/vcycletech.com\/wp-content\/uploads\/2023\/03\/WT-601-7.png","contentUrl":"https:\/\/vcycletech.com\/wp-content\/uploads\/2023\/03\/WT-601-7.png","width":600,"height":600,"caption":"WT-682 Scale and Corrosion Inhibitor for low hardness water"},{"@type":"BreadcrumbList","@id":"https:\/\/vcycletech.com\/product\/wt-682-scale-and-corrosion-inhibitor-for-low-hardness-water\/#breadcrumb","itemListElement":[{"@type":"ListItem","position":1,"name":"Home","item":"https:\/\/vcycletech.com\/"},{"@type":"ListItem","position":2,"name":"Water Treatment Chemicals Manufacturer","item":"https:\/\/vcycletech.com\/water-treatment-chemicals-manufacturer\/"},{"@type":"ListItem","position":3,"name":"WT-682 Scale and Corrosion Inhibitor for Low Hardness Water"}]},{"@type":"WebSite","@id":"https:\/\/vcycletech.com\/#website","url":"https:\/\/vcycletech.com\/","name":"vcycletech","description":"El principal proveedor de productos qu\u00edmicos para el tratamiento del agua de China y #039;","publisher":{"@id":"https:\/\/vcycletech.com\/#organization"},"potentialAction":[{"@type":"SearchAction","target":{"@type":"EntryPoint","urlTemplate":"https:\/\/vcycletech.com\/?s={search_term_string}"},"query-input":{"@type":"PropertyValueSpecification","valueRequired":true,"valueName":"search_term_string"}}],"inLanguage":"es"},{"@type":"Organization","@id":"https:\/\/vcycletech.com\/#organization","name":"vcycletech","url":"https:\/\/vcycletech.com\/","logo":{"@type":"ImageObject","inLanguage":"es","@id":"https:\/\/vcycletech.com\/#\/schema\/logo\/image\/","url":"https:\/\/vcycletech.com\/wp-content\/uploads\/2023\/03\/logo-vcycletech-1.png","contentUrl":"https:\/\/vcycletech.com\/wp-content\/uploads\/2023\/03\/logo-vcycletech-1.png","width":600,"height":400,"caption":"vcycletech"},"image":{"@id":"https:\/\/vcycletech.com\/#\/schema\/logo\/image\/"}}]}},"_links":{"self":[{"href":"https:\/\/vcycletech.com\/es\/wp-json\/wp\/v2\/product\/1456","targetHints":{"allow":["GET"]}}],"collection":[{"href":"https:\/\/vcycletech.com\/es\/wp-json\/wp\/v2\/product"}],"about":[{"href":"https:\/\/vcycletech.com\/es\/wp-json\/wp\/v2\/types\/product"}],"wp:featuredmedia":[{"embeddable":true,"href":"https:\/\/vcycletech.com\/es\/wp-json\/wp\/v2\/media\/1493"}],"wp:attachment":[{"href":"https:\/\/vcycletech.com\/es\/wp-json\/wp\/v2\/media?parent=1456"}],"wp:term":[{"taxonomy":"product_brand","embeddable":true,"href":"https:\/\/vcycletech.com\/es\/wp-json\/wp\/v2\/product_brand?post=1456"},{"taxonomy":"product_cat","embeddable":true,"href":"https:\/\/vcycletech.com\/es\/wp-json\/wp\/v2\/product_cat?post=1456"},{"taxonomy":"product_tag","embeddable":true,"href":"https:\/\/vcycletech.com\/es\/wp-json\/wp\/v2\/product_tag?post=1456"}],"curies":[{"name":"wp","href":"https:\/\/api.w.org\/{rel}","templated":true}]}}