{"id":1443,"date":"2023-03-22T07:37:57","date_gmt":"2023-03-22T07:37:57","guid":{"rendered":"https:\/\/vcycletech.com\/?post_type=product&#038;p=1443"},"modified":"2023-03-22T07:48:12","modified_gmt":"2023-03-22T07:48:12","slug":"inhibidor-de-corrosion-para-sistema-de-circulacion-cerrado","status":"publish","type":"product","link":"https:\/\/vcycletech.com\/es\/producto\/inhibidor-de-corrosion-para-sistema-de-circulacion-cerrado\/","title":{"rendered":"Inhibidor de corrosi\u00f3n para sistema de circulaci\u00f3n cerrado"},"content":{"rendered":"<h2>Propiedades:<\/h2>\n<p>Este producto se utiliza como inhibidor de la corrosi\u00f3n para sistemas cerrados, como el sistema de agua de refrigeraci\u00f3n y el sistema de circulaci\u00f3n de agua caliente en los que el glicol, el metanol y el etanol son medios de refrigeraci\u00f3n. Est\u00e1 compuesto por inhibidores org\u00e1nicos de la corrosi\u00f3n, dispersantes, nitritos y molibdatos para brindar una protecci\u00f3n confiable contra la corrosi\u00f3n sin ning\u00fan tipo de coloraci\u00f3n o tinci\u00f3n relacionada con el cromato de materiales superficiales como acero al carbono, acero inoxidable, aleaciones de cobre y aleaciones de aluminio. Este producto es altamente eficiente para inhibir la corrosi\u00f3n con un uso conveniente en caso de que no haya fugas o que haya pocas fugas del sistema cerrado.<\/p>\n<h3>Especificaci\u00f3n:<\/h3>\n<div id=\"footable_parent_1465\"\n         class=\"footable_parent ninja_table_wrapper loading_ninja_table wp_table_data_press_parent semantic_ui\">\n                <table data-ninja_table_instance=\"ninja_table_instance_0\" data-footable_id=\"1465\" data-filter-delay=\"1000\" aria-label=\"Inhibidor de corrosi\u00f3n para sistema de circulaci\u00f3n cerrado.csv\"            id=\"footable_1465\"\n           data-unique_identifier=\"ninja_table_unique_id_2902308246_1465\"\n           class=\"foo-table ninja_footable foo_table_1465 ninja_table_unique_id_2902308246_1465 ui table  nt_type_legacy_table selectable striped vertical_centered  footable-paging-right ninja_table_pro\">\n                <colgroup>\n                            <col class=\"ninja_column_0\">\n                            <col class=\"ninja_column_1\">\n                    <\/colgroup>\n        <thead>\n<tr class=\"footable-header\">\n                                        <th scope=\"col\"  class=\"ninja_column_0 ninja_clmn_nm_items\">Elementos<\/th><th scope=\"col\"  class=\"ninja_column_1 ninja_clmn_nm_index\">\u00cdndice<\/th><\/tr>\n<\/thead>\n<tbody>\n\n        <tr data-row_id=\"385\" class=\"ninja_table_row_0 nt_row_id_385\">\n            <td>Apariencia<\/td><td>L\u00edquido incoloro o \u00e1mbar claro<\/td>        <\/tr>\n            <tr data-row_id=\"386\" class=\"ninja_table_row_1 nt_row_id_386\">\n            <td>Contenido s\u00f3lido %<\/td><td>30.0min<\/td>        <\/tr>\n            <tr data-row_id=\"387\" class=\"ninja_table_row_2 nt_row_id_387\">\n            <td>pH (soluci\u00f3n 1%)<\/td><td>9.0min<\/td>        <\/tr>\n            <tr data-row_id=\"388\" class=\"ninja_table_row_3 nt_row_id_388\">\n            <td>Densidad (20 \u2103), g\/cm3<\/td><td>1.1<\/td>        <\/tr>\n    <\/tbody><!--ninja_tobody_rendering_done-->\n    <\/table>\n    \n    \n    \n<\/div>\n\n<h3>Uso:<\/h3>\n<p>Debe agregarse a un sistema cerrado a raz\u00f3n de 1500 mg\/l, con 1,3 veces adicionales en operaci\u00f3n ordinaria para un rendimiento \u00f3ptimo. Cuando se usa como inhibidor de la corrosi\u00f3n en petroleros o latas de aceite, se puede combinar con un desemulsionante para mejorar el efecto. La operaci\u00f3n de filmaci\u00f3n de pretratamiento no es necesaria cuando se utiliza este producto.<\/p>\n<h3>Paquete y almacenamiento:<\/h3>\n<p>Debe almacenarse en su envase original, lejos de la luz solar directa y temperaturas extremas. No lo mezcle con otros productos qu\u00edmicos o l\u00edquidos y aseg\u00farese de que la tapa est\u00e9 bien cerrada cuando no est\u00e9 en uso. Debe manejarse con cuidado y desecharse de manera responsable de acuerdo con las reglamentaciones ambientales locales. Bid\u00f3n de pl\u00e1stico de 200 l, IBC (1000 l), requisito del cliente. Almacenamiento durante diez meses en un lugar sombreado y seco.<\/p>\n<h3>Preguntas frecuentes sobre el inhibidor de corrosi\u00f3n para sistema de circulaci\u00f3n cerrado:<\/h3>\n<p><strong>\u00bfCu\u00e1les son los beneficios de usar un inhibidor de corrosi\u00f3n para sistemas de circulaci\u00f3n cerrados?<\/strong><br \/>\nUn inhibidor de corrosi\u00f3n para sistemas de circulaci\u00f3n cerrados ayuda a proteger las superficies met\u00e1licas del da\u00f1o causado por productos qu\u00edmicos \u00e1cidos y alcalinos. Tambi\u00e9n puede ayudar a reducir o eliminar la formaci\u00f3n de dep\u00f3sitos de \u00f3xido, lodo y escamas en tuber\u00edas, calderas y otros componentes del equipo. Esto puede mejorar la eficiencia del sistema, reducir el tiempo de inactividad debido al mantenimiento y prolongar la vida \u00fatil de las tuber\u00edas y los equipos.<\/p>\n<p><strong>\u00bfC\u00f3mo funciona un inhibidor de corrosi\u00f3n?<\/strong><br \/>\nLos inhibidores de corrosi\u00f3n forman una capa protectora sobre las superficies met\u00e1licas, evitando que entren en contacto con productos qu\u00edmicos corrosivos en el sistema de tratamiento de agua. Las mol\u00e9culas del inhibidor se adhieren a la superficie del metal, formando una barrera invisible que protege contra el ataque qu\u00edmico. El mecanismo exacto depende del tipo de inhibidor utilizado: algunos funcionan proporcionando una barrera f\u00edsica entre el metal y el agua, mientras que otros forman compuestos qu\u00edmicos que reaccionan y neutralizan las sustancias corrosivas en contacto con la superficie del metal.<\/p>\n<p><strong>\u00bfQu\u00e9 tipos de inhibidores de corrosi\u00f3n existen?<\/strong><br \/>\nLos tipos de inhibidores de corrosi\u00f3n m\u00e1s utilizados incluyen \u00e1cidos org\u00e1nicos (como el \u00e1cido benzoico), fosfatos (como el fosfato de sodio) y pol\u00edmeros (como los polifosfatos). Tambi\u00e9n existen mezclas patentadas que combinan varios tipos de inhibidores en un solo producto. Estas mezclas brindan una protecci\u00f3n mejorada en comparaci\u00f3n con los productos de un solo componente, pero pueden variar considerablemente seg\u00fan su formulaci\u00f3n.<\/p>\n<p><strong>\u00bfC\u00f3mo selecciono un inhibidor de corrosi\u00f3n apropiado?<\/strong><br \/>\nAl seleccionar un inhibidor de corrosi\u00f3n adecuado, es importante tener en cuenta su compatibilidad con otros productos qu\u00edmicos utilizados en el sistema, as\u00ed como su desempe\u00f1o en diferentes condiciones, como niveles de pH y rangos de temperatura; algunos inhibidores son efectivos solo en ciertos entornos o para metales espec\u00edficos. . Adem\u00e1s, tenga en cuenta los requisitos reglamentarios, ya que es posible que algunos inhibidores no est\u00e9n permitidos en ciertas \u00e1reas o aplicaciones debido a consideraciones ambientales o problemas de salud.<\/p>\n<p><a href=\"https:\/\/vcycletech.com\/es\/categoria-de-producto\/inhibidores-de-corrosion-a-escala-construida-y-agentes-de-pelicula-de-tratamiento-previo\/\"><strong>Obtenga la soluci\u00f3n completa de inhibidores de corrosi\u00f3n a escala integrada y agentes de filmaci\u00f3n de pretratamiento.<\/strong><\/a><\/p>","protected":false},"excerpt":{"rendered":"<p><strong>Inhibidor de corrosi\u00f3n para sistema de circulaci\u00f3n cerrado<\/strong> para productos qu\u00edmicos de tratamiento de agua ayuda a proteger las superficies met\u00e1licas en contacto con agua, aguas residuales o fluidos de proceso. Es un producto l\u00edquido concentrado que forma una pel\u00edcula protectora sobre la superficie met\u00e1lica y la protege de la corrosi\u00f3n. El inhibidor se puede utilizar en sistemas de circulaci\u00f3n cerrados, como torres de refrigeraci\u00f3n, calderas, condensadores e intercambiadores de calor. Tambi\u00e9n es efectivo en sistemas abiertos como r\u00edos, lagos y oc\u00e9anos.<\/p>\n<p>El inhibidor est\u00e1 disponible en China a granel para las empresas que buscan comprar al por mayor. Es un producto respetuoso con el medio ambiente que no contiene productos qu\u00edmicos ni metales nocivos. Es seguro de usar con todo tipo de productos qu\u00edmicos para el tratamiento del agua y brinda protecci\u00f3n a largo plazo contra la corrosi\u00f3n.<\/p>","protected":false},"featured_media":1458,"template":"","meta":{"site-sidebar-layout":"default","site-content-layout":"default","ast-site-content-layout":"default","site-content-style":"default","site-sidebar-style":"default","ast-global-header-display":"","ast-banner-title-visibility":"","ast-main-header-display":"","ast-hfb-above-header-display":"","ast-hfb-below-header-display":"","ast-hfb-mobile-header-display":"","site-post-title":"","ast-breadcrumbs-content":"","ast-featured-img":"","footer-sml-layout":"","ast-disable-related-posts":"","theme-transparent-header-meta":"default","adv-header-id-meta":"","stick-header-meta":"default","header-above-stick-meta":"","header-main-stick-meta":"","header-below-stick-meta":"","astra-migrate-meta-layouts":"default","ast-page-background-enabled":"default","ast-page-background-meta":{"desktop":{"background-color":"","background-image":"","background-repeat":"repeat","background-position":"center center","background-size":"auto","background-attachment":"scroll","background-type":"","background-media":"","overlay-type":"","overlay-color":"","overlay-opacity":"","overlay-gradient":""},"tablet":{"background-color":"","background-image":"","background-repeat":"repeat","background-position":"center center","background-size":"auto","background-attachment":"scroll","background-type":"","background-media":"","overlay-type":"","overlay-color":"","overlay-opacity":"","overlay-gradient":""},"mobile":{"background-color":"","background-image":"","background-repeat":"repeat","background-position":"center center","background-size":"auto","background-attachment":"scroll","background-type":"","background-media":"","overlay-type":"","overlay-color":"","overlay-opacity":"","overlay-gradient":""}},"ast-content-background-meta":{"desktop":{"background-color":"var(--ast-global-color-5)","background-image":"","background-repeat":"repeat","background-position":"center center","background-size":"auto","background-attachment":"scroll","background-type":"","background-media":"","overlay-type":"","overlay-color":"","overlay-opacity":"","overlay-gradient":""},"tablet":{"background-color":"var(--ast-global-color-5)","background-image":"","background-repeat":"repeat","background-position":"center center","background-size":"auto","background-attachment":"scroll","background-type":"","background-media":"","overlay-type":"","overlay-color":"","overlay-opacity":"","overlay-gradient":""},"mobile":{"background-color":"var(--ast-global-color-5)","background-image":"","background-repeat":"repeat","background-position":"center center","background-size":"auto","background-attachment":"scroll","background-type":"","background-media":"","overlay-type":"","overlay-color":"","overlay-opacity":"","overlay-gradient":""}}},"product_brand":[],"product_cat":[32],"product_tag":[],"class_list":{"0":"post-1443","1":"product","2":"type-product","3":"status-publish","4":"has-post-thumbnail","6":"product_cat-built-scale-corrosion-inhibitors-and-pretreatment-filming-agents","7":"desktop-align-left","8":"tablet-align-left","9":"mobile-align-left","10":"ast-product-gallery-layout-horizontal-slider","11":"ast-product-tabs-layout-horizontal","13":"first","14":"instock","15":"shipping-taxable","16":"product-type-simple"},"yoast_head":"<!-- This site is optimized with the Yoast SEO Premium plugin v26.3 (Yoast SEO v27.5) - https:\/\/yoast.com\/product\/yoast-seo-premium-wordpress\/ -->\n<title>Corrosion Inhibitor For Closed Circulating System - vcycletech<\/title>\n<meta name=\"description\" content=\"It is an advanced corrosion inhibitor for industrial closed circulating systems. It reduces water hardness, prevents scale deposition, and enhances system efficiency by eliminating the need for pretreatment filming operations. This product is easy to use and can help reduce maintenance costs and downtime in your system. Additionally, it can be used as a corrosion inhibitor in oil tankers or oil cans when paired with a demulsifier to maximize its effectiveness.\" \/>\n<meta name=\"robots\" content=\"index, follow, max-snippet:-1, max-image-preview:large, max-video-preview:-1\" \/>\n<link rel=\"canonical\" href=\"https:\/\/vcycletech.com\/es\/producto\/inhibidor-de-corrosion-para-sistema-de-circulacion-cerrado\/\" \/>\n<meta property=\"og:locale\" content=\"es_MX\" \/>\n<meta property=\"og:type\" content=\"article\" \/>\n<meta property=\"og:title\" content=\"Corrosion Inhibitor For Closed Circulating System\" \/>\n<meta property=\"og:description\" content=\"It is an advanced corrosion inhibitor for industrial closed circulating systems. It reduces water hardness, prevents scale deposition, and enhances system efficiency by eliminating the need for pretreatment filming operations. This product is easy to use and can help reduce maintenance costs and downtime in your system. Additionally, it can be used as a corrosion inhibitor in oil tankers or oil cans when paired with a demulsifier to maximize its effectiveness.\" \/>\n<meta property=\"og:url\" content=\"https:\/\/vcycletech.com\/es\/producto\/inhibidor-de-corrosion-para-sistema-de-circulacion-cerrado\/\" \/>\n<meta property=\"og:site_name\" content=\"vcycletech\" \/>\n<meta property=\"article:modified_time\" content=\"2023-03-22T07:48:12+00:00\" \/>\n<meta property=\"og:image\" content=\"https:\/\/vcycletech.com\/wp-content\/uploads\/2023\/03\/1-80.png\" \/>\n\t<meta property=\"og:image:width\" content=\"600\" \/>\n\t<meta property=\"og:image:height\" content=\"600\" \/>\n\t<meta property=\"og:image:type\" content=\"image\/png\" \/>\n<meta name=\"twitter:card\" content=\"summary_large_image\" \/>\n<meta name=\"twitter:label1\" content=\"Tiempo de lectura\" \/>\n\t<meta name=\"twitter:data1\" content=\"3 minutos\" \/>\n<script type=\"application\/ld+json\" class=\"yoast-schema-graph\">{\"@context\":\"https:\\\/\\\/schema.org\",\"@graph\":[{\"@type\":\"WebPage\",\"@id\":\"https:\\\/\\\/vcycletech.com\\\/product\\\/corrosion-inhibitor-for-closed-circulating-system\\\/\",\"url\":\"https:\\\/\\\/vcycletech.com\\\/product\\\/corrosion-inhibitor-for-closed-circulating-system\\\/\",\"name\":\"Corrosion Inhibitor For Closed Circulating System - vcycletech\",\"isPartOf\":{\"@id\":\"https:\\\/\\\/vcycletech.com\\\/#website\"},\"primaryImageOfPage\":{\"@id\":\"https:\\\/\\\/vcycletech.com\\\/product\\\/corrosion-inhibitor-for-closed-circulating-system\\\/#primaryimage\"},\"image\":{\"@id\":\"https:\\\/\\\/vcycletech.com\\\/product\\\/corrosion-inhibitor-for-closed-circulating-system\\\/#primaryimage\"},\"thumbnailUrl\":\"https:\\\/\\\/vcycletech.com\\\/wp-content\\\/uploads\\\/2023\\\/03\\\/1-80.png\",\"datePublished\":\"2023-03-22T07:37:57+00:00\",\"dateModified\":\"2023-03-22T07:48:12+00:00\",\"description\":\"It is an advanced corrosion inhibitor for industrial closed circulating systems. It reduces water hardness, prevents scale deposition, and enhances system efficiency by eliminating the need for pretreatment filming operations. This product is easy to use and can help reduce maintenance costs and downtime in your system. Additionally, it can be used as a corrosion inhibitor in oil tankers or oil cans when paired with a demulsifier to maximize its effectiveness.\",\"breadcrumb\":{\"@id\":\"https:\\\/\\\/vcycletech.com\\\/product\\\/corrosion-inhibitor-for-closed-circulating-system\\\/#breadcrumb\"},\"inLanguage\":\"es\",\"potentialAction\":[{\"@type\":\"ReadAction\",\"target\":[\"https:\\\/\\\/vcycletech.com\\\/product\\\/corrosion-inhibitor-for-closed-circulating-system\\\/\"]}]},{\"@type\":\"ImageObject\",\"inLanguage\":\"es\",\"@id\":\"https:\\\/\\\/vcycletech.com\\\/product\\\/corrosion-inhibitor-for-closed-circulating-system\\\/#primaryimage\",\"url\":\"https:\\\/\\\/vcycletech.com\\\/wp-content\\\/uploads\\\/2023\\\/03\\\/1-80.png\",\"contentUrl\":\"https:\\\/\\\/vcycletech.com\\\/wp-content\\\/uploads\\\/2023\\\/03\\\/1-80.png\",\"width\":600,\"height\":600,\"caption\":\"Corrosion Inhibitor for Closed Circulating System\"},{\"@type\":\"BreadcrumbList\",\"@id\":\"https:\\\/\\\/vcycletech.com\\\/product\\\/corrosion-inhibitor-for-closed-circulating-system\\\/#breadcrumb\",\"itemListElement\":[{\"@type\":\"ListItem\",\"position\":1,\"name\":\"Home\",\"item\":\"https:\\\/\\\/vcycletech.com\\\/\"},{\"@type\":\"ListItem\",\"position\":2,\"name\":\"Water Treatment Chemicals Manufacturer\",\"item\":\"https:\\\/\\\/vcycletech.com\\\/water-treatment-chemicals-manufacturer\\\/\"},{\"@type\":\"ListItem\",\"position\":3,\"name\":\"Corrosion Inhibitor For Closed Circulating System\"}]},{\"@type\":\"WebSite\",\"@id\":\"https:\\\/\\\/vcycletech.com\\\/#website\",\"url\":\"https:\\\/\\\/vcycletech.com\\\/\",\"name\":\"vcycletech\",\"description\":\"China&#039;s top water treatment chemicals supplier\",\"publisher\":{\"@id\":\"https:\\\/\\\/vcycletech.com\\\/#organization\"},\"potentialAction\":[{\"@type\":\"SearchAction\",\"target\":{\"@type\":\"EntryPoint\",\"urlTemplate\":\"https:\\\/\\\/vcycletech.com\\\/?s={search_term_string}\"},\"query-input\":{\"@type\":\"PropertyValueSpecification\",\"valueRequired\":true,\"valueName\":\"search_term_string\"}}],\"inLanguage\":\"es\"},{\"@type\":\"Organization\",\"@id\":\"https:\\\/\\\/vcycletech.com\\\/#organization\",\"name\":\"vcycletech\",\"url\":\"https:\\\/\\\/vcycletech.com\\\/\",\"logo\":{\"@type\":\"ImageObject\",\"inLanguage\":\"es\",\"@id\":\"https:\\\/\\\/vcycletech.com\\\/#\\\/schema\\\/logo\\\/image\\\/\",\"url\":\"https:\\\/\\\/vcycletech.com\\\/wp-content\\\/uploads\\\/2023\\\/03\\\/logo-vcycletech-1.png\",\"contentUrl\":\"https:\\\/\\\/vcycletech.com\\\/wp-content\\\/uploads\\\/2023\\\/03\\\/logo-vcycletech-1.png\",\"width\":600,\"height\":400,\"caption\":\"vcycletech\"},\"image\":{\"@id\":\"https:\\\/\\\/vcycletech.com\\\/#\\\/schema\\\/logo\\\/image\\\/\"}}]}<\/script>\n<!-- \/ Yoast SEO Premium plugin. -->","yoast_head_json":{"title":"Inhibidor de corrosi\u00f3n para sistema de circulaci\u00f3n cerrado - vcycletech","description":"Es un inhibidor de corrosi\u00f3n avanzado para sistemas industriales de circulaci\u00f3n cerrada. Reduce la dureza del agua, evita la deposici\u00f3n de incrustaciones y mejora la eficiencia del sistema al eliminar la necesidad de operaciones de filmaci\u00f3n de pretratamiento. Este producto es f\u00e1cil de usar y puede ayudar a reducir los costos de mantenimiento y el tiempo de inactividad en su sistema. Adem\u00e1s, se puede utilizar como inhibidor de la corrosi\u00f3n en petroleros o latas de aceite cuando se combina con un desemulsionante para maximizar su eficacia.","robots":{"index":"index","follow":"follow","max-snippet":"max-snippet:-1","max-image-preview":"max-image-preview:large","max-video-preview":"max-video-preview:-1"},"canonical":"https:\/\/vcycletech.com\/es\/producto\/inhibidor-de-corrosion-para-sistema-de-circulacion-cerrado\/","og_locale":"es_MX","og_type":"article","og_title":"Corrosion Inhibitor For Closed Circulating System","og_description":"It is an advanced corrosion inhibitor for industrial closed circulating systems. It reduces water hardness, prevents scale deposition, and enhances system efficiency by eliminating the need for pretreatment filming operations. This product is easy to use and can help reduce maintenance costs and downtime in your system. Additionally, it can be used as a corrosion inhibitor in oil tankers or oil cans when paired with a demulsifier to maximize its effectiveness.","og_url":"https:\/\/vcycletech.com\/es\/producto\/inhibidor-de-corrosion-para-sistema-de-circulacion-cerrado\/","og_site_name":"vcycletech","article_modified_time":"2023-03-22T07:48:12+00:00","og_image":[{"width":600,"height":600,"url":"https:\/\/vcycletech.com\/wp-content\/uploads\/2023\/03\/1-80.png","type":"image\/png"}],"twitter_card":"summary_large_image","twitter_misc":{"Tiempo de lectura":"3 minutos"},"schema":{"@context":"https:\/\/schema.org","@graph":[{"@type":"WebPage","@id":"https:\/\/vcycletech.com\/product\/corrosion-inhibitor-for-closed-circulating-system\/","url":"https:\/\/vcycletech.com\/product\/corrosion-inhibitor-for-closed-circulating-system\/","name":"Inhibidor de corrosi\u00f3n para sistema de circulaci\u00f3n cerrado - vcycletech","isPartOf":{"@id":"https:\/\/vcycletech.com\/#website"},"primaryImageOfPage":{"@id":"https:\/\/vcycletech.com\/product\/corrosion-inhibitor-for-closed-circulating-system\/#primaryimage"},"image":{"@id":"https:\/\/vcycletech.com\/product\/corrosion-inhibitor-for-closed-circulating-system\/#primaryimage"},"thumbnailUrl":"https:\/\/vcycletech.com\/wp-content\/uploads\/2023\/03\/1-80.png","datePublished":"2023-03-22T07:37:57+00:00","dateModified":"2023-03-22T07:48:12+00:00","description":"Es un inhibidor de corrosi\u00f3n avanzado para sistemas industriales de circulaci\u00f3n cerrada. Reduce la dureza del agua, evita la deposici\u00f3n de incrustaciones y mejora la eficiencia del sistema al eliminar la necesidad de operaciones de filmaci\u00f3n de pretratamiento. Este producto es f\u00e1cil de usar y puede ayudar a reducir los costos de mantenimiento y el tiempo de inactividad en su sistema. Adem\u00e1s, se puede utilizar como inhibidor de la corrosi\u00f3n en petroleros o latas de aceite cuando se combina con un desemulsionante para maximizar su eficacia.","breadcrumb":{"@id":"https:\/\/vcycletech.com\/product\/corrosion-inhibitor-for-closed-circulating-system\/#breadcrumb"},"inLanguage":"es","potentialAction":[{"@type":"ReadAction","target":["https:\/\/vcycletech.com\/product\/corrosion-inhibitor-for-closed-circulating-system\/"]}]},{"@type":"ImageObject","inLanguage":"es","@id":"https:\/\/vcycletech.com\/product\/corrosion-inhibitor-for-closed-circulating-system\/#primaryimage","url":"https:\/\/vcycletech.com\/wp-content\/uploads\/2023\/03\/1-80.png","contentUrl":"https:\/\/vcycletech.com\/wp-content\/uploads\/2023\/03\/1-80.png","width":600,"height":600,"caption":"Corrosion Inhibitor for Closed Circulating System"},{"@type":"BreadcrumbList","@id":"https:\/\/vcycletech.com\/product\/corrosion-inhibitor-for-closed-circulating-system\/#breadcrumb","itemListElement":[{"@type":"ListItem","position":1,"name":"Home","item":"https:\/\/vcycletech.com\/"},{"@type":"ListItem","position":2,"name":"Water Treatment Chemicals Manufacturer","item":"https:\/\/vcycletech.com\/water-treatment-chemicals-manufacturer\/"},{"@type":"ListItem","position":3,"name":"Corrosion Inhibitor For Closed Circulating System"}]},{"@type":"WebSite","@id":"https:\/\/vcycletech.com\/#website","url":"https:\/\/vcycletech.com\/","name":"vcycletech","description":"El principal proveedor de productos qu\u00edmicos para el tratamiento del agua de China y #039;","publisher":{"@id":"https:\/\/vcycletech.com\/#organization"},"potentialAction":[{"@type":"SearchAction","target":{"@type":"EntryPoint","urlTemplate":"https:\/\/vcycletech.com\/?s={search_term_string}"},"query-input":{"@type":"PropertyValueSpecification","valueRequired":true,"valueName":"search_term_string"}}],"inLanguage":"es"},{"@type":"Organization","@id":"https:\/\/vcycletech.com\/#organization","name":"vcycletech","url":"https:\/\/vcycletech.com\/","logo":{"@type":"ImageObject","inLanguage":"es","@id":"https:\/\/vcycletech.com\/#\/schema\/logo\/image\/","url":"https:\/\/vcycletech.com\/wp-content\/uploads\/2023\/03\/logo-vcycletech-1.png","contentUrl":"https:\/\/vcycletech.com\/wp-content\/uploads\/2023\/03\/logo-vcycletech-1.png","width":600,"height":400,"caption":"vcycletech"},"image":{"@id":"https:\/\/vcycletech.com\/#\/schema\/logo\/image\/"}}]}},"_links":{"self":[{"href":"https:\/\/vcycletech.com\/es\/wp-json\/wp\/v2\/product\/1443","targetHints":{"allow":["GET"]}}],"collection":[{"href":"https:\/\/vcycletech.com\/es\/wp-json\/wp\/v2\/product"}],"about":[{"href":"https:\/\/vcycletech.com\/es\/wp-json\/wp\/v2\/types\/product"}],"wp:featuredmedia":[{"embeddable":true,"href":"https:\/\/vcycletech.com\/es\/wp-json\/wp\/v2\/media\/1458"}],"wp:attachment":[{"href":"https:\/\/vcycletech.com\/es\/wp-json\/wp\/v2\/media?parent=1443"}],"wp:term":[{"taxonomy":"product_brand","embeddable":true,"href":"https:\/\/vcycletech.com\/es\/wp-json\/wp\/v2\/product_brand?post=1443"},{"taxonomy":"product_cat","embeddable":true,"href":"https:\/\/vcycletech.com\/es\/wp-json\/wp\/v2\/product_cat?post=1443"},{"taxonomy":"product_tag","embeddable":true,"href":"https:\/\/vcycletech.com\/es\/wp-json\/wp\/v2\/product_tag?post=1443"}],"curies":[{"name":"wp","href":"https:\/\/api.w.org\/{rel}","templated":true}]}}