{"id":1427,"date":"2023-03-22T06:53:18","date_gmt":"2023-03-22T06:53:18","guid":{"rendered":"https:\/\/vcycletech.com\/?post_type=product&#038;p=1427"},"modified":"2023-03-27T02:44:54","modified_gmt":"2023-03-27T02:44:54","slug":"wt-610-scale-inhibitor-for-dusty-water","status":"publish","type":"product","link":"https:\/\/vcycletech.com\/es\/producto\/wt-610-scale-inhibitor-for-dusty-water\/","title":{"rendered":"Inhibidor de incrustaciones WT-610 para agua polvorienta"},"content":{"rendered":"<h3 id=\"introduction_2\" class=\"xsj_heading_hash xsj_heading xsj_heading_h2\" data-source-line=\"6\" data-source-line-display=\"true\"><span class=\"xsj_heading_content\">Introducci\u00f3n:<\/span><\/h3>\n<p class=\"xsj_paragraph xsj_paragraph_level_0\" data-source-line=\"7\" data-source-line-display=\"true\"><strong>WT-610<\/strong> es una f\u00f3rmula avanzada de copol\u00edmero especialmente formulada para reducir el polvo en los sistemas de agua. Dispersa eficazmente las part\u00edculas por todo el sistema de agua, lo que garantiza propiedades \u00f3ptimas de distorsi\u00f3n de los cristales y un entorno limpio. Obtenga m\u00e1s informaci\u00f3n sobre las caracter\u00edsticas, las aplicaciones y las preguntas frecuentes de este poderoso inhibidor de incrustaciones.<\/p>\n<div class=\"xiaoshujiang_element xsj_anchor\"><a class=\"blank_anchor_name\" name=\"features_3\"><\/a><a id=\"features_3\" class=\"blank_anchor_id\"><\/a><a class=\"blank_anchor_name\" name=\"features\"><\/a><a id=\"features\" class=\"blank_anchor_id\"><\/a><\/div>\n<h3 id=\"features_3\" class=\"xsj_heading_hash xsj_heading xsj_heading_h2\" data-source-line=\"9\" data-source-line-display=\"true\"><span class=\"xsj_heading_content\">Caracter\u00edsticas:<br \/>\n<\/span><\/h3>\n<p class=\"xsj_paragraph xsj_paragraph_level_0\" data-source-line=\"12\" data-source-line-display=\"true\">La caracter\u00edstica m\u00e1s notable de WT-610 es su poderosa capacidad quelante. Esto le permite dispersarse dentro del sistema de agua mucho m\u00e1s eficientemente que las f\u00f3rmulas tradicionales, lo que lleva a mejores resultados de reducci\u00f3n de polvo. Adem\u00e1s, WT-610 tiene excelentes capacidades de protecci\u00f3n contra la corrosi\u00f3n y est\u00e1 aprobado para su uso en sistemas de agua potable, lo que lo hace perfecto para diversas aplicaciones industriales.<\/p>\n<div class=\"xiaoshujiang_element xsj_anchor\"><a class=\"blank_anchor_name\" name=\"applications_4\"><\/a><a id=\"applications_4\" class=\"blank_anchor_id\"><\/a><a class=\"blank_anchor_name\" name=\"applications\"><\/a><a id=\"applications\" class=\"blank_anchor_id\"><\/a><\/div>\n<h3 id=\"applications_4\" class=\"xsj_heading_hash xsj_heading xsj_heading_h2\" data-source-line=\"14\" data-source-line-display=\"true\"><span class=\"xsj_heading_content\">Aplicaciones:<\/span><\/h3>\n<p class=\"xsj_paragraph xsj_paragraph_level_0\" data-source-line=\"16\" data-source-line-display=\"true\">WT-610 se utiliza en muchas industrias; algunas de las aplicaciones m\u00e1s comunes incluyen torres de enfriamiento, calderas y procesos industriales como la refinaci\u00f3n de petr\u00f3leo y la producci\u00f3n de papel. Tambi\u00e9n se puede usar en varios entornos comerciales y dom\u00e9sticos para controlar la acumulaci\u00f3n de dep\u00f3sitos de carbonato de calcio, lo que ayuda a mantener las tuber\u00edas limpias y funcionando de manera \u00f3ptima con el tiempo.<\/p>\n<h3>Especificaci\u00f3n:<\/h3>\n<div>\n<table id=\"tablepress-5\" class=\"tablepress tablepress-id-5\">\n<thead>\n<tr class=\"row-1\">\n\t<th class=\"column-1\">Elementos<\/th><th class=\"column-2\">\u00cdndice<\/th><td class=\"column-3\"><\/td>\n<\/tr>\n<\/thead>\n<tbody class=\"row-striping row-hover\">\n<tr class=\"row-2\">\n\t<td class=\"column-1\">Apariencia<\/td><td class=\"column-2\">L\u00edquido transparente \u00e1mbar<\/td><td class=\"column-3\"><\/td>\n<\/tr>\n<tr class=\"row-3\">\n\t<td class=\"column-1\">Contenido s\u00f3lido, %<\/td><td class=\"column-2\">40,0 minutos<\/td><td class=\"column-3\"><\/td>\n<\/tr>\n<tr class=\"row-4\">\n\t<td class=\"column-1\">\u00c1cido fosf\u00f3rico total, (como PO43-)%<\/td><td class=\"column-2\">25,0 minutos<\/td><td class=\"column-3\"><\/td>\n<\/tr>\n<tr class=\"row-5\">\n\t<td class=\"column-1\">pH,(1%soluci\u00f3n de agua)<\/td><td class=\"column-2\">2,0\u00b10,5<\/td><td class=\"column-3\"><\/td>\n<\/tr>\n<tr class=\"row-6\">\n\t<td class=\"column-1\">Densidad (20 \u2103), g\/cm3<\/td><td class=\"column-2\">1,20 minutos<\/td><td class=\"column-3\"><\/td>\n<\/tr>\n<tr class=\"row-7\">\n\t<td class=\"column-1\"><span style=\"color:#222222;\"><strong><\/strong><\/span><\/td><td class=\"column-2\"><\/td><td class=\"column-3\"><\/td>\n<\/tr>\n<\/tbody>\n<\/table>\n<\/div>\n<div class=\"xiaoshujiang_element xsj_anchor\"><a class=\"blank_anchor_name\" name=\"faqs_5\"><\/a><a id=\"faqs_5\" class=\"blank_anchor_id\"><\/a><a class=\"blank_anchor_name\" name=\"faqs\"><\/a><a id=\"faqs\" class=\"blank_anchor_id\"><\/a><\/div>\n<h3 id=\"faqs_5\" class=\"xsj_heading_hash xsj_heading xsj_heading_h2\" data-source-line=\"18\" data-source-line-display=\"true\"><span class=\"xsj_heading_content\">Preguntas frecuentes:<\/span><\/h3>\n<div class=\"xiaoshujiang_element xsj_anchor\"><a class=\"blank_anchor_name\" name=\"q20what20makes20wt-61020different20from20other20scale20inhibitors_6\"><\/a><a id=\"q20what20makes20wt-61020different20from20other20scale20inhibitors_6\" class=\"blank_anchor_id\"><\/a><a class=\"blank_anchor_name\" name=\"q-what-makes-wt-610-different-from-other-scale-inhibitors\"><\/a><a id=\"q-what-makes-wt-610-different-from-other-scale-inhibitors\" class=\"blank_anchor_id\"><\/a><\/div>\n<p id=\"q20what20makes20wt-61020different20from20other20scale20inhibitors_6\" class=\"xsj_heading_hash xsj_heading xsj_heading_h3\" data-source-line=\"20\" data-source-line-display=\"true\"><strong><span class=\"xsj_heading_content\">P: \u00bfQu\u00e9 diferencia al WT-610 de otros inhibidores de incrustaciones?<\/span><\/strong><\/p>\n<p class=\"xsj_paragraph xsj_paragraph_level_0\" data-source-line=\"22\" data-source-line-display=\"true\">R: La principal diferencia entre el WT-610 y otros inhibidores de incrustaciones radica en su f\u00f3rmula \u00fanica de copol\u00edmero. Esta combinaci\u00f3n de \u00e1cido organofosfina, \u00e1cido policarbox\u00edlico y elementos de sulfosalina ofrece capacidades de quelaci\u00f3n superiores en comparaci\u00f3n con las f\u00f3rmulas tradicionales, lo que le permite dispersarse dentro de los sistemas de agua de manera mucho m\u00e1s efectiva y brinda excelentes beneficios de reducci\u00f3n de polvo.<\/p>\n<div class=\"xiaoshujiang_element xsj_anchor\"><a class=\"blank_anchor_name\" name=\"q20is20wt-61020safe20for20use20with20potable20water_7\"><\/a><a id=\"q20is20wt-61020safe20for20use20with20potable20water_7\" class=\"blank_anchor_id\"><\/a><a class=\"blank_anchor_name\" name=\"q-is-wt-610-safe-for-use-with-potable-water\"><\/a><a id=\"q-is-wt-610-safe-for-use-with-potable-water\" class=\"blank_anchor_id\"><\/a><\/div>\n<p id=\"q20is20wt-61020safe20for20use20with20potable20water_7\" class=\"xsj_heading_hash xsj_heading xsj_heading_h3\" data-source-line=\"24\" data-source-line-display=\"true\"><strong><span class=\"xsj_heading_content\">P: \u00bfEs seguro usar el WT-610 con agua potable?<\/span><\/strong><\/p>\n<p class=\"xsj_paragraph xsj_paragraph_level_0\" data-source-line=\"26\" data-source-line-display=\"true\">R: \u00a1Absolutamente! WT-610 ha recibido la aprobaci\u00f3n de NSF International para su uso en sistemas de agua potable. Puede estar seguro de que su agua permanecer\u00e1 segura despu\u00e9s del tratamiento con este inhibidor de incrustaciones avanzado.<\/p>\n<div class=\"xiaoshujiang_element xsj_anchor\"><a class=\"blank_anchor_name\" name=\"q20how20often20should20i20use20wt-610_8\"><\/a><a id=\"q20how20often20should20i20use20wt-610_8\" class=\"blank_anchor_id\"><\/a><a class=\"blank_anchor_name\" name=\"q-how-often-should-i-use-wt-610\"><\/a><a id=\"q-how-often-should-i-use-wt-610\" class=\"blank_anchor_id\"><\/a><\/div>\n<p id=\"q20how20often20should20i20use20wt-610_8\" class=\"xsj_heading_hash xsj_heading xsj_heading_h3\" data-source-line=\"28\" data-source-line-display=\"true\"><strong><span class=\"xsj_heading_content\">P: \u00bfCon qu\u00e9 frecuencia debo usar WT-610?<\/span><\/strong><\/p>\n<p class=\"xsj_paragraph xsj_paragraph_level_0\" data-source-line=\"30\" data-source-line-display=\"true\">R: En t\u00e9rminos generales, debe usar el WT-610 cada 1 o 2 semanas, seg\u00fan el uso intensivo de su sistema; sin embargo, recomendamos consultar con un profesional si no est\u00e1 seguro de los requisitos de uso exactos para su situaci\u00f3n espec\u00edfica.<\/p>\n<div class=\"xiaoshujiang_element xsj_anchor\"><a class=\"blank_anchor_name\" name=\"q20what20are20some20signs20that20my20system20needs20treatment20with20wt-610_9\"><\/a><a id=\"q20what20are20some20signs20that20my20system20needs20treatment20with20wt-610_9\" class=\"blank_anchor_id\"><\/a><a class=\"blank_anchor_name\" name=\"q-what-are-some-signs-that-my-system-needs-treatment-with-wt-610\"><\/a><a id=\"q-what-are-some-signs-that-my-system-needs-treatment-with-wt-610\" class=\"blank_anchor_id\"><\/a><\/div>\n<p id=\"q20what20are20some20signs20that20my20system20needs20treatment20with20wt-610_9\" class=\"xsj_heading_hash xsj_heading xsj_heading_h3\" data-source-line=\"32\" data-source-line-display=\"true\"><strong><span class=\"xsj_heading_content\">P: \u00bfCu\u00e1les son algunos signos de que mi sistema necesita tratamiento con WT-610?<\/span><\/strong><\/p>\n<p class=\"xsj_paragraph xsj_paragraph_level_0\" data-source-line=\"34\" data-source-line-display=\"true\">R: Si nota que se forman dep\u00f3sitos de polvo o minerales alrededor de los accesorios o electrodom\u00e9sticos conectados a su sistema, como inodoros o lavavajillas, puede ser el momento de aplicar una dosis de WT-610. Adem\u00e1s, si el equipo conectado a su sistema parece estar funcionando m\u00e1s lento de lo normal o si emana un olor desagradable de los grifos o tuber\u00edas, esto podr\u00eda indicar que se necesita un tratamiento inhibidor de incrustaciones.<\/p>\n<p class=\"xsj_paragraph xsj_paragraph_level_0\" data-source-line=\"37\" data-source-line-display=\"true\"><a class=\"xsj_link xsj_manu_link\" href=\"https:\/\/vcycletech.com\/es\/categoria-de-producto\/inhibidores-de-corrosion-a-escala-construida-y-agentes-de-pelicula-de-tratamiento-previo\/\">Obtenga la soluci\u00f3n completa de inhibidores de incrustaciones y corrosi\u00f3n integrados y agentes de filmaci\u00f3n de pretratamiento<\/a>.<\/p>","protected":false},"excerpt":{"rendered":"<p>Si est\u00e1 buscando un inhibidor de incrustaciones para ayudar a reducir el polvo en su sistema de agua, no busque m\u00e1s. <strong>WT-610<\/strong>! Esta f\u00f3rmula de copol\u00edmero comprende \u00e1cido organofosfina, \u00e1cido policarbox\u00edlico y elementos de sulfosal, que crean un agente quelante eficaz. Las part\u00edculas dispersas dentro del sistema de agua distorsionar\u00e1n los cristales y dar\u00e1n lugar a un entorno limpio constante. No solo eso, sino que el WT-610 tambi\u00e9n puede ayudarlo a reducir los niveles de polvo en su operaci\u00f3n comercial. Darle una oportunidad hoy!<\/p>","protected":false},"featured_media":1430,"template":"","meta":{"site-sidebar-layout":"default","site-content-layout":"default","ast-site-content-layout":"default","site-content-style":"default","site-sidebar-style":"default","ast-global-header-display":"","ast-banner-title-visibility":"","ast-main-header-display":"","ast-hfb-above-header-display":"","ast-hfb-below-header-display":"","ast-hfb-mobile-header-display":"","site-post-title":"","ast-breadcrumbs-content":"","ast-featured-img":"","footer-sml-layout":"","ast-disable-related-posts":"","theme-transparent-header-meta":"default","adv-header-id-meta":"","stick-header-meta":"default","header-above-stick-meta":"","header-main-stick-meta":"","header-below-stick-meta":"","astra-migrate-meta-layouts":"default","ast-page-background-enabled":"default","ast-page-background-meta":{"desktop":{"background-color":"","background-image":"","background-repeat":"repeat","background-position":"center center","background-size":"auto","background-attachment":"scroll","background-type":"","background-media":"","overlay-type":"","overlay-color":"","overlay-opacity":"","overlay-gradient":""},"tablet":{"background-color":"","background-image":"","background-repeat":"repeat","background-position":"center center","background-size":"auto","background-attachment":"scroll","background-type":"","background-media":"","overlay-type":"","overlay-color":"","overlay-opacity":"","overlay-gradient":""},"mobile":{"background-color":"","background-image":"","background-repeat":"repeat","background-position":"center center","background-size":"auto","background-attachment":"scroll","background-type":"","background-media":"","overlay-type":"","overlay-color":"","overlay-opacity":"","overlay-gradient":""}},"ast-content-background-meta":{"desktop":{"background-color":"var(--ast-global-color-5)","background-image":"","background-repeat":"repeat","background-position":"center center","background-size":"auto","background-attachment":"scroll","background-type":"","background-media":"","overlay-type":"","overlay-color":"","overlay-opacity":"","overlay-gradient":""},"tablet":{"background-color":"var(--ast-global-color-5)","background-image":"","background-repeat":"repeat","background-position":"center center","background-size":"auto","background-attachment":"scroll","background-type":"","background-media":"","overlay-type":"","overlay-color":"","overlay-opacity":"","overlay-gradient":""},"mobile":{"background-color":"var(--ast-global-color-5)","background-image":"","background-repeat":"repeat","background-position":"center center","background-size":"auto","background-attachment":"scroll","background-type":"","background-media":"","overlay-type":"","overlay-color":"","overlay-opacity":"","overlay-gradient":""}}},"product_brand":[],"product_cat":[32],"product_tag":[],"class_list":{"0":"post-1427","1":"product","2":"type-product","3":"status-publish","4":"has-post-thumbnail","6":"product_cat-built-scale-corrosion-inhibitors-and-pretreatment-filming-agents","7":"desktop-align-left","8":"tablet-align-left","9":"mobile-align-left","10":"ast-product-gallery-layout-horizontal-slider","11":"ast-product-gallery-with-no-image","12":"ast-product-tabs-layout-horizontal","14":"first","15":"instock","16":"shipping-taxable","17":"product-type-simple"},"yoast_head":"<!-- This site is optimized with the Yoast SEO Premium plugin v26.3 (Yoast SEO v27.3) - https:\/\/yoast.com\/product\/yoast-seo-premium-wordpress\/ -->\n<title>WT-610 Scale Inhibitor for Dusty Water - vcycletech<\/title>\n<meta name=\"description\" content=\"WT-610 Scale Inhibitor for Dusty Water is the perfect solution to help keep your water system running normally! Its organophosphine acid, polycarboxylic acid and sulfosalt copolymer properties provide chelation and dispersion to recover crystal distortion.\" \/>\n<meta name=\"robots\" content=\"index, follow, max-snippet:-1, max-image-preview:large, max-video-preview:-1\" \/>\n<link rel=\"canonical\" href=\"https:\/\/vcycletech.com\/es\/producto\/wt-610-scale-inhibitor-for-dusty-water\/\" \/>\n<meta property=\"og:locale\" content=\"es_MX\" \/>\n<meta property=\"og:type\" content=\"article\" \/>\n<meta property=\"og:title\" content=\"WT-610 Scale Inhibitor for Dusty Water\" \/>\n<meta property=\"og:description\" content=\"WT-610 Scale Inhibitor for Dusty Water is the perfect solution to help keep your water system running normally! Its organophosphine acid, polycarboxylic acid and sulfosalt copolymer properties provide chelation and dispersion to recover crystal distortion.\" \/>\n<meta property=\"og:url\" content=\"https:\/\/vcycletech.com\/es\/producto\/wt-610-scale-inhibitor-for-dusty-water\/\" \/>\n<meta property=\"og:site_name\" content=\"vcycletech\" \/>\n<meta property=\"article:modified_time\" content=\"2023-03-27T02:44:54+00:00\" \/>\n<meta property=\"og:image\" content=\"https:\/\/vcycletech.com\/wp-content\/uploads\/2023\/03\/WT-601-3.png\" \/>\n\t<meta property=\"og:image:width\" content=\"600\" \/>\n\t<meta property=\"og:image:height\" content=\"600\" \/>\n\t<meta property=\"og:image:type\" content=\"image\/png\" \/>\n<meta name=\"twitter:card\" content=\"summary_large_image\" \/>\n<meta name=\"twitter:label1\" content=\"Tiempo de lectura\" \/>\n\t<meta name=\"twitter:data1\" content=\"2 minutos\" \/>\n<script type=\"application\/ld+json\" class=\"yoast-schema-graph\">{\"@context\":\"https:\\\/\\\/schema.org\",\"@graph\":[{\"@type\":\"WebPage\",\"@id\":\"https:\\\/\\\/vcycletech.com\\\/product\\\/wt-610-scale-inhibitor-for-dusty-water\\\/\",\"url\":\"https:\\\/\\\/vcycletech.com\\\/product\\\/wt-610-scale-inhibitor-for-dusty-water\\\/\",\"name\":\"WT-610 Scale Inhibitor for Dusty Water - vcycletech\",\"isPartOf\":{\"@id\":\"https:\\\/\\\/vcycletech.com\\\/#website\"},\"primaryImageOfPage\":{\"@id\":\"https:\\\/\\\/vcycletech.com\\\/product\\\/wt-610-scale-inhibitor-for-dusty-water\\\/#primaryimage\"},\"image\":{\"@id\":\"https:\\\/\\\/vcycletech.com\\\/product\\\/wt-610-scale-inhibitor-for-dusty-water\\\/#primaryimage\"},\"thumbnailUrl\":\"https:\\\/\\\/vcycletech.com\\\/wp-content\\\/uploads\\\/2023\\\/03\\\/WT-601-3.png\",\"datePublished\":\"2023-03-22T06:53:18+00:00\",\"dateModified\":\"2023-03-27T02:44:54+00:00\",\"description\":\"WT-610 Scale Inhibitor for Dusty Water is the perfect solution to help keep your water system running normally! Its organophosphine acid, polycarboxylic acid and sulfosalt copolymer properties provide chelation and dispersion to recover crystal distortion.\",\"breadcrumb\":{\"@id\":\"https:\\\/\\\/vcycletech.com\\\/product\\\/wt-610-scale-inhibitor-for-dusty-water\\\/#breadcrumb\"},\"inLanguage\":\"es\",\"potentialAction\":[{\"@type\":\"ReadAction\",\"target\":[\"https:\\\/\\\/vcycletech.com\\\/product\\\/wt-610-scale-inhibitor-for-dusty-water\\\/\"]}]},{\"@type\":\"ImageObject\",\"inLanguage\":\"es\",\"@id\":\"https:\\\/\\\/vcycletech.com\\\/product\\\/wt-610-scale-inhibitor-for-dusty-water\\\/#primaryimage\",\"url\":\"https:\\\/\\\/vcycletech.com\\\/wp-content\\\/uploads\\\/2023\\\/03\\\/WT-601-3.png\",\"contentUrl\":\"https:\\\/\\\/vcycletech.com\\\/wp-content\\\/uploads\\\/2023\\\/03\\\/WT-601-3.png\",\"width\":600,\"height\":600,\"caption\":\"WT-610 Scale Inhibitor for Dusty Water\"},{\"@type\":\"BreadcrumbList\",\"@id\":\"https:\\\/\\\/vcycletech.com\\\/product\\\/wt-610-scale-inhibitor-for-dusty-water\\\/#breadcrumb\",\"itemListElement\":[{\"@type\":\"ListItem\",\"position\":1,\"name\":\"Home\",\"item\":\"https:\\\/\\\/vcycletech.com\\\/\"},{\"@type\":\"ListItem\",\"position\":2,\"name\":\"Water Treatment Chemicals Manufacturer\",\"item\":\"https:\\\/\\\/vcycletech.com\\\/water-treatment-chemicals-manufacturer\\\/\"},{\"@type\":\"ListItem\",\"position\":3,\"name\":\"WT-610 Scale Inhibitor for Dusty Water\"}]},{\"@type\":\"WebSite\",\"@id\":\"https:\\\/\\\/vcycletech.com\\\/#website\",\"url\":\"https:\\\/\\\/vcycletech.com\\\/\",\"name\":\"vcycletech\",\"description\":\"China&#039;s top water treatment chemicals supplier\",\"publisher\":{\"@id\":\"https:\\\/\\\/vcycletech.com\\\/#organization\"},\"potentialAction\":[{\"@type\":\"SearchAction\",\"target\":{\"@type\":\"EntryPoint\",\"urlTemplate\":\"https:\\\/\\\/vcycletech.com\\\/?s={search_term_string}\"},\"query-input\":{\"@type\":\"PropertyValueSpecification\",\"valueRequired\":true,\"valueName\":\"search_term_string\"}}],\"inLanguage\":\"es\"},{\"@type\":\"Organization\",\"@id\":\"https:\\\/\\\/vcycletech.com\\\/#organization\",\"name\":\"vcycletech\",\"url\":\"https:\\\/\\\/vcycletech.com\\\/\",\"logo\":{\"@type\":\"ImageObject\",\"inLanguage\":\"es\",\"@id\":\"https:\\\/\\\/vcycletech.com\\\/#\\\/schema\\\/logo\\\/image\\\/\",\"url\":\"https:\\\/\\\/vcycletech.com\\\/wp-content\\\/uploads\\\/2023\\\/03\\\/logo-vcycletech-1.png\",\"contentUrl\":\"https:\\\/\\\/vcycletech.com\\\/wp-content\\\/uploads\\\/2023\\\/03\\\/logo-vcycletech-1.png\",\"width\":600,\"height\":400,\"caption\":\"vcycletech\"},\"image\":{\"@id\":\"https:\\\/\\\/vcycletech.com\\\/#\\\/schema\\\/logo\\\/image\\\/\"}}]}<\/script>\n<!-- \/ Yoast SEO Premium plugin. -->","yoast_head_json":{"title":"Inhibidor de incrustaciones WT-610 para agua polvorienta - vcycletech","description":"\u00a1El inhibidor de incrustaciones WT-610 para agua polvorienta es la soluci\u00f3n perfecta para ayudar a mantener su sistema de agua funcionando normalmente! Sus propiedades de \u00e1cido organofosfina, \u00e1cido policarbox\u00edlico y copol\u00edmero de sulfosal proporcionan quelaci\u00f3n y dispersi\u00f3n para recuperar la distorsi\u00f3n del cristal.","robots":{"index":"index","follow":"follow","max-snippet":"max-snippet:-1","max-image-preview":"max-image-preview:large","max-video-preview":"max-video-preview:-1"},"canonical":"https:\/\/vcycletech.com\/es\/producto\/wt-610-scale-inhibitor-for-dusty-water\/","og_locale":"es_MX","og_type":"article","og_title":"WT-610 Scale Inhibitor for Dusty Water","og_description":"WT-610 Scale Inhibitor for Dusty Water is the perfect solution to help keep your water system running normally! Its organophosphine acid, polycarboxylic acid and sulfosalt copolymer properties provide chelation and dispersion to recover crystal distortion.","og_url":"https:\/\/vcycletech.com\/es\/producto\/wt-610-scale-inhibitor-for-dusty-water\/","og_site_name":"vcycletech","article_modified_time":"2023-03-27T02:44:54+00:00","og_image":[{"width":600,"height":600,"url":"https:\/\/vcycletech.com\/wp-content\/uploads\/2023\/03\/WT-601-3.png","type":"image\/png"}],"twitter_card":"summary_large_image","twitter_misc":{"Tiempo de lectura":"2 minutos"},"schema":{"@context":"https:\/\/schema.org","@graph":[{"@type":"WebPage","@id":"https:\/\/vcycletech.com\/product\/wt-610-scale-inhibitor-for-dusty-water\/","url":"https:\/\/vcycletech.com\/product\/wt-610-scale-inhibitor-for-dusty-water\/","name":"Inhibidor de incrustaciones WT-610 para agua polvorienta - vcycletech","isPartOf":{"@id":"https:\/\/vcycletech.com\/#website"},"primaryImageOfPage":{"@id":"https:\/\/vcycletech.com\/product\/wt-610-scale-inhibitor-for-dusty-water\/#primaryimage"},"image":{"@id":"https:\/\/vcycletech.com\/product\/wt-610-scale-inhibitor-for-dusty-water\/#primaryimage"},"thumbnailUrl":"https:\/\/vcycletech.com\/wp-content\/uploads\/2023\/03\/WT-601-3.png","datePublished":"2023-03-22T06:53:18+00:00","dateModified":"2023-03-27T02:44:54+00:00","description":"\u00a1El inhibidor de incrustaciones WT-610 para agua polvorienta es la soluci\u00f3n perfecta para ayudar a mantener su sistema de agua funcionando normalmente! Sus propiedades de \u00e1cido organofosfina, \u00e1cido policarbox\u00edlico y copol\u00edmero de sulfosal proporcionan quelaci\u00f3n y dispersi\u00f3n para recuperar la distorsi\u00f3n del cristal.","breadcrumb":{"@id":"https:\/\/vcycletech.com\/product\/wt-610-scale-inhibitor-for-dusty-water\/#breadcrumb"},"inLanguage":"es","potentialAction":[{"@type":"ReadAction","target":["https:\/\/vcycletech.com\/product\/wt-610-scale-inhibitor-for-dusty-water\/"]}]},{"@type":"ImageObject","inLanguage":"es","@id":"https:\/\/vcycletech.com\/product\/wt-610-scale-inhibitor-for-dusty-water\/#primaryimage","url":"https:\/\/vcycletech.com\/wp-content\/uploads\/2023\/03\/WT-601-3.png","contentUrl":"https:\/\/vcycletech.com\/wp-content\/uploads\/2023\/03\/WT-601-3.png","width":600,"height":600,"caption":"WT-610 Scale Inhibitor for Dusty Water"},{"@type":"BreadcrumbList","@id":"https:\/\/vcycletech.com\/product\/wt-610-scale-inhibitor-for-dusty-water\/#breadcrumb","itemListElement":[{"@type":"ListItem","position":1,"name":"Home","item":"https:\/\/vcycletech.com\/"},{"@type":"ListItem","position":2,"name":"Water Treatment Chemicals Manufacturer","item":"https:\/\/vcycletech.com\/water-treatment-chemicals-manufacturer\/"},{"@type":"ListItem","position":3,"name":"WT-610 Scale Inhibitor for Dusty Water"}]},{"@type":"WebSite","@id":"https:\/\/vcycletech.com\/#website","url":"https:\/\/vcycletech.com\/","name":"vcycletech","description":"El principal proveedor de productos qu\u00edmicos para el tratamiento del agua de China y #039;","publisher":{"@id":"https:\/\/vcycletech.com\/#organization"},"potentialAction":[{"@type":"SearchAction","target":{"@type":"EntryPoint","urlTemplate":"https:\/\/vcycletech.com\/?s={search_term_string}"},"query-input":{"@type":"PropertyValueSpecification","valueRequired":true,"valueName":"search_term_string"}}],"inLanguage":"es"},{"@type":"Organization","@id":"https:\/\/vcycletech.com\/#organization","name":"vcycletech","url":"https:\/\/vcycletech.com\/","logo":{"@type":"ImageObject","inLanguage":"es","@id":"https:\/\/vcycletech.com\/#\/schema\/logo\/image\/","url":"https:\/\/vcycletech.com\/wp-content\/uploads\/2023\/03\/logo-vcycletech-1.png","contentUrl":"https:\/\/vcycletech.com\/wp-content\/uploads\/2023\/03\/logo-vcycletech-1.png","width":600,"height":400,"caption":"vcycletech"},"image":{"@id":"https:\/\/vcycletech.com\/#\/schema\/logo\/image\/"}}]}},"_links":{"self":[{"href":"https:\/\/vcycletech.com\/es\/wp-json\/wp\/v2\/product\/1427","targetHints":{"allow":["GET"]}}],"collection":[{"href":"https:\/\/vcycletech.com\/es\/wp-json\/wp\/v2\/product"}],"about":[{"href":"https:\/\/vcycletech.com\/es\/wp-json\/wp\/v2\/types\/product"}],"wp:featuredmedia":[{"embeddable":true,"href":"https:\/\/vcycletech.com\/es\/wp-json\/wp\/v2\/media\/1430"}],"wp:attachment":[{"href":"https:\/\/vcycletech.com\/es\/wp-json\/wp\/v2\/media?parent=1427"}],"wp:term":[{"taxonomy":"product_brand","embeddable":true,"href":"https:\/\/vcycletech.com\/es\/wp-json\/wp\/v2\/product_brand?post=1427"},{"taxonomy":"product_cat","embeddable":true,"href":"https:\/\/vcycletech.com\/es\/wp-json\/wp\/v2\/product_cat?post=1427"},{"taxonomy":"product_tag","embeddable":true,"href":"https:\/\/vcycletech.com\/es\/wp-json\/wp\/v2\/product_tag?post=1427"}],"curies":[{"name":"wp","href":"https:\/\/api.w.org\/{rel}","templated":true}]}}