{"id":1423,"date":"2023-03-22T07:08:17","date_gmt":"2023-03-22T07:08:17","guid":{"rendered":"https:\/\/vcycletech.com\/?post_type=product&#038;p=1423"},"modified":"2023-03-27T02:54:16","modified_gmt":"2023-03-27T02:54:16","slug":"wt-701-nonstop-cleaning-agent","status":"publish","type":"product","link":"https:\/\/vcycletech.com\/es\/producto\/wt-701-nonstop-cleaning-agent\/","title":{"rendered":"Agente de limpieza continua WT-701"},"content":{"rendered":"<h3>Propiedades:<\/h3>\n<p><strong>Agente de limpieza continuo WT-701<\/strong> es un detergente desengrasante potente y eficaz elaborado a partir de compuestos quelantes, detergentes, dispersantes y agentes formadores de pel\u00edculas de pretratamiento. Con su velocidad de limpieza r\u00e1pida, capacidad de formaci\u00f3n de pel\u00edcula r\u00e1pida, homogeneidad de la pel\u00edcula y baja relaci\u00f3n de corrosi\u00f3n, este producto est\u00e1 dise\u00f1ado para usarse en la limpieza continua de sistemas de circulaci\u00f3n de agua sin ning\u00fan riesgo de verse afectado por iones f\u00e9rricos o de cobre durante el proceso de formaci\u00f3n de pel\u00edcula de pretratamiento.<\/p>\n<h3>Especificaci\u00f3n:<\/h3>\n<div id=\"footable_parent_1431\"\n         class=\"footable_parent ninja_table_wrapper loading_ninja_table wp_table_data_press_parent semantic_ui\">\n                <table data-ninja_table_instance=\"ninja_table_instance_0\" data-footable_id=\"1431\" data-filter-delay=\"1000\" aria-label=\"Agente de limpieza sin parar WT-701.csv\"            id=\"footable_1431\"\n           data-unique_identifier=\"ninja_table_unique_id_3050317148_1431\"\n           class=\"foo-table ninja_footable foo_table_1431 ninja_table_unique_id_3050317148_1431 ui table  nt_type_legacy_table selectable striped vertical_centered  footable-paging-right ninja_table_pro\">\n                <colgroup>\n                            <col class=\"ninja_column_0\">\n                            <col class=\"ninja_column_1\">\n                    <\/colgroup>\n        <thead>\n<tr class=\"footable-header\">\n                                        <th scope=\"col\"  class=\"ninja_column_0 ninja_clmn_nm_items\">Elementos<\/th><th scope=\"col\"  class=\"ninja_column_1 ninja_clmn_nm_index\">\u00cdndice<\/th><\/tr>\n<\/thead>\n<tbody>\n\n        <tr data-row_id=\"380\" class=\"ninja_table_row_0 nt_row_id_380\">\n            <td>Apariencia<\/td><td>L\u00edquido \u00e1mbar<\/td>        <\/tr>\n            <tr data-row_id=\"381\" class=\"ninja_table_row_1 nt_row_id_381\">\n            <td>Contenido s\u00f3lido, %<\/td><td>40,0 minutos<\/td>        <\/tr>\n            <tr data-row_id=\"382\" class=\"ninja_table_row_2 nt_row_id_382\">\n            <td>\u00c1cido \u00e1cido fosf\u00f3rico total (asPO43-), %<\/td><td>20,0 minutos<\/td>        <\/tr>\n            <tr data-row_id=\"383\" class=\"ninja_table_row_3 nt_row_id_383\">\n            <td>pH (soluci\u00f3n de agua 1%)<\/td><td>2,0\u00b11,0<\/td>        <\/tr>\n            <tr data-row_id=\"384\" class=\"ninja_table_row_4 nt_row_id_384\">\n            <td>Densidad (20 \u2103), g\/cm3<\/td><td>1,25\u00b10,1<\/td>        <\/tr>\n    <\/tbody><!--ninja_tobody_rendering_done-->\n    <\/table>\n    \n    \n    \n<\/div>\n\n<h3>Uso:<\/h3>\n<p><strong>Agente de limpieza continua WT-701<\/strong> est\u00e1 dise\u00f1ado para su uso en sistemas industriales de circulaci\u00f3n de agua. Este potente detergente desengrasante se puede utilizar para eliminar la acumulaci\u00f3n de aceite y la contaminaci\u00f3n del sistema sin ning\u00fan riesgo ni da\u00f1o. Simplemente consulte a un ingeniero para obtener m\u00e1s instrucciones para determinar la mejor dosis para su aplicaci\u00f3n espec\u00edfica y, una vez aplicado, se puede usar para brindar una limpieza efectiva e ininterrumpida del sistema de circulaci\u00f3n de agua.<\/p>\n<h3>Paquete y almacenamiento:<\/h3>\n<p><strong>Agente de limpieza continua WT-701<\/strong> se almacena mejor en un espacio seco, fresco y ventilado lejos de la luz solar directa. El producto qu\u00edmico debe almacenarse en recipientes debidamente sellados para evitar la contaminaci\u00f3n y garantizar una vida \u00fatil \u00f3ptima. Al usar este producto, consulte las instrucciones en el empaque para un uso correcto. Aseg\u00farese de manipular el producto con cuidado y no mezclarlo con otros compuestos qu\u00edmicos, ya que esto podr\u00eda provocar reacciones peligrosas. Tambor de pl\u00e1stico de 200 l, IBC (1000 l), requisito del cliente. Almacenamiento durante un a\u00f1o en un lugar sombreado y seco.<\/p>\n<h3>Preguntas frecuentes:<\/h3>\n<p><strong>P: \u00bfQu\u00e9 es el agente de limpieza sin escalas WT-701?<\/strong><br \/>\nEl agente de limpieza sin interrupci\u00f3n WT-701 es un producto qu\u00edmico para el tratamiento del agua dise\u00f1ado para uso industrial y comercial. Es una f\u00f3rmula altamente concentrada y no t\u00f3xica que elimina los contaminantes org\u00e1nicos del agua, incluidos el aceite, la grasa, el limo, los s\u00f3lidos suspendidos y otros compuestos que pueden interferir con la calidad del agua. Tambi\u00e9n reduce el mal sabor y los olores del agua, haci\u00e9ndola adecuada para aplicaciones de agua potable.<\/p>\n<p><strong>P: \u00bfC\u00f3mo funciona el agente de limpieza sin interrupciones WT-701?<\/strong><br \/>\nEl agente de limpieza sin escalas WT-701 funciona al descomponer las mol\u00e9culas org\u00e1nicas en part\u00edculas m\u00e1s peque\u00f1as que luego pueden filtrarse del agua o dispersarse naturalmente en el medio ambiente. La f\u00f3rmula contiene surfactantes que ayudan a dispersar los contaminantes para que sean m\u00e1s f\u00e1ciles de eliminar. Adem\u00e1s, contiene pol\u00edmeros que se unen a los microorganismos para ayudar a reducir su n\u00famero y evitar el ensuciamiento de tuber\u00edas y equipos.<\/p>\n<p><strong>P: \u00bfCu\u00e1les son los beneficios de usar el agente de limpieza sin escalas WT-701?<\/strong><br \/>\nEl principal beneficio de usar el agente de limpieza sin escalas WT-701 es que ayuda a mejorar la calidad del agua para uso industrial y comercial al reducir los malos sabores y olores, as\u00ed como eliminar contaminantes potencialmente da\u00f1inos como el aceite y la grasa. Adem\u00e1s, su f\u00f3rmula no t\u00f3xica lo hace adecuado para aplicaciones de agua potable sin efectos adversos para los humanos o el medio ambiente.<\/p>\n<p><a href=\"https:\/\/vcycletech.com\/es\/categoria-de-producto\/inhibidores-de-corrosion-a-escala-construida-y-agentes-de-pelicula-de-tratamiento-previo\/\"><strong>Obtenga la soluci\u00f3n completa de inhibidores de corrosi\u00f3n a escala integrada y agentes de filmaci\u00f3n de pretratamiento.<\/strong><\/a><\/p>","protected":false},"excerpt":{"rendered":"<p><strong>Agente de limpieza continuo WT-701<\/strong> para productos qu\u00edmicos de tratamiento de agua es la mejor opci\u00f3n para el tratamiento qu\u00edmico de agua. Como producto desarrollado org\u00e1nicamente, es extremadamente eficaz para eliminar bacterias, hongos y algas de los suministros de agua. De larga duraci\u00f3n y no t\u00f3xico, este qu\u00edmico crea un ambiente \u00f3ptimo para apoyar el consumo limpio y seguro de su agua.<\/p>\n<p><strong>Agente de limpieza continuo WT-701<\/strong> para productos qu\u00edmicos de tratamiento de agua es un agente de limpieza potente y eficaz que se puede utilizar para limpiar productos qu\u00edmicos de tratamiento de agua. Est\u00e1 hecho de materiales de alta calidad y es seguro y f\u00e1cil de usar. Empresas que buscan una fuente fiable y asequible de <strong>Agente de limpieza continuo WT-701<\/strong> de productos qu\u00edmicos para el tratamiento del agua puede comprarnos a granel a precios de mayorista.<\/p>","protected":false},"featured_media":1440,"template":"","meta":{"site-sidebar-layout":"default","site-content-layout":"default","ast-site-content-layout":"default","site-content-style":"default","site-sidebar-style":"default","ast-global-header-display":"","ast-banner-title-visibility":"","ast-main-header-display":"","ast-hfb-above-header-display":"","ast-hfb-below-header-display":"","ast-hfb-mobile-header-display":"","site-post-title":"","ast-breadcrumbs-content":"","ast-featured-img":"","footer-sml-layout":"","ast-disable-related-posts":"","theme-transparent-header-meta":"default","adv-header-id-meta":"","stick-header-meta":"default","header-above-stick-meta":"","header-main-stick-meta":"","header-below-stick-meta":"","astra-migrate-meta-layouts":"default","ast-page-background-enabled":"default","ast-page-background-meta":{"desktop":{"background-color":"","background-image":"","background-repeat":"repeat","background-position":"center center","background-size":"auto","background-attachment":"scroll","background-type":"","background-media":"","overlay-type":"","overlay-color":"","overlay-opacity":"","overlay-gradient":""},"tablet":{"background-color":"","background-image":"","background-repeat":"repeat","background-position":"center center","background-size":"auto","background-attachment":"scroll","background-type":"","background-media":"","overlay-type":"","overlay-color":"","overlay-opacity":"","overlay-gradient":""},"mobile":{"background-color":"","background-image":"","background-repeat":"repeat","background-position":"center center","background-size":"auto","background-attachment":"scroll","background-type":"","background-media":"","overlay-type":"","overlay-color":"","overlay-opacity":"","overlay-gradient":""}},"ast-content-background-meta":{"desktop":{"background-color":"var(--ast-global-color-5)","background-image":"","background-repeat":"repeat","background-position":"center center","background-size":"auto","background-attachment":"scroll","background-type":"","background-media":"","overlay-type":"","overlay-color":"","overlay-opacity":"","overlay-gradient":""},"tablet":{"background-color":"var(--ast-global-color-5)","background-image":"","background-repeat":"repeat","background-position":"center center","background-size":"auto","background-attachment":"scroll","background-type":"","background-media":"","overlay-type":"","overlay-color":"","overlay-opacity":"","overlay-gradient":""},"mobile":{"background-color":"var(--ast-global-color-5)","background-image":"","background-repeat":"repeat","background-position":"center center","background-size":"auto","background-attachment":"scroll","background-type":"","background-media":"","overlay-type":"","overlay-color":"","overlay-opacity":"","overlay-gradient":""}}},"product_brand":[],"product_cat":[32],"product_tag":[],"class_list":{"0":"post-1423","1":"product","2":"type-product","3":"status-publish","4":"has-post-thumbnail","6":"product_cat-built-scale-corrosion-inhibitors-and-pretreatment-filming-agents","7":"desktop-align-left","8":"tablet-align-left","9":"mobile-align-left","10":"ast-product-gallery-layout-horizontal-slider","11":"ast-product-tabs-layout-horizontal","13":"first","14":"instock","15":"shipping-taxable","16":"product-type-simple"},"yoast_head":"<!-- This site is optimized with the Yoast SEO Premium plugin v26.3 (Yoast SEO v27.3) - https:\/\/yoast.com\/product\/yoast-seo-premium-wordpress\/ -->\n<title>WT-701 Nonstop Cleaning Agent - vcycletech<\/title>\n<meta name=\"description\" content=\"So if you\u2019re looking for a reliable product that provides powerful protection against harmful bacteria, then look no further than WT-701 Nonstop Cleaning Agent for Water Treatment Chemicals.\" \/>\n<meta name=\"robots\" content=\"index, follow, max-snippet:-1, max-image-preview:large, max-video-preview:-1\" \/>\n<link rel=\"canonical\" href=\"https:\/\/vcycletech.com\/es\/producto\/wt-701-nonstop-cleaning-agent\/\" \/>\n<meta property=\"og:locale\" content=\"es_MX\" \/>\n<meta property=\"og:type\" content=\"article\" \/>\n<meta property=\"og:title\" content=\"WT-701 Nonstop Cleaning Agent\" \/>\n<meta property=\"og:description\" content=\"So if you\u2019re looking for a reliable product that provides powerful protection against harmful bacteria, then look no further than WT-701 Nonstop Cleaning Agent for Water Treatment Chemicals.\" \/>\n<meta property=\"og:url\" content=\"https:\/\/vcycletech.com\/es\/producto\/wt-701-nonstop-cleaning-agent\/\" \/>\n<meta property=\"og:site_name\" content=\"vcycletech\" \/>\n<meta property=\"article:modified_time\" content=\"2023-03-27T02:54:16+00:00\" \/>\n<meta property=\"og:image\" content=\"https:\/\/vcycletech.com\/wp-content\/uploads\/2023\/03\/1-79.png\" \/>\n\t<meta property=\"og:image:width\" content=\"600\" \/>\n\t<meta property=\"og:image:height\" content=\"600\" \/>\n\t<meta property=\"og:image:type\" content=\"image\/png\" \/>\n<meta name=\"twitter:card\" content=\"summary_large_image\" \/>\n<meta name=\"twitter:label1\" content=\"Tiempo de lectura\" \/>\n\t<meta name=\"twitter:data1\" content=\"2 minutos\" \/>\n<script type=\"application\/ld+json\" class=\"yoast-schema-graph\">{\"@context\":\"https:\\\/\\\/schema.org\",\"@graph\":[{\"@type\":\"WebPage\",\"@id\":\"https:\\\/\\\/vcycletech.com\\\/product\\\/wt-701-nonstop-cleaning-agent\\\/\",\"url\":\"https:\\\/\\\/vcycletech.com\\\/product\\\/wt-701-nonstop-cleaning-agent\\\/\",\"name\":\"WT-701 Nonstop Cleaning Agent - vcycletech\",\"isPartOf\":{\"@id\":\"https:\\\/\\\/vcycletech.com\\\/#website\"},\"primaryImageOfPage\":{\"@id\":\"https:\\\/\\\/vcycletech.com\\\/product\\\/wt-701-nonstop-cleaning-agent\\\/#primaryimage\"},\"image\":{\"@id\":\"https:\\\/\\\/vcycletech.com\\\/product\\\/wt-701-nonstop-cleaning-agent\\\/#primaryimage\"},\"thumbnailUrl\":\"https:\\\/\\\/vcycletech.com\\\/wp-content\\\/uploads\\\/2023\\\/03\\\/1-79.png\",\"datePublished\":\"2023-03-22T07:08:17+00:00\",\"dateModified\":\"2023-03-27T02:54:16+00:00\",\"description\":\"So if you\u2019re looking for a reliable product that provides powerful protection against harmful bacteria, then look no further than WT-701 Nonstop Cleaning Agent for Water Treatment Chemicals.\",\"breadcrumb\":{\"@id\":\"https:\\\/\\\/vcycletech.com\\\/product\\\/wt-701-nonstop-cleaning-agent\\\/#breadcrumb\"},\"inLanguage\":\"es\",\"potentialAction\":[{\"@type\":\"ReadAction\",\"target\":[\"https:\\\/\\\/vcycletech.com\\\/product\\\/wt-701-nonstop-cleaning-agent\\\/\"]}]},{\"@type\":\"ImageObject\",\"inLanguage\":\"es\",\"@id\":\"https:\\\/\\\/vcycletech.com\\\/product\\\/wt-701-nonstop-cleaning-agent\\\/#primaryimage\",\"url\":\"https:\\\/\\\/vcycletech.com\\\/wp-content\\\/uploads\\\/2023\\\/03\\\/1-79.png\",\"contentUrl\":\"https:\\\/\\\/vcycletech.com\\\/wp-content\\\/uploads\\\/2023\\\/03\\\/1-79.png\",\"width\":600,\"height\":600,\"caption\":\"WT-701 Nonstop Cleaning agent\"},{\"@type\":\"BreadcrumbList\",\"@id\":\"https:\\\/\\\/vcycletech.com\\\/product\\\/wt-701-nonstop-cleaning-agent\\\/#breadcrumb\",\"itemListElement\":[{\"@type\":\"ListItem\",\"position\":1,\"name\":\"Home\",\"item\":\"https:\\\/\\\/vcycletech.com\\\/\"},{\"@type\":\"ListItem\",\"position\":2,\"name\":\"Water Treatment Chemicals Manufacturer\",\"item\":\"https:\\\/\\\/vcycletech.com\\\/water-treatment-chemicals-manufacturer\\\/\"},{\"@type\":\"ListItem\",\"position\":3,\"name\":\"WT-701 Nonstop Cleaning Agent\"}]},{\"@type\":\"WebSite\",\"@id\":\"https:\\\/\\\/vcycletech.com\\\/#website\",\"url\":\"https:\\\/\\\/vcycletech.com\\\/\",\"name\":\"vcycletech\",\"description\":\"China&#039;s top water treatment chemicals supplier\",\"publisher\":{\"@id\":\"https:\\\/\\\/vcycletech.com\\\/#organization\"},\"potentialAction\":[{\"@type\":\"SearchAction\",\"target\":{\"@type\":\"EntryPoint\",\"urlTemplate\":\"https:\\\/\\\/vcycletech.com\\\/?s={search_term_string}\"},\"query-input\":{\"@type\":\"PropertyValueSpecification\",\"valueRequired\":true,\"valueName\":\"search_term_string\"}}],\"inLanguage\":\"es\"},{\"@type\":\"Organization\",\"@id\":\"https:\\\/\\\/vcycletech.com\\\/#organization\",\"name\":\"vcycletech\",\"url\":\"https:\\\/\\\/vcycletech.com\\\/\",\"logo\":{\"@type\":\"ImageObject\",\"inLanguage\":\"es\",\"@id\":\"https:\\\/\\\/vcycletech.com\\\/#\\\/schema\\\/logo\\\/image\\\/\",\"url\":\"https:\\\/\\\/vcycletech.com\\\/wp-content\\\/uploads\\\/2023\\\/03\\\/logo-vcycletech-1.png\",\"contentUrl\":\"https:\\\/\\\/vcycletech.com\\\/wp-content\\\/uploads\\\/2023\\\/03\\\/logo-vcycletech-1.png\",\"width\":600,\"height\":400,\"caption\":\"vcycletech\"},\"image\":{\"@id\":\"https:\\\/\\\/vcycletech.com\\\/#\\\/schema\\\/logo\\\/image\\\/\"}}]}<\/script>\n<!-- \/ Yoast SEO Premium plugin. -->","yoast_head_json":{"title":"Agente de limpieza continua WT-701 - vcycletech","description":"Entonces, si est\u00e1 buscando un producto confiable que brinde una protecci\u00f3n poderosa contra las bacterias da\u00f1inas, no busque m\u00e1s all\u00e1 del agente de limpieza ininterrumpido WT-701 para productos qu\u00edmicos de tratamiento de agua.","robots":{"index":"index","follow":"follow","max-snippet":"max-snippet:-1","max-image-preview":"max-image-preview:large","max-video-preview":"max-video-preview:-1"},"canonical":"https:\/\/vcycletech.com\/es\/producto\/wt-701-nonstop-cleaning-agent\/","og_locale":"es_MX","og_type":"article","og_title":"WT-701 Nonstop Cleaning Agent","og_description":"So if you\u2019re looking for a reliable product that provides powerful protection against harmful bacteria, then look no further than WT-701 Nonstop Cleaning Agent for Water Treatment Chemicals.","og_url":"https:\/\/vcycletech.com\/es\/producto\/wt-701-nonstop-cleaning-agent\/","og_site_name":"vcycletech","article_modified_time":"2023-03-27T02:54:16+00:00","og_image":[{"width":600,"height":600,"url":"https:\/\/vcycletech.com\/wp-content\/uploads\/2023\/03\/1-79.png","type":"image\/png"}],"twitter_card":"summary_large_image","twitter_misc":{"Tiempo de lectura":"2 minutos"},"schema":{"@context":"https:\/\/schema.org","@graph":[{"@type":"WebPage","@id":"https:\/\/vcycletech.com\/product\/wt-701-nonstop-cleaning-agent\/","url":"https:\/\/vcycletech.com\/product\/wt-701-nonstop-cleaning-agent\/","name":"Agente de limpieza continua WT-701 - vcycletech","isPartOf":{"@id":"https:\/\/vcycletech.com\/#website"},"primaryImageOfPage":{"@id":"https:\/\/vcycletech.com\/product\/wt-701-nonstop-cleaning-agent\/#primaryimage"},"image":{"@id":"https:\/\/vcycletech.com\/product\/wt-701-nonstop-cleaning-agent\/#primaryimage"},"thumbnailUrl":"https:\/\/vcycletech.com\/wp-content\/uploads\/2023\/03\/1-79.png","datePublished":"2023-03-22T07:08:17+00:00","dateModified":"2023-03-27T02:54:16+00:00","description":"Entonces, si est\u00e1 buscando un producto confiable que brinde una protecci\u00f3n poderosa contra las bacterias da\u00f1inas, no busque m\u00e1s all\u00e1 del agente de limpieza ininterrumpido WT-701 para productos qu\u00edmicos de tratamiento de agua.","breadcrumb":{"@id":"https:\/\/vcycletech.com\/product\/wt-701-nonstop-cleaning-agent\/#breadcrumb"},"inLanguage":"es","potentialAction":[{"@type":"ReadAction","target":["https:\/\/vcycletech.com\/product\/wt-701-nonstop-cleaning-agent\/"]}]},{"@type":"ImageObject","inLanguage":"es","@id":"https:\/\/vcycletech.com\/product\/wt-701-nonstop-cleaning-agent\/#primaryimage","url":"https:\/\/vcycletech.com\/wp-content\/uploads\/2023\/03\/1-79.png","contentUrl":"https:\/\/vcycletech.com\/wp-content\/uploads\/2023\/03\/1-79.png","width":600,"height":600,"caption":"WT-701 Nonstop Cleaning agent"},{"@type":"BreadcrumbList","@id":"https:\/\/vcycletech.com\/product\/wt-701-nonstop-cleaning-agent\/#breadcrumb","itemListElement":[{"@type":"ListItem","position":1,"name":"Home","item":"https:\/\/vcycletech.com\/"},{"@type":"ListItem","position":2,"name":"Water Treatment Chemicals Manufacturer","item":"https:\/\/vcycletech.com\/water-treatment-chemicals-manufacturer\/"},{"@type":"ListItem","position":3,"name":"WT-701 Nonstop Cleaning Agent"}]},{"@type":"WebSite","@id":"https:\/\/vcycletech.com\/#website","url":"https:\/\/vcycletech.com\/","name":"vcycletech","description":"El principal proveedor de productos qu\u00edmicos para el tratamiento del agua de China y #039;","publisher":{"@id":"https:\/\/vcycletech.com\/#organization"},"potentialAction":[{"@type":"SearchAction","target":{"@type":"EntryPoint","urlTemplate":"https:\/\/vcycletech.com\/?s={search_term_string}"},"query-input":{"@type":"PropertyValueSpecification","valueRequired":true,"valueName":"search_term_string"}}],"inLanguage":"es"},{"@type":"Organization","@id":"https:\/\/vcycletech.com\/#organization","name":"vcycletech","url":"https:\/\/vcycletech.com\/","logo":{"@type":"ImageObject","inLanguage":"es","@id":"https:\/\/vcycletech.com\/#\/schema\/logo\/image\/","url":"https:\/\/vcycletech.com\/wp-content\/uploads\/2023\/03\/logo-vcycletech-1.png","contentUrl":"https:\/\/vcycletech.com\/wp-content\/uploads\/2023\/03\/logo-vcycletech-1.png","width":600,"height":400,"caption":"vcycletech"},"image":{"@id":"https:\/\/vcycletech.com\/#\/schema\/logo\/image\/"}}]}},"_links":{"self":[{"href":"https:\/\/vcycletech.com\/es\/wp-json\/wp\/v2\/product\/1423","targetHints":{"allow":["GET"]}}],"collection":[{"href":"https:\/\/vcycletech.com\/es\/wp-json\/wp\/v2\/product"}],"about":[{"href":"https:\/\/vcycletech.com\/es\/wp-json\/wp\/v2\/types\/product"}],"wp:featuredmedia":[{"embeddable":true,"href":"https:\/\/vcycletech.com\/es\/wp-json\/wp\/v2\/media\/1440"}],"wp:attachment":[{"href":"https:\/\/vcycletech.com\/es\/wp-json\/wp\/v2\/media?parent=1423"}],"wp:term":[{"taxonomy":"product_brand","embeddable":true,"href":"https:\/\/vcycletech.com\/es\/wp-json\/wp\/v2\/product_brand?post=1423"},{"taxonomy":"product_cat","embeddable":true,"href":"https:\/\/vcycletech.com\/es\/wp-json\/wp\/v2\/product_cat?post=1423"},{"taxonomy":"product_tag","embeddable":true,"href":"https:\/\/vcycletech.com\/es\/wp-json\/wp\/v2\/product_tag?post=1423"}],"curies":[{"name":"wp","href":"https:\/\/api.w.org\/{rel}","templated":true}]}}