{"id":1416,"date":"2023-03-22T06:43:19","date_gmt":"2023-03-22T06:43:19","guid":{"rendered":"https:\/\/vcycletech.com\/?post_type=product&#038;p=1416"},"modified":"2023-03-27T02:52:38","modified_gmt":"2023-03-27T02:52:38","slug":"inhibidor-de-escala-wt-607b-para-bario-y-estroncio","status":"publish","type":"product","link":"https:\/\/vcycletech.com\/es\/producto\/inhibidor-de-escala-wt-607b-para-bario-y-estroncio\/","title":{"rendered":"Inhibidor de incrustaciones WT-607B para bario y estroncio"},"content":{"rendered":"<h3 id=\"introduction_2\" class=\"xsj_heading_hash xsj_heading xsj_heading_h2\" data-source-line=\"6\" data-source-line-display=\"true\"><span class=\"xsj_heading_content\">Introducci\u00f3n:<\/span><\/h3>\n<p class=\"xsj_paragraph xsj_paragraph_level_0\" data-source-line=\"7\" data-source-line-display=\"true\"><strong>WT-607B<\/strong> es un inhibidor de incrustaciones muy avanzado que controla los niveles de estroncio y bario en los sistemas de refrigeraci\u00f3n industriales y de agua de relleno de yacimientos petrol\u00edferos. Esta soluci\u00f3n de tratamiento de agua permite a los usuarios mantener un nivel seguro y constante de estos iones cerca de su fuente, protegiendo nuestros preciados recursos naturales y asegurando la sustentabilidad. Con sus eficientes propiedades de inhibici\u00f3n de incrustaciones, <strong>WT-607B<\/strong> se ha convertido en una opci\u00f3n cada vez m\u00e1s popular para que las empresas garanticen que sus operaciones se ejecuten de la manera m\u00e1s eficiente posible.<\/p>\n<div class=\"xiaoshujiang_element xsj_anchor\"><a class=\"blank_anchor_name\" name=\"features_3\"><\/a><a id=\"features_3\" class=\"blank_anchor_id\"><\/a><a class=\"blank_anchor_name\" name=\"features\"><\/a><a id=\"features\" class=\"blank_anchor_id\"><\/a><\/div>\n<h3 id=\"features_3\" class=\"xsj_heading_hash xsj_heading xsj_heading_h2\" data-source-line=\"9\" data-source-line-display=\"true\"><span class=\"xsj_heading_content\">Caracter\u00edsticas:<\/span><\/h3>\n<p class=\"xsj_paragraph xsj_paragraph_level_0\" data-source-line=\"11\" data-source-line-display=\"true\"><strong>WT-607B<\/strong> tiene muchas ventajas \u00fanicas que lo hacen destacar de la competencia. Su capacidad para evitar que el carbonato de calcio, el sulfato de calcio y los sulfatos de magnesio se acumulen en tuber\u00edas, tanques o pozos ayuda a reducir sustancialmente los costos de mantenimiento. Adem\u00e1s, este producto es f\u00e1cil de usar: solo un litro por metro c\u00fabico de agua es suficiente para brindar una protecci\u00f3n completa contra las incrustaciones. El producto tampoco contiene metales pesados ni otros productos qu\u00edmicos potencialmente peligrosos, por lo que no es t\u00f3xico y es seguro incluso en \u00e1reas sensibles como los sistemas de agua. Finalmente, tambi\u00e9n tiene una baja solubilidad, lo que dificulta que los iones alcancen niveles peligrosos.<\/p>\n<div class=\"xiaoshujiang_element xsj_anchor\"><a class=\"blank_anchor_name\" name=\"applications_4\"><\/a><a id=\"applications_4\" class=\"blank_anchor_id\"><\/a><a class=\"blank_anchor_name\" name=\"applications\"><\/a><a id=\"applications\" class=\"blank_anchor_id\"><\/a><\/div>\n<h3 id=\"applications_4\" class=\"xsj_heading_hash xsj_heading xsj_heading_h2\" data-source-line=\"13\" data-source-line-display=\"true\"><span class=\"xsj_heading_content\">Aplicaciones:<\/span><\/h3>\n<p class=\"xsj_paragraph xsj_paragraph_level_0\" data-source-line=\"15\" data-source-line-display=\"true\"><strong>WT-607B<\/strong> se puede utilizar en diversas industrias, incluidos los campos petroleros, donde los sistemas de recarga necesitan un mantenimiento constante para evitar problemas de incrustaciones causados por el alto contenido de iones de bario y estroncio. Tambi\u00e9n se puede usar en sistemas de enfriamiento industrial donde la acumulaci\u00f3n de estos iones debe controlarse regularmente para tiempos de operaci\u00f3n \u00f3ptimos. Adicionalmente, este producto puede ser utilizado en sistemas de agua potable donde los niveles t\u00f3xicos de estos dos elementos deben ser controlados en todo momento por razones de seguridad.<\/p>\n<h3>Especificaci\u00f3n:<\/h3>\n<div>\n<table id=\"tablepress-4\" class=\"tablepress tablepress-id-4\">\n<thead>\n<tr class=\"row-1\">\n\t<th class=\"column-1\">Elementos<\/th><th class=\"column-2\">\u00cdndice<\/th>\n<\/tr>\n<\/thead>\n<tbody class=\"row-striping row-hover\">\n<tr class=\"row-2\">\n\t<td class=\"column-1\">Apariencia<\/td><td class=\"column-2\">L\u00edquido transparente \u00e1mbar<\/td>\n<\/tr>\n<tr class=\"row-3\">\n\t<td class=\"column-1\">Contenido s\u00f3lido, %<\/td><td class=\"column-2\">40,0 minutos<\/td>\n<\/tr>\n<tr class=\"row-4\">\n\t<td class=\"column-1\">pH,(1%soluci\u00f3n de agua)<\/td><td class=\"column-2\">6,0 minutos<\/td>\n<\/tr>\n<tr class=\"row-5\">\n\t<td class=\"column-1\">Densidad (20 \u2103), g\/cm3<\/td><td class=\"column-2\">1,10 minutos<\/td>\n<\/tr>\n<tr class=\"row-6\">\n\t<td class=\"column-1\"><span style=\"color:#222222;\"><strong><\/strong><\/span><\/td><td class=\"column-2\"><\/td>\n<\/tr>\n<\/tbody>\n<\/table>\n<\/div>\n<div class=\"xiaoshujiang_element xsj_anchor\"><a class=\"blank_anchor_name\" name=\"faqs_5\"><\/a><a id=\"faqs_5\" class=\"blank_anchor_id\"><\/a><a class=\"blank_anchor_name\" name=\"faqs\"><\/a><a id=\"faqs\" class=\"blank_anchor_id\"><\/a><\/div>\n<h3 id=\"faqs_5\" class=\"xsj_heading_hash xsj_heading xsj_heading_h2\" data-source-line=\"17\" data-source-line-display=\"true\"><span class=\"xsj_heading_content\">Preguntas frecuentes:<\/span><\/h3>\n<div class=\"xiaoshujiang_element xsj_anchor\"><a class=\"blank_anchor_name\" name=\"q120what20are20the20main20benefits20of20using20wt-607b_6\"><\/a><a id=\"q120what20are20the20main20benefits20of20using20wt-607b_6\" class=\"blank_anchor_id\"><\/a><a class=\"blank_anchor_name\" name=\"q1-what-are-the-main-benefits-of-using-wt-607b\"><\/a><a id=\"q1-what-are-the-main-benefits-of-using-wt-607b\" class=\"blank_anchor_id\"><\/a><\/div>\n<p id=\"q120what20are20the20main20benefits20of20using20wt-607b_6\" class=\"xsj_heading_hash xsj_heading xsj_heading_h3\" data-source-line=\"19\" data-source-line-display=\"true\"><strong><span class=\"xsj_heading_content\">P1: \u00bfCu\u00e1les son los principales beneficios de usar WT-607B?<\/span><\/strong><\/p>\n<p class=\"xsj_paragraph xsj_paragraph_level_0\" data-source-line=\"21\" data-source-line-display=\"true\">R1: Los principales beneficios incluyen la prevenci\u00f3n de la acumulaci\u00f3n de carbonato de calcio, sulfato de calcio y sulfatos de magnesio en tuber\u00edas\/tanques\/pozos; f\u00e1cil aplicaci\u00f3n con solo un litro por 1 metro c\u00fabico necesario; baja solubilidad; naturaleza no t\u00f3xica debido a la falta de metales pesados u otros productos qu\u00edmicos peligrosos; y, finalmente, propiedades de inhibici\u00f3n de incrustaciones eficientes que ayudan a garantizar la sostenibilidad cuando se usa este producto con regularidad.<\/p>\n<div class=\"xiaoshujiang_element xsj_anchor\"><a class=\"blank_anchor_name\" name=\"q220how20much20does20wt-607b20cost_7\"><\/a><a id=\"q220how20much20does20wt-607b20cost_7\" class=\"blank_anchor_id\"><\/a><a class=\"blank_anchor_name\" name=\"q2-how-much-does-wt-607b-cost\"><\/a><a id=\"q2-how-much-does-wt-607b-cost\" class=\"blank_anchor_id\"><\/a><\/div>\n<p id=\"q220how20much20does20wt-607b20cost_7\" class=\"xsj_heading_hash xsj_heading xsj_heading_h3\" data-source-line=\"24\" data-source-line-display=\"true\"><strong><span class=\"xsj_heading_content\">P2: \u00bfCu\u00e1nto cuesta el WT-607B?<\/span><\/strong><\/p>\n<p class=\"xsj_paragraph xsj_paragraph_level_0\" data-source-line=\"26\" data-source-line-display=\"true\">R2: El precio depende de las necesidades de su aplicaci\u00f3n, pero generalmente comienza alrededor de $100US por gal\u00f3n\/litro, seg\u00fan la cantidad comprada.<\/p>\n<div class=\"xiaoshujiang_element xsj_anchor\"><a class=\"blank_anchor_name\" name=\"q320is20there20any20risk20associated20with20using20wt-607b_8\"><\/a><a id=\"q320is20there20any20risk20associated20with20using20wt-607b_8\" class=\"blank_anchor_id\"><\/a><a class=\"blank_anchor_name\" name=\"q3-is-there-any-risk-associated-with-using-wt-607b\"><\/a><a id=\"q3-is-there-any-risk-associated-with-using-wt-607b\" class=\"blank_anchor_id\"><\/a><\/div>\n<p id=\"q320is20there20any20risk20associated20with20using20wt-607b_8\" class=\"xsj_heading_hash xsj_heading xsj_heading_h3\" data-source-line=\"29\" data-source-line-display=\"true\"><strong><span class=\"xsj_heading_content\">P3: \u00bfExiste alg\u00fan riesgo asociado con el uso de WT-607B?<\/span><\/strong><\/p>\n<p class=\"xsj_paragraph xsj_paragraph_level_0\" data-source-line=\"31\" data-source-line-display=\"true\">R3: Como se mencion\u00f3 anteriormente, este producto no contiene productos qu\u00edmicos peligrosos ni metales pesados, por lo que no existe ning\u00fan riesgo al utilizar este producto de acuerdo con las instrucciones proporcionadas por el fabricante o proveedor.<\/p>\n<p class=\"xiaoshujiang_element xsj_anchor\"><strong><a class=\"blank_anchor_name\" name=\"q420can20wt-607b20be20used20for20drinking20water20applications_9\"><\/a><a id=\"q420can20wt-607b20be20used20for20drinking20water20applications_9\" class=\"blank_anchor_id\"><\/a><a class=\"blank_anchor_name\" name=\"q4-can-wt-607b-be-used-for-drinking-water-applications\"><\/a><a id=\"q4-can-wt-607b-be-used-for-drinking-water-applications\" class=\"blank_anchor_id\"><\/a><\/strong><\/p>\n<p id=\"q420can20wt-607b20be20used20for20drinking20water20applications_9\" class=\"xsj_heading_hash xsj_heading xsj_heading_h3\" data-source-line=\"33\" data-source-line-display=\"true\"><strong><span class=\"xsj_heading_content\">P4: \u00bfSe puede usar el WT-607B para aplicaciones de agua potable?<\/span><\/strong><\/p>\n<p class=\"xsj_paragraph xsj_paragraph_level_0\" data-source-line=\"35\" data-source-line-display=\"true\">R4: S\u00ed, siempre que se aplique correctamente de acuerdo con las instrucciones proporcionadas por el fabricante o el proveedor, el wt-607b puede ayudar de manera efectiva a controlar los niveles de bario y estroncio incluso en aplicaciones delicadas de agua potable sin ning\u00fan riesgo.<\/p>\n<p class=\"xiaoshujiang_element xsj_anchor\"><strong><a class=\"blank_anchor_name\" name=\"q520does20wt-607b20require20any20special20storage20requirements_10\"><\/a><a id=\"q520does20wt-607b20require20any20special20storage20requirements_10\" class=\"blank_anchor_id\"><\/a><a class=\"blank_anchor_name\" name=\"q5-does-wt-607b-require-any-special-storage-requirements\"><\/a><a id=\"q5-does-wt-607b-require-any-special-storage-requirements\" class=\"blank_anchor_id\"><\/a><\/strong><\/p>\n<p id=\"q520does20wt-607b20require20any20special20storage20requirements_10\" class=\"xsj_heading_hash xsj_heading xsj_heading_h3\" data-source-line=\"37\" data-source-line-display=\"true\"><strong><span class=\"xsj_heading_content\">P5: \u00bfEl WT-607B requiere alg\u00fan requisito de almacenamiento especial?<\/span><\/strong><\/p>\n<p class=\"xsj_paragraph xsj_paragraph_level_0\" data-source-line=\"39\" data-source-line-display=\"true\">R5: No: cuando se almacena correctamente (en ambientes frescos y secos), el producto se mantendr\u00e1 indefinidamente sin requerir condiciones o precauciones especiales distintas a las recomendadas por el fabricante\/proveedor al momento de la compra.<\/p>\n<p class=\"xsj_paragraph xsj_paragraph_level_0\" data-source-line=\"41\" data-source-line-display=\"true\"><a class=\"xsj_link xsj_manu_link\" href=\"https:\/\/vcycletech.com\/es\/categoria-de-producto\/inhibidores-de-corrosion-a-escala-construida-y-agentes-de-pelicula-de-tratamiento-previo\/\">Obtenga la soluci\u00f3n completa de inhibidores de incrustaciones y corrosi\u00f3n integrados y agentes de filmaci\u00f3n de pretratamiento<\/a>.<\/p>","protected":false},"excerpt":{"rendered":"<p><strong>WT-607B<\/strong> El inhibidor de incrustaciones para bario y estroncio est\u00e1 dise\u00f1ado para mantener el equilibrio de Ba2+ y Sr2+ en los sistemas de agua. Al inhibir la formaci\u00f3n de incrustaciones de carbonato de calcio, sulfato de calcio y sulfato de magnesio, este producto ayuda a preservar nuestros recursos naturales mientras mantiene la eficiencia del sistema. <strong>WT-607B<\/strong> es una herramienta valiosa para garantizar la sostenibilidad en el mundo actual y es muy eficaz tanto en los sistemas de agua de recarga de yacimientos petrol\u00edferos como en los sistemas de refrigeraci\u00f3n industrial.<\/p>","protected":false},"featured_media":1419,"template":"","meta":{"site-sidebar-layout":"default","site-content-layout":"default","ast-site-content-layout":"default","site-content-style":"default","site-sidebar-style":"default","ast-global-header-display":"","ast-banner-title-visibility":"","ast-main-header-display":"","ast-hfb-above-header-display":"","ast-hfb-below-header-display":"","ast-hfb-mobile-header-display":"","site-post-title":"","ast-breadcrumbs-content":"","ast-featured-img":"","footer-sml-layout":"","ast-disable-related-posts":"","theme-transparent-header-meta":"default","adv-header-id-meta":"","stick-header-meta":"default","header-above-stick-meta":"","header-main-stick-meta":"","header-below-stick-meta":"","astra-migrate-meta-layouts":"default","ast-page-background-enabled":"default","ast-page-background-meta":{"desktop":{"background-color":"","background-image":"","background-repeat":"repeat","background-position":"center center","background-size":"auto","background-attachment":"scroll","background-type":"","background-media":"","overlay-type":"","overlay-color":"","overlay-opacity":"","overlay-gradient":""},"tablet":{"background-color":"","background-image":"","background-repeat":"repeat","background-position":"center center","background-size":"auto","background-attachment":"scroll","background-type":"","background-media":"","overlay-type":"","overlay-color":"","overlay-opacity":"","overlay-gradient":""},"mobile":{"background-color":"","background-image":"","background-repeat":"repeat","background-position":"center center","background-size":"auto","background-attachment":"scroll","background-type":"","background-media":"","overlay-type":"","overlay-color":"","overlay-opacity":"","overlay-gradient":""}},"ast-content-background-meta":{"desktop":{"background-color":"var(--ast-global-color-5)","background-image":"","background-repeat":"repeat","background-position":"center center","background-size":"auto","background-attachment":"scroll","background-type":"","background-media":"","overlay-type":"","overlay-color":"","overlay-opacity":"","overlay-gradient":""},"tablet":{"background-color":"var(--ast-global-color-5)","background-image":"","background-repeat":"repeat","background-position":"center center","background-size":"auto","background-attachment":"scroll","background-type":"","background-media":"","overlay-type":"","overlay-color":"","overlay-opacity":"","overlay-gradient":""},"mobile":{"background-color":"var(--ast-global-color-5)","background-image":"","background-repeat":"repeat","background-position":"center center","background-size":"auto","background-attachment":"scroll","background-type":"","background-media":"","overlay-type":"","overlay-color":"","overlay-opacity":"","overlay-gradient":""}}},"product_brand":[],"product_cat":[32],"product_tag":[],"class_list":{"0":"post-1416","1":"product","2":"type-product","3":"status-publish","4":"has-post-thumbnail","6":"product_cat-built-scale-corrosion-inhibitors-and-pretreatment-filming-agents","7":"desktop-align-left","8":"tablet-align-left","9":"mobile-align-left","10":"ast-product-gallery-layout-horizontal-slider","11":"ast-product-gallery-with-no-image","12":"ast-product-tabs-layout-horizontal","14":"first","15":"instock","16":"shipping-taxable","17":"product-type-simple"},"yoast_head":"<!-- This site is optimized with the Yoast SEO Premium plugin v26.3 (Yoast SEO v27.5) - https:\/\/yoast.com\/product\/yoast-seo-premium-wordpress\/ -->\n<title>WT-607B Scale Inhibitor for Barium and Strontium - vcycletech<\/title>\n<meta name=\"description\" content=\"Keep your oilfield refill water and industrial cooling systems in check with WT-607B Scale Inhibitor for Barium and Strontium. Get the ultimate solution developed to keep Ba2+ and Sr2+ at a constant state. Try it now!\" \/>\n<meta name=\"robots\" content=\"index, follow, max-snippet:-1, max-image-preview:large, max-video-preview:-1\" \/>\n<link rel=\"canonical\" href=\"https:\/\/vcycletech.com\/es\/producto\/inhibidor-de-escala-wt-607b-para-bario-y-estroncio\/\" \/>\n<meta property=\"og:locale\" content=\"es_MX\" \/>\n<meta property=\"og:type\" content=\"article\" \/>\n<meta property=\"og:title\" content=\"WT-607B Scale Inhibitor for Barium and Strontium\" \/>\n<meta property=\"og:description\" content=\"Keep your oilfield refill water and industrial cooling systems in check with WT-607B Scale Inhibitor for Barium and Strontium. Get the ultimate solution developed to keep Ba2+ and Sr2+ at a constant state. Try it now!\" \/>\n<meta property=\"og:url\" content=\"https:\/\/vcycletech.com\/es\/producto\/inhibidor-de-escala-wt-607b-para-bario-y-estroncio\/\" \/>\n<meta property=\"og:site_name\" content=\"vcycletech\" \/>\n<meta property=\"article:modified_time\" content=\"2023-03-27T02:52:38+00:00\" \/>\n<meta property=\"og:image\" content=\"https:\/\/vcycletech.com\/wp-content\/uploads\/2023\/03\/WT-601-2.png\" \/>\n\t<meta property=\"og:image:width\" content=\"600\" \/>\n\t<meta property=\"og:image:height\" content=\"600\" \/>\n\t<meta property=\"og:image:type\" content=\"image\/png\" \/>\n<meta name=\"twitter:card\" content=\"summary_large_image\" \/>\n<meta name=\"twitter:label1\" content=\"Tiempo de lectura\" \/>\n\t<meta name=\"twitter:data1\" content=\"3 minutos\" \/>\n<script type=\"application\/ld+json\" class=\"yoast-schema-graph\">{\"@context\":\"https:\\\/\\\/schema.org\",\"@graph\":[{\"@type\":\"WebPage\",\"@id\":\"https:\\\/\\\/vcycletech.com\\\/product\\\/wt-607b-scale-inhibitor-for-barium-and-strontium\\\/\",\"url\":\"https:\\\/\\\/vcycletech.com\\\/product\\\/wt-607b-scale-inhibitor-for-barium-and-strontium\\\/\",\"name\":\"WT-607B Scale Inhibitor for Barium and Strontium - vcycletech\",\"isPartOf\":{\"@id\":\"https:\\\/\\\/vcycletech.com\\\/#website\"},\"primaryImageOfPage\":{\"@id\":\"https:\\\/\\\/vcycletech.com\\\/product\\\/wt-607b-scale-inhibitor-for-barium-and-strontium\\\/#primaryimage\"},\"image\":{\"@id\":\"https:\\\/\\\/vcycletech.com\\\/product\\\/wt-607b-scale-inhibitor-for-barium-and-strontium\\\/#primaryimage\"},\"thumbnailUrl\":\"https:\\\/\\\/vcycletech.com\\\/wp-content\\\/uploads\\\/2023\\\/03\\\/WT-601-2.png\",\"datePublished\":\"2023-03-22T06:43:19+00:00\",\"dateModified\":\"2023-03-27T02:52:38+00:00\",\"description\":\"Keep your oilfield refill water and industrial cooling systems in check with WT-607B Scale Inhibitor for Barium and Strontium. Get the ultimate solution developed to keep Ba2+ and Sr2+ at a constant state. Try it now!\",\"breadcrumb\":{\"@id\":\"https:\\\/\\\/vcycletech.com\\\/product\\\/wt-607b-scale-inhibitor-for-barium-and-strontium\\\/#breadcrumb\"},\"inLanguage\":\"es\",\"potentialAction\":[{\"@type\":\"ReadAction\",\"target\":[\"https:\\\/\\\/vcycletech.com\\\/product\\\/wt-607b-scale-inhibitor-for-barium-and-strontium\\\/\"]}]},{\"@type\":\"ImageObject\",\"inLanguage\":\"es\",\"@id\":\"https:\\\/\\\/vcycletech.com\\\/product\\\/wt-607b-scale-inhibitor-for-barium-and-strontium\\\/#primaryimage\",\"url\":\"https:\\\/\\\/vcycletech.com\\\/wp-content\\\/uploads\\\/2023\\\/03\\\/WT-601-2.png\",\"contentUrl\":\"https:\\\/\\\/vcycletech.com\\\/wp-content\\\/uploads\\\/2023\\\/03\\\/WT-601-2.png\",\"width\":600,\"height\":600,\"caption\":\"WT-607B Scale Inhibitor for Barium and Strontium\"},{\"@type\":\"BreadcrumbList\",\"@id\":\"https:\\\/\\\/vcycletech.com\\\/product\\\/wt-607b-scale-inhibitor-for-barium-and-strontium\\\/#breadcrumb\",\"itemListElement\":[{\"@type\":\"ListItem\",\"position\":1,\"name\":\"Home\",\"item\":\"https:\\\/\\\/vcycletech.com\\\/\"},{\"@type\":\"ListItem\",\"position\":2,\"name\":\"Water Treatment Chemicals Manufacturer\",\"item\":\"https:\\\/\\\/vcycletech.com\\\/water-treatment-chemicals-manufacturer\\\/\"},{\"@type\":\"ListItem\",\"position\":3,\"name\":\"WT-607B Scale Inhibitor for Barium and Strontium\"}]},{\"@type\":\"WebSite\",\"@id\":\"https:\\\/\\\/vcycletech.com\\\/#website\",\"url\":\"https:\\\/\\\/vcycletech.com\\\/\",\"name\":\"vcycletech\",\"description\":\"China&#039;s top water treatment chemicals supplier\",\"publisher\":{\"@id\":\"https:\\\/\\\/vcycletech.com\\\/#organization\"},\"potentialAction\":[{\"@type\":\"SearchAction\",\"target\":{\"@type\":\"EntryPoint\",\"urlTemplate\":\"https:\\\/\\\/vcycletech.com\\\/?s={search_term_string}\"},\"query-input\":{\"@type\":\"PropertyValueSpecification\",\"valueRequired\":true,\"valueName\":\"search_term_string\"}}],\"inLanguage\":\"es\"},{\"@type\":\"Organization\",\"@id\":\"https:\\\/\\\/vcycletech.com\\\/#organization\",\"name\":\"vcycletech\",\"url\":\"https:\\\/\\\/vcycletech.com\\\/\",\"logo\":{\"@type\":\"ImageObject\",\"inLanguage\":\"es\",\"@id\":\"https:\\\/\\\/vcycletech.com\\\/#\\\/schema\\\/logo\\\/image\\\/\",\"url\":\"https:\\\/\\\/vcycletech.com\\\/wp-content\\\/uploads\\\/2023\\\/03\\\/logo-vcycletech-1.png\",\"contentUrl\":\"https:\\\/\\\/vcycletech.com\\\/wp-content\\\/uploads\\\/2023\\\/03\\\/logo-vcycletech-1.png\",\"width\":600,\"height\":400,\"caption\":\"vcycletech\"},\"image\":{\"@id\":\"https:\\\/\\\/vcycletech.com\\\/#\\\/schema\\\/logo\\\/image\\\/\"}}]}<\/script>\n<!-- \/ Yoast SEO Premium plugin. -->","yoast_head_json":{"title":"Inhibidor de incrustaciones WT-607B para bario y estroncio - vcycletech","description":"Mantenga el agua de recarga de su yacimiento petrol\u00edfero y los sistemas de enfriamiento industrial bajo control con el inhibidor de incrustaciones para bario y estroncio WT-607B. Obtenga la soluci\u00f3n definitiva desarrollada para mantener Ba2+ y Sr2+ en un estado constante. \u00a1Pruebalo ahora!","robots":{"index":"index","follow":"follow","max-snippet":"max-snippet:-1","max-image-preview":"max-image-preview:large","max-video-preview":"max-video-preview:-1"},"canonical":"https:\/\/vcycletech.com\/es\/producto\/inhibidor-de-escala-wt-607b-para-bario-y-estroncio\/","og_locale":"es_MX","og_type":"article","og_title":"WT-607B Scale Inhibitor for Barium and Strontium","og_description":"Keep your oilfield refill water and industrial cooling systems in check with WT-607B Scale Inhibitor for Barium and Strontium. Get the ultimate solution developed to keep Ba2+ and Sr2+ at a constant state. Try it now!","og_url":"https:\/\/vcycletech.com\/es\/producto\/inhibidor-de-escala-wt-607b-para-bario-y-estroncio\/","og_site_name":"vcycletech","article_modified_time":"2023-03-27T02:52:38+00:00","og_image":[{"width":600,"height":600,"url":"https:\/\/vcycletech.com\/wp-content\/uploads\/2023\/03\/WT-601-2.png","type":"image\/png"}],"twitter_card":"summary_large_image","twitter_misc":{"Tiempo de lectura":"3 minutos"},"schema":{"@context":"https:\/\/schema.org","@graph":[{"@type":"WebPage","@id":"https:\/\/vcycletech.com\/product\/wt-607b-scale-inhibitor-for-barium-and-strontium\/","url":"https:\/\/vcycletech.com\/product\/wt-607b-scale-inhibitor-for-barium-and-strontium\/","name":"Inhibidor de incrustaciones WT-607B para bario y estroncio - vcycletech","isPartOf":{"@id":"https:\/\/vcycletech.com\/#website"},"primaryImageOfPage":{"@id":"https:\/\/vcycletech.com\/product\/wt-607b-scale-inhibitor-for-barium-and-strontium\/#primaryimage"},"image":{"@id":"https:\/\/vcycletech.com\/product\/wt-607b-scale-inhibitor-for-barium-and-strontium\/#primaryimage"},"thumbnailUrl":"https:\/\/vcycletech.com\/wp-content\/uploads\/2023\/03\/WT-601-2.png","datePublished":"2023-03-22T06:43:19+00:00","dateModified":"2023-03-27T02:52:38+00:00","description":"Mantenga el agua de recarga de su yacimiento petrol\u00edfero y los sistemas de enfriamiento industrial bajo control con el inhibidor de incrustaciones para bario y estroncio WT-607B. Obtenga la soluci\u00f3n definitiva desarrollada para mantener Ba2+ y Sr2+ en un estado constante. \u00a1Pruebalo ahora!","breadcrumb":{"@id":"https:\/\/vcycletech.com\/product\/wt-607b-scale-inhibitor-for-barium-and-strontium\/#breadcrumb"},"inLanguage":"es","potentialAction":[{"@type":"ReadAction","target":["https:\/\/vcycletech.com\/product\/wt-607b-scale-inhibitor-for-barium-and-strontium\/"]}]},{"@type":"ImageObject","inLanguage":"es","@id":"https:\/\/vcycletech.com\/product\/wt-607b-scale-inhibitor-for-barium-and-strontium\/#primaryimage","url":"https:\/\/vcycletech.com\/wp-content\/uploads\/2023\/03\/WT-601-2.png","contentUrl":"https:\/\/vcycletech.com\/wp-content\/uploads\/2023\/03\/WT-601-2.png","width":600,"height":600,"caption":"WT-607B Scale Inhibitor for Barium and Strontium"},{"@type":"BreadcrumbList","@id":"https:\/\/vcycletech.com\/product\/wt-607b-scale-inhibitor-for-barium-and-strontium\/#breadcrumb","itemListElement":[{"@type":"ListItem","position":1,"name":"Home","item":"https:\/\/vcycletech.com\/"},{"@type":"ListItem","position":2,"name":"Water Treatment Chemicals Manufacturer","item":"https:\/\/vcycletech.com\/water-treatment-chemicals-manufacturer\/"},{"@type":"ListItem","position":3,"name":"WT-607B Scale Inhibitor for Barium and Strontium"}]},{"@type":"WebSite","@id":"https:\/\/vcycletech.com\/#website","url":"https:\/\/vcycletech.com\/","name":"vcycletech","description":"El principal proveedor de productos qu\u00edmicos para el tratamiento del agua de China y #039;","publisher":{"@id":"https:\/\/vcycletech.com\/#organization"},"potentialAction":[{"@type":"SearchAction","target":{"@type":"EntryPoint","urlTemplate":"https:\/\/vcycletech.com\/?s={search_term_string}"},"query-input":{"@type":"PropertyValueSpecification","valueRequired":true,"valueName":"search_term_string"}}],"inLanguage":"es"},{"@type":"Organization","@id":"https:\/\/vcycletech.com\/#organization","name":"vcycletech","url":"https:\/\/vcycletech.com\/","logo":{"@type":"ImageObject","inLanguage":"es","@id":"https:\/\/vcycletech.com\/#\/schema\/logo\/image\/","url":"https:\/\/vcycletech.com\/wp-content\/uploads\/2023\/03\/logo-vcycletech-1.png","contentUrl":"https:\/\/vcycletech.com\/wp-content\/uploads\/2023\/03\/logo-vcycletech-1.png","width":600,"height":400,"caption":"vcycletech"},"image":{"@id":"https:\/\/vcycletech.com\/#\/schema\/logo\/image\/"}}]}},"_links":{"self":[{"href":"https:\/\/vcycletech.com\/es\/wp-json\/wp\/v2\/product\/1416","targetHints":{"allow":["GET"]}}],"collection":[{"href":"https:\/\/vcycletech.com\/es\/wp-json\/wp\/v2\/product"}],"about":[{"href":"https:\/\/vcycletech.com\/es\/wp-json\/wp\/v2\/types\/product"}],"wp:featuredmedia":[{"embeddable":true,"href":"https:\/\/vcycletech.com\/es\/wp-json\/wp\/v2\/media\/1419"}],"wp:attachment":[{"href":"https:\/\/vcycletech.com\/es\/wp-json\/wp\/v2\/media?parent=1416"}],"wp:term":[{"taxonomy":"product_brand","embeddable":true,"href":"https:\/\/vcycletech.com\/es\/wp-json\/wp\/v2\/product_brand?post=1416"},{"taxonomy":"product_cat","embeddable":true,"href":"https:\/\/vcycletech.com\/es\/wp-json\/wp\/v2\/product_cat?post=1416"},{"taxonomy":"product_tag","embeddable":true,"href":"https:\/\/vcycletech.com\/es\/wp-json\/wp\/v2\/product_tag?post=1416"}],"curies":[{"name":"wp","href":"https:\/\/api.w.org\/{rel}","templated":true}]}}