{"id":1408,"date":"2023-03-22T06:53:12","date_gmt":"2023-03-22T06:53:12","guid":{"rendered":"https:\/\/vcycletech.com\/?post_type=product&#038;p=1408"},"modified":"2023-03-27T02:49:47","modified_gmt":"2023-03-27T02:49:47","slug":"kr-607-inhibidor-de-incrustaciones-para-relleno-de-agua-de-campo-petrolifero","status":"publish","type":"product","link":"https:\/\/vcycletech.com\/es\/producto\/kr-607-inhibidor-de-incrustaciones-para-relleno-de-agua-de-campo-petrolifero\/","title":{"rendered":"Inhibidor de incrustaciones WT-607 para agua de recarga de yacimientos petrol\u00edferos"},"content":{"rendered":"<h3>Propiedades:<\/h3>\n<div class=\"break-words markdown-formatted-text\">\n<p class=\"my-0.5\"><strong>WT-607<\/strong> es un inhibidor a escala industrial que se utiliza en las tuber\u00edas de agua de relleno de yacimientos petrol\u00edferos debido a sus propiedades especiales. Est\u00e1 construido con \u00e1cido organofosf\u00f3rico, surfactante y agentes sin\u00e9rgicos, lo que le permite quelarse con Ca2+ y Mg2+, dispersando as\u00ed de manera efectiva las incrustaciones de carbonato de calcio, sulfato de calcio y fosfato de calcio. Adem\u00e1s, este producto se beneficia de su tolerancia a altas temperaturas, tolerancia alcalina, tolerancia a la sal y estabilidad en yacimientos petrol\u00edferos en dosis bajas.<\/p>\n<h3>Especificaci\u00f3n:<\/h3>\n<div id=\"footable_parent_1425\"\n         class=\"footable_parent ninja_table_wrapper loading_ninja_table wp_table_data_press_parent semantic_ui\">\n                <table data-ninja_table_instance=\"ninja_table_instance_0\" data-footable_id=\"1425\" data-filter-delay=\"1000\" aria-label=\"Inhibidor de incrustaciones KR-607 para recarga de yacimientos petrol\u00edferos Water.csv\"            id=\"footable_1425\"\n           data-unique_identifier=\"ninja_table_unique_id_165405467_1425\"\n           class=\"foo-table ninja_footable foo_table_1425 ninja_table_unique_id_165405467_1425 ui table  nt_type_legacy_table selectable striped vertical_centered  footable-paging-right ninja_table_pro\">\n                <colgroup>\n                            <col class=\"ninja_column_0\">\n                            <col class=\"ninja_column_1\">\n                    <\/colgroup>\n        <thead>\n<tr class=\"footable-header\">\n                                        <th scope=\"col\"  class=\"ninja_column_0 ninja_clmn_nm_items\">Art\u00edculos<\/th><th scope=\"col\"  class=\"ninja_column_1 ninja_clmn_nm_index\">\u00cdndice<\/th><\/tr>\n<\/thead>\n<tbody>\n\n        <tr data-row_id=\"376\" class=\"ninja_table_row_0 nt_row_id_376\">\n            <td>Apariencia<\/td><td>l\u00edquido incoloro o amarillo claro<\/td>        <\/tr>\n            <tr data-row_id=\"377\" class=\"ninja_table_row_1 nt_row_id_377\">\n            <td>Contenido s\u00f3lido, %<\/td><td>30,0 minutos<\/td>        <\/tr>\n            <tr data-row_id=\"378\" class=\"ninja_table_row_2 nt_row_id_378\">\n            <td>pH (soluci\u00f3n de agua 1%)<\/td><td>2,0\u00b11,5<\/td>        <\/tr>\n            <tr data-row_id=\"379\" class=\"ninja_table_row_3 nt_row_id_379\">\n            <td>Densidad (20 \u2103), g\/cm3<\/td><td>1,10 minutos<\/td>        <\/tr>\n    <\/tbody><!--ninja_tobody_rendering_done-->\n    <\/table>\n    \n    \n    \n<\/div>\n\n<h3>Uso:<\/h3>\n<p>Agregar <strong>WT-607<\/strong> en una piscina o caja de pl\u00e1stico todos los d\u00edas para un rendimiento \u00f3ptimo. Diluirlo con agua y agregarlo continuamente a la entrada de una bomba dosificadora o v\u00e1lvula dosificadora ubicada a la salida de un tanque colector. La dosificaci\u00f3n preferida oscila entre 10 y 50 ppm, seg\u00fan el agua de reposici\u00f3n utilizada.<\/p>\n<h3>Embalaje y almacenamiento:<\/h3>\n<p>El envasado y almacenamiento debe realizarse en bidones de pl\u00e1stico de 200L o contenedores IBC (1000L). Los clientes tambi\u00e9n pueden solicitar soluciones de embalaje alternativas. Todo <strong>WT-607<\/strong> debe almacenarse hasta por diez meses en un \u00e1rea fresca y seca lejos de la luz solar directa.<\/p>\n<h3>Gu\u00eda completa:<\/h3>\n<p><strong>WT-607<\/strong> es un inhibidor de incrustaciones para el agua de relleno de yacimientos petrol\u00edferos dise\u00f1ado para productos qu\u00edmicos de tratamiento de agua. Est\u00e1 dise\u00f1ado para prevenir la formaci\u00f3n de incrustaciones en las tuber\u00edas de manera efectiva. Para ello incorpora \u00e1cido organofosforado, tensioactivos especiales y agentes sin\u00e9rgicos quelantes con iones de calcio y magnesio. Esto hace <strong>WT-607<\/strong> eficiente y confiable para sistemas de agua de recarga de yacimientos petrol\u00edferos y otras aplicaciones industriales.<\/p>\n<p>Funci\u00f3n: <strong>WT-607<\/strong> inhibe la acumulaci\u00f3n de dep\u00f3sitos minerales como el carbonato de calcio y el hidr\u00f3xido de magnesio en las tuber\u00edas que transportan agua de relleno de yacimientos petrol\u00edferos. Esto ayuda a garantizar que el caudal del l\u00edquido se mantenga en niveles \u00f3ptimos y que las tuber\u00edas permanezcan libres de obstrucciones.<\/p>\n<p>Principio de Acci\u00f3n: El \u00e1cido organofosforado en <strong>WT-607<\/strong> act\u00faa como un agente quelante que se une a los iones de calcio y magnesio. Si lo hace, evita que se precipiten fuera de la soluci\u00f3n, evitando as\u00ed la acumulaci\u00f3n de dep\u00f3sitos minerales en las paredes de la tuber\u00eda. Los tensioactivos especiales tambi\u00e9n ayudan a reducir la tensi\u00f3n superficial, lo que aumenta a\u00fan m\u00e1s la eficiencia de este producto cuando se utiliza para la inhibici\u00f3n de incrustaciones en sistemas de agua de recarga de yacimientos petrol\u00edferos.<\/p>\n<p>Campo de aplicaci\u00f3n: <strong>WT-607<\/strong> es adecuado para su uso en sistemas de agua de recarga de yacimientos petrol\u00edferos y otras aplicaciones industriales en las que es necesario evitar la formaci\u00f3n de incrustaciones. Su tolerancia a altas temperaturas, tolerancia alcalina, tolerancia a la sal y compatibilidad con otros aditivos lo convierten en una opci\u00f3n confiable cuando se usa en estos entornos.<\/p>\n<p>Precauciones de uso: Al usar <strong>WT-607<\/strong>, es esencial seguir todas las precauciones de seguridad establecidas por el fabricante, incluido asegurarse de no exceder las dosis recomendadas o exponerlo a temperaturas superiores a las especificadas. Adem\u00e1s, se deben tomar las medidas de seguridad adecuadas al manipular este producto qu\u00edmico, incluido el uso de guantes, gafas y ropa de protecci\u00f3n.<\/p>\n<h3>Preguntas frecuentes:<\/h3>\n<p><strong>P: \u00bfQu\u00e9 es WT-607?<\/strong><\/p>\n<p>WT-607 es un inhibidor de incrustaciones dise\u00f1ado para sistemas de agua de recarga de campos petroleros para evitar que se formen dep\u00f3sitos minerales en las paredes de las tuber\u00edas. Incorpora \u00e1cido organofosforado, tensioactivos especiales y agentes sin\u00e9rgicos quelantes con iones de calcio y magnesio.<\/p>\n<p><strong>P: \u00bfC\u00f3mo funciona el WT-607?<\/strong><\/p>\n<p>WT-607 funciona uni\u00e9ndose a los iones de calcio y magnesio, lo que evita que se precipiten fuera de la soluci\u00f3n y, por lo tanto, evita que se acumulen dep\u00f3sitos minerales en las paredes de las tuber\u00edas en los sistemas de agua de recarga de yacimientos petrol\u00edferos.<\/p>\n<p><strong>P: \u00bfCu\u00e1les son algunas de las ventajas de usar WT-607?<\/strong><\/p>\n<p>Algunas ventajas incluyen resistencia a altas temperaturas, tolerancia alcalina, tolerancia a la sal y buena compatibilidad con otros aditivos, lo que lo convierte en una opci\u00f3n confiable cuando se usa en diversos entornos.<\/p>\n<p><strong>P: \u00bfQu\u00e9 precauciones se deben tomar al usar WT-607?<\/strong><\/p>\n<p>Siempre se deben tomar precauciones de seguridad al manipular productos qu\u00edmicos, incluido el uso de guantes protectores, gafas, ropa, etc. Adem\u00e1s, se debe tener cuidado de no exceder las dosis recomendadas ni exponerlo a temperaturas superiores a las especificadas por el fabricante.<\/p>\n<p><strong>P: \u00bfQu\u00e9 aplicaciones pueden beneficiarse del uso de WT-607?<\/strong><\/p>\n<p>El WT-607 se puede utilizar en cualquier entorno en el que se deba evitar la formaci\u00f3n de incrustaciones, como sistemas de agua de recarga de yacimientos petrol\u00edferos y otros entornos industriales, como calderas.<\/p>\n<p><strong>P: \u00bfHay datos de investigaci\u00f3n disponibles sobre WT-607?<\/strong><\/p>\n<p>Los datos de investigaci\u00f3n est\u00e1n disponibles con respecto a su eficacia contra diferentes escalas y su idoneidad para diversas condiciones ambientales, como la alcalinidad.<\/p>\n<p><a href=\"https:\/\/vcycletech.com\/es\/categoria-de-producto\/inhibidores-de-corrosion-a-escala-construida-y-agentes-de-pelicula-de-tratamiento-previo\/\">Obtenga la soluci\u00f3n completa de inhibidores de corrosi\u00f3n a escala integrada y agentes de filmaci\u00f3n de pretratamiento.<\/a><\/p>\n<\/div>","protected":false},"excerpt":{"rendered":"<p class=\"my-0.5\"><strong>WT-607 es un inhibidor de incrustaciones<\/strong> para agua de relleno de yacimientos petrol\u00edferos, dise\u00f1ado espec\u00edficamente para productos qu\u00edmicos de tratamiento de agua. Est\u00e1 construido con \u00e1cido organofosf\u00f3rico, surfactante especial y agentes sin\u00e9rgicos que pueden quelar con Ca2+ y Mg2+. Esto hace <strong>WT-607<\/strong> un agente quelante efectivo que previene la formaci\u00f3n de incrustaciones en las tuber\u00edas. Tambi\u00e9n tiene las ventajas de resistencia a altas temperaturas, tolerancia alcalina, tolerancia a la sal y buena compatibilidad con otros aditivos. <strong>WT-607<\/strong> es una opci\u00f3n confiable para sistemas de agua de recarga de yacimientos petrol\u00edferos y otras aplicaciones industriales.<\/p>","protected":false},"featured_media":2823,"template":"","meta":{"site-sidebar-layout":"default","site-content-layout":"default","ast-site-content-layout":"default","site-content-style":"default","site-sidebar-style":"default","ast-global-header-display":"","ast-banner-title-visibility":"","ast-main-header-display":"","ast-hfb-above-header-display":"","ast-hfb-below-header-display":"","ast-hfb-mobile-header-display":"","site-post-title":"","ast-breadcrumbs-content":"","ast-featured-img":"","footer-sml-layout":"","ast-disable-related-posts":"","theme-transparent-header-meta":"default","adv-header-id-meta":"","stick-header-meta":"default","header-above-stick-meta":"","header-main-stick-meta":"","header-below-stick-meta":"","astra-migrate-meta-layouts":"default","ast-page-background-enabled":"default","ast-page-background-meta":{"desktop":{"background-color":"","background-image":"","background-repeat":"repeat","background-position":"center center","background-size":"auto","background-attachment":"scroll","background-type":"","background-media":"","overlay-type":"","overlay-color":"","overlay-opacity":"","overlay-gradient":""},"tablet":{"background-color":"","background-image":"","background-repeat":"repeat","background-position":"center center","background-size":"auto","background-attachment":"scroll","background-type":"","background-media":"","overlay-type":"","overlay-color":"","overlay-opacity":"","overlay-gradient":""},"mobile":{"background-color":"","background-image":"","background-repeat":"repeat","background-position":"center center","background-size":"auto","background-attachment":"scroll","background-type":"","background-media":"","overlay-type":"","overlay-color":"","overlay-opacity":"","overlay-gradient":""}},"ast-content-background-meta":{"desktop":{"background-color":"var(--ast-global-color-5)","background-image":"","background-repeat":"repeat","background-position":"center center","background-size":"auto","background-attachment":"scroll","background-type":"","background-media":"","overlay-type":"","overlay-color":"","overlay-opacity":"","overlay-gradient":""},"tablet":{"background-color":"var(--ast-global-color-5)","background-image":"","background-repeat":"repeat","background-position":"center center","background-size":"auto","background-attachment":"scroll","background-type":"","background-media":"","overlay-type":"","overlay-color":"","overlay-opacity":"","overlay-gradient":""},"mobile":{"background-color":"var(--ast-global-color-5)","background-image":"","background-repeat":"repeat","background-position":"center center","background-size":"auto","background-attachment":"scroll","background-type":"","background-media":"","overlay-type":"","overlay-color":"","overlay-opacity":"","overlay-gradient":""}}},"product_brand":[],"product_cat":[32],"product_tag":[],"class_list":{"0":"post-1408","1":"product","2":"type-product","3":"status-publish","4":"has-post-thumbnail","6":"product_cat-built-scale-corrosion-inhibitors-and-pretreatment-filming-agents","7":"desktop-align-left","8":"tablet-align-left","9":"mobile-align-left","10":"ast-product-gallery-layout-horizontal-slider","11":"ast-product-gallery-with-no-image","12":"ast-product-tabs-layout-horizontal","14":"first","15":"instock","16":"shipping-taxable","17":"product-type-simple"},"yoast_head":"<!-- This site is optimized with the Yoast SEO Premium plugin v26.3 (Yoast SEO v27.5) - https:\/\/yoast.com\/product\/yoast-seo-premium-wordpress\/ -->\n<title>WT-607 Scale Inhibitor for Oilfield Refill Water - vcycletech<\/title>\n<meta name=\"description\" content=\"Keep your water clean and free from scale deposits with WT-607 Scale Inhibitor for Oilfield Refill Water. Get the ultimate water treatment chemicals now!\" \/>\n<meta name=\"robots\" content=\"index, follow, max-snippet:-1, max-image-preview:large, max-video-preview:-1\" \/>\n<link rel=\"canonical\" href=\"https:\/\/vcycletech.com\/es\/producto\/kr-607-inhibidor-de-incrustaciones-para-relleno-de-agua-de-campo-petrolifero\/\" \/>\n<meta property=\"og:locale\" content=\"es_MX\" \/>\n<meta property=\"og:type\" content=\"article\" \/>\n<meta property=\"og:title\" content=\"WT-607 Scale Inhibitor for Oilfield Refill Water\" \/>\n<meta property=\"og:description\" content=\"Keep your water clean and free from scale deposits with WT-607 Scale Inhibitor for Oilfield Refill Water. Get the ultimate water treatment chemicals now!\" \/>\n<meta property=\"og:url\" content=\"https:\/\/vcycletech.com\/es\/producto\/kr-607-inhibidor-de-incrustaciones-para-relleno-de-agua-de-campo-petrolifero\/\" \/>\n<meta property=\"og:site_name\" content=\"vcycletech\" \/>\n<meta property=\"article:modified_time\" content=\"2023-03-27T02:49:47+00:00\" \/>\n<meta property=\"og:image\" content=\"https:\/\/vcycletech.com\/wp-content\/uploads\/2023\/03\/1-109.png\" \/>\n\t<meta property=\"og:image:width\" content=\"600\" \/>\n\t<meta property=\"og:image:height\" content=\"600\" \/>\n\t<meta property=\"og:image:type\" content=\"image\/png\" \/>\n<meta name=\"twitter:card\" content=\"summary_large_image\" \/>\n<meta name=\"twitter:label1\" content=\"Tiempo de lectura\" \/>\n\t<meta name=\"twitter:data1\" content=\"3 minutos\" \/>\n<script type=\"application\/ld+json\" class=\"yoast-schema-graph\">{\"@context\":\"https:\\\/\\\/schema.org\",\"@graph\":[{\"@type\":\"WebPage\",\"@id\":\"https:\\\/\\\/vcycletech.com\\\/product\\\/wt-607-scale-inhibitor-for-oilfield-refill-water-2\\\/\",\"url\":\"https:\\\/\\\/vcycletech.com\\\/product\\\/wt-607-scale-inhibitor-for-oilfield-refill-water-2\\\/\",\"name\":\"WT-607 Scale Inhibitor for Oilfield Refill Water - vcycletech\",\"isPartOf\":{\"@id\":\"https:\\\/\\\/vcycletech.com\\\/#website\"},\"primaryImageOfPage\":{\"@id\":\"https:\\\/\\\/vcycletech.com\\\/product\\\/wt-607-scale-inhibitor-for-oilfield-refill-water-2\\\/#primaryimage\"},\"image\":{\"@id\":\"https:\\\/\\\/vcycletech.com\\\/product\\\/wt-607-scale-inhibitor-for-oilfield-refill-water-2\\\/#primaryimage\"},\"thumbnailUrl\":\"https:\\\/\\\/vcycletech.com\\\/wp-content\\\/uploads\\\/2023\\\/03\\\/1-109.png\",\"datePublished\":\"2023-03-22T06:53:12+00:00\",\"dateModified\":\"2023-03-27T02:49:47+00:00\",\"description\":\"Keep your water clean and free from scale deposits with WT-607 Scale Inhibitor for Oilfield Refill Water. Get the ultimate water treatment chemicals now!\",\"breadcrumb\":{\"@id\":\"https:\\\/\\\/vcycletech.com\\\/product\\\/wt-607-scale-inhibitor-for-oilfield-refill-water-2\\\/#breadcrumb\"},\"inLanguage\":\"es\",\"potentialAction\":[{\"@type\":\"ReadAction\",\"target\":[\"https:\\\/\\\/vcycletech.com\\\/product\\\/wt-607-scale-inhibitor-for-oilfield-refill-water-2\\\/\"]}]},{\"@type\":\"ImageObject\",\"inLanguage\":\"es\",\"@id\":\"https:\\\/\\\/vcycletech.com\\\/product\\\/wt-607-scale-inhibitor-for-oilfield-refill-water-2\\\/#primaryimage\",\"url\":\"https:\\\/\\\/vcycletech.com\\\/wp-content\\\/uploads\\\/2023\\\/03\\\/1-109.png\",\"contentUrl\":\"https:\\\/\\\/vcycletech.com\\\/wp-content\\\/uploads\\\/2023\\\/03\\\/1-109.png\",\"width\":600,\"height\":600,\"caption\":\"WT-607 Scale Inhibitor for Oilfield Refill Water\"},{\"@type\":\"BreadcrumbList\",\"@id\":\"https:\\\/\\\/vcycletech.com\\\/product\\\/wt-607-scale-inhibitor-for-oilfield-refill-water-2\\\/#breadcrumb\",\"itemListElement\":[{\"@type\":\"ListItem\",\"position\":1,\"name\":\"Home\",\"item\":\"https:\\\/\\\/vcycletech.com\\\/\"},{\"@type\":\"ListItem\",\"position\":2,\"name\":\"Water Treatment Chemicals Manufacturer\",\"item\":\"https:\\\/\\\/vcycletech.com\\\/water-treatment-chemicals-manufacturer\\\/\"},{\"@type\":\"ListItem\",\"position\":3,\"name\":\"WT-607 Scale Inhibitor for Oilfield Refill Water\"}]},{\"@type\":\"WebSite\",\"@id\":\"https:\\\/\\\/vcycletech.com\\\/#website\",\"url\":\"https:\\\/\\\/vcycletech.com\\\/\",\"name\":\"vcycletech\",\"description\":\"China&#039;s top water treatment chemicals supplier\",\"publisher\":{\"@id\":\"https:\\\/\\\/vcycletech.com\\\/#organization\"},\"potentialAction\":[{\"@type\":\"SearchAction\",\"target\":{\"@type\":\"EntryPoint\",\"urlTemplate\":\"https:\\\/\\\/vcycletech.com\\\/?s={search_term_string}\"},\"query-input\":{\"@type\":\"PropertyValueSpecification\",\"valueRequired\":true,\"valueName\":\"search_term_string\"}}],\"inLanguage\":\"es\"},{\"@type\":\"Organization\",\"@id\":\"https:\\\/\\\/vcycletech.com\\\/#organization\",\"name\":\"vcycletech\",\"url\":\"https:\\\/\\\/vcycletech.com\\\/\",\"logo\":{\"@type\":\"ImageObject\",\"inLanguage\":\"es\",\"@id\":\"https:\\\/\\\/vcycletech.com\\\/#\\\/schema\\\/logo\\\/image\\\/\",\"url\":\"https:\\\/\\\/vcycletech.com\\\/wp-content\\\/uploads\\\/2023\\\/03\\\/logo-vcycletech-1.png\",\"contentUrl\":\"https:\\\/\\\/vcycletech.com\\\/wp-content\\\/uploads\\\/2023\\\/03\\\/logo-vcycletech-1.png\",\"width\":600,\"height\":400,\"caption\":\"vcycletech\"},\"image\":{\"@id\":\"https:\\\/\\\/vcycletech.com\\\/#\\\/schema\\\/logo\\\/image\\\/\"}}]}<\/script>\n<!-- \/ Yoast SEO Premium plugin. -->","yoast_head_json":{"title":"Inhibidor de incrustaciones WT-607 para agua de recarga de yacimientos petrol\u00edferos - vcycletech","description":"Mantenga su agua limpia y libre de dep\u00f3sitos de incrustaciones con el inhibidor de incrustaciones WT-607 para agua de recarga de yacimientos petrol\u00edferos. \u00a1Obtenga los mejores productos qu\u00edmicos para el tratamiento del agua ahora!","robots":{"index":"index","follow":"follow","max-snippet":"max-snippet:-1","max-image-preview":"max-image-preview:large","max-video-preview":"max-video-preview:-1"},"canonical":"https:\/\/vcycletech.com\/es\/producto\/kr-607-inhibidor-de-incrustaciones-para-relleno-de-agua-de-campo-petrolifero\/","og_locale":"es_MX","og_type":"article","og_title":"WT-607 Scale Inhibitor for Oilfield Refill Water","og_description":"Keep your water clean and free from scale deposits with WT-607 Scale Inhibitor for Oilfield Refill Water. Get the ultimate water treatment chemicals now!","og_url":"https:\/\/vcycletech.com\/es\/producto\/kr-607-inhibidor-de-incrustaciones-para-relleno-de-agua-de-campo-petrolifero\/","og_site_name":"vcycletech","article_modified_time":"2023-03-27T02:49:47+00:00","og_image":[{"width":600,"height":600,"url":"https:\/\/vcycletech.com\/wp-content\/uploads\/2023\/03\/1-109.png","type":"image\/png"}],"twitter_card":"summary_large_image","twitter_misc":{"Tiempo de lectura":"3 minutos"},"schema":{"@context":"https:\/\/schema.org","@graph":[{"@type":"WebPage","@id":"https:\/\/vcycletech.com\/product\/wt-607-scale-inhibitor-for-oilfield-refill-water-2\/","url":"https:\/\/vcycletech.com\/product\/wt-607-scale-inhibitor-for-oilfield-refill-water-2\/","name":"Inhibidor de incrustaciones WT-607 para agua de recarga de yacimientos petrol\u00edferos - vcycletech","isPartOf":{"@id":"https:\/\/vcycletech.com\/#website"},"primaryImageOfPage":{"@id":"https:\/\/vcycletech.com\/product\/wt-607-scale-inhibitor-for-oilfield-refill-water-2\/#primaryimage"},"image":{"@id":"https:\/\/vcycletech.com\/product\/wt-607-scale-inhibitor-for-oilfield-refill-water-2\/#primaryimage"},"thumbnailUrl":"https:\/\/vcycletech.com\/wp-content\/uploads\/2023\/03\/1-109.png","datePublished":"2023-03-22T06:53:12+00:00","dateModified":"2023-03-27T02:49:47+00:00","description":"Mantenga su agua limpia y libre de dep\u00f3sitos de incrustaciones con el inhibidor de incrustaciones WT-607 para agua de recarga de yacimientos petrol\u00edferos. \u00a1Obtenga los mejores productos qu\u00edmicos para el tratamiento del agua ahora!","breadcrumb":{"@id":"https:\/\/vcycletech.com\/product\/wt-607-scale-inhibitor-for-oilfield-refill-water-2\/#breadcrumb"},"inLanguage":"es","potentialAction":[{"@type":"ReadAction","target":["https:\/\/vcycletech.com\/product\/wt-607-scale-inhibitor-for-oilfield-refill-water-2\/"]}]},{"@type":"ImageObject","inLanguage":"es","@id":"https:\/\/vcycletech.com\/product\/wt-607-scale-inhibitor-for-oilfield-refill-water-2\/#primaryimage","url":"https:\/\/vcycletech.com\/wp-content\/uploads\/2023\/03\/1-109.png","contentUrl":"https:\/\/vcycletech.com\/wp-content\/uploads\/2023\/03\/1-109.png","width":600,"height":600,"caption":"WT-607 Scale Inhibitor for Oilfield Refill Water"},{"@type":"BreadcrumbList","@id":"https:\/\/vcycletech.com\/product\/wt-607-scale-inhibitor-for-oilfield-refill-water-2\/#breadcrumb","itemListElement":[{"@type":"ListItem","position":1,"name":"Home","item":"https:\/\/vcycletech.com\/"},{"@type":"ListItem","position":2,"name":"Water Treatment Chemicals Manufacturer","item":"https:\/\/vcycletech.com\/water-treatment-chemicals-manufacturer\/"},{"@type":"ListItem","position":3,"name":"WT-607 Scale Inhibitor for Oilfield Refill Water"}]},{"@type":"WebSite","@id":"https:\/\/vcycletech.com\/#website","url":"https:\/\/vcycletech.com\/","name":"vcycletech","description":"El principal proveedor de productos qu\u00edmicos para el tratamiento del agua de China y #039;","publisher":{"@id":"https:\/\/vcycletech.com\/#organization"},"potentialAction":[{"@type":"SearchAction","target":{"@type":"EntryPoint","urlTemplate":"https:\/\/vcycletech.com\/?s={search_term_string}"},"query-input":{"@type":"PropertyValueSpecification","valueRequired":true,"valueName":"search_term_string"}}],"inLanguage":"es"},{"@type":"Organization","@id":"https:\/\/vcycletech.com\/#organization","name":"vcycletech","url":"https:\/\/vcycletech.com\/","logo":{"@type":"ImageObject","inLanguage":"es","@id":"https:\/\/vcycletech.com\/#\/schema\/logo\/image\/","url":"https:\/\/vcycletech.com\/wp-content\/uploads\/2023\/03\/logo-vcycletech-1.png","contentUrl":"https:\/\/vcycletech.com\/wp-content\/uploads\/2023\/03\/logo-vcycletech-1.png","width":600,"height":400,"caption":"vcycletech"},"image":{"@id":"https:\/\/vcycletech.com\/#\/schema\/logo\/image\/"}}]}},"_links":{"self":[{"href":"https:\/\/vcycletech.com\/es\/wp-json\/wp\/v2\/product\/1408","targetHints":{"allow":["GET"]}}],"collection":[{"href":"https:\/\/vcycletech.com\/es\/wp-json\/wp\/v2\/product"}],"about":[{"href":"https:\/\/vcycletech.com\/es\/wp-json\/wp\/v2\/types\/product"}],"wp:featuredmedia":[{"embeddable":true,"href":"https:\/\/vcycletech.com\/es\/wp-json\/wp\/v2\/media\/2823"}],"wp:attachment":[{"href":"https:\/\/vcycletech.com\/es\/wp-json\/wp\/v2\/media?parent=1408"}],"wp:term":[{"taxonomy":"product_brand","embeddable":true,"href":"https:\/\/vcycletech.com\/es\/wp-json\/wp\/v2\/product_brand?post=1408"},{"taxonomy":"product_cat","embeddable":true,"href":"https:\/\/vcycletech.com\/es\/wp-json\/wp\/v2\/product_cat?post=1408"},{"taxonomy":"product_tag","embeddable":true,"href":"https:\/\/vcycletech.com\/es\/wp-json\/wp\/v2\/product_tag?post=1408"}],"curies":[{"name":"wp","href":"https:\/\/api.w.org\/{rel}","templated":true}]}}