{"id":1400,"date":"2023-03-22T06:30:22","date_gmt":"2023-03-22T06:30:22","guid":{"rendered":"https:\/\/vcycletech.com\/?post_type=product&#038;p=1400"},"modified":"2023-03-27T02:58:46","modified_gmt":"2023-03-27T02:58:46","slug":"wt-604-inhibidor-de-incrustaciones-y-corrosion-para-centrales-electricas","status":"publish","type":"product","link":"https:\/\/vcycletech.com\/es\/producto\/wt-604-inhibidor-de-incrustaciones-y-corrosion-para-centrales-electricas\/","title":{"rendered":"Inhibidor de incrustaciones y corrosi\u00f3n WT-604 para centrales el\u00e9ctricas"},"content":{"rendered":"<h3 id=\"introduction_2\" class=\"xsj_heading_hash xsj_heading xsj_heading_h2\" data-source-line=\"6\" data-source-line-display=\"true\"><span class=\"xsj_heading_content\">Introducci\u00f3n:<\/span><\/h3>\n<p class=\"xsj_paragraph xsj_paragraph_level_0\" data-source-line=\"7\" data-source-line-display=\"true\">El <strong>Inhibidor de incrustaciones y corrosi\u00f3n WT-604<\/strong> ofrecen una protecci\u00f3n \u00f3ptima para los sistemas de circulaci\u00f3n de agua de refrigeraci\u00f3n en diversas industrias, incluidas las centrales el\u00e9ctricas. Este poderoso inhibidor presenta una mezcla especial de organofosforados y \u00e1cido policarbox\u00edlico para quelatos. Dispersa los incrustantes de carbonato de calcio, sulfato y fosfato mientras exhibe una buena inhibici\u00f3n de incrustaciones en superficies de acero, hierro y cobre.<\/p>\n<div class=\"xiaoshujiang_element xsj_anchor\"><a class=\"blank_anchor_name\" name=\"features_3\"><\/a><a id=\"features_3\" class=\"blank_anchor_id\"><\/a><a class=\"blank_anchor_name\" name=\"features\"><\/a><a id=\"features\" class=\"blank_anchor_id\"><\/a><\/div>\n<h3 id=\"features_3\" class=\"xsj_heading_hash xsj_heading xsj_heading_h2\" data-source-line=\"10\" data-source-line-display=\"true\"><span class=\"xsj_heading_content\">Caracter\u00edsticas:<\/span><\/h3>\n<p class=\"xsj_paragraph xsj_paragraph_level_0\" data-source-line=\"11\" data-source-line-display=\"true\"><strong>WT-604<\/strong> est\u00e1 dise\u00f1ado espec\u00edficamente para proteger contra la acumulaci\u00f3n de dep\u00f3sitos minerales en los sistemas de circulaci\u00f3n de agua de refrigeraci\u00f3n. Act\u00faa evitando la precipitaci\u00f3n de minerales en tuber\u00edas, intercambiadores, calderas, dep\u00f3sitos, superficies de transferencia de calor, etc., evitando as\u00ed la formaci\u00f3n de incrustaciones. Adem\u00e1s, ayuda a prevenir la corrosi\u00f3n debido a su combinaci\u00f3n \u00fanica de compuestos de \u00e1cido organofosforado y \u00e1cido policarbox\u00edlico que pueden quelar iones insolubles (p. ej., carbonato de calcio) que, de lo contrario, provocar\u00edan incrustaciones o corrosi\u00f3n. Otros beneficios incluyen una mayor eficiencia de transferencia de calor y una mayor esperanza de vida para los componentes del equipo.<\/p>\n<div class=\"xiaoshujiang_element xsj_anchor\"><a class=\"blank_anchor_name\" name=\"applications_4\"><\/a><a id=\"applications_4\" class=\"blank_anchor_id\"><\/a><a class=\"blank_anchor_name\" name=\"applications\"><\/a><a id=\"applications\" class=\"blank_anchor_id\"><\/a><\/div>\n<h3 id=\"applications_4\" class=\"xsj_heading_hash xsj_heading xsj_heading_h2\" data-source-line=\"13\" data-source-line-display=\"true\"><span class=\"xsj_heading_content\">Aplicaciones:<\/span><\/h3>\n<p class=\"xsj_paragraph xsj_paragraph_level_0\" data-source-line=\"15\" data-source-line-display=\"true\"><strong>WT-604<\/strong> est\u00e1 dise\u00f1ado para su uso en centrales el\u00e9ctricas donde puede proporcionar una protecci\u00f3n eficaz contra los dep\u00f3sitos de incrustaciones causados por carbonato de calcio, sulfatos, fosfatos u otros minerales en el sistema de agua. Tambi\u00e9n es adecuado para aplicaciones en otras industrias, como plantas qu\u00edmicas o instalaciones petroqu\u00edmicas, con problemas similares de incrustaciones de minerales o ataques corrosivos en los componentes del equipo.<\/p>\n<h3>Especificaci\u00f3n:<\/h3>\n<div>\n<table id=\"tablepress-3\" class=\"tablepress tablepress-id-3\">\n<thead>\n<tr class=\"row-1\">\n\t<th class=\"column-1\">Elementos<\/th><th class=\"column-2\">\u00cdndice<\/th>\n<\/tr>\n<\/thead>\n<tbody class=\"row-striping row-hover\">\n<tr class=\"row-2\">\n\t<td class=\"column-1\">Apariencia<\/td><td class=\"column-2\">L\u00edquido transparente marr\u00f3n<\/td>\n<\/tr>\n<tr class=\"row-3\">\n\t<td class=\"column-1\">Tiazol (C6H5N3) %<\/td><td class=\"column-2\">1,0 minutos<\/td>\n<\/tr>\n<tr class=\"row-4\">\n\t<td class=\"column-1\">\u00c1cido fosf\u00f3rico total (como PO43-)%<\/td><td class=\"column-2\">20 m\u00e1x.<\/td>\n<\/tr>\n<tr class=\"row-5\">\n\t<td class=\"column-1\">\u00c1cido fosforoso (como PO33-) %<\/td><td class=\"column-2\">1.0 m\u00e1x.<\/td>\n<\/tr>\n<tr class=\"row-6\">\n\t<td class=\"column-1\">\u00e1cido fosf\u00f3rico (como PO43-)%<\/td><td class=\"column-2\">0,5 m\u00e1x.<\/td>\n<\/tr>\n<tr class=\"row-7\">\n\t<td class=\"column-1\">Contenido s\u00f3lido %<\/td><td class=\"column-2\">32,0 minutos<\/td>\n<\/tr>\n<tr class=\"row-8\">\n\t<td class=\"column-1\">PH (soluci\u00f3n de agua 1%)<\/td><td class=\"column-2\">3,0\u00b11,5<\/td>\n<\/tr>\n<tr class=\"row-9\">\n\t<td class=\"column-1\">Densidad 20 \u2103 (g\/cm3)<\/td><td class=\"column-2\">1,15 minutos<\/td>\n<\/tr>\n<tr class=\"row-10\">\n\t<td class=\"column-1\"><span style=\"color:#222222;\"><strong><\/strong><\/span><\/td><td class=\"column-2\"><\/td>\n<\/tr>\n<\/tbody>\n<\/table>\n<\/div>\n<div class=\"xiaoshujiang_element xsj_anchor\"><a class=\"blank_anchor_name\" name=\"faqs_5\"><\/a><a id=\"faqs_5\" class=\"blank_anchor_id\"><\/a><a class=\"blank_anchor_name\" name=\"faqs\"><\/a><a id=\"faqs\" class=\"blank_anchor_id\"><\/a><\/div>\n<h3 id=\"faqs_5\" class=\"xsj_heading_hash xsj_heading xsj_heading_h2\" data-source-line=\"17\" data-source-line-display=\"true\"><span class=\"xsj_heading_content\">Preguntas frecuentes:<\/span><\/h3>\n<div class=\"xiaoshujiang_element xsj_anchor\"><a class=\"blank_anchor_name\" name=\"q120what20makes20wt-60420so20effective_6\"><\/a><a id=\"q120what20makes20wt-60420so20effective_6\" class=\"blank_anchor_id\"><\/a><a class=\"blank_anchor_name\" name=\"q1-what-makes-wt-604-so-effective\"><\/a><a id=\"q1-what-makes-wt-604-so-effective\" class=\"blank_anchor_id\"><\/a><\/div>\n<p id=\"q120what20makes20wt-60420so20effective_6\" class=\"xsj_heading_hash xsj_heading xsj_heading_h3\" data-source-line=\"19\" data-source-line-display=\"true\"><strong><span class=\"xsj_heading_content\">P1: \u00bfQu\u00e9 hace que WT-604 sea tan efectivo?<\/span><\/strong><\/p>\n<p class=\"xsj_paragraph xsj_paragraph_level_0\" data-source-line=\"21\" data-source-line-display=\"true\">R1: WT-604 combina compuestos de \u00e1cido organofosforado y \u00e1cido policarbox\u00edlico, que pueden quelar eficazmente iones insolubles como el carbonato de calcio antes de acumularse en dep\u00f3sitos que provocan incrustaciones o corrosi\u00f3n. Esto ayuda a mantener una transferencia de calor eficiente en todo el sistema y mejora la esperanza de vida de los componentes.<\/p>\n<div class=\"xiaoshujiang_element xsj_anchor\"><a class=\"blank_anchor_name\" name=\"q220what20industries20does20it20work20best20for_7\"><\/a><a id=\"q220what20industries20does20it20work20best20for_7\" class=\"blank_anchor_id\"><\/a><a class=\"blank_anchor_name\" name=\"q2-what-industries-does-it-work-best-for\"><\/a><a id=\"q2-what-industries-does-it-work-best-for\" class=\"blank_anchor_id\"><\/a><\/div>\n<p id=\"q220what20industries20does20it20work20best20for_7\" class=\"xsj_heading_hash xsj_heading xsj_heading_h3\" data-source-line=\"23\" data-source-line-display=\"true\"><strong><span class=\"xsj_heading_content\">P2: \u00bfPara qu\u00e9 industrias funciona mejor?<\/span><\/strong><\/p>\n<p class=\"xsj_paragraph xsj_paragraph_level_0\" data-source-line=\"25\" data-source-line-display=\"true\">A2: La aplicaci\u00f3n principal de WP-604 es proteger los dep\u00f3sitos minerales en las centrales el\u00e9ctricas; sin embargo, se puede utilizar con \u00e9xito en cualquier industria que trabaje con sistemas de refrigeraci\u00f3n por circulaci\u00f3n, como plantas qu\u00edmicas o instalaciones petroqu\u00edmicas donde hay problemas con incrustaciones de minerales o ataques corrosivos.<\/p>\n<div class=\"xiaoshujiang_element xsj_anchor\"><a class=\"blank_anchor_name\" name=\"q320does20it20have20any20other20benefits_8\"><\/a><a id=\"q320does20it20have20any20other20benefits_8\" class=\"blank_anchor_id\"><\/a><a class=\"blank_anchor_name\" name=\"q3-does-it-have-any-other-benefits\"><\/a><a id=\"q3-does-it-have-any-other-benefits\" class=\"blank_anchor_id\"><\/a><\/div>\n<p id=\"q320does20it20have20any20other20benefits_8\" class=\"xsj_heading_hash xsj_heading xsj_heading_h3\" data-source-line=\"27\" data-source-line-display=\"true\"><strong><span class=\"xsj_heading_content\">P3: \u00bfTiene otros beneficios?<\/span><\/strong><\/p>\n<p class=\"xsj_paragraph xsj_paragraph_level_0\" data-source-line=\"29\" data-source-line-display=\"true\">R3: \u00a1S\u00ed! El principal beneficio proporcionado por WT-604 son las propiedades anticorrosivas y antiincrustantes de alto rendimiento; sin embargo, tambi\u00e9n mejora la eficiencia de la transferencia de calor en todo el sistema y, al mismo tiempo, aumenta la esperanza de vida de los componentes a trav\u00e9s de una mejor protecci\u00f3n contra la deposici\u00f3n de incrustaciones y el ataque corrosivo, ambos problemas comunes asociados con el uso de sistemas de circulaci\u00f3n de refrigerante en entornos industriales.<\/p>\n<div class=\"xiaoshujiang_element xsj_anchor\"><a class=\"blank_anchor_name\" name=\"q420are20there20any20safety20concerns20related20to20using20this20product_9\"><\/a><a id=\"q420are20there20any20safety20concerns20related20to20using20this20product_9\" class=\"blank_anchor_id\"><\/a><a class=\"blank_anchor_name\" name=\"q4-are-there-any-safety-concerns-related-to-using-this-product\"><\/a><a id=\"q4-are-there-any-safety-concerns-related-to-using-this-product\" class=\"blank_anchor_id\"><\/a><\/div>\n<p id=\"q420are20there20any20safety20concerns20related20to20using20this20product_9\" class=\"xsj_heading_hash xsj_heading xsj_heading_h3\" data-source-line=\"31\" data-source-line-display=\"true\"><strong><span class=\"xsj_heading_content\">P4: \u00bfHay alg\u00fan problema de seguridad relacionado con el uso de este producto?<\/span><\/strong><\/p>\n<p class=\"xsj_paragraph xsj_paragraph_level_0\" data-source-line=\"33\" data-source-line-display=\"true\">R4: Al igual que con todos los productos qu\u00edmicos, debe manipularse con cuidado; siempre debe seguir las estrictas pautas de seguridad proporcionadas por su proveedor al manipular WP-604 (o productos similares). Siempre se debe usar ropa protectora cuando se manipulan productos qu\u00edmicos (guantes, anteojos, etc.) y tambi\u00e9n se debe implementar una ventilaci\u00f3n adecuada durante el proceso de uso\/aplicaci\u00f3n.<\/p>\n<p data-source-line=\"33\" data-source-line-display=\"true\"><a class=\"xsj_link xsj_manu_link\" href=\"https:\/\/vcycletech.com\/es\/categoria-de-producto\/inhibidores-de-corrosion-a-escala-construida-y-agentes-de-pelicula-de-tratamiento-previo\/\">Obtenga la soluci\u00f3n completa de inhibidores de incrustaciones y corrosi\u00f3n integrados y agentes de filmaci\u00f3n de pretratamiento<\/a>.<\/p>","protected":false},"excerpt":{"rendered":"<p><strong>Inhibidor de incrustaciones y corrosi\u00f3n WT-604<\/strong> es una mezcla de productos qu\u00edmicos que trabajan juntos para proteger su equipo de la corrosi\u00f3n y la acumulaci\u00f3n de incrustaciones. Este inhibidor est\u00e1 dise\u00f1ado para su uso en sistemas de circulaci\u00f3n de agua fr\u00eda en plantas de energ\u00eda, plantas qu\u00edmicas e instalaciones petroqu\u00edmicas. Es efectivo para dispersar incrustantes de carbonato de calcio, sulfato y fosfato, al mismo tiempo que proporciona inhibici\u00f3n de incrustaciones en superficies de acero y hierro. Con <strong>Inhibidor de incrustaciones y corrosi\u00f3n WT-604<\/strong>, puede mantener su equipo industrial funcionando sin problemas y de manera eficiente.<\/p>","protected":false},"featured_media":1414,"template":"","meta":{"site-sidebar-layout":"default","site-content-layout":"default","ast-site-content-layout":"default","site-content-style":"default","site-sidebar-style":"default","ast-global-header-display":"","ast-banner-title-visibility":"","ast-main-header-display":"","ast-hfb-above-header-display":"","ast-hfb-below-header-display":"","ast-hfb-mobile-header-display":"","site-post-title":"","ast-breadcrumbs-content":"","ast-featured-img":"","footer-sml-layout":"","ast-disable-related-posts":"","theme-transparent-header-meta":"default","adv-header-id-meta":"","stick-header-meta":"default","header-above-stick-meta":"","header-main-stick-meta":"","header-below-stick-meta":"","astra-migrate-meta-layouts":"default","ast-page-background-enabled":"default","ast-page-background-meta":{"desktop":{"background-color":"","background-image":"","background-repeat":"repeat","background-position":"center center","background-size":"auto","background-attachment":"scroll","background-type":"","background-media":"","overlay-type":"","overlay-color":"","overlay-opacity":"","overlay-gradient":""},"tablet":{"background-color":"","background-image":"","background-repeat":"repeat","background-position":"center center","background-size":"auto","background-attachment":"scroll","background-type":"","background-media":"","overlay-type":"","overlay-color":"","overlay-opacity":"","overlay-gradient":""},"mobile":{"background-color":"","background-image":"","background-repeat":"repeat","background-position":"center center","background-size":"auto","background-attachment":"scroll","background-type":"","background-media":"","overlay-type":"","overlay-color":"","overlay-opacity":"","overlay-gradient":""}},"ast-content-background-meta":{"desktop":{"background-color":"var(--ast-global-color-5)","background-image":"","background-repeat":"repeat","background-position":"center center","background-size":"auto","background-attachment":"scroll","background-type":"","background-media":"","overlay-type":"","overlay-color":"","overlay-opacity":"","overlay-gradient":""},"tablet":{"background-color":"var(--ast-global-color-5)","background-image":"","background-repeat":"repeat","background-position":"center center","background-size":"auto","background-attachment":"scroll","background-type":"","background-media":"","overlay-type":"","overlay-color":"","overlay-opacity":"","overlay-gradient":""},"mobile":{"background-color":"var(--ast-global-color-5)","background-image":"","background-repeat":"repeat","background-position":"center center","background-size":"auto","background-attachment":"scroll","background-type":"","background-media":"","overlay-type":"","overlay-color":"","overlay-opacity":"","overlay-gradient":""}}},"product_brand":[],"product_cat":[32],"product_tag":[],"class_list":{"0":"post-1400","1":"product","2":"type-product","3":"status-publish","4":"has-post-thumbnail","6":"product_cat-built-scale-corrosion-inhibitors-and-pretreatment-filming-agents","7":"desktop-align-left","8":"tablet-align-left","9":"mobile-align-left","10":"ast-product-gallery-layout-horizontal-slider","11":"ast-product-gallery-with-no-image","12":"ast-product-tabs-layout-horizontal","14":"first","15":"instock","16":"shipping-taxable","17":"product-type-simple"},"yoast_head":"<!-- This site is optimized with the Yoast SEO Premium plugin v26.3 (Yoast SEO v27.5) - https:\/\/yoast.com\/product\/yoast-seo-premium-wordpress\/ -->\n<title>WT-604 Scale and Corrosion Inhibitor for Power Plant - vcycletech<\/title>\n<meta name=\"description\" content=\"Protect your power plant with WT-604 Scale and Corrosion Inhibitor. Our special blend of organophosphorus acid and polycarboxylic acid chelate &amp; disperse scalers for optimal protection in power plants, chemical plants and petrochemical. Try it now!\" \/>\n<meta name=\"robots\" content=\"index, follow, max-snippet:-1, max-image-preview:large, max-video-preview:-1\" \/>\n<link rel=\"canonical\" href=\"https:\/\/vcycletech.com\/es\/producto\/wt-604-inhibidor-de-incrustaciones-y-corrosion-para-centrales-electricas\/\" \/>\n<meta property=\"og:locale\" content=\"es_MX\" \/>\n<meta property=\"og:type\" content=\"article\" \/>\n<meta property=\"og:title\" content=\"WT-604 Scale and Corrosion Inhibitor for Power Plant\" \/>\n<meta property=\"og:description\" content=\"Protect your power plant with WT-604 Scale and Corrosion Inhibitor. Our special blend of organophosphorus acid and polycarboxylic acid chelate &amp; disperse scalers for optimal protection in power plants, chemical plants and petrochemical. Try it now!\" \/>\n<meta property=\"og:url\" content=\"https:\/\/vcycletech.com\/es\/producto\/wt-604-inhibidor-de-incrustaciones-y-corrosion-para-centrales-electricas\/\" \/>\n<meta property=\"og:site_name\" content=\"vcycletech\" \/>\n<meta property=\"article:modified_time\" content=\"2023-03-27T02:58:46+00:00\" \/>\n<meta property=\"og:image\" content=\"https:\/\/vcycletech.com\/wp-content\/uploads\/2023\/03\/WT-601-1.png\" \/>\n\t<meta property=\"og:image:width\" content=\"600\" \/>\n\t<meta property=\"og:image:height\" content=\"600\" \/>\n\t<meta property=\"og:image:type\" content=\"image\/png\" \/>\n<meta name=\"twitter:card\" content=\"summary_large_image\" \/>\n<meta name=\"twitter:label1\" content=\"Tiempo de lectura\" \/>\n\t<meta name=\"twitter:data1\" content=\"2 minutos\" \/>\n<script type=\"application\/ld+json\" class=\"yoast-schema-graph\">{\"@context\":\"https:\\\/\\\/schema.org\",\"@graph\":[{\"@type\":\"WebPage\",\"@id\":\"https:\\\/\\\/vcycletech.com\\\/product\\\/wt-604-scale-and-corrosion-inhibitor-for-power-plant\\\/\",\"url\":\"https:\\\/\\\/vcycletech.com\\\/product\\\/wt-604-scale-and-corrosion-inhibitor-for-power-plant\\\/\",\"name\":\"WT-604 Scale and Corrosion Inhibitor for Power Plant - vcycletech\",\"isPartOf\":{\"@id\":\"https:\\\/\\\/vcycletech.com\\\/#website\"},\"primaryImageOfPage\":{\"@id\":\"https:\\\/\\\/vcycletech.com\\\/product\\\/wt-604-scale-and-corrosion-inhibitor-for-power-plant\\\/#primaryimage\"},\"image\":{\"@id\":\"https:\\\/\\\/vcycletech.com\\\/product\\\/wt-604-scale-and-corrosion-inhibitor-for-power-plant\\\/#primaryimage\"},\"thumbnailUrl\":\"https:\\\/\\\/vcycletech.com\\\/wp-content\\\/uploads\\\/2023\\\/03\\\/WT-601-1.png\",\"datePublished\":\"2023-03-22T06:30:22+00:00\",\"dateModified\":\"2023-03-27T02:58:46+00:00\",\"description\":\"Protect your power plant with WT-604 Scale and Corrosion Inhibitor. Our special blend of organophosphorus acid and polycarboxylic acid chelate & disperse scalers for optimal protection in power plants, chemical plants and petrochemical. Try it now!\",\"breadcrumb\":{\"@id\":\"https:\\\/\\\/vcycletech.com\\\/product\\\/wt-604-scale-and-corrosion-inhibitor-for-power-plant\\\/#breadcrumb\"},\"inLanguage\":\"es\",\"potentialAction\":[{\"@type\":\"ReadAction\",\"target\":[\"https:\\\/\\\/vcycletech.com\\\/product\\\/wt-604-scale-and-corrosion-inhibitor-for-power-plant\\\/\"]}]},{\"@type\":\"ImageObject\",\"inLanguage\":\"es\",\"@id\":\"https:\\\/\\\/vcycletech.com\\\/product\\\/wt-604-scale-and-corrosion-inhibitor-for-power-plant\\\/#primaryimage\",\"url\":\"https:\\\/\\\/vcycletech.com\\\/wp-content\\\/uploads\\\/2023\\\/03\\\/WT-601-1.png\",\"contentUrl\":\"https:\\\/\\\/vcycletech.com\\\/wp-content\\\/uploads\\\/2023\\\/03\\\/WT-601-1.png\",\"width\":600,\"height\":600,\"caption\":\"WT-604 Scale and Corrosion Inhibitor for Power Plant\"},{\"@type\":\"BreadcrumbList\",\"@id\":\"https:\\\/\\\/vcycletech.com\\\/product\\\/wt-604-scale-and-corrosion-inhibitor-for-power-plant\\\/#breadcrumb\",\"itemListElement\":[{\"@type\":\"ListItem\",\"position\":1,\"name\":\"Home\",\"item\":\"https:\\\/\\\/vcycletech.com\\\/\"},{\"@type\":\"ListItem\",\"position\":2,\"name\":\"Water Treatment Chemicals Manufacturer\",\"item\":\"https:\\\/\\\/vcycletech.com\\\/water-treatment-chemicals-manufacturer\\\/\"},{\"@type\":\"ListItem\",\"position\":3,\"name\":\"WT-604 Scale and Corrosion Inhibitor for Power Plant\"}]},{\"@type\":\"WebSite\",\"@id\":\"https:\\\/\\\/vcycletech.com\\\/#website\",\"url\":\"https:\\\/\\\/vcycletech.com\\\/\",\"name\":\"vcycletech\",\"description\":\"China&#039;s top water treatment chemicals supplier\",\"publisher\":{\"@id\":\"https:\\\/\\\/vcycletech.com\\\/#organization\"},\"potentialAction\":[{\"@type\":\"SearchAction\",\"target\":{\"@type\":\"EntryPoint\",\"urlTemplate\":\"https:\\\/\\\/vcycletech.com\\\/?s={search_term_string}\"},\"query-input\":{\"@type\":\"PropertyValueSpecification\",\"valueRequired\":true,\"valueName\":\"search_term_string\"}}],\"inLanguage\":\"es\"},{\"@type\":\"Organization\",\"@id\":\"https:\\\/\\\/vcycletech.com\\\/#organization\",\"name\":\"vcycletech\",\"url\":\"https:\\\/\\\/vcycletech.com\\\/\",\"logo\":{\"@type\":\"ImageObject\",\"inLanguage\":\"es\",\"@id\":\"https:\\\/\\\/vcycletech.com\\\/#\\\/schema\\\/logo\\\/image\\\/\",\"url\":\"https:\\\/\\\/vcycletech.com\\\/wp-content\\\/uploads\\\/2023\\\/03\\\/logo-vcycletech-1.png\",\"contentUrl\":\"https:\\\/\\\/vcycletech.com\\\/wp-content\\\/uploads\\\/2023\\\/03\\\/logo-vcycletech-1.png\",\"width\":600,\"height\":400,\"caption\":\"vcycletech\"},\"image\":{\"@id\":\"https:\\\/\\\/vcycletech.com\\\/#\\\/schema\\\/logo\\\/image\\\/\"}}]}<\/script>\n<!-- \/ Yoast SEO Premium plugin. -->","yoast_head_json":{"title":"Inhibidor de incrustaciones y corrosi\u00f3n WT-604 para centrales el\u00e9ctricas - vcycletech","description":"Proteja su planta de energ\u00eda con el inhibidor de incrustaciones y corrosi\u00f3n WT-604. Nuestra mezcla especial de \u00e1cidos organofosforados y \u00e1cidos policarbox\u00edlicos quelantes y dispersantes para una protecci\u00f3n \u00f3ptima en centrales el\u00e9ctricas, plantas qu\u00edmicas y petroqu\u00edmicas. \u00a1Pruebalo ahora!","robots":{"index":"index","follow":"follow","max-snippet":"max-snippet:-1","max-image-preview":"max-image-preview:large","max-video-preview":"max-video-preview:-1"},"canonical":"https:\/\/vcycletech.com\/es\/producto\/wt-604-inhibidor-de-incrustaciones-y-corrosion-para-centrales-electricas\/","og_locale":"es_MX","og_type":"article","og_title":"WT-604 Scale and Corrosion Inhibitor for Power Plant","og_description":"Protect your power plant with WT-604 Scale and Corrosion Inhibitor. Our special blend of organophosphorus acid and polycarboxylic acid chelate & disperse scalers for optimal protection in power plants, chemical plants and petrochemical. Try it now!","og_url":"https:\/\/vcycletech.com\/es\/producto\/wt-604-inhibidor-de-incrustaciones-y-corrosion-para-centrales-electricas\/","og_site_name":"vcycletech","article_modified_time":"2023-03-27T02:58:46+00:00","og_image":[{"width":600,"height":600,"url":"https:\/\/vcycletech.com\/wp-content\/uploads\/2023\/03\/WT-601-1.png","type":"image\/png"}],"twitter_card":"summary_large_image","twitter_misc":{"Tiempo de lectura":"2 minutos"},"schema":{"@context":"https:\/\/schema.org","@graph":[{"@type":"WebPage","@id":"https:\/\/vcycletech.com\/product\/wt-604-scale-and-corrosion-inhibitor-for-power-plant\/","url":"https:\/\/vcycletech.com\/product\/wt-604-scale-and-corrosion-inhibitor-for-power-plant\/","name":"Inhibidor de incrustaciones y corrosi\u00f3n WT-604 para centrales el\u00e9ctricas - vcycletech","isPartOf":{"@id":"https:\/\/vcycletech.com\/#website"},"primaryImageOfPage":{"@id":"https:\/\/vcycletech.com\/product\/wt-604-scale-and-corrosion-inhibitor-for-power-plant\/#primaryimage"},"image":{"@id":"https:\/\/vcycletech.com\/product\/wt-604-scale-and-corrosion-inhibitor-for-power-plant\/#primaryimage"},"thumbnailUrl":"https:\/\/vcycletech.com\/wp-content\/uploads\/2023\/03\/WT-601-1.png","datePublished":"2023-03-22T06:30:22+00:00","dateModified":"2023-03-27T02:58:46+00:00","description":"Proteja su planta de energ\u00eda con el inhibidor de incrustaciones y corrosi\u00f3n WT-604. Nuestra mezcla especial de \u00e1cidos organofosforados y \u00e1cidos policarbox\u00edlicos quelantes y dispersantes para una protecci\u00f3n \u00f3ptima en centrales el\u00e9ctricas, plantas qu\u00edmicas y petroqu\u00edmicas. \u00a1Pruebalo ahora!","breadcrumb":{"@id":"https:\/\/vcycletech.com\/product\/wt-604-scale-and-corrosion-inhibitor-for-power-plant\/#breadcrumb"},"inLanguage":"es","potentialAction":[{"@type":"ReadAction","target":["https:\/\/vcycletech.com\/product\/wt-604-scale-and-corrosion-inhibitor-for-power-plant\/"]}]},{"@type":"ImageObject","inLanguage":"es","@id":"https:\/\/vcycletech.com\/product\/wt-604-scale-and-corrosion-inhibitor-for-power-plant\/#primaryimage","url":"https:\/\/vcycletech.com\/wp-content\/uploads\/2023\/03\/WT-601-1.png","contentUrl":"https:\/\/vcycletech.com\/wp-content\/uploads\/2023\/03\/WT-601-1.png","width":600,"height":600,"caption":"WT-604 Scale and Corrosion Inhibitor for Power Plant"},{"@type":"BreadcrumbList","@id":"https:\/\/vcycletech.com\/product\/wt-604-scale-and-corrosion-inhibitor-for-power-plant\/#breadcrumb","itemListElement":[{"@type":"ListItem","position":1,"name":"Home","item":"https:\/\/vcycletech.com\/"},{"@type":"ListItem","position":2,"name":"Water Treatment Chemicals Manufacturer","item":"https:\/\/vcycletech.com\/water-treatment-chemicals-manufacturer\/"},{"@type":"ListItem","position":3,"name":"WT-604 Scale and Corrosion Inhibitor for Power Plant"}]},{"@type":"WebSite","@id":"https:\/\/vcycletech.com\/#website","url":"https:\/\/vcycletech.com\/","name":"vcycletech","description":"El principal proveedor de productos qu\u00edmicos para el tratamiento del agua de China y #039;","publisher":{"@id":"https:\/\/vcycletech.com\/#organization"},"potentialAction":[{"@type":"SearchAction","target":{"@type":"EntryPoint","urlTemplate":"https:\/\/vcycletech.com\/?s={search_term_string}"},"query-input":{"@type":"PropertyValueSpecification","valueRequired":true,"valueName":"search_term_string"}}],"inLanguage":"es"},{"@type":"Organization","@id":"https:\/\/vcycletech.com\/#organization","name":"vcycletech","url":"https:\/\/vcycletech.com\/","logo":{"@type":"ImageObject","inLanguage":"es","@id":"https:\/\/vcycletech.com\/#\/schema\/logo\/image\/","url":"https:\/\/vcycletech.com\/wp-content\/uploads\/2023\/03\/logo-vcycletech-1.png","contentUrl":"https:\/\/vcycletech.com\/wp-content\/uploads\/2023\/03\/logo-vcycletech-1.png","width":600,"height":400,"caption":"vcycletech"},"image":{"@id":"https:\/\/vcycletech.com\/#\/schema\/logo\/image\/"}}]}},"_links":{"self":[{"href":"https:\/\/vcycletech.com\/es\/wp-json\/wp\/v2\/product\/1400","targetHints":{"allow":["GET"]}}],"collection":[{"href":"https:\/\/vcycletech.com\/es\/wp-json\/wp\/v2\/product"}],"about":[{"href":"https:\/\/vcycletech.com\/es\/wp-json\/wp\/v2\/types\/product"}],"wp:featuredmedia":[{"embeddable":true,"href":"https:\/\/vcycletech.com\/es\/wp-json\/wp\/v2\/media\/1414"}],"wp:attachment":[{"href":"https:\/\/vcycletech.com\/es\/wp-json\/wp\/v2\/media?parent=1400"}],"wp:term":[{"taxonomy":"product_brand","embeddable":true,"href":"https:\/\/vcycletech.com\/es\/wp-json\/wp\/v2\/product_brand?post=1400"},{"taxonomy":"product_cat","embeddable":true,"href":"https:\/\/vcycletech.com\/es\/wp-json\/wp\/v2\/product_cat?post=1400"},{"taxonomy":"product_tag","embeddable":true,"href":"https:\/\/vcycletech.com\/es\/wp-json\/wp\/v2\/product_tag?post=1400"}],"curies":[{"name":"wp","href":"https:\/\/api.w.org\/{rel}","templated":true}]}}