{"id":1390,"date":"2023-03-22T06:12:43","date_gmt":"2023-03-22T06:12:43","guid":{"rendered":"https:\/\/vcycletech.com\/?post_type=product&#038;p=1390"},"modified":"2023-03-27T03:02:44","modified_gmt":"2023-03-27T03:02:44","slug":"wt-601-inhibidor-de-incrustaciones-y-corrosion-para-plantas-de-hierro-acero","status":"publish","type":"product","link":"https:\/\/vcycletech.com\/es\/producto\/wt-601-inhibidor-de-incrustaciones-y-corrosion-para-plantas-de-hierro-acero\/","title":{"rendered":"Inhibidor de incrustaciones y corrosi\u00f3n WT-601 para plantas sider\u00fargicas"},"content":{"rendered":"<h3 id=\"introduction_2\" class=\"xsj_heading_hash xsj_heading xsj_heading_h2\" data-source-line=\"6\" data-source-line-display=\"true\"><span class=\"xsj_heading_content\">Introducci\u00f3n:<\/span><\/h3>\n<p class=\"xsj_paragraph xsj_paragraph_level_0\" data-source-line=\"7\" data-source-line-display=\"true\"><strong>WT-601<\/strong> es un poderoso inhibidor de incrustaciones y corrosi\u00f3n creado a partir de organofosforados, \u00e1cidos policarbox\u00edlicos e inhibidores de hierro carb\u00f3nico. Quela de manera eficiente los dep\u00f3sitos de carbonato de calcio y fosfato para proteger el hierro y el acero en sistemas abiertos de circulaci\u00f3n de agua, lo que lo convierte en una soluci\u00f3n ideal para proteger esos materiales contra la acumulaci\u00f3n da\u00f1ina o la corrosi\u00f3n. La combinaci\u00f3n avanzada de compuestos org\u00e1nicos asegura el desempe\u00f1o superior de WT-601 sobre otras marcas.<\/p>\n<div class=\"xiaoshujiang_element xsj_anchor\"><a class=\"blank_anchor_name\" name=\"features20of20wt-601_3\"><\/a><a id=\"features20of20wt-601_3\" class=\"blank_anchor_id\"><\/a><a class=\"blank_anchor_name\" name=\"features-of-wt-601\"><\/a><a id=\"features-of-wt-601\" class=\"blank_anchor_id\"><\/a><\/div>\n<h3 id=\"features20of20wt-601_3\" class=\"xsj_heading_hash xsj_heading xsj_heading_h2\" data-source-line=\"9\" data-source-line-display=\"true\"><span class=\"xsj_heading_content\">Caracter\u00edsticas:<\/span><\/h3>\n<p class=\"xsj_paragraph xsj_paragraph_level_0\" data-source-line=\"11\" data-source-line-display=\"true\">1, Altamente efectivo: dise\u00f1ado para proteger el hierro y el acero del da\u00f1o causado por la acumulaci\u00f3n o la corrosi\u00f3n.<br \/>\n2, f\u00e1cil de usar: se instala f\u00e1cilmente en cualquier sistema abierto de circulaci\u00f3n de agua sin necesidad de instalaciones complejas.<br \/>\n3, alta compatibilidad con la mayor\u00eda de los materiales de tuber\u00eda: garantiza una protecci\u00f3n duradera con requisitos m\u00ednimos de mantenimiento.<br \/>\n4, potente quelante: quela eficazmente los dep\u00f3sitos de carbonato de calcio y fosfato para una m\u00e1xima protecci\u00f3n.<br \/>\n5, no t\u00f3xico y no inflamable: seguro de usar en muchos entornos sin presentar riesgos para la salud o riesgos de incendio.<\/p>\n<h3 id=\"applications20of20wt-20601_4\" class=\"xsj_heading_hash xsj_heading xsj_heading_h2\" data-source-line=\"17\" data-source-line-display=\"true\"><span class=\"xsj_heading_content\">Aplicaciones:<\/span><\/h3>\n<p class=\"xsj_paragraph xsj_paragraph_level_0\" data-source-line=\"19\" data-source-line-display=\"true\">1, Sistemas de agua de alimentaci\u00f3n de calderas: protege contra incrustaciones, incrustaciones y oxidaci\u00f3n mientras mejora la eficiencia de las calderas al reducir la necesidad de ciclos de limpieza frecuentes.<br \/>\n2, sistemas HVAC: ayuda a reducir los costos de energ\u00eda al evitar la acumulaci\u00f3n en los serpentines del evaporador que pueden causar ca\u00eddas en la eficiencia de enfriamiento debido a la p\u00e9rdida de energ\u00eda.<br \/>\n3, Plantas de tratamiento de aguas residuales: evita la acumulaci\u00f3n en las tuber\u00edas que puede comprometer el proceso de filtraci\u00f3n y generar mayores costos operativos para los propietarios de la planta.<\/p>\n<h3>Especificaci\u00f3n:<\/h3>\n<div>\n<table id=\"tablepress-2\" class=\"tablepress tablepress-id-2\">\n<thead>\n<tr class=\"row-1\">\n\t<th class=\"column-1\">Elementos<\/th><th class=\"column-2\">\u00cdndice<\/th>\n<\/tr>\n<\/thead>\n<tbody class=\"row-striping row-hover\">\n<tr class=\"row-2\">\n\t<td class=\"column-1\">Apariencia<\/td><td class=\"column-2\">L\u00edquido \u00e1mbar<\/td>\n<\/tr>\n<tr class=\"row-3\">\n\t<td class=\"column-1\">Contenido s\u00f3lido, %<\/td><td class=\"column-2\">30,0 minutos<\/td>\n<\/tr>\n<tr class=\"row-4\">\n\t<td class=\"column-1\">\u00c1cido fosf\u00f3rico total, (como PO43-)%<\/td><td class=\"column-2\">15,0 minutos<\/td>\n<\/tr>\n<tr class=\"row-5\">\n\t<td class=\"column-1\">pH,(1%soluci\u00f3n de agua)<\/td><td class=\"column-2\">2,0\u00b11,0<\/td>\n<\/tr>\n<tr class=\"row-6\">\n\t<td class=\"column-1\">Densidad (20 \u2103), g\/cm3<\/td><td class=\"column-2\">1.1<\/td>\n<\/tr>\n<tr class=\"row-7\">\n\t<td class=\"column-1\"><span style=\"color:#222222;\"><strong><\/strong><\/span><\/td><td class=\"column-2\"><\/td>\n<\/tr>\n<\/tbody>\n<\/table>\n<\/div>\n<div class=\"xiaoshujiang_element xsj_anchor\"><a class=\"blank_anchor_name\" name=\"frequently20asked20questions20about20wt-20601_4\"><\/a><a id=\"frequently20asked20questions20about20wt-20601_4\" class=\"blank_anchor_id\"><\/a><a class=\"blank_anchor_name\" name=\"frequently-asked-questions-about-wt-601\"><\/a><a id=\"frequently-asked-questions-about-wt-601\" class=\"blank_anchor_id\"><\/a><\/div>\n<h3 id=\"frequently20asked20questions20about20wt-20601_4\" class=\"xsj_heading_hash xsj_heading xsj_heading_h2\" data-source-line=\"21\" data-source-line-display=\"true\">Preguntas frecuentes:<\/h3>\n<div class=\"xiaoshujiang_element xsj_anchor\"><a class=\"blank_anchor_name\" name=\"q20what20are20the20benefits20of20using20wt-601_5\"><\/a><a id=\"q20what20are20the20benefits20of20using20wt-601_5\" class=\"blank_anchor_id\"><\/a><a class=\"blank_anchor_name\" name=\"q-what-are-the-benefits-of-using-wt-601\"><\/a><a id=\"q-what-are-the-benefits-of-using-wt-601\" class=\"blank_anchor_id\"><\/a><\/div>\n<p id=\"q20what20are20the20benefits20of20using20wt-601_5\" class=\"xsj_heading_hash xsj_heading xsj_heading_h3\" data-source-line=\"23\" data-source-line-display=\"true\"><strong><span class=\"xsj_heading_content\">P1: \u00bfCu\u00e1les son los beneficios de usar WT-601?<\/span><\/strong><\/p>\n<p class=\"xsj_paragraph xsj_paragraph_level_0\" data-source-line=\"25\" data-source-line-display=\"true\">El beneficio principal es que es muy eficaz para proteger el hierro y el acero de los da\u00f1os causados por la acumulaci\u00f3n o la corrosi\u00f3n, al mismo tiempo que es f\u00e1cil de instalar en cualquier sistema abierto de circulaci\u00f3n de agua con requisitos m\u00ednimos de mantenimiento posterior.<\/p>\n<div class=\"xiaoshujiang_element xsj_anchor\"><a class=\"blank_anchor_name\" name=\"q20is20wt-2060120non20toxic_6\"><\/a><a id=\"q20is20wt-2060120non20toxic_6\" class=\"blank_anchor_id\"><\/a><a class=\"blank_anchor_name\" name=\"q-is-wt-601-non-toxic\"><\/a><a id=\"q-is-wt-601-non-toxic\" class=\"blank_anchor_id\"><\/a><\/div>\n<p id=\"q20is20wt-2060120non20toxic_6\" class=\"xsj_heading_hash xsj_heading xsj_heading_h3\" data-source-line=\"27\" data-source-line-display=\"true\"><strong><span class=\"xsj_heading_content\">P2: \u00bfEl WT-601 no es t\u00f3xico?<\/span><\/strong><\/p>\n<p class=\"xsj_paragraph xsj_paragraph_level_0\" data-source-line=\"29\" data-source-line-display=\"true\">S\u00ed, no es t\u00f3xico ni inflamable, por lo que su uso es seguro en casi todos los entornos sin presentar riesgos para la salud ni riesgos de incendio.<\/p>\n<div class=\"xiaoshujiang_element xsj_anchor\"><a class=\"blank_anchor_name\" name=\"q20how20does20wt-60120work_7\"><\/a><a id=\"q20how20does20wt-60120work_7\" class=\"blank_anchor_id\"><\/a><a class=\"blank_anchor_name\" name=\"q-how-does-wt-601-work\"><\/a><a id=\"q-how-does-wt-601-work\" class=\"blank_anchor_id\"><\/a><\/div>\n<p id=\"q20how20does20wt-60120work_7\" class=\"xsj_heading_hash xsj_heading xsj_heading_h3\" data-source-line=\"31\" data-source-line-display=\"true\"><strong><span class=\"xsj_heading_content\">P3: \u00bfC\u00f3mo funciona WT-601?<\/span><\/strong><\/p>\n<p class=\"xsj_paragraph xsj_paragraph_level_0\" data-source-line=\"33\" data-source-line-display=\"true\">Funciona mediante la quelaci\u00f3n de dep\u00f3sitos de fosfato y carbonato de calcio, lo que ayuda a proteger el hierro y el acero del da\u00f1o causado por la acumulaci\u00f3n o la corrosi\u00f3n cuando se usa en un sistema abierto de circulaci\u00f3n de agua, como un sistema de agua de alimentaci\u00f3n de calderas o un sistema HVAC.<\/p>\n<div class=\"xiaoshujiang_element xsj_anchor\"><a class=\"blank_anchor_name\" name=\"q20what20type20of20materials20are20compatible20with20wte28090601_8\"><\/a><a id=\"q20what20type20of20materials20are20compatible20with20wte28090601_8\" class=\"blank_anchor_id\"><\/a><a class=\"blank_anchor_name\" name=\"q-what-type-of-materials-are-compatible-with-wt601\"><\/a><a id=\"q-what-type-of-materials-are-compatible-with-wt601\" class=\"blank_anchor_id\"><\/a><\/div>\n<p id=\"q20what20type20of20materials20are20compatible20with20wte28090601_8\" class=\"xsj_heading_hash xsj_heading xsj_heading_h3\" data-source-line=\"35\" data-source-line-display=\"true\"><strong><span class=\"xsj_heading_content\">P4: \u00bfQu\u00e9 tipo de materiales son compatibles con WT-601?<\/span><\/strong><\/p>\n<p class=\"xsj_paragraph xsj_paragraph_level_0\" data-source-line=\"37\" data-source-line-display=\"true\">WT-601 es altamente compatible con la mayor\u00eda de los materiales de tuber\u00eda, por lo que no tiene que preocuparse por da\u00f1ar la tuber\u00eda existente cuando la usa para protegerla contra la acumulaci\u00f3n de incrustaciones o la corrosi\u00f3n.<\/p>\n<div class=\"xiaoshujiang_element xsj_anchor\"><a class=\"blank_anchor_name\" name=\"q20are20there20any20safety20concerns20associated20with20using20wte28090601_9\"><\/a><a id=\"q20are20there20any20safety20concerns20associated20with20using20wte28090601_9\" class=\"blank_anchor_id\"><\/a><a class=\"blank_anchor_name\" name=\"q-are-there-any-safety-concerns-associated-with-using-wt601\"><\/a><a id=\"q-are-there-any-safety-concerns-associated-with-using-wt601\" class=\"blank_anchor_id\"><\/a><\/div>\n<p id=\"q20are20there20any20safety20concerns20associated20with20using20wte28090601_9\" class=\"xsj_heading_hash xsj_heading xsj_heading_h3\" data-source-line=\"40\" data-source-line-display=\"true\"><strong><span class=\"xsj_heading_content\">P5: \u00bfHay alg\u00fan problema de seguridad asociado con el uso de WT-601?<\/span><\/strong><\/p>\n<p class=\"xsj_paragraph xsj_paragraph_level_0\" data-source-line=\"42\" data-source-line-display=\"true\">No, debido a que no es t\u00f3xico ni inflamable, no hay problemas de seguridad asociados con su uso aparte de las precauciones normales que se deben tomar cuando se trata de productos qu\u00edmicos.<\/p>\n<p class=\"xsj_paragraph xsj_paragraph_level_0\" data-source-line=\"44\" data-source-line-display=\"true\"><a class=\"xsj_link xsj_manu_link\" href=\"https:\/\/vcycletech.com\/es\/categoria-de-producto\/inhibidores-de-corrosion-a-escala-construida-y-agentes-de-pelicula-de-tratamiento-previo\/\">Obtenga la soluci\u00f3n completa de inhibidores de incrustaciones y corrosi\u00f3n integrados y agentes de filmaci\u00f3n de pretratamiento<\/a>.<\/p>","protected":false},"excerpt":{"rendered":"<p>Si est\u00e1 buscando un inhibidor de incrustaciones y corrosi\u00f3n que pueda proteger el acero y el hierro en sistemas abiertos de agua fr\u00eda en circulaci\u00f3n, entonces <strong>peso<span style=\"font-size: 16px; font-style: normal;\">\u00a0<\/span><\/strong><span style=\"font-size: 16px;\"><strong>-601<\/strong> es una elecci\u00f3n perfecta. Este producto est\u00e1 elaborado a partir de organofosforados, \u00e1cidos policarbox\u00edlicos e inhibidores de hierro y carbono, lo que lo hace muy eficaz para quelar los dep\u00f3sitos de fosfato y carbonato de calcio. Usando <strong>WT-601<\/strong>, puede proteger sus materiales contra la acumulaci\u00f3n da\u00f1ina o la corrosi\u00f3n.<\/span><\/p>","protected":false},"featured_media":1398,"template":"","meta":{"site-sidebar-layout":"default","site-content-layout":"default","ast-site-content-layout":"default","site-content-style":"default","site-sidebar-style":"default","ast-global-header-display":"","ast-banner-title-visibility":"","ast-main-header-display":"","ast-hfb-above-header-display":"","ast-hfb-below-header-display":"","ast-hfb-mobile-header-display":"","site-post-title":"","ast-breadcrumbs-content":"","ast-featured-img":"","footer-sml-layout":"","ast-disable-related-posts":"","theme-transparent-header-meta":"default","adv-header-id-meta":"","stick-header-meta":"default","header-above-stick-meta":"","header-main-stick-meta":"","header-below-stick-meta":"","astra-migrate-meta-layouts":"default","ast-page-background-enabled":"default","ast-page-background-meta":{"desktop":{"background-color":"","background-image":"","background-repeat":"repeat","background-position":"center center","background-size":"auto","background-attachment":"scroll","background-type":"","background-media":"","overlay-type":"","overlay-color":"","overlay-opacity":"","overlay-gradient":""},"tablet":{"background-color":"","background-image":"","background-repeat":"repeat","background-position":"center center","background-size":"auto","background-attachment":"scroll","background-type":"","background-media":"","overlay-type":"","overlay-color":"","overlay-opacity":"","overlay-gradient":""},"mobile":{"background-color":"","background-image":"","background-repeat":"repeat","background-position":"center center","background-size":"auto","background-attachment":"scroll","background-type":"","background-media":"","overlay-type":"","overlay-color":"","overlay-opacity":"","overlay-gradient":""}},"ast-content-background-meta":{"desktop":{"background-color":"var(--ast-global-color-5)","background-image":"","background-repeat":"repeat","background-position":"center center","background-size":"auto","background-attachment":"scroll","background-type":"","background-media":"","overlay-type":"","overlay-color":"","overlay-opacity":"","overlay-gradient":""},"tablet":{"background-color":"var(--ast-global-color-5)","background-image":"","background-repeat":"repeat","background-position":"center center","background-size":"auto","background-attachment":"scroll","background-type":"","background-media":"","overlay-type":"","overlay-color":"","overlay-opacity":"","overlay-gradient":""},"mobile":{"background-color":"var(--ast-global-color-5)","background-image":"","background-repeat":"repeat","background-position":"center center","background-size":"auto","background-attachment":"scroll","background-type":"","background-media":"","overlay-type":"","overlay-color":"","overlay-opacity":"","overlay-gradient":""}}},"product_brand":[],"product_cat":[32],"product_tag":[],"class_list":{"0":"post-1390","1":"product","2":"type-product","3":"status-publish","4":"has-post-thumbnail","6":"product_cat-built-scale-corrosion-inhibitors-and-pretreatment-filming-agents","7":"desktop-align-left","8":"tablet-align-left","9":"mobile-align-left","10":"ast-product-gallery-layout-horizontal-slider","11":"ast-product-gallery-with-no-image","12":"ast-product-tabs-layout-horizontal","14":"first","15":"instock","16":"shipping-taxable","17":"product-type-simple"},"yoast_head":"<!-- This site is optimized with the Yoast SEO Premium plugin v26.3 (Yoast SEO v27.3) - https:\/\/yoast.com\/product\/yoast-seo-premium-wordpress\/ -->\n<title>WT-601 Scale and Corrosion Inhibitor for Iron &amp; Steel Plant - vcycletech<\/title>\n<meta name=\"description\" content=\"Protect steel &amp; iron in open wide circulating cool water systems with WT-601 \u2013 a highly effective scale and corrosion inhibitor crafted from organophosphorus, polycarboxylic acid, and carbon iron inhibitors!\" \/>\n<meta name=\"robots\" content=\"index, follow, max-snippet:-1, max-image-preview:large, max-video-preview:-1\" \/>\n<link rel=\"canonical\" href=\"https:\/\/vcycletech.com\/es\/producto\/wt-601-inhibidor-de-incrustaciones-y-corrosion-para-plantas-de-hierro-acero\/\" \/>\n<meta property=\"og:locale\" content=\"es_MX\" \/>\n<meta property=\"og:type\" content=\"article\" \/>\n<meta property=\"og:title\" content=\"WT-601 Scale and Corrosion Inhibitor for Iron &amp; Steel Plant\" \/>\n<meta property=\"og:description\" content=\"Protect steel &amp; iron in open wide circulating cool water systems with WT-601 \u2013 a highly effective scale and corrosion inhibitor crafted from organophosphorus, polycarboxylic acid, and carbon iron inhibitors!\" \/>\n<meta property=\"og:url\" content=\"https:\/\/vcycletech.com\/es\/producto\/wt-601-inhibidor-de-incrustaciones-y-corrosion-para-plantas-de-hierro-acero\/\" \/>\n<meta property=\"og:site_name\" content=\"vcycletech\" \/>\n<meta property=\"article:modified_time\" content=\"2023-03-27T03:02:44+00:00\" \/>\n<meta property=\"og:image\" content=\"https:\/\/vcycletech.com\/wp-content\/uploads\/2023\/03\/WT-601.png\" \/>\n\t<meta property=\"og:image:width\" content=\"600\" \/>\n\t<meta property=\"og:image:height\" content=\"600\" \/>\n\t<meta property=\"og:image:type\" content=\"image\/png\" \/>\n<meta name=\"twitter:card\" content=\"summary_large_image\" \/>\n<meta name=\"twitter:label1\" content=\"Tiempo de lectura\" \/>\n\t<meta name=\"twitter:data1\" content=\"2 minutos\" \/>\n<script type=\"application\/ld+json\" class=\"yoast-schema-graph\">{\"@context\":\"https:\\\/\\\/schema.org\",\"@graph\":[{\"@type\":\"WebPage\",\"@id\":\"https:\\\/\\\/vcycletech.com\\\/product\\\/wt-601-scale-and-corrosion-inhibitor-for-iron-steel-plant\\\/\",\"url\":\"https:\\\/\\\/vcycletech.com\\\/product\\\/wt-601-scale-and-corrosion-inhibitor-for-iron-steel-plant\\\/\",\"name\":\"WT-601 Scale and Corrosion Inhibitor for Iron & Steel Plant - vcycletech\",\"isPartOf\":{\"@id\":\"https:\\\/\\\/vcycletech.com\\\/#website\"},\"primaryImageOfPage\":{\"@id\":\"https:\\\/\\\/vcycletech.com\\\/product\\\/wt-601-scale-and-corrosion-inhibitor-for-iron-steel-plant\\\/#primaryimage\"},\"image\":{\"@id\":\"https:\\\/\\\/vcycletech.com\\\/product\\\/wt-601-scale-and-corrosion-inhibitor-for-iron-steel-plant\\\/#primaryimage\"},\"thumbnailUrl\":\"https:\\\/\\\/vcycletech.com\\\/wp-content\\\/uploads\\\/2023\\\/03\\\/WT-601.png\",\"datePublished\":\"2023-03-22T06:12:43+00:00\",\"dateModified\":\"2023-03-27T03:02:44+00:00\",\"description\":\"Protect steel & iron in open wide circulating cool water systems with WT-601 \u2013 a highly effective scale and corrosion inhibitor crafted from organophosphorus, polycarboxylic acid, and carbon iron inhibitors!\",\"breadcrumb\":{\"@id\":\"https:\\\/\\\/vcycletech.com\\\/product\\\/wt-601-scale-and-corrosion-inhibitor-for-iron-steel-plant\\\/#breadcrumb\"},\"inLanguage\":\"es\",\"potentialAction\":[{\"@type\":\"ReadAction\",\"target\":[\"https:\\\/\\\/vcycletech.com\\\/product\\\/wt-601-scale-and-corrosion-inhibitor-for-iron-steel-plant\\\/\"]}]},{\"@type\":\"ImageObject\",\"inLanguage\":\"es\",\"@id\":\"https:\\\/\\\/vcycletech.com\\\/product\\\/wt-601-scale-and-corrosion-inhibitor-for-iron-steel-plant\\\/#primaryimage\",\"url\":\"https:\\\/\\\/vcycletech.com\\\/wp-content\\\/uploads\\\/2023\\\/03\\\/WT-601.png\",\"contentUrl\":\"https:\\\/\\\/vcycletech.com\\\/wp-content\\\/uploads\\\/2023\\\/03\\\/WT-601.png\",\"width\":600,\"height\":600,\"caption\":\"WT-601 Scale and Corrosion Inhibitor for Iron & Steel Plant\"},{\"@type\":\"BreadcrumbList\",\"@id\":\"https:\\\/\\\/vcycletech.com\\\/product\\\/wt-601-scale-and-corrosion-inhibitor-for-iron-steel-plant\\\/#breadcrumb\",\"itemListElement\":[{\"@type\":\"ListItem\",\"position\":1,\"name\":\"Home\",\"item\":\"https:\\\/\\\/vcycletech.com\\\/\"},{\"@type\":\"ListItem\",\"position\":2,\"name\":\"Water Treatment Chemicals Manufacturer\",\"item\":\"https:\\\/\\\/vcycletech.com\\\/water-treatment-chemicals-manufacturer\\\/\"},{\"@type\":\"ListItem\",\"position\":3,\"name\":\"WT-601 Scale and Corrosion Inhibitor for Iron &#038; Steel Plant\"}]},{\"@type\":\"WebSite\",\"@id\":\"https:\\\/\\\/vcycletech.com\\\/#website\",\"url\":\"https:\\\/\\\/vcycletech.com\\\/\",\"name\":\"vcycletech\",\"description\":\"China&#039;s top water treatment chemicals supplier\",\"publisher\":{\"@id\":\"https:\\\/\\\/vcycletech.com\\\/#organization\"},\"potentialAction\":[{\"@type\":\"SearchAction\",\"target\":{\"@type\":\"EntryPoint\",\"urlTemplate\":\"https:\\\/\\\/vcycletech.com\\\/?s={search_term_string}\"},\"query-input\":{\"@type\":\"PropertyValueSpecification\",\"valueRequired\":true,\"valueName\":\"search_term_string\"}}],\"inLanguage\":\"es\"},{\"@type\":\"Organization\",\"@id\":\"https:\\\/\\\/vcycletech.com\\\/#organization\",\"name\":\"vcycletech\",\"url\":\"https:\\\/\\\/vcycletech.com\\\/\",\"logo\":{\"@type\":\"ImageObject\",\"inLanguage\":\"es\",\"@id\":\"https:\\\/\\\/vcycletech.com\\\/#\\\/schema\\\/logo\\\/image\\\/\",\"url\":\"https:\\\/\\\/vcycletech.com\\\/wp-content\\\/uploads\\\/2023\\\/03\\\/logo-vcycletech-1.png\",\"contentUrl\":\"https:\\\/\\\/vcycletech.com\\\/wp-content\\\/uploads\\\/2023\\\/03\\\/logo-vcycletech-1.png\",\"width\":600,\"height\":400,\"caption\":\"vcycletech\"},\"image\":{\"@id\":\"https:\\\/\\\/vcycletech.com\\\/#\\\/schema\\\/logo\\\/image\\\/\"}}]}<\/script>\n<!-- \/ Yoast SEO Premium plugin. -->","yoast_head_json":{"title":"Inhibidor de incrustaciones y corrosi\u00f3n WT-601 para plantas de hierro y acero - vcycletech","description":"Proteja el acero y el hierro en sistemas abiertos de agua fr\u00eda de amplia circulaci\u00f3n con WT-601: \u00a1un inhibidor de incrustaciones y corrosi\u00f3n altamente eficaz fabricado con organofosforados, \u00e1cidos policarbox\u00edlicos e inhibidores de hierro carb\u00f3nico!","robots":{"index":"index","follow":"follow","max-snippet":"max-snippet:-1","max-image-preview":"max-image-preview:large","max-video-preview":"max-video-preview:-1"},"canonical":"https:\/\/vcycletech.com\/es\/producto\/wt-601-inhibidor-de-incrustaciones-y-corrosion-para-plantas-de-hierro-acero\/","og_locale":"es_MX","og_type":"article","og_title":"WT-601 Scale and Corrosion Inhibitor for Iron & Steel Plant","og_description":"Protect steel & iron in open wide circulating cool water systems with WT-601 \u2013 a highly effective scale and corrosion inhibitor crafted from organophosphorus, polycarboxylic acid, and carbon iron inhibitors!","og_url":"https:\/\/vcycletech.com\/es\/producto\/wt-601-inhibidor-de-incrustaciones-y-corrosion-para-plantas-de-hierro-acero\/","og_site_name":"vcycletech","article_modified_time":"2023-03-27T03:02:44+00:00","og_image":[{"width":600,"height":600,"url":"https:\/\/vcycletech.com\/wp-content\/uploads\/2023\/03\/WT-601.png","type":"image\/png"}],"twitter_card":"summary_large_image","twitter_misc":{"Tiempo de lectura":"2 minutos"},"schema":{"@context":"https:\/\/schema.org","@graph":[{"@type":"WebPage","@id":"https:\/\/vcycletech.com\/product\/wt-601-scale-and-corrosion-inhibitor-for-iron-steel-plant\/","url":"https:\/\/vcycletech.com\/product\/wt-601-scale-and-corrosion-inhibitor-for-iron-steel-plant\/","name":"Inhibidor de incrustaciones y corrosi\u00f3n WT-601 para plantas de hierro y acero - vcycletech","isPartOf":{"@id":"https:\/\/vcycletech.com\/#website"},"primaryImageOfPage":{"@id":"https:\/\/vcycletech.com\/product\/wt-601-scale-and-corrosion-inhibitor-for-iron-steel-plant\/#primaryimage"},"image":{"@id":"https:\/\/vcycletech.com\/product\/wt-601-scale-and-corrosion-inhibitor-for-iron-steel-plant\/#primaryimage"},"thumbnailUrl":"https:\/\/vcycletech.com\/wp-content\/uploads\/2023\/03\/WT-601.png","datePublished":"2023-03-22T06:12:43+00:00","dateModified":"2023-03-27T03:02:44+00:00","description":"Proteja el acero y el hierro en sistemas abiertos de agua fr\u00eda de amplia circulaci\u00f3n con WT-601: \u00a1un inhibidor de incrustaciones y corrosi\u00f3n altamente eficaz fabricado con organofosforados, \u00e1cidos policarbox\u00edlicos e inhibidores de hierro carb\u00f3nico!","breadcrumb":{"@id":"https:\/\/vcycletech.com\/product\/wt-601-scale-and-corrosion-inhibitor-for-iron-steel-plant\/#breadcrumb"},"inLanguage":"es","potentialAction":[{"@type":"ReadAction","target":["https:\/\/vcycletech.com\/product\/wt-601-scale-and-corrosion-inhibitor-for-iron-steel-plant\/"]}]},{"@type":"ImageObject","inLanguage":"es","@id":"https:\/\/vcycletech.com\/product\/wt-601-scale-and-corrosion-inhibitor-for-iron-steel-plant\/#primaryimage","url":"https:\/\/vcycletech.com\/wp-content\/uploads\/2023\/03\/WT-601.png","contentUrl":"https:\/\/vcycletech.com\/wp-content\/uploads\/2023\/03\/WT-601.png","width":600,"height":600,"caption":"WT-601 Scale and Corrosion Inhibitor for Iron & Steel Plant"},{"@type":"BreadcrumbList","@id":"https:\/\/vcycletech.com\/product\/wt-601-scale-and-corrosion-inhibitor-for-iron-steel-plant\/#breadcrumb","itemListElement":[{"@type":"ListItem","position":1,"name":"Home","item":"https:\/\/vcycletech.com\/"},{"@type":"ListItem","position":2,"name":"Water Treatment Chemicals Manufacturer","item":"https:\/\/vcycletech.com\/water-treatment-chemicals-manufacturer\/"},{"@type":"ListItem","position":3,"name":"WT-601 Scale and Corrosion Inhibitor for Iron &#038; Steel Plant"}]},{"@type":"WebSite","@id":"https:\/\/vcycletech.com\/#website","url":"https:\/\/vcycletech.com\/","name":"vcycletech","description":"El principal proveedor de productos qu\u00edmicos para el tratamiento del agua de China y #039;","publisher":{"@id":"https:\/\/vcycletech.com\/#organization"},"potentialAction":[{"@type":"SearchAction","target":{"@type":"EntryPoint","urlTemplate":"https:\/\/vcycletech.com\/?s={search_term_string}"},"query-input":{"@type":"PropertyValueSpecification","valueRequired":true,"valueName":"search_term_string"}}],"inLanguage":"es"},{"@type":"Organization","@id":"https:\/\/vcycletech.com\/#organization","name":"vcycletech","url":"https:\/\/vcycletech.com\/","logo":{"@type":"ImageObject","inLanguage":"es","@id":"https:\/\/vcycletech.com\/#\/schema\/logo\/image\/","url":"https:\/\/vcycletech.com\/wp-content\/uploads\/2023\/03\/logo-vcycletech-1.png","contentUrl":"https:\/\/vcycletech.com\/wp-content\/uploads\/2023\/03\/logo-vcycletech-1.png","width":600,"height":400,"caption":"vcycletech"},"image":{"@id":"https:\/\/vcycletech.com\/#\/schema\/logo\/image\/"}}]}},"_links":{"self":[{"href":"https:\/\/vcycletech.com\/es\/wp-json\/wp\/v2\/product\/1390","targetHints":{"allow":["GET"]}}],"collection":[{"href":"https:\/\/vcycletech.com\/es\/wp-json\/wp\/v2\/product"}],"about":[{"href":"https:\/\/vcycletech.com\/es\/wp-json\/wp\/v2\/types\/product"}],"wp:featuredmedia":[{"embeddable":true,"href":"https:\/\/vcycletech.com\/es\/wp-json\/wp\/v2\/media\/1398"}],"wp:attachment":[{"href":"https:\/\/vcycletech.com\/es\/wp-json\/wp\/v2\/media?parent=1390"}],"wp:term":[{"taxonomy":"product_brand","embeddable":true,"href":"https:\/\/vcycletech.com\/es\/wp-json\/wp\/v2\/product_brand?post=1390"},{"taxonomy":"product_cat","embeddable":true,"href":"https:\/\/vcycletech.com\/es\/wp-json\/wp\/v2\/product_cat?post=1390"},{"taxonomy":"product_tag","embeddable":true,"href":"https:\/\/vcycletech.com\/es\/wp-json\/wp\/v2\/product_tag?post=1390"}],"curies":[{"name":"wp","href":"https:\/\/api.w.org\/{rel}","templated":true}]}}