{"id":1386,"date":"2023-03-22T05:50:58","date_gmt":"2023-03-22T05:50:58","guid":{"rendered":"https:\/\/vcycletech.com\/?post_type=product&#038;p=1386"},"modified":"2023-03-22T06:43:00","modified_gmt":"2023-03-22T06:43:00","slug":"dodecil-tetradecil-dimetil-amina-oxideoa-14","status":"publish","type":"product","link":"https:\/\/vcycletech.com\/es\/producto\/dodecil-tetradecil-dimetil-amina-oxideoa-14\/","title":{"rendered":"\u00d3xido de dodecil tetradecil dimetil amina (OA-14)"},"content":{"rendered":"<h3>N\u00ba CAS 3332-27-2<\/h3>\n<h3>F\u00f3rmula molecular: C16H35NO<\/h3>\n<h3>Peso molecular: 257,46<\/h3>\n<h3>F\u00f3rmula estructural:<\/h3>\n<figure id=\"attachment_1388\" aria-describedby=\"caption-attachment-1388\" style=\"width: 600px\" class=\"wp-caption alignnone\"><img fetchpriority=\"high\" decoding=\"async\" class=\"size-full wp-image-1388\" src=\"https:\/\/vcycletech.com\/wp-content\/uploads\/2023\/03\/1-73.png\" alt=\"\u00d3xido de dodeciltetradecil dimetilamina (OA-14)\" width=\"600\" height=\"600\" srcset=\"https:\/\/vcycletech.com\/wp-content\/uploads\/2023\/03\/1-73.png 600w, https:\/\/vcycletech.com\/wp-content\/uploads\/2023\/03\/1-73-100x100.png 100w, https:\/\/vcycletech.com\/wp-content\/uploads\/2023\/03\/1-73-300x300.png 300w, https:\/\/vcycletech.com\/wp-content\/uploads\/2023\/03\/1-73-150x150.png 150w\" sizes=\"(max-width: 600px) 100vw, 600px\" \/><figcaption id=\"caption-attachment-1388\" class=\"wp-caption-text\">\u00d3xido de dodeciltetradecil dimetilamina (OA-14)<\/figcaption><\/figure>\n<h3>Especificaci\u00f3n:<\/h3>\n<div id=\"footable_parent_1389\"\n         class=\"footable_parent ninja_table_wrapper loading_ninja_table wp_table_data_press_parent semantic_ui\">\n                <table data-ninja_table_instance=\"ninja_table_instance_0\" data-footable_id=\"1389\" data-filter-delay=\"1000\" aria-label=\"\u00d3xido de dodeciltetradecil dimetilamina (OA-14).csv\"            id=\"footable_1389\"\n           data-unique_identifier=\"ninja_table_unique_id_3005308727_1389\"\n           class=\"foo-table ninja_footable foo_table_1389 ninja_table_unique_id_3005308727_1389 ui table  nt_type_legacy_table selectable striped vertical_centered  footable-paging-right ninja_table_pro\">\n                <colgroup>\n                            <col class=\"ninja_column_0\">\n                            <col class=\"ninja_column_1\">\n                    <\/colgroup>\n        <thead>\n<tr class=\"footable-header\">\n                                        <th scope=\"col\"  class=\"ninja_column_0 ninja_clmn_nm_items\">Elementos<\/th><th scope=\"col\"  class=\"ninja_column_1 ninja_clmn_nm_index\">\u00cdndice<\/th><\/tr>\n<\/thead>\n<tbody>\n\n        <tr data-row_id=\"368\" class=\"ninja_table_row_0 nt_row_id_368\">\n            <td>Apariencia<\/td><td>L\u00edquido transparente amarillo claro<\/td>        <\/tr>\n            <tr data-row_id=\"369\" class=\"ninja_table_row_1 nt_row_id_369\">\n            <td>Contenido activo, %<\/td><td>28.0-32.0<\/td>        <\/tr>\n            <tr data-row_id=\"370\" class=\"ninja_table_row_2 nt_row_id_370\">\n            <td>Amina libre, %<\/td><td>1.0 m\u00e1x.<\/td>        <\/tr>\n            <tr data-row_id=\"371\" class=\"ninja_table_row_3 nt_row_id_371\">\n            <td>PH (soluci\u00f3n de agua 10%)<\/td><td>6.0-9.0<\/td>        <\/tr>\n    <\/tbody><!--ninja_tobody_rendering_done-->\n    <\/table>\n    \n    \n    \n<\/div>\n\n<h3>Propiedades:<\/h3>\n<p><strong>\u00d3xido de dodeciltetradecil dimetilamina (OA-14)<\/strong> es un tensioactivo zwitteri\u00f3nico basado en \u00f3xido de amina con una cola de alquilo C14 (tetradecilo). Se utiliza como estabilizador de espuma y agente acondicionador del cabello en algunos champ\u00fas y acondicionadores. <strong>\u00d3xido de dodeciltetradecil dimetilamina (OA-14)<\/strong> es m\u00e1s efectivo contra las bacterias comunes S. aureus y E. coli.<\/p>\n<h3>Uso:<\/h3>\n<p><strong>\u00d3xido de dodecil tetradecil dimetil amina (OA-14)<\/strong> se utiliza principalmente en champ\u00fas, lo que hace que el cabello sea m\u00e1s flexible y f\u00e1cil de peinar. Produce una espuma delicada con un rico brillo. Adem\u00e1s, se puede usar como agente de limpieza para superficies duras como vajillas, azulejos de ba\u00f1os y paredes de edificios. Este surfactante le da espesor a los productos, mejora la sinergia y reduce la irritaci\u00f3n.<\/p>\n<h3>Paquete y almacenamiento:<\/h3>\n<p><strong>\u00d3xido de dodeciltetradecildimetilamina (OA-14)<\/strong> debe almacenarse y envasarse en un recipiente sellado, lejos del calor, la humedad y la luz solar directa. Se recomienda que la vida \u00fatil del producto no exceda un a\u00f1o. Tambor de pl\u00e1stico de 200 l, IBC (1000 l), requisito del cliente. Almacenamiento durante un a\u00f1o en lugar sombr\u00edo y lugar seco.<\/p>\n<h3>Sin\u00f3nimos:<\/h3>\n<p>\u00d3XIDO DE N,N-DIMETIL-TETRADECILAMINA<\/p>\n<p>\u00d3XIDO DE MIRISTIL DIMETILAMINA<\/p>\n<p>1-tetradecanamina,N,N-dimetil-,N-\u00f3xido<\/p>\n<p>\u00f3xido de n,n-dimetil-1-tetradecanaminn<\/p>\n<p>n,n-dimetiltetradecilamina-\u00f3xidosol<\/p>\n<p>N,N-dimetiltetradecilamina-N-\u00f3xido<\/p>\n<p>\u00d3XIDO DE MIRISTAMINA<\/p>\n<p>\u00f3xido de tetradecildimetilamina<\/p>\n<h3>Preguntas frecuentes sobre el \u00f3xido de dodeciltetradecildimetilamina (OA-14):<\/h3>\n<p><strong>\u00bfQu\u00e9 es el \u00f3xido de dodeciltetradecildimetilamina (OA-14)?<\/strong><br \/>\nRespuesta: El \u00f3xido de dodeciltetradecildimetilamina (OA-14) es un surfactante de \u00f3xido de alquilamina que se usa com\u00fanmente en el tratamiento de agua y otras aplicaciones industriales. Se compone de tres componentes principales: grupo dodecilo, grupo tetradecilo y \u00f3xido de dimetilamina, que se combinan para formar una mol\u00e9cula anfif\u00edlica \u00fanica. Esta mol\u00e9cula tiene propiedades hidrof\u00edlicas y lipof\u00edlicas, lo que le permite interactuar tanto con mol\u00e9culas de agua como con compuestos org\u00e1nicos en soluci\u00f3n.<\/p>\n<p><strong>\u00bfC\u00f3mo funciona OA-14?<\/strong><br \/>\nOA-14 funciona actuando como un emulsionante entre dos l\u00edquidos inmiscibles diferentes, como el aceite y el agua. La porci\u00f3n lipof\u00edlica de la mol\u00e9cula se une al aceite mientras que la porci\u00f3n hidrof\u00edlica se une a las mol\u00e9culas de agua. Esto hace que las dos sustancias se suspendan juntas en una mezcla homog\u00e9nea conocida como emulsi\u00f3n. Esta emulsi\u00f3n se puede utilizar para una variedad de aplicaciones que incluyen, entre otras, el tratamiento de aguas residuales y las soluciones desengrasantes.<\/p>\n<p><strong>\u00bfCu\u00e1les son algunos usos comunes de OA-14?<\/strong><br \/>\nOA-14 se usa a menudo en aplicaciones de tratamiento de agua donde ayuda a eliminar aceites y grasas de las corrientes de agua contaminada. Tambi\u00e9n se usa com\u00fanmente en formulaciones agr\u00edcolas como repelente de insectos y fungicida, adem\u00e1s de agregarse a champ\u00fas, acondicionadores, detergentes, jabones, cosm\u00e9ticos y otros agentes de limpieza para mejorar la formaci\u00f3n de espuma o las propiedades de solubilizaci\u00f3n. Adem\u00e1s, se ha descubierto que OA-14 proporciona una inhibici\u00f3n eficaz de la corrosi\u00f3n en determinadas condiciones cuando se mezcla con otras aminas o tensioactivos secundarios como etoxilatos de alcohol o siliconas.<\/p>\n<p><strong>\u00bfCu\u00e1les son los beneficios de usar OA-14?<\/strong><br \/>\nEl principal beneficio de usar OA-14 es su excelente capacidad para reducir la tensi\u00f3n superficial entre l\u00edquidos inmiscibles debido a su naturaleza anfif\u00edlica; esto le permite emulsionar eficazmente los aceites en las corrientes de agua de manera m\u00e1s eficiente que la mayor\u00eda de los otros tipos de tensioactivos o emulsionantes disponibles en el mercado hoy en d\u00eda. Adem\u00e1s, tiene un nivel de toxicidad relativamente bajo en comparaci\u00f3n con muchos otros tensioactivos comerciales, por lo que se puede usar de manera segura en varias formulaciones industriales sin presentar ning\u00fan riesgo importante para la salud cuando se maneja adecuadamente de acuerdo con las pautas de seguridad establecidas por agencias reguladoras como OSHA o EPA.<\/p>\n<p><a href=\"https:\/\/vcycletech.com\/es\/tensoactivo-cationico\/\"><strong>Obtenga la soluci\u00f3n completa de surfactante cati\u00f3nico.<\/strong><\/a><\/p>","protected":false},"excerpt":{"rendered":"<p>\u00bfEst\u00e1 buscando un aditivo detergente y tensioactivo asequible y de alta calidad? No busques m\u00e1s que <strong>\u00d3xido de dodeciltetradecil dimetilamina (OA-14)<\/strong> Para productos qu\u00edmicos para el tratamiento del agua. Este producto es un excelente agente humectante y emulsionante que ayuda a descomponer la suciedad, los aceites y otros contaminantes.<\/p>\n<p>Fabricado en China seg\u00fan los m\u00e1s altos est\u00e1ndares, <strong>\u00d3xido de dodeciltetradecil dimetilamina (OA-14)<\/strong> Los productos qu\u00edmicos para el tratamiento del agua est\u00e1n disponibles a un precio competitivo. Por lo tanto, si est\u00e1 buscando un proveedor confiable de aditivos para detergentes y surfactantes de alta calidad, no busque m\u00e1s. <strong>\u00d3xido de dodecil tetradecil dimetil amina (OA-14)<\/strong> para productos qu\u00edmicos de tratamiento de agua de China!<\/p>","protected":false},"featured_media":1392,"template":"","meta":{"site-sidebar-layout":"default","site-content-layout":"default","ast-site-content-layout":"default","site-content-style":"default","site-sidebar-style":"default","ast-global-header-display":"","ast-banner-title-visibility":"","ast-main-header-display":"","ast-hfb-above-header-display":"","ast-hfb-below-header-display":"","ast-hfb-mobile-header-display":"","site-post-title":"","ast-breadcrumbs-content":"","ast-featured-img":"","footer-sml-layout":"","ast-disable-related-posts":"","theme-transparent-header-meta":"default","adv-header-id-meta":"","stick-header-meta":"default","header-above-stick-meta":"","header-main-stick-meta":"","header-below-stick-meta":"","astra-migrate-meta-layouts":"default","ast-page-background-enabled":"default","ast-page-background-meta":{"desktop":{"background-color":"","background-image":"","background-repeat":"repeat","background-position":"center center","background-size":"auto","background-attachment":"scroll","background-type":"","background-media":"","overlay-type":"","overlay-color":"","overlay-opacity":"","overlay-gradient":""},"tablet":{"background-color":"","background-image":"","background-repeat":"repeat","background-position":"center center","background-size":"auto","background-attachment":"scroll","background-type":"","background-media":"","overlay-type":"","overlay-color":"","overlay-opacity":"","overlay-gradient":""},"mobile":{"background-color":"","background-image":"","background-repeat":"repeat","background-position":"center center","background-size":"auto","background-attachment":"scroll","background-type":"","background-media":"","overlay-type":"","overlay-color":"","overlay-opacity":"","overlay-gradient":""}},"ast-content-background-meta":{"desktop":{"background-color":"var(--ast-global-color-5)","background-image":"","background-repeat":"repeat","background-position":"center center","background-size":"auto","background-attachment":"scroll","background-type":"","background-media":"","overlay-type":"","overlay-color":"","overlay-opacity":"","overlay-gradient":""},"tablet":{"background-color":"var(--ast-global-color-5)","background-image":"","background-repeat":"repeat","background-position":"center center","background-size":"auto","background-attachment":"scroll","background-type":"","background-media":"","overlay-type":"","overlay-color":"","overlay-opacity":"","overlay-gradient":""},"mobile":{"background-color":"var(--ast-global-color-5)","background-image":"","background-repeat":"repeat","background-position":"center center","background-size":"auto","background-attachment":"scroll","background-type":"","background-media":"","overlay-type":"","overlay-color":"","overlay-opacity":"","overlay-gradient":""}}},"product_brand":[],"product_cat":[33],"product_tag":[],"class_list":{"0":"post-1386","1":"product","2":"type-product","3":"status-publish","4":"has-post-thumbnail","6":"product_cat-cationic-surfactant-list","7":"desktop-align-left","8":"tablet-align-left","9":"mobile-align-left","10":"ast-product-gallery-layout-horizontal-slider","11":"ast-product-tabs-layout-horizontal","13":"first","14":"instock","15":"shipping-taxable","16":"product-type-simple"},"yoast_head":"<!-- This site is optimized with the Yoast SEO Premium plugin v26.3 (Yoast SEO v27.3) - https:\/\/yoast.com\/product\/yoast-seo-premium-wordpress\/ -->\n<title>Dodecyl Tetradecyl Dimethyl Amine Oxide(OA-14) - vcycletech<\/title>\n<meta name=\"description\" content=\"DodecylTetradecyl Dimethyl Amine Oxide(OA-14) for Water Treatment Chemicals is a surfactant and detergent additive used in the water treatment industry. It is an effective emulsifier and wetting agent, and helps to break down dirt, oils and other pollutants. This product is available from china at a competitive price, making it an attractive option for companies looking to purchase wholesale quantities.\" \/>\n<meta name=\"robots\" content=\"index, follow, max-snippet:-1, max-image-preview:large, max-video-preview:-1\" \/>\n<link rel=\"canonical\" href=\"https:\/\/vcycletech.com\/es\/producto\/dodecil-tetradecil-dimetil-amina-oxideoa-14\/\" \/>\n<meta property=\"og:locale\" content=\"es_MX\" \/>\n<meta property=\"og:type\" content=\"article\" \/>\n<meta property=\"og:title\" content=\"Dodecyl Tetradecyl Dimethyl Amine Oxide(OA-14)\" \/>\n<meta property=\"og:description\" content=\"DodecylTetradecyl Dimethyl Amine Oxide(OA-14) for Water Treatment Chemicals is a surfactant and detergent additive used in the water treatment industry. It is an effective emulsifier and wetting agent, and helps to break down dirt, oils and other pollutants. This product is available from china at a competitive price, making it an attractive option for companies looking to purchase wholesale quantities.\" \/>\n<meta property=\"og:url\" content=\"https:\/\/vcycletech.com\/es\/producto\/dodecil-tetradecil-dimetil-amina-oxideoa-14\/\" \/>\n<meta property=\"og:site_name\" content=\"vcycletech\" \/>\n<meta property=\"article:modified_time\" content=\"2023-03-22T06:43:00+00:00\" \/>\n<meta property=\"og:image\" content=\"https:\/\/vcycletech.com\/wp-content\/uploads\/2023\/03\/1-74.png\" \/>\n\t<meta property=\"og:image:width\" content=\"600\" \/>\n\t<meta property=\"og:image:height\" content=\"600\" \/>\n\t<meta property=\"og:image:type\" content=\"image\/png\" \/>\n<meta name=\"twitter:card\" content=\"summary_large_image\" \/>\n<meta name=\"twitter:label1\" content=\"Tiempo de lectura\" \/>\n\t<meta name=\"twitter:data1\" content=\"3 minutos\" \/>\n<script type=\"application\/ld+json\" class=\"yoast-schema-graph\">{\"@context\":\"https:\\\/\\\/schema.org\",\"@graph\":[{\"@type\":\"WebPage\",\"@id\":\"https:\\\/\\\/vcycletech.com\\\/product\\\/dodecyl-tetradecyl-dimethyl-amine-oxideoa-14\\\/\",\"url\":\"https:\\\/\\\/vcycletech.com\\\/product\\\/dodecyl-tetradecyl-dimethyl-amine-oxideoa-14\\\/\",\"name\":\"Dodecyl Tetradecyl Dimethyl Amine Oxide(OA-14) - vcycletech\",\"isPartOf\":{\"@id\":\"https:\\\/\\\/vcycletech.com\\\/#website\"},\"primaryImageOfPage\":{\"@id\":\"https:\\\/\\\/vcycletech.com\\\/product\\\/dodecyl-tetradecyl-dimethyl-amine-oxideoa-14\\\/#primaryimage\"},\"image\":{\"@id\":\"https:\\\/\\\/vcycletech.com\\\/product\\\/dodecyl-tetradecyl-dimethyl-amine-oxideoa-14\\\/#primaryimage\"},\"thumbnailUrl\":\"https:\\\/\\\/vcycletech.com\\\/wp-content\\\/uploads\\\/2023\\\/03\\\/1-74.png\",\"datePublished\":\"2023-03-22T05:50:58+00:00\",\"dateModified\":\"2023-03-22T06:43:00+00:00\",\"description\":\"DodecylTetradecyl Dimethyl Amine Oxide(OA-14) for Water Treatment Chemicals is a surfactant and detergent additive used in the water treatment industry. It is an effective emulsifier and wetting agent, and helps to break down dirt, oils and other pollutants. This product is available from china at a competitive price, making it an attractive option for companies looking to purchase wholesale quantities.\",\"breadcrumb\":{\"@id\":\"https:\\\/\\\/vcycletech.com\\\/product\\\/dodecyl-tetradecyl-dimethyl-amine-oxideoa-14\\\/#breadcrumb\"},\"inLanguage\":\"es\",\"potentialAction\":[{\"@type\":\"ReadAction\",\"target\":[\"https:\\\/\\\/vcycletech.com\\\/product\\\/dodecyl-tetradecyl-dimethyl-amine-oxideoa-14\\\/\"]}]},{\"@type\":\"ImageObject\",\"inLanguage\":\"es\",\"@id\":\"https:\\\/\\\/vcycletech.com\\\/product\\\/dodecyl-tetradecyl-dimethyl-amine-oxideoa-14\\\/#primaryimage\",\"url\":\"https:\\\/\\\/vcycletech.com\\\/wp-content\\\/uploads\\\/2023\\\/03\\\/1-74.png\",\"contentUrl\":\"https:\\\/\\\/vcycletech.com\\\/wp-content\\\/uploads\\\/2023\\\/03\\\/1-74.png\",\"width\":600,\"height\":600,\"caption\":\"DodecylTetradecyl Dimethyl Amine Oxide(OA-14)\"},{\"@type\":\"BreadcrumbList\",\"@id\":\"https:\\\/\\\/vcycletech.com\\\/product\\\/dodecyl-tetradecyl-dimethyl-amine-oxideoa-14\\\/#breadcrumb\",\"itemListElement\":[{\"@type\":\"ListItem\",\"position\":1,\"name\":\"Home\",\"item\":\"https:\\\/\\\/vcycletech.com\\\/\"},{\"@type\":\"ListItem\",\"position\":2,\"name\":\"Water Treatment Chemicals Manufacturer\",\"item\":\"https:\\\/\\\/vcycletech.com\\\/water-treatment-chemicals-manufacturer\\\/\"},{\"@type\":\"ListItem\",\"position\":3,\"name\":\"Dodecyl Tetradecyl Dimethyl Amine Oxide(OA-14)\"}]},{\"@type\":\"WebSite\",\"@id\":\"https:\\\/\\\/vcycletech.com\\\/#website\",\"url\":\"https:\\\/\\\/vcycletech.com\\\/\",\"name\":\"vcycletech\",\"description\":\"China&#039;s top water treatment chemicals supplier\",\"publisher\":{\"@id\":\"https:\\\/\\\/vcycletech.com\\\/#organization\"},\"potentialAction\":[{\"@type\":\"SearchAction\",\"target\":{\"@type\":\"EntryPoint\",\"urlTemplate\":\"https:\\\/\\\/vcycletech.com\\\/?s={search_term_string}\"},\"query-input\":{\"@type\":\"PropertyValueSpecification\",\"valueRequired\":true,\"valueName\":\"search_term_string\"}}],\"inLanguage\":\"es\"},{\"@type\":\"Organization\",\"@id\":\"https:\\\/\\\/vcycletech.com\\\/#organization\",\"name\":\"vcycletech\",\"url\":\"https:\\\/\\\/vcycletech.com\\\/\",\"logo\":{\"@type\":\"ImageObject\",\"inLanguage\":\"es\",\"@id\":\"https:\\\/\\\/vcycletech.com\\\/#\\\/schema\\\/logo\\\/image\\\/\",\"url\":\"https:\\\/\\\/vcycletech.com\\\/wp-content\\\/uploads\\\/2023\\\/03\\\/logo-vcycletech-1.png\",\"contentUrl\":\"https:\\\/\\\/vcycletech.com\\\/wp-content\\\/uploads\\\/2023\\\/03\\\/logo-vcycletech-1.png\",\"width\":600,\"height\":400,\"caption\":\"vcycletech\"},\"image\":{\"@id\":\"https:\\\/\\\/vcycletech.com\\\/#\\\/schema\\\/logo\\\/image\\\/\"}}]}<\/script>\n<!-- \/ Yoast SEO Premium plugin. -->","yoast_head_json":{"title":"\u00d3xido de dodecil tetradecil dimetil amina (OA-14) - vcycletech","description":"El \u00f3xido de dodeciltetradecildimetilamina (OA-14) para productos qu\u00edmicos para el tratamiento del agua es un aditivo detergente y tensioactivo que se utiliza en la industria del tratamiento del agua. Es un agente emulsionante y humectante efectivo, y ayuda a descomponer la suciedad, los aceites y otros contaminantes. Este producto est\u00e1 disponible en China a un precio competitivo, lo que lo convierte en una opci\u00f3n atractiva para las empresas que buscan comprar cantidades al por mayor.","robots":{"index":"index","follow":"follow","max-snippet":"max-snippet:-1","max-image-preview":"max-image-preview:large","max-video-preview":"max-video-preview:-1"},"canonical":"https:\/\/vcycletech.com\/es\/producto\/dodecil-tetradecil-dimetil-amina-oxideoa-14\/","og_locale":"es_MX","og_type":"article","og_title":"Dodecyl Tetradecyl Dimethyl Amine Oxide(OA-14)","og_description":"DodecylTetradecyl Dimethyl Amine Oxide(OA-14) for Water Treatment Chemicals is a surfactant and detergent additive used in the water treatment industry. It is an effective emulsifier and wetting agent, and helps to break down dirt, oils and other pollutants. This product is available from china at a competitive price, making it an attractive option for companies looking to purchase wholesale quantities.","og_url":"https:\/\/vcycletech.com\/es\/producto\/dodecil-tetradecil-dimetil-amina-oxideoa-14\/","og_site_name":"vcycletech","article_modified_time":"2023-03-22T06:43:00+00:00","og_image":[{"width":600,"height":600,"url":"https:\/\/vcycletech.com\/wp-content\/uploads\/2023\/03\/1-74.png","type":"image\/png"}],"twitter_card":"summary_large_image","twitter_misc":{"Tiempo de lectura":"3 minutos"},"schema":{"@context":"https:\/\/schema.org","@graph":[{"@type":"WebPage","@id":"https:\/\/vcycletech.com\/product\/dodecyl-tetradecyl-dimethyl-amine-oxideoa-14\/","url":"https:\/\/vcycletech.com\/product\/dodecyl-tetradecyl-dimethyl-amine-oxideoa-14\/","name":"\u00d3xido de dodecil tetradecil dimetil amina (OA-14) - vcycletech","isPartOf":{"@id":"https:\/\/vcycletech.com\/#website"},"primaryImageOfPage":{"@id":"https:\/\/vcycletech.com\/product\/dodecyl-tetradecyl-dimethyl-amine-oxideoa-14\/#primaryimage"},"image":{"@id":"https:\/\/vcycletech.com\/product\/dodecyl-tetradecyl-dimethyl-amine-oxideoa-14\/#primaryimage"},"thumbnailUrl":"https:\/\/vcycletech.com\/wp-content\/uploads\/2023\/03\/1-74.png","datePublished":"2023-03-22T05:50:58+00:00","dateModified":"2023-03-22T06:43:00+00:00","description":"El \u00f3xido de dodeciltetradecildimetilamina (OA-14) para productos qu\u00edmicos para el tratamiento del agua es un aditivo detergente y tensioactivo que se utiliza en la industria del tratamiento del agua. Es un agente emulsionante y humectante efectivo, y ayuda a descomponer la suciedad, los aceites y otros contaminantes. Este producto est\u00e1 disponible en China a un precio competitivo, lo que lo convierte en una opci\u00f3n atractiva para las empresas que buscan comprar cantidades al por mayor.","breadcrumb":{"@id":"https:\/\/vcycletech.com\/product\/dodecyl-tetradecyl-dimethyl-amine-oxideoa-14\/#breadcrumb"},"inLanguage":"es","potentialAction":[{"@type":"ReadAction","target":["https:\/\/vcycletech.com\/product\/dodecyl-tetradecyl-dimethyl-amine-oxideoa-14\/"]}]},{"@type":"ImageObject","inLanguage":"es","@id":"https:\/\/vcycletech.com\/product\/dodecyl-tetradecyl-dimethyl-amine-oxideoa-14\/#primaryimage","url":"https:\/\/vcycletech.com\/wp-content\/uploads\/2023\/03\/1-74.png","contentUrl":"https:\/\/vcycletech.com\/wp-content\/uploads\/2023\/03\/1-74.png","width":600,"height":600,"caption":"DodecylTetradecyl Dimethyl Amine Oxide(OA-14)"},{"@type":"BreadcrumbList","@id":"https:\/\/vcycletech.com\/product\/dodecyl-tetradecyl-dimethyl-amine-oxideoa-14\/#breadcrumb","itemListElement":[{"@type":"ListItem","position":1,"name":"Home","item":"https:\/\/vcycletech.com\/"},{"@type":"ListItem","position":2,"name":"Water Treatment Chemicals Manufacturer","item":"https:\/\/vcycletech.com\/water-treatment-chemicals-manufacturer\/"},{"@type":"ListItem","position":3,"name":"Dodecyl Tetradecyl Dimethyl Amine Oxide(OA-14)"}]},{"@type":"WebSite","@id":"https:\/\/vcycletech.com\/#website","url":"https:\/\/vcycletech.com\/","name":"vcycletech","description":"El principal proveedor de productos qu\u00edmicos para el tratamiento del agua de China y #039;","publisher":{"@id":"https:\/\/vcycletech.com\/#organization"},"potentialAction":[{"@type":"SearchAction","target":{"@type":"EntryPoint","urlTemplate":"https:\/\/vcycletech.com\/?s={search_term_string}"},"query-input":{"@type":"PropertyValueSpecification","valueRequired":true,"valueName":"search_term_string"}}],"inLanguage":"es"},{"@type":"Organization","@id":"https:\/\/vcycletech.com\/#organization","name":"vcycletech","url":"https:\/\/vcycletech.com\/","logo":{"@type":"ImageObject","inLanguage":"es","@id":"https:\/\/vcycletech.com\/#\/schema\/logo\/image\/","url":"https:\/\/vcycletech.com\/wp-content\/uploads\/2023\/03\/logo-vcycletech-1.png","contentUrl":"https:\/\/vcycletech.com\/wp-content\/uploads\/2023\/03\/logo-vcycletech-1.png","width":600,"height":400,"caption":"vcycletech"},"image":{"@id":"https:\/\/vcycletech.com\/#\/schema\/logo\/image\/"}}]}},"_links":{"self":[{"href":"https:\/\/vcycletech.com\/es\/wp-json\/wp\/v2\/product\/1386","targetHints":{"allow":["GET"]}}],"collection":[{"href":"https:\/\/vcycletech.com\/es\/wp-json\/wp\/v2\/product"}],"about":[{"href":"https:\/\/vcycletech.com\/es\/wp-json\/wp\/v2\/types\/product"}],"wp:featuredmedia":[{"embeddable":true,"href":"https:\/\/vcycletech.com\/es\/wp-json\/wp\/v2\/media\/1392"}],"wp:attachment":[{"href":"https:\/\/vcycletech.com\/es\/wp-json\/wp\/v2\/media?parent=1386"}],"wp:term":[{"taxonomy":"product_brand","embeddable":true,"href":"https:\/\/vcycletech.com\/es\/wp-json\/wp\/v2\/product_brand?post=1386"},{"taxonomy":"product_cat","embeddable":true,"href":"https:\/\/vcycletech.com\/es\/wp-json\/wp\/v2\/product_cat?post=1386"},{"taxonomy":"product_tag","embeddable":true,"href":"https:\/\/vcycletech.com\/es\/wp-json\/wp\/v2\/product_tag?post=1386"}],"curies":[{"name":"wp","href":"https:\/\/api.w.org\/{rel}","templated":true}]}}