{"id":1368,"date":"2023-03-22T04:45:17","date_gmt":"2023-03-22T04:45:17","guid":{"rendered":"https:\/\/vcycletech.com\/?post_type=product&#038;p=1368"},"modified":"2023-03-22T06:41:29","modified_gmt":"2023-03-22T06:41:29","slug":"didecil-dimetil-amonio-clorado1021","status":"publish","type":"product","link":"https:\/\/vcycletech.com\/es\/producto\/didecil-dimetil-amonio-clorado1021\/","title":{"rendered":"Cloruro de didecil dimetil amonio (D1021)"},"content":{"rendered":"<h3>CAS: 7173-51-5<\/h3>\n<h3>F\u00f3rmula molecular: C22H48ClN<\/h3>\n<h3>Peso molecular: 362<\/h3>\n<h3>Estructura:<\/h3>\n<figure id=\"attachment_1374\" aria-describedby=\"caption-attachment-1374\" style=\"width: 600px\" class=\"wp-caption alignnone\"><img fetchpriority=\"high\" decoding=\"async\" class=\"size-full wp-image-1374\" src=\"https:\/\/vcycletech.com\/wp-content\/uploads\/2023\/03\/1-70.png\" alt=\"D1021\" width=\"600\" height=\"600\" srcset=\"https:\/\/vcycletech.com\/wp-content\/uploads\/2023\/03\/1-70.png 600w, https:\/\/vcycletech.com\/wp-content\/uploads\/2023\/03\/1-70-100x100.png 100w, https:\/\/vcycletech.com\/wp-content\/uploads\/2023\/03\/1-70-300x300.png 300w, https:\/\/vcycletech.com\/wp-content\/uploads\/2023\/03\/1-70-150x150.png 150w\" sizes=\"(max-width: 600px) 100vw, 600px\" \/><figcaption id=\"caption-attachment-1374\" class=\"wp-caption-text\">D1021<\/figcaption><\/figure>\n<h3>Especificaci\u00f3n:<\/h3>\n<div id=\"footable_parent_1375\"\n         class=\"footable_parent ninja_table_wrapper loading_ninja_table wp_table_data_press_parent semantic_ui\">\n                <table data-ninja_table_instance=\"ninja_table_instance_0\" data-footable_id=\"1375\" data-filter-delay=\"1000\" aria-label=\"D1021.csv\"            id=\"footable_1375\"\n           data-unique_identifier=\"ninja_table_unique_id_12340816_1375\"\n           class=\"foo-table ninja_footable foo_table_1375 ninja_table_unique_id_12340816_1375 ui table  nt_type_legacy_table selectable striped vertical_centered  footable-paging-right ninja_table_pro\">\n                <colgroup>\n                            <col class=\"ninja_column_0\">\n                            <col class=\"ninja_column_1\">\n                            <col class=\"ninja_column_2\">\n                    <\/colgroup>\n        <thead>\n<tr class=\"footable-header\">\n                                                        <th scope=\"col\"  class=\"ninja_column_0 ninja_clmn_nm_items\">Elementos<\/th><th scope=\"col\"  class=\"ninja_column_1 ninja_clmn_nm_index\">\u00cdndice<\/th><th scope=\"col\"  class=\"ninja_column_2 ninja_clmn_nm_ninja_column_3\"><\/th><\/tr>\n<\/thead>\n<tbody>\n\n        <tr data-row_id=\"359\" class=\"ninja_table_row_0 nt_row_id_359\">\n            <td>Apariencia<\/td><td>L\u00edquido claro, amarillo p\u00e1lido a pajizo<\/td><td>L\u00edquido claro, amarillo p\u00e1lido a pajizo<\/td>        <\/tr>\n            <tr data-row_id=\"360\" class=\"ninja_table_row_1 nt_row_id_360\">\n            <td>Contenido activo, %<\/td><td>48-52<\/td><td>78-82<\/td>        <\/tr>\n            <tr data-row_id=\"361\" class=\"ninja_table_row_2 nt_row_id_361\">\n            <td>pH (soluci\u00f3n de agua 10%)<\/td><td>5.0-9.0<\/td><td>5.0-9.0<\/td>        <\/tr>\n            <tr data-row_id=\"362\" class=\"ninja_table_row_3 nt_row_id_362\">\n            <td>Amina libre, %<\/td><td>2.0 m\u00e1x.<\/td><td>2.0 m\u00e1x.<\/td>        <\/tr>\n            <tr data-row_id=\"363\" class=\"ninja_table_row_4 nt_row_id_363\">\n            <td>Color (APHA)<\/td><td>150 m\u00e1x.<\/td><td>150 m\u00e1x.<\/td>        <\/tr>\n    <\/tbody><!--ninja_tobody_rendering_done-->\n    <\/table>\n    \n    \n    \n<\/div>\n\n<h2>Propiedades:<\/h2>\n<p><strong>Cloruro de didecil dimetil amonio (D1021)<\/strong> es un tensioactivo cati\u00f3nico de compuestos de dialquil dimetil amonio cuaternario. Es f\u00e1cilmente soluble tanto en agua como en solventes org\u00e1nicos, y es un l\u00edquido amarillo claro a temperatura ambiente con una estructura qu\u00edmica estable y baja irritaci\u00f3n.<\/p>\n<p><strong>Cloruro de didecil dimetil amonio (D1021)<\/strong> tiene un amplio espectro de actividad contra bacterias grampositivas y gramnegativas, hongos, mildiu y virus envueltos. Resiste el agua dura, tiene fuertes propiedades tensioactivas y humectantes, y es reconocido por su eficacia contra suciedades org\u00e1nicas fuertes como sangre y prote\u00ednas. Esto lo hace adecuado para la aceptaci\u00f3n en todo el mundo seg\u00fan la aprobaci\u00f3n del registro y las listas oficiales.<\/p>\n<h3>Uso:<\/h3>\n<p><strong>Cloruro de didecil dimetil amonio (D1021)<\/strong> Es la tercera generaci\u00f3n de compuestos de amonio cuaternario, con propiedades antimicrobianas superiores a los productos de primera y segunda generaci\u00f3n. Tiene una amplia gama de aplicaciones, incluyendo:<\/p>\n<p>1. Como fungicida para inyecci\u00f3n de agua en yacimientos petrol\u00edferos y agua de refrigeraci\u00f3n de circulaci\u00f3n industrial.<br \/>\n2. Como desinfectante, fungicida y agente conservante de la madera.<br \/>\n3. Como agentes antipolillas para textiles.<br \/>\n4. Cuando se combina con di\u00f3xido de cloro para el saneamiento de superficies duras, mata las bacterias.<\/p>\n<h3>Paquete y almacenamiento:<\/h3>\n<p><strong>Cloruro de didecil dimetil amonio (D1021)<\/strong> debe empaquetarse en recipientes herm\u00e9ticos y almacenarse en un lugar fresco y seco, lejos de la luz solar directa. Es esencial mantener el contenedor sellado cuando no se usa, ya que es altamente higrosc\u00f3pico y puede absorber humedad si se deja expuesto. Tambor de pl\u00e1stico de 200 l, IBC (1000 l), requisito del cliente. Almacenamiento durante un a\u00f1o en un lugar sombreado y seco.<\/p>\n<h3>Sin\u00f3nimos:<\/h3>\n<p>alicuat203<\/p>\n<p>bardac22<\/p>\n<p>bio-dac50-22<\/p>\n<p>Cloruro de N,N-Didecil-N,N-dimetilamonio<\/p>\n<p>Cloruro de 1-decanaminio,N-decil-N,N-dimetil-<\/p>\n<p>btc1010<\/p>\n<p>ddac (cloruro de didecildimetilamonio)<\/p>\n<h3>Preguntas frecuentes sobre D1021:<\/h3>\n<p><strong>\u00bfQu\u00e9 es el cloruro de didecil dimetil amonio (D1021)?<\/strong><br \/>\nEs un compuesto org\u00e1nico com\u00fanmente utilizado como ingrediente activo en productos qu\u00edmicos para el tratamiento del agua. Es un surfactante cati\u00f3nico y desinfectante que ayuda a eliminar s\u00f3lidos en suspensi\u00f3n, aceites y otros contaminantes del agua. Tiene un alto contenido en cetilo que le confiere una intensa acci\u00f3n de fregado y proporciona excelentes resultados de limpieza.<\/p>\n<p><strong>\u00bfCu\u00e1les son las ventajas de usar D1021 para el tratamiento de agua?<\/strong><br \/>\nEl uso de D1021 para el tratamiento del agua ofrece varias ventajas, entre ellas:<br \/>\n\u2022 Alta eficacia en la eliminaci\u00f3n de s\u00f3lidos en suspensi\u00f3n, aceites y otros contaminantes del agua;<br \/>\n\u2022 Rentabilidad;<br \/>\n\u2022 Biodegradabilidad;<br \/>\n\u2022 Baja toxicidad;<br \/>\n\u2022 Compatibilidad con otros productos qu\u00edmicos para el tratamiento del agua.<\/p>\n<p><strong>\u00bfExisten riesgos potenciales asociados con el uso de D1021?<\/strong><br \/>\nAunque generalmente se considera que el D1021 es seguro cuando se usa correctamente de acuerdo con las instrucciones del fabricante, los riesgos potenciales pueden incluir irritaci\u00f3n de la piel o alergias debido al contacto directo con el qu\u00edmico en s\u00ed o sus vapores. La exposici\u00f3n prolongada a altas concentraciones de este qu\u00edmico tambi\u00e9n puede causar irritaci\u00f3n respiratoria o reacciones similares a quemaduras en la piel. Por lo tanto, es importante tener cuidado al manipular este material y seguir todas las pautas de seguridad proporcionadas por el fabricante.<\/p>\n<p><strong>\u00bfCu\u00e1les son algunos usos comunes de D1021?<\/strong><br \/>\nD1021 se usa m\u00e1s com\u00fanmente en aplicaciones industriales como plantas de tratamiento de aguas residuales, donde ayuda a eliminar las impurezas de las fuentes de agua contaminada antes de que lleguen a nuestros r\u00edos, lagos y oc\u00e9anos. Tambi\u00e9n se puede usar para limpiar suministros de agua potable que se han contaminado debido a desastres naturales como inundaciones, huracanes o terremotos, donde los m\u00e9todos tradicionales de filtraci\u00f3n pueden no eliminar de manera efectiva todos los contaminantes del suministro de agua de origen.<\/p>\n<p><a href=\"https:\/\/vcycletech.com\/es\/tensoactivo-cationico\/\"><strong>Obtenga la soluci\u00f3n completa de surfactante cati\u00f3nico.<\/strong><\/a><\/p>","protected":false},"excerpt":{"rendered":"<p>Este poderoso producto representa un verdadero punto de referencia en la excelencia del tratamiento del agua, gracias a su capacidad para penetrar profundamente y esterilizar cualquier cosa en contacto. Con cualidades de acci\u00f3n r\u00e1pida, el tiempo de permanencia necesario es m\u00e1s corto que el de la mayor\u00eda de los otros productos, lo que significa que los resultados se obtienen m\u00e1s r\u00e1pido y m\u00e1s f\u00e1cilmente que nunca.<\/p>\n<p>Con una biodegradabilidad muy superior a los compuestos de amonio cuaternario convencionales en el mercado actual, el D1021 se descompondr\u00e1 en \u00e1cido ac\u00e9tico inofensivo sin da\u00f1ar a los humanos ni a los animales y sin da\u00f1ar el medio ambiente. D\u00e1ndole tranquilidad con cada uso.<\/p>\n<p>No importa qu\u00e9 tipo de sistema de agua tenga; desde una piscina a gran escala que mantiene a miles de personas frescas durante la temporada de verano o simplemente elementos de limpieza del hogar como cabezales de ducha y peque\u00f1os estanques al aire libre, \u00a1este desinfectante s\u00faper eficiente ciertamente est\u00e1 a la altura!<\/p>","protected":false},"featured_media":1370,"template":"","meta":{"site-sidebar-layout":"default","site-content-layout":"default","ast-site-content-layout":"default","site-content-style":"default","site-sidebar-style":"default","ast-global-header-display":"","ast-banner-title-visibility":"","ast-main-header-display":"","ast-hfb-above-header-display":"","ast-hfb-below-header-display":"","ast-hfb-mobile-header-display":"","site-post-title":"","ast-breadcrumbs-content":"","ast-featured-img":"","footer-sml-layout":"","ast-disable-related-posts":"","theme-transparent-header-meta":"default","adv-header-id-meta":"","stick-header-meta":"default","header-above-stick-meta":"","header-main-stick-meta":"","header-below-stick-meta":"","astra-migrate-meta-layouts":"default","ast-page-background-enabled":"default","ast-page-background-meta":{"desktop":{"background-color":"","background-image":"","background-repeat":"repeat","background-position":"center center","background-size":"auto","background-attachment":"scroll","background-type":"","background-media":"","overlay-type":"","overlay-color":"","overlay-opacity":"","overlay-gradient":""},"tablet":{"background-color":"","background-image":"","background-repeat":"repeat","background-position":"center center","background-size":"auto","background-attachment":"scroll","background-type":"","background-media":"","overlay-type":"","overlay-color":"","overlay-opacity":"","overlay-gradient":""},"mobile":{"background-color":"","background-image":"","background-repeat":"repeat","background-position":"center center","background-size":"auto","background-attachment":"scroll","background-type":"","background-media":"","overlay-type":"","overlay-color":"","overlay-opacity":"","overlay-gradient":""}},"ast-content-background-meta":{"desktop":{"background-color":"var(--ast-global-color-5)","background-image":"","background-repeat":"repeat","background-position":"center center","background-size":"auto","background-attachment":"scroll","background-type":"","background-media":"","overlay-type":"","overlay-color":"","overlay-opacity":"","overlay-gradient":""},"tablet":{"background-color":"var(--ast-global-color-5)","background-image":"","background-repeat":"repeat","background-position":"center center","background-size":"auto","background-attachment":"scroll","background-type":"","background-media":"","overlay-type":"","overlay-color":"","overlay-opacity":"","overlay-gradient":""},"mobile":{"background-color":"var(--ast-global-color-5)","background-image":"","background-repeat":"repeat","background-position":"center center","background-size":"auto","background-attachment":"scroll","background-type":"","background-media":"","overlay-type":"","overlay-color":"","overlay-opacity":"","overlay-gradient":""}}},"product_brand":[],"product_cat":[33],"product_tag":[],"class_list":{"0":"post-1368","1":"product","2":"type-product","3":"status-publish","4":"has-post-thumbnail","6":"product_cat-cationic-surfactant-list","7":"desktop-align-left","8":"tablet-align-left","9":"mobile-align-left","10":"ast-product-gallery-layout-horizontal-slider","11":"ast-product-tabs-layout-horizontal","13":"first","14":"instock","15":"shipping-taxable","16":"product-type-simple"},"yoast_head":"<!-- This site is optimized with the Yoast SEO Premium plugin v26.3 (Yoast SEO v27.5) - https:\/\/yoast.com\/product\/yoast-seo-premium-wordpress\/ -->\n<title>Didecyl Dimethyl Ammonium Chloride(D1021) - vcycletech<\/title>\n<meta name=\"description\" content=\"The water treatment and disinfectant chemicals can give your water supply the confidence of cleanliness. With antibacterial, antifungal, and virucidal properties, it ensures your family&#039;s pools, hot tubs, fountains, and other sources of drinking water are all treated with the utmost efficiency when you use D1021.\" \/>\n<meta name=\"robots\" content=\"index, follow, max-snippet:-1, max-image-preview:large, max-video-preview:-1\" \/>\n<link rel=\"canonical\" href=\"https:\/\/vcycletech.com\/es\/producto\/didecil-dimetil-amonio-clorado1021\/\" \/>\n<meta property=\"og:locale\" content=\"es_MX\" \/>\n<meta property=\"og:type\" content=\"article\" \/>\n<meta property=\"og:title\" content=\"Didecyl Dimethyl Ammonium Chloride(D1021)\" \/>\n<meta property=\"og:description\" content=\"The water treatment and disinfectant chemicals can give your water supply the confidence of cleanliness. With antibacterial, antifungal, and virucidal properties, it ensures your family&#039;s pools, hot tubs, fountains, and other sources of drinking water are all treated with the utmost efficiency when you use D1021.\" \/>\n<meta property=\"og:url\" content=\"https:\/\/vcycletech.com\/es\/producto\/didecil-dimetil-amonio-clorado1021\/\" \/>\n<meta property=\"og:site_name\" content=\"vcycletech\" \/>\n<meta property=\"article:modified_time\" content=\"2023-03-22T06:41:29+00:00\" \/>\n<meta property=\"og:image\" content=\"https:\/\/vcycletech.com\/wp-content\/uploads\/2023\/03\/1-69.png\" \/>\n\t<meta property=\"og:image:width\" content=\"600\" \/>\n\t<meta property=\"og:image:height\" content=\"600\" \/>\n\t<meta property=\"og:image:type\" content=\"image\/png\" \/>\n<meta name=\"twitter:card\" content=\"summary_large_image\" \/>\n<meta name=\"twitter:label1\" content=\"Tiempo de lectura\" \/>\n\t<meta name=\"twitter:data1\" content=\"3 minutos\" \/>\n<script type=\"application\/ld+json\" class=\"yoast-schema-graph\">{\"@context\":\"https:\\\/\\\/schema.org\",\"@graph\":[{\"@type\":\"WebPage\",\"@id\":\"https:\\\/\\\/vcycletech.com\\\/product\\\/didecyl-dimethyl-ammonium-chlorided1021\\\/\",\"url\":\"https:\\\/\\\/vcycletech.com\\\/product\\\/didecyl-dimethyl-ammonium-chlorided1021\\\/\",\"name\":\"Didecyl Dimethyl Ammonium Chloride(D1021) - vcycletech\",\"isPartOf\":{\"@id\":\"https:\\\/\\\/vcycletech.com\\\/#website\"},\"primaryImageOfPage\":{\"@id\":\"https:\\\/\\\/vcycletech.com\\\/product\\\/didecyl-dimethyl-ammonium-chlorided1021\\\/#primaryimage\"},\"image\":{\"@id\":\"https:\\\/\\\/vcycletech.com\\\/product\\\/didecyl-dimethyl-ammonium-chlorided1021\\\/#primaryimage\"},\"thumbnailUrl\":\"https:\\\/\\\/vcycletech.com\\\/wp-content\\\/uploads\\\/2023\\\/03\\\/1-69.png\",\"datePublished\":\"2023-03-22T04:45:17+00:00\",\"dateModified\":\"2023-03-22T06:41:29+00:00\",\"description\":\"The water treatment and disinfectant chemicals can give your water supply the confidence of cleanliness. With antibacterial, antifungal, and virucidal properties, it ensures your family's pools, hot tubs, fountains, and other sources of drinking water are all treated with the utmost efficiency when you use D1021.\",\"breadcrumb\":{\"@id\":\"https:\\\/\\\/vcycletech.com\\\/product\\\/didecyl-dimethyl-ammonium-chlorided1021\\\/#breadcrumb\"},\"inLanguage\":\"es\",\"potentialAction\":[{\"@type\":\"ReadAction\",\"target\":[\"https:\\\/\\\/vcycletech.com\\\/product\\\/didecyl-dimethyl-ammonium-chlorided1021\\\/\"]}]},{\"@type\":\"ImageObject\",\"inLanguage\":\"es\",\"@id\":\"https:\\\/\\\/vcycletech.com\\\/product\\\/didecyl-dimethyl-ammonium-chlorided1021\\\/#primaryimage\",\"url\":\"https:\\\/\\\/vcycletech.com\\\/wp-content\\\/uploads\\\/2023\\\/03\\\/1-69.png\",\"contentUrl\":\"https:\\\/\\\/vcycletech.com\\\/wp-content\\\/uploads\\\/2023\\\/03\\\/1-69.png\",\"width\":600,\"height\":600,\"caption\":\"Didecyl Dimethyl Ammonium Chloride(D1021)\"},{\"@type\":\"BreadcrumbList\",\"@id\":\"https:\\\/\\\/vcycletech.com\\\/product\\\/didecyl-dimethyl-ammonium-chlorided1021\\\/#breadcrumb\",\"itemListElement\":[{\"@type\":\"ListItem\",\"position\":1,\"name\":\"Home\",\"item\":\"https:\\\/\\\/vcycletech.com\\\/\"},{\"@type\":\"ListItem\",\"position\":2,\"name\":\"Water Treatment Chemicals Manufacturer\",\"item\":\"https:\\\/\\\/vcycletech.com\\\/water-treatment-chemicals-manufacturer\\\/\"},{\"@type\":\"ListItem\",\"position\":3,\"name\":\"Didecyl Dimethyl Ammonium Chloride(D1021)\"}]},{\"@type\":\"WebSite\",\"@id\":\"https:\\\/\\\/vcycletech.com\\\/#website\",\"url\":\"https:\\\/\\\/vcycletech.com\\\/\",\"name\":\"vcycletech\",\"description\":\"China&#039;s top water treatment chemicals supplier\",\"publisher\":{\"@id\":\"https:\\\/\\\/vcycletech.com\\\/#organization\"},\"potentialAction\":[{\"@type\":\"SearchAction\",\"target\":{\"@type\":\"EntryPoint\",\"urlTemplate\":\"https:\\\/\\\/vcycletech.com\\\/?s={search_term_string}\"},\"query-input\":{\"@type\":\"PropertyValueSpecification\",\"valueRequired\":true,\"valueName\":\"search_term_string\"}}],\"inLanguage\":\"es\"},{\"@type\":\"Organization\",\"@id\":\"https:\\\/\\\/vcycletech.com\\\/#organization\",\"name\":\"vcycletech\",\"url\":\"https:\\\/\\\/vcycletech.com\\\/\",\"logo\":{\"@type\":\"ImageObject\",\"inLanguage\":\"es\",\"@id\":\"https:\\\/\\\/vcycletech.com\\\/#\\\/schema\\\/logo\\\/image\\\/\",\"url\":\"https:\\\/\\\/vcycletech.com\\\/wp-content\\\/uploads\\\/2023\\\/03\\\/logo-vcycletech-1.png\",\"contentUrl\":\"https:\\\/\\\/vcycletech.com\\\/wp-content\\\/uploads\\\/2023\\\/03\\\/logo-vcycletech-1.png\",\"width\":600,\"height\":400,\"caption\":\"vcycletech\"},\"image\":{\"@id\":\"https:\\\/\\\/vcycletech.com\\\/#\\\/schema\\\/logo\\\/image\\\/\"}}]}<\/script>\n<!-- \/ Yoast SEO Premium plugin. -->","yoast_head_json":{"title":"Cloruro de didecil dimetil amonio (D1021) - vcycletech","description":"Los productos qu\u00edmicos para el tratamiento del agua y los desinfectantes pueden brindarle a su suministro de agua la confianza de la limpieza. Con propiedades antibacterianas, antif\u00fangicas y virucidas, asegura que las piscinas, jacuzzis, fuentes y otras fuentes de agua potable de su familia sean tratadas con la m\u00e1xima eficiencia cuando usa D1021.","robots":{"index":"index","follow":"follow","max-snippet":"max-snippet:-1","max-image-preview":"max-image-preview:large","max-video-preview":"max-video-preview:-1"},"canonical":"https:\/\/vcycletech.com\/es\/producto\/didecil-dimetil-amonio-clorado1021\/","og_locale":"es_MX","og_type":"article","og_title":"Didecyl Dimethyl Ammonium Chloride(D1021)","og_description":"The water treatment and disinfectant chemicals can give your water supply the confidence of cleanliness. With antibacterial, antifungal, and virucidal properties, it ensures your family's pools, hot tubs, fountains, and other sources of drinking water are all treated with the utmost efficiency when you use D1021.","og_url":"https:\/\/vcycletech.com\/es\/producto\/didecil-dimetil-amonio-clorado1021\/","og_site_name":"vcycletech","article_modified_time":"2023-03-22T06:41:29+00:00","og_image":[{"width":600,"height":600,"url":"https:\/\/vcycletech.com\/wp-content\/uploads\/2023\/03\/1-69.png","type":"image\/png"}],"twitter_card":"summary_large_image","twitter_misc":{"Tiempo de lectura":"3 minutos"},"schema":{"@context":"https:\/\/schema.org","@graph":[{"@type":"WebPage","@id":"https:\/\/vcycletech.com\/product\/didecyl-dimethyl-ammonium-chlorided1021\/","url":"https:\/\/vcycletech.com\/product\/didecyl-dimethyl-ammonium-chlorided1021\/","name":"Cloruro de didecil dimetil amonio (D1021) - vcycletech","isPartOf":{"@id":"https:\/\/vcycletech.com\/#website"},"primaryImageOfPage":{"@id":"https:\/\/vcycletech.com\/product\/didecyl-dimethyl-ammonium-chlorided1021\/#primaryimage"},"image":{"@id":"https:\/\/vcycletech.com\/product\/didecyl-dimethyl-ammonium-chlorided1021\/#primaryimage"},"thumbnailUrl":"https:\/\/vcycletech.com\/wp-content\/uploads\/2023\/03\/1-69.png","datePublished":"2023-03-22T04:45:17+00:00","dateModified":"2023-03-22T06:41:29+00:00","description":"Los productos qu\u00edmicos para el tratamiento del agua y los desinfectantes pueden brindarle a su suministro de agua la confianza de la limpieza. Con propiedades antibacterianas, antif\u00fangicas y virucidas, asegura que las piscinas, jacuzzis, fuentes y otras fuentes de agua potable de su familia sean tratadas con la m\u00e1xima eficiencia cuando usa D1021.","breadcrumb":{"@id":"https:\/\/vcycletech.com\/product\/didecyl-dimethyl-ammonium-chlorided1021\/#breadcrumb"},"inLanguage":"es","potentialAction":[{"@type":"ReadAction","target":["https:\/\/vcycletech.com\/product\/didecyl-dimethyl-ammonium-chlorided1021\/"]}]},{"@type":"ImageObject","inLanguage":"es","@id":"https:\/\/vcycletech.com\/product\/didecyl-dimethyl-ammonium-chlorided1021\/#primaryimage","url":"https:\/\/vcycletech.com\/wp-content\/uploads\/2023\/03\/1-69.png","contentUrl":"https:\/\/vcycletech.com\/wp-content\/uploads\/2023\/03\/1-69.png","width":600,"height":600,"caption":"Didecyl Dimethyl Ammonium Chloride(D1021)"},{"@type":"BreadcrumbList","@id":"https:\/\/vcycletech.com\/product\/didecyl-dimethyl-ammonium-chlorided1021\/#breadcrumb","itemListElement":[{"@type":"ListItem","position":1,"name":"Home","item":"https:\/\/vcycletech.com\/"},{"@type":"ListItem","position":2,"name":"Water Treatment Chemicals Manufacturer","item":"https:\/\/vcycletech.com\/water-treatment-chemicals-manufacturer\/"},{"@type":"ListItem","position":3,"name":"Didecyl Dimethyl Ammonium Chloride(D1021)"}]},{"@type":"WebSite","@id":"https:\/\/vcycletech.com\/#website","url":"https:\/\/vcycletech.com\/","name":"vcycletech","description":"El principal proveedor de productos qu\u00edmicos para el tratamiento del agua de China y #039;","publisher":{"@id":"https:\/\/vcycletech.com\/#organization"},"potentialAction":[{"@type":"SearchAction","target":{"@type":"EntryPoint","urlTemplate":"https:\/\/vcycletech.com\/?s={search_term_string}"},"query-input":{"@type":"PropertyValueSpecification","valueRequired":true,"valueName":"search_term_string"}}],"inLanguage":"es"},{"@type":"Organization","@id":"https:\/\/vcycletech.com\/#organization","name":"vcycletech","url":"https:\/\/vcycletech.com\/","logo":{"@type":"ImageObject","inLanguage":"es","@id":"https:\/\/vcycletech.com\/#\/schema\/logo\/image\/","url":"https:\/\/vcycletech.com\/wp-content\/uploads\/2023\/03\/logo-vcycletech-1.png","contentUrl":"https:\/\/vcycletech.com\/wp-content\/uploads\/2023\/03\/logo-vcycletech-1.png","width":600,"height":400,"caption":"vcycletech"},"image":{"@id":"https:\/\/vcycletech.com\/#\/schema\/logo\/image\/"}}]}},"_links":{"self":[{"href":"https:\/\/vcycletech.com\/es\/wp-json\/wp\/v2\/product\/1368","targetHints":{"allow":["GET"]}}],"collection":[{"href":"https:\/\/vcycletech.com\/es\/wp-json\/wp\/v2\/product"}],"about":[{"href":"https:\/\/vcycletech.com\/es\/wp-json\/wp\/v2\/types\/product"}],"wp:featuredmedia":[{"embeddable":true,"href":"https:\/\/vcycletech.com\/es\/wp-json\/wp\/v2\/media\/1370"}],"wp:attachment":[{"href":"https:\/\/vcycletech.com\/es\/wp-json\/wp\/v2\/media?parent=1368"}],"wp:term":[{"taxonomy":"product_brand","embeddable":true,"href":"https:\/\/vcycletech.com\/es\/wp-json\/wp\/v2\/product_brand?post=1368"},{"taxonomy":"product_cat","embeddable":true,"href":"https:\/\/vcycletech.com\/es\/wp-json\/wp\/v2\/product_cat?post=1368"},{"taxonomy":"product_tag","embeddable":true,"href":"https:\/\/vcycletech.com\/es\/wp-json\/wp\/v2\/product_tag?post=1368"}],"curies":[{"name":"wp","href":"https:\/\/api.w.org\/{rel}","templated":true}]}}