{"id":1365,"date":"2023-03-22T06:11:12","date_gmt":"2023-03-22T06:11:12","guid":{"rendered":"https:\/\/vcycletech.com\/?post_type=product&#038;p=1365"},"modified":"2023-03-27T03:11:58","modified_gmt":"2023-03-27T03:11:58","slug":"wt-706-desengrasante-detergente","status":"publish","type":"product","link":"https:\/\/vcycletech.com\/es\/producto\/wt-706-desengrasante-detergente\/","title":{"rendered":"Detergente Desengrasante WT-706"},"content":{"rendered":"<h3>Propiedades:<\/h3>\n<div class=\"break-words markdown-formatted-text\">\n<p class=\"my-0.5\"><strong>KR-706<\/strong> es un potente detergente desengrasante que elimina las pel\u00edculas de aceite, el aceite emulsionado y las incrustaciones. Limpia y desincrusta eficazmente las superficies gracias a sus componentes agentes quelantes, limpiadores, desengrasantes, dispersantes y penetrantes. KR-706 tambi\u00e9n es compatible con inhibidores de corrosi\u00f3n e incrustaciones de la serie de f\u00f3sforo para mayor protecci\u00f3n.<\/p>\n<\/div>\n<h3 class=\"flex w-full items-center justify-end flex-wrap pt-0 !mt-2 @md:!mt-0 @md:pt-1.5\" data-exclude-from-screenshot=\"true\">Especificaci\u00f3n:<\/h3>\n<div id=\"footable_parent_1367\"\n         class=\"footable_parent ninja_table_wrapper loading_ninja_table wp_table_data_press_parent semantic_ui\">\n                <table data-ninja_table_instance=\"ninja_table_instance_0\" data-footable_id=\"1367\" data-filter-delay=\"1000\" aria-label=\"KR-706 Detergente Desengrasante.csv\"            id=\"footable_1367\"\n           data-unique_identifier=\"ninja_table_unique_id_4199138182_1367\"\n           class=\"foo-table ninja_footable foo_table_1367 ninja_table_unique_id_4199138182_1367 ui table  nt_type_legacy_table selectable striped vertical_centered  footable-paging-right ninja_table_pro\">\n                <colgroup>\n                            <col class=\"ninja_column_0\">\n                            <col class=\"ninja_column_1\">\n                    <\/colgroup>\n        <thead>\n<tr class=\"footable-header\">\n                                        <th scope=\"col\"  class=\"ninja_column_0 ninja_clmn_nm_items\">Art\u00edculos<\/th><th scope=\"col\"  class=\"ninja_column_1 ninja_clmn_nm_index\">\u00cdndice<\/th><\/tr>\n<\/thead>\n<tbody>\n\n        <tr data-row_id=\"355\" class=\"ninja_table_row_0 nt_row_id_355\">\n            <td>Apariencia<\/td><td>L\u00edquido nebuloso Ambe<\/td>        <\/tr>\n            <tr data-row_id=\"356\" class=\"ninja_table_row_1 nt_row_id_356\">\n            <td>Contenido s\u00f3lido, %<\/td><td>30,0 minutos<\/td>        <\/tr>\n            <tr data-row_id=\"357\" class=\"ninja_table_row_2 nt_row_id_357\">\n            <td>Densidad (20 \u2103), g\/cm3<\/td><td>1,25\u00b10,1<\/td>        <\/tr>\n            <tr data-row_id=\"358\" class=\"ninja_table_row_3 nt_row_id_358\">\n            <td>pH (soluci\u00f3n de agua 1%)<\/td><td>2,0\u00b11,0<\/td>        <\/tr>\n    <\/tbody><!--ninja_tobody_rendering_done-->\n    <\/table>\n    \n    \n    \n<\/div>\n\n<h3>Uso:<\/h3>\n<p>La circulaci\u00f3n real de agua fr\u00eda por un t\u00e9cnico calificado debe determinar la dosificaci\u00f3n.<\/p>\n<h3>Paquete y almacenamiento:<\/h3>\n<p>De acuerdo con las solicitudes de los clientes, el producto est\u00e1 disponible en bidones de pl\u00e1stico de 200L e IBC (1000L). Debe almacenarse en un ambiente sombreado y seco durante seis meses.<\/p>\n<h3>Medida de seguridad:<\/h3>\n<p>Es \u00e1cido y no debe entrar en contacto con los ojos o la piel. Si ocurre contacto, enjuague bien el \u00e1rea afectada con agua.<\/p>\n<h3>Preguntas frecuentes:<\/h3>\n<p><strong>P1: \u00bfQu\u00e9 es el detergente para desaceitar WT-706?<\/strong><br \/>\nEl detergente para desaceitar WT-706 es un producto qu\u00edmico especializado en el tratamiento del agua que se utiliza para eliminar aceites y grasas del agua. Se usa com\u00fanmente en la producci\u00f3n de petr\u00f3leo, refinaci\u00f3n, petroqu\u00edmica y otros procesos industriales para reducir la contaminaci\u00f3n ambiental.<\/p>\n<p><strong>P2: \u00bfC\u00f3mo funciona el detergente para desaceitar WT-706?<\/strong><br \/>\nEl detergente act\u00faa descomponiendo la estructura molecular de las mol\u00e9culas de aceite, permiti\u00e9ndoles separarse del agua. Funciona combin\u00e1ndose con las mol\u00e9culas de hidrocarburo en el aceite y formando una emulsi\u00f3n que luego se puede eliminar f\u00e1cilmente de la soluci\u00f3n tratada.<\/p>\n<p><strong>P3: \u00bfCu\u00e1les son los beneficios de usar el detergente para desaceitar WT-706?<\/strong><br \/>\nEl uso del detergente para desaceitado WT-706 tiene una serie de ventajas para los procesos industriales. Este detergente puede ayudar a reducir la contaminaci\u00f3n causada por las aguas residuales aceitosas, mejorar la eficiencia del proceso, aumentar las tasas de recuperaci\u00f3n del producto y reducir los costos asociados con el tratamiento de los suministros de agua contaminada. Adem\u00e1s, se puede usar junto con otras formas de productos qu\u00edmicos para el tratamiento del agua para garantizar resultados \u00f3ptimos.<\/p>\n<p><strong>P4: \u00bfExiste alg\u00fan riesgo asociado con el uso del detergente para desaceitado WT-706?<\/strong><br \/>\nSi bien el uso de este tipo de detergente generalmente se considera seguro, los usuarios deben tomar precauciones al manipularlo debido a su forma altamente concentrada. La eliminaci\u00f3n de distribuidores usados tambi\u00e9n debe gestionarse con cuidado para evitar una posible contaminaci\u00f3n ambiental.<\/p>\n<p><a href=\"https:\/\/vcycletech.com\/es\/categoria-de-producto\/inhibidores-de-corrosion-a-escala-construida-y-agentes-de-pelicula-de-tratamiento-previo\/\">Obtenga la soluci\u00f3n completa de inhibidores de corrosi\u00f3n a escala integrada y agentes de filmaci\u00f3n de pretratamiento.<\/a><\/p>","protected":false},"excerpt":{"rendered":"<p><strong>Detergente Desengrasante WT-706<\/strong> es un producto qu\u00edmico eficaz para el tratamiento del agua que se utiliza para desengrasar, desincrustar y limpiar. Puede eliminar eficazmente las incrustaciones, la pel\u00edcula de aceite y el aceite emulsionado de las superficies. por lo que es una opci\u00f3n ideal para aplicaciones de limpieza desengrasante en entornos industriales. Adem\u00e1s, es un agente de limpieza respetuoso con el medio ambiente que contiene 40% por peso de los ingredientes de la composici\u00f3n como la sal s\u00f3dica de toliltriazol Tta Na metilbenzotriazol inhibidor de corrosi\u00f3n, sal dis\u00f3dica de \u00e1cido 1-hidroxietilideno-1,1-difosf\u00f3nico y hexametilendiamina tetra (\u00e1cido metilenfosf\u00f3nico ) HMDTMPA.<\/p>","protected":false},"featured_media":1402,"template":"","meta":{"site-sidebar-layout":"default","site-content-layout":"default","ast-site-content-layout":"default","site-content-style":"default","site-sidebar-style":"default","ast-global-header-display":"","ast-banner-title-visibility":"","ast-main-header-display":"","ast-hfb-above-header-display":"","ast-hfb-below-header-display":"","ast-hfb-mobile-header-display":"","site-post-title":"","ast-breadcrumbs-content":"","ast-featured-img":"","footer-sml-layout":"","ast-disable-related-posts":"","theme-transparent-header-meta":"default","adv-header-id-meta":"","stick-header-meta":"default","header-above-stick-meta":"","header-main-stick-meta":"","header-below-stick-meta":"","astra-migrate-meta-layouts":"default","ast-page-background-enabled":"default","ast-page-background-meta":{"desktop":{"background-color":"","background-image":"","background-repeat":"repeat","background-position":"center center","background-size":"auto","background-attachment":"scroll","background-type":"","background-media":"","overlay-type":"","overlay-color":"","overlay-opacity":"","overlay-gradient":""},"tablet":{"background-color":"","background-image":"","background-repeat":"repeat","background-position":"center center","background-size":"auto","background-attachment":"scroll","background-type":"","background-media":"","overlay-type":"","overlay-color":"","overlay-opacity":"","overlay-gradient":""},"mobile":{"background-color":"","background-image":"","background-repeat":"repeat","background-position":"center center","background-size":"auto","background-attachment":"scroll","background-type":"","background-media":"","overlay-type":"","overlay-color":"","overlay-opacity":"","overlay-gradient":""}},"ast-content-background-meta":{"desktop":{"background-color":"var(--ast-global-color-5)","background-image":"","background-repeat":"repeat","background-position":"center center","background-size":"auto","background-attachment":"scroll","background-type":"","background-media":"","overlay-type":"","overlay-color":"","overlay-opacity":"","overlay-gradient":""},"tablet":{"background-color":"var(--ast-global-color-5)","background-image":"","background-repeat":"repeat","background-position":"center center","background-size":"auto","background-attachment":"scroll","background-type":"","background-media":"","overlay-type":"","overlay-color":"","overlay-opacity":"","overlay-gradient":""},"mobile":{"background-color":"var(--ast-global-color-5)","background-image":"","background-repeat":"repeat","background-position":"center center","background-size":"auto","background-attachment":"scroll","background-type":"","background-media":"","overlay-type":"","overlay-color":"","overlay-opacity":"","overlay-gradient":""}}},"product_brand":[],"product_cat":[32],"product_tag":[],"class_list":{"0":"post-1365","1":"product","2":"type-product","3":"status-publish","4":"has-post-thumbnail","6":"product_cat-built-scale-corrosion-inhibitors-and-pretreatment-filming-agents","7":"desktop-align-left","8":"tablet-align-left","9":"mobile-align-left","10":"ast-product-gallery-layout-horizontal-slider","11":"ast-product-gallery-with-no-image","12":"ast-product-tabs-layout-horizontal","14":"first","15":"instock","16":"shipping-taxable","17":"product-type-simple"},"yoast_head":"<!-- This site is optimized with the Yoast SEO Premium plugin v26.3 (Yoast SEO v27.3) - https:\/\/yoast.com\/product\/yoast-seo-premium-wordpress\/ -->\n<title>WT-706 Deoiling Detergent - vcycletech<\/title>\n<meta name=\"description\" content=\"Is your water treatment process not working? WT-706 Deoiling Detergent is your solution for successful results!\" \/>\n<meta name=\"robots\" content=\"index, follow, max-snippet:-1, max-image-preview:large, max-video-preview:-1\" \/>\n<link rel=\"canonical\" href=\"https:\/\/vcycletech.com\/es\/producto\/wt-706-desengrasante-detergente\/\" \/>\n<meta property=\"og:locale\" content=\"es_MX\" \/>\n<meta property=\"og:type\" content=\"article\" \/>\n<meta property=\"og:title\" content=\"WT-706 Deoiling Detergent\" \/>\n<meta property=\"og:description\" content=\"Is your water treatment process not working? WT-706 Deoiling Detergent is your solution for successful results!\" \/>\n<meta property=\"og:url\" content=\"https:\/\/vcycletech.com\/es\/producto\/wt-706-desengrasante-detergente\/\" \/>\n<meta property=\"og:site_name\" content=\"vcycletech\" \/>\n<meta property=\"article:modified_time\" content=\"2023-03-27T03:11:58+00:00\" \/>\n<meta property=\"og:image\" content=\"https:\/\/vcycletech.com\/wp-content\/uploads\/2023\/03\/1-75.png\" \/>\n\t<meta property=\"og:image:width\" content=\"600\" \/>\n\t<meta property=\"og:image:height\" content=\"600\" \/>\n\t<meta property=\"og:image:type\" content=\"image\/png\" \/>\n<meta name=\"twitter:card\" content=\"summary_large_image\" \/>\n<meta name=\"twitter:label1\" content=\"Tiempo de lectura\" \/>\n\t<meta name=\"twitter:data1\" content=\"2 minutos\" \/>\n<script type=\"application\/ld+json\" class=\"yoast-schema-graph\">{\"@context\":\"https:\\\/\\\/schema.org\",\"@graph\":[{\"@type\":\"WebPage\",\"@id\":\"https:\\\/\\\/vcycletech.com\\\/product\\\/wt-706-deoiling-detergent\\\/\",\"url\":\"https:\\\/\\\/vcycletech.com\\\/product\\\/wt-706-deoiling-detergent\\\/\",\"name\":\"WT-706 Deoiling Detergent - vcycletech\",\"isPartOf\":{\"@id\":\"https:\\\/\\\/vcycletech.com\\\/#website\"},\"primaryImageOfPage\":{\"@id\":\"https:\\\/\\\/vcycletech.com\\\/product\\\/wt-706-deoiling-detergent\\\/#primaryimage\"},\"image\":{\"@id\":\"https:\\\/\\\/vcycletech.com\\\/product\\\/wt-706-deoiling-detergent\\\/#primaryimage\"},\"thumbnailUrl\":\"https:\\\/\\\/vcycletech.com\\\/wp-content\\\/uploads\\\/2023\\\/03\\\/1-75.png\",\"datePublished\":\"2023-03-22T06:11:12+00:00\",\"dateModified\":\"2023-03-27T03:11:58+00:00\",\"description\":\"Is your water treatment process not working? WT-706 Deoiling Detergent is your solution for successful results!\",\"breadcrumb\":{\"@id\":\"https:\\\/\\\/vcycletech.com\\\/product\\\/wt-706-deoiling-detergent\\\/#breadcrumb\"},\"inLanguage\":\"es\",\"potentialAction\":[{\"@type\":\"ReadAction\",\"target\":[\"https:\\\/\\\/vcycletech.com\\\/product\\\/wt-706-deoiling-detergent\\\/\"]}]},{\"@type\":\"ImageObject\",\"inLanguage\":\"es\",\"@id\":\"https:\\\/\\\/vcycletech.com\\\/product\\\/wt-706-deoiling-detergent\\\/#primaryimage\",\"url\":\"https:\\\/\\\/vcycletech.com\\\/wp-content\\\/uploads\\\/2023\\\/03\\\/1-75.png\",\"contentUrl\":\"https:\\\/\\\/vcycletech.com\\\/wp-content\\\/uploads\\\/2023\\\/03\\\/1-75.png\",\"width\":600,\"height\":600,\"caption\":\"Deoiling Detergent\"},{\"@type\":\"BreadcrumbList\",\"@id\":\"https:\\\/\\\/vcycletech.com\\\/product\\\/wt-706-deoiling-detergent\\\/#breadcrumb\",\"itemListElement\":[{\"@type\":\"ListItem\",\"position\":1,\"name\":\"Home\",\"item\":\"https:\\\/\\\/vcycletech.com\\\/\"},{\"@type\":\"ListItem\",\"position\":2,\"name\":\"Water Treatment Chemicals Manufacturer\",\"item\":\"https:\\\/\\\/vcycletech.com\\\/water-treatment-chemicals-manufacturer\\\/\"},{\"@type\":\"ListItem\",\"position\":3,\"name\":\"WT-706 Deoiling Detergent\"}]},{\"@type\":\"WebSite\",\"@id\":\"https:\\\/\\\/vcycletech.com\\\/#website\",\"url\":\"https:\\\/\\\/vcycletech.com\\\/\",\"name\":\"vcycletech\",\"description\":\"China&#039;s top water treatment chemicals supplier\",\"publisher\":{\"@id\":\"https:\\\/\\\/vcycletech.com\\\/#organization\"},\"potentialAction\":[{\"@type\":\"SearchAction\",\"target\":{\"@type\":\"EntryPoint\",\"urlTemplate\":\"https:\\\/\\\/vcycletech.com\\\/?s={search_term_string}\"},\"query-input\":{\"@type\":\"PropertyValueSpecification\",\"valueRequired\":true,\"valueName\":\"search_term_string\"}}],\"inLanguage\":\"es\"},{\"@type\":\"Organization\",\"@id\":\"https:\\\/\\\/vcycletech.com\\\/#organization\",\"name\":\"vcycletech\",\"url\":\"https:\\\/\\\/vcycletech.com\\\/\",\"logo\":{\"@type\":\"ImageObject\",\"inLanguage\":\"es\",\"@id\":\"https:\\\/\\\/vcycletech.com\\\/#\\\/schema\\\/logo\\\/image\\\/\",\"url\":\"https:\\\/\\\/vcycletech.com\\\/wp-content\\\/uploads\\\/2023\\\/03\\\/logo-vcycletech-1.png\",\"contentUrl\":\"https:\\\/\\\/vcycletech.com\\\/wp-content\\\/uploads\\\/2023\\\/03\\\/logo-vcycletech-1.png\",\"width\":600,\"height\":400,\"caption\":\"vcycletech\"},\"image\":{\"@id\":\"https:\\\/\\\/vcycletech.com\\\/#\\\/schema\\\/logo\\\/image\\\/\"}}]}<\/script>\n<!-- \/ Yoast SEO Premium plugin. -->","yoast_head_json":{"title":"Detergente Desengrasante WT-706 - vcycletech","description":"\u00bfSu proceso de tratamiento de agua no funciona? WT-706 Deoiling Detergent es su soluci\u00f3n para obtener resultados exitosos.","robots":{"index":"index","follow":"follow","max-snippet":"max-snippet:-1","max-image-preview":"max-image-preview:large","max-video-preview":"max-video-preview:-1"},"canonical":"https:\/\/vcycletech.com\/es\/producto\/wt-706-desengrasante-detergente\/","og_locale":"es_MX","og_type":"article","og_title":"WT-706 Deoiling Detergent","og_description":"Is your water treatment process not working? WT-706 Deoiling Detergent is your solution for successful results!","og_url":"https:\/\/vcycletech.com\/es\/producto\/wt-706-desengrasante-detergente\/","og_site_name":"vcycletech","article_modified_time":"2023-03-27T03:11:58+00:00","og_image":[{"width":600,"height":600,"url":"https:\/\/vcycletech.com\/wp-content\/uploads\/2023\/03\/1-75.png","type":"image\/png"}],"twitter_card":"summary_large_image","twitter_misc":{"Tiempo de lectura":"2 minutos"},"schema":{"@context":"https:\/\/schema.org","@graph":[{"@type":"WebPage","@id":"https:\/\/vcycletech.com\/product\/wt-706-deoiling-detergent\/","url":"https:\/\/vcycletech.com\/product\/wt-706-deoiling-detergent\/","name":"Detergente Desengrasante WT-706 - vcycletech","isPartOf":{"@id":"https:\/\/vcycletech.com\/#website"},"primaryImageOfPage":{"@id":"https:\/\/vcycletech.com\/product\/wt-706-deoiling-detergent\/#primaryimage"},"image":{"@id":"https:\/\/vcycletech.com\/product\/wt-706-deoiling-detergent\/#primaryimage"},"thumbnailUrl":"https:\/\/vcycletech.com\/wp-content\/uploads\/2023\/03\/1-75.png","datePublished":"2023-03-22T06:11:12+00:00","dateModified":"2023-03-27T03:11:58+00:00","description":"\u00bfSu proceso de tratamiento de agua no funciona? WT-706 Deoiling Detergent es su soluci\u00f3n para obtener resultados exitosos.","breadcrumb":{"@id":"https:\/\/vcycletech.com\/product\/wt-706-deoiling-detergent\/#breadcrumb"},"inLanguage":"es","potentialAction":[{"@type":"ReadAction","target":["https:\/\/vcycletech.com\/product\/wt-706-deoiling-detergent\/"]}]},{"@type":"ImageObject","inLanguage":"es","@id":"https:\/\/vcycletech.com\/product\/wt-706-deoiling-detergent\/#primaryimage","url":"https:\/\/vcycletech.com\/wp-content\/uploads\/2023\/03\/1-75.png","contentUrl":"https:\/\/vcycletech.com\/wp-content\/uploads\/2023\/03\/1-75.png","width":600,"height":600,"caption":"Deoiling Detergent"},{"@type":"BreadcrumbList","@id":"https:\/\/vcycletech.com\/product\/wt-706-deoiling-detergent\/#breadcrumb","itemListElement":[{"@type":"ListItem","position":1,"name":"Home","item":"https:\/\/vcycletech.com\/"},{"@type":"ListItem","position":2,"name":"Water Treatment Chemicals Manufacturer","item":"https:\/\/vcycletech.com\/water-treatment-chemicals-manufacturer\/"},{"@type":"ListItem","position":3,"name":"WT-706 Deoiling Detergent"}]},{"@type":"WebSite","@id":"https:\/\/vcycletech.com\/#website","url":"https:\/\/vcycletech.com\/","name":"vcycletech","description":"El principal proveedor de productos qu\u00edmicos para el tratamiento del agua de China y #039;","publisher":{"@id":"https:\/\/vcycletech.com\/#organization"},"potentialAction":[{"@type":"SearchAction","target":{"@type":"EntryPoint","urlTemplate":"https:\/\/vcycletech.com\/?s={search_term_string}"},"query-input":{"@type":"PropertyValueSpecification","valueRequired":true,"valueName":"search_term_string"}}],"inLanguage":"es"},{"@type":"Organization","@id":"https:\/\/vcycletech.com\/#organization","name":"vcycletech","url":"https:\/\/vcycletech.com\/","logo":{"@type":"ImageObject","inLanguage":"es","@id":"https:\/\/vcycletech.com\/#\/schema\/logo\/image\/","url":"https:\/\/vcycletech.com\/wp-content\/uploads\/2023\/03\/logo-vcycletech-1.png","contentUrl":"https:\/\/vcycletech.com\/wp-content\/uploads\/2023\/03\/logo-vcycletech-1.png","width":600,"height":400,"caption":"vcycletech"},"image":{"@id":"https:\/\/vcycletech.com\/#\/schema\/logo\/image\/"}}]}},"_links":{"self":[{"href":"https:\/\/vcycletech.com\/es\/wp-json\/wp\/v2\/product\/1365","targetHints":{"allow":["GET"]}}],"collection":[{"href":"https:\/\/vcycletech.com\/es\/wp-json\/wp\/v2\/product"}],"about":[{"href":"https:\/\/vcycletech.com\/es\/wp-json\/wp\/v2\/types\/product"}],"wp:featuredmedia":[{"embeddable":true,"href":"https:\/\/vcycletech.com\/es\/wp-json\/wp\/v2\/media\/1402"}],"wp:attachment":[{"href":"https:\/\/vcycletech.com\/es\/wp-json\/wp\/v2\/media?parent=1365"}],"wp:term":[{"taxonomy":"product_brand","embeddable":true,"href":"https:\/\/vcycletech.com\/es\/wp-json\/wp\/v2\/product_brand?post=1365"},{"taxonomy":"product_cat","embeddable":true,"href":"https:\/\/vcycletech.com\/es\/wp-json\/wp\/v2\/product_cat?post=1365"},{"taxonomy":"product_tag","embeddable":true,"href":"https:\/\/vcycletech.com\/es\/wp-json\/wp\/v2\/product_tag?post=1365"}],"curies":[{"name":"wp","href":"https:\/\/api.w.org\/{rel}","templated":true}]}}