{"id":1350,"date":"2023-03-22T02:51:05","date_gmt":"2023-03-22T02:51:05","guid":{"rendered":"https:\/\/vcycletech.com\/?post_type=product&#038;p=1350"},"modified":"2023-03-22T06:40:25","modified_gmt":"2023-03-22T06:40:25","slug":"dioctildecildimetil-amonio-clorado8021","status":"publish","type":"product","link":"https:\/\/vcycletech.com\/es\/producto\/dioctildecildimetil-amonio-clorado8021\/","title":{"rendered":"Cloruro de di(octildecilo)dimetilamonio(D8021)"},"content":{"rendered":"<h3>N\u00ba CAS 68424-95-3<\/h3>\n<h3>F\u00f3rmula molecular: C32H66Cl2+4<\/h3>\n<h3>Peso molecular: 521,77<\/h3>\n<h3>F\u00f3rmula estructural:<\/h3>\n<figure id=\"attachment_1352\" aria-describedby=\"caption-attachment-1352\" style=\"width: 600px\" class=\"wp-caption alignnone\"><img fetchpriority=\"high\" decoding=\"async\" class=\"size-full wp-image-1352\" src=\"https:\/\/vcycletech.com\/wp-content\/uploads\/2023\/03\/1-66.png\" alt=\"D8021\" width=\"600\" height=\"600\" srcset=\"https:\/\/vcycletech.com\/wp-content\/uploads\/2023\/03\/1-66.png 600w, https:\/\/vcycletech.com\/wp-content\/uploads\/2023\/03\/1-66-100x100.png 100w, https:\/\/vcycletech.com\/wp-content\/uploads\/2023\/03\/1-66-300x300.png 300w, https:\/\/vcycletech.com\/wp-content\/uploads\/2023\/03\/1-66-150x150.png 150w\" sizes=\"(max-width: 600px) 100vw, 600px\" \/><figcaption id=\"caption-attachment-1352\" class=\"wp-caption-text\">D8021<\/figcaption><\/figure>\n<h3>Especificaci\u00f3n:<\/h3>\n<div id=\"footable_parent_1358\"\n         class=\"footable_parent ninja_table_wrapper loading_ninja_table wp_table_data_press_parent semantic_ui\">\n                <table data-ninja_table_instance=\"ninja_table_instance_0\" data-footable_id=\"1358\" data-filter-delay=\"1000\" aria-label=\"D8021.csv\"            id=\"footable_1358\"\n           data-unique_identifier=\"ninja_table_unique_id_2024935741_1358\"\n           class=\"foo-table ninja_footable foo_table_1358 ninja_table_unique_id_2024935741_1358 ui table  nt_type_legacy_table selectable striped vertical_centered  footable-paging-right ninja_table_pro\">\n                <colgroup>\n                            <col class=\"ninja_column_0\">\n                            <col class=\"ninja_column_1\">\n                            <col class=\"ninja_column_2\">\n                    <\/colgroup>\n        <thead>\n<tr class=\"footable-header\">\n                                                        <th scope=\"col\"  class=\"ninja_column_0 ninja_clmn_nm_items\">Elementos<\/th><th scope=\"col\"  class=\"ninja_column_1 ninja_clmn_nm_index\">\u00cdndice<\/th><th scope=\"col\"  class=\"ninja_column_2 ninja_clmn_nm_ninja_column_3\"><\/th><\/tr>\n<\/thead>\n<tbody>\n\n        <tr data-row_id=\"347\" class=\"ninja_table_row_0 nt_row_id_347\">\n            <td>Apariencia<\/td><td>L\u00edquido claro, amarillo p\u00e1lido a pajizo<\/td><td>L\u00edquido claro, amarillo p\u00e1lido a pajizo<\/td>        <\/tr>\n            <tr data-row_id=\"348\" class=\"ninja_table_row_1 nt_row_id_348\">\n            <td>Contenido activo, %<\/td><td>48-52<\/td><td>78-82<\/td>        <\/tr>\n            <tr data-row_id=\"349\" class=\"ninja_table_row_2 nt_row_id_349\">\n            <td>pH (soluci\u00f3n de agua 10%)<\/td><td>5.0-9.0<\/td><td>5.0-9.0<\/td>        <\/tr>\n            <tr data-row_id=\"350\" class=\"ninja_table_row_3 nt_row_id_350\">\n            <td>Amina libre, %<\/td><td>2.0 m\u00e1x.<\/td><td>2.0 m\u00e1x.<\/td>        <\/tr>\n    <\/tbody><!--ninja_tobody_rendering_done-->\n    <\/table>\n    \n    \n    \n<\/div>\n\n<h3>Propiedades:<\/h3>\n<p><strong>Cloruro de di(octildecilo)dimetilamonio(D8021)<\/strong> tiene una excelente actividad superficial, estabilidad y biodegradabilidad, lo que lo convierte en una opci\u00f3n ideal para los sistemas de recirculaci\u00f3n de agua. Es capaz de controlar microbios indeseables sin producir demasiada espuma ni da\u00f1ar las superficies tratadas. Adem\u00e1s, <strong>Cloruro de di(octildecilo)dimetilamonio(D8021)<\/strong> es eficaz en una amplia gama de aplicaciones, incluido el tratamiento de inyecci\u00f3n de agua en yacimientos petrol\u00edferos y sistemas industriales de refrigeraci\u00f3n por circulaci\u00f3n, desinfecci\u00f3n de hongos y bacterias, agentes conservantes de la madera y agentes textiles a prueba de polillas.<\/p>\n<h3>Uso:<\/h3>\n<p><strong>Cloruro de di(octilo\/decil)dimetilamonio<\/strong> tiene efectos especiales de emulsi\u00f3n, te\u00f1ido, esterilizaci\u00f3n y lavado de desinfecci\u00f3n. Tambi\u00e9n se puede utilizar como agente antiest\u00e1tico, inhibidor de la corrosi\u00f3n, suavizante de telas, aditivo para cardado, agente de flotaci\u00f3n mineral y agente de pulido. Cuando se combina con 1227, es ideal para el tratamiento de aguas industriales, as\u00ed como para la acuicultura y \u00e1rboles frutales, y aplicaciones de biocidas en tierras de cultivo. DDAC es particularmente efectivo en los siguientes campos:<br \/>\n1. Fungicida en agua de inyecci\u00f3n de yacimientos petrol\u00edferos y sistemas de refrigeraci\u00f3n de circulaci\u00f3n industrial.<br \/>\n2. Agentes desinfectantes, fungicidas y conservantes de la madera.<br \/>\n3. Agentes antipolilla para textiles.<\/p>\n<h3>Paquete y almacenamiento:<\/h3>\n<p><strong>Cloruro de di(octilo\/decil)dimetilamonio (D8021)<\/strong> debe almacenarse en envases originales bien cerrados en un \u00e1rea fresca, seca y ventilada. Los envases que se abren se deben volver a sellar con cuidado y mantener en posici\u00f3n vertical para evitar fugas. Aseg\u00farese de que no est\u00e9 expuesto a la luz solar directa o al calor excesivo. Mantenga los recipientes alejados de fuentes de ignici\u00f3n e incompatibles como agentes oxidantes, \u00e1cidos y otros compuestos halogenados. Bid\u00f3n de pl\u00e1stico de 200 l, IBC (1000 l), requisito del cliente: almacenamiento durante un a\u00f1o en una habitaci\u00f3n a la sombra y en un lugar seco.<\/p>\n<h3>Medida de seguridad:<\/h3>\n<p><strong>Cloruro de di(octildecilo)dimetilamonio(D8021)<\/strong> tiene un ligero olor a almendras y no estimula visiblemente la piel. En caso de contacto, enjuague con agua inmediatamente.<\/p>\n<h3>Sin\u00f3nimos:<\/h3>\n<p>compuestos de amonio cuaternario, di-c8-10-alquildimetil, cloruros<\/p>\n<p>cloruro de dicapril\/dicaprilil dimonio<\/p>\n<p>Cloruro de n,n-dialquil(c8-10)-n,n-dimetilamonio (en etanol 10%\/agua 10%)<\/p>\n<p>BARDAC2050<\/p>\n<p>BARDAC2080<\/p>\n<p>cloruro de di-c8-10-alquildimetilamonio<\/p>\n<p>cloruro mixto de dialquildimetilamonio<\/p>\n<p>Cloruro de n,n-dialquil(c8-10)-n,n-dimetilamonio (en 40% etanol \/ 10%agua)<\/p>\n<h3>Preguntas frecuentes sobre D8021 para productos qu\u00edmicos de tratamiento de agua:<\/h3>\n<p><strong>\u00bfQu\u00e9 es el cloruro de di(octildecilo)dimetilamonio (D8021)?<\/strong><br \/>\nEl cloruro de di(octildecilo)dimetilamonio (D8021) es un tensioactivo cati\u00f3nico de amonio cuaternario que se utiliza en aplicaciones de tratamiento de agua. Es un compuesto org\u00e1nico que se utiliza como biocida, desinfectante y sanitizante de uso general. Puede disolver aceites y grasas, lo que lo hace \u00fatil para eliminar biopel\u00edculas de superficies y equipos.<\/p>\n<p><strong>\u00bfC\u00f3mo funciona el cloruro de di(octildecilo)dimetilamonio (D8021)?<\/strong><br \/>\nEl cloruro de di(octildecilo)dimetilamonio (D8021) act\u00faa alterando las membranas celulares de las bacterias y otros microorganismos. El grupo de amonio cuaternario cargado positivamente se adhiere a la membrana celular cargada negativamente de los microorganismos, debilit\u00e1ndola o destruy\u00e9ndola y provocando la muerte del organismo.<\/p>\n<p><strong>\u00bfCu\u00e1les son algunas aplicaciones comunes de D8021?<\/strong><br \/>\nLas aplicaciones t\u00edpicas para D8021 incluyen el uso en torres de enfriamiento, plantas de tratamiento de aguas residuales industriales, piscinas, parques acu\u00e1ticos, lavander\u00edas, instalaciones de preparaci\u00f3n de alimentos y otras \u00e1reas donde el crecimiento microbiano puede causar problemas. Tambi\u00e9n se puede utilizar como alguicida en estanques y fuentes recreativas para controlar la proliferaci\u00f3n de algas y mantenerlas bajo control a lo largo del tiempo.<\/p>\n<p><strong>\u00bfHay alg\u00fan problema de seguridad al usar cloruro de di(octildecilo)dimetilamonio (D8021)?<\/strong><br \/>\nS\u00ed, es importante tener cuidado al manipular esta sustancia, ya que puede ser peligrosa si no se maneja adecuadamente o si se produce contacto con la piel o los ojos sin usar el equipo de protecci\u00f3n adecuado, como gafas o guantes. Adem\u00e1s, este producto no debe mezclarse con otros productos qu\u00edmicos ya que su reacci\u00f3n podr\u00eda ser peligrosa. Consulte siempre las hojas de datos de seguridad antes de manipular cualquier producto qu\u00edmico como D8021.<\/p>\n<p><strong>\u00bfCu\u00e1les son algunas alternativas al uso de cloruro de di(octildecilo)dimetilamonio (D8021)?<\/strong><br \/>\nLas alternativas a D8021 pueden incluir alguicidas a base de cobre, como sulfato de cobre o cloruro de cobre; biocidas a base de cloro como el hipoclorito de sodio; o biocidas no oxidantes como el cloruro de benzalconio o el \u00f3xido de dimetildioctilamina, seg\u00fan los requisitos de la aplicaci\u00f3n y el resultado deseado necesario para el uso efectivo de productos qu\u00edmicos de tratamientos de agua en diferentes \u00e1reas.<\/p>\n<p><a href=\"https:\/\/vcycletech.com\/es\/tensoactivo-cationico\/\"><strong>Obtenga la soluci\u00f3n completa de surfactante cati\u00f3nico.<\/strong><\/a><\/p>","protected":false},"excerpt":{"rendered":"<p>Entendemos la importancia de proteger nuestro mayor recurso natural: el agua limpia. Por eso estamos orgullosos de ofrecer <strong>Cloruro de di(octildecilo)dimetilamonio<\/strong> a profesionales del tratamiento de agua de todo el mundo. Este poderoso agente qu\u00edmico ha sido rigurosamente probado y brinda una protecci\u00f3n superior contra bacterias, virus y algas da\u00f1inas que crecen en los sistemas de agua.<\/p>\n<p>Ya sea que su misi\u00f3n sea el tratamiento de agua residencial o comercial, <strong>Cloruro de di(octildecilo)dimetilamonio<\/strong> le ayudar\u00e1 a llevar sus esfuerzos al siguiente nivel. Nuestro producto es seguro y f\u00e1cil de usar con sistemas de filtraci\u00f3n est\u00e1ndar y no requiere tiempo de configuraci\u00f3n adicional m\u00e1s all\u00e1 de la instalaci\u00f3n del producto en s\u00ed. Y como es respetuoso con el medio ambiente, no necesita preocuparse por contaminar lagos o r\u00edos con \u00a1Productos qu\u00edmicos agresivos para mantenerlos limpios!<\/p>","protected":false},"featured_media":1360,"template":"","meta":{"site-sidebar-layout":"default","site-content-layout":"default","ast-site-content-layout":"default","site-content-style":"default","site-sidebar-style":"default","ast-global-header-display":"","ast-banner-title-visibility":"","ast-main-header-display":"","ast-hfb-above-header-display":"","ast-hfb-below-header-display":"","ast-hfb-mobile-header-display":"","site-post-title":"","ast-breadcrumbs-content":"","ast-featured-img":"","footer-sml-layout":"","ast-disable-related-posts":"","theme-transparent-header-meta":"default","adv-header-id-meta":"","stick-header-meta":"default","header-above-stick-meta":"","header-main-stick-meta":"","header-below-stick-meta":"","astra-migrate-meta-layouts":"default","ast-page-background-enabled":"default","ast-page-background-meta":{"desktop":{"background-color":"","background-image":"","background-repeat":"repeat","background-position":"center center","background-size":"auto","background-attachment":"scroll","background-type":"","background-media":"","overlay-type":"","overlay-color":"","overlay-opacity":"","overlay-gradient":""},"tablet":{"background-color":"","background-image":"","background-repeat":"repeat","background-position":"center center","background-size":"auto","background-attachment":"scroll","background-type":"","background-media":"","overlay-type":"","overlay-color":"","overlay-opacity":"","overlay-gradient":""},"mobile":{"background-color":"","background-image":"","background-repeat":"repeat","background-position":"center center","background-size":"auto","background-attachment":"scroll","background-type":"","background-media":"","overlay-type":"","overlay-color":"","overlay-opacity":"","overlay-gradient":""}},"ast-content-background-meta":{"desktop":{"background-color":"var(--ast-global-color-5)","background-image":"","background-repeat":"repeat","background-position":"center center","background-size":"auto","background-attachment":"scroll","background-type":"","background-media":"","overlay-type":"","overlay-color":"","overlay-opacity":"","overlay-gradient":""},"tablet":{"background-color":"var(--ast-global-color-5)","background-image":"","background-repeat":"repeat","background-position":"center center","background-size":"auto","background-attachment":"scroll","background-type":"","background-media":"","overlay-type":"","overlay-color":"","overlay-opacity":"","overlay-gradient":""},"mobile":{"background-color":"var(--ast-global-color-5)","background-image":"","background-repeat":"repeat","background-position":"center center","background-size":"auto","background-attachment":"scroll","background-type":"","background-media":"","overlay-type":"","overlay-color":"","overlay-opacity":"","overlay-gradient":""}}},"product_brand":[],"product_cat":[33],"product_tag":[],"class_list":{"0":"post-1350","1":"product","2":"type-product","3":"status-publish","4":"has-post-thumbnail","6":"product_cat-cationic-surfactant-list","7":"desktop-align-left","8":"tablet-align-left","9":"mobile-align-left","10":"ast-product-gallery-layout-horizontal-slider","11":"ast-product-tabs-layout-horizontal","13":"first","14":"instock","15":"shipping-taxable","16":"product-type-simple"},"yoast_head":"<!-- This site is optimized with the Yoast SEO Premium plugin v26.3 (Yoast SEO v27.3) - https:\/\/yoast.com\/product\/yoast-seo-premium-wordpress\/ -->\n<title>Di(OctylDecyl)Dimethyl Ammonium Chloride(D8021) - vcycletech<\/title>\n<meta name=\"description\" content=\"Di(OctylDecyl)Dimethyl Ammonium Chloride provides fast results when used for treating areas affected by biological fouling. The compound attacks cells on the surface layer and helps stop photosynthesis, slowing down their growth and the spread of any potential contamination or infestation. With its strong performance, excellent insulation properties, and unique formula\u2019s adaptability to different concentrations of ions, this product serves as a perfect solution for water treatment needs.\" \/>\n<meta name=\"robots\" content=\"index, follow, max-snippet:-1, max-image-preview:large, max-video-preview:-1\" \/>\n<link rel=\"canonical\" href=\"https:\/\/vcycletech.com\/es\/producto\/dioctildecildimetil-amonio-clorado8021\/\" \/>\n<meta property=\"og:locale\" content=\"es_MX\" \/>\n<meta property=\"og:type\" content=\"article\" \/>\n<meta property=\"og:title\" content=\"Di(OctylDecyl)Dimethyl Ammonium Chloride(D8021)\" \/>\n<meta property=\"og:description\" content=\"Di(OctylDecyl)Dimethyl Ammonium Chloride provides fast results when used for treating areas affected by biological fouling. The compound attacks cells on the surface layer and helps stop photosynthesis, slowing down their growth and the spread of any potential contamination or infestation. With its strong performance, excellent insulation properties, and unique formula\u2019s adaptability to different concentrations of ions, this product serves as a perfect solution for water treatment needs.\" \/>\n<meta property=\"og:url\" content=\"https:\/\/vcycletech.com\/es\/producto\/dioctildecildimetil-amonio-clorado8021\/\" \/>\n<meta property=\"og:site_name\" content=\"vcycletech\" \/>\n<meta property=\"article:modified_time\" content=\"2023-03-22T06:40:25+00:00\" \/>\n<meta property=\"og:image\" content=\"https:\/\/vcycletech.com\/wp-content\/uploads\/2023\/03\/1-67.png\" \/>\n\t<meta property=\"og:image:width\" content=\"600\" \/>\n\t<meta property=\"og:image:height\" content=\"600\" \/>\n\t<meta property=\"og:image:type\" content=\"image\/png\" \/>\n<meta name=\"twitter:card\" content=\"summary_large_image\" \/>\n<meta name=\"twitter:label1\" content=\"Tiempo de lectura\" \/>\n\t<meta name=\"twitter:data1\" content=\"3 minutos\" \/>\n<script type=\"application\/ld+json\" class=\"yoast-schema-graph\">{\"@context\":\"https:\\\/\\\/schema.org\",\"@graph\":[{\"@type\":\"WebPage\",\"@id\":\"https:\\\/\\\/vcycletech.com\\\/product\\\/dioctyldecyldimethyl-ammonium-chlorided8021\\\/\",\"url\":\"https:\\\/\\\/vcycletech.com\\\/product\\\/dioctyldecyldimethyl-ammonium-chlorided8021\\\/\",\"name\":\"Di(OctylDecyl)Dimethyl Ammonium Chloride(D8021) - vcycletech\",\"isPartOf\":{\"@id\":\"https:\\\/\\\/vcycletech.com\\\/#website\"},\"primaryImageOfPage\":{\"@id\":\"https:\\\/\\\/vcycletech.com\\\/product\\\/dioctyldecyldimethyl-ammonium-chlorided8021\\\/#primaryimage\"},\"image\":{\"@id\":\"https:\\\/\\\/vcycletech.com\\\/product\\\/dioctyldecyldimethyl-ammonium-chlorided8021\\\/#primaryimage\"},\"thumbnailUrl\":\"https:\\\/\\\/vcycletech.com\\\/wp-content\\\/uploads\\\/2023\\\/03\\\/1-67.png\",\"datePublished\":\"2023-03-22T02:51:05+00:00\",\"dateModified\":\"2023-03-22T06:40:25+00:00\",\"description\":\"Di(OctylDecyl)Dimethyl Ammonium Chloride provides fast results when used for treating areas affected by biological fouling. The compound attacks cells on the surface layer and helps stop photosynthesis, slowing down their growth and the spread of any potential contamination or infestation. With its strong performance, excellent insulation properties, and unique formula\u2019s adaptability to different concentrations of ions, this product serves as a perfect solution for water treatment needs.\",\"breadcrumb\":{\"@id\":\"https:\\\/\\\/vcycletech.com\\\/product\\\/dioctyldecyldimethyl-ammonium-chlorided8021\\\/#breadcrumb\"},\"inLanguage\":\"es\",\"potentialAction\":[{\"@type\":\"ReadAction\",\"target\":[\"https:\\\/\\\/vcycletech.com\\\/product\\\/dioctyldecyldimethyl-ammonium-chlorided8021\\\/\"]}]},{\"@type\":\"ImageObject\",\"inLanguage\":\"es\",\"@id\":\"https:\\\/\\\/vcycletech.com\\\/product\\\/dioctyldecyldimethyl-ammonium-chlorided8021\\\/#primaryimage\",\"url\":\"https:\\\/\\\/vcycletech.com\\\/wp-content\\\/uploads\\\/2023\\\/03\\\/1-67.png\",\"contentUrl\":\"https:\\\/\\\/vcycletech.com\\\/wp-content\\\/uploads\\\/2023\\\/03\\\/1-67.png\",\"width\":600,\"height\":600,\"caption\":\"Di(OctylDecyl)Dimethyl Ammonium Chloride(D8021)\"},{\"@type\":\"BreadcrumbList\",\"@id\":\"https:\\\/\\\/vcycletech.com\\\/product\\\/dioctyldecyldimethyl-ammonium-chlorided8021\\\/#breadcrumb\",\"itemListElement\":[{\"@type\":\"ListItem\",\"position\":1,\"name\":\"Home\",\"item\":\"https:\\\/\\\/vcycletech.com\\\/\"},{\"@type\":\"ListItem\",\"position\":2,\"name\":\"Water Treatment Chemicals Manufacturer\",\"item\":\"https:\\\/\\\/vcycletech.com\\\/water-treatment-chemicals-manufacturer\\\/\"},{\"@type\":\"ListItem\",\"position\":3,\"name\":\"Di(OctylDecyl)Dimethyl Ammonium Chloride(D8021)\"}]},{\"@type\":\"WebSite\",\"@id\":\"https:\\\/\\\/vcycletech.com\\\/#website\",\"url\":\"https:\\\/\\\/vcycletech.com\\\/\",\"name\":\"vcycletech\",\"description\":\"China&#039;s top water treatment chemicals supplier\",\"publisher\":{\"@id\":\"https:\\\/\\\/vcycletech.com\\\/#organization\"},\"potentialAction\":[{\"@type\":\"SearchAction\",\"target\":{\"@type\":\"EntryPoint\",\"urlTemplate\":\"https:\\\/\\\/vcycletech.com\\\/?s={search_term_string}\"},\"query-input\":{\"@type\":\"PropertyValueSpecification\",\"valueRequired\":true,\"valueName\":\"search_term_string\"}}],\"inLanguage\":\"es\"},{\"@type\":\"Organization\",\"@id\":\"https:\\\/\\\/vcycletech.com\\\/#organization\",\"name\":\"vcycletech\",\"url\":\"https:\\\/\\\/vcycletech.com\\\/\",\"logo\":{\"@type\":\"ImageObject\",\"inLanguage\":\"es\",\"@id\":\"https:\\\/\\\/vcycletech.com\\\/#\\\/schema\\\/logo\\\/image\\\/\",\"url\":\"https:\\\/\\\/vcycletech.com\\\/wp-content\\\/uploads\\\/2023\\\/03\\\/logo-vcycletech-1.png\",\"contentUrl\":\"https:\\\/\\\/vcycletech.com\\\/wp-content\\\/uploads\\\/2023\\\/03\\\/logo-vcycletech-1.png\",\"width\":600,\"height\":400,\"caption\":\"vcycletech\"},\"image\":{\"@id\":\"https:\\\/\\\/vcycletech.com\\\/#\\\/schema\\\/logo\\\/image\\\/\"}}]}<\/script>\n<!-- \/ Yoast SEO Premium plugin. -->","yoast_head_json":{"title":"Cloruro de di(octildecilo)dimetilamonio (D8021) - vcycletech","description":"El cloruro de di(octildecilo)dimetilamonio proporciona resultados r\u00e1pidos cuando se usa para tratar \u00e1reas afectadas por incrustaciones biol\u00f3gicas. El compuesto ataca las c\u00e9lulas en la capa superficial y ayuda a detener la fotos\u00edntesis, ralentizando su crecimiento y la propagaci\u00f3n de cualquier posible contaminaci\u00f3n o infestaci\u00f3n. Con su fuerte desempe\u00f1o, excelentes propiedades de aislamiento y la adaptabilidad de su f\u00f3rmula \u00fanica a diferentes concentraciones de iones, este producto sirve como una soluci\u00f3n perfecta para las necesidades de tratamiento de agua.","robots":{"index":"index","follow":"follow","max-snippet":"max-snippet:-1","max-image-preview":"max-image-preview:large","max-video-preview":"max-video-preview:-1"},"canonical":"https:\/\/vcycletech.com\/es\/producto\/dioctildecildimetil-amonio-clorado8021\/","og_locale":"es_MX","og_type":"article","og_title":"Di(OctylDecyl)Dimethyl Ammonium Chloride(D8021)","og_description":"Di(OctylDecyl)Dimethyl Ammonium Chloride provides fast results when used for treating areas affected by biological fouling. The compound attacks cells on the surface layer and helps stop photosynthesis, slowing down their growth and the spread of any potential contamination or infestation. With its strong performance, excellent insulation properties, and unique formula\u2019s adaptability to different concentrations of ions, this product serves as a perfect solution for water treatment needs.","og_url":"https:\/\/vcycletech.com\/es\/producto\/dioctildecildimetil-amonio-clorado8021\/","og_site_name":"vcycletech","article_modified_time":"2023-03-22T06:40:25+00:00","og_image":[{"width":600,"height":600,"url":"https:\/\/vcycletech.com\/wp-content\/uploads\/2023\/03\/1-67.png","type":"image\/png"}],"twitter_card":"summary_large_image","twitter_misc":{"Tiempo de lectura":"3 minutos"},"schema":{"@context":"https:\/\/schema.org","@graph":[{"@type":"WebPage","@id":"https:\/\/vcycletech.com\/product\/dioctyldecyldimethyl-ammonium-chlorided8021\/","url":"https:\/\/vcycletech.com\/product\/dioctyldecyldimethyl-ammonium-chlorided8021\/","name":"Cloruro de di(octildecilo)dimetilamonio (D8021) - vcycletech","isPartOf":{"@id":"https:\/\/vcycletech.com\/#website"},"primaryImageOfPage":{"@id":"https:\/\/vcycletech.com\/product\/dioctyldecyldimethyl-ammonium-chlorided8021\/#primaryimage"},"image":{"@id":"https:\/\/vcycletech.com\/product\/dioctyldecyldimethyl-ammonium-chlorided8021\/#primaryimage"},"thumbnailUrl":"https:\/\/vcycletech.com\/wp-content\/uploads\/2023\/03\/1-67.png","datePublished":"2023-03-22T02:51:05+00:00","dateModified":"2023-03-22T06:40:25+00:00","description":"El cloruro de di(octildecilo)dimetilamonio proporciona resultados r\u00e1pidos cuando se usa para tratar \u00e1reas afectadas por incrustaciones biol\u00f3gicas. El compuesto ataca las c\u00e9lulas en la capa superficial y ayuda a detener la fotos\u00edntesis, ralentizando su crecimiento y la propagaci\u00f3n de cualquier posible contaminaci\u00f3n o infestaci\u00f3n. Con su fuerte desempe\u00f1o, excelentes propiedades de aislamiento y la adaptabilidad de su f\u00f3rmula \u00fanica a diferentes concentraciones de iones, este producto sirve como una soluci\u00f3n perfecta para las necesidades de tratamiento de agua.","breadcrumb":{"@id":"https:\/\/vcycletech.com\/product\/dioctyldecyldimethyl-ammonium-chlorided8021\/#breadcrumb"},"inLanguage":"es","potentialAction":[{"@type":"ReadAction","target":["https:\/\/vcycletech.com\/product\/dioctyldecyldimethyl-ammonium-chlorided8021\/"]}]},{"@type":"ImageObject","inLanguage":"es","@id":"https:\/\/vcycletech.com\/product\/dioctyldecyldimethyl-ammonium-chlorided8021\/#primaryimage","url":"https:\/\/vcycletech.com\/wp-content\/uploads\/2023\/03\/1-67.png","contentUrl":"https:\/\/vcycletech.com\/wp-content\/uploads\/2023\/03\/1-67.png","width":600,"height":600,"caption":"Di(OctylDecyl)Dimethyl Ammonium Chloride(D8021)"},{"@type":"BreadcrumbList","@id":"https:\/\/vcycletech.com\/product\/dioctyldecyldimethyl-ammonium-chlorided8021\/#breadcrumb","itemListElement":[{"@type":"ListItem","position":1,"name":"Home","item":"https:\/\/vcycletech.com\/"},{"@type":"ListItem","position":2,"name":"Water Treatment Chemicals Manufacturer","item":"https:\/\/vcycletech.com\/water-treatment-chemicals-manufacturer\/"},{"@type":"ListItem","position":3,"name":"Di(OctylDecyl)Dimethyl Ammonium Chloride(D8021)"}]},{"@type":"WebSite","@id":"https:\/\/vcycletech.com\/#website","url":"https:\/\/vcycletech.com\/","name":"vcycletech","description":"El principal proveedor de productos qu\u00edmicos para el tratamiento del agua de China y #039;","publisher":{"@id":"https:\/\/vcycletech.com\/#organization"},"potentialAction":[{"@type":"SearchAction","target":{"@type":"EntryPoint","urlTemplate":"https:\/\/vcycletech.com\/?s={search_term_string}"},"query-input":{"@type":"PropertyValueSpecification","valueRequired":true,"valueName":"search_term_string"}}],"inLanguage":"es"},{"@type":"Organization","@id":"https:\/\/vcycletech.com\/#organization","name":"vcycletech","url":"https:\/\/vcycletech.com\/","logo":{"@type":"ImageObject","inLanguage":"es","@id":"https:\/\/vcycletech.com\/#\/schema\/logo\/image\/","url":"https:\/\/vcycletech.com\/wp-content\/uploads\/2023\/03\/logo-vcycletech-1.png","contentUrl":"https:\/\/vcycletech.com\/wp-content\/uploads\/2023\/03\/logo-vcycletech-1.png","width":600,"height":400,"caption":"vcycletech"},"image":{"@id":"https:\/\/vcycletech.com\/#\/schema\/logo\/image\/"}}]}},"_links":{"self":[{"href":"https:\/\/vcycletech.com\/es\/wp-json\/wp\/v2\/product\/1350","targetHints":{"allow":["GET"]}}],"collection":[{"href":"https:\/\/vcycletech.com\/es\/wp-json\/wp\/v2\/product"}],"about":[{"href":"https:\/\/vcycletech.com\/es\/wp-json\/wp\/v2\/types\/product"}],"wp:featuredmedia":[{"embeddable":true,"href":"https:\/\/vcycletech.com\/es\/wp-json\/wp\/v2\/media\/1360"}],"wp:attachment":[{"href":"https:\/\/vcycletech.com\/es\/wp-json\/wp\/v2\/media?parent=1350"}],"wp:term":[{"taxonomy":"product_brand","embeddable":true,"href":"https:\/\/vcycletech.com\/es\/wp-json\/wp\/v2\/product_brand?post=1350"},{"taxonomy":"product_cat","embeddable":true,"href":"https:\/\/vcycletech.com\/es\/wp-json\/wp\/v2\/product_cat?post=1350"},{"taxonomy":"product_tag","embeddable":true,"href":"https:\/\/vcycletech.com\/es\/wp-json\/wp\/v2\/product_tag?post=1350"}],"curies":[{"name":"wp","href":"https:\/\/api.w.org\/{rel}","templated":true}]}}