{"id":1345,"date":"2023-03-22T02:53:53","date_gmt":"2023-03-22T02:53:53","guid":{"rendered":"https:\/\/vcycletech.com\/?post_type=product&#038;p=1345"},"modified":"2023-03-27T03:19:25","modified_gmt":"2023-03-27T03:19:25","slug":"kr-707-pretratamiento-filming-agent","status":"publish","type":"product","link":"https:\/\/vcycletech.com\/es\/producto\/kr-707-pretratamiento-filming-agent\/","title":{"rendered":"Agente de filmaci\u00f3n de pretratamiento WT-707"},"content":{"rendered":"<h3>Propiedades:<\/h3>\n<p><strong>WT-707<\/strong> es una combinaci\u00f3n especial de agentes quelantes, dispersantes, pel\u00edcula de pretratamiento y surfactante dise\u00f1ada para brindar resultados superiores. Adsorbe qu\u00edmicamente los iones f\u00e9rricos y de calcio y forma una pel\u00edcula dura sobre las superficies met\u00e1licas. Esta pel\u00edcula se adhiere r\u00e1pidamente, se homogeneiza uniformemente en toda la superficie y proporciona una excelente estabilidad qu\u00edmica con bajos niveles de corrosi\u00f3n. La combinaci\u00f3n \u00fanica de componentes del WT-707 hace que no se vea afectado por los iones de cobre o f\u00e9rricos en los sistemas de agua. Es el producto ideal para el pretratamiento de equipos y tuber\u00edas para sistemas nuevos o despu\u00e9s de reparaciones importantes.<\/p>\n<h3>Especificaci\u00f3n:<\/h3>\n<div id=\"footable_parent_1359\"\n         class=\"footable_parent ninja_table_wrapper loading_ninja_table wp_table_data_press_parent semantic_ui\">\n                <table data-ninja_table_instance=\"ninja_table_instance_0\" data-footable_id=\"1359\" data-filter-delay=\"1000\" aria-label=\"Agente de filmaci\u00f3n de pretratamiento KR-707.csv\"            id=\"footable_1359\"\n           data-unique_identifier=\"ninja_table_unique_id_772312576_1359\"\n           class=\"foo-table ninja_footable foo_table_1359 ninja_table_unique_id_772312576_1359 ui table  nt_type_legacy_table selectable striped vertical_centered  footable-paging-right ninja_table_pro\">\n                <colgroup>\n                            <col class=\"ninja_column_0\">\n                            <col class=\"ninja_column_1\">\n                    <\/colgroup>\n        <thead>\n<tr class=\"footable-header\">\n                                        <th scope=\"col\"  class=\"ninja_column_0 ninja_clmn_nm_items\">Art\u00edculos<\/th><th scope=\"col\"  class=\"ninja_column_1 ninja_clmn_nm_index\">\u00cdndice<\/th><\/tr>\n<\/thead>\n<tbody>\n\n        <tr data-row_id=\"351\" class=\"ninja_table_row_0 nt_row_id_351\">\n            <td>Apariencia<\/td><td>L\u00edquido transparente \u00e1mbar<\/td>        <\/tr>\n            <tr data-row_id=\"352\" class=\"ninja_table_row_1 nt_row_id_352\">\n            <td>Contenido s\u00f3lido, %<\/td><td>20,0 minutos<\/td>        <\/tr>\n            <tr data-row_id=\"353\" class=\"ninja_table_row_2 nt_row_id_353\">\n            <td>Densidad (20 \u2103), g\/cm3<\/td><td>1,25\u00b10,1<\/td>        <\/tr>\n            <tr data-row_id=\"354\" class=\"ninja_table_row_3 nt_row_id_354\">\n            <td>pH (soluci\u00f3n de agua 1%)<\/td><td>2,0\u00b11,0<\/td>        <\/tr>\n    <\/tbody><!--ninja_tobody_rendering_done-->\n    <\/table>\n    \n    \n    \n<\/div>\n\n<h3>Caracter\u00edsticas del producto:<\/h3>\n<p><strong>Agente de filmaci\u00f3n de pretratamiento WT-707<\/strong> es un producto avanzado de alto rendimiento dise\u00f1ado para operaciones de pretratamiento en una variedad de industrias. Es adecuado para todas las telas y mezclas de algod\u00f3n, incluidas las fibras sint\u00e9ticas como el poli\u00e9ster, el spandex y el nailon. Tiene un excelente desempe\u00f1o en la reducci\u00f3n de la diferencia de color entre la muestra y la producci\u00f3n a granel, mejorando la solidez general del color para la tela tratada. Adem\u00e1s, puede mejorar significativamente la suavidad de la superficie con buenas propiedades hidrof\u00edlicas, lo que facilita el te\u00f1ido de la tela con una fuerte fuerza de adhesi\u00f3n. WT-707 es f\u00e1cil de usar y se puede diluir antes de usar, lo que lo hace m\u00e1s econ\u00f3mico.<\/p>\n<h4>Uso:<\/h4>\n<p>Para obtener resultados \u00f3ptimos, se recomienda una dosis de 200-500 mg\/L. Para los estados fr\u00edos, el tiempo de filmaci\u00f3n del pretratamiento debe ser de 48 a 72 horas, mientras que para los estados de calor, el tiempo de filmaci\u00f3n sugerido es de 24 a 48 horas.<\/p>\n<h4>Paquete y almacenamiento:<\/h4>\n<p>El producto viene en bid\u00f3n de pl\u00e1stico de 200L o IBC (1000L). Los clientes tambi\u00e9n pueden solicitar paquetes personalizados si es necesario. El producto debe almacenarse en un lugar sombreado y seco hasta por un a\u00f1o.<\/p>\n<h4>Medida de seguridad:<\/h4>\n<p>El producto \u00e1cido no debe entrar en contacto con los ojos o la piel. Si esto ocurre, enjuague con agua inmediatamente.<\/p>\n<h3>Preguntas frecuentes:<\/h3>\n<p><strong>P1: \u00bfCu\u00e1l es el prop\u00f3sito del agente de filmaci\u00f3n de pretratamiento WT-707?<\/strong><br \/>\nEl agente film\u00f3geno de pretratamiento WT-707 es un tipo de qu\u00edmico de tratamiento de agua que se utiliza para preparar superficies antes de recubrirlas con una pel\u00edcula protectora como pintura o barniz. El producto qu\u00edmico crea una barrera delgada y uniforme en la superficie que ayuda a garantizar una mejor adhesi\u00f3n y una cobertura m\u00e1s uniforme de la capa superior que se aplica posteriormente.<br \/>\n<strong>P2: \u00bfQu\u00e9 tipos de materiales pueden beneficiarse del uso de WT-707?<\/strong><br \/>\nWT-707 se puede utilizar en una amplia variedad de materiales, incluidos metales, pl\u00e1sticos, hormig\u00f3n y otras superficies. Es especialmente efectivo para aplicaciones donde es esencial una fuerte adherencia de las capas finales, como en la industria automotriz o para equipos industriales.<br \/>\n<strong>P3:\u00bfC\u00f3mo mejora la adhesi\u00f3n el WT-707 en comparaci\u00f3n con otros productos?<\/strong><br \/>\nWT-707 contiene ingredientes especiales dise\u00f1ados para brindar propiedades de adhesi\u00f3n superiores en comparaci\u00f3n con los imprimadores y recubrimientos tradicionales. La baja viscosidad de la f\u00f3rmula le permite penetrar profundamente incluso en los poros m\u00e1s peque\u00f1os del material, creando una base \u00f3ptima para las capas superiores que no se despegar\u00e1n, descascarillar\u00e1n ni levantar\u00e1n f\u00e1cilmente con el tiempo.<br \/>\n<strong>P4: \u00bfCu\u00e1les son las consideraciones de seguridad para usar WT-707?<\/strong><br \/>\nEl WT-707 siempre debe manipularse con las precauciones de seguridad adecuadas, ya que es un material peligroso que puede causar irritaci\u00f3n de la piel al contacto y la inhalaci\u00f3n puede irritar las v\u00edas respiratorias si se inhala directamente de su contenedor o si se roc\u00eda a alta presi\u00f3n durante la aplicaci\u00f3n. Se debe usar ropa protectora adecuada y anteojos en todo momento cuando se trabaja con este producto, y cualquier derrame se debe limpiar de inmediato con material absorbente como arena para gatos o arena.<br \/>\n<strong>P5: \u00bfHay alguna forma espec\u00edfica de aplicar WT-707?<\/strong><br \/>\nWT-707 debe aplicarse uniformemente de acuerdo con las instrucciones del fabricante para lograr resultados de rendimiento \u00f3ptimos. Este producto generalmente se puede aplicar con brocha, rociador o rodillo, seg\u00fan el tama\u00f1o del \u00e1rea a tratar y necesita tiempo suficiente (10 a 20 minutos) para que se seque antes de agregar capas adicionales, como imprimaci\u00f3n o capas superiores.<\/p>\n<p><a href=\"https:\/\/vcycletech.com\/es\/categoria-de-producto\/inhibidores-de-corrosion-a-escala-construida-y-agentes-de-pelicula-de-tratamiento-previo\/\">Obtenga la soluci\u00f3n completa de inhibidores de corrosi\u00f3n a escala integrada y agentes de filmaci\u00f3n de pretratamiento.<\/a><\/p>","protected":false},"excerpt":{"rendered":"<p class=\"my-0.5\"><strong>Agente de filmaci\u00f3n de pretratamiento WT-707<\/strong> es un qu\u00edmico de tratamiento de agua con varias ventajas. Es r\u00e1pido de filmar, cubre homog\u00e9neamente las superficies, es qu\u00edmicamente estable y tiene una baja relaci\u00f3n de corrosi\u00f3n. Tambi\u00e9n contiene un agente quelante que puede adsorber f\u00e9rrico y calcio, formando una pel\u00edcula dura sobre las superficies met\u00e1licas. Adem\u00e1s, <strong>WT-707 <\/strong>puede curar rozaduras en ingl\u00e9s, lo que lo convierte en una opci\u00f3n ideal para aplicaciones de tratamiento de agua. Su versatilidad lo hace adecuado para su uso en barrios industriales y residenciales. <strong>Agente de filmaci\u00f3n de pretratamiento WT-707<\/strong> es una excelente opci\u00f3n para los productos qu\u00edmicos de tratamiento de agua con sus muchos beneficios.<\/p>","protected":false},"featured_media":1364,"template":"","meta":{"site-sidebar-layout":"default","site-content-layout":"default","ast-site-content-layout":"default","site-content-style":"default","site-sidebar-style":"default","ast-global-header-display":"","ast-banner-title-visibility":"","ast-main-header-display":"","ast-hfb-above-header-display":"","ast-hfb-below-header-display":"","ast-hfb-mobile-header-display":"","site-post-title":"","ast-breadcrumbs-content":"","ast-featured-img":"","footer-sml-layout":"","ast-disable-related-posts":"","theme-transparent-header-meta":"default","adv-header-id-meta":"","stick-header-meta":"default","header-above-stick-meta":"","header-main-stick-meta":"","header-below-stick-meta":"","astra-migrate-meta-layouts":"default","ast-page-background-enabled":"default","ast-page-background-meta":{"desktop":{"background-color":"","background-image":"","background-repeat":"repeat","background-position":"center center","background-size":"auto","background-attachment":"scroll","background-type":"","background-media":"","overlay-type":"","overlay-color":"","overlay-opacity":"","overlay-gradient":""},"tablet":{"background-color":"","background-image":"","background-repeat":"repeat","background-position":"center center","background-size":"auto","background-attachment":"scroll","background-type":"","background-media":"","overlay-type":"","overlay-color":"","overlay-opacity":"","overlay-gradient":""},"mobile":{"background-color":"","background-image":"","background-repeat":"repeat","background-position":"center center","background-size":"auto","background-attachment":"scroll","background-type":"","background-media":"","overlay-type":"","overlay-color":"","overlay-opacity":"","overlay-gradient":""}},"ast-content-background-meta":{"desktop":{"background-color":"var(--ast-global-color-5)","background-image":"","background-repeat":"repeat","background-position":"center center","background-size":"auto","background-attachment":"scroll","background-type":"","background-media":"","overlay-type":"","overlay-color":"","overlay-opacity":"","overlay-gradient":""},"tablet":{"background-color":"var(--ast-global-color-5)","background-image":"","background-repeat":"repeat","background-position":"center center","background-size":"auto","background-attachment":"scroll","background-type":"","background-media":"","overlay-type":"","overlay-color":"","overlay-opacity":"","overlay-gradient":""},"mobile":{"background-color":"var(--ast-global-color-5)","background-image":"","background-repeat":"repeat","background-position":"center center","background-size":"auto","background-attachment":"scroll","background-type":"","background-media":"","overlay-type":"","overlay-color":"","overlay-opacity":"","overlay-gradient":""}}},"product_brand":[],"product_cat":[32],"product_tag":[],"class_list":{"0":"post-1345","1":"product","2":"type-product","3":"status-publish","4":"has-post-thumbnail","6":"product_cat-built-scale-corrosion-inhibitors-and-pretreatment-filming-agents","7":"desktop-align-left","8":"tablet-align-left","9":"mobile-align-left","10":"ast-product-gallery-layout-horizontal-slider","11":"ast-product-gallery-with-no-image","12":"ast-product-tabs-layout-horizontal","14":"first","15":"instock","16":"shipping-taxable","17":"product-type-simple"},"yoast_head":"<!-- This site is optimized with the Yoast SEO Premium plugin v26.3 (Yoast SEO v27.3) - https:\/\/yoast.com\/product\/yoast-seo-premium-wordpress\/ -->\n<title>WT-707 Pretreatment Filming Agent - vcycletech<\/title>\n<meta name=\"description\" content=\"Tackle your toughest water treatments with the power of WT-707 Pretreatment Filming Agent! Get superior results with our selection of treatment chemicals now.\" \/>\n<meta name=\"robots\" content=\"index, follow, max-snippet:-1, max-image-preview:large, max-video-preview:-1\" \/>\n<link rel=\"canonical\" href=\"https:\/\/vcycletech.com\/es\/producto\/kr-707-pretratamiento-filming-agent\/\" \/>\n<meta property=\"og:locale\" content=\"es_MX\" \/>\n<meta property=\"og:type\" content=\"article\" \/>\n<meta property=\"og:title\" content=\"WT-707 Pretreatment Filming Agent\" \/>\n<meta property=\"og:description\" content=\"Tackle your toughest water treatments with the power of WT-707 Pretreatment Filming Agent! Get superior results with our selection of treatment chemicals now.\" \/>\n<meta property=\"og:url\" content=\"https:\/\/vcycletech.com\/es\/producto\/kr-707-pretratamiento-filming-agent\/\" \/>\n<meta property=\"og:site_name\" content=\"vcycletech\" \/>\n<meta property=\"article:modified_time\" content=\"2023-03-27T03:19:25+00:00\" \/>\n<meta property=\"og:image\" content=\"https:\/\/vcycletech.com\/wp-content\/uploads\/2023\/03\/1-68.png\" \/>\n\t<meta property=\"og:image:width\" content=\"600\" \/>\n\t<meta property=\"og:image:height\" content=\"600\" \/>\n\t<meta property=\"og:image:type\" content=\"image\/png\" \/>\n<meta name=\"twitter:card\" content=\"summary_large_image\" \/>\n<meta name=\"twitter:label1\" content=\"Tiempo de lectura\" \/>\n\t<meta name=\"twitter:data1\" content=\"3 minutos\" \/>\n<script type=\"application\/ld+json\" class=\"yoast-schema-graph\">{\"@context\":\"https:\\\/\\\/schema.org\",\"@graph\":[{\"@type\":\"WebPage\",\"@id\":\"https:\\\/\\\/vcycletech.com\\\/product\\\/wt-707-pretreatment-filming-agent\\\/\",\"url\":\"https:\\\/\\\/vcycletech.com\\\/product\\\/wt-707-pretreatment-filming-agent\\\/\",\"name\":\"WT-707 Pretreatment Filming Agent - vcycletech\",\"isPartOf\":{\"@id\":\"https:\\\/\\\/vcycletech.com\\\/#website\"},\"primaryImageOfPage\":{\"@id\":\"https:\\\/\\\/vcycletech.com\\\/product\\\/wt-707-pretreatment-filming-agent\\\/#primaryimage\"},\"image\":{\"@id\":\"https:\\\/\\\/vcycletech.com\\\/product\\\/wt-707-pretreatment-filming-agent\\\/#primaryimage\"},\"thumbnailUrl\":\"https:\\\/\\\/vcycletech.com\\\/wp-content\\\/uploads\\\/2023\\\/03\\\/1-68.png\",\"datePublished\":\"2023-03-22T02:53:53+00:00\",\"dateModified\":\"2023-03-27T03:19:25+00:00\",\"description\":\"Tackle your toughest water treatments with the power of WT-707 Pretreatment Filming Agent! Get superior results with our selection of treatment chemicals now.\",\"breadcrumb\":{\"@id\":\"https:\\\/\\\/vcycletech.com\\\/product\\\/wt-707-pretreatment-filming-agent\\\/#breadcrumb\"},\"inLanguage\":\"es\",\"potentialAction\":[{\"@type\":\"ReadAction\",\"target\":[\"https:\\\/\\\/vcycletech.com\\\/product\\\/wt-707-pretreatment-filming-agent\\\/\"]}]},{\"@type\":\"ImageObject\",\"inLanguage\":\"es\",\"@id\":\"https:\\\/\\\/vcycletech.com\\\/product\\\/wt-707-pretreatment-filming-agent\\\/#primaryimage\",\"url\":\"https:\\\/\\\/vcycletech.com\\\/wp-content\\\/uploads\\\/2023\\\/03\\\/1-68.png\",\"contentUrl\":\"https:\\\/\\\/vcycletech.com\\\/wp-content\\\/uploads\\\/2023\\\/03\\\/1-68.png\",\"width\":600,\"height\":600,\"caption\":\"KR-707 Pretreatment Filming Agent\"},{\"@type\":\"BreadcrumbList\",\"@id\":\"https:\\\/\\\/vcycletech.com\\\/product\\\/wt-707-pretreatment-filming-agent\\\/#breadcrumb\",\"itemListElement\":[{\"@type\":\"ListItem\",\"position\":1,\"name\":\"Home\",\"item\":\"https:\\\/\\\/vcycletech.com\\\/\"},{\"@type\":\"ListItem\",\"position\":2,\"name\":\"Water Treatment Chemicals Manufacturer\",\"item\":\"https:\\\/\\\/vcycletech.com\\\/water-treatment-chemicals-manufacturer\\\/\"},{\"@type\":\"ListItem\",\"position\":3,\"name\":\"WT-707 Pretreatment Filming Agent\"}]},{\"@type\":\"WebSite\",\"@id\":\"https:\\\/\\\/vcycletech.com\\\/#website\",\"url\":\"https:\\\/\\\/vcycletech.com\\\/\",\"name\":\"vcycletech\",\"description\":\"China&#039;s top water treatment chemicals supplier\",\"publisher\":{\"@id\":\"https:\\\/\\\/vcycletech.com\\\/#organization\"},\"potentialAction\":[{\"@type\":\"SearchAction\",\"target\":{\"@type\":\"EntryPoint\",\"urlTemplate\":\"https:\\\/\\\/vcycletech.com\\\/?s={search_term_string}\"},\"query-input\":{\"@type\":\"PropertyValueSpecification\",\"valueRequired\":true,\"valueName\":\"search_term_string\"}}],\"inLanguage\":\"es\"},{\"@type\":\"Organization\",\"@id\":\"https:\\\/\\\/vcycletech.com\\\/#organization\",\"name\":\"vcycletech\",\"url\":\"https:\\\/\\\/vcycletech.com\\\/\",\"logo\":{\"@type\":\"ImageObject\",\"inLanguage\":\"es\",\"@id\":\"https:\\\/\\\/vcycletech.com\\\/#\\\/schema\\\/logo\\\/image\\\/\",\"url\":\"https:\\\/\\\/vcycletech.com\\\/wp-content\\\/uploads\\\/2023\\\/03\\\/logo-vcycletech-1.png\",\"contentUrl\":\"https:\\\/\\\/vcycletech.com\\\/wp-content\\\/uploads\\\/2023\\\/03\\\/logo-vcycletech-1.png\",\"width\":600,\"height\":400,\"caption\":\"vcycletech\"},\"image\":{\"@id\":\"https:\\\/\\\/vcycletech.com\\\/#\\\/schema\\\/logo\\\/image\\\/\"}}]}<\/script>\n<!-- \/ Yoast SEO Premium plugin. -->","yoast_head_json":{"title":"Agente de filmaci\u00f3n de pretratamiento WT-707 - vcycletech","description":"\u00a1Haga frente a sus tratamientos de agua m\u00e1s dif\u00edciles con el poder del agente de filmaci\u00f3n de pretratamiento WT-707! Obtenga resultados superiores con nuestra selecci\u00f3n de productos qu\u00edmicos de tratamiento ahora.","robots":{"index":"index","follow":"follow","max-snippet":"max-snippet:-1","max-image-preview":"max-image-preview:large","max-video-preview":"max-video-preview:-1"},"canonical":"https:\/\/vcycletech.com\/es\/producto\/kr-707-pretratamiento-filming-agent\/","og_locale":"es_MX","og_type":"article","og_title":"WT-707 Pretreatment Filming Agent","og_description":"Tackle your toughest water treatments with the power of WT-707 Pretreatment Filming Agent! Get superior results with our selection of treatment chemicals now.","og_url":"https:\/\/vcycletech.com\/es\/producto\/kr-707-pretratamiento-filming-agent\/","og_site_name":"vcycletech","article_modified_time":"2023-03-27T03:19:25+00:00","og_image":[{"width":600,"height":600,"url":"https:\/\/vcycletech.com\/wp-content\/uploads\/2023\/03\/1-68.png","type":"image\/png"}],"twitter_card":"summary_large_image","twitter_misc":{"Tiempo de lectura":"3 minutos"},"schema":{"@context":"https:\/\/schema.org","@graph":[{"@type":"WebPage","@id":"https:\/\/vcycletech.com\/product\/wt-707-pretreatment-filming-agent\/","url":"https:\/\/vcycletech.com\/product\/wt-707-pretreatment-filming-agent\/","name":"Agente de filmaci\u00f3n de pretratamiento WT-707 - vcycletech","isPartOf":{"@id":"https:\/\/vcycletech.com\/#website"},"primaryImageOfPage":{"@id":"https:\/\/vcycletech.com\/product\/wt-707-pretreatment-filming-agent\/#primaryimage"},"image":{"@id":"https:\/\/vcycletech.com\/product\/wt-707-pretreatment-filming-agent\/#primaryimage"},"thumbnailUrl":"https:\/\/vcycletech.com\/wp-content\/uploads\/2023\/03\/1-68.png","datePublished":"2023-03-22T02:53:53+00:00","dateModified":"2023-03-27T03:19:25+00:00","description":"\u00a1Haga frente a sus tratamientos de agua m\u00e1s dif\u00edciles con el poder del agente de filmaci\u00f3n de pretratamiento WT-707! Obtenga resultados superiores con nuestra selecci\u00f3n de productos qu\u00edmicos de tratamiento ahora.","breadcrumb":{"@id":"https:\/\/vcycletech.com\/product\/wt-707-pretreatment-filming-agent\/#breadcrumb"},"inLanguage":"es","potentialAction":[{"@type":"ReadAction","target":["https:\/\/vcycletech.com\/product\/wt-707-pretreatment-filming-agent\/"]}]},{"@type":"ImageObject","inLanguage":"es","@id":"https:\/\/vcycletech.com\/product\/wt-707-pretreatment-filming-agent\/#primaryimage","url":"https:\/\/vcycletech.com\/wp-content\/uploads\/2023\/03\/1-68.png","contentUrl":"https:\/\/vcycletech.com\/wp-content\/uploads\/2023\/03\/1-68.png","width":600,"height":600,"caption":"KR-707 Pretreatment Filming Agent"},{"@type":"BreadcrumbList","@id":"https:\/\/vcycletech.com\/product\/wt-707-pretreatment-filming-agent\/#breadcrumb","itemListElement":[{"@type":"ListItem","position":1,"name":"Home","item":"https:\/\/vcycletech.com\/"},{"@type":"ListItem","position":2,"name":"Water Treatment Chemicals Manufacturer","item":"https:\/\/vcycletech.com\/water-treatment-chemicals-manufacturer\/"},{"@type":"ListItem","position":3,"name":"WT-707 Pretreatment Filming Agent"}]},{"@type":"WebSite","@id":"https:\/\/vcycletech.com\/#website","url":"https:\/\/vcycletech.com\/","name":"vcycletech","description":"El principal proveedor de productos qu\u00edmicos para el tratamiento del agua de China y #039;","publisher":{"@id":"https:\/\/vcycletech.com\/#organization"},"potentialAction":[{"@type":"SearchAction","target":{"@type":"EntryPoint","urlTemplate":"https:\/\/vcycletech.com\/?s={search_term_string}"},"query-input":{"@type":"PropertyValueSpecification","valueRequired":true,"valueName":"search_term_string"}}],"inLanguage":"es"},{"@type":"Organization","@id":"https:\/\/vcycletech.com\/#organization","name":"vcycletech","url":"https:\/\/vcycletech.com\/","logo":{"@type":"ImageObject","inLanguage":"es","@id":"https:\/\/vcycletech.com\/#\/schema\/logo\/image\/","url":"https:\/\/vcycletech.com\/wp-content\/uploads\/2023\/03\/logo-vcycletech-1.png","contentUrl":"https:\/\/vcycletech.com\/wp-content\/uploads\/2023\/03\/logo-vcycletech-1.png","width":600,"height":400,"caption":"vcycletech"},"image":{"@id":"https:\/\/vcycletech.com\/#\/schema\/logo\/image\/"}}]}},"_links":{"self":[{"href":"https:\/\/vcycletech.com\/es\/wp-json\/wp\/v2\/product\/1345","targetHints":{"allow":["GET"]}}],"collection":[{"href":"https:\/\/vcycletech.com\/es\/wp-json\/wp\/v2\/product"}],"about":[{"href":"https:\/\/vcycletech.com\/es\/wp-json\/wp\/v2\/types\/product"}],"wp:featuredmedia":[{"embeddable":true,"href":"https:\/\/vcycletech.com\/es\/wp-json\/wp\/v2\/media\/1364"}],"wp:attachment":[{"href":"https:\/\/vcycletech.com\/es\/wp-json\/wp\/v2\/media?parent=1345"}],"wp:term":[{"taxonomy":"product_brand","embeddable":true,"href":"https:\/\/vcycletech.com\/es\/wp-json\/wp\/v2\/product_brand?post=1345"},{"taxonomy":"product_cat","embeddable":true,"href":"https:\/\/vcycletech.com\/es\/wp-json\/wp\/v2\/product_cat?post=1345"},{"taxonomy":"product_tag","embeddable":true,"href":"https:\/\/vcycletech.com\/es\/wp-json\/wp\/v2\/product_tag?post=1345"}],"curies":[{"name":"wp","href":"https:\/\/api.w.org\/{rel}","templated":true}]}}