{"id":1343,"date":"2023-03-22T02:17:11","date_gmt":"2023-03-22T02:17:11","guid":{"rendered":"https:\/\/vcycletech.com\/?post_type=product&#038;p=1343"},"modified":"2023-03-27T03:27:32","modified_gmt":"2023-03-27T03:27:32","slug":"wt-504-inhibidor-de-incrustaciones-y-corrosion-para-calentar-agua","status":"publish","type":"product","link":"https:\/\/vcycletech.com\/es\/producto\/wt-504-inhibidor-de-incrustaciones-y-corrosion-para-calentar-agua\/","title":{"rendered":"Inhibidor de incrustaciones y corrosi\u00f3n WT-504 para calentar agua"},"content":{"rendered":"<h3 id=\"introduction_2\" class=\"xsj_heading_hash xsj_heading xsj_heading_h2\" data-source-line=\"6\" data-source-line-display=\"true\"><span class=\"xsj_heading_content\">Introducci\u00f3n:<\/span><\/h3>\n<p class=\"xsj_paragraph xsj_paragraph_level_0\" data-source-line=\"7\" data-source-line-display=\"true\"><strong>WT-504<\/strong> es un compuesto org\u00e1nico avanzado dise\u00f1ado para proporcionar una inhibici\u00f3n superior de incrustaciones y protecci\u00f3n contra la corrosi\u00f3n para sistemas de agua caliente. Es un producto tolerante a altas temperaturas que forma una pel\u00edcula protectora sobre las superficies met\u00e1licas, distorsionando efectivamente la formaci\u00f3n de cristales de carbonatos y sulfatos para que las incrustaciones no puedan adherirse firmemente a las paredes del recipiente. Tambi\u00e9n cuenta con una asombrosa biodegradabilidad y no contiene sustancias cancer\u00edgenas como el nitrito de sodio, lo que lo convierte en una soluci\u00f3n segura y respetuosa con el medio ambiente.<\/p>\n<div class=\"xiaoshujiang_element xsj_anchor\"><a class=\"blank_anchor_name\" name=\"features_3\"><\/a><a id=\"features_3\" class=\"blank_anchor_id\"><\/a><a class=\"blank_anchor_name\" name=\"features\"><\/a><a id=\"features\" class=\"blank_anchor_id\"><\/a><\/div>\n<h3 id=\"features_3\" class=\"xsj_heading_hash xsj_heading xsj_heading_h2\" data-source-line=\"9\" data-source-line-display=\"true\"><span class=\"xsj_heading_content\">Caracter\u00edsticas:<\/span><\/h3>\n<p class=\"xsj_paragraph xsj_paragraph_level_0\" data-source-line=\"11\" data-source-line-display=\"true\"><strong>WT-504<\/strong> ofrece un rendimiento superior al formar una pel\u00edcula protectora que se adhiere firmemente a la superficie met\u00e1lica. Esto proporciona una excelente inhibici\u00f3n de incrustaciones y protecci\u00f3n contra la corrosi\u00f3n. La tolerancia a altas temperaturas de este producto garantiza su eficacia incluso en los entornos m\u00e1s duros. Adem\u00e1s, est\u00e1 libre de sustancias cancer\u00edgenas como el nitrito de sodio, por lo que es una opci\u00f3n ecol\u00f3gica. Adem\u00e1s, su naturaleza biodegradable garantiza un impacto ambiental m\u00ednimo y seguridad en las aplicaciones de agua potable.<\/p>\n<div class=\"xiaoshujiang_element xsj_anchor\"><a class=\"blank_anchor_name\" name=\"applications_4\"><\/a><a id=\"applications_4\" class=\"blank_anchor_id\"><\/a><a class=\"blank_anchor_name\" name=\"applications\"><\/a><a id=\"applications\" class=\"blank_anchor_id\"><\/a><\/div>\n<h3 id=\"applications_4\" class=\"xsj_heading_hash xsj_heading xsj_heading_h2\" data-source-line=\"13\" data-source-line-display=\"true\"><span class=\"xsj_heading_content\">Aplicaciones:<\/span><\/h3>\n<p class=\"xsj_paragraph xsj_paragraph_level_0\" data-source-line=\"15\" data-source-line-display=\"true\"><strong>WT-504<\/strong> es ideal para sistemas de agua caliente donde se desea protecci\u00f3n contra la incrustaci\u00f3n y la corrosi\u00f3n sin comprometer la seguridad o el respeto al medio ambiente. Es adecuado para sistemas de calefacci\u00f3n residenciales, comerciales o industriales, bombas de calor geot\u00e9rmicas, enfriadores y torres de enfriamiento, por nombrar solo algunos. Adem\u00e1s, <strong>WT-504<\/strong> se puede utilizar en aplicaciones de agua potable para proteger contra la formaci\u00f3n de incrustaciones sin introducir productos qu\u00edmicos peligrosos.<\/p>\n<div class=\"xiaoshujiang_element xsj_anchor\"><a class=\"blank_anchor_name\" name=\"faqs_5\"><\/a><a id=\"faqs_5\" class=\"blank_anchor_id\"><\/a><a class=\"blank_anchor_name\" name=\"faqs\"><\/a><a id=\"faqs\" class=\"blank_anchor_id\"><\/a><\/div>\n<div>\n<h3>Uso y paquete y almacenamiento:<\/h3>\n<p>Nuestro producto es perfecto para calentar sistemas de agua debido a su concentraci\u00f3n precisa de 50-200 g por tonelada, mientras que se puede agregar maquillaje adicional en proporci\u00f3n. Est\u00e1 convenientemente empacado y almacenado en 200L\/tambor de pl\u00e1stico o IBC\/1000L de capacidad, tambi\u00e9n adaptado seg\u00fan las preferencias del cliente; asegurando una vida \u00fatil \u00f3ptima de un a\u00f1o cuando se mantiene en un lugar fresco y seco.<\/p>\n<\/div>\n<h3 id=\"faqs_5\" class=\"xsj_heading_hash xsj_heading xsj_heading_h2\" data-source-line=\"17\" data-source-line-display=\"true\"><span class=\"xsj_heading_content\">Preguntas frecuentes:<\/span><\/h3>\n<p class=\"xiaoshujiang_element xsj_anchor\"><strong><a class=\"blank_anchor_name\" name=\"120what20are20the20benefits20of20using20wt-504_6\"><\/a><a id=\"120what20are20the20benefits20of20using20wt-504_6\" class=\"blank_anchor_id\"><\/a><a class=\"blank_anchor_name\" name=\"1-what-are-the-benefits-of-using-wt-504\"><\/a><a id=\"1-what-are-the-benefits-of-using-wt-504\" class=\"blank_anchor_id\"><\/a><\/strong><\/p>\n<p id=\"120what20are20the20benefits20of20using20wt-504_6\" class=\"xsj_heading_hash xsj_heading xsj_heading_h3\" data-source-line=\"19\" data-source-line-display=\"true\"><strong><span class=\"xsj_heading_content\">P1: \u00bfCu\u00e1les son los beneficios de usar WT-504?<\/span><\/strong><\/p>\n<p class=\"xsj_paragraph xsj_paragraph_level_0\" data-source-line=\"21\" data-source-line-display=\"true\">WT-504 ofrece inhibici\u00f3n de escala superior y protecci\u00f3n contra la corrosi\u00f3n sin dejar de ser seguro y ecol\u00f3gico, sin productos qu\u00edmicos peligrosos como el nitrito de sodio en el producto.<\/p>\n<div class=\"xiaoshujiang_element xsj_anchor\"><a class=\"blank_anchor_name\" name=\"220is20wt-50420suitable20for20drinking20water20applications_7\"><\/a><a id=\"220is20wt-50420suitable20for20drinking20water20applications_7\" class=\"blank_anchor_id\"><\/a><a class=\"blank_anchor_name\" name=\"2-is-wt-504-suitable-for-drinking-water-applications\"><\/a><a id=\"2-is-wt-504-suitable-for-drinking-water-applications\" class=\"blank_anchor_id\"><\/a><\/div>\n<p id=\"220is20wt-50420suitable20for20drinking20water20applications_7\" class=\"xsj_heading_hash xsj_heading xsj_heading_h3\" data-source-line=\"23\" data-source-line-display=\"true\"><strong><span class=\"xsj_heading_content\">P2:\u00bfEl WT-504 es adecuado para aplicaciones de agua potable?<\/span><\/strong><\/p>\n<p class=\"xsj_paragraph xsj_paragraph_level_0\" data-source-line=\"25\" data-source-line-display=\"true\">WT 504 es adecuado para aplicaciones de agua potable residenciales y comerciales, ya que no contiene productos qu\u00edmicos peligrosos como el nitrito de sodio, lo que lo hace seguro incluso cuando se consume el agua directamente.<\/p>\n<div class=\"xiaoshujiang_element xsj_anchor\"><a class=\"blank_anchor_name\" name=\"320does20wt2050420work20in20high20temperatures_8\"><\/a><a id=\"320does20wt2050420work20in20high20temperatures_8\" class=\"blank_anchor_id\"><\/a><a class=\"blank_anchor_name\" name=\"3-does-wt-504-work-in-high-temperatures\"><\/a><a id=\"3-does-wt-504-work-in-high-temperatures\" class=\"blank_anchor_id\"><\/a><\/div>\n<p id=\"320does20wt2050420work20in20high20temperatures_8\" class=\"xsj_heading_hash xsj_heading xsj_heading_h3\" data-source-line=\"27\" data-source-line-display=\"true\"><strong><span class=\"xsj_heading_content\">P3:\u00bfEl WT 504 funciona a altas temperaturas?<\/span><\/strong><\/p>\n<p class=\"xsj_paragraph xsj_paragraph_level_0\" data-source-line=\"29\" data-source-line-display=\"true\">WT 504 funciona de manera eficiente incluso a altas temperaturas debido a sus excelentes propiedades de estabilidad t\u00e9rmica que garantizan un rendimiento \u00f3ptimo independientemente de las condiciones ambientales.<\/p>\n<div class=\"xiaoshujiang_element xsj_anchor\"><a class=\"blank_anchor_name\" name=\"420does20wt2050420form20a20protective20film_9\"><\/a><a id=\"420does20wt2050420form20a20protective20film_9\" class=\"blank_anchor_id\"><\/a><a class=\"blank_anchor_name\" name=\"4-does-wt-504-form-a-protective-film\"><\/a><a id=\"4-does-wt-504-form-a-protective-film\" class=\"blank_anchor_id\"><\/a><\/div>\n<p id=\"420does20wt2050420form20a20protective20film_9\" class=\"xsj_heading_hash xsj_heading xsj_heading_h3\" data-source-line=\"31\" data-source-line-display=\"true\"><strong><span class=\"xsj_heading_content\">P4:\u00bfWT 504 forma una pel\u00edcula protectora?<\/span><\/strong><\/p>\n<p class=\"xsj_paragraph xsj_paragraph_level_0\" data-source-line=\"33\" data-source-line-display=\"true\">WT 504 forma una pel\u00edcula protectora de uni\u00f3n incre\u00edblemente fuerte sobre superficies met\u00e1licas que distorsiona la formaci\u00f3n de cristales de carbonatos y sulfatos para que las incrustaciones no puedan adherirse firmemente a las paredes del recipiente, ofreciendo as\u00ed una protecci\u00f3n suprema contra la formaci\u00f3n de incrustaciones y protecci\u00f3n contra la corrosi\u00f3n en ambientes hostiles.<\/p>\n<div class=\"xiaoshujiang_element xsj_anchor\"><a class=\"blank_anchor_name\" name=\"520is20wt2050420bio20degradable_10\"><\/a><a id=\"520is20wt2050420bio20degradable_10\" class=\"blank_anchor_id\"><\/a><a class=\"blank_anchor_name\" name=\"5-is-wt-504-bio-degradable\"><\/a><a id=\"5-is-wt-504-bio-degradable\" class=\"blank_anchor_id\"><\/a><\/div>\n<p id=\"520is20wt2050420bio20degradable_10\" class=\"xsj_heading_hash xsj_heading xsj_heading_h3\" data-source-line=\"35\" data-source-line-display=\"true\"><strong><span class=\"xsj_heading_content\">P5: \u00bfEl WT 504 es biodegradable?<\/span><\/strong><\/p>\n<p class=\"xsj_paragraph xsj_paragraph_level_0\" data-source-line=\"37\" data-source-line-display=\"true\">WT 504 tiene incre\u00edbles propiedades de biodegradabilidad, lo que garantiza un impacto ambiental m\u00ednimo cuando se usa.<\/p>\n<p class=\"xsj_paragraph xsj_paragraph_level_0\" data-source-line=\"39\" data-source-line-display=\"true\"><a class=\"xsj_link xsj_manu_link\" href=\"https:\/\/vcycletech.com\/es\/categoria-de-producto\/inhibidores-de-corrosion-a-escala-construida-y-agentes-de-pelicula-de-tratamiento-previo\/\">Obtenga la soluci\u00f3n completa de inhibidores de incrustaciones y corrosi\u00f3n integrados y agentes de filmaci\u00f3n de pretratamiento<\/a>.<\/p>","protected":false},"excerpt":{"rendered":"<p>Si est\u00e1 buscando un inhibidor de corrosi\u00f3n e incrustaciones avanzado y respetuoso con el medio ambiente para su sistema de agua caliente, no busque m\u00e1s. <strong>WT-504<\/strong>! Este producto est\u00e1 dise\u00f1ado para brindar una protecci\u00f3n superior contra las incrustaciones y la corrosi\u00f3n y, al mismo tiempo, es seguro para el medio ambiente y su salud. WT-504 est\u00e1 hecho de compuestos org\u00e1nicos que forman una pel\u00edcula protectora sobre las superficies met\u00e1licas, evitando que los cristales se adhieran y formen escamas. Adem\u00e1s, este producto es biodegradable y libre de sustancias cancer\u00edgenas. Entonces, si desea la mejor protecci\u00f3n para su sistema de agua caliente, \u00a1elija WT-504!<\/p>\n<p class=\"xsj_paragraph xsj_paragraph_level_0\" data-source-line=\"43\" data-source-line-display=\"true\">","protected":false},"featured_media":1355,"template":"","meta":{"site-sidebar-layout":"default","site-content-layout":"default","ast-site-content-layout":"default","site-content-style":"default","site-sidebar-style":"default","ast-global-header-display":"","ast-banner-title-visibility":"","ast-main-header-display":"","ast-hfb-above-header-display":"","ast-hfb-below-header-display":"","ast-hfb-mobile-header-display":"","site-post-title":"","ast-breadcrumbs-content":"","ast-featured-img":"","footer-sml-layout":"","ast-disable-related-posts":"","theme-transparent-header-meta":"default","adv-header-id-meta":"","stick-header-meta":"default","header-above-stick-meta":"","header-main-stick-meta":"","header-below-stick-meta":"","astra-migrate-meta-layouts":"default","ast-page-background-enabled":"default","ast-page-background-meta":{"desktop":{"background-color":"","background-image":"","background-repeat":"repeat","background-position":"center center","background-size":"auto","background-attachment":"scroll","background-type":"","background-media":"","overlay-type":"","overlay-color":"","overlay-opacity":"","overlay-gradient":""},"tablet":{"background-color":"","background-image":"","background-repeat":"repeat","background-position":"center center","background-size":"auto","background-attachment":"scroll","background-type":"","background-media":"","overlay-type":"","overlay-color":"","overlay-opacity":"","overlay-gradient":""},"mobile":{"background-color":"","background-image":"","background-repeat":"repeat","background-position":"center center","background-size":"auto","background-attachment":"scroll","background-type":"","background-media":"","overlay-type":"","overlay-color":"","overlay-opacity":"","overlay-gradient":""}},"ast-content-background-meta":{"desktop":{"background-color":"var(--ast-global-color-5)","background-image":"","background-repeat":"repeat","background-position":"center center","background-size":"auto","background-attachment":"scroll","background-type":"","background-media":"","overlay-type":"","overlay-color":"","overlay-opacity":"","overlay-gradient":""},"tablet":{"background-color":"var(--ast-global-color-5)","background-image":"","background-repeat":"repeat","background-position":"center center","background-size":"auto","background-attachment":"scroll","background-type":"","background-media":"","overlay-type":"","overlay-color":"","overlay-opacity":"","overlay-gradient":""},"mobile":{"background-color":"var(--ast-global-color-5)","background-image":"","background-repeat":"repeat","background-position":"center center","background-size":"auto","background-attachment":"scroll","background-type":"","background-media":"","overlay-type":"","overlay-color":"","overlay-opacity":"","overlay-gradient":""}}},"product_brand":[],"product_cat":[32],"product_tag":[],"class_list":{"0":"post-1343","1":"product","2":"type-product","3":"status-publish","4":"has-post-thumbnail","6":"product_cat-built-scale-corrosion-inhibitors-and-pretreatment-filming-agents","7":"desktop-align-left","8":"tablet-align-left","9":"mobile-align-left","10":"ast-product-gallery-layout-horizontal-slider","11":"ast-product-gallery-with-no-image","12":"ast-product-tabs-layout-horizontal","14":"first","15":"instock","16":"shipping-taxable","17":"product-type-simple"},"yoast_head":"<!-- This site is optimized with the Yoast SEO Premium plugin v26.3 (Yoast SEO v27.5) - https:\/\/yoast.com\/product\/yoast-seo-premium-wordpress\/ -->\n<title>WT-504 Scale and Corrosion Inhibitor for Heating Water - vcycletech<\/title>\n<meta name=\"description\" content=\"Protect your hot water system with WT-504 Scale and Corrosion Inhibitor. This advanced organic composite provides superior scale inhibition &amp; corrosion protection in high temperature environments. Try it today!\" \/>\n<meta name=\"robots\" content=\"index, follow, max-snippet:-1, max-image-preview:large, max-video-preview:-1\" \/>\n<link rel=\"canonical\" href=\"https:\/\/vcycletech.com\/es\/producto\/wt-504-inhibidor-de-incrustaciones-y-corrosion-para-calentar-agua\/\" \/>\n<meta property=\"og:locale\" content=\"es_MX\" \/>\n<meta property=\"og:type\" content=\"article\" \/>\n<meta property=\"og:title\" content=\"WT-504 Scale and Corrosion Inhibitor for Heating Water\" \/>\n<meta property=\"og:description\" content=\"Protect your hot water system with WT-504 Scale and Corrosion Inhibitor. This advanced organic composite provides superior scale inhibition &amp; corrosion protection in high temperature environments. Try it today!\" \/>\n<meta property=\"og:url\" content=\"https:\/\/vcycletech.com\/es\/producto\/wt-504-inhibidor-de-incrustaciones-y-corrosion-para-calentar-agua\/\" \/>\n<meta property=\"og:site_name\" content=\"vcycletech\" \/>\n<meta property=\"article:modified_time\" content=\"2023-03-27T03:27:32+00:00\" \/>\n<meta property=\"og:image\" content=\"https:\/\/vcycletech.com\/wp-content\/uploads\/2023\/03\/Benzalkonium-Chloride-Dodecyl-Dimethyl-Benzyl-Ammonium-Chloride-4.png\" \/>\n\t<meta property=\"og:image:width\" content=\"600\" \/>\n\t<meta property=\"og:image:height\" content=\"600\" \/>\n\t<meta property=\"og:image:type\" content=\"image\/png\" \/>\n<meta name=\"twitter:card\" content=\"summary_large_image\" \/>\n<meta name=\"twitter:label1\" content=\"Tiempo de lectura\" \/>\n\t<meta name=\"twitter:data1\" content=\"2 minutos\" \/>\n<script type=\"application\/ld+json\" class=\"yoast-schema-graph\">{\"@context\":\"https:\\\/\\\/schema.org\",\"@graph\":[{\"@type\":\"WebPage\",\"@id\":\"https:\\\/\\\/vcycletech.com\\\/product\\\/wt-504-scale-and-corrosion-inhibitor-for-heating-water\\\/\",\"url\":\"https:\\\/\\\/vcycletech.com\\\/product\\\/wt-504-scale-and-corrosion-inhibitor-for-heating-water\\\/\",\"name\":\"WT-504 Scale and Corrosion Inhibitor for Heating Water - vcycletech\",\"isPartOf\":{\"@id\":\"https:\\\/\\\/vcycletech.com\\\/#website\"},\"primaryImageOfPage\":{\"@id\":\"https:\\\/\\\/vcycletech.com\\\/product\\\/wt-504-scale-and-corrosion-inhibitor-for-heating-water\\\/#primaryimage\"},\"image\":{\"@id\":\"https:\\\/\\\/vcycletech.com\\\/product\\\/wt-504-scale-and-corrosion-inhibitor-for-heating-water\\\/#primaryimage\"},\"thumbnailUrl\":\"https:\\\/\\\/vcycletech.com\\\/wp-content\\\/uploads\\\/2023\\\/03\\\/Benzalkonium-Chloride-Dodecyl-Dimethyl-Benzyl-Ammonium-Chloride-4.png\",\"datePublished\":\"2023-03-22T02:17:11+00:00\",\"dateModified\":\"2023-03-27T03:27:32+00:00\",\"description\":\"Protect your hot water system with WT-504 Scale and Corrosion Inhibitor. This advanced organic composite provides superior scale inhibition & corrosion protection in high temperature environments. Try it today!\",\"breadcrumb\":{\"@id\":\"https:\\\/\\\/vcycletech.com\\\/product\\\/wt-504-scale-and-corrosion-inhibitor-for-heating-water\\\/#breadcrumb\"},\"inLanguage\":\"es\",\"potentialAction\":[{\"@type\":\"ReadAction\",\"target\":[\"https:\\\/\\\/vcycletech.com\\\/product\\\/wt-504-scale-and-corrosion-inhibitor-for-heating-water\\\/\"]}]},{\"@type\":\"ImageObject\",\"inLanguage\":\"es\",\"@id\":\"https:\\\/\\\/vcycletech.com\\\/product\\\/wt-504-scale-and-corrosion-inhibitor-for-heating-water\\\/#primaryimage\",\"url\":\"https:\\\/\\\/vcycletech.com\\\/wp-content\\\/uploads\\\/2023\\\/03\\\/Benzalkonium-Chloride-Dodecyl-Dimethyl-Benzyl-Ammonium-Chloride-4.png\",\"contentUrl\":\"https:\\\/\\\/vcycletech.com\\\/wp-content\\\/uploads\\\/2023\\\/03\\\/Benzalkonium-Chloride-Dodecyl-Dimethyl-Benzyl-Ammonium-Chloride-4.png\",\"width\":600,\"height\":600,\"caption\":\"WT-504 Scale and Corrosion Inhibitor for Heating Water\"},{\"@type\":\"BreadcrumbList\",\"@id\":\"https:\\\/\\\/vcycletech.com\\\/product\\\/wt-504-scale-and-corrosion-inhibitor-for-heating-water\\\/#breadcrumb\",\"itemListElement\":[{\"@type\":\"ListItem\",\"position\":1,\"name\":\"Home\",\"item\":\"https:\\\/\\\/vcycletech.com\\\/\"},{\"@type\":\"ListItem\",\"position\":2,\"name\":\"Water Treatment Chemicals Manufacturer\",\"item\":\"https:\\\/\\\/vcycletech.com\\\/water-treatment-chemicals-manufacturer\\\/\"},{\"@type\":\"ListItem\",\"position\":3,\"name\":\"WT-504 Scale and Corrosion Inhibitor for Heating Water\"}]},{\"@type\":\"WebSite\",\"@id\":\"https:\\\/\\\/vcycletech.com\\\/#website\",\"url\":\"https:\\\/\\\/vcycletech.com\\\/\",\"name\":\"vcycletech\",\"description\":\"China&#039;s top water treatment chemicals supplier\",\"publisher\":{\"@id\":\"https:\\\/\\\/vcycletech.com\\\/#organization\"},\"potentialAction\":[{\"@type\":\"SearchAction\",\"target\":{\"@type\":\"EntryPoint\",\"urlTemplate\":\"https:\\\/\\\/vcycletech.com\\\/?s={search_term_string}\"},\"query-input\":{\"@type\":\"PropertyValueSpecification\",\"valueRequired\":true,\"valueName\":\"search_term_string\"}}],\"inLanguage\":\"es\"},{\"@type\":\"Organization\",\"@id\":\"https:\\\/\\\/vcycletech.com\\\/#organization\",\"name\":\"vcycletech\",\"url\":\"https:\\\/\\\/vcycletech.com\\\/\",\"logo\":{\"@type\":\"ImageObject\",\"inLanguage\":\"es\",\"@id\":\"https:\\\/\\\/vcycletech.com\\\/#\\\/schema\\\/logo\\\/image\\\/\",\"url\":\"https:\\\/\\\/vcycletech.com\\\/wp-content\\\/uploads\\\/2023\\\/03\\\/logo-vcycletech-1.png\",\"contentUrl\":\"https:\\\/\\\/vcycletech.com\\\/wp-content\\\/uploads\\\/2023\\\/03\\\/logo-vcycletech-1.png\",\"width\":600,\"height\":400,\"caption\":\"vcycletech\"},\"image\":{\"@id\":\"https:\\\/\\\/vcycletech.com\\\/#\\\/schema\\\/logo\\\/image\\\/\"}}]}<\/script>\n<!-- \/ Yoast SEO Premium plugin. -->","yoast_head_json":{"title":"Inhibidor de incrustaciones y corrosi\u00f3n WT-504 para calentar agua - vcycletech","description":"Proteja su sistema de agua caliente con el inhibidor de incrustaciones y corrosi\u00f3n WT-504. Este compuesto org\u00e1nico avanzado proporciona inhibici\u00f3n de escala superior y protecci\u00f3n contra la corrosi\u00f3n en ambientes de alta temperatura. \u00a1Pru\u00e9balo hoy!","robots":{"index":"index","follow":"follow","max-snippet":"max-snippet:-1","max-image-preview":"max-image-preview:large","max-video-preview":"max-video-preview:-1"},"canonical":"https:\/\/vcycletech.com\/es\/producto\/wt-504-inhibidor-de-incrustaciones-y-corrosion-para-calentar-agua\/","og_locale":"es_MX","og_type":"article","og_title":"WT-504 Scale and Corrosion Inhibitor for Heating Water","og_description":"Protect your hot water system with WT-504 Scale and Corrosion Inhibitor. This advanced organic composite provides superior scale inhibition & corrosion protection in high temperature environments. Try it today!","og_url":"https:\/\/vcycletech.com\/es\/producto\/wt-504-inhibidor-de-incrustaciones-y-corrosion-para-calentar-agua\/","og_site_name":"vcycletech","article_modified_time":"2023-03-27T03:27:32+00:00","og_image":[{"width":600,"height":600,"url":"https:\/\/vcycletech.com\/wp-content\/uploads\/2023\/03\/Benzalkonium-Chloride-Dodecyl-Dimethyl-Benzyl-Ammonium-Chloride-4.png","type":"image\/png"}],"twitter_card":"summary_large_image","twitter_misc":{"Tiempo de lectura":"2 minutos"},"schema":{"@context":"https:\/\/schema.org","@graph":[{"@type":"WebPage","@id":"https:\/\/vcycletech.com\/product\/wt-504-scale-and-corrosion-inhibitor-for-heating-water\/","url":"https:\/\/vcycletech.com\/product\/wt-504-scale-and-corrosion-inhibitor-for-heating-water\/","name":"Inhibidor de incrustaciones y corrosi\u00f3n WT-504 para calentar agua - vcycletech","isPartOf":{"@id":"https:\/\/vcycletech.com\/#website"},"primaryImageOfPage":{"@id":"https:\/\/vcycletech.com\/product\/wt-504-scale-and-corrosion-inhibitor-for-heating-water\/#primaryimage"},"image":{"@id":"https:\/\/vcycletech.com\/product\/wt-504-scale-and-corrosion-inhibitor-for-heating-water\/#primaryimage"},"thumbnailUrl":"https:\/\/vcycletech.com\/wp-content\/uploads\/2023\/03\/Benzalkonium-Chloride-Dodecyl-Dimethyl-Benzyl-Ammonium-Chloride-4.png","datePublished":"2023-03-22T02:17:11+00:00","dateModified":"2023-03-27T03:27:32+00:00","description":"Proteja su sistema de agua caliente con el inhibidor de incrustaciones y corrosi\u00f3n WT-504. Este compuesto org\u00e1nico avanzado proporciona inhibici\u00f3n de escala superior y protecci\u00f3n contra la corrosi\u00f3n en ambientes de alta temperatura. \u00a1Pru\u00e9balo hoy!","breadcrumb":{"@id":"https:\/\/vcycletech.com\/product\/wt-504-scale-and-corrosion-inhibitor-for-heating-water\/#breadcrumb"},"inLanguage":"es","potentialAction":[{"@type":"ReadAction","target":["https:\/\/vcycletech.com\/product\/wt-504-scale-and-corrosion-inhibitor-for-heating-water\/"]}]},{"@type":"ImageObject","inLanguage":"es","@id":"https:\/\/vcycletech.com\/product\/wt-504-scale-and-corrosion-inhibitor-for-heating-water\/#primaryimage","url":"https:\/\/vcycletech.com\/wp-content\/uploads\/2023\/03\/Benzalkonium-Chloride-Dodecyl-Dimethyl-Benzyl-Ammonium-Chloride-4.png","contentUrl":"https:\/\/vcycletech.com\/wp-content\/uploads\/2023\/03\/Benzalkonium-Chloride-Dodecyl-Dimethyl-Benzyl-Ammonium-Chloride-4.png","width":600,"height":600,"caption":"WT-504 Scale and Corrosion Inhibitor for Heating Water"},{"@type":"BreadcrumbList","@id":"https:\/\/vcycletech.com\/product\/wt-504-scale-and-corrosion-inhibitor-for-heating-water\/#breadcrumb","itemListElement":[{"@type":"ListItem","position":1,"name":"Home","item":"https:\/\/vcycletech.com\/"},{"@type":"ListItem","position":2,"name":"Water Treatment Chemicals Manufacturer","item":"https:\/\/vcycletech.com\/water-treatment-chemicals-manufacturer\/"},{"@type":"ListItem","position":3,"name":"WT-504 Scale and Corrosion Inhibitor for Heating Water"}]},{"@type":"WebSite","@id":"https:\/\/vcycletech.com\/#website","url":"https:\/\/vcycletech.com\/","name":"vcycletech","description":"El principal proveedor de productos qu\u00edmicos para el tratamiento del agua de China y #039;","publisher":{"@id":"https:\/\/vcycletech.com\/#organization"},"potentialAction":[{"@type":"SearchAction","target":{"@type":"EntryPoint","urlTemplate":"https:\/\/vcycletech.com\/?s={search_term_string}"},"query-input":{"@type":"PropertyValueSpecification","valueRequired":true,"valueName":"search_term_string"}}],"inLanguage":"es"},{"@type":"Organization","@id":"https:\/\/vcycletech.com\/#organization","name":"vcycletech","url":"https:\/\/vcycletech.com\/","logo":{"@type":"ImageObject","inLanguage":"es","@id":"https:\/\/vcycletech.com\/#\/schema\/logo\/image\/","url":"https:\/\/vcycletech.com\/wp-content\/uploads\/2023\/03\/logo-vcycletech-1.png","contentUrl":"https:\/\/vcycletech.com\/wp-content\/uploads\/2023\/03\/logo-vcycletech-1.png","width":600,"height":400,"caption":"vcycletech"},"image":{"@id":"https:\/\/vcycletech.com\/#\/schema\/logo\/image\/"}}]}},"_links":{"self":[{"href":"https:\/\/vcycletech.com\/es\/wp-json\/wp\/v2\/product\/1343","targetHints":{"allow":["GET"]}}],"collection":[{"href":"https:\/\/vcycletech.com\/es\/wp-json\/wp\/v2\/product"}],"about":[{"href":"https:\/\/vcycletech.com\/es\/wp-json\/wp\/v2\/types\/product"}],"wp:featuredmedia":[{"embeddable":true,"href":"https:\/\/vcycletech.com\/es\/wp-json\/wp\/v2\/media\/1355"}],"wp:attachment":[{"href":"https:\/\/vcycletech.com\/es\/wp-json\/wp\/v2\/media?parent=1343"}],"wp:term":[{"taxonomy":"product_brand","embeddable":true,"href":"https:\/\/vcycletech.com\/es\/wp-json\/wp\/v2\/product_brand?post=1343"},{"taxonomy":"product_cat","embeddable":true,"href":"https:\/\/vcycletech.com\/es\/wp-json\/wp\/v2\/product_cat?post=1343"},{"taxonomy":"product_tag","embeddable":true,"href":"https:\/\/vcycletech.com\/es\/wp-json\/wp\/v2\/product_tag?post=1343"}],"curies":[{"name":"wp","href":"https:\/\/api.w.org\/{rel}","templated":true}]}}