{"id":1332,"date":"2023-03-22T02:10:09","date_gmt":"2023-03-22T02:10:09","guid":{"rendered":"https:\/\/vcycletech.com\/?post_type=product&#038;p=1332"},"modified":"2023-03-22T06:39:26","modified_gmt":"2023-03-22T06:39:26","slug":"diotil-dimetil-amonio-clorado0821","status":"publish","type":"product","link":"https:\/\/vcycletech.com\/es\/producto\/diotil-dimetil-amonio-clorado0821\/","title":{"rendered":"Cloruro de diotildimetilamonio (D0821)"},"content":{"rendered":"<h3>N\u00ba CAS 5538-94-3<\/h3>\n<h3>F\u00f3rmula molecular: C18H40ClN<\/h3>\n<h3>Peso Molecular: 305.97<\/h3>\n<h3>F\u00f3rmula estructural:<\/h3>\n<figure id=\"attachment_1335\" aria-describedby=\"caption-attachment-1335\" style=\"width: 600px\" class=\"wp-caption alignnone\"><img fetchpriority=\"high\" decoding=\"async\" class=\"size-full wp-image-1335\" src=\"https:\/\/vcycletech.com\/wp-content\/uploads\/2023\/03\/1-64.png\" alt=\"D0821\" width=\"600\" height=\"600\" srcset=\"https:\/\/vcycletech.com\/wp-content\/uploads\/2023\/03\/1-64.png 600w, https:\/\/vcycletech.com\/wp-content\/uploads\/2023\/03\/1-64-100x100.png 100w, https:\/\/vcycletech.com\/wp-content\/uploads\/2023\/03\/1-64-300x300.png 300w, https:\/\/vcycletech.com\/wp-content\/uploads\/2023\/03\/1-64-150x150.png 150w\" sizes=\"(max-width: 600px) 100vw, 600px\" \/><figcaption id=\"caption-attachment-1335\" class=\"wp-caption-text\">D0821<\/figcaption><\/figure>\n<h3>Especificaci\u00f3n:<\/h3>\n<div id=\"footable_parent_1338\"\n         class=\"footable_parent ninja_table_wrapper loading_ninja_table wp_table_data_press_parent semantic_ui\">\n                <table data-ninja_table_instance=\"ninja_table_instance_0\" data-footable_id=\"1338\" data-filter-delay=\"1000\" aria-label=\"D0821.csv\"            id=\"footable_1338\"\n           data-unique_identifier=\"ninja_table_unique_id_1183866364_1338\"\n           class=\"foo-table ninja_footable foo_table_1338 ninja_table_unique_id_1183866364_1338 ui table  nt_type_legacy_table selectable striped vertical_centered  footable-paging-right ninja_table_pro\">\n                <colgroup>\n                            <col class=\"ninja_column_0\">\n                            <col class=\"ninja_column_1\">\n                            <col class=\"ninja_column_2\">\n                    <\/colgroup>\n        <thead>\n<tr class=\"footable-header\">\n                                                        <th scope=\"col\"  class=\"ninja_column_0 ninja_clmn_nm_items\">Elementos<\/th><th scope=\"col\"  class=\"ninja_column_1 ninja_clmn_nm_index\">\u00cdndice<\/th><th scope=\"col\"  class=\"ninja_column_2 ninja_clmn_nm_ninja_column_3\"><\/th><\/tr>\n<\/thead>\n<tbody>\n\n        <tr data-row_id=\"342\" class=\"ninja_table_row_0 nt_row_id_342\">\n            <td>Apariencia<\/td><td>L\u00edquido claro, amarillo p\u00e1lido a pajizo<\/td><td>L\u00edquido claro, amarillo p\u00e1lido a pajizo<\/td>        <\/tr>\n            <tr data-row_id=\"343\" class=\"ninja_table_row_1 nt_row_id_343\">\n            <td>Contenido activo, %<\/td><td>48-52<\/td><td>78-82<\/td>        <\/tr>\n            <tr data-row_id=\"344\" class=\"ninja_table_row_2 nt_row_id_344\">\n            <td>PH (soluci\u00f3n de agua 10%)<\/td><td>5.0-9.0<\/td><td>5.0-9.0<\/td>        <\/tr>\n            <tr data-row_id=\"345\" class=\"ninja_table_row_3 nt_row_id_345\">\n            <td>Amina libre, %<\/td><td>2.0 m\u00e1x.<\/td><td>2.0 m\u00e1x.<\/td>        <\/tr>\n            <tr data-row_id=\"346\" class=\"ninja_table_row_4 nt_row_id_346\">\n            <td>Color (APHA)<\/td><td>200 m\u00e1x.<\/td><td>200 m\u00e1x.<\/td>        <\/tr>\n    <\/tbody><!--ninja_tobody_rendering_done-->\n    <\/table>\n    \n    \n    \n<\/div>\n\n<h3>Propiedades:<\/h3>\n<p><strong>Cloruro de diotildimetilamonio (DDAC)<\/strong> es un compuesto de amonio cuaternario de doble cadena que proporciona una acci\u00f3n biocida de espuma controlada. Se ha encontrado que exhibe una espuma baja y de ruptura r\u00e1pida con un rendimiento de espuma excepcionalmente din\u00e1mico y controlado en desinfectantes de superficies duras, sanitizantes y ciertos tipos de formulaciones de tratamiento de agua registrados en FIFRA1. DDAC ofrece una potente acci\u00f3n germicida contra un amplio espectro de organismos microbianos, incluidas bacterias, hongos, virus y algas, incluso en condiciones de agua complejas y cargas pesadas de materia org\u00e1nica.<\/p>\n<h3>Uso:<\/h3>\n<p><strong>Cloruro de diotildimetilamonio (DDAC)<\/strong> es un antimicrobiano a base de amonio cuaternario que se utiliza como bacteriost\u00e1tico, desinfectante o microbiocida. Es ideal para sistemas de recirculaci\u00f3n de agua donde es esencial el control de microbios indeseables sin exceso de espuma.<\/p>\n<p>Se ha descubierto que DDAC es eficaz en una variedad de campos, incluido el tratamiento de inyecci\u00f3n de agua en campos petrol\u00edferos y sistemas de enfriamiento de circulaci\u00f3n industriales, desinfecci\u00f3n de hongos y bacterias, agentes conservantes de madera y agentes textiles a prueba de polillas. Adem\u00e1s, tambi\u00e9n se puede utilizar con di\u00f3xido de cloro en el tratamiento de superficies duras para eliminar bacterias.<\/p>\n<h3>Paquete y almacenamiento:<\/h3>\n<p><strong>Cloruro de diotildimetilamonio (DDAC, D0821)<\/strong> debe almacenarse en los envases originales en un \u00e1rea seca y bien ventilada lejos de temperaturas extremas. Se recomienda mantener el producto sellado y alejado de la luz solar directa ya que las altas temperaturas pueden degradar su eficacia. Al manipular DDAC, se recomienda usar ropa protectora como guantes, caretas, respiradores, botas y delantales resistentes a productos qu\u00edmicos. Bid\u00f3n de pl\u00e1stico de 200 l, IBC (1000 l), requisito del cliente: almacenamiento durante un a\u00f1o en una habitaci\u00f3n a la sombra y en un lugar seco.<\/p>\n<h3>Sin\u00f3nimos:<\/h3>\n<p>Cloruro de dioctildimetilamonio<\/p>\n<p>cloruro de dimetildioctilamonio<\/p>\n<p>Cloruro de n,n-dimetil-n,n-dioctilamonio<\/p>\n<p>cloruro de dioctildimetilamonio-dodac<\/p>\n<p>Bardac LF\/Bardac LF-80<\/p>\n<p>cloruro de bisoctil dimetil amonio<br \/>\nCloruro de n,n-dimetil-n-octilo-1-octanaminio<\/p>\n<h3>Preguntas frecuentes sobre D0821 para productos qu\u00edmicos de tratamiento de agua:<\/h3>\n<p><strong>\u00bfQu\u00e9 es el cloruro de diotildimetilamonio (D0821)?<\/strong><br \/>\nEl cloruro de diotildimetilamonio (D0821) es un tensioactivo cati\u00f3nico que se utiliza en productos qu\u00edmicos para el tratamiento del agua. Es un l\u00edquido transparente, incoloro, de color amarillo p\u00e1lido, que funciona como desinfectante, alguicida y agente floculante. Puede controlar bacterias, algas, hongos, organismos productores de limo y s\u00f3lidos en suspensi\u00f3n en el agua.<\/p>\n<p><strong>\u00bfCu\u00e1les son los usos de Diotyl Dimethyl Ammonium Chloride (D0821)?<\/strong><br \/>\nEl cloruro de diotildimetilamonio (D0821) se puede utilizar en muchas aplicaciones, incluida la desinfecci\u00f3n de aguas residuales, el tratamiento de aguas residuales industriales, la desinfecci\u00f3n de agua potable, la desinfecci\u00f3n de piscinas, la limpieza y el mantenimiento de torres de refrigeraci\u00f3n, la formulaci\u00f3n de productos qu\u00edmicos para yacimientos petrol\u00edferos y los procesos de producci\u00f3n. Adem\u00e1s de su uso como agente biocida contra microorganismos, tambi\u00e9n ayuda a solidificar las part\u00edculas suspendidas en el agua y ayuda a eliminarlas del sistema.<\/p>\n<p><strong>\u00bfHay alg\u00fan problema de seguridad asociado con el uso de cloruro de diotildimetilamonio (D0821)?<\/strong><\/p>\n<p>Si bien, en general, es seguro usarlo cuando se aplica seg\u00fan las instrucciones y siguiendo los protocolos de seguridad adecuados al manipular este producto, la sobreexposici\u00f3n o el mal uso pueden causar riesgos para la salud, como irritaci\u00f3n de la piel o da\u00f1o ocular. Siempre use equipo de protecci\u00f3n como guantes cuando manipule este producto y evite el contacto con los ojos y la piel. Si el contacto ocurre por accidente, busque atenci\u00f3n m\u00e9dica de inmediato. Este producto no debe ser ingerido bajo ninguna circunstancia. Siempre debe almacenarse lejos de alimentos o bebidas para evitar la contaminaci\u00f3n de productos alimenticios o bebidas con este compuesto qu\u00edmico.<\/p>\n<p><strong>\u00bfEl cloruro de diotildimetilamonio (D0821) es ecol\u00f3gico?<\/strong><br \/>\n\u00a1S\u00ed! Cuando se utiliza de manera responsable en las concentraciones recomendadas, presenta un riesgo ambiental m\u00ednimo debido a su r\u00e1pida tasa de degradaci\u00f3n una vez que se libera en los sistemas acu\u00e1ticos. Sin embargo, el mal uso puede resultar en una acumulaci\u00f3n de materiales t\u00f3xicos que podr\u00edan representar una amenaza para las especies marinas sensibles, como los peces u otra vida acu\u00e1tica, por lo que se deben seguir las pautas de diluci\u00f3n adecuadas al usar este producto para el tratamiento del agua.<\/p>\n<p><strong>\u00bfC\u00f3mo aplico cloruro de diotildimetilamonio (D0821) para el tratamiento del agua?<\/strong><br \/>\nLa cantidad de tierra de diatomeas requerida depende de la cantidad de contaminantes presentes en el agua que se est\u00e1 tratando, pero generalmente oscila entre 0,02 y 0,11 niveles de concentraci\u00f3n de TP3T seg\u00fan el tipo de contaminantes presentes en el cuerpo de agua que se est\u00e1 tratando. Para garantizar resultados efectivos, es esencial seguir todas las instrucciones en la etiqueta o consultar a un profesional antes de usar si no est\u00e1 seguro de las concentraciones necesarias para la aplicaci\u00f3n.<\/p>\n<p><a href=\"https:\/\/vcycletech.com\/es\/tensoactivo-cationico\/\"><strong>Obtenga la soluci\u00f3n completa de surfactante cati\u00f3nico.<\/strong><\/a><\/p>","protected":false},"excerpt":{"rendered":"<p><strong>Cloruro de diotildimetilamonio (D0821)<\/strong> para productos qu\u00edmicos para el tratamiento de agua es una sal de amonio cuaternario que se usa ampliamente en el tratamiento de agua, textiles, fabricaci\u00f3n de papel, cuero y otras industrias. Tiene buena estabilidad al cloro y puede eliminar eficazmente la materia org\u00e1nica, los coloides y el color del agua.<\/p>\n<p>Este producto es de alta calidad. <strong>Cloruro de diotildimetilamonio (D0821)<\/strong> para productos qu\u00edmicos de tratamiento de agua procedentes de China. Est\u00e1 disponible en grandes cantidades a precios competitivos. Empresas que buscan comprar <strong>Cloruro de diotildimetilamonio (D0821)<\/strong> para productos qu\u00edmicos de tratamiento de agua a granel debe contactarnos hoy.<\/p>","protected":false},"featured_media":1347,"template":"","meta":{"site-sidebar-layout":"default","site-content-layout":"default","ast-site-content-layout":"default","site-content-style":"default","site-sidebar-style":"default","ast-global-header-display":"","ast-banner-title-visibility":"","ast-main-header-display":"","ast-hfb-above-header-display":"","ast-hfb-below-header-display":"","ast-hfb-mobile-header-display":"","site-post-title":"","ast-breadcrumbs-content":"","ast-featured-img":"","footer-sml-layout":"","ast-disable-related-posts":"","theme-transparent-header-meta":"default","adv-header-id-meta":"","stick-header-meta":"default","header-above-stick-meta":"","header-main-stick-meta":"","header-below-stick-meta":"","astra-migrate-meta-layouts":"default","ast-page-background-enabled":"default","ast-page-background-meta":{"desktop":{"background-color":"","background-image":"","background-repeat":"repeat","background-position":"center center","background-size":"auto","background-attachment":"scroll","background-type":"","background-media":"","overlay-type":"","overlay-color":"","overlay-opacity":"","overlay-gradient":""},"tablet":{"background-color":"","background-image":"","background-repeat":"repeat","background-position":"center center","background-size":"auto","background-attachment":"scroll","background-type":"","background-media":"","overlay-type":"","overlay-color":"","overlay-opacity":"","overlay-gradient":""},"mobile":{"background-color":"","background-image":"","background-repeat":"repeat","background-position":"center center","background-size":"auto","background-attachment":"scroll","background-type":"","background-media":"","overlay-type":"","overlay-color":"","overlay-opacity":"","overlay-gradient":""}},"ast-content-background-meta":{"desktop":{"background-color":"var(--ast-global-color-5)","background-image":"","background-repeat":"repeat","background-position":"center center","background-size":"auto","background-attachment":"scroll","background-type":"","background-media":"","overlay-type":"","overlay-color":"","overlay-opacity":"","overlay-gradient":""},"tablet":{"background-color":"var(--ast-global-color-5)","background-image":"","background-repeat":"repeat","background-position":"center center","background-size":"auto","background-attachment":"scroll","background-type":"","background-media":"","overlay-type":"","overlay-color":"","overlay-opacity":"","overlay-gradient":""},"mobile":{"background-color":"var(--ast-global-color-5)","background-image":"","background-repeat":"repeat","background-position":"center center","background-size":"auto","background-attachment":"scroll","background-type":"","background-media":"","overlay-type":"","overlay-color":"","overlay-opacity":"","overlay-gradient":""}}},"product_brand":[],"product_cat":[33],"product_tag":[],"class_list":{"0":"post-1332","1":"product","2":"type-product","3":"status-publish","4":"has-post-thumbnail","6":"product_cat-cationic-surfactant-list","7":"desktop-align-left","8":"tablet-align-left","9":"mobile-align-left","10":"ast-product-gallery-layout-horizontal-slider","11":"ast-product-tabs-layout-horizontal","13":"first","14":"instock","15":"shipping-taxable","16":"product-type-simple"},"yoast_head":"<!-- This site is optimized with the Yoast SEO Premium plugin v26.3 (Yoast SEO v27.3) - https:\/\/yoast.com\/product\/yoast-seo-premium-wordpress\/ -->\n<title>Diotyl Dimethyl Ammonium Chloride(D0821) - vcycletech<\/title>\n<meta name=\"description\" content=\"DDAC has been found to be effective in a variety of fields including injection water treatment in oilfields and industrial circulating cooling systems, fungi, and bacteria disinfection, wood preservative agents, and textile moth-proofing agents. Additionally, it can also be used with chlorine dioxide when treating hard surfaces to eliminate bacteria.\" \/>\n<meta name=\"robots\" content=\"index, follow, max-snippet:-1, max-image-preview:large, max-video-preview:-1\" \/>\n<link rel=\"canonical\" href=\"https:\/\/vcycletech.com\/es\/producto\/diotil-dimetil-amonio-clorado0821\/\" \/>\n<meta property=\"og:locale\" content=\"es_MX\" \/>\n<meta property=\"og:type\" content=\"article\" \/>\n<meta property=\"og:title\" content=\"Diotyl Dimethyl Ammonium Chloride(D0821)\" \/>\n<meta property=\"og:description\" content=\"DDAC has been found to be effective in a variety of fields including injection water treatment in oilfields and industrial circulating cooling systems, fungi, and bacteria disinfection, wood preservative agents, and textile moth-proofing agents. Additionally, it can also be used with chlorine dioxide when treating hard surfaces to eliminate bacteria.\" \/>\n<meta property=\"og:url\" content=\"https:\/\/vcycletech.com\/es\/producto\/diotil-dimetil-amonio-clorado0821\/\" \/>\n<meta property=\"og:site_name\" content=\"vcycletech\" \/>\n<meta property=\"article:modified_time\" content=\"2023-03-22T06:39:26+00:00\" \/>\n<meta property=\"og:image\" content=\"https:\/\/vcycletech.com\/wp-content\/uploads\/2023\/03\/1-65.png\" \/>\n\t<meta property=\"og:image:width\" content=\"600\" \/>\n\t<meta property=\"og:image:height\" content=\"600\" \/>\n\t<meta property=\"og:image:type\" content=\"image\/png\" \/>\n<meta name=\"twitter:card\" content=\"summary_large_image\" \/>\n<meta name=\"twitter:label1\" content=\"Tiempo de lectura\" \/>\n\t<meta name=\"twitter:data1\" content=\"4 minutos\" \/>\n<script type=\"application\/ld+json\" class=\"yoast-schema-graph\">{\"@context\":\"https:\\\/\\\/schema.org\",\"@graph\":[{\"@type\":\"WebPage\",\"@id\":\"https:\\\/\\\/vcycletech.com\\\/product\\\/diotyl-dimethyl-ammonium-chlorided0821\\\/\",\"url\":\"https:\\\/\\\/vcycletech.com\\\/product\\\/diotyl-dimethyl-ammonium-chlorided0821\\\/\",\"name\":\"Diotyl Dimethyl Ammonium Chloride(D0821) - vcycletech\",\"isPartOf\":{\"@id\":\"https:\\\/\\\/vcycletech.com\\\/#website\"},\"primaryImageOfPage\":{\"@id\":\"https:\\\/\\\/vcycletech.com\\\/product\\\/diotyl-dimethyl-ammonium-chlorided0821\\\/#primaryimage\"},\"image\":{\"@id\":\"https:\\\/\\\/vcycletech.com\\\/product\\\/diotyl-dimethyl-ammonium-chlorided0821\\\/#primaryimage\"},\"thumbnailUrl\":\"https:\\\/\\\/vcycletech.com\\\/wp-content\\\/uploads\\\/2023\\\/03\\\/1-65.png\",\"datePublished\":\"2023-03-22T02:10:09+00:00\",\"dateModified\":\"2023-03-22T06:39:26+00:00\",\"description\":\"DDAC has been found to be effective in a variety of fields including injection water treatment in oilfields and industrial circulating cooling systems, fungi, and bacteria disinfection, wood preservative agents, and textile moth-proofing agents. Additionally, it can also be used with chlorine dioxide when treating hard surfaces to eliminate bacteria.\",\"breadcrumb\":{\"@id\":\"https:\\\/\\\/vcycletech.com\\\/product\\\/diotyl-dimethyl-ammonium-chlorided0821\\\/#breadcrumb\"},\"inLanguage\":\"es\",\"potentialAction\":[{\"@type\":\"ReadAction\",\"target\":[\"https:\\\/\\\/vcycletech.com\\\/product\\\/diotyl-dimethyl-ammonium-chlorided0821\\\/\"]}]},{\"@type\":\"ImageObject\",\"inLanguage\":\"es\",\"@id\":\"https:\\\/\\\/vcycletech.com\\\/product\\\/diotyl-dimethyl-ammonium-chlorided0821\\\/#primaryimage\",\"url\":\"https:\\\/\\\/vcycletech.com\\\/wp-content\\\/uploads\\\/2023\\\/03\\\/1-65.png\",\"contentUrl\":\"https:\\\/\\\/vcycletech.com\\\/wp-content\\\/uploads\\\/2023\\\/03\\\/1-65.png\",\"width\":600,\"height\":600,\"caption\":\"Diotyl dimethyl Ammonium Chloride(D0821)\"},{\"@type\":\"BreadcrumbList\",\"@id\":\"https:\\\/\\\/vcycletech.com\\\/product\\\/diotyl-dimethyl-ammonium-chlorided0821\\\/#breadcrumb\",\"itemListElement\":[{\"@type\":\"ListItem\",\"position\":1,\"name\":\"Home\",\"item\":\"https:\\\/\\\/vcycletech.com\\\/\"},{\"@type\":\"ListItem\",\"position\":2,\"name\":\"Water Treatment Chemicals Manufacturer\",\"item\":\"https:\\\/\\\/vcycletech.com\\\/water-treatment-chemicals-manufacturer\\\/\"},{\"@type\":\"ListItem\",\"position\":3,\"name\":\"Diotyl Dimethyl Ammonium Chloride(D0821)\"}]},{\"@type\":\"WebSite\",\"@id\":\"https:\\\/\\\/vcycletech.com\\\/#website\",\"url\":\"https:\\\/\\\/vcycletech.com\\\/\",\"name\":\"vcycletech\",\"description\":\"China&#039;s top water treatment chemicals supplier\",\"publisher\":{\"@id\":\"https:\\\/\\\/vcycletech.com\\\/#organization\"},\"potentialAction\":[{\"@type\":\"SearchAction\",\"target\":{\"@type\":\"EntryPoint\",\"urlTemplate\":\"https:\\\/\\\/vcycletech.com\\\/?s={search_term_string}\"},\"query-input\":{\"@type\":\"PropertyValueSpecification\",\"valueRequired\":true,\"valueName\":\"search_term_string\"}}],\"inLanguage\":\"es\"},{\"@type\":\"Organization\",\"@id\":\"https:\\\/\\\/vcycletech.com\\\/#organization\",\"name\":\"vcycletech\",\"url\":\"https:\\\/\\\/vcycletech.com\\\/\",\"logo\":{\"@type\":\"ImageObject\",\"inLanguage\":\"es\",\"@id\":\"https:\\\/\\\/vcycletech.com\\\/#\\\/schema\\\/logo\\\/image\\\/\",\"url\":\"https:\\\/\\\/vcycletech.com\\\/wp-content\\\/uploads\\\/2023\\\/03\\\/logo-vcycletech-1.png\",\"contentUrl\":\"https:\\\/\\\/vcycletech.com\\\/wp-content\\\/uploads\\\/2023\\\/03\\\/logo-vcycletech-1.png\",\"width\":600,\"height\":400,\"caption\":\"vcycletech\"},\"image\":{\"@id\":\"https:\\\/\\\/vcycletech.com\\\/#\\\/schema\\\/logo\\\/image\\\/\"}}]}<\/script>\n<!-- \/ Yoast SEO Premium plugin. -->","yoast_head_json":{"title":"Cloruro de diotildimetilamonio (D0821) - vcycletech","description":"Se ha descubierto que DDAC es eficaz en una variedad de campos, incluido el tratamiento de inyecci\u00f3n de agua en campos petrol\u00edferos y sistemas de refrigeraci\u00f3n de circulaci\u00f3n industrial, desinfecci\u00f3n de hongos y bacterias, agentes conservantes de madera y agentes textiles a prueba de polillas. Adem\u00e1s, tambi\u00e9n se puede utilizar con di\u00f3xido de cloro en el tratamiento de superficies duras para eliminar bacterias.","robots":{"index":"index","follow":"follow","max-snippet":"max-snippet:-1","max-image-preview":"max-image-preview:large","max-video-preview":"max-video-preview:-1"},"canonical":"https:\/\/vcycletech.com\/es\/producto\/diotil-dimetil-amonio-clorado0821\/","og_locale":"es_MX","og_type":"article","og_title":"Diotyl Dimethyl Ammonium Chloride(D0821)","og_description":"DDAC has been found to be effective in a variety of fields including injection water treatment in oilfields and industrial circulating cooling systems, fungi, and bacteria disinfection, wood preservative agents, and textile moth-proofing agents. Additionally, it can also be used with chlorine dioxide when treating hard surfaces to eliminate bacteria.","og_url":"https:\/\/vcycletech.com\/es\/producto\/diotil-dimetil-amonio-clorado0821\/","og_site_name":"vcycletech","article_modified_time":"2023-03-22T06:39:26+00:00","og_image":[{"width":600,"height":600,"url":"https:\/\/vcycletech.com\/wp-content\/uploads\/2023\/03\/1-65.png","type":"image\/png"}],"twitter_card":"summary_large_image","twitter_misc":{"Tiempo de lectura":"4 minutos"},"schema":{"@context":"https:\/\/schema.org","@graph":[{"@type":"WebPage","@id":"https:\/\/vcycletech.com\/product\/diotyl-dimethyl-ammonium-chlorided0821\/","url":"https:\/\/vcycletech.com\/product\/diotyl-dimethyl-ammonium-chlorided0821\/","name":"Cloruro de diotildimetilamonio (D0821) - vcycletech","isPartOf":{"@id":"https:\/\/vcycletech.com\/#website"},"primaryImageOfPage":{"@id":"https:\/\/vcycletech.com\/product\/diotyl-dimethyl-ammonium-chlorided0821\/#primaryimage"},"image":{"@id":"https:\/\/vcycletech.com\/product\/diotyl-dimethyl-ammonium-chlorided0821\/#primaryimage"},"thumbnailUrl":"https:\/\/vcycletech.com\/wp-content\/uploads\/2023\/03\/1-65.png","datePublished":"2023-03-22T02:10:09+00:00","dateModified":"2023-03-22T06:39:26+00:00","description":"Se ha descubierto que DDAC es eficaz en una variedad de campos, incluido el tratamiento de inyecci\u00f3n de agua en campos petrol\u00edferos y sistemas de refrigeraci\u00f3n de circulaci\u00f3n industrial, desinfecci\u00f3n de hongos y bacterias, agentes conservantes de madera y agentes textiles a prueba de polillas. Adem\u00e1s, tambi\u00e9n se puede utilizar con di\u00f3xido de cloro en el tratamiento de superficies duras para eliminar bacterias.","breadcrumb":{"@id":"https:\/\/vcycletech.com\/product\/diotyl-dimethyl-ammonium-chlorided0821\/#breadcrumb"},"inLanguage":"es","potentialAction":[{"@type":"ReadAction","target":["https:\/\/vcycletech.com\/product\/diotyl-dimethyl-ammonium-chlorided0821\/"]}]},{"@type":"ImageObject","inLanguage":"es","@id":"https:\/\/vcycletech.com\/product\/diotyl-dimethyl-ammonium-chlorided0821\/#primaryimage","url":"https:\/\/vcycletech.com\/wp-content\/uploads\/2023\/03\/1-65.png","contentUrl":"https:\/\/vcycletech.com\/wp-content\/uploads\/2023\/03\/1-65.png","width":600,"height":600,"caption":"Diotyl dimethyl Ammonium Chloride(D0821)"},{"@type":"BreadcrumbList","@id":"https:\/\/vcycletech.com\/product\/diotyl-dimethyl-ammonium-chlorided0821\/#breadcrumb","itemListElement":[{"@type":"ListItem","position":1,"name":"Home","item":"https:\/\/vcycletech.com\/"},{"@type":"ListItem","position":2,"name":"Water Treatment Chemicals Manufacturer","item":"https:\/\/vcycletech.com\/water-treatment-chemicals-manufacturer\/"},{"@type":"ListItem","position":3,"name":"Diotyl Dimethyl Ammonium Chloride(D0821)"}]},{"@type":"WebSite","@id":"https:\/\/vcycletech.com\/#website","url":"https:\/\/vcycletech.com\/","name":"vcycletech","description":"El principal proveedor de productos qu\u00edmicos para el tratamiento del agua de China y #039;","publisher":{"@id":"https:\/\/vcycletech.com\/#organization"},"potentialAction":[{"@type":"SearchAction","target":{"@type":"EntryPoint","urlTemplate":"https:\/\/vcycletech.com\/?s={search_term_string}"},"query-input":{"@type":"PropertyValueSpecification","valueRequired":true,"valueName":"search_term_string"}}],"inLanguage":"es"},{"@type":"Organization","@id":"https:\/\/vcycletech.com\/#organization","name":"vcycletech","url":"https:\/\/vcycletech.com\/","logo":{"@type":"ImageObject","inLanguage":"es","@id":"https:\/\/vcycletech.com\/#\/schema\/logo\/image\/","url":"https:\/\/vcycletech.com\/wp-content\/uploads\/2023\/03\/logo-vcycletech-1.png","contentUrl":"https:\/\/vcycletech.com\/wp-content\/uploads\/2023\/03\/logo-vcycletech-1.png","width":600,"height":400,"caption":"vcycletech"},"image":{"@id":"https:\/\/vcycletech.com\/#\/schema\/logo\/image\/"}}]}},"_links":{"self":[{"href":"https:\/\/vcycletech.com\/es\/wp-json\/wp\/v2\/product\/1332","targetHints":{"allow":["GET"]}}],"collection":[{"href":"https:\/\/vcycletech.com\/es\/wp-json\/wp\/v2\/product"}],"about":[{"href":"https:\/\/vcycletech.com\/es\/wp-json\/wp\/v2\/types\/product"}],"wp:featuredmedia":[{"embeddable":true,"href":"https:\/\/vcycletech.com\/es\/wp-json\/wp\/v2\/media\/1347"}],"wp:attachment":[{"href":"https:\/\/vcycletech.com\/es\/wp-json\/wp\/v2\/media?parent=1332"}],"wp:term":[{"taxonomy":"product_brand","embeddable":true,"href":"https:\/\/vcycletech.com\/es\/wp-json\/wp\/v2\/product_brand?post=1332"},{"taxonomy":"product_cat","embeddable":true,"href":"https:\/\/vcycletech.com\/es\/wp-json\/wp\/v2\/product_cat?post=1332"},{"taxonomy":"product_tag","embeddable":true,"href":"https:\/\/vcycletech.com\/es\/wp-json\/wp\/v2\/product_tag?post=1332"}],"curies":[{"name":"wp","href":"https:\/\/api.w.org\/{rel}","templated":true}]}}