{"id":1324,"date":"2023-03-21T14:43:45","date_gmt":"2023-03-21T14:43:45","guid":{"rendered":"https:\/\/vcycletech.com\/?post_type=product&#038;p=1324"},"modified":"2023-03-22T06:38:17","modified_gmt":"2023-03-22T06:38:17","slug":"octadecil-trimetil-amonio-cloruro-de-tac","status":"publish","type":"product","link":"https:\/\/vcycletech.com\/es\/producto\/octadecil-trimetil-amonio-cloruro-de-tac\/","title":{"rendered":"Cloruro de octadecilo trimetilamonio (OTAC)"},"content":{"rendered":"<h3>N\u00ba CAS 112-03-8<\/h3>\n<h3>F\u00f3rmula molecular: C21H46NCL<\/h3>\n<h3>Peso molecular: 348.05<\/h3>\n<h3>F\u00f3rmula estructural:<\/h3>\n<figure id=\"attachment_1326\" aria-describedby=\"caption-attachment-1326\" style=\"width: 600px\" class=\"wp-caption alignnone\"><img fetchpriority=\"high\" decoding=\"async\" class=\"size-full wp-image-1326\" src=\"https:\/\/vcycletech.com\/wp-content\/uploads\/2023\/03\/1-62.png\" alt=\"OTAC\" width=\"600\" height=\"600\" srcset=\"https:\/\/vcycletech.com\/wp-content\/uploads\/2023\/03\/1-62.png 600w, https:\/\/vcycletech.com\/wp-content\/uploads\/2023\/03\/1-62-100x100.png 100w, https:\/\/vcycletech.com\/wp-content\/uploads\/2023\/03\/1-62-300x300.png 300w, https:\/\/vcycletech.com\/wp-content\/uploads\/2023\/03\/1-62-150x150.png 150w\" sizes=\"(max-width: 600px) 100vw, 600px\" \/><figcaption id=\"caption-attachment-1326\" class=\"wp-caption-text\">OTAC<\/figcaption><\/figure>\n<h3>Especificaci\u00f3n:<\/h3>\n<div id=\"footable_parent_1327\"\n         class=\"footable_parent ninja_table_wrapper loading_ninja_table wp_table_data_press_parent semantic_ui\">\n                <table data-ninja_table_instance=\"ninja_table_instance_0\" data-footable_id=\"1327\" data-filter-delay=\"1000\" aria-label=\"Cloruro de octadecilo trimetilamonio (OTAC).csv\"            id=\"footable_1327\"\n           data-unique_identifier=\"ninja_table_unique_id_491644505_1327\"\n           class=\"foo-table ninja_footable foo_table_1327 ninja_table_unique_id_491644505_1327 ui table  nt_type_legacy_table selectable striped vertical_centered  footable-paging-right ninja_table_pro\">\n                <colgroup>\n                            <col class=\"ninja_column_0\">\n                            <col class=\"ninja_column_1\">\n                            <col class=\"ninja_column_2\">\n                    <\/colgroup>\n        <thead>\n<tr class=\"footable-header\">\n                                                        <th scope=\"col\"  class=\"ninja_column_0 ninja_clmn_nm_items\">Elementos<\/th><th scope=\"col\"  class=\"ninja_column_1 ninja_clmn_nm_index\">\u00cdndice<\/th><th scope=\"col\"  class=\"ninja_column_2 ninja_clmn_nm_ninja_column_3\"><\/th><\/tr>\n<\/thead>\n<tbody>\n\n        <tr data-row_id=\"338\" class=\"ninja_table_row_0 nt_row_id_338\">\n            <td>Apariencia<\/td><td>L\u00edquido incoloro a amarillo p\u00e1lido<\/td><td>L\u00edquido crema incoloro a amarillo p\u00e1lido<\/td>        <\/tr>\n            <tr data-row_id=\"339\" class=\"ninja_table_row_1 nt_row_id_339\">\n            <td>Contenido activo, %<\/td><td>48-52<\/td><td>68-72<\/td>        <\/tr>\n            <tr data-row_id=\"340\" class=\"ninja_table_row_2 nt_row_id_340\">\n            <td>pH (soluci\u00f3n de agua 10%)<\/td><td>4.0-9.0<\/td><td>4.0-9.0<\/td>        <\/tr>\n            <tr data-row_id=\"341\" class=\"ninja_table_row_3 nt_row_id_341\">\n            <td>Amina libre, %<\/td><td>1,5 m\u00e1x.<\/td><td>2.0 m\u00e1x.<\/td>        <\/tr>\n    <\/tbody><!--ninja_tobody_rendering_done-->\n    <\/table>\n    \n    \n    \n<\/div>\n\n<h3>Propiedades:<\/h3>\n<p><strong>Cloruro de octadecilo trimetilamonio (OTAC)<\/strong> es soluble en agua, etanol y metanol y es compatible con surfactantes cati\u00f3nicos, no i\u00f3nicos y anf\u00f3teros. Tiene buena estabilidad qu\u00edmica cuando se expone al calor, luz, presi\u00f3n y soluciones \u00e1cidas o alcalinas. OTAC tambi\u00e9n posee una excelente permeabilidad, suavidad, emulsificaci\u00f3n y propiedades antielectrost\u00e1ticas y bactericidas.<\/p>\n<h2>Uso:<\/h2>\n<p><strong>Cloruro de octadecilo trimetilamonio (OTAC)<\/strong> se puede utilizar como suavizante de telas, materia prima para emulsi\u00f3n asf\u00e1ltica y acondicionador para el cabello, modificador de bentonita org\u00e1nica, coagulante de prote\u00ednas o floculante en la industria biofarmac\u00e9utica, agente antiest\u00e1tico de fibras textiles y agente de ajuste del cabello. Adem\u00e1s, el OTAC se puede utilizar como emulsionante de asfalto, aceite de silicona y caucho, como bacteria para el ciclo del agua de refrigeraci\u00f3n y como desinfectante.<\/p>\n<h3>Paquete y almacenamiento:<\/h3>\n<p><strong>Cloruro de octadecilo trimetilamonio (OTAC)<\/strong> debe almacenarse en un lugar seco, fresco y ventilado, lejos del fuego y fuentes de calor. Debe sellarse y empaquetarse para evitar la humedad y la contaminaci\u00f3n por materias extra\u00f1as. Tambor de pl\u00e1stico de 200 l, IBC (1000 l), requisito del cliente. Almacenamiento durante un a\u00f1o en un lugar sombreado y seco.<\/p>\n<h3>Medida de seguridad:<\/h3>\n<p><strong>Cloruro de octadecilo trimetilamonio (OTAC)<\/strong> tiene un ligero olor a almendras y no estimula visiblemente la piel. En caso de contacto, enjuague con agua inmediatamente.<\/p>\n<h3>Sin\u00f3nimos:<\/h3>\n<p>1831<\/p>\n<p>Cloruro de octadecilo trimetilamonio<\/p>\n<p>STAC<\/p>\n<p>Cloruro de estearil trimetil amonio<\/p>\n<p>Cloruro de trimetilestearilamonio<\/p>\n<p>Cloruro de 1-octadecanaminio,n,n,n-trimetil-<\/p>\n<h3>Preguntas frecuentes sobre OTAC:<\/h3>\n<p><strong>\u00bfQu\u00e9 es el cloruro de octadeciltrimetilamonio (OTAC)?<\/strong><br \/>\nEl cloruro de octadeciltrimetilamonio (OTAC) es un compuesto de amonio cuaternario que se utiliza en productos qu\u00edmicos para el tratamiento del agua. Es un tensioactivo cati\u00f3nico, lo que significa que lleva una carga tanto positiva como negativa, lo que hace que el compuesto sea muy soluble en agua. Esto le permite ser utilizado como un efectivo dispersante, emulsionante y agente antibacteriano.<\/p>\n<p><strong>\u00bfCu\u00e1les son los beneficios de OTAC para el tratamiento del agua?<\/strong><br \/>\nOTAC tiene muchos beneficios cuando se usa como qu\u00edmico para el tratamiento del agua. Puede ayudar en la dispersi\u00f3n de contaminantes, ayudando a descomponerlos en part\u00edculas m\u00e1s peque\u00f1as que se pueden filtrar m\u00e1s f\u00e1cilmente. Adem\u00e1s, OTAC act\u00faa como agente antibacteriano, lo que ayuda a reducir los niveles de bacterias y otros microorganismos en los suministros de agua potable. Finalmente, funciona como emulsionante, lo que permite mezclar m\u00e1s f\u00e1cilmente diferentes sustancias.<\/p>\n<p><strong>\u00bfLa OTAC es segura para el consumo humano?<\/strong><br \/>\nS\u00ed, el OTAC se considera seguro para el consumo humano cuando se usa en concentraciones espec\u00edficas y en condiciones espec\u00edficas.<\/p>\n<p><strong>\u00bfC\u00f3mo funciona OTAC?<\/strong><br \/>\nOTAC funciona formando fuertes lazos con las c\u00e9lulas bacterianas que contienen iones cargados positivamente como el calcio y el magnesio. Esto hace que las c\u00e9lulas bacterianas se interrumpan, lo que las hace m\u00e1s f\u00e1ciles de filtrar del suministro de agua. Adem\u00e1s, debido a su carga cati\u00f3nica, el compuesto tambi\u00e9n se une a los coloides presentes en los suministros de agua, por lo que tambi\u00e9n se pueden filtrar m\u00e1s f\u00e1cilmente.<\/p>\n<p><a href=\"https:\/\/vcycletech.com\/es\/tensoactivo-cationico\/\"><strong>Obtenga la soluci\u00f3n completa de surfactante cati\u00f3nico.<\/strong><\/a><\/p>\n<p>&nbsp;<\/p>","protected":false},"excerpt":{"rendered":"<p>El OTAC es un surfactante cati\u00f3nico con excelentes propiedades emulsionantes, humectantes, dispersantes y detergentes. Tambi\u00e9n es un eficaz mejorador de la dureza y alcalinidad del agua. El OTAC se puede utilizar en auxiliares textiles, la industria del cuero, la industria petrolera, los agroqu\u00edmicos y otras industrias.<\/p>\n<p>Si buscas una alta calidad <strong>Cloruro de octadecilo trimetilamonio (OTAC)<\/strong> para productos qu\u00edmicos para el tratamiento del agua, no busque m\u00e1s all\u00e1 de nuestros productos de China. Ofrecemos una amplia gama de productos qu\u00edmicos que se adaptan perfectamente a sus necesidades y garantizamos su calidad.<\/p>","protected":false},"featured_media":1328,"template":"","meta":{"site-sidebar-layout":"default","site-content-layout":"default","ast-site-content-layout":"default","site-content-style":"default","site-sidebar-style":"default","ast-global-header-display":"","ast-banner-title-visibility":"","ast-main-header-display":"","ast-hfb-above-header-display":"","ast-hfb-below-header-display":"","ast-hfb-mobile-header-display":"","site-post-title":"","ast-breadcrumbs-content":"","ast-featured-img":"","footer-sml-layout":"","ast-disable-related-posts":"","theme-transparent-header-meta":"default","adv-header-id-meta":"","stick-header-meta":"default","header-above-stick-meta":"","header-main-stick-meta":"","header-below-stick-meta":"","astra-migrate-meta-layouts":"default","ast-page-background-enabled":"default","ast-page-background-meta":{"desktop":{"background-color":"","background-image":"","background-repeat":"repeat","background-position":"center center","background-size":"auto","background-attachment":"scroll","background-type":"","background-media":"","overlay-type":"","overlay-color":"","overlay-opacity":"","overlay-gradient":""},"tablet":{"background-color":"","background-image":"","background-repeat":"repeat","background-position":"center center","background-size":"auto","background-attachment":"scroll","background-type":"","background-media":"","overlay-type":"","overlay-color":"","overlay-opacity":"","overlay-gradient":""},"mobile":{"background-color":"","background-image":"","background-repeat":"repeat","background-position":"center center","background-size":"auto","background-attachment":"scroll","background-type":"","background-media":"","overlay-type":"","overlay-color":"","overlay-opacity":"","overlay-gradient":""}},"ast-content-background-meta":{"desktop":{"background-color":"var(--ast-global-color-5)","background-image":"","background-repeat":"repeat","background-position":"center center","background-size":"auto","background-attachment":"scroll","background-type":"","background-media":"","overlay-type":"","overlay-color":"","overlay-opacity":"","overlay-gradient":""},"tablet":{"background-color":"var(--ast-global-color-5)","background-image":"","background-repeat":"repeat","background-position":"center center","background-size":"auto","background-attachment":"scroll","background-type":"","background-media":"","overlay-type":"","overlay-color":"","overlay-opacity":"","overlay-gradient":""},"mobile":{"background-color":"var(--ast-global-color-5)","background-image":"","background-repeat":"repeat","background-position":"center center","background-size":"auto","background-attachment":"scroll","background-type":"","background-media":"","overlay-type":"","overlay-color":"","overlay-opacity":"","overlay-gradient":""}}},"product_brand":[],"product_cat":[33],"product_tag":[],"class_list":{"0":"post-1324","1":"product","2":"type-product","3":"status-publish","4":"has-post-thumbnail","6":"product_cat-cationic-surfactant-list","7":"desktop-align-left","8":"tablet-align-left","9":"mobile-align-left","10":"ast-product-gallery-layout-horizontal-slider","11":"ast-product-tabs-layout-horizontal","13":"first","14":"instock","15":"shipping-taxable","16":"product-type-simple"},"yoast_head":"<!-- This site is optimized with the Yoast SEO Premium plugin v26.3 (Yoast SEO v27.3) - https:\/\/yoast.com\/product\/yoast-seo-premium-wordpress\/ -->\n<title>Octadecyl Trimethyl Ammonium Chloride(OTAC) - vcycletech<\/title>\n<meta name=\"description\" content=\"Octadecyl Trimethyl Ammonium Chloride (OTAC) is a cationic, quaternary ammonium compound used as an active ingredient in many industrial products such as detergents and disinfectants. Its chemical structure consists of a positively charged trimethylammonium cation and an octadecyl radical. It has antiseptic and antifungal properties when it comes into contact with infectious agents. OTAC is also known for its solubility in water and other organic solvents, making it ideal for use in numerous cleaning applications.\" \/>\n<meta name=\"robots\" content=\"index, follow, max-snippet:-1, max-image-preview:large, max-video-preview:-1\" \/>\n<link rel=\"canonical\" href=\"https:\/\/vcycletech.com\/es\/producto\/octadecil-trimetil-amonio-cloruro-de-tac\/\" \/>\n<meta property=\"og:locale\" content=\"es_MX\" \/>\n<meta property=\"og:type\" content=\"article\" \/>\n<meta property=\"og:title\" content=\"Octadecyl Trimethyl Ammonium Chloride(OTAC)\" \/>\n<meta property=\"og:description\" content=\"Octadecyl Trimethyl Ammonium Chloride (OTAC) is a cationic, quaternary ammonium compound used as an active ingredient in many industrial products such as detergents and disinfectants. Its chemical structure consists of a positively charged trimethylammonium cation and an octadecyl radical. It has antiseptic and antifungal properties when it comes into contact with infectious agents. OTAC is also known for its solubility in water and other organic solvents, making it ideal for use in numerous cleaning applications.\" \/>\n<meta property=\"og:url\" content=\"https:\/\/vcycletech.com\/es\/producto\/octadecil-trimetil-amonio-cloruro-de-tac\/\" \/>\n<meta property=\"og:site_name\" content=\"vcycletech\" \/>\n<meta property=\"article:modified_time\" content=\"2023-03-22T06:38:17+00:00\" \/>\n<meta property=\"og:image\" content=\"https:\/\/vcycletech.com\/wp-content\/uploads\/2023\/03\/\u672a\u547d\u540d\u7684\u8bbe\u8ba1-1-13.png\" \/>\n\t<meta property=\"og:image:width\" content=\"600\" \/>\n\t<meta property=\"og:image:height\" content=\"600\" \/>\n\t<meta property=\"og:image:type\" content=\"image\/png\" \/>\n<meta name=\"twitter:card\" content=\"summary_large_image\" \/>\n<meta name=\"twitter:label1\" content=\"Tiempo de lectura\" \/>\n\t<meta name=\"twitter:data1\" content=\"3 minutos\" \/>\n<script type=\"application\/ld+json\" class=\"yoast-schema-graph\">{\"@context\":\"https:\\\/\\\/schema.org\",\"@graph\":[{\"@type\":\"WebPage\",\"@id\":\"https:\\\/\\\/vcycletech.com\\\/product\\\/octadecyl-trimethyl-ammonium-chlorideotac\\\/\",\"url\":\"https:\\\/\\\/vcycletech.com\\\/product\\\/octadecyl-trimethyl-ammonium-chlorideotac\\\/\",\"name\":\"Octadecyl Trimethyl Ammonium Chloride(OTAC) - vcycletech\",\"isPartOf\":{\"@id\":\"https:\\\/\\\/vcycletech.com\\\/#website\"},\"primaryImageOfPage\":{\"@id\":\"https:\\\/\\\/vcycletech.com\\\/product\\\/octadecyl-trimethyl-ammonium-chlorideotac\\\/#primaryimage\"},\"image\":{\"@id\":\"https:\\\/\\\/vcycletech.com\\\/product\\\/octadecyl-trimethyl-ammonium-chlorideotac\\\/#primaryimage\"},\"thumbnailUrl\":\"https:\\\/\\\/vcycletech.com\\\/wp-content\\\/uploads\\\/2023\\\/03\\\/\u672a\u547d\u540d\u7684\u8bbe\u8ba1-1-13.png\",\"datePublished\":\"2023-03-21T14:43:45+00:00\",\"dateModified\":\"2023-03-22T06:38:17+00:00\",\"description\":\"Octadecyl Trimethyl Ammonium Chloride (OTAC) is a cationic, quaternary ammonium compound used as an active ingredient in many industrial products such as detergents and disinfectants. Its chemical structure consists of a positively charged trimethylammonium cation and an octadecyl radical. It has antiseptic and antifungal properties when it comes into contact with infectious agents. OTAC is also known for its solubility in water and other organic solvents, making it ideal for use in numerous cleaning applications.\",\"breadcrumb\":{\"@id\":\"https:\\\/\\\/vcycletech.com\\\/product\\\/octadecyl-trimethyl-ammonium-chlorideotac\\\/#breadcrumb\"},\"inLanguage\":\"es\",\"potentialAction\":[{\"@type\":\"ReadAction\",\"target\":[\"https:\\\/\\\/vcycletech.com\\\/product\\\/octadecyl-trimethyl-ammonium-chlorideotac\\\/\"]}]},{\"@type\":\"ImageObject\",\"inLanguage\":\"es\",\"@id\":\"https:\\\/\\\/vcycletech.com\\\/product\\\/octadecyl-trimethyl-ammonium-chlorideotac\\\/#primaryimage\",\"url\":\"https:\\\/\\\/vcycletech.com\\\/wp-content\\\/uploads\\\/2023\\\/03\\\/\u672a\u547d\u540d\u7684\u8bbe\u8ba1-1-13.png\",\"contentUrl\":\"https:\\\/\\\/vcycletech.com\\\/wp-content\\\/uploads\\\/2023\\\/03\\\/\u672a\u547d\u540d\u7684\u8bbe\u8ba1-1-13.png\",\"width\":600,\"height\":600,\"caption\":\"Octadecyl Trimethyl Ammonium Chloride(OTAC)\"},{\"@type\":\"BreadcrumbList\",\"@id\":\"https:\\\/\\\/vcycletech.com\\\/product\\\/octadecyl-trimethyl-ammonium-chlorideotac\\\/#breadcrumb\",\"itemListElement\":[{\"@type\":\"ListItem\",\"position\":1,\"name\":\"Home\",\"item\":\"https:\\\/\\\/vcycletech.com\\\/\"},{\"@type\":\"ListItem\",\"position\":2,\"name\":\"Water Treatment Chemicals Manufacturer\",\"item\":\"https:\\\/\\\/vcycletech.com\\\/water-treatment-chemicals-manufacturer\\\/\"},{\"@type\":\"ListItem\",\"position\":3,\"name\":\"Octadecyl Trimethyl Ammonium Chloride(OTAC)\"}]},{\"@type\":\"WebSite\",\"@id\":\"https:\\\/\\\/vcycletech.com\\\/#website\",\"url\":\"https:\\\/\\\/vcycletech.com\\\/\",\"name\":\"vcycletech\",\"description\":\"China&#039;s top water treatment chemicals supplier\",\"publisher\":{\"@id\":\"https:\\\/\\\/vcycletech.com\\\/#organization\"},\"potentialAction\":[{\"@type\":\"SearchAction\",\"target\":{\"@type\":\"EntryPoint\",\"urlTemplate\":\"https:\\\/\\\/vcycletech.com\\\/?s={search_term_string}\"},\"query-input\":{\"@type\":\"PropertyValueSpecification\",\"valueRequired\":true,\"valueName\":\"search_term_string\"}}],\"inLanguage\":\"es\"},{\"@type\":\"Organization\",\"@id\":\"https:\\\/\\\/vcycletech.com\\\/#organization\",\"name\":\"vcycletech\",\"url\":\"https:\\\/\\\/vcycletech.com\\\/\",\"logo\":{\"@type\":\"ImageObject\",\"inLanguage\":\"es\",\"@id\":\"https:\\\/\\\/vcycletech.com\\\/#\\\/schema\\\/logo\\\/image\\\/\",\"url\":\"https:\\\/\\\/vcycletech.com\\\/wp-content\\\/uploads\\\/2023\\\/03\\\/logo-vcycletech-1.png\",\"contentUrl\":\"https:\\\/\\\/vcycletech.com\\\/wp-content\\\/uploads\\\/2023\\\/03\\\/logo-vcycletech-1.png\",\"width\":600,\"height\":400,\"caption\":\"vcycletech\"},\"image\":{\"@id\":\"https:\\\/\\\/vcycletech.com\\\/#\\\/schema\\\/logo\\\/image\\\/\"}}]}<\/script>\n<!-- \/ Yoast SEO Premium plugin. -->","yoast_head_json":{"title":"Cloruro de octadecilo trimetilamonio (OTAC) - vcycletech","description":"El cloruro de octadeciltrimetilamonio (OTAC) es un compuesto cati\u00f3nico de amonio cuaternario que se utiliza como ingrediente activo en muchos productos industriales, como detergentes y desinfectantes. Su estructura qu\u00edmica consiste en un cati\u00f3n trimetilamonio cargado positivamente y un radical octadecil. Tiene propiedades antis\u00e9pticas y antif\u00fangicas cuando entra en contacto con agentes infecciosos. OTAC tambi\u00e9n es conocido por su solubilidad en agua y otros solventes org\u00e1nicos, lo que lo hace ideal para usar en numerosas aplicaciones de limpieza.","robots":{"index":"index","follow":"follow","max-snippet":"max-snippet:-1","max-image-preview":"max-image-preview:large","max-video-preview":"max-video-preview:-1"},"canonical":"https:\/\/vcycletech.com\/es\/producto\/octadecil-trimetil-amonio-cloruro-de-tac\/","og_locale":"es_MX","og_type":"article","og_title":"Octadecyl Trimethyl Ammonium Chloride(OTAC)","og_description":"Octadecyl Trimethyl Ammonium Chloride (OTAC) is a cationic, quaternary ammonium compound used as an active ingredient in many industrial products such as detergents and disinfectants. Its chemical structure consists of a positively charged trimethylammonium cation and an octadecyl radical. It has antiseptic and antifungal properties when it comes into contact with infectious agents. OTAC is also known for its solubility in water and other organic solvents, making it ideal for use in numerous cleaning applications.","og_url":"https:\/\/vcycletech.com\/es\/producto\/octadecil-trimetil-amonio-cloruro-de-tac\/","og_site_name":"vcycletech","article_modified_time":"2023-03-22T06:38:17+00:00","og_image":[{"width":600,"height":600,"url":"https:\/\/vcycletech.com\/wp-content\/uploads\/2023\/03\/\u672a\u547d\u540d\u7684\u8bbe\u8ba1-1-13.png","type":"image\/png"}],"twitter_card":"summary_large_image","twitter_misc":{"Tiempo de lectura":"3 minutos"},"schema":{"@context":"https:\/\/schema.org","@graph":[{"@type":"WebPage","@id":"https:\/\/vcycletech.com\/product\/octadecyl-trimethyl-ammonium-chlorideotac\/","url":"https:\/\/vcycletech.com\/product\/octadecyl-trimethyl-ammonium-chlorideotac\/","name":"Cloruro de octadecilo trimetilamonio (OTAC) - vcycletech","isPartOf":{"@id":"https:\/\/vcycletech.com\/#website"},"primaryImageOfPage":{"@id":"https:\/\/vcycletech.com\/product\/octadecyl-trimethyl-ammonium-chlorideotac\/#primaryimage"},"image":{"@id":"https:\/\/vcycletech.com\/product\/octadecyl-trimethyl-ammonium-chlorideotac\/#primaryimage"},"thumbnailUrl":"https:\/\/vcycletech.com\/wp-content\/uploads\/2023\/03\/\u672a\u547d\u540d\u7684\u8bbe\u8ba1-1-13.png","datePublished":"2023-03-21T14:43:45+00:00","dateModified":"2023-03-22T06:38:17+00:00","description":"El cloruro de octadeciltrimetilamonio (OTAC) es un compuesto cati\u00f3nico de amonio cuaternario que se utiliza como ingrediente activo en muchos productos industriales, como detergentes y desinfectantes. Su estructura qu\u00edmica consiste en un cati\u00f3n trimetilamonio cargado positivamente y un radical octadecil. Tiene propiedades antis\u00e9pticas y antif\u00fangicas cuando entra en contacto con agentes infecciosos. OTAC tambi\u00e9n es conocido por su solubilidad en agua y otros solventes org\u00e1nicos, lo que lo hace ideal para usar en numerosas aplicaciones de limpieza.","breadcrumb":{"@id":"https:\/\/vcycletech.com\/product\/octadecyl-trimethyl-ammonium-chlorideotac\/#breadcrumb"},"inLanguage":"es","potentialAction":[{"@type":"ReadAction","target":["https:\/\/vcycletech.com\/product\/octadecyl-trimethyl-ammonium-chlorideotac\/"]}]},{"@type":"ImageObject","inLanguage":"es","@id":"https:\/\/vcycletech.com\/product\/octadecyl-trimethyl-ammonium-chlorideotac\/#primaryimage","url":"https:\/\/vcycletech.com\/wp-content\/uploads\/2023\/03\/\u672a\u547d\u540d\u7684\u8bbe\u8ba1-1-13.png","contentUrl":"https:\/\/vcycletech.com\/wp-content\/uploads\/2023\/03\/\u672a\u547d\u540d\u7684\u8bbe\u8ba1-1-13.png","width":600,"height":600,"caption":"Octadecyl Trimethyl Ammonium Chloride(OTAC)"},{"@type":"BreadcrumbList","@id":"https:\/\/vcycletech.com\/product\/octadecyl-trimethyl-ammonium-chlorideotac\/#breadcrumb","itemListElement":[{"@type":"ListItem","position":1,"name":"Home","item":"https:\/\/vcycletech.com\/"},{"@type":"ListItem","position":2,"name":"Water Treatment Chemicals Manufacturer","item":"https:\/\/vcycletech.com\/water-treatment-chemicals-manufacturer\/"},{"@type":"ListItem","position":3,"name":"Octadecyl Trimethyl Ammonium Chloride(OTAC)"}]},{"@type":"WebSite","@id":"https:\/\/vcycletech.com\/#website","url":"https:\/\/vcycletech.com\/","name":"vcycletech","description":"El principal proveedor de productos qu\u00edmicos para el tratamiento del agua de China y #039;","publisher":{"@id":"https:\/\/vcycletech.com\/#organization"},"potentialAction":[{"@type":"SearchAction","target":{"@type":"EntryPoint","urlTemplate":"https:\/\/vcycletech.com\/?s={search_term_string}"},"query-input":{"@type":"PropertyValueSpecification","valueRequired":true,"valueName":"search_term_string"}}],"inLanguage":"es"},{"@type":"Organization","@id":"https:\/\/vcycletech.com\/#organization","name":"vcycletech","url":"https:\/\/vcycletech.com\/","logo":{"@type":"ImageObject","inLanguage":"es","@id":"https:\/\/vcycletech.com\/#\/schema\/logo\/image\/","url":"https:\/\/vcycletech.com\/wp-content\/uploads\/2023\/03\/logo-vcycletech-1.png","contentUrl":"https:\/\/vcycletech.com\/wp-content\/uploads\/2023\/03\/logo-vcycletech-1.png","width":600,"height":400,"caption":"vcycletech"},"image":{"@id":"https:\/\/vcycletech.com\/#\/schema\/logo\/image\/"}}]}},"_links":{"self":[{"href":"https:\/\/vcycletech.com\/es\/wp-json\/wp\/v2\/product\/1324","targetHints":{"allow":["GET"]}}],"collection":[{"href":"https:\/\/vcycletech.com\/es\/wp-json\/wp\/v2\/product"}],"about":[{"href":"https:\/\/vcycletech.com\/es\/wp-json\/wp\/v2\/types\/product"}],"wp:featuredmedia":[{"embeddable":true,"href":"https:\/\/vcycletech.com\/es\/wp-json\/wp\/v2\/media\/1328"}],"wp:attachment":[{"href":"https:\/\/vcycletech.com\/es\/wp-json\/wp\/v2\/media?parent=1324"}],"wp:term":[{"taxonomy":"product_brand","embeddable":true,"href":"https:\/\/vcycletech.com\/es\/wp-json\/wp\/v2\/product_brand?post=1324"},{"taxonomy":"product_cat","embeddable":true,"href":"https:\/\/vcycletech.com\/es\/wp-json\/wp\/v2\/product_cat?post=1324"},{"taxonomy":"product_tag","embeddable":true,"href":"https:\/\/vcycletech.com\/es\/wp-json\/wp\/v2\/product_tag?post=1324"}],"curies":[{"name":"wp","href":"https:\/\/api.w.org\/{rel}","templated":true}]}}