{"id":1312,"date":"2023-03-21T14:00:29","date_gmt":"2023-03-21T14:00:29","guid":{"rendered":"https:\/\/vcycletech.com\/?post_type=product&#038;p=1312"},"modified":"2023-03-27T04:08:52","modified_gmt":"2023-03-27T04:08:52","slug":"wt-503-inhibidor-de-incrustaciones-y-corrosion-para-caldera","status":"publish","type":"product","link":"https:\/\/vcycletech.com\/es\/producto\/wt-503-inhibidor-de-incrustaciones-y-corrosion-para-caldera\/","title":{"rendered":"WT-503 Inhibidor de incrustaciones y corrosi\u00f3n para calderas"},"content":{"rendered":"<h3 id=\"introduction_2\" class=\"xsj_heading_hash xsj_heading xsj_heading_h2\" data-source-line=\"6\" data-source-line-display=\"true\"><span class=\"xsj_heading_content\">Introducci\u00f3n:<\/span><\/h3>\n<p class=\"xsj_paragraph xsj_paragraph_level_0\" data-source-line=\"7\" data-source-line-display=\"true\">El <strong>Inhibidor de incrustaciones y corrosi\u00f3n WT-503<\/strong> es un producto altamente efectivo dise\u00f1ado para proteger calderas de baja presi\u00f3n, plantas desalinizadoras, procesos de destilaci\u00f3n y tanques de agua de autobuses contra incrustaciones y corrosi\u00f3n. Este inhibidor ofrece una tolerancia t\u00e9rmica impresionante, lo que lo convierte en una opci\u00f3n ideal para aquellos que necesitan una protecci\u00f3n confiable contra los efectos da\u00f1inos de las incrustaciones y la corrosi\u00f3n.<\/p>\n<p data-source-line=\"7\" data-source-line-display=\"true\">Nuestras opciones de empaque incluyen un tambor de pl\u00e1stico de 200L y un IBC de 1000L, o podemos personalizar el empaque para satisfacer sus necesidades individuales. Para condiciones \u00f3ptimas de almacenamiento, mantenga los recipientes en habitaciones secas con una exposici\u00f3n m\u00ednima a la luz solar hasta por un a\u00f1o.<\/p>\n<div class=\"xiaoshujiang_element xsj_anchor\"><a class=\"blank_anchor_name\" name=\"features_3\"><\/a><a id=\"features_3\" class=\"blank_anchor_id\"><\/a><a class=\"blank_anchor_name\" name=\"features\"><\/a><a id=\"features\" class=\"blank_anchor_id\"><\/a><\/div>\n<h3 id=\"features_3\" class=\"xsj_heading_hash xsj_heading xsj_heading_h2\" data-source-line=\"9\" data-source-line-display=\"true\"><span class=\"xsj_heading_content\">Caracter\u00edsticas:<\/span><\/h3>\n<p class=\"xsj_paragraph xsj_paragraph_level_0\" data-source-line=\"11\" data-source-line-display=\"true\">El <strong>Inhibidor de incrustaciones y corrosi\u00f3n WT-503<\/strong> tiene varias caracter\u00edsticas que lo convierten en una excelente opci\u00f3n para la protecci\u00f3n de calderas. Cuenta con una impresionante tolerancia t\u00e9rmica, lo que significa que se puede utilizar en entornos de alta temperatura. Tambi\u00e9n proporciona una protecci\u00f3n fiable contra la incrustaci\u00f3n y la corrosi\u00f3n en varios tratamientos de agua. El inhibidor es eficaz a temperaturas que oscilan entre -20 \u00b0C y m\u00e1s de 100 \u00b0C. Su f\u00f3rmula avanzada permite una distribuci\u00f3n uniforme dentro de cualquier sistema, lo que garantiza un rendimiento \u00f3ptimo.<\/p>\n<div class=\"xiaoshujiang_element xsj_anchor\"><a class=\"blank_anchor_name\" name=\"applications_4\"><\/a><a id=\"applications_4\" class=\"blank_anchor_id\"><\/a><a class=\"blank_anchor_name\" name=\"applications\"><\/a><a id=\"applications\" class=\"blank_anchor_id\"><\/a><\/div>\n<h3 id=\"applications_4\" class=\"xsj_heading_hash xsj_heading xsj_heading_h2\" data-source-line=\"14\" data-source-line-display=\"true\"><span class=\"xsj_heading_content\">Aplicaciones:<\/span><\/h3>\n<p class=\"xsj_paragraph xsj_paragraph_level_0\" data-source-line=\"16\" data-source-line-display=\"true\">El <strong>Inhibidor de incrustaciones y corrosi\u00f3n WT-503<\/strong> puede proteger una amplia gama de equipos, incluidas calderas de baja presi\u00f3n como radiadores y locomotoras de vapor, as\u00ed como plantas desalinizadoras, procesos de destilaci\u00f3n y tanques de agua para autobuses. Tambi\u00e9n funciona bien en sistemas de refrigeraci\u00f3n, piscinas, sistemas de riego, jacuzzis, acuarios y acondicionadores de aire.<\/p>\n<div class=\"xiaoshujiang_element xsj_anchor\"><a class=\"blank_anchor_name\" name=\"faqs_5\"><\/a><a id=\"faqs_5\" class=\"blank_anchor_id\"><\/a><a class=\"blank_anchor_name\" name=\"faqs\"><\/a><a id=\"faqs\" class=\"blank_anchor_id\"><\/a><\/div>\n<h3 id=\"faqs_5\" class=\"xsj_heading_hash xsj_heading xsj_heading_h2\" data-source-line=\"18\" data-source-line-display=\"true\"><span class=\"xsj_heading_content\">Preguntas frecuentes:<\/span><\/h3>\n<div class=\"xiaoshujiang_element xsj_anchor\"><a class=\"blank_anchor_name\" name=\"120what20are20the20benefits20of20using20the20wt-50320scale20and20corrosion20inhibitor_6\"><\/a><a id=\"120what20are20the20benefits20of20using20the20wt-50320scale20and20corrosion20inhibitor_6\" class=\"blank_anchor_id\"><\/a><a class=\"blank_anchor_name\" name=\"1-what-are-the-benefits-of-using-the-wt-503-scale-and-corrosion-inhibitor\"><\/a><a id=\"1-what-are-the-benefits-of-using-the-wt-503-scale-and-corrosion-inhibitor\" class=\"blank_anchor_id\"><\/a><\/div>\n<p id=\"120what20are20the20benefits20of20using20the20wt-50320scale20and20corrosion20inhibitor_6\" class=\"xsj_heading_hash xsj_heading xsj_heading_h3\" data-source-line=\"20\" data-source-line-display=\"true\"><strong><span class=\"xsj_heading_content\">P1:\u00bfCu\u00e1les son los beneficios de usar el inhibidor de incrustaciones y corrosi\u00f3n WT-503?<\/span><\/strong><\/p>\n<p class=\"xsj_paragraph xsj_paragraph_level_0\" data-source-line=\"22\" data-source-line-display=\"true\">Respuesta: El inhibidor de incrustaciones y corrosi\u00f3n WT-503 proporciona una protecci\u00f3n confiable contra incrustaciones y corrosi\u00f3n en varios tratamientos de agua al mismo tiempo que ofrece una tolerancia t\u00e9rmica impresionante con temperaturas que van desde -20 \u00b0C hasta m\u00e1s de 100 \u00b0C.<\/p>\n<div class=\"xiaoshujiang_element xsj_anchor\"><a class=\"blank_anchor_name\" name=\"220is20this20product20safe20to20use_7\"><\/a><a id=\"220is20this20product20safe20to20use_7\" class=\"blank_anchor_id\"><\/a><a class=\"blank_anchor_name\" name=\"2-is-this-product-safe-to-use\"><\/a><a id=\"2-is-this-product-safe-to-use\" class=\"blank_anchor_id\"><\/a><\/div>\n<p id=\"220is20this20product20safe20to20use_7\" class=\"xsj_heading_hash xsj_heading xsj_heading_h3\" data-source-line=\"24\" data-source-line-display=\"true\"><strong><span class=\"xsj_heading_content\">P2: \u00bfEste producto es seguro de usar?<\/span><\/strong><\/p>\n<p class=\"xsj_paragraph xsj_paragraph_level_0\" data-source-line=\"26\" data-source-line-display=\"true\">Respuesta: \u00a1S\u00ed! El inhibidor de incrustaciones y corrosi\u00f3n WT-503 no es t\u00f3xico y es respetuoso con el medio ambiente, sin olores ni humos desagradables, por lo que es seguro para usar cerca de personas o animales.<\/p>\n<p class=\"xiaoshujiang_element xsj_anchor\"><a class=\"blank_anchor_name\" name=\"320what20type20of20maintenance20should20i20do20after20using20this20product_8\"><\/a><a id=\"320what20type20of20maintenance20should20i20do20after20using20this20product_8\" class=\"blank_anchor_id\"><\/a><a class=\"blank_anchor_name\" name=\"3-what-type-of-maintenance-should-i-do-after-using-this-product\"><\/a><a id=\"3-what-type-of-maintenance-should-i-do-after-using-this-product\" class=\"blank_anchor_id\"><\/a><\/p>\n<p id=\"320what20type20of20maintenance20should20i20do20after20using20this20product_8\" class=\"xsj_heading_hash xsj_heading xsj_heading_h3\" data-source-line=\"28\" data-source-line-display=\"true\"><strong><span class=\"xsj_heading_content\">P3: \u00bfQu\u00e9 tipo de mantenimiento debo hacer despu\u00e9s de usar este producto?<\/span><\/strong><\/p>\n<p class=\"xsj_paragraph xsj_paragraph_level_0\" data-source-line=\"30\" data-source-line-display=\"true\">Respuesta: Despu\u00e9s de usar este producto, debe realizar controles de mantenimiento de rutina en su equipo, como inspeccionar las mangueras para asegurarse de que est\u00e9n bien ajustadas sin signos de da\u00f1o o desgaste, as\u00ed como controlar los niveles de fluidos regularmente para que no se sobrecalienten o se contaminen con escombros u otros elementos que puedan afectar los niveles de rendimiento.<\/p>\n<div class=\"xiaoshujiang_element xsj_anchor\"><a class=\"blank_anchor_name\" name=\"420can20i20use20this20product20with20any20type20of20system_9\"><\/a><a id=\"420can20i20use20this20product20with20any20type20of20system_9\" class=\"blank_anchor_id\"><\/a><a class=\"blank_anchor_name\" name=\"4-can-i-use-this-product-with-any-type-of-system\"><\/a><a id=\"4-can-i-use-this-product-with-any-type-of-system\" class=\"blank_anchor_id\"><\/a><\/div>\n<p id=\"420can20i20use20this20product20with20any20type20of20system_9\" class=\"xsj_heading_hash xsj_heading xsj_heading_h3\" data-source-line=\"32\" data-source-line-display=\"true\"><strong><span class=\"xsj_heading_content\">P4: \u00bfPuedo usar este producto con cualquier sistema?<\/span><\/strong><\/p>\n<p class=\"xsj_paragraph xsj_paragraph_level_0\" data-source-line=\"34\" data-source-line-display=\"true\">Respuesta: \u00a1S\u00ed! El inhibidor de incrustaciones y corrosi\u00f3n WT-503 se puede utilizar en todo tipo de sistemas, incluidas aplicaciones residenciales, aplicaciones comerciales, usos industriales como sistemas de refrigeraci\u00f3n y otras instalaciones a gran escala.<\/p>\n<p class=\"xsj_paragraph xsj_paragraph_level_0\" data-source-line=\"36\" data-source-line-display=\"true\"><a class=\"xsj_link xsj_manu_link\" href=\"https:\/\/vcycletech.com\/es\/categoria-de-producto\/inhibidores-de-corrosion-a-escala-construida-y-agentes-de-pelicula-de-tratamiento-previo\/\">Obtenga la soluci\u00f3n completa de inhibidores de incrustaciones y corrosi\u00f3n integrados y agentes de filmaci\u00f3n de pretratamiento<\/a>.<\/p>","protected":false},"excerpt":{"rendered":"<p>El <strong>WT-503 Inhibidor de incrustaciones y corrosi\u00f3n para calderas<\/strong> es una excelente manera de proteger su equipo contra da\u00f1os. Este producto previene de manera efectiva las incrustaciones y la corrosi\u00f3n, lo que lo convierte en una herramienta valiosa para varios tratamientos de agua. Tiene una tolerancia t\u00e9rmica impresionante, lo que significa que puede usarse en calderas de baja presi\u00f3n como radiadores y locomotoras de vapor. Adem\u00e1s, el <strong>WT-503 Inhibidor de incrustaciones y corrosi\u00f3n para calderas<\/strong> Puede proteger plantas de desalinizaci\u00f3n, procesos de destilaci\u00f3n y tanques de agua de autobuses. Con este producto, no tendr\u00e1 que preocuparse por los efectos negativos de la incrustaci\u00f3n o la corrosi\u00f3n.<\/p>","protected":false},"featured_media":2829,"template":"","meta":{"site-sidebar-layout":"default","site-content-layout":"default","ast-site-content-layout":"default","site-content-style":"default","site-sidebar-style":"default","ast-global-header-display":"","ast-banner-title-visibility":"","ast-main-header-display":"","ast-hfb-above-header-display":"","ast-hfb-below-header-display":"","ast-hfb-mobile-header-display":"","site-post-title":"","ast-breadcrumbs-content":"","ast-featured-img":"","footer-sml-layout":"","ast-disable-related-posts":"","theme-transparent-header-meta":"default","adv-header-id-meta":"","stick-header-meta":"default","header-above-stick-meta":"","header-main-stick-meta":"","header-below-stick-meta":"","astra-migrate-meta-layouts":"default","ast-page-background-enabled":"default","ast-page-background-meta":{"desktop":{"background-color":"","background-image":"","background-repeat":"repeat","background-position":"center center","background-size":"auto","background-attachment":"scroll","background-type":"","background-media":"","overlay-type":"","overlay-color":"","overlay-opacity":"","overlay-gradient":""},"tablet":{"background-color":"","background-image":"","background-repeat":"repeat","background-position":"center center","background-size":"auto","background-attachment":"scroll","background-type":"","background-media":"","overlay-type":"","overlay-color":"","overlay-opacity":"","overlay-gradient":""},"mobile":{"background-color":"","background-image":"","background-repeat":"repeat","background-position":"center center","background-size":"auto","background-attachment":"scroll","background-type":"","background-media":"","overlay-type":"","overlay-color":"","overlay-opacity":"","overlay-gradient":""}},"ast-content-background-meta":{"desktop":{"background-color":"var(--ast-global-color-5)","background-image":"","background-repeat":"repeat","background-position":"center center","background-size":"auto","background-attachment":"scroll","background-type":"","background-media":"","overlay-type":"","overlay-color":"","overlay-opacity":"","overlay-gradient":""},"tablet":{"background-color":"var(--ast-global-color-5)","background-image":"","background-repeat":"repeat","background-position":"center center","background-size":"auto","background-attachment":"scroll","background-type":"","background-media":"","overlay-type":"","overlay-color":"","overlay-opacity":"","overlay-gradient":""},"mobile":{"background-color":"var(--ast-global-color-5)","background-image":"","background-repeat":"repeat","background-position":"center center","background-size":"auto","background-attachment":"scroll","background-type":"","background-media":"","overlay-type":"","overlay-color":"","overlay-opacity":"","overlay-gradient":""}}},"product_brand":[],"product_cat":[32],"product_tag":[],"class_list":{"0":"post-1312","1":"product","2":"type-product","3":"status-publish","4":"has-post-thumbnail","6":"product_cat-built-scale-corrosion-inhibitors-and-pretreatment-filming-agents","7":"desktop-align-left","8":"tablet-align-left","9":"mobile-align-left","10":"ast-product-gallery-layout-horizontal-slider","11":"ast-product-gallery-with-no-image","12":"ast-product-tabs-layout-horizontal","14":"first","15":"instock","16":"shipping-taxable","17":"product-type-simple"},"yoast_head":"<!-- This site is optimized with the Yoast SEO Premium plugin v26.3 (Yoast SEO v27.3) - https:\/\/yoast.com\/product\/yoast-seo-premium-wordpress\/ -->\n<title>WT-503 Scale and Corrosion Inhibitor for Boiler - vcycletech<\/title>\n<meta name=\"description\" content=\"Protect your boiler with [WT-503 Scale and Corrosion Inhibitor]! Offering impressive thermal tolerance and reliable protection at low pressures, enjoy hassle-free water treatments without ever worrying about scale or corrosion.\" \/>\n<meta name=\"robots\" content=\"index, follow, max-snippet:-1, max-image-preview:large, max-video-preview:-1\" \/>\n<link rel=\"canonical\" href=\"https:\/\/vcycletech.com\/es\/producto\/wt-503-inhibidor-de-incrustaciones-y-corrosion-para-caldera\/\" \/>\n<meta property=\"og:locale\" content=\"es_MX\" \/>\n<meta property=\"og:type\" content=\"article\" \/>\n<meta property=\"og:title\" content=\"WT-503 Scale and Corrosion Inhibitor for Boiler\" \/>\n<meta property=\"og:description\" content=\"Protect your boiler with [WT-503 Scale and Corrosion Inhibitor]! Offering impressive thermal tolerance and reliable protection at low pressures, enjoy hassle-free water treatments without ever worrying about scale or corrosion.\" \/>\n<meta property=\"og:url\" content=\"https:\/\/vcycletech.com\/es\/producto\/wt-503-inhibidor-de-incrustaciones-y-corrosion-para-caldera\/\" \/>\n<meta property=\"og:site_name\" content=\"vcycletech\" \/>\n<meta property=\"article:modified_time\" content=\"2023-03-27T04:08:52+00:00\" \/>\n<meta property=\"og:image\" content=\"https:\/\/vcycletech.com\/wp-content\/uploads\/2023\/03\/\u672a\u547d\u540d\u7684\u8bbe\u8ba1-1-27.png\" \/>\n\t<meta property=\"og:image:width\" content=\"600\" \/>\n\t<meta property=\"og:image:height\" content=\"600\" \/>\n\t<meta property=\"og:image:type\" content=\"image\/png\" \/>\n<meta name=\"twitter:card\" content=\"summary_large_image\" \/>\n<meta name=\"twitter:label1\" content=\"Tiempo de lectura\" \/>\n\t<meta name=\"twitter:data1\" content=\"2 minutos\" \/>\n<script type=\"application\/ld+json\" class=\"yoast-schema-graph\">{\"@context\":\"https:\\\/\\\/schema.org\",\"@graph\":[{\"@type\":\"WebPage\",\"@id\":\"https:\\\/\\\/vcycletech.com\\\/product\\\/wt-503-scale-and-corrosion-inhibitor-for-boiler\\\/\",\"url\":\"https:\\\/\\\/vcycletech.com\\\/product\\\/wt-503-scale-and-corrosion-inhibitor-for-boiler\\\/\",\"name\":\"WT-503 Scale and Corrosion Inhibitor for Boiler - vcycletech\",\"isPartOf\":{\"@id\":\"https:\\\/\\\/vcycletech.com\\\/#website\"},\"primaryImageOfPage\":{\"@id\":\"https:\\\/\\\/vcycletech.com\\\/product\\\/wt-503-scale-and-corrosion-inhibitor-for-boiler\\\/#primaryimage\"},\"image\":{\"@id\":\"https:\\\/\\\/vcycletech.com\\\/product\\\/wt-503-scale-and-corrosion-inhibitor-for-boiler\\\/#primaryimage\"},\"thumbnailUrl\":\"https:\\\/\\\/vcycletech.com\\\/wp-content\\\/uploads\\\/2023\\\/03\\\/\u672a\u547d\u540d\u7684\u8bbe\u8ba1-1-27.png\",\"datePublished\":\"2023-03-21T14:00:29+00:00\",\"dateModified\":\"2023-03-27T04:08:52+00:00\",\"description\":\"Protect your boiler with [WT-503 Scale and Corrosion Inhibitor]! Offering impressive thermal tolerance and reliable protection at low pressures, enjoy hassle-free water treatments without ever worrying about scale or corrosion.\",\"breadcrumb\":{\"@id\":\"https:\\\/\\\/vcycletech.com\\\/product\\\/wt-503-scale-and-corrosion-inhibitor-for-boiler\\\/#breadcrumb\"},\"inLanguage\":\"es\",\"potentialAction\":[{\"@type\":\"ReadAction\",\"target\":[\"https:\\\/\\\/vcycletech.com\\\/product\\\/wt-503-scale-and-corrosion-inhibitor-for-boiler\\\/\"]}]},{\"@type\":\"ImageObject\",\"inLanguage\":\"es\",\"@id\":\"https:\\\/\\\/vcycletech.com\\\/product\\\/wt-503-scale-and-corrosion-inhibitor-for-boiler\\\/#primaryimage\",\"url\":\"https:\\\/\\\/vcycletech.com\\\/wp-content\\\/uploads\\\/2023\\\/03\\\/\u672a\u547d\u540d\u7684\u8bbe\u8ba1-1-27.png\",\"contentUrl\":\"https:\\\/\\\/vcycletech.com\\\/wp-content\\\/uploads\\\/2023\\\/03\\\/\u672a\u547d\u540d\u7684\u8bbe\u8ba1-1-27.png\",\"width\":600,\"height\":600,\"caption\":\"WT-503 Scale and Corrosion Inhibitor for Boiler\"},{\"@type\":\"BreadcrumbList\",\"@id\":\"https:\\\/\\\/vcycletech.com\\\/product\\\/wt-503-scale-and-corrosion-inhibitor-for-boiler\\\/#breadcrumb\",\"itemListElement\":[{\"@type\":\"ListItem\",\"position\":1,\"name\":\"Home\",\"item\":\"https:\\\/\\\/vcycletech.com\\\/\"},{\"@type\":\"ListItem\",\"position\":2,\"name\":\"Water Treatment Chemicals Manufacturer\",\"item\":\"https:\\\/\\\/vcycletech.com\\\/water-treatment-chemicals-manufacturer\\\/\"},{\"@type\":\"ListItem\",\"position\":3,\"name\":\"WT-503 Scale and Corrosion Inhibitor for Boiler\"}]},{\"@type\":\"WebSite\",\"@id\":\"https:\\\/\\\/vcycletech.com\\\/#website\",\"url\":\"https:\\\/\\\/vcycletech.com\\\/\",\"name\":\"vcycletech\",\"description\":\"China&#039;s top water treatment chemicals supplier\",\"publisher\":{\"@id\":\"https:\\\/\\\/vcycletech.com\\\/#organization\"},\"potentialAction\":[{\"@type\":\"SearchAction\",\"target\":{\"@type\":\"EntryPoint\",\"urlTemplate\":\"https:\\\/\\\/vcycletech.com\\\/?s={search_term_string}\"},\"query-input\":{\"@type\":\"PropertyValueSpecification\",\"valueRequired\":true,\"valueName\":\"search_term_string\"}}],\"inLanguage\":\"es\"},{\"@type\":\"Organization\",\"@id\":\"https:\\\/\\\/vcycletech.com\\\/#organization\",\"name\":\"vcycletech\",\"url\":\"https:\\\/\\\/vcycletech.com\\\/\",\"logo\":{\"@type\":\"ImageObject\",\"inLanguage\":\"es\",\"@id\":\"https:\\\/\\\/vcycletech.com\\\/#\\\/schema\\\/logo\\\/image\\\/\",\"url\":\"https:\\\/\\\/vcycletech.com\\\/wp-content\\\/uploads\\\/2023\\\/03\\\/logo-vcycletech-1.png\",\"contentUrl\":\"https:\\\/\\\/vcycletech.com\\\/wp-content\\\/uploads\\\/2023\\\/03\\\/logo-vcycletech-1.png\",\"width\":600,\"height\":400,\"caption\":\"vcycletech\"},\"image\":{\"@id\":\"https:\\\/\\\/vcycletech.com\\\/#\\\/schema\\\/logo\\\/image\\\/\"}}]}<\/script>\n<!-- \/ Yoast SEO Premium plugin. -->","yoast_head_json":{"title":"WT-503 Inhibidor de incrustaciones y corrosi\u00f3n para calderas - vcycletech","description":"Protect your boiler with [WT-503 Scale and Corrosion Inhibitor]! Offering impressive thermal tolerance and reliable protection at low pressures, enjoy hassle-free water treatments without ever worrying about scale or corrosion.","robots":{"index":"index","follow":"follow","max-snippet":"max-snippet:-1","max-image-preview":"max-image-preview:large","max-video-preview":"max-video-preview:-1"},"canonical":"https:\/\/vcycletech.com\/es\/producto\/wt-503-inhibidor-de-incrustaciones-y-corrosion-para-caldera\/","og_locale":"es_MX","og_type":"article","og_title":"WT-503 Scale and Corrosion Inhibitor for Boiler","og_description":"Protect your boiler with [WT-503 Scale and Corrosion Inhibitor]! Offering impressive thermal tolerance and reliable protection at low pressures, enjoy hassle-free water treatments without ever worrying about scale or corrosion.","og_url":"https:\/\/vcycletech.com\/es\/producto\/wt-503-inhibidor-de-incrustaciones-y-corrosion-para-caldera\/","og_site_name":"vcycletech","article_modified_time":"2023-03-27T04:08:52+00:00","og_image":[{"width":600,"height":600,"url":"https:\/\/vcycletech.com\/wp-content\/uploads\/2023\/03\/\u672a\u547d\u540d\u7684\u8bbe\u8ba1-1-27.png","type":"image\/png"}],"twitter_card":"summary_large_image","twitter_misc":{"Tiempo de lectura":"2 minutos"},"schema":{"@context":"https:\/\/schema.org","@graph":[{"@type":"WebPage","@id":"https:\/\/vcycletech.com\/product\/wt-503-scale-and-corrosion-inhibitor-for-boiler\/","url":"https:\/\/vcycletech.com\/product\/wt-503-scale-and-corrosion-inhibitor-for-boiler\/","name":"WT-503 Inhibidor de incrustaciones y corrosi\u00f3n para calderas - vcycletech","isPartOf":{"@id":"https:\/\/vcycletech.com\/#website"},"primaryImageOfPage":{"@id":"https:\/\/vcycletech.com\/product\/wt-503-scale-and-corrosion-inhibitor-for-boiler\/#primaryimage"},"image":{"@id":"https:\/\/vcycletech.com\/product\/wt-503-scale-and-corrosion-inhibitor-for-boiler\/#primaryimage"},"thumbnailUrl":"https:\/\/vcycletech.com\/wp-content\/uploads\/2023\/03\/\u672a\u547d\u540d\u7684\u8bbe\u8ba1-1-27.png","datePublished":"2023-03-21T14:00:29+00:00","dateModified":"2023-03-27T04:08:52+00:00","description":"Protect your boiler with [WT-503 Scale and Corrosion Inhibitor]! Offering impressive thermal tolerance and reliable protection at low pressures, enjoy hassle-free water treatments without ever worrying about scale or corrosion.","breadcrumb":{"@id":"https:\/\/vcycletech.com\/product\/wt-503-scale-and-corrosion-inhibitor-for-boiler\/#breadcrumb"},"inLanguage":"es","potentialAction":[{"@type":"ReadAction","target":["https:\/\/vcycletech.com\/product\/wt-503-scale-and-corrosion-inhibitor-for-boiler\/"]}]},{"@type":"ImageObject","inLanguage":"es","@id":"https:\/\/vcycletech.com\/product\/wt-503-scale-and-corrosion-inhibitor-for-boiler\/#primaryimage","url":"https:\/\/vcycletech.com\/wp-content\/uploads\/2023\/03\/\u672a\u547d\u540d\u7684\u8bbe\u8ba1-1-27.png","contentUrl":"https:\/\/vcycletech.com\/wp-content\/uploads\/2023\/03\/\u672a\u547d\u540d\u7684\u8bbe\u8ba1-1-27.png","width":600,"height":600,"caption":"WT-503 Scale and Corrosion Inhibitor for Boiler"},{"@type":"BreadcrumbList","@id":"https:\/\/vcycletech.com\/product\/wt-503-scale-and-corrosion-inhibitor-for-boiler\/#breadcrumb","itemListElement":[{"@type":"ListItem","position":1,"name":"Home","item":"https:\/\/vcycletech.com\/"},{"@type":"ListItem","position":2,"name":"Water Treatment Chemicals Manufacturer","item":"https:\/\/vcycletech.com\/water-treatment-chemicals-manufacturer\/"},{"@type":"ListItem","position":3,"name":"WT-503 Scale and Corrosion Inhibitor for Boiler"}]},{"@type":"WebSite","@id":"https:\/\/vcycletech.com\/#website","url":"https:\/\/vcycletech.com\/","name":"vcycletech","description":"El principal proveedor de productos qu\u00edmicos para el tratamiento del agua de China y #039;","publisher":{"@id":"https:\/\/vcycletech.com\/#organization"},"potentialAction":[{"@type":"SearchAction","target":{"@type":"EntryPoint","urlTemplate":"https:\/\/vcycletech.com\/?s={search_term_string}"},"query-input":{"@type":"PropertyValueSpecification","valueRequired":true,"valueName":"search_term_string"}}],"inLanguage":"es"},{"@type":"Organization","@id":"https:\/\/vcycletech.com\/#organization","name":"vcycletech","url":"https:\/\/vcycletech.com\/","logo":{"@type":"ImageObject","inLanguage":"es","@id":"https:\/\/vcycletech.com\/#\/schema\/logo\/image\/","url":"https:\/\/vcycletech.com\/wp-content\/uploads\/2023\/03\/logo-vcycletech-1.png","contentUrl":"https:\/\/vcycletech.com\/wp-content\/uploads\/2023\/03\/logo-vcycletech-1.png","width":600,"height":400,"caption":"vcycletech"},"image":{"@id":"https:\/\/vcycletech.com\/#\/schema\/logo\/image\/"}}]}},"_links":{"self":[{"href":"https:\/\/vcycletech.com\/es\/wp-json\/wp\/v2\/product\/1312","targetHints":{"allow":["GET"]}}],"collection":[{"href":"https:\/\/vcycletech.com\/es\/wp-json\/wp\/v2\/product"}],"about":[{"href":"https:\/\/vcycletech.com\/es\/wp-json\/wp\/v2\/types\/product"}],"wp:featuredmedia":[{"embeddable":true,"href":"https:\/\/vcycletech.com\/es\/wp-json\/wp\/v2\/media\/2829"}],"wp:attachment":[{"href":"https:\/\/vcycletech.com\/es\/wp-json\/wp\/v2\/media?parent=1312"}],"wp:term":[{"taxonomy":"product_brand","embeddable":true,"href":"https:\/\/vcycletech.com\/es\/wp-json\/wp\/v2\/product_brand?post=1312"},{"taxonomy":"product_cat","embeddable":true,"href":"https:\/\/vcycletech.com\/es\/wp-json\/wp\/v2\/product_cat?post=1312"},{"taxonomy":"product_tag","embeddable":true,"href":"https:\/\/vcycletech.com\/es\/wp-json\/wp\/v2\/product_tag?post=1312"}],"curies":[{"name":"wp","href":"https:\/\/api.w.org\/{rel}","templated":true}]}}