{"id":1310,"date":"2023-03-21T14:17:17","date_gmt":"2023-03-21T14:17:17","guid":{"rendered":"https:\/\/vcycletech.com\/?post_type=product&#038;p=1310"},"modified":"2023-03-22T06:37:26","modified_gmt":"2023-03-22T06:37:26","slug":"cetil-trimetil-amonio-cloridectac","status":"publish","type":"product","link":"https:\/\/vcycletech.com\/es\/producto\/cetil-trimetil-amonio-cloridectac\/","title":{"rendered":"Cloruro de cetiltrimetilamonio (CTAC)"},"content":{"rendered":"<h3>N\u00ba CAS 112-02-7<\/h3>\n<h3>F\u00f3rmula molecular: C19H42ClN<\/h3>\n<h3>Peso molecular: 320<\/h3>\n<h3>F\u00f3rmula estructural:<\/h3>\n<figure id=\"attachment_1320\" aria-describedby=\"caption-attachment-1320\" style=\"width: 600px\" class=\"wp-caption alignnone\"><img fetchpriority=\"high\" decoding=\"async\" class=\"size-full wp-image-1320\" src=\"https:\/\/vcycletech.com\/wp-content\/uploads\/2023\/03\/1-61.png\" alt=\"CTAC\" width=\"600\" height=\"600\" srcset=\"https:\/\/vcycletech.com\/wp-content\/uploads\/2023\/03\/1-61.png 600w, https:\/\/vcycletech.com\/wp-content\/uploads\/2023\/03\/1-61-100x100.png 100w, https:\/\/vcycletech.com\/wp-content\/uploads\/2023\/03\/1-61-300x300.png 300w, https:\/\/vcycletech.com\/wp-content\/uploads\/2023\/03\/1-61-150x150.png 150w\" sizes=\"(max-width: 600px) 100vw, 600px\" \/><figcaption id=\"caption-attachment-1320\" class=\"wp-caption-text\">CTAC<\/figcaption><\/figure>\n<h3>Especificaci\u00f3n:<\/h3>\n<div id=\"footable_parent_1323\"\n         class=\"footable_parent ninja_table_wrapper loading_ninja_table wp_table_data_press_parent semantic_ui\">\n                <table data-ninja_table_instance=\"ninja_table_instance_0\" data-footable_id=\"1323\" data-filter-delay=\"1000\" aria-label=\"Cloruro de cetiltrimetilamonio (CTAC).csv\"            id=\"footable_1323\"\n           data-unique_identifier=\"ninja_table_unique_id_2848152743_1323\"\n           class=\"foo-table ninja_footable foo_table_1323 ninja_table_unique_id_2848152743_1323 ui table  nt_type_legacy_table selectable striped vertical_centered  footable-paging-right ninja_table_pro\">\n                <colgroup>\n                            <col class=\"ninja_column_0\">\n                            <col class=\"ninja_column_1\">\n                            <col class=\"ninja_column_2\">\n                    <\/colgroup>\n        <thead>\n<tr class=\"footable-header\">\n                                                        <th scope=\"col\"  class=\"ninja_column_0 ninja_clmn_nm_items\">Elementos<\/th><th scope=\"col\"  class=\"ninja_column_1 ninja_clmn_nm_index\">\u00cdndice<\/th><th scope=\"col\"  class=\"ninja_column_2 ninja_clmn_nm_ninja_column_3\"><\/th><\/tr>\n<\/thead>\n<tbody>\n\n        <tr data-row_id=\"333\" class=\"ninja_table_row_0 nt_row_id_333\">\n            <td>Apariencia<\/td><td>L\u00edquido incoloro a amarillo p\u00e1lido<\/td><td>Incoloro a amarillo p\u00e1lido crema o s\u00f3lido<\/td>        <\/tr>\n            <tr data-row_id=\"334\" class=\"ninja_table_row_1 nt_row_id_334\">\n            <td>Contenido activo, %<\/td><td>48-52<\/td><td>68-72<\/td>        <\/tr>\n            <tr data-row_id=\"335\" class=\"ninja_table_row_2 nt_row_id_335\">\n            <td>PH (soluci\u00f3n de agua 10%)<\/td><td>4.0-9.0<\/td><td>4.0-9.0<\/td>        <\/tr>\n            <tr data-row_id=\"336\" class=\"ninja_table_row_3 nt_row_id_336\">\n            <td>Amina libre, %<\/td><td>1,5 m\u00e1x.<\/td><td>2.0 m\u00e1x.<\/td>        <\/tr>\n            <tr data-row_id=\"337\" class=\"ninja_table_row_4 nt_row_id_337\">\n            <td>Color (APHA)<\/td><td>150 m\u00e1x.<\/td><td>150 m\u00e1x.<\/td>        <\/tr>\n    <\/tbody><!--ninja_tobody_rendering_done-->\n    <\/table>\n    \n    \n    \n<\/div>\n\n<h3>Propiedades CTAC:<\/h3>\n<p><strong>Cloruro de cetiltrimetilamonio (CTAC)<\/strong> es un surfactante cati\u00f3nico, soluble en agua, metanol y etanol, lo que lo convierte en una opci\u00f3n ideal para una variedad de aplicaciones. Se puede utilizar como suavizante y acondicionador para el cabello, as\u00ed como en revestimientos impermeables, fibras naturales, fibras sint\u00e9ticas e incluso fibras de vidrio. Este producto exhibe una fuerte estabilidad qu\u00edmica, resistencia al calor y resistencia a la luz.<\/p>\n<p>Adem\u00e1s, CTAC tambi\u00e9n tiene una excelente permeabilidad, suavidad, capacidad de emulsificaci\u00f3n y propiedades antielectrost\u00e1ticas, a la vez que proporciona una buena resistencia a \u00e1cidos y \u00e1lcalis. Adem\u00e1s, este producto ofrece excelentes caracter\u00edsticas bactericidas.<\/p>\n<h3>Uso de CTAC:<\/h3>\n<p><strong>Cloruro de cetiltrimetilamonio (CTAC)<\/strong> es ideal para usar en diversas aplicaciones de champ\u00fa, cuidado del cabello, revestimiento arquitect\u00f3nico y suavizante de telas. Adem\u00e1s, se puede utilizar en los campos del petr\u00f3leo, la fabricaci\u00f3n de papel y el procesamiento de alimentos, y ofrece excelentes propiedades bactericidas para el tratamiento c\u00edclico del agua de refrigeraci\u00f3n.<\/p>\n<p>CTAC tambi\u00e9n es un agente emulsionante eficaz para el aceite de silicona, un acondicionador emulsionante para el cabello y un suavizante de fibras con un excelente rendimiento antiest\u00e1tico. Adem\u00e1s, este producto se puede utilizar para suavizar y aislar papel como agente de ajuste de lavado (agente de enjuague para el cabello) y acondicionador para el cabello en la industria del decapado.<\/p>\n<h3>Paquete y almacenamiento:<\/h3>\n<p><strong>Cloruro de cetiltrimetilamonio (CTAC)<\/strong> debe sellarse herm\u00e9ticamente y almacenarse de forma segura en un lugar fresco y seco. Se recomienda evitar la luz solar directa, la humedad y otros factores que puedan afectar negativamente su calidad. Adicionalmente, se recomienda utilizar recipientes que no sean altamente reactivos a este producto para fines de almacenamiento. Bid\u00f3n pl\u00e1stico de 200L, IBC(1000L), requerimiento del cliente. Almacenamiento durante un a\u00f1o en lugar sombr\u00edo y lugar seco.<\/p>\n<h3>Medida de seguridad:<\/h3>\n<p><strong>Cloruro de cetiltrimetilamonio (CTAC)<\/strong> ofrece un ligero olor a almendras y no irrita visiblemente la piel. En caso de contacto, enjuagar inmediatamente con abundante agua.<\/p>\n<h3>Sin\u00f3nimos:<\/h3>\n<p>1631<br \/>\nCloruro de N-hexadeciltrimetilamonio<br \/>\nCloruro de trimetilhexadecilamonio<br \/>\nCloruro de amonio trimetil-1-hexadecano<br \/>\n1-hexadecanaminio, N,N, N-trimetil-, cloruro<\/p>\n<h3>Preguntas frecuentes sobre CTAC:<\/h3>\n<p><strong>\u00bfQu\u00e9 es el cloruro de cetiltrimetilamonio (CTAC)?<\/strong><br \/>\nEl cloruro de cetiltrimetilamonio (CTAC) es una sal org\u00e1nica de amonio cuaternario compuesta por un cati\u00f3n de alquiltrimetilamonio de cadena larga y un ani\u00f3n cloruro. Se utiliza principalmente como agente tensioactivo, antiest\u00e1tico y biocida en productos qu\u00edmicos para el tratamiento del agua.<\/p>\n<p><strong>\u00bfCu\u00e1les son los beneficios de usar CTAC para el tratamiento del agua?<\/strong><br \/>\nEl uso de CTAC para el tratamiento del agua puede ayudar a reducir la tensi\u00f3n superficial del agua, mejorar las caracter\u00edsticas de solubilidad y aumentar la eficiencia de los procesos qu\u00edmicos. Tambi\u00e9n act\u00faa como un biocida efectivo contra bacterias, hongos, algas y otros microorganismos sin causar da\u00f1o a los humanos o la vida acu\u00e1tica.<\/p>\n<p><strong>\u00bfEs seguro usar CTAC en agua potable?<\/strong><br \/>\nS\u00ed, CTAC se considera seguro para su uso en agua potable cuando se usa en concentraciones aprobadas.<\/p>\n<p><strong>\u00bfC\u00f3mo funciona CTAC como surfactante?<\/strong><br \/>\nCTAC act\u00faa como un tensioactivo debido a su estructura anfif\u00edlica: contiene partes hidrof\u00f3bicas (repelentes al agua) e hidrof\u00edlicas (que atraen el agua). La porci\u00f3n hidrof\u00f3bica ayuda a reducir la tensi\u00f3n superficial del agua, mientras que la porci\u00f3n hidrof\u00edlica aumenta sus caracter\u00edsticas de solubilidad. Esto le permite ser efectivo para descomponer las mol\u00e9culas de suciedad y aceite en part\u00edculas m\u00e1s peque\u00f1as que luego se pueden eliminar m\u00e1s f\u00e1cilmente del \u00e1rea tratada.<\/p>\n<p><a href=\"https:\/\/vcycletech.com\/es\/tensoactivo-cationico\/\"><strong>Obtenga la soluci\u00f3n completa de surfactante cati\u00f3nico.<\/strong><\/a><\/p>","protected":false},"excerpt":{"rendered":"<p>CTAC es una sal de amonio cuaternario con excelentes propiedades humectantes, detergentes y emulsionantes. Se utiliza como un qu\u00edmico de tratamiento de agua para aplicaciones industriales. CTAC puede usarse en agua de calderas, torres de enfriamiento, aguas de proceso y otras aguas dif\u00edciles de tratar donde se requiere inhibici\u00f3n de incrustaciones y corrosi\u00f3n. CTAC tiene baja toxicidad y buena compatibilidad ambiental. Tambi\u00e9n est\u00e1 disponible en forma l\u00edquida para facilitar su manejo.<\/p>\n<p>Si buscas calidad <strong>Cloruro de cetiltrimetilamonio (CTAC)<\/strong> para productos qu\u00edmicos para el tratamiento del agua, no busque m\u00e1s all\u00e1 de nuestra f\u00e1brica en China. Ofrecemos los mejores productos al menor precio posible.<\/p>","protected":false},"featured_media":1316,"template":"","meta":{"site-sidebar-layout":"default","site-content-layout":"default","ast-site-content-layout":"default","site-content-style":"default","site-sidebar-style":"default","ast-global-header-display":"","ast-banner-title-visibility":"","ast-main-header-display":"","ast-hfb-above-header-display":"","ast-hfb-below-header-display":"","ast-hfb-mobile-header-display":"","site-post-title":"","ast-breadcrumbs-content":"","ast-featured-img":"","footer-sml-layout":"","ast-disable-related-posts":"","theme-transparent-header-meta":"default","adv-header-id-meta":"","stick-header-meta":"default","header-above-stick-meta":"","header-main-stick-meta":"","header-below-stick-meta":"","astra-migrate-meta-layouts":"default","ast-page-background-enabled":"default","ast-page-background-meta":{"desktop":{"background-color":"","background-image":"","background-repeat":"repeat","background-position":"center center","background-size":"auto","background-attachment":"scroll","background-type":"","background-media":"","overlay-type":"","overlay-color":"","overlay-opacity":"","overlay-gradient":""},"tablet":{"background-color":"","background-image":"","background-repeat":"repeat","background-position":"center center","background-size":"auto","background-attachment":"scroll","background-type":"","background-media":"","overlay-type":"","overlay-color":"","overlay-opacity":"","overlay-gradient":""},"mobile":{"background-color":"","background-image":"","background-repeat":"repeat","background-position":"center center","background-size":"auto","background-attachment":"scroll","background-type":"","background-media":"","overlay-type":"","overlay-color":"","overlay-opacity":"","overlay-gradient":""}},"ast-content-background-meta":{"desktop":{"background-color":"var(--ast-global-color-5)","background-image":"","background-repeat":"repeat","background-position":"center center","background-size":"auto","background-attachment":"scroll","background-type":"","background-media":"","overlay-type":"","overlay-color":"","overlay-opacity":"","overlay-gradient":""},"tablet":{"background-color":"var(--ast-global-color-5)","background-image":"","background-repeat":"repeat","background-position":"center center","background-size":"auto","background-attachment":"scroll","background-type":"","background-media":"","overlay-type":"","overlay-color":"","overlay-opacity":"","overlay-gradient":""},"mobile":{"background-color":"var(--ast-global-color-5)","background-image":"","background-repeat":"repeat","background-position":"center center","background-size":"auto","background-attachment":"scroll","background-type":"","background-media":"","overlay-type":"","overlay-color":"","overlay-opacity":"","overlay-gradient":""}}},"product_brand":[],"product_cat":[33],"product_tag":[],"class_list":{"0":"post-1310","1":"product","2":"type-product","3":"status-publish","4":"has-post-thumbnail","6":"product_cat-cationic-surfactant-list","7":"desktop-align-left","8":"tablet-align-left","9":"mobile-align-left","10":"ast-product-gallery-layout-horizontal-slider","11":"ast-product-tabs-layout-horizontal","13":"first","14":"instock","15":"shipping-taxable","16":"product-type-simple"},"yoast_head":"<!-- This site is optimized with the Yoast SEO Premium plugin v26.3 (Yoast SEO v27.3) - https:\/\/yoast.com\/product\/yoast-seo-premium-wordpress\/ -->\n<title>Cetyl Trimethyl Ammonium Chloride(CTAC) - vcycletech<\/title>\n<meta name=\"description\" content=\"Cetyl Trimethyl Ammonium Chloride (CTAC) is an effective water treatment and conditioning chemical, commonly used for swimming pools, spas, and industrial water sources. Its properties make it a powerful flocculant that can aid in the removal of various toxins and impurities from the water, helping to keep it clean and safe for use.\" \/>\n<meta name=\"robots\" content=\"index, follow, max-snippet:-1, max-image-preview:large, max-video-preview:-1\" \/>\n<link rel=\"canonical\" href=\"https:\/\/vcycletech.com\/es\/producto\/cetil-trimetil-amonio-cloridectac\/\" \/>\n<meta property=\"og:locale\" content=\"es_MX\" \/>\n<meta property=\"og:type\" content=\"article\" \/>\n<meta property=\"og:title\" content=\"Cetyl Trimethyl Ammonium Chloride(CTAC)\" \/>\n<meta property=\"og:description\" content=\"Cetyl Trimethyl Ammonium Chloride (CTAC) is an effective water treatment and conditioning chemical, commonly used for swimming pools, spas, and industrial water sources. Its properties make it a powerful flocculant that can aid in the removal of various toxins and impurities from the water, helping to keep it clean and safe for use.\" \/>\n<meta property=\"og:url\" content=\"https:\/\/vcycletech.com\/es\/producto\/cetil-trimetil-amonio-cloridectac\/\" \/>\n<meta property=\"og:site_name\" content=\"vcycletech\" \/>\n<meta property=\"article:modified_time\" content=\"2023-03-22T06:37:26+00:00\" \/>\n<meta property=\"og:image\" content=\"https:\/\/vcycletech.com\/wp-content\/uploads\/2023\/03\/\u672a\u547d\u540d\u7684\u8bbe\u8ba1-2-12.png\" \/>\n\t<meta property=\"og:image:width\" content=\"600\" \/>\n\t<meta property=\"og:image:height\" content=\"600\" \/>\n\t<meta property=\"og:image:type\" content=\"image\/png\" \/>\n<meta name=\"twitter:card\" content=\"summary_large_image\" \/>\n<meta name=\"twitter:label1\" content=\"Tiempo de lectura\" \/>\n\t<meta name=\"twitter:data1\" content=\"3 minutos\" \/>\n<script type=\"application\/ld+json\" class=\"yoast-schema-graph\">{\"@context\":\"https:\\\/\\\/schema.org\",\"@graph\":[{\"@type\":\"WebPage\",\"@id\":\"https:\\\/\\\/vcycletech.com\\\/product\\\/cetyl-trimethyl-ammonium-chloridectac\\\/\",\"url\":\"https:\\\/\\\/vcycletech.com\\\/product\\\/cetyl-trimethyl-ammonium-chloridectac\\\/\",\"name\":\"Cetyl Trimethyl Ammonium Chloride(CTAC) - vcycletech\",\"isPartOf\":{\"@id\":\"https:\\\/\\\/vcycletech.com\\\/#website\"},\"primaryImageOfPage\":{\"@id\":\"https:\\\/\\\/vcycletech.com\\\/product\\\/cetyl-trimethyl-ammonium-chloridectac\\\/#primaryimage\"},\"image\":{\"@id\":\"https:\\\/\\\/vcycletech.com\\\/product\\\/cetyl-trimethyl-ammonium-chloridectac\\\/#primaryimage\"},\"thumbnailUrl\":\"https:\\\/\\\/vcycletech.com\\\/wp-content\\\/uploads\\\/2023\\\/03\\\/\u672a\u547d\u540d\u7684\u8bbe\u8ba1-2-12.png\",\"datePublished\":\"2023-03-21T14:17:17+00:00\",\"dateModified\":\"2023-03-22T06:37:26+00:00\",\"description\":\"Cetyl Trimethyl Ammonium Chloride (CTAC) is an effective water treatment and conditioning chemical, commonly used for swimming pools, spas, and industrial water sources. Its properties make it a powerful flocculant that can aid in the removal of various toxins and impurities from the water, helping to keep it clean and safe for use.\",\"breadcrumb\":{\"@id\":\"https:\\\/\\\/vcycletech.com\\\/product\\\/cetyl-trimethyl-ammonium-chloridectac\\\/#breadcrumb\"},\"inLanguage\":\"es\",\"potentialAction\":[{\"@type\":\"ReadAction\",\"target\":[\"https:\\\/\\\/vcycletech.com\\\/product\\\/cetyl-trimethyl-ammonium-chloridectac\\\/\"]}]},{\"@type\":\"ImageObject\",\"inLanguage\":\"es\",\"@id\":\"https:\\\/\\\/vcycletech.com\\\/product\\\/cetyl-trimethyl-ammonium-chloridectac\\\/#primaryimage\",\"url\":\"https:\\\/\\\/vcycletech.com\\\/wp-content\\\/uploads\\\/2023\\\/03\\\/\u672a\u547d\u540d\u7684\u8bbe\u8ba1-2-12.png\",\"contentUrl\":\"https:\\\/\\\/vcycletech.com\\\/wp-content\\\/uploads\\\/2023\\\/03\\\/\u672a\u547d\u540d\u7684\u8bbe\u8ba1-2-12.png\",\"width\":600,\"height\":600,\"caption\":\"Cetyl Trimethyl Ammonium Chloride(CTAC)\"},{\"@type\":\"BreadcrumbList\",\"@id\":\"https:\\\/\\\/vcycletech.com\\\/product\\\/cetyl-trimethyl-ammonium-chloridectac\\\/#breadcrumb\",\"itemListElement\":[{\"@type\":\"ListItem\",\"position\":1,\"name\":\"Home\",\"item\":\"https:\\\/\\\/vcycletech.com\\\/\"},{\"@type\":\"ListItem\",\"position\":2,\"name\":\"Water Treatment Chemicals Manufacturer\",\"item\":\"https:\\\/\\\/vcycletech.com\\\/water-treatment-chemicals-manufacturer\\\/\"},{\"@type\":\"ListItem\",\"position\":3,\"name\":\"Cetyl Trimethyl Ammonium Chloride(CTAC)\"}]},{\"@type\":\"WebSite\",\"@id\":\"https:\\\/\\\/vcycletech.com\\\/#website\",\"url\":\"https:\\\/\\\/vcycletech.com\\\/\",\"name\":\"vcycletech\",\"description\":\"China&#039;s top water treatment chemicals supplier\",\"publisher\":{\"@id\":\"https:\\\/\\\/vcycletech.com\\\/#organization\"},\"potentialAction\":[{\"@type\":\"SearchAction\",\"target\":{\"@type\":\"EntryPoint\",\"urlTemplate\":\"https:\\\/\\\/vcycletech.com\\\/?s={search_term_string}\"},\"query-input\":{\"@type\":\"PropertyValueSpecification\",\"valueRequired\":true,\"valueName\":\"search_term_string\"}}],\"inLanguage\":\"es\"},{\"@type\":\"Organization\",\"@id\":\"https:\\\/\\\/vcycletech.com\\\/#organization\",\"name\":\"vcycletech\",\"url\":\"https:\\\/\\\/vcycletech.com\\\/\",\"logo\":{\"@type\":\"ImageObject\",\"inLanguage\":\"es\",\"@id\":\"https:\\\/\\\/vcycletech.com\\\/#\\\/schema\\\/logo\\\/image\\\/\",\"url\":\"https:\\\/\\\/vcycletech.com\\\/wp-content\\\/uploads\\\/2023\\\/03\\\/logo-vcycletech-1.png\",\"contentUrl\":\"https:\\\/\\\/vcycletech.com\\\/wp-content\\\/uploads\\\/2023\\\/03\\\/logo-vcycletech-1.png\",\"width\":600,\"height\":400,\"caption\":\"vcycletech\"},\"image\":{\"@id\":\"https:\\\/\\\/vcycletech.com\\\/#\\\/schema\\\/logo\\\/image\\\/\"}}]}<\/script>\n<!-- \/ Yoast SEO Premium plugin. -->","yoast_head_json":{"title":"Cloruro de cetiltrimetilamonio (CTAC) - vcycletech","description":"El cloruro de cetiltrimetilamonio (CTAC) es un producto qu\u00edmico eficaz para el tratamiento y acondicionamiento del agua, com\u00fanmente utilizado para piscinas, spas y fuentes de agua industriales. Sus propiedades lo convierten en un poderoso floculante que puede ayudar a eliminar varias toxinas e impurezas del agua, ayudando a mantenerla limpia y segura para su uso.","robots":{"index":"index","follow":"follow","max-snippet":"max-snippet:-1","max-image-preview":"max-image-preview:large","max-video-preview":"max-video-preview:-1"},"canonical":"https:\/\/vcycletech.com\/es\/producto\/cetil-trimetil-amonio-cloridectac\/","og_locale":"es_MX","og_type":"article","og_title":"Cetyl Trimethyl Ammonium Chloride(CTAC)","og_description":"Cetyl Trimethyl Ammonium Chloride (CTAC) is an effective water treatment and conditioning chemical, commonly used for swimming pools, spas, and industrial water sources. Its properties make it a powerful flocculant that can aid in the removal of various toxins and impurities from the water, helping to keep it clean and safe for use.","og_url":"https:\/\/vcycletech.com\/es\/producto\/cetil-trimetil-amonio-cloridectac\/","og_site_name":"vcycletech","article_modified_time":"2023-03-22T06:37:26+00:00","og_image":[{"width":600,"height":600,"url":"https:\/\/vcycletech.com\/wp-content\/uploads\/2023\/03\/\u672a\u547d\u540d\u7684\u8bbe\u8ba1-2-12.png","type":"image\/png"}],"twitter_card":"summary_large_image","twitter_misc":{"Tiempo de lectura":"3 minutos"},"schema":{"@context":"https:\/\/schema.org","@graph":[{"@type":"WebPage","@id":"https:\/\/vcycletech.com\/product\/cetyl-trimethyl-ammonium-chloridectac\/","url":"https:\/\/vcycletech.com\/product\/cetyl-trimethyl-ammonium-chloridectac\/","name":"Cloruro de cetiltrimetilamonio (CTAC) - vcycletech","isPartOf":{"@id":"https:\/\/vcycletech.com\/#website"},"primaryImageOfPage":{"@id":"https:\/\/vcycletech.com\/product\/cetyl-trimethyl-ammonium-chloridectac\/#primaryimage"},"image":{"@id":"https:\/\/vcycletech.com\/product\/cetyl-trimethyl-ammonium-chloridectac\/#primaryimage"},"thumbnailUrl":"https:\/\/vcycletech.com\/wp-content\/uploads\/2023\/03\/\u672a\u547d\u540d\u7684\u8bbe\u8ba1-2-12.png","datePublished":"2023-03-21T14:17:17+00:00","dateModified":"2023-03-22T06:37:26+00:00","description":"El cloruro de cetiltrimetilamonio (CTAC) es un producto qu\u00edmico eficaz para el tratamiento y acondicionamiento del agua, com\u00fanmente utilizado para piscinas, spas y fuentes de agua industriales. Sus propiedades lo convierten en un poderoso floculante que puede ayudar a eliminar varias toxinas e impurezas del agua, ayudando a mantenerla limpia y segura para su uso.","breadcrumb":{"@id":"https:\/\/vcycletech.com\/product\/cetyl-trimethyl-ammonium-chloridectac\/#breadcrumb"},"inLanguage":"es","potentialAction":[{"@type":"ReadAction","target":["https:\/\/vcycletech.com\/product\/cetyl-trimethyl-ammonium-chloridectac\/"]}]},{"@type":"ImageObject","inLanguage":"es","@id":"https:\/\/vcycletech.com\/product\/cetyl-trimethyl-ammonium-chloridectac\/#primaryimage","url":"https:\/\/vcycletech.com\/wp-content\/uploads\/2023\/03\/\u672a\u547d\u540d\u7684\u8bbe\u8ba1-2-12.png","contentUrl":"https:\/\/vcycletech.com\/wp-content\/uploads\/2023\/03\/\u672a\u547d\u540d\u7684\u8bbe\u8ba1-2-12.png","width":600,"height":600,"caption":"Cetyl Trimethyl Ammonium Chloride(CTAC)"},{"@type":"BreadcrumbList","@id":"https:\/\/vcycletech.com\/product\/cetyl-trimethyl-ammonium-chloridectac\/#breadcrumb","itemListElement":[{"@type":"ListItem","position":1,"name":"Home","item":"https:\/\/vcycletech.com\/"},{"@type":"ListItem","position":2,"name":"Water Treatment Chemicals Manufacturer","item":"https:\/\/vcycletech.com\/water-treatment-chemicals-manufacturer\/"},{"@type":"ListItem","position":3,"name":"Cetyl Trimethyl Ammonium Chloride(CTAC)"}]},{"@type":"WebSite","@id":"https:\/\/vcycletech.com\/#website","url":"https:\/\/vcycletech.com\/","name":"vcycletech","description":"El principal proveedor de productos qu\u00edmicos para el tratamiento del agua de China y #039;","publisher":{"@id":"https:\/\/vcycletech.com\/#organization"},"potentialAction":[{"@type":"SearchAction","target":{"@type":"EntryPoint","urlTemplate":"https:\/\/vcycletech.com\/?s={search_term_string}"},"query-input":{"@type":"PropertyValueSpecification","valueRequired":true,"valueName":"search_term_string"}}],"inLanguage":"es"},{"@type":"Organization","@id":"https:\/\/vcycletech.com\/#organization","name":"vcycletech","url":"https:\/\/vcycletech.com\/","logo":{"@type":"ImageObject","inLanguage":"es","@id":"https:\/\/vcycletech.com\/#\/schema\/logo\/image\/","url":"https:\/\/vcycletech.com\/wp-content\/uploads\/2023\/03\/logo-vcycletech-1.png","contentUrl":"https:\/\/vcycletech.com\/wp-content\/uploads\/2023\/03\/logo-vcycletech-1.png","width":600,"height":400,"caption":"vcycletech"},"image":{"@id":"https:\/\/vcycletech.com\/#\/schema\/logo\/image\/"}}]}},"_links":{"self":[{"href":"https:\/\/vcycletech.com\/es\/wp-json\/wp\/v2\/product\/1310","targetHints":{"allow":["GET"]}}],"collection":[{"href":"https:\/\/vcycletech.com\/es\/wp-json\/wp\/v2\/product"}],"about":[{"href":"https:\/\/vcycletech.com\/es\/wp-json\/wp\/v2\/types\/product"}],"wp:featuredmedia":[{"embeddable":true,"href":"https:\/\/vcycletech.com\/es\/wp-json\/wp\/v2\/media\/1316"}],"wp:attachment":[{"href":"https:\/\/vcycletech.com\/es\/wp-json\/wp\/v2\/media?parent=1310"}],"wp:term":[{"taxonomy":"product_brand","embeddable":true,"href":"https:\/\/vcycletech.com\/es\/wp-json\/wp\/v2\/product_brand?post=1310"},{"taxonomy":"product_cat","embeddable":true,"href":"https:\/\/vcycletech.com\/es\/wp-json\/wp\/v2\/product_cat?post=1310"},{"taxonomy":"product_tag","embeddable":true,"href":"https:\/\/vcycletech.com\/es\/wp-json\/wp\/v2\/product_tag?post=1310"}],"curies":[{"name":"wp","href":"https:\/\/api.w.org\/{rel}","templated":true}]}}