{"id":1296,"date":"2023-03-21T13:45:11","date_gmt":"2023-03-21T13:45:11","guid":{"rendered":"https:\/\/vcycletech.com\/?post_type=product&#038;p=1296"},"modified":"2023-03-27T04:12:26","modified_gmt":"2023-03-27T04:12:26","slug":"wt-907-non-p-scale-corrosion-inhibitor","status":"publish","type":"product","link":"https:\/\/vcycletech.com\/es\/producto\/wt-907-non-p-scale-corrosion-inhibitor\/","title":{"rendered":"Inhibidor de incrustaciones y corrosi\u00f3n WT-907 no P"},"content":{"rendered":"<h3 id=\"introduction_2\" class=\"xsj_heading_hash xsj_heading xsj_heading_h2\" data-source-line=\"6\" data-source-line-display=\"true\"><span class=\"xsj_heading_content\">Introducci\u00f3n:<\/span><\/h3>\n<p class=\"xsj_paragraph xsj_paragraph_level_0\" data-source-line=\"7\" data-source-line-display=\"true\">El<strong> Inhibidor de corrosi\u00f3n e incrustaciones no p WT-907<\/strong> es un producto revolucionario para el tratamiento de aguas residuales. Su formulaci\u00f3n \u00fanica evita la acumulaci\u00f3n de sales de calcio, magnesio y hierro en las superficies mojadas, lo que ayuda a prolongar la vida \u00fatil del equipo y reducir la corrosi\u00f3n. Este potente producto ofrece numerosas ventajas, lo que lo convierte en la elecci\u00f3n perfecta para muchas aplicaciones de tratamiento de aguas residuales.<\/p>\n<div class=\"xiaoshujiang_element xsj_anchor\"><a class=\"blank_anchor_name\" name=\"features_3\"><\/a><a id=\"features_3\" class=\"blank_anchor_id\"><\/a><a class=\"blank_anchor_name\" name=\"features\"><\/a><a id=\"features\" class=\"blank_anchor_id\"><\/a><\/div>\n<h3 id=\"features_3\" class=\"xsj_heading_hash xsj_heading xsj_heading_h2\" data-source-line=\"9\" data-source-line-display=\"true\"><span class=\"xsj_heading_content\">Caracter\u00edsticas:<\/span><\/h3>\n<p class=\"xsj_paragraph xsj_paragraph_level_0\" data-source-line=\"11\" data-source-line-display=\"true\"><strong>Inhibidor de corrosi\u00f3n e incrustaciones no p WT-907<\/strong> tienen varias ventajas sobre otros productos. Se puede usar en rangos de pH neutro y \u00e1cido y aun as\u00ed proteger de manera efectiva contra el sarro, la oxidaci\u00f3n y la corrosi\u00f3n. Tambi\u00e9n reduce las dosis qu\u00edmicas porque reduce la utilizaci\u00f3n de bactericidas mientras elimina los s\u00f3lidos sedimentados. Esto ayuda a minimizar el riesgo de crecimiento microbiano en los sistemas de aguas residuales. Adem\u00e1s, WT-907 evita que el material org\u00e1nico se adhiera a las superficies, lo que facilita la limpieza.<\/p>\n<div class=\"xiaoshujiang_element xsj_anchor\"><a class=\"blank_anchor_name\" name=\"applications_4\"><\/a><a id=\"applications_4\" class=\"blank_anchor_id\"><\/a><a class=\"blank_anchor_name\" name=\"applications\"><\/a><a id=\"applications\" class=\"blank_anchor_id\"><\/a><\/div>\n<h3 id=\"applications_4\" class=\"xsj_heading_hash xsj_heading xsj_heading_h2\" data-source-line=\"13\" data-source-line-display=\"true\"><span class=\"xsj_heading_content\">Aplicaciones:<\/span><\/h3>\n<p class=\"xsj_paragraph xsj_paragraph_level_0\" data-source-line=\"15\" data-source-line-display=\"true\"><strong>Inhibidor de corrosi\u00f3n e incrustaciones no p WT-907<\/strong> se puede utilizar en diversas aplicaciones, incluidas torres de refrigeraci\u00f3n, calderas, calentadores de agua, condensadores evaporativos, sistemas de riego, l\u00edneas de proceso, sistemas de \u00f3smosis inversa, etc. Es ideal para industrias como plantas de producci\u00f3n\/procesamiento de petr\u00f3leo y gas; plantas de energ\u00eda; refiner\u00edas; f\u00e1bricas de papel; instalaciones de procesamiento de alimentos; instalaciones de fabricaci\u00f3n de productos farmac\u00e9uticos; hospitales; sitios agr\u00edcolas; edificios comerciales; etc.<\/p>\n<h3>Especificaci\u00f3n:<\/h3>\n<table>\n<tbody>\n<tr>\n<td width=\"204\">Elementos<\/td>\n<td width=\"315\">\u00cdndice<\/td>\n<\/tr>\n<tr>\n<td width=\"204\">Apariencia<\/td>\n<td width=\"315\">Soluci\u00f3n de \u00e1mbar oscuro<\/td>\n<\/tr>\n<tr>\n<td width=\"204\">Contenido solido %<\/td>\n<td width=\"315\">30.0min<\/td>\n<\/tr>\n<tr>\n<td width=\"204\">pH\uff081\uff05 soluci\u00f3n\uff09<\/td>\n<td width=\"315\">2.0-3.0<\/td>\n<\/tr>\n<tr>\n<td width=\"204\">Densidad (20 \u2103) g\/cm3<\/td>\n<td width=\"315\">1,10 min<\/td>\n<\/tr>\n<\/tbody>\n<\/table>\n<div class=\"xiaoshujiang_element xsj_anchor\"><a class=\"blank_anchor_name\" name=\"faqs_5\"><\/a><a id=\"faqs_5\" class=\"blank_anchor_id\"><\/a><a class=\"blank_anchor_name\" name=\"faqs\"><\/a><a id=\"faqs\" class=\"blank_anchor_id\"><\/a><\/div>\n<h3 id=\"faqs_5\" class=\"xsj_heading_hash xsj_heading xsj_heading_h2\" data-source-line=\"17\" data-source-line-display=\"true\"><span class=\"xsj_heading_content\">Preguntas frecuentes:<\/span><\/h3>\n<div class=\"xiaoshujiang_element xsj_anchor\"><a class=\"blank_anchor_name\" name=\"120what20are20the20benefits20of20using20wt-907_6\"><\/a><a id=\"120what20are20the20benefits20of20using20wt-907_6\" class=\"blank_anchor_id\"><\/a><a class=\"blank_anchor_name\" name=\"1-what-are-the-benefits-of-using-wt-907\"><\/a><a id=\"1-what-are-the-benefits-of-using-wt-907\" class=\"blank_anchor_id\"><\/a><\/div>\n<p id=\"120what20are20the20benefits20of20using20wt-907_6\" class=\"xsj_heading_hash xsj_heading xsj_heading_h3\" data-source-line=\"19\" data-source-line-display=\"true\"><strong><span class=\"xsj_heading_content\">P1: \u00bfCu\u00e1les son los beneficios de usar WT-907?<\/span><\/strong><\/p>\n<p class=\"xsj_paragraph xsj_paragraph_level_0\" data-source-line=\"21\" data-source-line-display=\"true\">Los principales beneficios incluyen la reducci\u00f3n de incrustaciones en las superficies mojadas, la extensi\u00f3n de la vida \u00fatil del equipo a trav\u00e9s de la reducci\u00f3n de los niveles de corrosi\u00f3n, la reducci\u00f3n de las dosis de productos qu\u00edmicos debido a su capacidad para disminuir la utilizaci\u00f3n de bactericidas mientras elimina los s\u00f3lidos sedimentados y la minimizaci\u00f3n del crecimiento microbiano en los sistemas de aguas residuales debido a sus capacidades no p.<\/p>\n<div class=\"xiaoshujiang_element xsj_anchor\"><a class=\"blank_anchor_name\" name=\"220is20wt-90720suitable20for20use20across20multiple20ph20ranges_7\"><\/a><a id=\"220is20wt-90720suitable20for20use20across20multiple20ph20ranges_7\" class=\"blank_anchor_id\"><\/a><a class=\"blank_anchor_name\" name=\"2-is-wt-907-suitable-for-use-across-multiple-ph-ranges\"><\/a><a id=\"2-is-wt-907-suitable-for-use-across-multiple-ph-ranges\" class=\"blank_anchor_id\"><\/a><\/div>\n<p id=\"220is20wt-90720suitable20for20use20across20multiple20ph20ranges_7\" class=\"xsj_heading_hash xsj_heading xsj_heading_h3\" data-source-line=\"23\" data-source-line-display=\"true\"><strong><span class=\"xsj_heading_content\">P2:\u00bfEl WT-907 es adecuado para su uso en m\u00faltiples rangos de pH?<\/span><\/strong><\/p>\n<p class=\"xsj_paragraph xsj_paragraph_level_0\" data-source-line=\"25\" data-source-line-display=\"true\">\u00a1S\u00ed! WT-907 est\u00e1 dise\u00f1ado para usarse en rangos de pH neutro y \u00e1cido, lo que lo hace muy vers\u00e1til para diferentes aplicaciones.<\/p>\n<div class=\"xiaoshujiang_element xsj_anchor\"><a class=\"blank_anchor_name\" name=\"320what20types20of20industries20can20benefit20from20using20wt-907_8\"><\/a><a id=\"320what20types20of20industries20can20benefit20from20using20wt-907_8\" class=\"blank_anchor_id\"><\/a><a class=\"blank_anchor_name\" name=\"3-what-types-of-industries-can-benefit-from-using-wt-907\"><\/a><a id=\"3-what-types-of-industries-can-benefit-from-using-wt-907\" class=\"blank_anchor_id\"><\/a><\/div>\n<p id=\"320what20types20of20industries20can20benefit20from20using20wt-907_8\" class=\"xsj_heading_hash xsj_heading xsj_heading_h3\" data-source-line=\"27\" data-source-line-display=\"true\"><strong><span class=\"xsj_heading_content\">P3:\u00bfQu\u00e9 tipos de industrias pueden beneficiarse del uso de WT-907?<\/span><\/strong><\/p>\n<p class=\"xsj_paragraph xsj_paragraph_level_0\" data-source-line=\"29\" data-source-line-display=\"true\">WT-907 puede ser utilizado por varias industrias, incluidas las plantas de producci\u00f3n\/procesamiento de petr\u00f3leo y gas; plantas de energ\u00eda; refiner\u00edas; f\u00e1bricas de papel; instalaciones de procesamiento de alimentos; instalaciones de fabricaci\u00f3n de productos farmac\u00e9uticos; hospitales; sitios agr\u00edcolas; y edificios comerciales.<\/p>\n<div class=\"xiaoshujiang_element xsj_anchor\"><a class=\"blank_anchor_name\" name=\"420does20wt-90720help20prevent20organic20material20from20sticking20to20surfaces_9\"><\/a><a id=\"420does20wt-90720help20prevent20organic20material20from20sticking20to20surfaces_9\" class=\"blank_anchor_id\"><\/a><a class=\"blank_anchor_name\" name=\"4-does-wt-907-help-prevent-organic-material-from-sticking-to-surfaces\"><\/a><a id=\"4-does-wt-907-help-prevent-organic-material-from-sticking-to-surfaces\" class=\"blank_anchor_id\"><\/a><\/div>\n<p id=\"420does20wt-90720help20prevent20organic20material20from20sticking20to20surfaces_9\" class=\"xsj_heading_hash xsj_heading xsj_heading_h3\" data-source-line=\"31\" data-source-line-display=\"true\"><strong><span class=\"xsj_heading_content\">P4:\u00bfEl WT-907 ayuda a evitar que el material org\u00e1nico se adhiera a las superficies?<\/span><\/strong><\/p>\n<p class=\"xsj_paragraph xsj_paragraph_level_0\" data-source-line=\"33\" data-source-line-display=\"true\">\u00a1S\u00ed! Una de las caracter\u00edsticas clave de este producto es que ayuda a evitar que los materiales org\u00e1nicos se adhieran a las superficies, lo que hace que la limpieza sea mucho m\u00e1s f\u00e1cil que antes del uso.<\/p>\n<p class=\"xiaoshujiang_element xsj_anchor\"><a class=\"blank_anchor_name\" name=\"520can20i20use20wt2090720with20other20chemicals20or20products_10\"><\/a><a id=\"520can20i20use20wt2090720with20other20chemicals20or20products_10\" class=\"blank_anchor_id\"><\/a><strong><a class=\"blank_anchor_name\" name=\"5-can-i-use-wt-907-with-other-chemicals-or-products\"><\/a><a id=\"5-can-i-use-wt-907-with-other-chemicals-or-products\" class=\"blank_anchor_id\"><\/a><\/strong><\/p>\n<p id=\"520can20i20use20wt2090720with20other20chemicals20or20products_10\" class=\"xsj_heading_hash xsj_heading xsj_heading_h3\" data-source-line=\"35\" data-source-line-display=\"true\"><strong><span class=\"xsj_heading_content\">P5: \u00bfPuedo usar WT 907 con otros productos qu\u00edmicos o productos?<\/span><\/strong><\/p>\n<p class=\"xsj_paragraph xsj_paragraph_level_0\" data-source-line=\"37\" data-source-line-display=\"true\">\u00a1S\u00ed! Puede usar este producto con otros productos qu\u00edmicos o productos si no interfieren con las capacidades o los niveles de eficacia de los dem\u00e1s.<\/p>\n<p class=\"xsj_paragraph xsj_paragraph_level_0\" data-source-line=\"39\" data-source-line-display=\"true\"><a class=\"xsj_link xsj_manu_link\" href=\"https:\/\/vcycletech.com\/es\/categoria-de-producto\/inhibidores-de-corrosion-a-escala-construida-y-agentes-de-pelicula-de-tratamiento-previo\/\">Obtenga la soluci\u00f3n completa de inhibidores de incrustaciones y corrosi\u00f3n integrados y agentes de filmaci\u00f3n de pretratamiento<\/a>.<\/p>","protected":false},"excerpt":{"rendered":"<p><strong>Inhibidor de incrustaciones y corrosi\u00f3n WT-907 no P<\/strong> es un producto premium que ayuda a las instalaciones de tratamiento de aguas residuales a cumplir con los estrictos l\u00edmites impuestos al drenaje de f\u00f3sforo. Ofrece una variedad de beneficios, incluido el crecimiento microbiano reducido y dosis qu\u00edmicas m\u00e1s bajas, debido a su capacidad para disminuir la utilizaci\u00f3n de bactericidas mientras elimina los s\u00f3lidos sedimentados. Con <strong>WP-907<\/strong>, puede estar seguro de que su instalaci\u00f3n funciona sin problemas y cumple con todos los requisitos reglamentarios. \u00a1Haz tu pedido ahora y experimenta los beneficios por ti mismo!<\/p>","protected":false},"featured_media":1306,"template":"","meta":{"site-sidebar-layout":"default","site-content-layout":"default","ast-site-content-layout":"default","site-content-style":"default","site-sidebar-style":"default","ast-global-header-display":"","ast-banner-title-visibility":"","ast-main-header-display":"","ast-hfb-above-header-display":"","ast-hfb-below-header-display":"","ast-hfb-mobile-header-display":"","site-post-title":"","ast-breadcrumbs-content":"","ast-featured-img":"","footer-sml-layout":"","ast-disable-related-posts":"","theme-transparent-header-meta":"default","adv-header-id-meta":"","stick-header-meta":"default","header-above-stick-meta":"","header-main-stick-meta":"","header-below-stick-meta":"","astra-migrate-meta-layouts":"default","ast-page-background-enabled":"default","ast-page-background-meta":{"desktop":{"background-color":"","background-image":"","background-repeat":"repeat","background-position":"center center","background-size":"auto","background-attachment":"scroll","background-type":"","background-media":"","overlay-type":"","overlay-color":"","overlay-opacity":"","overlay-gradient":""},"tablet":{"background-color":"","background-image":"","background-repeat":"repeat","background-position":"center center","background-size":"auto","background-attachment":"scroll","background-type":"","background-media":"","overlay-type":"","overlay-color":"","overlay-opacity":"","overlay-gradient":""},"mobile":{"background-color":"","background-image":"","background-repeat":"repeat","background-position":"center center","background-size":"auto","background-attachment":"scroll","background-type":"","background-media":"","overlay-type":"","overlay-color":"","overlay-opacity":"","overlay-gradient":""}},"ast-content-background-meta":{"desktop":{"background-color":"var(--ast-global-color-5)","background-image":"","background-repeat":"repeat","background-position":"center center","background-size":"auto","background-attachment":"scroll","background-type":"","background-media":"","overlay-type":"","overlay-color":"","overlay-opacity":"","overlay-gradient":""},"tablet":{"background-color":"var(--ast-global-color-5)","background-image":"","background-repeat":"repeat","background-position":"center center","background-size":"auto","background-attachment":"scroll","background-type":"","background-media":"","overlay-type":"","overlay-color":"","overlay-opacity":"","overlay-gradient":""},"mobile":{"background-color":"var(--ast-global-color-5)","background-image":"","background-repeat":"repeat","background-position":"center center","background-size":"auto","background-attachment":"scroll","background-type":"","background-media":"","overlay-type":"","overlay-color":"","overlay-opacity":"","overlay-gradient":""}}},"product_brand":[],"product_cat":[32],"product_tag":[],"class_list":{"0":"post-1296","1":"product","2":"type-product","3":"status-publish","4":"has-post-thumbnail","6":"product_cat-built-scale-corrosion-inhibitors-and-pretreatment-filming-agents","7":"desktop-align-left","8":"tablet-align-left","9":"mobile-align-left","10":"ast-product-gallery-layout-horizontal-slider","11":"ast-product-gallery-with-no-image","12":"ast-product-tabs-layout-horizontal","14":"first","15":"instock","16":"shipping-taxable","17":"product-type-simple"},"yoast_head":"<!-- This site is optimized with the Yoast SEO Premium plugin v26.3 (Yoast SEO v27.3) - https:\/\/yoast.com\/product\/yoast-seo-premium-wordpress\/ -->\n<title>WT-907 Non-P Scale &amp; Corrosion Inhibitor - vcycletech<\/title>\n<meta name=\"description\" content=\"Get rid of rust and scale with WP-907 non-p scale &amp; corrosion inhibitor! Formulated to meet strict limits of phosphorus drainage, it helps reduce wastewater treatment costs. Stop bacteria growth, decrease bactericide dosage, and remove sludge agents\u2014all with one reliable product.\" \/>\n<meta name=\"robots\" content=\"index, follow, max-snippet:-1, max-image-preview:large, max-video-preview:-1\" \/>\n<link rel=\"canonical\" href=\"https:\/\/vcycletech.com\/es\/producto\/wt-907-non-p-scale-corrosion-inhibitor\/\" \/>\n<meta property=\"og:locale\" content=\"es_MX\" \/>\n<meta property=\"og:type\" content=\"article\" \/>\n<meta property=\"og:title\" content=\"WT-907 Non-P Scale &amp; Corrosion Inhibitor\" \/>\n<meta property=\"og:description\" content=\"Get rid of rust and scale with WP-907 non-p scale &amp; corrosion inhibitor! Formulated to meet strict limits of phosphorus drainage, it helps reduce wastewater treatment costs. Stop bacteria growth, decrease bactericide dosage, and remove sludge agents\u2014all with one reliable product.\" \/>\n<meta property=\"og:url\" content=\"https:\/\/vcycletech.com\/es\/producto\/wt-907-non-p-scale-corrosion-inhibitor\/\" \/>\n<meta property=\"og:site_name\" content=\"vcycletech\" \/>\n<meta property=\"article:modified_time\" content=\"2023-03-27T04:12:26+00:00\" \/>\n<meta property=\"og:image\" content=\"https:\/\/vcycletech.com\/wp-content\/uploads\/2023\/03\/WT-907-Non-P-Scale-Corrosion-Inhibitor-e1679628028829.png\" \/>\n\t<meta property=\"og:image:width\" content=\"600\" \/>\n\t<meta property=\"og:image:height\" content=\"600\" \/>\n\t<meta property=\"og:image:type\" content=\"image\/png\" \/>\n<meta name=\"twitter:card\" content=\"summary_large_image\" \/>\n<meta name=\"twitter:label1\" content=\"Tiempo de lectura\" \/>\n\t<meta name=\"twitter:data1\" content=\"2 minutos\" \/>\n<script type=\"application\/ld+json\" class=\"yoast-schema-graph\">{\"@context\":\"https:\\\/\\\/schema.org\",\"@graph\":[{\"@type\":\"WebPage\",\"@id\":\"https:\\\/\\\/vcycletech.com\\\/product\\\/wt-907-non-p-scale-corrosion-inhibitor\\\/\",\"url\":\"https:\\\/\\\/vcycletech.com\\\/product\\\/wt-907-non-p-scale-corrosion-inhibitor\\\/\",\"name\":\"WT-907 Non-P Scale & Corrosion Inhibitor - vcycletech\",\"isPartOf\":{\"@id\":\"https:\\\/\\\/vcycletech.com\\\/#website\"},\"primaryImageOfPage\":{\"@id\":\"https:\\\/\\\/vcycletech.com\\\/product\\\/wt-907-non-p-scale-corrosion-inhibitor\\\/#primaryimage\"},\"image\":{\"@id\":\"https:\\\/\\\/vcycletech.com\\\/product\\\/wt-907-non-p-scale-corrosion-inhibitor\\\/#primaryimage\"},\"thumbnailUrl\":\"https:\\\/\\\/vcycletech.com\\\/wp-content\\\/uploads\\\/2023\\\/03\\\/WT-907-Non-P-Scale-Corrosion-Inhibitor-e1679628028829.png\",\"datePublished\":\"2023-03-21T13:45:11+00:00\",\"dateModified\":\"2023-03-27T04:12:26+00:00\",\"description\":\"Get rid of rust and scale with WP-907 non-p scale & corrosion inhibitor! Formulated to meet strict limits of phosphorus drainage, it helps reduce wastewater treatment costs. Stop bacteria growth, decrease bactericide dosage, and remove sludge agents\u2014all with one reliable product.\",\"breadcrumb\":{\"@id\":\"https:\\\/\\\/vcycletech.com\\\/product\\\/wt-907-non-p-scale-corrosion-inhibitor\\\/#breadcrumb\"},\"inLanguage\":\"es\",\"potentialAction\":[{\"@type\":\"ReadAction\",\"target\":[\"https:\\\/\\\/vcycletech.com\\\/product\\\/wt-907-non-p-scale-corrosion-inhibitor\\\/\"]}]},{\"@type\":\"ImageObject\",\"inLanguage\":\"es\",\"@id\":\"https:\\\/\\\/vcycletech.com\\\/product\\\/wt-907-non-p-scale-corrosion-inhibitor\\\/#primaryimage\",\"url\":\"https:\\\/\\\/vcycletech.com\\\/wp-content\\\/uploads\\\/2023\\\/03\\\/WT-907-Non-P-Scale-Corrosion-Inhibitor-e1679628028829.png\",\"contentUrl\":\"https:\\\/\\\/vcycletech.com\\\/wp-content\\\/uploads\\\/2023\\\/03\\\/WT-907-Non-P-Scale-Corrosion-Inhibitor-e1679628028829.png\",\"width\":600,\"height\":600,\"caption\":\"WT-907 Non-P Scale & Corrosion Inhibitor\"},{\"@type\":\"BreadcrumbList\",\"@id\":\"https:\\\/\\\/vcycletech.com\\\/product\\\/wt-907-non-p-scale-corrosion-inhibitor\\\/#breadcrumb\",\"itemListElement\":[{\"@type\":\"ListItem\",\"position\":1,\"name\":\"Home\",\"item\":\"https:\\\/\\\/vcycletech.com\\\/\"},{\"@type\":\"ListItem\",\"position\":2,\"name\":\"Water Treatment Chemicals Manufacturer\",\"item\":\"https:\\\/\\\/vcycletech.com\\\/water-treatment-chemicals-manufacturer\\\/\"},{\"@type\":\"ListItem\",\"position\":3,\"name\":\"WT-907 Non-P Scale &#038; Corrosion Inhibitor\"}]},{\"@type\":\"WebSite\",\"@id\":\"https:\\\/\\\/vcycletech.com\\\/#website\",\"url\":\"https:\\\/\\\/vcycletech.com\\\/\",\"name\":\"vcycletech\",\"description\":\"China&#039;s top water treatment chemicals supplier\",\"publisher\":{\"@id\":\"https:\\\/\\\/vcycletech.com\\\/#organization\"},\"potentialAction\":[{\"@type\":\"SearchAction\",\"target\":{\"@type\":\"EntryPoint\",\"urlTemplate\":\"https:\\\/\\\/vcycletech.com\\\/?s={search_term_string}\"},\"query-input\":{\"@type\":\"PropertyValueSpecification\",\"valueRequired\":true,\"valueName\":\"search_term_string\"}}],\"inLanguage\":\"es\"},{\"@type\":\"Organization\",\"@id\":\"https:\\\/\\\/vcycletech.com\\\/#organization\",\"name\":\"vcycletech\",\"url\":\"https:\\\/\\\/vcycletech.com\\\/\",\"logo\":{\"@type\":\"ImageObject\",\"inLanguage\":\"es\",\"@id\":\"https:\\\/\\\/vcycletech.com\\\/#\\\/schema\\\/logo\\\/image\\\/\",\"url\":\"https:\\\/\\\/vcycletech.com\\\/wp-content\\\/uploads\\\/2023\\\/03\\\/logo-vcycletech-1.png\",\"contentUrl\":\"https:\\\/\\\/vcycletech.com\\\/wp-content\\\/uploads\\\/2023\\\/03\\\/logo-vcycletech-1.png\",\"width\":600,\"height\":400,\"caption\":\"vcycletech\"},\"image\":{\"@id\":\"https:\\\/\\\/vcycletech.com\\\/#\\\/schema\\\/logo\\\/image\\\/\"}}]}<\/script>\n<!-- \/ Yoast SEO Premium plugin. -->","yoast_head_json":{"title":"WT-907 Inhibidor de corrosi\u00f3n e incrustaciones no P - vcycletech","description":"\u00a1Desh\u00e1gase del \u00f3xido y las incrustaciones con el inhibidor de incrustaciones y corrosi\u00f3n sin p WP-907! Formulado para cumplir con los l\u00edmites estrictos de drenaje de f\u00f3sforo, ayuda a reducir los costos de tratamiento de aguas residuales. Detenga el crecimiento de bacterias, disminuya la dosis de bactericidas y elimine los agentes de lodo, todo con un producto confiable.","robots":{"index":"index","follow":"follow","max-snippet":"max-snippet:-1","max-image-preview":"max-image-preview:large","max-video-preview":"max-video-preview:-1"},"canonical":"https:\/\/vcycletech.com\/es\/producto\/wt-907-non-p-scale-corrosion-inhibitor\/","og_locale":"es_MX","og_type":"article","og_title":"WT-907 Non-P Scale & Corrosion Inhibitor","og_description":"Get rid of rust and scale with WP-907 non-p scale & corrosion inhibitor! Formulated to meet strict limits of phosphorus drainage, it helps reduce wastewater treatment costs. Stop bacteria growth, decrease bactericide dosage, and remove sludge agents\u2014all with one reliable product.","og_url":"https:\/\/vcycletech.com\/es\/producto\/wt-907-non-p-scale-corrosion-inhibitor\/","og_site_name":"vcycletech","article_modified_time":"2023-03-27T04:12:26+00:00","og_image":[{"width":600,"height":600,"url":"https:\/\/vcycletech.com\/wp-content\/uploads\/2023\/03\/WT-907-Non-P-Scale-Corrosion-Inhibitor-e1679628028829.png","type":"image\/png"}],"twitter_card":"summary_large_image","twitter_misc":{"Tiempo de lectura":"2 minutos"},"schema":{"@context":"https:\/\/schema.org","@graph":[{"@type":"WebPage","@id":"https:\/\/vcycletech.com\/product\/wt-907-non-p-scale-corrosion-inhibitor\/","url":"https:\/\/vcycletech.com\/product\/wt-907-non-p-scale-corrosion-inhibitor\/","name":"WT-907 Inhibidor de corrosi\u00f3n e incrustaciones no P - vcycletech","isPartOf":{"@id":"https:\/\/vcycletech.com\/#website"},"primaryImageOfPage":{"@id":"https:\/\/vcycletech.com\/product\/wt-907-non-p-scale-corrosion-inhibitor\/#primaryimage"},"image":{"@id":"https:\/\/vcycletech.com\/product\/wt-907-non-p-scale-corrosion-inhibitor\/#primaryimage"},"thumbnailUrl":"https:\/\/vcycletech.com\/wp-content\/uploads\/2023\/03\/WT-907-Non-P-Scale-Corrosion-Inhibitor-e1679628028829.png","datePublished":"2023-03-21T13:45:11+00:00","dateModified":"2023-03-27T04:12:26+00:00","description":"\u00a1Desh\u00e1gase del \u00f3xido y las incrustaciones con el inhibidor de incrustaciones y corrosi\u00f3n sin p WP-907! Formulado para cumplir con los l\u00edmites estrictos de drenaje de f\u00f3sforo, ayuda a reducir los costos de tratamiento de aguas residuales. Detenga el crecimiento de bacterias, disminuya la dosis de bactericidas y elimine los agentes de lodo, todo con un producto confiable.","breadcrumb":{"@id":"https:\/\/vcycletech.com\/product\/wt-907-non-p-scale-corrosion-inhibitor\/#breadcrumb"},"inLanguage":"es","potentialAction":[{"@type":"ReadAction","target":["https:\/\/vcycletech.com\/product\/wt-907-non-p-scale-corrosion-inhibitor\/"]}]},{"@type":"ImageObject","inLanguage":"es","@id":"https:\/\/vcycletech.com\/product\/wt-907-non-p-scale-corrosion-inhibitor\/#primaryimage","url":"https:\/\/vcycletech.com\/wp-content\/uploads\/2023\/03\/WT-907-Non-P-Scale-Corrosion-Inhibitor-e1679628028829.png","contentUrl":"https:\/\/vcycletech.com\/wp-content\/uploads\/2023\/03\/WT-907-Non-P-Scale-Corrosion-Inhibitor-e1679628028829.png","width":600,"height":600,"caption":"WT-907 Non-P Scale & Corrosion Inhibitor"},{"@type":"BreadcrumbList","@id":"https:\/\/vcycletech.com\/product\/wt-907-non-p-scale-corrosion-inhibitor\/#breadcrumb","itemListElement":[{"@type":"ListItem","position":1,"name":"Home","item":"https:\/\/vcycletech.com\/"},{"@type":"ListItem","position":2,"name":"Water Treatment Chemicals Manufacturer","item":"https:\/\/vcycletech.com\/water-treatment-chemicals-manufacturer\/"},{"@type":"ListItem","position":3,"name":"WT-907 Non-P Scale &#038; Corrosion Inhibitor"}]},{"@type":"WebSite","@id":"https:\/\/vcycletech.com\/#website","url":"https:\/\/vcycletech.com\/","name":"vcycletech","description":"El principal proveedor de productos qu\u00edmicos para el tratamiento del agua de China y #039;","publisher":{"@id":"https:\/\/vcycletech.com\/#organization"},"potentialAction":[{"@type":"SearchAction","target":{"@type":"EntryPoint","urlTemplate":"https:\/\/vcycletech.com\/?s={search_term_string}"},"query-input":{"@type":"PropertyValueSpecification","valueRequired":true,"valueName":"search_term_string"}}],"inLanguage":"es"},{"@type":"Organization","@id":"https:\/\/vcycletech.com\/#organization","name":"vcycletech","url":"https:\/\/vcycletech.com\/","logo":{"@type":"ImageObject","inLanguage":"es","@id":"https:\/\/vcycletech.com\/#\/schema\/logo\/image\/","url":"https:\/\/vcycletech.com\/wp-content\/uploads\/2023\/03\/logo-vcycletech-1.png","contentUrl":"https:\/\/vcycletech.com\/wp-content\/uploads\/2023\/03\/logo-vcycletech-1.png","width":600,"height":400,"caption":"vcycletech"},"image":{"@id":"https:\/\/vcycletech.com\/#\/schema\/logo\/image\/"}}]}},"_links":{"self":[{"href":"https:\/\/vcycletech.com\/es\/wp-json\/wp\/v2\/product\/1296","targetHints":{"allow":["GET"]}}],"collection":[{"href":"https:\/\/vcycletech.com\/es\/wp-json\/wp\/v2\/product"}],"about":[{"href":"https:\/\/vcycletech.com\/es\/wp-json\/wp\/v2\/types\/product"}],"wp:featuredmedia":[{"embeddable":true,"href":"https:\/\/vcycletech.com\/es\/wp-json\/wp\/v2\/media\/1306"}],"wp:attachment":[{"href":"https:\/\/vcycletech.com\/es\/wp-json\/wp\/v2\/media?parent=1296"}],"wp:term":[{"taxonomy":"product_brand","embeddable":true,"href":"https:\/\/vcycletech.com\/es\/wp-json\/wp\/v2\/product_brand?post=1296"},{"taxonomy":"product_cat","embeddable":true,"href":"https:\/\/vcycletech.com\/es\/wp-json\/wp\/v2\/product_cat?post=1296"},{"taxonomy":"product_tag","embeddable":true,"href":"https:\/\/vcycletech.com\/es\/wp-json\/wp\/v2\/product_tag?post=1296"}],"curies":[{"name":"wp","href":"https:\/\/api.w.org\/{rel}","templated":true}]}}