{"id":1291,"date":"2023-03-21T13:44:34","date_gmt":"2023-03-21T13:44:34","guid":{"rendered":"https:\/\/vcycletech.com\/?post_type=product&#038;p=1291"},"modified":"2023-03-22T06:36:24","modified_gmt":"2023-03-22T06:36:24","slug":"dodecil-trimetil-amonio-cloruro-de-tac","status":"publish","type":"product","link":"https:\/\/vcycletech.com\/es\/producto\/dodecil-trimetil-amonio-cloruro-de-tac\/","title":{"rendered":"Cloruro de dodeciltrimetilamonio (DTAC)"},"content":{"rendered":"<h3>N\u00ba CAS 112-00-5<\/h3>\n<h3>F\u00f3rmula molecular: C12H25(CH3)3NCl<\/h3>\n<h3>Peso molecular: 263,9<\/h3>\n<h3>F\u00f3rmula estructural:<\/h3>\n<figure id=\"attachment_1293\" aria-describedby=\"caption-attachment-1293\" style=\"width: 600px\" class=\"wp-caption alignnone\"><img fetchpriority=\"high\" decoding=\"async\" class=\"size-full wp-image-1293\" src=\"https:\/\/vcycletech.com\/wp-content\/uploads\/2023\/03\/1-56.png\" alt=\"DTAC\" width=\"600\" height=\"600\" srcset=\"https:\/\/vcycletech.com\/wp-content\/uploads\/2023\/03\/1-56.png 600w, https:\/\/vcycletech.com\/wp-content\/uploads\/2023\/03\/1-56-100x100.png 100w, https:\/\/vcycletech.com\/wp-content\/uploads\/2023\/03\/1-56-300x300.png 300w, https:\/\/vcycletech.com\/wp-content\/uploads\/2023\/03\/1-56-150x150.png 150w\" sizes=\"(max-width: 600px) 100vw, 600px\" \/><figcaption id=\"caption-attachment-1293\" class=\"wp-caption-text\">DTAC<\/figcaption><\/figure>\n<h3>Especificaci\u00f3n:<\/h3>\n<div id=\"footable_parent_1298\"\n         class=\"footable_parent ninja_table_wrapper loading_ninja_table wp_table_data_press_parent semantic_ui\">\n                <table data-ninja_table_instance=\"ninja_table_instance_0\" data-footable_id=\"1298\" data-filter-delay=\"1000\" aria-label=\"Cloruro de dodeciltrimetilamonio (DTAC).csv\"            id=\"footable_1298\"\n           data-unique_identifier=\"ninja_table_unique_id_1275090748_1298\"\n           class=\"foo-table ninja_footable foo_table_1298 ninja_table_unique_id_1275090748_1298 ui table  nt_type_legacy_table selectable striped vertical_centered  footable-paging-right ninja_table_pro\">\n                <colgroup>\n                            <col class=\"ninja_column_0\">\n                            <col class=\"ninja_column_1\">\n                            <col class=\"ninja_column_2\">\n                    <\/colgroup>\n        <thead>\n<tr class=\"footable-header\">\n                                                        <th scope=\"col\"  class=\"ninja_column_0 ninja_clmn_nm_items\">Elementos<\/th><th scope=\"col\"  class=\"ninja_column_1 ninja_clmn_nm_index\">\u00cdndice<\/th><th scope=\"col\"  class=\"ninja_column_2 ninja_clmn_nm_ninja_column_3\"><\/th><\/tr>\n<\/thead>\n<tbody>\n\n        <tr data-row_id=\"324\" class=\"ninja_table_row_0 nt_row_id_324\">\n            <td>Apariencia<\/td><td>L\u00edquido incoloro a amarillo p\u00e1lido<\/td><td>L\u00edquido incoloro a amarillo p\u00e1lido<\/td>        <\/tr>\n            <tr data-row_id=\"325\" class=\"ninja_table_row_1 nt_row_id_325\">\n            <td>Contenido activo, %<\/td><td>28-32<\/td><td>48-52<\/td>        <\/tr>\n            <tr data-row_id=\"326\" class=\"ninja_table_row_2 nt_row_id_326\">\n            <td>Amina libre, %<\/td><td>1,5 m\u00e1x.<\/td><td>1,5 m\u00e1x.<\/td>        <\/tr>\n            <tr data-row_id=\"327\" class=\"ninja_table_row_3 nt_row_id_327\">\n            <td>pH (soluci\u00f3n de agua 10%)<\/td><td>5.0-9.0<\/td><td>5.0-9.0<\/td>        <\/tr>\n            <tr data-row_id=\"328\" class=\"ninja_table_row_4 nt_row_id_328\">\n            <td>Color (APHA)<\/td><td>150 m\u00e1x.<\/td><td>150 m\u00e1x.<\/td>        <\/tr>\n    <\/tbody><!--ninja_tobody_rendering_done-->\n    <\/table>\n    \n    \n    \n<\/div>\n\n<h3>Propiedades:<\/h3>\n<p><strong>Cloruro de dodeciltrimetilamonio<\/strong> es un l\u00edquido incoloro que tambi\u00e9n puede presentarse en forma de polvo cristalino blanco. Es altamente soluble en agua y etanol mientras permanece estable a temperaturas inferiores a 100 \u2103. Este producto tiene una excelente compatibilidad con los tensioactivos cati\u00f3nicos y no i\u00f3nicos y una excepcional resistencia qu\u00edmica y al calor, adem\u00e1s de resistencia a la luz, la presi\u00f3n y los \u00e1cidos\/\u00e1lcalis. Sus propiedades superiores incluyen permeabilidad, suavidad, emulsificaci\u00f3n, protecci\u00f3n antiest\u00e1tica y acci\u00f3n bactericida decisiva.<\/p>\n<h3>Uso:<\/h3>\n<p><strong>Cloruro de dodeciltrimetilamonio<\/strong> se puede utilizar en diversas aplicaciones, como un emulsionante para recubrimientos impermeables arquitect\u00f3nicos, emulsionantes cosm\u00e9ticos, emulsionantes especiales de l\u00e1tex de cloropreno cati\u00f3nico y en situaciones de resistencia a altas temperaturas durante la perforaci\u00f3n de pozos petroleros profundos. Adem\u00e1s, puede servir como agente de agregaci\u00f3n de prote\u00ednas durante la fermentaci\u00f3n de la penicilina y tambi\u00e9n es adecuado para su uso como agente antiest\u00e1tico en la producci\u00f3n de fibras sint\u00e9ticas, agente antiadherente y agente de liberaci\u00f3n en la industria del l\u00e1tex, fungicidas industriales y agr\u00edcolas.<\/p>\n<h3>Paquete y almacenamiento:<\/h3>\n<p><strong>Cloruro de dodeciltrimetilamonio (DTAC)<\/strong> debe almacenarse en su embalaje original, lejos de fuentes de luz y calor. Tambi\u00e9n debe mantenerse en un lugar fresco, oscuro y seco. El DTAC debe sellarse herm\u00e9ticamente y almacenarse en materiales no t\u00f3xicos, como recipientes de pl\u00e1stico, acero inoxidable o vidrio. Siempre se debe utilizar un etiquetado adecuado al manipular y almacenar este producto., Tambor de pl\u00e1stico de 200 l, IBC (1000 l) requisito de los clientes.<br \/>\nAlmacenamiento durante dos a\u00f1os en un cuarto oscuro y lugar seco.<\/p>\n<h3>Sin\u00f3nimos:<\/h3>\n<p>Cloruro de 1-dodecanaminio, N, N, N-trimetil-<br \/>\ncloruro de n,n,n-trimetil-1-dodecanaminiu<br \/>\nCloruro de dodeciltrimetilamonio<\/p>\n<h3>Preguntas frecuentes sobre DTAC:<\/h3>\n<p><strong>\u00bfQu\u00e9 es el cloruro de dodeciltrimetilamonio (DTAC)?<\/strong><br \/>\n<strong>Cloruro de dodeciltrimetilamonio (DTAC)<\/strong> es un compuesto de amonio cuaternario com\u00fanmente utilizado en productos qu\u00edmicos de tratamiento de agua como biocida, surfactante y floculante. Es un surfactante cati\u00f3nico org\u00e1nico con una alta densidad de carga que lo ayuda a adherirse a part\u00edculas cargadas negativamente y unirlas en part\u00edculas m\u00e1s grandes y pesadas. Este proceso puede eliminar eficazmente los s\u00f3lidos en suspensi\u00f3n, los aceites y otros contaminantes del agua.<\/p>\n<p><strong>\u00bfCu\u00e1les son los beneficios de usar DTAC para el tratamiento de agua?<\/strong><br \/>\nDTAC puede mejorar la calidad del agua potable mediante la eliminaci\u00f3n de s\u00f3lidos en suspensi\u00f3n, aceites, bacterias y otros contaminantes del suministro de agua. Adem\u00e1s, DTAC puede reducir la corrosi\u00f3n causada por ciertos metales o contaminantes en el suministro de agua. El uso de DTAC tambi\u00e9n ayuda a acelerar los procesos de coagulaci\u00f3n y floculaci\u00f3n, mejorando la efectividad de los sistemas de filtraci\u00f3n y puede ayudar a reducir los costos qu\u00edmicos asociados con los procesos de tratamiento de agua.<\/p>\n<p><strong>\u00bfQu\u00e9 tan seguro es DTAC?<\/strong><br \/>\nCuando se aplica correctamente de acuerdo con las pautas del fabricante, el DTAC es seguro para aplicaciones de agua potable. Sin embargo, como con cualquier agente qu\u00edmico utilizado en los procesos de tratamiento de agua, es importante seguir toda la informaci\u00f3n de seguridad proporcionada por el fabricante al manipular y aplicar este producto. Adem\u00e1s, nunca debe ser ingerido o inhalado debido al riesgo potencial de da\u00f1o en estos casos.<\/p>\n<p><strong>\u00bfC\u00f3mo se aplica normalmente el DTAC?<\/strong><br \/>\nPor lo general, el DTAC se agrega directamente a la fuente de agua antes de cualquier proceso de tratamiento f\u00edsico, como la filtraci\u00f3n o los tanques de sedimentaci\u00f3n. La cantidad de producto necesaria depender\u00e1 de varios factores, como la composici\u00f3n de la materia prima, los resultados deseados, la tasa de flujo del sistema, etc. En t\u00e9rminos generales, una mayor concentraci\u00f3n significar\u00e1 una eliminaci\u00f3n m\u00e1s r\u00e1pida pero a un mayor costo de los materiales, por lo que encontrar el equilibrio adecuado para cada situaci\u00f3n \u00fanica es esencial. Siempre debe aplicarse de acuerdo con las instrucciones del fabricante para obtener los mejores resultados.<\/p>\n<p><strong>\u00bfHay alguna limitaci\u00f3n asociada con el uso de DTAC?<\/strong><br \/>\nAl igual que con todos los tratamientos qu\u00edmicos, existen algunas limitaciones asociadas con el uso de DTAC, incluido el posible ensuciamiento de membranas o filtros debido a su naturaleza altamente cargada, eficacia reducida con el tiempo debido a la resistencia bacteriana, posible contaminaci\u00f3n secundaria si no se maneja correctamente y alteraciones del pH. niveles cuando se mezcla con otros productos qu\u00edmicos que se utilizan junto con \u00e9l.<\/p>\n<p><a href=\"https:\/\/vcycletech.com\/es\/tensoactivo-cationico\/\"><strong>Obtenga la soluci\u00f3n completa de surfactante cati\u00f3nico.<\/strong><\/a><\/p>","protected":false},"excerpt":{"rendered":"<p><strong>Cloruro de dodeciltrimetilamonio (DTAC)<\/strong> es un producto qu\u00edmico de tratamiento de agua ampliamente utilizado. Tiene una alta densidad de carga cati\u00f3nica, lo que lo convierte en un floculante y coagulante efectivo para una variedad de part\u00edculas suspendidas y gotas de aceite presentes en las aguas residuales. DTAC funciona desestabilizando la interfaz part\u00edcula-agua, lo que hace que formen aglomerados que luego pueden eliminarse f\u00e1cilmente de las aguas residuales. Adem\u00e1s, DTAC tambi\u00e9n se puede utilizar como una alternativa al cloro para la desinfecci\u00f3n con cloro de las fuentes de agua.<\/p>\n<p>DTAC es efectivo tanto en ambientes alcalinos como \u00e1cidos y se puede usar junto con otros productos qu\u00edmicos para el tratamiento del agua, como polifosfatos y \u00e1cidos org\u00e1nicos. Est\u00e1 disponible en China en grandes cantidades para empresas que buscan vender al por mayor. <strong>Cloruro de dodeciltrimetilamonio (DTAC)<\/strong> para productos qu\u00edmicos de tratamiento de agua.<\/p>","protected":false},"featured_media":1302,"template":"","meta":{"site-sidebar-layout":"default","site-content-layout":"default","ast-site-content-layout":"default","site-content-style":"default","site-sidebar-style":"default","ast-global-header-display":"","ast-banner-title-visibility":"","ast-main-header-display":"","ast-hfb-above-header-display":"","ast-hfb-below-header-display":"","ast-hfb-mobile-header-display":"","site-post-title":"","ast-breadcrumbs-content":"","ast-featured-img":"","footer-sml-layout":"","ast-disable-related-posts":"","theme-transparent-header-meta":"default","adv-header-id-meta":"","stick-header-meta":"default","header-above-stick-meta":"","header-main-stick-meta":"","header-below-stick-meta":"","astra-migrate-meta-layouts":"default","ast-page-background-enabled":"default","ast-page-background-meta":{"desktop":{"background-color":"","background-image":"","background-repeat":"repeat","background-position":"center center","background-size":"auto","background-attachment":"scroll","background-type":"","background-media":"","overlay-type":"","overlay-color":"","overlay-opacity":"","overlay-gradient":""},"tablet":{"background-color":"","background-image":"","background-repeat":"repeat","background-position":"center center","background-size":"auto","background-attachment":"scroll","background-type":"","background-media":"","overlay-type":"","overlay-color":"","overlay-opacity":"","overlay-gradient":""},"mobile":{"background-color":"","background-image":"","background-repeat":"repeat","background-position":"center center","background-size":"auto","background-attachment":"scroll","background-type":"","background-media":"","overlay-type":"","overlay-color":"","overlay-opacity":"","overlay-gradient":""}},"ast-content-background-meta":{"desktop":{"background-color":"var(--ast-global-color-5)","background-image":"","background-repeat":"repeat","background-position":"center center","background-size":"auto","background-attachment":"scroll","background-type":"","background-media":"","overlay-type":"","overlay-color":"","overlay-opacity":"","overlay-gradient":""},"tablet":{"background-color":"var(--ast-global-color-5)","background-image":"","background-repeat":"repeat","background-position":"center center","background-size":"auto","background-attachment":"scroll","background-type":"","background-media":"","overlay-type":"","overlay-color":"","overlay-opacity":"","overlay-gradient":""},"mobile":{"background-color":"var(--ast-global-color-5)","background-image":"","background-repeat":"repeat","background-position":"center center","background-size":"auto","background-attachment":"scroll","background-type":"","background-media":"","overlay-type":"","overlay-color":"","overlay-opacity":"","overlay-gradient":""}}},"product_brand":[],"product_cat":[33],"product_tag":[],"class_list":{"0":"post-1291","1":"product","2":"type-product","3":"status-publish","4":"has-post-thumbnail","6":"product_cat-cationic-surfactant-list","7":"desktop-align-left","8":"tablet-align-left","9":"mobile-align-left","10":"ast-product-gallery-layout-horizontal-slider","11":"ast-product-tabs-layout-horizontal","13":"first","14":"instock","15":"shipping-taxable","16":"product-type-simple"},"yoast_head":"<!-- This site is optimized with the Yoast SEO Premium plugin v26.3 (Yoast SEO v27.3) - https:\/\/yoast.com\/product\/yoast-seo-premium-wordpress\/ -->\n<title>Dodecyl Trimethyl Ammonium Chloride(DTAC) - vcycletech<\/title>\n<meta name=\"description\" content=\"Dodecyl Trimethyl Ammonium Chloride(DTAC) is a quaternary ammonium salt. It is used as a water treatment chemical, used for corrosion inhibition, scale inhibition, and emulsion breaking.\" \/>\n<meta name=\"robots\" content=\"index, follow, max-snippet:-1, max-image-preview:large, max-video-preview:-1\" \/>\n<link rel=\"canonical\" href=\"https:\/\/vcycletech.com\/es\/producto\/dodecil-trimetil-amonio-cloruro-de-tac\/\" \/>\n<meta property=\"og:locale\" content=\"es_MX\" \/>\n<meta property=\"og:type\" content=\"article\" \/>\n<meta property=\"og:title\" content=\"Dodecyl Trimethyl Ammonium Chloride(DTAC)\" \/>\n<meta property=\"og:description\" content=\"Dodecyl Trimethyl Ammonium Chloride(DTAC) is a quaternary ammonium salt. It is used as a water treatment chemical, used for corrosion inhibition, scale inhibition, and emulsion breaking.\" \/>\n<meta property=\"og:url\" content=\"https:\/\/vcycletech.com\/es\/producto\/dodecil-trimetil-amonio-cloruro-de-tac\/\" \/>\n<meta property=\"og:site_name\" content=\"vcycletech\" \/>\n<meta property=\"article:modified_time\" content=\"2023-03-22T06:36:24+00:00\" \/>\n<meta property=\"og:image\" content=\"https:\/\/vcycletech.com\/wp-content\/uploads\/2023\/03\/\u672a\u547d\u540d\u7684\u8bbe\u8ba1-3-11.png\" \/>\n\t<meta property=\"og:image:width\" content=\"600\" \/>\n\t<meta property=\"og:image:height\" content=\"600\" \/>\n\t<meta property=\"og:image:type\" content=\"image\/png\" \/>\n<meta name=\"twitter:card\" content=\"summary_large_image\" \/>\n<meta name=\"twitter:label1\" content=\"Tiempo de lectura\" \/>\n\t<meta name=\"twitter:data1\" content=\"3 minutos\" \/>\n<script type=\"application\/ld+json\" class=\"yoast-schema-graph\">{\"@context\":\"https:\\\/\\\/schema.org\",\"@graph\":[{\"@type\":\"WebPage\",\"@id\":\"https:\\\/\\\/vcycletech.com\\\/product\\\/dodecyl-trimethyl-ammonium-chloridedtac\\\/\",\"url\":\"https:\\\/\\\/vcycletech.com\\\/product\\\/dodecyl-trimethyl-ammonium-chloridedtac\\\/\",\"name\":\"Dodecyl Trimethyl Ammonium Chloride(DTAC) - vcycletech\",\"isPartOf\":{\"@id\":\"https:\\\/\\\/vcycletech.com\\\/#website\"},\"primaryImageOfPage\":{\"@id\":\"https:\\\/\\\/vcycletech.com\\\/product\\\/dodecyl-trimethyl-ammonium-chloridedtac\\\/#primaryimage\"},\"image\":{\"@id\":\"https:\\\/\\\/vcycletech.com\\\/product\\\/dodecyl-trimethyl-ammonium-chloridedtac\\\/#primaryimage\"},\"thumbnailUrl\":\"https:\\\/\\\/vcycletech.com\\\/wp-content\\\/uploads\\\/2023\\\/03\\\/\u672a\u547d\u540d\u7684\u8bbe\u8ba1-3-11.png\",\"datePublished\":\"2023-03-21T13:44:34+00:00\",\"dateModified\":\"2023-03-22T06:36:24+00:00\",\"description\":\"Dodecyl Trimethyl Ammonium Chloride(DTAC) is a quaternary ammonium salt. It is used as a water treatment chemical, used for corrosion inhibition, scale inhibition, and emulsion breaking.\",\"breadcrumb\":{\"@id\":\"https:\\\/\\\/vcycletech.com\\\/product\\\/dodecyl-trimethyl-ammonium-chloridedtac\\\/#breadcrumb\"},\"inLanguage\":\"es\",\"potentialAction\":[{\"@type\":\"ReadAction\",\"target\":[\"https:\\\/\\\/vcycletech.com\\\/product\\\/dodecyl-trimethyl-ammonium-chloridedtac\\\/\"]}]},{\"@type\":\"ImageObject\",\"inLanguage\":\"es\",\"@id\":\"https:\\\/\\\/vcycletech.com\\\/product\\\/dodecyl-trimethyl-ammonium-chloridedtac\\\/#primaryimage\",\"url\":\"https:\\\/\\\/vcycletech.com\\\/wp-content\\\/uploads\\\/2023\\\/03\\\/\u672a\u547d\u540d\u7684\u8bbe\u8ba1-3-11.png\",\"contentUrl\":\"https:\\\/\\\/vcycletech.com\\\/wp-content\\\/uploads\\\/2023\\\/03\\\/\u672a\u547d\u540d\u7684\u8bbe\u8ba1-3-11.png\",\"width\":600,\"height\":600,\"caption\":\"Dodecyl Trimethyl Ammonium Chloride(DTAC)\"},{\"@type\":\"BreadcrumbList\",\"@id\":\"https:\\\/\\\/vcycletech.com\\\/product\\\/dodecyl-trimethyl-ammonium-chloridedtac\\\/#breadcrumb\",\"itemListElement\":[{\"@type\":\"ListItem\",\"position\":1,\"name\":\"Home\",\"item\":\"https:\\\/\\\/vcycletech.com\\\/\"},{\"@type\":\"ListItem\",\"position\":2,\"name\":\"Water Treatment Chemicals Manufacturer\",\"item\":\"https:\\\/\\\/vcycletech.com\\\/water-treatment-chemicals-manufacturer\\\/\"},{\"@type\":\"ListItem\",\"position\":3,\"name\":\"Dodecyl Trimethyl Ammonium Chloride(DTAC)\"}]},{\"@type\":\"WebSite\",\"@id\":\"https:\\\/\\\/vcycletech.com\\\/#website\",\"url\":\"https:\\\/\\\/vcycletech.com\\\/\",\"name\":\"vcycletech\",\"description\":\"China&#039;s top water treatment chemicals supplier\",\"publisher\":{\"@id\":\"https:\\\/\\\/vcycletech.com\\\/#organization\"},\"potentialAction\":[{\"@type\":\"SearchAction\",\"target\":{\"@type\":\"EntryPoint\",\"urlTemplate\":\"https:\\\/\\\/vcycletech.com\\\/?s={search_term_string}\"},\"query-input\":{\"@type\":\"PropertyValueSpecification\",\"valueRequired\":true,\"valueName\":\"search_term_string\"}}],\"inLanguage\":\"es\"},{\"@type\":\"Organization\",\"@id\":\"https:\\\/\\\/vcycletech.com\\\/#organization\",\"name\":\"vcycletech\",\"url\":\"https:\\\/\\\/vcycletech.com\\\/\",\"logo\":{\"@type\":\"ImageObject\",\"inLanguage\":\"es\",\"@id\":\"https:\\\/\\\/vcycletech.com\\\/#\\\/schema\\\/logo\\\/image\\\/\",\"url\":\"https:\\\/\\\/vcycletech.com\\\/wp-content\\\/uploads\\\/2023\\\/03\\\/logo-vcycletech-1.png\",\"contentUrl\":\"https:\\\/\\\/vcycletech.com\\\/wp-content\\\/uploads\\\/2023\\\/03\\\/logo-vcycletech-1.png\",\"width\":600,\"height\":400,\"caption\":\"vcycletech\"},\"image\":{\"@id\":\"https:\\\/\\\/vcycletech.com\\\/#\\\/schema\\\/logo\\\/image\\\/\"}}]}<\/script>\n<!-- \/ Yoast SEO Premium plugin. -->","yoast_head_json":{"title":"Cloruro de dodeciltrimetilamonio (DTAC) - vcycletech","description":"El cloruro de dodeciltrimetilamonio (DTAC) es una sal de amonio cuaternario. Se utiliza como producto qu\u00edmico para el tratamiento del agua, para la inhibici\u00f3n de la corrosi\u00f3n, la inhibici\u00f3n de incrustaciones y la ruptura de la emulsi\u00f3n.","robots":{"index":"index","follow":"follow","max-snippet":"max-snippet:-1","max-image-preview":"max-image-preview:large","max-video-preview":"max-video-preview:-1"},"canonical":"https:\/\/vcycletech.com\/es\/producto\/dodecil-trimetil-amonio-cloruro-de-tac\/","og_locale":"es_MX","og_type":"article","og_title":"Dodecyl Trimethyl Ammonium Chloride(DTAC)","og_description":"Dodecyl Trimethyl Ammonium Chloride(DTAC) is a quaternary ammonium salt. It is used as a water treatment chemical, used for corrosion inhibition, scale inhibition, and emulsion breaking.","og_url":"https:\/\/vcycletech.com\/es\/producto\/dodecil-trimetil-amonio-cloruro-de-tac\/","og_site_name":"vcycletech","article_modified_time":"2023-03-22T06:36:24+00:00","og_image":[{"width":600,"height":600,"url":"https:\/\/vcycletech.com\/wp-content\/uploads\/2023\/03\/\u672a\u547d\u540d\u7684\u8bbe\u8ba1-3-11.png","type":"image\/png"}],"twitter_card":"summary_large_image","twitter_misc":{"Tiempo de lectura":"3 minutos"},"schema":{"@context":"https:\/\/schema.org","@graph":[{"@type":"WebPage","@id":"https:\/\/vcycletech.com\/product\/dodecyl-trimethyl-ammonium-chloridedtac\/","url":"https:\/\/vcycletech.com\/product\/dodecyl-trimethyl-ammonium-chloridedtac\/","name":"Cloruro de dodeciltrimetilamonio (DTAC) - vcycletech","isPartOf":{"@id":"https:\/\/vcycletech.com\/#website"},"primaryImageOfPage":{"@id":"https:\/\/vcycletech.com\/product\/dodecyl-trimethyl-ammonium-chloridedtac\/#primaryimage"},"image":{"@id":"https:\/\/vcycletech.com\/product\/dodecyl-trimethyl-ammonium-chloridedtac\/#primaryimage"},"thumbnailUrl":"https:\/\/vcycletech.com\/wp-content\/uploads\/2023\/03\/\u672a\u547d\u540d\u7684\u8bbe\u8ba1-3-11.png","datePublished":"2023-03-21T13:44:34+00:00","dateModified":"2023-03-22T06:36:24+00:00","description":"El cloruro de dodeciltrimetilamonio (DTAC) es una sal de amonio cuaternario. Se utiliza como producto qu\u00edmico para el tratamiento del agua, para la inhibici\u00f3n de la corrosi\u00f3n, la inhibici\u00f3n de incrustaciones y la ruptura de la emulsi\u00f3n.","breadcrumb":{"@id":"https:\/\/vcycletech.com\/product\/dodecyl-trimethyl-ammonium-chloridedtac\/#breadcrumb"},"inLanguage":"es","potentialAction":[{"@type":"ReadAction","target":["https:\/\/vcycletech.com\/product\/dodecyl-trimethyl-ammonium-chloridedtac\/"]}]},{"@type":"ImageObject","inLanguage":"es","@id":"https:\/\/vcycletech.com\/product\/dodecyl-trimethyl-ammonium-chloridedtac\/#primaryimage","url":"https:\/\/vcycletech.com\/wp-content\/uploads\/2023\/03\/\u672a\u547d\u540d\u7684\u8bbe\u8ba1-3-11.png","contentUrl":"https:\/\/vcycletech.com\/wp-content\/uploads\/2023\/03\/\u672a\u547d\u540d\u7684\u8bbe\u8ba1-3-11.png","width":600,"height":600,"caption":"Dodecyl Trimethyl Ammonium Chloride(DTAC)"},{"@type":"BreadcrumbList","@id":"https:\/\/vcycletech.com\/product\/dodecyl-trimethyl-ammonium-chloridedtac\/#breadcrumb","itemListElement":[{"@type":"ListItem","position":1,"name":"Home","item":"https:\/\/vcycletech.com\/"},{"@type":"ListItem","position":2,"name":"Water Treatment Chemicals Manufacturer","item":"https:\/\/vcycletech.com\/water-treatment-chemicals-manufacturer\/"},{"@type":"ListItem","position":3,"name":"Dodecyl Trimethyl Ammonium Chloride(DTAC)"}]},{"@type":"WebSite","@id":"https:\/\/vcycletech.com\/#website","url":"https:\/\/vcycletech.com\/","name":"vcycletech","description":"El principal proveedor de productos qu\u00edmicos para el tratamiento del agua de China y #039;","publisher":{"@id":"https:\/\/vcycletech.com\/#organization"},"potentialAction":[{"@type":"SearchAction","target":{"@type":"EntryPoint","urlTemplate":"https:\/\/vcycletech.com\/?s={search_term_string}"},"query-input":{"@type":"PropertyValueSpecification","valueRequired":true,"valueName":"search_term_string"}}],"inLanguage":"es"},{"@type":"Organization","@id":"https:\/\/vcycletech.com\/#organization","name":"vcycletech","url":"https:\/\/vcycletech.com\/","logo":{"@type":"ImageObject","inLanguage":"es","@id":"https:\/\/vcycletech.com\/#\/schema\/logo\/image\/","url":"https:\/\/vcycletech.com\/wp-content\/uploads\/2023\/03\/logo-vcycletech-1.png","contentUrl":"https:\/\/vcycletech.com\/wp-content\/uploads\/2023\/03\/logo-vcycletech-1.png","width":600,"height":400,"caption":"vcycletech"},"image":{"@id":"https:\/\/vcycletech.com\/#\/schema\/logo\/image\/"}}]}},"_links":{"self":[{"href":"https:\/\/vcycletech.com\/es\/wp-json\/wp\/v2\/product\/1291","targetHints":{"allow":["GET"]}}],"collection":[{"href":"https:\/\/vcycletech.com\/es\/wp-json\/wp\/v2\/product"}],"about":[{"href":"https:\/\/vcycletech.com\/es\/wp-json\/wp\/v2\/types\/product"}],"wp:featuredmedia":[{"embeddable":true,"href":"https:\/\/vcycletech.com\/es\/wp-json\/wp\/v2\/media\/1302"}],"wp:attachment":[{"href":"https:\/\/vcycletech.com\/es\/wp-json\/wp\/v2\/media?parent=1291"}],"wp:term":[{"taxonomy":"product_brand","embeddable":true,"href":"https:\/\/vcycletech.com\/es\/wp-json\/wp\/v2\/product_brand?post=1291"},{"taxonomy":"product_cat","embeddable":true,"href":"https:\/\/vcycletech.com\/es\/wp-json\/wp\/v2\/product_cat?post=1291"},{"taxonomy":"product_tag","embeddable":true,"href":"https:\/\/vcycletech.com\/es\/wp-json\/wp\/v2\/product_tag?post=1291"}],"curies":[{"name":"wp","href":"https:\/\/api.w.org\/{rel}","templated":true}]}}