{"id":1274,"date":"2023-03-21T13:06:39","date_gmt":"2023-03-21T13:06:39","guid":{"rendered":"https:\/\/vcycletech.com\/?post_type=product&#038;p=1274"},"modified":"2023-03-21T13:08:08","modified_gmt":"2023-03-21T13:08:08","slug":"poliepoxisuccinico-acidopesa","status":"publish","type":"product","link":"https:\/\/vcycletech.com\/es\/producto\/poliepoxisuccinico-acidopesa\/","title":{"rendered":"\u00c1cido poliepoxisucc\u00ednico (PESA)"},"content":{"rendered":"<h3>N\u00ba CAS: 51274-37-4;109578-44-1<\/h3>\n<p><strong>F\u00f3rmula molecular: HO(C4H2O5M2)nH Peso molecular: 400-1500<\/strong><\/p>\n<h3>F\u00f3rmula estructural:<\/h3>\n<p><img fetchpriority=\"high\" decoding=\"async\" class=\"alignnone size-full wp-image-1276\" src=\"https:\/\/vcycletech.com\/wp-content\/uploads\/2023\/03\/Structural-Formula-10.png\" alt=\"F\u00f3rmula estructural del \u00e1cido poliepoxisucc\u00ednico (PESA)\" width=\"1400\" height=\"450\" srcset=\"https:\/\/vcycletech.com\/wp-content\/uploads\/2023\/03\/Structural-Formula-10.png 1400w, https:\/\/vcycletech.com\/wp-content\/uploads\/2023\/03\/Structural-Formula-10-600x193.png 600w, https:\/\/vcycletech.com\/wp-content\/uploads\/2023\/03\/Structural-Formula-10-300x96.png 300w, https:\/\/vcycletech.com\/wp-content\/uploads\/2023\/03\/Structural-Formula-10-1024x329.png 1024w, https:\/\/vcycletech.com\/wp-content\/uploads\/2023\/03\/Structural-Formula-10-768x247.png 768w\" sizes=\"(max-width: 1400px) 100vw, 1400px\" \/><\/p>\n<h3>Propiedades:<\/h3>\n<p><strong>PESA<\/strong> es un avanzado inhibidor multivariado de incrustaciones y corrosi\u00f3n sin f\u00f3sforo ni nitr\u00f3geno. Se ha demostrado que es m\u00e1s eficaz que las organofosfinas ordinarias para inhibir el crecimiento de carbonato de calcio, sulfato de calcio, fluoruro de calcio y escamas de s\u00edlice. Cuando se combina con organofosforados, su efecto de sinergia se amplifica a\u00fan m\u00e1s.<\/p>\n<p><strong>PESA<\/strong> tambi\u00e9n es biodegradable y se puede usar de manera segura en sistemas de agua de alta alcalinidad, dureza y pH alto, incluso en concentraciones altas. Tambi\u00e9n tiene excelentes efectos sin\u00e9rgicos cuando se usa con cloro y otros productos qu\u00edmicos para el tratamiento del agua.<\/p>\n<h3>Especificaci\u00f3n:<\/h3>\n<div id=\"footable_parent_1281\"\n         class=\"footable_parent ninja_table_wrapper loading_ninja_table wp_table_data_press_parent semantic_ui\">\n                <table data-ninja_table_instance=\"ninja_table_instance_0\" data-footable_id=\"1281\" data-filter-delay=\"1000\" aria-label=\"\u00c1cido poliepoxisucc\u00ednico (PESA).csv\"            id=\"footable_1281\"\n           data-unique_identifier=\"ninja_table_unique_id_3293206817_1281\"\n           class=\"foo-table ninja_footable foo_table_1281 ninja_table_unique_id_3293206817_1281 ui table  nt_type_legacy_table selectable striped vertical_centered  footable-paging-right ninja_table_pro\">\n                <colgroup>\n                            <col class=\"ninja_column_0\">\n                            <col class=\"ninja_column_1\">\n                            <col class=\"ninja_column_2\">\n                    <\/colgroup>\n        <thead>\n<tr class=\"footable-header\">\n                                                        <th scope=\"col\"  class=\"ninja_column_0 ninja_clmn_nm_items\">Art\u00edculos<\/th><th scope=\"col\"  class=\"ninja_column_1 ninja_clmn_nm_index\">\u00cdndice<\/th><th scope=\"col\"  class=\"ninja_column_2 ninja_clmn_nm_ninja_column_3\"><\/th><\/tr>\n<\/thead>\n<tbody>\n\n        <tr data-row_id=\"320\" class=\"ninja_table_row_0 nt_row_id_320\">\n            <td>Apariencia<\/td><td>L\u00edquido transparente incoloro o \u00e1mbar<\/td><td>polvo blanco<\/td>        <\/tr>\n            <tr data-row_id=\"321\" class=\"ninja_table_row_1 nt_row_id_321\">\n            <td>Contenido s\u00f3lido, %<\/td><td>40,0 minutos<\/td><td>90.0min<\/td>        <\/tr>\n            <tr data-row_id=\"322\" class=\"ninja_table_row_2 nt_row_id_322\">\n            <td>Densidad (20 \u2103), g\/cm3<\/td><td>1,30 minutos<\/td><td>-<\/td>        <\/tr>\n            <tr data-row_id=\"323\" class=\"ninja_table_row_3 nt_row_id_323\">\n            <td>pH (soluci\u00f3n de agua 1%)<\/td><td>10.0-12.0<\/td><td>10.0-12.0<\/td>        <\/tr>\n    <\/tbody><!--ninja_tobody_rendering_done-->\n    <\/table>\n    \n    \n    \n<\/div>\n\n<h3>Uso<\/h3>\n<p>PESA es un \u00e1cido poliepoxisucc\u00ednico conocido como poli(\u00e1cido 1-oxaciclopropano-2,3-dicarbox\u00edlico) y homopol\u00edmero de \u00e1cido epoxisucc\u00ednico. Se puede utilizar en una variedad de aplicaciones, como agua de recarga de yacimientos petrol\u00edferos, deshidrataci\u00f3n de petr\u00f3leo crudo y calderas, sistema de circulaci\u00f3n de agua excelente de acero, petroqu\u00edmica, planta de energ\u00eda y medicina, agua de caldera, planta de desalinizaci\u00f3n y separaci\u00f3n de membrana en alta dureza alcalina. y situaciones de valores de pH con alto \u00edndice de concentraci\u00f3n. Adem\u00e1s, se puede emplear con fines detergentes.<\/p>\n<p>De acuerdo con las especificaciones del cliente, PESA l\u00edquido est\u00e1 disponible en un bid\u00f3n de pl\u00e1stico de 200 L o IBC (1000 L). En cuanto a la forma s\u00f3lida del producto, se pueden comprar 20 kg\/bolsa a pedido del cliente. Debe almacenarse en un lugar oscuro y seco durante 10 meses con las m\u00e1ximas medidas de seguridad: evitar el contacto con ojos\/piel. Si ocurre tal situaci\u00f3n, enjuague bien con abundante agua.<\/p>\n<h3>Gu\u00eda completa sobre el \u00e1cido poliepoxisucc\u00ednico (PESA)<\/h3>\n<p>El \u00e1cido poliepoxisucc\u00ednico (PESA) es uno de los productos qu\u00edmicos de tratamiento de agua m\u00e1s populares en el mercado, un inhibidor eficaz de incrustaciones y corrosi\u00f3n de m\u00faltiples variables. Con su potente sinergia con el cloro y otros agentes de tratamiento de agua, PESA se ha convertido en una opci\u00f3n cuando se trabaja con aguas altamente alcalinas, de dureza y de pH alto. Tambi\u00e9n es muy apreciado por sus excelentes capacidades de inhibici\u00f3n de incrustaciones en sistemas de \u00f3smosis inversa. Adem\u00e1s, PESA es un producto ecol\u00f3gico que no contiene sustancias peligrosas como el f\u00f3sforo.<\/p>\n<h4>Funci\u00f3n y principio de acci\u00f3n:<\/h4>\n<p>Cuando se utiliza en procesos de tratamiento de agua, el \u00e1cido poliepoxisucc\u00ednico (PESA) forma incrustaciones de calcio insolubles, que evitan la corrosi\u00f3n causada por los iones presentes en el agua dura. La acidez de PESA eleva el nivel de pH del agua para reducir la conductividad y disminuir los potenciales de corrosi\u00f3n. Cuando se usa en niveles de concentraci\u00f3n \u00f3ptimos, PESA tambi\u00e9n ayuda a descomponer las incrustaciones existentes en part\u00edculas m\u00e1s peque\u00f1as, que luego se pueden eliminar del sistema durante la filtraci\u00f3n o la sedimentaci\u00f3n.<\/p>\n<h4>Campo de aplicaci\u00f3n:<\/h4>\n<p>El \u00e1cido poliepoxisucc\u00ednico (PESA) se usa ampliamente en industrias como plantas sider\u00fargicas, centrales el\u00e9ctricas, refiner\u00edas y productos petroqu\u00edmicos debido a su eficacia para prevenir la corrosi\u00f3n y la formaci\u00f3n de incrustaciones en diversas aplicaciones, incluidas calderas, sistemas de circulaci\u00f3n de refrigeraci\u00f3n, plantas desalinizadoras y procesos de separaci\u00f3n por membrana. Tambi\u00e9n es adecuado para su uso en sistemas de \u00f3smosis inversa para abordar problemas desafiantes relacionados con la ampliaci\u00f3n y el aumento de la vida \u00fatil.<\/p>\n<h4>Precauciones de uso:<\/h4>\n<p>Es importante tener en cuenta que el \u00e1cido poliepoxisucc\u00ednico (PESA) nunca debe agregarse directamente al tanque principal o tuber\u00eda sin diluir previamente. Adem\u00e1s, los usuarios deben asegurarse de que se toman todas las medidas de seguridad al manipular este qu\u00edmico, como usar guantes y gafas protectoras, ya que el contacto con la piel o los ojos puede causar irritaci\u00f3n o quemaduras. Adem\u00e1s, los equipos met\u00e1licos no deben entrar en contacto con este qu\u00edmico debido a su propiedad \u00e1cida, que puede causar da\u00f1os con el tiempo si no se controla.<\/p>\n<h3>Preguntas frecuentes:<\/h3>\n<p>P1: \u00bfC\u00f3mo funciona el \u00e1cido poliepoxisucc\u00ednico (PESA)?<br \/>\nR1: Cuando se usa en procesos de tratamiento de agua, PESA forma incrustaciones de calcio insolubles que previenen la corrosi\u00f3n causada por iones en agua dura. La acidez de PESA eleva el nivel de pH del agua para reducir la conductividad y disminuir los potenciales de corrosi\u00f3n.<\/p>\n<p>P2: \u00bfCu\u00e1les son algunas de las aplicaciones t\u00edpicas en las que se puede utilizar PESA?<br \/>\nR2: PESA se usa com\u00fanmente en varias industrias, como plantas sider\u00fargicas, centrales el\u00e9ctricas, refiner\u00edas y plantas petroqu\u00edmicas debido a su capacidad para proteger contra la corrosi\u00f3n y la formaci\u00f3n de incrustaciones en muchas aplicaciones, incluidas calderas, sistemas de refrigeraci\u00f3n circulante, plantas de desalinizaci\u00f3n y separaci\u00f3n por membrana. procesos, etc,<\/p>\n<p>P3: \u00bfEs seguro el \u00e1cido poliepoxisucc\u00ednico (PESA)?<br \/>\nR3: \u00a1S\u00ed! Este producto ecol\u00f3gico no contiene sustancias peligrosas como el f\u00f3sforo, por lo que es seguro para su uso con humanos cuando se siguen correctamente los procedimientos de manipulaci\u00f3n adecuados, incluido el uso de guantes\/gafas protectoras, etc.<\/p>\n<p>P4: \u00bfPuedo agregar \u00e1cido poliepoxisucc\u00ednico (PESA) directamente a mi tanque\/tuber\u00eda?<br \/>\nR4: No. Es esencial tener en cuenta que este \u00e1cido nunca debe agregarse directamente al tanque principal o a la tuber\u00eda sin antes diluirlo por motivos de rendimiento y seguridad \u00f3ptimos.<\/p>\n<p>P5: \u00bfEl \u00e1cido poliepoxisucc\u00ednico (PESa) ayuda a descomponer las incrustaciones existentes?<br \/>\nA5; \u00a1S\u00ed! Cuando se usa en niveles de concentraci\u00f3n \u00f3ptimos, PESa tambi\u00e9n ayuda a descomponer las incrustaciones existentes en part\u00edculas m\u00e1s peque\u00f1as. Se pueden eliminar del sistema durante los procesos de filtraci\u00f3n o sedimentaci\u00f3n de manera segura y eficiente.<\/p>\n<p>Q6; \u00bfEst\u00e1 bien que los equipos de metal entren en contacto con el \u00e1cido poliepoxisucc\u00ednico (PESa)?<br \/>\nA6; \u00a1No! Debido a su propiedad \u00e1cida, los equipos de metal no deben entrar en contacto con este producto qu\u00edmico, ya que podr\u00eda causar da\u00f1os con el tiempo si no se controla.<\/p>","protected":false},"excerpt":{"rendered":"<p><strong>\u00c1cido poliepoxisucc\u00ednico<\/strong> (PESA) es un producto qu\u00edmico eficaz para el tratamiento del agua que inhibe las incrustaciones y la corrosi\u00f3n de m\u00faltiples variables. Tiene una buena sinergia con el cloro y otros productos qu\u00edmicos para el tratamiento del agua, lo que lo convierte en una opci\u00f3n popular para agua de calderas, circulaci\u00f3n de agua fr\u00eda, plantas desalinizadoras y separaci\u00f3n de membranas en situaciones de alta alcalinidad, dureza y pH alto. PESA tambi\u00e9n es conocida por sus excelentes capacidades de inhibici\u00f3n de incrustaciones en sistemas de \u00f3smosis inversa. Adem\u00e1s, <strong>PESA<\/strong> es un agente de tratamiento de agua verde sin f\u00f3sforo u otras sustancias peligrosas.<\/p>","protected":false},"featured_media":1290,"template":"","meta":{"site-sidebar-layout":"default","site-content-layout":"default","ast-site-content-layout":"default","site-content-style":"default","site-sidebar-style":"default","ast-global-header-display":"","ast-banner-title-visibility":"","ast-main-header-display":"","ast-hfb-above-header-display":"","ast-hfb-below-header-display":"","ast-hfb-mobile-header-display":"","site-post-title":"","ast-breadcrumbs-content":"","ast-featured-img":"","footer-sml-layout":"","ast-disable-related-posts":"","theme-transparent-header-meta":"default","adv-header-id-meta":"","stick-header-meta":"default","header-above-stick-meta":"","header-main-stick-meta":"","header-below-stick-meta":"","astra-migrate-meta-layouts":"default","ast-page-background-enabled":"default","ast-page-background-meta":{"desktop":{"background-color":"","background-image":"","background-repeat":"repeat","background-position":"center center","background-size":"auto","background-attachment":"scroll","background-type":"","background-media":"","overlay-type":"","overlay-color":"","overlay-opacity":"","overlay-gradient":""},"tablet":{"background-color":"","background-image":"","background-repeat":"repeat","background-position":"center center","background-size":"auto","background-attachment":"scroll","background-type":"","background-media":"","overlay-type":"","overlay-color":"","overlay-opacity":"","overlay-gradient":""},"mobile":{"background-color":"","background-image":"","background-repeat":"repeat","background-position":"center center","background-size":"auto","background-attachment":"scroll","background-type":"","background-media":"","overlay-type":"","overlay-color":"","overlay-opacity":"","overlay-gradient":""}},"ast-content-background-meta":{"desktop":{"background-color":"var(--ast-global-color-5)","background-image":"","background-repeat":"repeat","background-position":"center center","background-size":"auto","background-attachment":"scroll","background-type":"","background-media":"","overlay-type":"","overlay-color":"","overlay-opacity":"","overlay-gradient":""},"tablet":{"background-color":"var(--ast-global-color-5)","background-image":"","background-repeat":"repeat","background-position":"center center","background-size":"auto","background-attachment":"scroll","background-type":"","background-media":"","overlay-type":"","overlay-color":"","overlay-opacity":"","overlay-gradient":""},"mobile":{"background-color":"var(--ast-global-color-5)","background-image":"","background-repeat":"repeat","background-position":"center center","background-size":"auto","background-attachment":"scroll","background-type":"","background-media":"","overlay-type":"","overlay-color":"","overlay-opacity":"","overlay-gradient":""}}},"product_brand":[],"product_cat":[28],"product_tag":[],"class_list":{"0":"post-1274","1":"product","2":"type-product","3":"status-publish","4":"has-post-thumbnail","6":"product_cat-polycarboxylic-antiscalant-and-dispersant","7":"desktop-align-left","8":"tablet-align-left","9":"mobile-align-left","10":"ast-product-gallery-layout-horizontal-slider","11":"ast-product-gallery-with-no-image","12":"ast-product-tabs-layout-horizontal","14":"first","15":"instock","16":"shipping-taxable","17":"product-type-simple"},"yoast_head":"<!-- This site is optimized with the Yoast SEO Premium plugin v26.3 (Yoast SEO v27.3) - https:\/\/yoast.com\/product\/yoast-seo-premium-wordpress\/ -->\n<title>Polyepoxysuccinic Acid(PESA) - vcycletech<\/title>\n<meta name=\"robots\" content=\"index, follow, max-snippet:-1, max-image-preview:large, max-video-preview:-1\" \/>\n<link rel=\"canonical\" href=\"https:\/\/vcycletech.com\/es\/producto\/poliepoxisuccinico-acidopesa\/\" \/>\n<meta property=\"og:locale\" content=\"es_MX\" \/>\n<meta property=\"og:type\" content=\"article\" \/>\n<meta property=\"og:title\" content=\"Polyepoxysuccinic Acid(PESA)\" \/>\n<meta property=\"og:description\" content=\"Polyepoxysuccinic Acid (PESA) is an effective water treatment chemical to inhibit multivariate scale and corrosion. It has good synergism with chlorine and other water treatment chemicals, making it a popular choice for boiler water, circulating cool water, desalination plant, and membrane separation in situations of high alkaline, hardness, and high pH. PESA is also known for its excellent scale inhibition capabilities in reverse osmosis systems. Furthermore, PESA is a green water treatment agent without phosphorous or other hazardous substances.\" \/>\n<meta property=\"og:url\" content=\"https:\/\/vcycletech.com\/es\/producto\/poliepoxisuccinico-acidopesa\/\" \/>\n<meta property=\"og:site_name\" content=\"vcycletech\" \/>\n<meta property=\"article:modified_time\" content=\"2023-03-21T13:08:08+00:00\" \/>\n<meta property=\"og:image\" content=\"https:\/\/vcycletech.com\/wp-content\/uploads\/2023\/03\/1-55.png\" \/>\n\t<meta property=\"og:image:width\" content=\"600\" \/>\n\t<meta property=\"og:image:height\" content=\"600\" \/>\n\t<meta property=\"og:image:type\" content=\"image\/png\" \/>\n<meta name=\"twitter:card\" content=\"summary_large_image\" \/>\n<meta name=\"twitter:label1\" content=\"Tiempo de lectura\" \/>\n\t<meta name=\"twitter:data1\" content=\"4 minutos\" \/>\n<script type=\"application\/ld+json\" class=\"yoast-schema-graph\">{\"@context\":\"https:\\\/\\\/schema.org\",\"@graph\":[{\"@type\":\"WebPage\",\"@id\":\"https:\\\/\\\/vcycletech.com\\\/product\\\/polyepoxysuccinic-acidpesa\\\/\",\"url\":\"https:\\\/\\\/vcycletech.com\\\/product\\\/polyepoxysuccinic-acidpesa\\\/\",\"name\":\"Polyepoxysuccinic Acid(PESA) - vcycletech\",\"isPartOf\":{\"@id\":\"https:\\\/\\\/vcycletech.com\\\/#website\"},\"primaryImageOfPage\":{\"@id\":\"https:\\\/\\\/vcycletech.com\\\/product\\\/polyepoxysuccinic-acidpesa\\\/#primaryimage\"},\"image\":{\"@id\":\"https:\\\/\\\/vcycletech.com\\\/product\\\/polyepoxysuccinic-acidpesa\\\/#primaryimage\"},\"thumbnailUrl\":\"https:\\\/\\\/vcycletech.com\\\/wp-content\\\/uploads\\\/2023\\\/03\\\/1-55.png\",\"datePublished\":\"2023-03-21T13:06:39+00:00\",\"dateModified\":\"2023-03-21T13:08:08+00:00\",\"breadcrumb\":{\"@id\":\"https:\\\/\\\/vcycletech.com\\\/product\\\/polyepoxysuccinic-acidpesa\\\/#breadcrumb\"},\"inLanguage\":\"es\",\"potentialAction\":[{\"@type\":\"ReadAction\",\"target\":[\"https:\\\/\\\/vcycletech.com\\\/product\\\/polyepoxysuccinic-acidpesa\\\/\"]}]},{\"@type\":\"ImageObject\",\"inLanguage\":\"es\",\"@id\":\"https:\\\/\\\/vcycletech.com\\\/product\\\/polyepoxysuccinic-acidpesa\\\/#primaryimage\",\"url\":\"https:\\\/\\\/vcycletech.com\\\/wp-content\\\/uploads\\\/2023\\\/03\\\/1-55.png\",\"contentUrl\":\"https:\\\/\\\/vcycletech.com\\\/wp-content\\\/uploads\\\/2023\\\/03\\\/1-55.png\",\"width\":600,\"height\":600,\"caption\":\"Polyepoxysuccinic Acid(PESA)\"},{\"@type\":\"BreadcrumbList\",\"@id\":\"https:\\\/\\\/vcycletech.com\\\/product\\\/polyepoxysuccinic-acidpesa\\\/#breadcrumb\",\"itemListElement\":[{\"@type\":\"ListItem\",\"position\":1,\"name\":\"Home\",\"item\":\"https:\\\/\\\/vcycletech.com\\\/\"},{\"@type\":\"ListItem\",\"position\":2,\"name\":\"Water Treatment Chemicals Manufacturer\",\"item\":\"https:\\\/\\\/vcycletech.com\\\/water-treatment-chemicals-manufacturer\\\/\"},{\"@type\":\"ListItem\",\"position\":3,\"name\":\"Polyepoxysuccinic Acid(PESA)\"}]},{\"@type\":\"WebSite\",\"@id\":\"https:\\\/\\\/vcycletech.com\\\/#website\",\"url\":\"https:\\\/\\\/vcycletech.com\\\/\",\"name\":\"vcycletech\",\"description\":\"China&#039;s top water treatment chemicals supplier\",\"publisher\":{\"@id\":\"https:\\\/\\\/vcycletech.com\\\/#organization\"},\"potentialAction\":[{\"@type\":\"SearchAction\",\"target\":{\"@type\":\"EntryPoint\",\"urlTemplate\":\"https:\\\/\\\/vcycletech.com\\\/?s={search_term_string}\"},\"query-input\":{\"@type\":\"PropertyValueSpecification\",\"valueRequired\":true,\"valueName\":\"search_term_string\"}}],\"inLanguage\":\"es\"},{\"@type\":\"Organization\",\"@id\":\"https:\\\/\\\/vcycletech.com\\\/#organization\",\"name\":\"vcycletech\",\"url\":\"https:\\\/\\\/vcycletech.com\\\/\",\"logo\":{\"@type\":\"ImageObject\",\"inLanguage\":\"es\",\"@id\":\"https:\\\/\\\/vcycletech.com\\\/#\\\/schema\\\/logo\\\/image\\\/\",\"url\":\"https:\\\/\\\/vcycletech.com\\\/wp-content\\\/uploads\\\/2023\\\/03\\\/logo-vcycletech-1.png\",\"contentUrl\":\"https:\\\/\\\/vcycletech.com\\\/wp-content\\\/uploads\\\/2023\\\/03\\\/logo-vcycletech-1.png\",\"width\":600,\"height\":400,\"caption\":\"vcycletech\"},\"image\":{\"@id\":\"https:\\\/\\\/vcycletech.com\\\/#\\\/schema\\\/logo\\\/image\\\/\"}}]}<\/script>\n<!-- \/ Yoast SEO Premium plugin. -->","yoast_head_json":{"title":"\u00c1cido poliepoxisucc\u00ednico (PESA) - vcycletech","robots":{"index":"index","follow":"follow","max-snippet":"max-snippet:-1","max-image-preview":"max-image-preview:large","max-video-preview":"max-video-preview:-1"},"canonical":"https:\/\/vcycletech.com\/es\/producto\/poliepoxisuccinico-acidopesa\/","og_locale":"es_MX","og_type":"article","og_title":"Polyepoxysuccinic Acid(PESA)","og_description":"Polyepoxysuccinic Acid (PESA) is an effective water treatment chemical to inhibit multivariate scale and corrosion. It has good synergism with chlorine and other water treatment chemicals, making it a popular choice for boiler water, circulating cool water, desalination plant, and membrane separation in situations of high alkaline, hardness, and high pH. PESA is also known for its excellent scale inhibition capabilities in reverse osmosis systems. Furthermore, PESA is a green water treatment agent without phosphorous or other hazardous substances.","og_url":"https:\/\/vcycletech.com\/es\/producto\/poliepoxisuccinico-acidopesa\/","og_site_name":"vcycletech","article_modified_time":"2023-03-21T13:08:08+00:00","og_image":[{"width":600,"height":600,"url":"https:\/\/vcycletech.com\/wp-content\/uploads\/2023\/03\/1-55.png","type":"image\/png"}],"twitter_card":"summary_large_image","twitter_misc":{"Tiempo de lectura":"4 minutos"},"schema":{"@context":"https:\/\/schema.org","@graph":[{"@type":"WebPage","@id":"https:\/\/vcycletech.com\/product\/polyepoxysuccinic-acidpesa\/","url":"https:\/\/vcycletech.com\/product\/polyepoxysuccinic-acidpesa\/","name":"\u00c1cido poliepoxisucc\u00ednico (PESA) - vcycletech","isPartOf":{"@id":"https:\/\/vcycletech.com\/#website"},"primaryImageOfPage":{"@id":"https:\/\/vcycletech.com\/product\/polyepoxysuccinic-acidpesa\/#primaryimage"},"image":{"@id":"https:\/\/vcycletech.com\/product\/polyepoxysuccinic-acidpesa\/#primaryimage"},"thumbnailUrl":"https:\/\/vcycletech.com\/wp-content\/uploads\/2023\/03\/1-55.png","datePublished":"2023-03-21T13:06:39+00:00","dateModified":"2023-03-21T13:08:08+00:00","breadcrumb":{"@id":"https:\/\/vcycletech.com\/product\/polyepoxysuccinic-acidpesa\/#breadcrumb"},"inLanguage":"es","potentialAction":[{"@type":"ReadAction","target":["https:\/\/vcycletech.com\/product\/polyepoxysuccinic-acidpesa\/"]}]},{"@type":"ImageObject","inLanguage":"es","@id":"https:\/\/vcycletech.com\/product\/polyepoxysuccinic-acidpesa\/#primaryimage","url":"https:\/\/vcycletech.com\/wp-content\/uploads\/2023\/03\/1-55.png","contentUrl":"https:\/\/vcycletech.com\/wp-content\/uploads\/2023\/03\/1-55.png","width":600,"height":600,"caption":"Polyepoxysuccinic Acid(PESA)"},{"@type":"BreadcrumbList","@id":"https:\/\/vcycletech.com\/product\/polyepoxysuccinic-acidpesa\/#breadcrumb","itemListElement":[{"@type":"ListItem","position":1,"name":"Home","item":"https:\/\/vcycletech.com\/"},{"@type":"ListItem","position":2,"name":"Water Treatment Chemicals Manufacturer","item":"https:\/\/vcycletech.com\/water-treatment-chemicals-manufacturer\/"},{"@type":"ListItem","position":3,"name":"Polyepoxysuccinic Acid(PESA)"}]},{"@type":"WebSite","@id":"https:\/\/vcycletech.com\/#website","url":"https:\/\/vcycletech.com\/","name":"vcycletech","description":"El principal proveedor de productos qu\u00edmicos para el tratamiento del agua de China y #039;","publisher":{"@id":"https:\/\/vcycletech.com\/#organization"},"potentialAction":[{"@type":"SearchAction","target":{"@type":"EntryPoint","urlTemplate":"https:\/\/vcycletech.com\/?s={search_term_string}"},"query-input":{"@type":"PropertyValueSpecification","valueRequired":true,"valueName":"search_term_string"}}],"inLanguage":"es"},{"@type":"Organization","@id":"https:\/\/vcycletech.com\/#organization","name":"vcycletech","url":"https:\/\/vcycletech.com\/","logo":{"@type":"ImageObject","inLanguage":"es","@id":"https:\/\/vcycletech.com\/#\/schema\/logo\/image\/","url":"https:\/\/vcycletech.com\/wp-content\/uploads\/2023\/03\/logo-vcycletech-1.png","contentUrl":"https:\/\/vcycletech.com\/wp-content\/uploads\/2023\/03\/logo-vcycletech-1.png","width":600,"height":400,"caption":"vcycletech"},"image":{"@id":"https:\/\/vcycletech.com\/#\/schema\/logo\/image\/"}}]}},"_links":{"self":[{"href":"https:\/\/vcycletech.com\/es\/wp-json\/wp\/v2\/product\/1274","targetHints":{"allow":["GET"]}}],"collection":[{"href":"https:\/\/vcycletech.com\/es\/wp-json\/wp\/v2\/product"}],"about":[{"href":"https:\/\/vcycletech.com\/es\/wp-json\/wp\/v2\/types\/product"}],"wp:featuredmedia":[{"embeddable":true,"href":"https:\/\/vcycletech.com\/es\/wp-json\/wp\/v2\/media\/1290"}],"wp:attachment":[{"href":"https:\/\/vcycletech.com\/es\/wp-json\/wp\/v2\/media?parent=1274"}],"wp:term":[{"taxonomy":"product_brand","embeddable":true,"href":"https:\/\/vcycletech.com\/es\/wp-json\/wp\/v2\/product_brand?post=1274"},{"taxonomy":"product_cat","embeddable":true,"href":"https:\/\/vcycletech.com\/es\/wp-json\/wp\/v2\/product_cat?post=1274"},{"taxonomy":"product_tag","embeddable":true,"href":"https:\/\/vcycletech.com\/es\/wp-json\/wp\/v2\/product_tag?post=1274"}],"curies":[{"name":"wp","href":"https:\/\/api.w.org\/{rel}","templated":true}]}}