{"id":1272,"date":"2023-03-21T12:55:49","date_gmt":"2023-03-21T12:55:49","guid":{"rendered":"https:\/\/vcycletech.com\/?post_type=product&#038;p=1272"},"modified":"2023-03-27T04:15:22","modified_gmt":"2023-03-27T04:15:22","slug":"wt-261-alkali-detergent","status":"publish","type":"product","link":"https:\/\/vcycletech.com\/es\/producto\/wt-261-alkali-detergent\/","title":{"rendered":"WT-261 Detergente alcalino para membrana RO"},"content":{"rendered":"<h3 id=\"introduction_2\" class=\"xsj_heading_hash xsj_heading xsj_heading_h2\" data-source-line=\"6\" data-source-line-display=\"true\"><span class=\"xsj_heading_content\">Introducci\u00f3n:<\/span><\/h3>\n<p class=\"xsj_paragraph xsj_paragraph_level_0\" data-source-line=\"7\" data-source-line-display=\"true\"><strong>Detergente alcalino WT-261<\/strong> es una potente e innovadora soluci\u00f3n de limpieza que elimina la grasa, las sustancias org\u00e1nicas y la biomucosa. Funciona con varias membranas arom\u00e1ticas de poliamida y acetato \u00e1cido para lograr la m\u00e1xima eficacia en todas las superficies. Con la capacidad de aumentar las temperaturas durante el uso para mejorar la potencia, adem\u00e1s de productos qu\u00edmicos l\u00edquidos diluidos con pH 10,5 \u00b1 0,5 que brindan a\u00fan m\u00e1s optimizaci\u00f3n cuando se mezclan bien antes de la aplicaci\u00f3n, \u00a1este detergente se puede reutilizar repetidamente!<\/p>\n<div class=\"xiaoshujiang_element xsj_anchor\"><a class=\"blank_anchor_name\" name=\"features_3\"><\/a><a id=\"features_3\" class=\"blank_anchor_id\"><\/a><a class=\"blank_anchor_name\" name=\"features\"><\/a><a id=\"features\" class=\"blank_anchor_id\"><\/a><\/div>\n<h3 id=\"features_3\" class=\"xsj_heading_hash xsj_heading xsj_heading_h2\" data-source-line=\"9\" data-source-line-display=\"true\"><span class=\"xsj_heading_content\">Caracter\u00edsticas:<\/span><\/h3>\n<p><strong>Detergente alcalino WT-261<\/strong> tiene varias caracter\u00edsticas \u00fanicas que la convierten en una opci\u00f3n ideal para las membranas de \u00f3smosis inversa:<br \/>\n1, la temperatura se puede aumentar durante el uso para mejorar el poder de limpieza;<br \/>\n2, funciona con una variedad de membranas arom\u00e1ticas de poliamida y acetato \u00e1cido para una m\u00e1xima eficiencia en todas las superficies;<br \/>\n3, los productos qu\u00edmicos l\u00edquidos diluidos con pH 10,5 \u00b1 0,5 proporcionan una mayor optimizaci\u00f3n cuando se mezclan completamente antes de la aplicaci\u00f3n;<br \/>\n4, reutilizable una y otra vez;<br \/>\n5, potentes resultados contra el aceite, sustancias org\u00e1nicas y bio-mucosa.<\/p>\n<div class=\"xiaoshujiang_element xsj_anchor\"><a class=\"blank_anchor_name\" name=\"applications_4\"><\/a><a id=\"applications_4\" class=\"blank_anchor_id\"><\/a><a class=\"blank_anchor_name\" name=\"applications\"><\/a><a id=\"applications\" class=\"blank_anchor_id\"><\/a><\/div>\n<h3 id=\"applications_4\" class=\"xsj_heading_hash xsj_heading xsj_heading_h2\" data-source-line=\"19\" data-source-line-display=\"true\"><span class=\"xsj_heading_content\">Aplicaciones:<\/span><\/h3>\n<p class=\"xsj_paragraph xsj_paragraph_level_0\" data-source-line=\"21\" data-source-line-display=\"true\"><strong>Detergente alcalino WT-261<\/strong> se puede usar en una variedad de aplicaciones, que incluyen, entre otros, equipos industriales como bombas, v\u00e1lvulas, etc.; instalaciones medicas; plantas de procesamiento de alimentos; laboratorios; flotas automotrices; tanques de combustible; sistemas de tratamiento de agua; separadores de aceite\/filtros de aceite; sistemas de gesti\u00f3n de aguas residuales; aviones\/aeropuertos\/hangares\/otras \u00e1reas de mantenimiento de aviaci\u00f3n y muchos otros.<\/p>\n<h3>Especificaci\u00f3n:<\/h3>\n<table>\n<tbody>\n<tr>\n<td width=\"204\">Elementos<\/td>\n<td width=\"315\">\u00cdndice<\/td>\n<\/tr>\n<tr>\n<td width=\"204\">Apariencia<\/td>\n<td width=\"315\">L\u00edquido transparente incoloro a amarillo p\u00e1lido<\/td>\n<\/tr>\n<tr>\n<td width=\"204\">pH (soluci\u00f3n de agua 1:45)<\/td>\n<td width=\"315\">10.0-12.0<\/td>\n<\/tr>\n<tr>\n<td width=\"204\">Densidad (20\u2103)g\/cm3<\/td>\n<td width=\"315\">1.05-1.15<\/td>\n<\/tr>\n<tr>\n<td width=\"204\">Temperatura de almacenamiento<\/td>\n<td width=\"315\">No inferior a -5 \u2103<\/td>\n<\/tr>\n<\/tbody>\n<\/table>\n<div class=\"xiaoshujiang_element xsj_anchor\"><a class=\"blank_anchor_name\" name=\"faqs_5\"><\/a><a id=\"faqs_5\" class=\"blank_anchor_id\"><\/a><a class=\"blank_anchor_name\" name=\"faqs\"><\/a><a id=\"faqs\" class=\"blank_anchor_id\"><\/a><\/div>\n<h3 id=\"faqs_5\" class=\"xsj_heading_hash xsj_heading xsj_heading_h2\" data-source-line=\"23\" data-source-line-display=\"true\"><span class=\"xsj_heading_content\">Preguntas frecuentes:<\/span><\/h3>\n<div class=\"xiaoshujiang_element xsj_anchor\"><a class=\"blank_anchor_name\" name=\"q120what20kind20of20detergent20is20wt-26120alkali20detergent_6\"><\/a><a id=\"q120what20kind20of20detergent20is20wt-26120alkali20detergent_6\" class=\"blank_anchor_id\"><\/a><a class=\"blank_anchor_name\" name=\"q1-what-kind-of-detergent-is-wt-261-alkali-detergent\"><\/a><a id=\"q1-what-kind-of-detergent-is-wt-261-alkali-detergent\" class=\"blank_anchor_id\"><\/a><\/div>\n<p id=\"q120what20kind20of20detergent20is20wt-26120alkali20detergent_6\" class=\"xsj_heading_hash xsj_heading xsj_heading_h3\" data-source-line=\"25\" data-source-line-display=\"true\"><strong><span class=\"xsj_heading_content\">P1: \u00bfQu\u00e9 tipo de detergente es el detergente alcalino WT-261?<\/span><\/strong><\/p>\n<p class=\"xsj_paragraph xsj_paragraph_level_0\" data-source-line=\"27\" data-source-line-display=\"true\">El detergente alcalino WT-261 es un detergente alcalino dise\u00f1ado para ofrecer resultados poderosos contra el aceite, las sustancias org\u00e1nicas y la biomucosa. Funciona con varias membranas arom\u00e1ticas de poliamida y acetato \u00e1cido para lograr la m\u00e1xima eficacia en todas las superficies.<\/p>\n<div class=\"xiaoshujiang_element xsj_anchor\"><a class=\"blank_anchor_name\" name=\"q220how20does20wt-26120work_7\"><\/a><a id=\"q220how20does20wt-26120work_7\" class=\"blank_anchor_id\"><\/a><a class=\"blank_anchor_name\" name=\"q2-how-does-wt-261-work\"><\/a><a id=\"q2-how-does-wt-261-work\" class=\"blank_anchor_id\"><\/a><\/div>\n<p id=\"q220how20does20wt-26120work_7\" class=\"xsj_heading_hash xsj_heading xsj_heading_h3\" data-source-line=\"29\" data-source-line-display=\"true\"><strong><span class=\"xsj_heading_content\">P2: \u00bfC\u00f3mo funciona WT-261?<\/span><\/strong><\/p>\n<p class=\"xsj_paragraph xsj_paragraph_level_0\" data-source-line=\"31\" data-source-line-display=\"true\">El detergente alcalino WT-261 aumenta la temperatura durante el uso para mejorar su poder de limpieza. Tambi\u00e9n utiliza productos qu\u00edmicos l\u00edquidos diluidos con pH 10,5 \u00b1 0,5, que brindan una mayor optimizaci\u00f3n cuando se mezclan completamente antes de la aplicaci\u00f3n, lo que permite que se reutilice repetidamente.<\/p>\n<div class=\"xiaoshujiang_element xsj_anchor\"><a class=\"blank_anchor_name\" name=\"q320what20are20the20applications20for20wt-261_8\"><\/a><a id=\"q320what20are20the20applications20for20wt-261_8\" class=\"blank_anchor_id\"><\/a><a class=\"blank_anchor_name\" name=\"q3-what-are-the-applications-for-wt-261\"><\/a><a id=\"q3-what-are-the-applications-for-wt-261\" class=\"blank_anchor_id\"><\/a><\/div>\n<p id=\"q320what20are20the20applications20for20wt-261_8\" class=\"xsj_heading_hash xsj_heading xsj_heading_h3\" data-source-line=\"33\" data-source-line-display=\"true\"><strong><span class=\"xsj_heading_content\">P3: \u00bfCu\u00e1les son las aplicaciones para WT-261?<\/span><\/strong><\/p>\n<p class=\"xsj_paragraph xsj_paragraph_level_0\" data-source-line=\"35\" data-source-line-display=\"true\">El detergente alcalino WT-261 se puede utilizar en diversas aplicaciones, como equipos industriales, instalaciones m\u00e9dicas, plantas de procesamiento de alimentos, laboratorios, flotas automotrices, tanques de combustible, sistemas de tratamiento de agua y separadores de aceite\/filtros de aceite, entre muchos otros usos.<\/p>\n<div class=\"xiaoshujiang_element xsj_anchor\"><a class=\"blank_anchor_name\" name=\"q420can20i20reuse20wt-261_9\"><\/a><a id=\"q420can20i20reuse20wt-261_9\" class=\"blank_anchor_id\"><\/a><a class=\"blank_anchor_name\" name=\"q4-can-i-reuse-wt-261\"><\/a><a id=\"q4-can-i-reuse-wt-261\" class=\"blank_anchor_id\"><\/a><\/div>\n<p id=\"q420can20i20reuse20wt-261_9\" class=\"xsj_heading_hash xsj_heading xsj_heading_h3\" data-source-line=\"37\" data-source-line-display=\"true\"><strong><span class=\"xsj_heading_content\">P4: \u00bfPuedo reutilizar WT-261?<\/span><\/strong><\/p>\n<p class=\"xsj_paragraph xsj_paragraph_level_0\" data-source-line=\"39\" data-source-line-display=\"true\">El detergente alcalino WT-261 se puede reutilizar una y otra vez debido a su qu\u00edmica optimizada que permite que los l\u00edquidos se mezclen completamente antes de la aplicaci\u00f3n, lo que lo hace altamente eficiente y reutilizable.<\/p>\n<div class=\"xiaoshujiang_element xsj_anchor\"><a class=\"blank_anchor_name\" name=\"q520is20there20any20need20for20special20protective20equipment20or20additional20safety20measures20required20when20using20this20product_10\"><\/a><a id=\"q520is20there20any20need20for20special20protective20equipment20or20additional20safety20measures20required20when20using20this20product_10\" class=\"blank_anchor_id\"><\/a><a class=\"blank_anchor_name\" name=\"q5-is-there-any-need-for-special-protective-equipment-or-additional-safety-measures-required-when-using-this-product\"><\/a><a id=\"q5-is-there-any-need-for-special-protective-equipment-or-additional-safety-measures-required-when-using-this-product\" class=\"blank_anchor_id\"><\/a><\/div>\n<p id=\"q520is20there20any20need20for20special20protective20equipment20or20additional20safety20measures20required20when20using20this20product_10\" class=\"xsj_heading_hash xsj_heading xsj_heading_h3\" data-source-line=\"41\" data-source-line-display=\"true\"><strong><span class=\"xsj_heading_content\">P5: \u00bfSe requiere alg\u00fan equipo de protecci\u00f3n especial o medidas de seguridad adicionales al usar este producto?<\/span><\/strong><\/p>\n<p class=\"xsj_paragraph xsj_paragraph_level_0\" data-source-line=\"43\" data-source-line-display=\"true\">Como siempre con cualquier producto qu\u00edmico, siempre se deben tener en cuenta las precauciones de seguridad al manipularlo o usarlo (incluido el uso de ropa protectora o gafas). Sin embargo, no es necesario ning\u00fan equipo de protecci\u00f3n especial ni medidas de seguridad adicionales cuando se usa este producto seg\u00fan lo prescrito en las instrucciones de la etiqueta.<\/p>\n<p class=\"xsj_paragraph xsj_paragraph_level_0\" data-source-line=\"45\" data-source-line-display=\"true\"><a class=\"xsj_link xsj_manu_link\" href=\"https:\/\/vcycletech.com\/es\/biocida-y-algicida\/\">Obtenga la soluci\u00f3n completa de productos qu\u00edmicos para \u00f3smosis inversa<\/a>.<\/p>","protected":false},"excerpt":{"rendered":"<p>Si est\u00e1 buscando un detergente alcalino que sea resistente a los aceites, las sustancias org\u00e1nicas y la biomucosa, no busque m\u00e1s. <strong>WT-261<\/strong>Este detergente, desarrollado para usarse con una variedad de membranas, ofrece m\u00e1xima eficiencia en todas las superficies. La temperatura se puede aumentar durante el uso para mejorar el poder de limpieza, mientras que los productos qu\u00edmicos l\u00edquidos diluidos con un pH de 10,5 \u00b1 0,5 brindan una mayor optimizaci\u00f3n cuando se mezclan completamente antes de la aplicaci\u00f3n, lo que permite reutilizarlos una y otra vez.<\/p>","protected":false},"featured_media":1282,"template":"","meta":{"site-sidebar-layout":"default","site-content-layout":"default","ast-site-content-layout":"default","site-content-style":"default","site-sidebar-style":"default","ast-global-header-display":"","ast-banner-title-visibility":"","ast-main-header-display":"","ast-hfb-above-header-display":"","ast-hfb-below-header-display":"","ast-hfb-mobile-header-display":"","site-post-title":"","ast-breadcrumbs-content":"","ast-featured-img":"","footer-sml-layout":"","ast-disable-related-posts":"","theme-transparent-header-meta":"default","adv-header-id-meta":"","stick-header-meta":"default","header-above-stick-meta":"","header-main-stick-meta":"","header-below-stick-meta":"","astra-migrate-meta-layouts":"default","ast-page-background-enabled":"default","ast-page-background-meta":{"desktop":{"background-color":"","background-image":"","background-repeat":"repeat","background-position":"center center","background-size":"auto","background-attachment":"scroll","background-type":"","background-media":"","overlay-type":"","overlay-color":"","overlay-opacity":"","overlay-gradient":""},"tablet":{"background-color":"","background-image":"","background-repeat":"repeat","background-position":"center center","background-size":"auto","background-attachment":"scroll","background-type":"","background-media":"","overlay-type":"","overlay-color":"","overlay-opacity":"","overlay-gradient":""},"mobile":{"background-color":"","background-image":"","background-repeat":"repeat","background-position":"center center","background-size":"auto","background-attachment":"scroll","background-type":"","background-media":"","overlay-type":"","overlay-color":"","overlay-opacity":"","overlay-gradient":""}},"ast-content-background-meta":{"desktop":{"background-color":"var(--ast-global-color-5)","background-image":"","background-repeat":"repeat","background-position":"center center","background-size":"auto","background-attachment":"scroll","background-type":"","background-media":"","overlay-type":"","overlay-color":"","overlay-opacity":"","overlay-gradient":""},"tablet":{"background-color":"var(--ast-global-color-5)","background-image":"","background-repeat":"repeat","background-position":"center center","background-size":"auto","background-attachment":"scroll","background-type":"","background-media":"","overlay-type":"","overlay-color":"","overlay-opacity":"","overlay-gradient":""},"mobile":{"background-color":"var(--ast-global-color-5)","background-image":"","background-repeat":"repeat","background-position":"center center","background-size":"auto","background-attachment":"scroll","background-type":"","background-media":"","overlay-type":"","overlay-color":"","overlay-opacity":"","overlay-gradient":""}}},"product_brand":[],"product_cat":[31],"product_tag":[],"class_list":{"0":"post-1272","1":"product","2":"type-product","3":"status-publish","4":"has-post-thumbnail","6":"product_cat-reverse-osmosis-chemicals","7":"desktop-align-left","8":"tablet-align-left","9":"mobile-align-left","10":"ast-product-gallery-layout-horizontal-slider","11":"ast-product-gallery-with-no-image","12":"ast-product-tabs-layout-horizontal","14":"first","15":"instock","16":"shipping-taxable","17":"product-type-simple"},"yoast_head":"<!-- This site is optimized with the Yoast SEO Premium plugin v26.3 (Yoast SEO v27.5) - https:\/\/yoast.com\/product\/yoast-seo-premium-wordpress\/ -->\n<title>WT-261 Alkali Detergent for RO Membrane - vcycletech<\/title>\n<meta name=\"description\" content=\"[WT-261 Alkali Detergent] ensures powerful results against oils, organic substances and bio-mucosa on all surfaces. Get maximum efficiency across your aromatic polyamide and acetate acid membranes with our innovative formula. Try it today!\" \/>\n<meta name=\"robots\" content=\"index, follow, max-snippet:-1, max-image-preview:large, max-video-preview:-1\" \/>\n<link rel=\"canonical\" href=\"https:\/\/vcycletech.com\/es\/producto\/wt-261-alkali-detergent\/\" \/>\n<meta property=\"og:locale\" content=\"es_MX\" \/>\n<meta property=\"og:type\" content=\"article\" \/>\n<meta property=\"og:title\" content=\"WT-261 Alkali Detergent for RO Membrane\" \/>\n<meta property=\"og:description\" content=\"[WT-261 Alkali Detergent] ensures powerful results against oils, organic substances and bio-mucosa on all surfaces. Get maximum efficiency across your aromatic polyamide and acetate acid membranes with our innovative formula. Try it today!\" \/>\n<meta property=\"og:url\" content=\"https:\/\/vcycletech.com\/es\/producto\/wt-261-alkali-detergent\/\" \/>\n<meta property=\"og:site_name\" content=\"vcycletech\" \/>\n<meta property=\"article:modified_time\" content=\"2023-03-27T04:15:22+00:00\" \/>\n<meta property=\"og:image\" content=\"https:\/\/vcycletech.com\/wp-content\/uploads\/2023\/03\/WT-0100-6-e1679628148833.png\" \/>\n\t<meta property=\"og:image:width\" content=\"600\" \/>\n\t<meta property=\"og:image:height\" content=\"600\" \/>\n\t<meta property=\"og:image:type\" content=\"image\/png\" \/>\n<meta name=\"twitter:card\" content=\"summary_large_image\" \/>\n<meta name=\"twitter:label1\" content=\"Tiempo de lectura\" \/>\n\t<meta name=\"twitter:data1\" content=\"2 minutos\" \/>\n<script type=\"application\/ld+json\" class=\"yoast-schema-graph\">{\"@context\":\"https:\\\/\\\/schema.org\",\"@graph\":[{\"@type\":\"WebPage\",\"@id\":\"https:\\\/\\\/vcycletech.com\\\/product\\\/wt-261-alkali-detergent\\\/\",\"url\":\"https:\\\/\\\/vcycletech.com\\\/product\\\/wt-261-alkali-detergent\\\/\",\"name\":\"WT-261 Alkali Detergent for RO Membrane - vcycletech\",\"isPartOf\":{\"@id\":\"https:\\\/\\\/vcycletech.com\\\/#website\"},\"primaryImageOfPage\":{\"@id\":\"https:\\\/\\\/vcycletech.com\\\/product\\\/wt-261-alkali-detergent\\\/#primaryimage\"},\"image\":{\"@id\":\"https:\\\/\\\/vcycletech.com\\\/product\\\/wt-261-alkali-detergent\\\/#primaryimage\"},\"thumbnailUrl\":\"https:\\\/\\\/vcycletech.com\\\/wp-content\\\/uploads\\\/2023\\\/03\\\/WT-0100-6-e1679628148833.png\",\"datePublished\":\"2023-03-21T12:55:49+00:00\",\"dateModified\":\"2023-03-27T04:15:22+00:00\",\"description\":\"[WT-261 Alkali Detergent] ensures powerful results against oils, organic substances and bio-mucosa on all surfaces. Get maximum efficiency across your aromatic polyamide and acetate acid membranes with our innovative formula. Try it today!\",\"breadcrumb\":{\"@id\":\"https:\\\/\\\/vcycletech.com\\\/product\\\/wt-261-alkali-detergent\\\/#breadcrumb\"},\"inLanguage\":\"es\",\"potentialAction\":[{\"@type\":\"ReadAction\",\"target\":[\"https:\\\/\\\/vcycletech.com\\\/product\\\/wt-261-alkali-detergent\\\/\"]}]},{\"@type\":\"ImageObject\",\"inLanguage\":\"es\",\"@id\":\"https:\\\/\\\/vcycletech.com\\\/product\\\/wt-261-alkali-detergent\\\/#primaryimage\",\"url\":\"https:\\\/\\\/vcycletech.com\\\/wp-content\\\/uploads\\\/2023\\\/03\\\/WT-0100-6-e1679628148833.png\",\"contentUrl\":\"https:\\\/\\\/vcycletech.com\\\/wp-content\\\/uploads\\\/2023\\\/03\\\/WT-0100-6-e1679628148833.png\",\"width\":600,\"height\":600,\"caption\":\"WT-261 Alkali Detergent for RO Membrane\"},{\"@type\":\"BreadcrumbList\",\"@id\":\"https:\\\/\\\/vcycletech.com\\\/product\\\/wt-261-alkali-detergent\\\/#breadcrumb\",\"itemListElement\":[{\"@type\":\"ListItem\",\"position\":1,\"name\":\"Home\",\"item\":\"https:\\\/\\\/vcycletech.com\\\/\"},{\"@type\":\"ListItem\",\"position\":2,\"name\":\"Water Treatment Chemicals Manufacturer\",\"item\":\"https:\\\/\\\/vcycletech.com\\\/water-treatment-chemicals-manufacturer\\\/\"},{\"@type\":\"ListItem\",\"position\":3,\"name\":\"WT-261 Alkali Detergent for RO Membrane\"}]},{\"@type\":\"WebSite\",\"@id\":\"https:\\\/\\\/vcycletech.com\\\/#website\",\"url\":\"https:\\\/\\\/vcycletech.com\\\/\",\"name\":\"vcycletech\",\"description\":\"China&#039;s top water treatment chemicals supplier\",\"publisher\":{\"@id\":\"https:\\\/\\\/vcycletech.com\\\/#organization\"},\"potentialAction\":[{\"@type\":\"SearchAction\",\"target\":{\"@type\":\"EntryPoint\",\"urlTemplate\":\"https:\\\/\\\/vcycletech.com\\\/?s={search_term_string}\"},\"query-input\":{\"@type\":\"PropertyValueSpecification\",\"valueRequired\":true,\"valueName\":\"search_term_string\"}}],\"inLanguage\":\"es\"},{\"@type\":\"Organization\",\"@id\":\"https:\\\/\\\/vcycletech.com\\\/#organization\",\"name\":\"vcycletech\",\"url\":\"https:\\\/\\\/vcycletech.com\\\/\",\"logo\":{\"@type\":\"ImageObject\",\"inLanguage\":\"es\",\"@id\":\"https:\\\/\\\/vcycletech.com\\\/#\\\/schema\\\/logo\\\/image\\\/\",\"url\":\"https:\\\/\\\/vcycletech.com\\\/wp-content\\\/uploads\\\/2023\\\/03\\\/logo-vcycletech-1.png\",\"contentUrl\":\"https:\\\/\\\/vcycletech.com\\\/wp-content\\\/uploads\\\/2023\\\/03\\\/logo-vcycletech-1.png\",\"width\":600,\"height\":400,\"caption\":\"vcycletech\"},\"image\":{\"@id\":\"https:\\\/\\\/vcycletech.com\\\/#\\\/schema\\\/logo\\\/image\\\/\"}}]}<\/script>\n<!-- \/ Yoast SEO Premium plugin. -->","yoast_head_json":{"title":"WT-261 Detergente alcalino para membrana RO - vcycletech","description":"[WT-261 Alkali Detergent] ensures powerful results against oils, organic substances and bio-mucosa on all surfaces. Get maximum efficiency across your aromatic polyamide and acetate acid membranes with our innovative formula. Try it today!","robots":{"index":"index","follow":"follow","max-snippet":"max-snippet:-1","max-image-preview":"max-image-preview:large","max-video-preview":"max-video-preview:-1"},"canonical":"https:\/\/vcycletech.com\/es\/producto\/wt-261-alkali-detergent\/","og_locale":"es_MX","og_type":"article","og_title":"WT-261 Alkali Detergent for RO Membrane","og_description":"[WT-261 Alkali Detergent] ensures powerful results against oils, organic substances and bio-mucosa on all surfaces. Get maximum efficiency across your aromatic polyamide and acetate acid membranes with our innovative formula. Try it today!","og_url":"https:\/\/vcycletech.com\/es\/producto\/wt-261-alkali-detergent\/","og_site_name":"vcycletech","article_modified_time":"2023-03-27T04:15:22+00:00","og_image":[{"width":600,"height":600,"url":"https:\/\/vcycletech.com\/wp-content\/uploads\/2023\/03\/WT-0100-6-e1679628148833.png","type":"image\/png"}],"twitter_card":"summary_large_image","twitter_misc":{"Tiempo de lectura":"2 minutos"},"schema":{"@context":"https:\/\/schema.org","@graph":[{"@type":"WebPage","@id":"https:\/\/vcycletech.com\/product\/wt-261-alkali-detergent\/","url":"https:\/\/vcycletech.com\/product\/wt-261-alkali-detergent\/","name":"WT-261 Detergente alcalino para membrana RO - vcycletech","isPartOf":{"@id":"https:\/\/vcycletech.com\/#website"},"primaryImageOfPage":{"@id":"https:\/\/vcycletech.com\/product\/wt-261-alkali-detergent\/#primaryimage"},"image":{"@id":"https:\/\/vcycletech.com\/product\/wt-261-alkali-detergent\/#primaryimage"},"thumbnailUrl":"https:\/\/vcycletech.com\/wp-content\/uploads\/2023\/03\/WT-0100-6-e1679628148833.png","datePublished":"2023-03-21T12:55:49+00:00","dateModified":"2023-03-27T04:15:22+00:00","description":"[WT-261 Alkali Detergent] ensures powerful results against oils, organic substances and bio-mucosa on all surfaces. Get maximum efficiency across your aromatic polyamide and acetate acid membranes with our innovative formula. Try it today!","breadcrumb":{"@id":"https:\/\/vcycletech.com\/product\/wt-261-alkali-detergent\/#breadcrumb"},"inLanguage":"es","potentialAction":[{"@type":"ReadAction","target":["https:\/\/vcycletech.com\/product\/wt-261-alkali-detergent\/"]}]},{"@type":"ImageObject","inLanguage":"es","@id":"https:\/\/vcycletech.com\/product\/wt-261-alkali-detergent\/#primaryimage","url":"https:\/\/vcycletech.com\/wp-content\/uploads\/2023\/03\/WT-0100-6-e1679628148833.png","contentUrl":"https:\/\/vcycletech.com\/wp-content\/uploads\/2023\/03\/WT-0100-6-e1679628148833.png","width":600,"height":600,"caption":"WT-261 Alkali Detergent for RO Membrane"},{"@type":"BreadcrumbList","@id":"https:\/\/vcycletech.com\/product\/wt-261-alkali-detergent\/#breadcrumb","itemListElement":[{"@type":"ListItem","position":1,"name":"Home","item":"https:\/\/vcycletech.com\/"},{"@type":"ListItem","position":2,"name":"Water Treatment Chemicals Manufacturer","item":"https:\/\/vcycletech.com\/water-treatment-chemicals-manufacturer\/"},{"@type":"ListItem","position":3,"name":"WT-261 Alkali Detergent for RO Membrane"}]},{"@type":"WebSite","@id":"https:\/\/vcycletech.com\/#website","url":"https:\/\/vcycletech.com\/","name":"vcycletech","description":"El principal proveedor de productos qu\u00edmicos para el tratamiento del agua de China y #039;","publisher":{"@id":"https:\/\/vcycletech.com\/#organization"},"potentialAction":[{"@type":"SearchAction","target":{"@type":"EntryPoint","urlTemplate":"https:\/\/vcycletech.com\/?s={search_term_string}"},"query-input":{"@type":"PropertyValueSpecification","valueRequired":true,"valueName":"search_term_string"}}],"inLanguage":"es"},{"@type":"Organization","@id":"https:\/\/vcycletech.com\/#organization","name":"vcycletech","url":"https:\/\/vcycletech.com\/","logo":{"@type":"ImageObject","inLanguage":"es","@id":"https:\/\/vcycletech.com\/#\/schema\/logo\/image\/","url":"https:\/\/vcycletech.com\/wp-content\/uploads\/2023\/03\/logo-vcycletech-1.png","contentUrl":"https:\/\/vcycletech.com\/wp-content\/uploads\/2023\/03\/logo-vcycletech-1.png","width":600,"height":400,"caption":"vcycletech"},"image":{"@id":"https:\/\/vcycletech.com\/#\/schema\/logo\/image\/"}}]}},"_links":{"self":[{"href":"https:\/\/vcycletech.com\/es\/wp-json\/wp\/v2\/product\/1272","targetHints":{"allow":["GET"]}}],"collection":[{"href":"https:\/\/vcycletech.com\/es\/wp-json\/wp\/v2\/product"}],"about":[{"href":"https:\/\/vcycletech.com\/es\/wp-json\/wp\/v2\/types\/product"}],"wp:featuredmedia":[{"embeddable":true,"href":"https:\/\/vcycletech.com\/es\/wp-json\/wp\/v2\/media\/1282"}],"wp:attachment":[{"href":"https:\/\/vcycletech.com\/es\/wp-json\/wp\/v2\/media?parent=1272"}],"wp:term":[{"taxonomy":"product_brand","embeddable":true,"href":"https:\/\/vcycletech.com\/es\/wp-json\/wp\/v2\/product_brand?post=1272"},{"taxonomy":"product_cat","embeddable":true,"href":"https:\/\/vcycletech.com\/es\/wp-json\/wp\/v2\/product_cat?post=1272"},{"taxonomy":"product_tag","embeddable":true,"href":"https:\/\/vcycletech.com\/es\/wp-json\/wp\/v2\/product_tag?post=1272"}],"curies":[{"name":"wp","href":"https:\/\/api.w.org\/{rel}","templated":true}]}}