{"id":1262,"date":"2023-03-21T12:38:46","date_gmt":"2023-03-21T12:38:46","guid":{"rendered":"https:\/\/vcycletech.com\/?post_type=product&#038;p=1262"},"modified":"2023-03-27T04:29:37","modified_gmt":"2023-03-27T04:29:37","slug":"ceramico-dispersante-kr-908","status":"publish","type":"product","link":"https:\/\/vcycletech.com\/es\/producto\/ceramico-dispersante-kr-908\/","title":{"rendered":"Dispersante cer\u00e1mico WT-908"},"content":{"rendered":"<h3>Propiedades:<\/h3>\n<p><strong>Dispersante cer\u00e1mico WT-908<\/strong> es una sal de pol\u00edmero ani\u00f3nico capaz de adsorberse en la superficie de varias part\u00edculas peque\u00f1as, creando una fuerza de repulsi\u00f3n est\u00e1tica que evita que las part\u00edculas se asienten y se agrupen.<\/p>\n<p class=\"my-0.5\">Cuando se utiliza como aditivo en materiales magn\u00e9ticos, cer\u00e1mica electr\u00f3nica, fabricaci\u00f3n de papel y cer\u00e1mica de al\u00famina cer\u00e1mica dom\u00e9stica, <strong>Dispersante cer\u00e1mico WT-908 <\/strong>reduce la viscosidad y facilita el procesamiento. Se volatiliza durante el proceso de calcinaci\u00f3n sin afectar las propiedades f\u00edsicas o qu\u00edmicas del producto. Adem\u00e1s, no presenta toxicidad ni riesgo corrosivo.<\/p>\n<h3>Especificaci\u00f3n:<\/h3>\n<div id=\"footable_parent_1268\"\n         class=\"footable_parent ninja_table_wrapper loading_ninja_table wp_table_data_press_parent semantic_ui\">\n                <table data-ninja_table_instance=\"ninja_table_instance_0\" data-footable_id=\"1268\" data-filter-delay=\"1000\" aria-label=\"Dispersante cer\u00e1mico KR-908.csv\"            id=\"footable_1268\"\n           data-unique_identifier=\"ninja_table_unique_id_1099098098_1268\"\n           class=\"foo-table ninja_footable foo_table_1268 ninja_table_unique_id_1099098098_1268 ui table  nt_type_legacy_table selectable striped vertical_centered  footable-paging-right ninja_table_pro\">\n                <colgroup>\n                            <col class=\"ninja_column_0\">\n                            <col class=\"ninja_column_1\">\n                    <\/colgroup>\n        <thead>\n<tr class=\"footable-header\">\n                                        <th scope=\"col\"  class=\"ninja_column_0 ninja_clmn_nm_items\">Art\u00edculos<\/th><th scope=\"col\"  class=\"ninja_column_1 ninja_clmn_nm_index\">\u00cdndice<\/th><\/tr>\n<\/thead>\n<tbody>\n\n        <tr data-row_id=\"315\" class=\"ninja_table_row_0 nt_row_id_315\">\n            <td>Apariencia<\/td><td>L\u00edquido viscoso amarillo claro<\/td>        <\/tr>\n            <tr data-row_id=\"316\" class=\"ninja_table_row_1 nt_row_id_316\">\n            <td>Contenido s\u00f3lido, %<\/td><td>40<\/td>        <\/tr>\n            <tr data-row_id=\"317\" class=\"ninja_table_row_2 nt_row_id_317\">\n            <td>Densidad (20 \u2103), g\/cm3<\/td><td>1.1<\/td>        <\/tr>\n            <tr data-row_id=\"318\" class=\"ninja_table_row_3 nt_row_id_318\">\n            <td>pH (como \u00e9l)<\/td><td>7.0-8.0<\/td>        <\/tr>\n            <tr data-row_id=\"319\" class=\"ninja_table_row_4 nt_row_id_319\">\n            <td>Viscosidad (25 \u2103) mpa.s<\/td><td>100-500<\/td>        <\/tr>\n    <\/tbody><!--ninja_tobody_rendering_done-->\n    <\/table>\n    \n    \n    \n<\/div>\n\n<h3>Uso:<\/h3>\n<p><strong>WT-908<\/strong> es una materia prima que ayuda a reducir la cantidad de agua y el tiempo necesario para la molienda. Cuando se mezcla con un cierto contenido de agua y luego se muele, produce un alto contenido de s\u00f3lidos y una lechada estable. Mediante prensado en seco o medio prensado en seco durante el proceso de secado por atomizaci\u00f3n, el polvo obtenido es fuerte y resistente al desgaste. Tambi\u00e9n evita el encogimiento o fraccionamiento en la calcinaci\u00f3n.<\/p>\n<p>La cantidad preferida de <strong>WT-908<\/strong> para uso es 0.2% a 2.0% (s\u00f3lido\/s\u00f3lido). Para obtener resultados \u00f3ptimos, se deben realizar experimentos para determinar la cantidad exacta que se utilizar\u00e1. Adem\u00e1s, <strong>WT-908<\/strong> Se puede combinar con dispersantes de fosfato inorg\u00e1nico.<\/p>\n<p><strong>WT-908<\/strong> viene en tambores de pl\u00e1stico de 200 l, IBC (1000 l) y paquetes personalizados que se adaptan a los requisitos del cliente. Debe almacenarse en una habitaci\u00f3n bien sombreada en condiciones secas hasta por diez meses.<\/p>\n<p>Por razones de seguridad, se deben tomar precauciones al manipular este producto, ya que es de naturaleza alcalina d\u00e9bil. Mant\u00e9ngase alejado de los ojos y la piel; si ocurre contacto, enjuague inmediatamente con abundante agua.<\/p>\n<h3>Gu\u00eda completa:<\/h3>\n<p><strong>\u00a0Dispersante cer\u00e1mico WT-908<\/strong> es una soluci\u00f3n eficaz y fiable para los productos qu\u00edmicos de tratamiento de agua. Es una sal de pol\u00edmero ani\u00f3nico que tiene la capacidad de adsorberse en la superficie de varias part\u00edculas menores, generando repulsi\u00f3n est\u00e1tica y evitando que se aglutinen. Esto ayuda a reducir la bioincrustaci\u00f3n en los sistemas de biorreactores de membrana, lo que lo hace ideal para el tratamiento de aguas residuales. Adem\u00e1s, tambi\u00e9n se puede utilizar como ingrediente antioxidante en los sistemas de tratamiento de aguas residuales.<\/p>\n<h4>Funci\u00f3n y principio de acci\u00f3n<\/h4>\n<p>WT-908 se utiliza para prevenir la sedimentaci\u00f3n en los sistemas de agua. Sus propiedades qu\u00edmicas le permiten reaccionar con part\u00edculas y formar capas microsc\u00f3picas a su alrededor, que act\u00faan como barreras que evitan que otras part\u00edculas se adhieran. Esto evita que se formen part\u00edculas m\u00e1s grandes y que se asienten fuera de la soluci\u00f3n, lo que de otro modo crear\u00eda obstrucciones o impedir\u00eda el flujo. Al mantener un movimiento constante a lo largo del tiempo, el WT-908 mantiene los s\u00f3lidos en suspensi\u00f3n distribuidos uniformemente en toda la corriente de agua.<\/p>\n<h4>Campo de aplicaci\u00f3n<\/h4>\n<p>WT-908 se puede utilizar en una variedad de aplicaciones, incluido el tratamiento de agua de calderas, el tratamiento de agua de refrigeraci\u00f3n y otros procesos qu\u00edmicos. Es adecuado para varios usos industriales, como plantas de energ\u00eda, plantas de procesamiento de alimentos e instalaciones de fabricaci\u00f3n donde los contaminantes solubles deben eliminarse o evitar que obstruyan los equipos de proceso o interfieran con la eficiencia de las operaciones o la calidad del producto.<\/p>\n<h4>Precauciones de uso<\/h4>\n<p>al manipular <strong>Dispersante cer\u00e1mico WT-908,<\/strong> es importante usar equipo de protecci\u00f3n como gafas de seguridad y guantes. Adem\u00e1s, los usuarios deben evitar a toda costa el contacto directo con la piel o los ojos y asegurarse de no estar expuestos a altos niveles de polvo generado por este producto durante el uso o las condiciones de almacenamiento en las que su forma de polvo puede pasar al aire. Todas las superficies que entren en contacto con WT-908 deben estar debidamente selladas y bien ventiladas durante los per\u00edodos de aplicaci\u00f3n para minimizar los posibles riesgos para la salud debido a la inhalaci\u00f3n de irritantes respiratorios causados por su uso.<\/p>\n<h3>Preguntas frecuentes:<\/h3>\n<p><strong>P1: \u00bfQu\u00e9 es el dispersante cer\u00e1mico WT-908?<\/strong><br \/>\nEl dispersante cer\u00e1mico WT-908 es una sal de pol\u00edmero ani\u00f3nico utilizada para productos qu\u00edmicos de tratamiento de agua con la capacidad de adsorberse en la superficie de varias part\u00edculas menores, generando repulsi\u00f3n est\u00e1tica y evitando que se aglutinen; Ayuda a reducir la bioincrustaci\u00f3n en los sistemas de biorreactores de membrana, lo que lo hace ideal para el tratamiento de aguas residuales; Tambi\u00e9n se puede utilizar como ingrediente antioxidante en los sistemas de tratamiento de aguas residuales.<\/p>\n<p><strong>P2:\u00bfCu\u00e1les son algunas aplicaciones del dispersante cer\u00e1mico WT-908?<\/strong><br \/>\nWT-908 se puede utilizar para diversos usos industriales, como plantas de energ\u00eda, plantas de procesamiento de alimentos e instalaciones de fabricaci\u00f3n donde los contaminantes solubles se deben eliminar o evitar que obstruyan los equipos de proceso o interfieran con la eficiencia de las operaciones o la calidad del producto; Tambi\u00e9n se puede aplicar en el tratamiento de agua de calderas, tratamiento de agua de refrigeraci\u00f3n y otros procesos qu\u00edmicos.<\/p>\n<p><strong>P3:\u00bfEl uso de WT-908 presenta alg\u00fan riesgo para la salud?<\/strong><br \/>\nAl manipular el dispersante WT-908, es esencial usar equipo de protecci\u00f3n, como anteojos y guantes de seguridad; Debe evitarse siempre el contacto directo con la piel o los ojos; Para minimizar los riesgos potenciales para la salud debido a la inhalaci\u00f3n de irritantes respiratorios causados por su uso, todas las superficies que entren en contacto con el producto deben estar debidamente selladas y bien ventiladas durante los per\u00edodos de aplicaci\u00f3n.<\/p>\n<p><strong>P4: \u00bfC\u00f3mo funciona WT-908?<\/strong><br \/>\nSus propiedades qu\u00edmicas permiten la reacci\u00f3n de desplazamiento del WT-908 con las part\u00edculas, formando as\u00ed capas microsc\u00f3picas a su alrededor que act\u00faan como barreras que evitan que otras part\u00edculas se adhieran; Esto evita que se formen part\u00edculas m\u00e1s grandes y se asienten fuera de la soluci\u00f3n, evitando as\u00ed bloqueos o impidiendo el flujo mientras se mantiene un movimiento constante a lo largo del tiempo en todo el sistema tratado.<\/p>\n<p><strong>P5: \u00bfPuedo confiar en este producto?<\/strong><br \/>\n\u00a1S\u00ed! Ceramic Dispersant Wt-908 es una soluci\u00f3n confiable y eficiente para productos qu\u00edmicos de tratamiento de agua desarrollado por profesionales experimentados de la industria.<\/p>\n<p><strong>P6: \u00bfCu\u00e1les son algunos de los beneficios de usar este dispersante?<\/strong><br \/>\nAlgunos beneficios incluyen un mejor control sobre la tasa de sedimentaci\u00f3n dentro de los sistemas tratados, lo que conduce a menos da\u00f1os causados por la deposici\u00f3n de part\u00edculas pesadas; Adem\u00e1s, poder mantener una distribuci\u00f3n uniforme en los flujos tratados ofrece un mayor grado de claridad al monitorear el progreso incluso despu\u00e9s de un uso a largo plazo; Esto no solo mejora el rendimiento general del sistema, sino que tambi\u00e9n ahorra dinero, ya que el mantenimiento frecuente genera un consumo de recursos m\u00e1s costoso.<\/p>\n<p><a href=\"https:\/\/vcycletech.com\/es\/categoria-de-producto\/policarboxilico-antiincrustante-y-dispersante\/\">Obtenga la soluci\u00f3n dispersante y antiincrustante policarbox\u00edlico completo.<\/a><\/p>","protected":false},"excerpt":{"rendered":"<p><strong>Dispersante cer\u00e1mico WT-908<\/strong> es una sal de pol\u00edmero ani\u00f3nico utilizada para productos qu\u00edmicos de tratamiento de agua. Tiene la capacidad de adsorberse en la superficie de varias part\u00edculas menores, generando repulsi\u00f3n est\u00e1tica y evitando que se aglutinen. Esto ayuda a reducir la bioincrustaci\u00f3n en los sistemas de biorreactores de membrana, lo que lo hace ideal para el tratamiento de aguas residuales.<strong>Dispersante cer\u00e1mico WT-908<\/strong> tambi\u00e9n es eficaz en el tratamiento de agua de calderas, tratamiento de agua de refrigeraci\u00f3n y otros procesos qu\u00edmicos. Adem\u00e1s, se puede utilizar como ingrediente antioxidante en los sistemas de tratamiento de aguas residuales.<strong>Dispersante cer\u00e1mico WT-908<\/strong>\u00a0es una soluci\u00f3n confiable y eficiente para productos qu\u00edmicos de tratamiento de agua.<\/p>","protected":false},"featured_media":2831,"template":"","meta":{"site-sidebar-layout":"default","site-content-layout":"default","ast-site-content-layout":"default","site-content-style":"default","site-sidebar-style":"default","ast-global-header-display":"","ast-banner-title-visibility":"","ast-main-header-display":"","ast-hfb-above-header-display":"","ast-hfb-below-header-display":"","ast-hfb-mobile-header-display":"","site-post-title":"","ast-breadcrumbs-content":"","ast-featured-img":"","footer-sml-layout":"","ast-disable-related-posts":"","theme-transparent-header-meta":"default","adv-header-id-meta":"","stick-header-meta":"default","header-above-stick-meta":"","header-main-stick-meta":"","header-below-stick-meta":"","astra-migrate-meta-layouts":"default","ast-page-background-enabled":"default","ast-page-background-meta":{"desktop":{"background-color":"","background-image":"","background-repeat":"repeat","background-position":"center center","background-size":"auto","background-attachment":"scroll","background-type":"","background-media":"","overlay-type":"","overlay-color":"","overlay-opacity":"","overlay-gradient":""},"tablet":{"background-color":"","background-image":"","background-repeat":"repeat","background-position":"center center","background-size":"auto","background-attachment":"scroll","background-type":"","background-media":"","overlay-type":"","overlay-color":"","overlay-opacity":"","overlay-gradient":""},"mobile":{"background-color":"","background-image":"","background-repeat":"repeat","background-position":"center center","background-size":"auto","background-attachment":"scroll","background-type":"","background-media":"","overlay-type":"","overlay-color":"","overlay-opacity":"","overlay-gradient":""}},"ast-content-background-meta":{"desktop":{"background-color":"var(--ast-global-color-5)","background-image":"","background-repeat":"repeat","background-position":"center center","background-size":"auto","background-attachment":"scroll","background-type":"","background-media":"","overlay-type":"","overlay-color":"","overlay-opacity":"","overlay-gradient":""},"tablet":{"background-color":"var(--ast-global-color-5)","background-image":"","background-repeat":"repeat","background-position":"center center","background-size":"auto","background-attachment":"scroll","background-type":"","background-media":"","overlay-type":"","overlay-color":"","overlay-opacity":"","overlay-gradient":""},"mobile":{"background-color":"var(--ast-global-color-5)","background-image":"","background-repeat":"repeat","background-position":"center center","background-size":"auto","background-attachment":"scroll","background-type":"","background-media":"","overlay-type":"","overlay-color":"","overlay-opacity":"","overlay-gradient":""}}},"product_brand":[],"product_cat":[28],"product_tag":[],"class_list":{"0":"post-1262","1":"product","2":"type-product","3":"status-publish","4":"has-post-thumbnail","6":"product_cat-polycarboxylic-antiscalant-and-dispersant","7":"desktop-align-left","8":"tablet-align-left","9":"mobile-align-left","10":"ast-product-gallery-layout-horizontal-slider","11":"ast-product-gallery-with-no-image","12":"ast-product-tabs-layout-horizontal","14":"first","15":"instock","16":"shipping-taxable","17":"product-type-simple"},"yoast_head":"<!-- This site is optimized with the Yoast SEO Premium plugin v26.3 (Yoast SEO v27.3) - https:\/\/yoast.com\/product\/yoast-seo-premium-wordpress\/ -->\n<title>WT-908 Ceramic Dispersant - vcycletech<\/title>\n<meta name=\"description\" content=\"Get reliable water treatment results with WT-908 Ceramic Dispersant! Our effective chemicals are the solution to your needs.\" \/>\n<meta name=\"robots\" content=\"index, follow, max-snippet:-1, max-image-preview:large, max-video-preview:-1\" \/>\n<link rel=\"canonical\" href=\"https:\/\/vcycletech.com\/es\/producto\/ceramico-dispersante-kr-908\/\" \/>\n<meta property=\"og:locale\" content=\"es_MX\" \/>\n<meta property=\"og:type\" content=\"article\" \/>\n<meta property=\"og:title\" content=\"WT-908 Ceramic Dispersant\" \/>\n<meta property=\"og:description\" content=\"Get reliable water treatment results with WT-908 Ceramic Dispersant! Our effective chemicals are the solution to your needs.\" \/>\n<meta property=\"og:url\" content=\"https:\/\/vcycletech.com\/es\/producto\/ceramico-dispersante-kr-908\/\" \/>\n<meta property=\"og:site_name\" content=\"vcycletech\" \/>\n<meta property=\"article:modified_time\" content=\"2023-03-27T04:29:37+00:00\" \/>\n<meta property=\"og:image\" content=\"https:\/\/vcycletech.com\/wp-content\/uploads\/2023\/03\/1-110.png\" \/>\n\t<meta property=\"og:image:width\" content=\"600\" \/>\n\t<meta property=\"og:image:height\" content=\"600\" \/>\n\t<meta property=\"og:image:type\" content=\"image\/png\" \/>\n<meta name=\"twitter:card\" content=\"summary_large_image\" \/>\n<meta name=\"twitter:label1\" content=\"Tiempo de lectura\" \/>\n\t<meta name=\"twitter:data1\" content=\"5 minutos\" \/>\n<script type=\"application\/ld+json\" class=\"yoast-schema-graph\">{\"@context\":\"https:\\\/\\\/schema.org\",\"@graph\":[{\"@type\":\"WebPage\",\"@id\":\"https:\\\/\\\/vcycletech.com\\\/product\\\/wt-908-ceramic-dispersant\\\/\",\"url\":\"https:\\\/\\\/vcycletech.com\\\/product\\\/wt-908-ceramic-dispersant\\\/\",\"name\":\"WT-908 Ceramic Dispersant - vcycletech\",\"isPartOf\":{\"@id\":\"https:\\\/\\\/vcycletech.com\\\/#website\"},\"primaryImageOfPage\":{\"@id\":\"https:\\\/\\\/vcycletech.com\\\/product\\\/wt-908-ceramic-dispersant\\\/#primaryimage\"},\"image\":{\"@id\":\"https:\\\/\\\/vcycletech.com\\\/product\\\/wt-908-ceramic-dispersant\\\/#primaryimage\"},\"thumbnailUrl\":\"https:\\\/\\\/vcycletech.com\\\/wp-content\\\/uploads\\\/2023\\\/03\\\/1-110.png\",\"datePublished\":\"2023-03-21T12:38:46+00:00\",\"dateModified\":\"2023-03-27T04:29:37+00:00\",\"description\":\"Get reliable water treatment results with WT-908 Ceramic Dispersant! Our effective chemicals are the solution to your needs.\",\"breadcrumb\":{\"@id\":\"https:\\\/\\\/vcycletech.com\\\/product\\\/wt-908-ceramic-dispersant\\\/#breadcrumb\"},\"inLanguage\":\"es\",\"potentialAction\":[{\"@type\":\"ReadAction\",\"target\":[\"https:\\\/\\\/vcycletech.com\\\/product\\\/wt-908-ceramic-dispersant\\\/\"]}]},{\"@type\":\"ImageObject\",\"inLanguage\":\"es\",\"@id\":\"https:\\\/\\\/vcycletech.com\\\/product\\\/wt-908-ceramic-dispersant\\\/#primaryimage\",\"url\":\"https:\\\/\\\/vcycletech.com\\\/wp-content\\\/uploads\\\/2023\\\/03\\\/1-110.png\",\"contentUrl\":\"https:\\\/\\\/vcycletech.com\\\/wp-content\\\/uploads\\\/2023\\\/03\\\/1-110.png\",\"width\":600,\"height\":600,\"caption\":\"WT-908 Ceramic Dispersant\"},{\"@type\":\"BreadcrumbList\",\"@id\":\"https:\\\/\\\/vcycletech.com\\\/product\\\/wt-908-ceramic-dispersant\\\/#breadcrumb\",\"itemListElement\":[{\"@type\":\"ListItem\",\"position\":1,\"name\":\"Home\",\"item\":\"https:\\\/\\\/vcycletech.com\\\/\"},{\"@type\":\"ListItem\",\"position\":2,\"name\":\"Water Treatment Chemicals Manufacturer\",\"item\":\"https:\\\/\\\/vcycletech.com\\\/water-treatment-chemicals-manufacturer\\\/\"},{\"@type\":\"ListItem\",\"position\":3,\"name\":\"WT-908 Ceramic Dispersant\"}]},{\"@type\":\"WebSite\",\"@id\":\"https:\\\/\\\/vcycletech.com\\\/#website\",\"url\":\"https:\\\/\\\/vcycletech.com\\\/\",\"name\":\"vcycletech\",\"description\":\"China&#039;s top water treatment chemicals supplier\",\"publisher\":{\"@id\":\"https:\\\/\\\/vcycletech.com\\\/#organization\"},\"potentialAction\":[{\"@type\":\"SearchAction\",\"target\":{\"@type\":\"EntryPoint\",\"urlTemplate\":\"https:\\\/\\\/vcycletech.com\\\/?s={search_term_string}\"},\"query-input\":{\"@type\":\"PropertyValueSpecification\",\"valueRequired\":true,\"valueName\":\"search_term_string\"}}],\"inLanguage\":\"es\"},{\"@type\":\"Organization\",\"@id\":\"https:\\\/\\\/vcycletech.com\\\/#organization\",\"name\":\"vcycletech\",\"url\":\"https:\\\/\\\/vcycletech.com\\\/\",\"logo\":{\"@type\":\"ImageObject\",\"inLanguage\":\"es\",\"@id\":\"https:\\\/\\\/vcycletech.com\\\/#\\\/schema\\\/logo\\\/image\\\/\",\"url\":\"https:\\\/\\\/vcycletech.com\\\/wp-content\\\/uploads\\\/2023\\\/03\\\/logo-vcycletech-1.png\",\"contentUrl\":\"https:\\\/\\\/vcycletech.com\\\/wp-content\\\/uploads\\\/2023\\\/03\\\/logo-vcycletech-1.png\",\"width\":600,\"height\":400,\"caption\":\"vcycletech\"},\"image\":{\"@id\":\"https:\\\/\\\/vcycletech.com\\\/#\\\/schema\\\/logo\\\/image\\\/\"}}]}<\/script>\n<!-- \/ Yoast SEO Premium plugin. -->","yoast_head_json":{"title":"Dispersante cer\u00e1mico WT-908 - vcycletech","description":"\u00a1Obtenga resultados de tratamiento de agua confiables con el dispersante cer\u00e1mico WT-908! Nuestros efectivos qu\u00edmicos son la soluci\u00f3n a sus necesidades.","robots":{"index":"index","follow":"follow","max-snippet":"max-snippet:-1","max-image-preview":"max-image-preview:large","max-video-preview":"max-video-preview:-1"},"canonical":"https:\/\/vcycletech.com\/es\/producto\/ceramico-dispersante-kr-908\/","og_locale":"es_MX","og_type":"article","og_title":"WT-908 Ceramic Dispersant","og_description":"Get reliable water treatment results with WT-908 Ceramic Dispersant! Our effective chemicals are the solution to your needs.","og_url":"https:\/\/vcycletech.com\/es\/producto\/ceramico-dispersante-kr-908\/","og_site_name":"vcycletech","article_modified_time":"2023-03-27T04:29:37+00:00","og_image":[{"width":600,"height":600,"url":"https:\/\/vcycletech.com\/wp-content\/uploads\/2023\/03\/1-110.png","type":"image\/png"}],"twitter_card":"summary_large_image","twitter_misc":{"Tiempo de lectura":"5 minutos"},"schema":{"@context":"https:\/\/schema.org","@graph":[{"@type":"WebPage","@id":"https:\/\/vcycletech.com\/product\/wt-908-ceramic-dispersant\/","url":"https:\/\/vcycletech.com\/product\/wt-908-ceramic-dispersant\/","name":"Dispersante cer\u00e1mico WT-908 - vcycletech","isPartOf":{"@id":"https:\/\/vcycletech.com\/#website"},"primaryImageOfPage":{"@id":"https:\/\/vcycletech.com\/product\/wt-908-ceramic-dispersant\/#primaryimage"},"image":{"@id":"https:\/\/vcycletech.com\/product\/wt-908-ceramic-dispersant\/#primaryimage"},"thumbnailUrl":"https:\/\/vcycletech.com\/wp-content\/uploads\/2023\/03\/1-110.png","datePublished":"2023-03-21T12:38:46+00:00","dateModified":"2023-03-27T04:29:37+00:00","description":"\u00a1Obtenga resultados de tratamiento de agua confiables con el dispersante cer\u00e1mico WT-908! Nuestros efectivos qu\u00edmicos son la soluci\u00f3n a sus necesidades.","breadcrumb":{"@id":"https:\/\/vcycletech.com\/product\/wt-908-ceramic-dispersant\/#breadcrumb"},"inLanguage":"es","potentialAction":[{"@type":"ReadAction","target":["https:\/\/vcycletech.com\/product\/wt-908-ceramic-dispersant\/"]}]},{"@type":"ImageObject","inLanguage":"es","@id":"https:\/\/vcycletech.com\/product\/wt-908-ceramic-dispersant\/#primaryimage","url":"https:\/\/vcycletech.com\/wp-content\/uploads\/2023\/03\/1-110.png","contentUrl":"https:\/\/vcycletech.com\/wp-content\/uploads\/2023\/03\/1-110.png","width":600,"height":600,"caption":"WT-908 Ceramic Dispersant"},{"@type":"BreadcrumbList","@id":"https:\/\/vcycletech.com\/product\/wt-908-ceramic-dispersant\/#breadcrumb","itemListElement":[{"@type":"ListItem","position":1,"name":"Home","item":"https:\/\/vcycletech.com\/"},{"@type":"ListItem","position":2,"name":"Water Treatment Chemicals Manufacturer","item":"https:\/\/vcycletech.com\/water-treatment-chemicals-manufacturer\/"},{"@type":"ListItem","position":3,"name":"WT-908 Ceramic Dispersant"}]},{"@type":"WebSite","@id":"https:\/\/vcycletech.com\/#website","url":"https:\/\/vcycletech.com\/","name":"vcycletech","description":"El principal proveedor de productos qu\u00edmicos para el tratamiento del agua de China y #039;","publisher":{"@id":"https:\/\/vcycletech.com\/#organization"},"potentialAction":[{"@type":"SearchAction","target":{"@type":"EntryPoint","urlTemplate":"https:\/\/vcycletech.com\/?s={search_term_string}"},"query-input":{"@type":"PropertyValueSpecification","valueRequired":true,"valueName":"search_term_string"}}],"inLanguage":"es"},{"@type":"Organization","@id":"https:\/\/vcycletech.com\/#organization","name":"vcycletech","url":"https:\/\/vcycletech.com\/","logo":{"@type":"ImageObject","inLanguage":"es","@id":"https:\/\/vcycletech.com\/#\/schema\/logo\/image\/","url":"https:\/\/vcycletech.com\/wp-content\/uploads\/2023\/03\/logo-vcycletech-1.png","contentUrl":"https:\/\/vcycletech.com\/wp-content\/uploads\/2023\/03\/logo-vcycletech-1.png","width":600,"height":400,"caption":"vcycletech"},"image":{"@id":"https:\/\/vcycletech.com\/#\/schema\/logo\/image\/"}}]}},"_links":{"self":[{"href":"https:\/\/vcycletech.com\/es\/wp-json\/wp\/v2\/product\/1262","targetHints":{"allow":["GET"]}}],"collection":[{"href":"https:\/\/vcycletech.com\/es\/wp-json\/wp\/v2\/product"}],"about":[{"href":"https:\/\/vcycletech.com\/es\/wp-json\/wp\/v2\/types\/product"}],"wp:featuredmedia":[{"embeddable":true,"href":"https:\/\/vcycletech.com\/es\/wp-json\/wp\/v2\/media\/2831"}],"wp:attachment":[{"href":"https:\/\/vcycletech.com\/es\/wp-json\/wp\/v2\/media?parent=1262"}],"wp:term":[{"taxonomy":"product_brand","embeddable":true,"href":"https:\/\/vcycletech.com\/es\/wp-json\/wp\/v2\/product_brand?post=1262"},{"taxonomy":"product_cat","embeddable":true,"href":"https:\/\/vcycletech.com\/es\/wp-json\/wp\/v2\/product_cat?post=1262"},{"taxonomy":"product_tag","embeddable":true,"href":"https:\/\/vcycletech.com\/es\/wp-json\/wp\/v2\/product_tag?post=1262"}],"curies":[{"name":"wp","href":"https:\/\/api.w.org\/{rel}","templated":true}]}}