{"id":1256,"date":"2023-03-21T12:53:43","date_gmt":"2023-03-21T12:53:43","guid":{"rendered":"https:\/\/vcycletech.com\/?post_type=product&#038;p=1256"},"modified":"2023-03-21T12:54:30","modified_gmt":"2023-03-21T12:54:30","slug":"3-metoxipropilaminomopa","status":"publish","type":"product","link":"https:\/\/vcycletech.com\/es\/producto\/3-metoxipropilaminomopa\/","title":{"rendered":"3-metoxipropilamina (MOPA)"},"content":{"rendered":"<h3>N\u00ba CAS 5332-73-0<\/h3>\n<h3>F\u00f3rmula molecular: C4H11NO<\/h3>\n<h3>Peso molecular: 89,14<\/h3>\n<h3>Especificaci\u00f3n:<\/h3>\n<div id=\"footable_parent_1259\"\n         class=\"footable_parent ninja_table_wrapper loading_ninja_table wp_table_data_press_parent semantic_ui\">\n                <table data-ninja_table_instance=\"ninja_table_instance_0\" data-footable_id=\"1259\" data-filter-delay=\"1000\" aria-label=\"3-metoxipropilamina(MOPA).csv\"            id=\"footable_1259\"\n           data-unique_identifier=\"ninja_table_unique_id_883318204_1259\"\n           class=\"foo-table ninja_footable foo_table_1259 ninja_table_unique_id_883318204_1259 ui table  nt_type_legacy_table selectable striped vertical_centered  footable-paging-right ninja_table_pro\">\n                <colgroup>\n                            <col class=\"ninja_column_0\">\n                            <col class=\"ninja_column_1\">\n                    <\/colgroup>\n        <thead>\n<tr class=\"footable-header\">\n                                        <th scope=\"col\"  class=\"ninja_column_0 ninja_clmn_nm_items\">Elementos<\/th><th scope=\"col\"  class=\"ninja_column_1 ninja_clmn_nm_index\">\u00cdndice<\/th><\/tr>\n<\/thead>\n<tbody>\n\n        <tr data-row_id=\"311\" class=\"ninja_table_row_0 nt_row_id_311\">\n            <td>Apariencia<\/td><td>L\u00edquido transparente incoloro<\/td>        <\/tr>\n            <tr data-row_id=\"312\" class=\"ninja_table_row_1 nt_row_id_312\">\n            <td>Pureza, %<\/td><td>99,5 minutos<\/td>        <\/tr>\n            <tr data-row_id=\"313\" class=\"ninja_table_row_2 nt_row_id_313\">\n            <td>Color (APHA)<\/td><td>30,0 m\u00e1x.<\/td>        <\/tr>\n            <tr data-row_id=\"314\" class=\"ninja_table_row_3 nt_row_id_314\">\n            <td>Humedad, %<\/td><td>0,3 m\u00e1x.<\/td>        <\/tr>\n    <\/tbody><!--ninja_tobody_rendering_done-->\n    <\/table>\n    \n    \n    \n<\/div>\n\n<h3>Propiedades :<\/h3>\n<p><strong>3-metoxipropilamina (MOPA)<\/strong> es una base fuerte y un reactivo eficiente adecuado para su uso en la industria de tratamiento de agua. Es un compuesto org\u00e1nico con alta alcalinidad, baja volatilidad y baja biodegradabilidad. Adem\u00e1s, tiene buena miscibilidad en muchos solventes y puede usarse como tamp\u00f3n de pH. MOPA tambi\u00e9n es conocido por sus excelentes propiedades de inhibici\u00f3n de la corrosi\u00f3n, lo que lo hace adecuado para prevenir la corrosi\u00f3n del metal debido al contacto con sistemas de agua duras.<\/p>\n<p>MOPA es un l\u00edquido transparente, de incoloro a ligeramente coloreado con un olor a amon\u00edaco. Es una amina primaria con varias propiedades y tiene buena miscibilidad en agua, etanol, tolueno, acetona, hexano y otros solventes est\u00e1ndar.<\/p>\n<h3>Uso:<\/h3>\n<p>MOPA se puede utilizar para diversas aplicaciones en la industria de tratamiento de agua. Es una base fuerte y un reactivo eficiente adecuado para sintetizar colorante disperso 60# Azul, agentes antiest\u00e1ticos, tensioactivos y otros productos. Como inhibidor de la corrosi\u00f3n, MOPA se puede usar en calderas de vapor para proteger las secciones de condensado de la corrosi\u00f3n \u00e1cida causada por el di\u00f3xido de carbono.<\/p>\n<p>Adem\u00e1s, tambi\u00e9n se puede utilizar como agente humectante, protector de cereales y catalizador en la producci\u00f3n de espuma de poliuretano y resina epoxi. Por \u00faltimo, es un solvente org\u00e1nico avanzado con usos que van desde intermediarios farmac\u00e9uticos hasta agentes anticorrosivos derivados del petr\u00f3leo y agentes de limpieza.<\/p>\n<h3>Paquete y almacenamiento:<\/h3>\n<p><strong>3-metoxipropilamina (MOPA)<\/strong> se puede almacenar en recipientes sellados y herm\u00e9ticos en un lugar fresco y seco. Si est\u00e1 sujeto a una exposici\u00f3n prolongada a la luz solar oa altas temperaturas, debe almacenarse en recipientes isot\u00e9rmicos. El MOPA generalmente se envasa en tambores y siempre debe manipularse con equipo de protecci\u00f3n, como guantes, protecci\u00f3n para los ojos y m\u00e1scaras. Tambi\u00e9n se debe utilizar una ventilaci\u00f3n adecuada para reducir el riesgo de sus vapores. MOPA se envasa en 170 kg\/tambor.<\/p>\n<h3>Preguntas frecuentes sobre la 3-metoxipropilamina (MOPA):<\/h3>\n<p><strong>\u00bfQu\u00e9 es la 3-metoxipropilamina (MOPA)?<\/strong><br \/>\n<strong>3-metoxipropilamina (MOPA)<\/strong> es un compuesto org\u00e1nico, m\u00e1s espec\u00edficamente una amina, que se utiliza como intermediario en la s\u00edntesis de productos farmac\u00e9uticos y otros productos qu\u00edmicos. Tiene una variedad de aplicaciones industriales, incluido su uso como qu\u00edmico de tratamiento de agua para reducir la corrosi\u00f3n y la formaci\u00f3n de incrustaciones en calderas y torres de enfriamiento. MOPA tambi\u00e9n se usa para controlar los niveles de pH de ciertas soluciones para evitar que ocurran reacciones o para mejorar su eficiencia.<\/p>\n<p><strong>\u00bfCu\u00e1les son los beneficios de usar MOPA para el tratamiento del agua?<\/strong><br \/>\nEl uso de MOPA para el tratamiento del agua tiene varios beneficios. Ayuda a reducir la corrosi\u00f3n y la acumulaci\u00f3n de incrustaciones en calderas y torres de enfriamiento, lo que lleva a una mayor eficiencia y ahorro de costos con el tiempo. MOPA tambi\u00e9n se puede utilizar para controlar los niveles de pH para evitar reacciones no deseadas o mejorar su eficacia. Adem\u00e1s, ha demostrado ser un qu\u00edmico confiable y seguro para los sistemas de tratamiento de agua debido a su bajo nivel de toxicidad y m\u00ednimo impacto ambiental.<\/p>\n<p><strong>\u00bfC\u00f3mo interact\u00faa MOPA con otros productos qu\u00edmicos para el tratamiento del agua?<\/strong><br \/>\nCuando se usa correctamente con la dosificaci\u00f3n y el control correctos, MOPA se puede usar de manera efectiva con otros productos qu\u00edmicos para el tratamiento del agua, como biocidas, inhibidores de incrustaciones, eliminadores de ox\u00edgeno, tensioactivos y m\u00e1s. Su capacidad para ajustar los niveles de pH lo hace particularmente \u00fatil cuando se combina con otros agentes activos que pueden tener dificultades para funcionar a niveles de pH extremos. Sin embargo, debe tenerse en cuenta que la mezcla incorrecta o la dosificaci\u00f3n incorrecta de cualquier combinaci\u00f3n de productos qu\u00edmicos podr\u00eda generar resultados no deseados, como una disminuci\u00f3n del rendimiento o incluso condiciones peligrosas dentro del sistema que se est\u00e1 tratando con ellos.<\/p>\n<p><strong>\u00bfHay alg\u00fan requisito de mantenimiento cuando se usa MOPA para tratamientos de agua?<\/strong><br \/>\nCuando se utiliza MOPA para cualquier tratamiento de agua, se deben seguir varios requisitos de mantenimiento para garantizar un rendimiento \u00f3ptimo del sistema que se trata con \u00e9l. Estos incluyen pruebas peri\u00f3dicas de varios par\u00e1metros como la alcalinidad, la dureza del calcio o el contenido de cloro seg\u00fan la aplicaci\u00f3n; monitorear los niveles de dosificaci\u00f3n; ajust\u00e1ndolos en consecuencia; y limpiar los filtros contaminados si es necesario con regularidad. El mantenimiento adecuado tambi\u00e9n incluye la inspecci\u00f3n peri\u00f3dica de los componentes del equipo, como tuber\u00edas o bombas, en busca de signos de desgaste o da\u00f1os que podr\u00edan interferir con el funcionamiento adecuado con el tiempo si no se abordan adecuadamente de inmediato.<\/p>\n<p><strong>\u00bfHay alg\u00fan problema de seguridad relacionado con el uso de MOPA?<\/strong><br \/>\nCuando se manipula correctamente de acuerdo con las pautas de seguridad proporcionadas por el fabricante, no existen problemas de seguridad importantes relacionados directamente con el uso de MOPA para tratamientos de agua, ya que tiene niveles de toxicidad bajos y un impacto ambiental m\u00ednimo en comparaci\u00f3n con otros productos qu\u00edmicos com\u00fanmente utilizados en esta aplicaci\u00f3n. Sin embargo, todos los trabajadores deben tomar las precauciones adecuadas, como usar ropa protectora mientras la manipulan, ya que algunas personas pueden sufrir irritaci\u00f3n de la piel si entran en contacto directo con esta sustancia, incluso en concentraciones deficientes, debido a sus propiedades potencialmente irritantes si no se manipula. cuidadosamente durante los procesos de aplicaci\u00f3n ya sea por inhalaci\u00f3n o ingesti\u00f3n.<\/p>\n<p><a href=\"https:\/\/vcycletech.com\/es\/inhibidor-corrosivo\/\"><strong>Obtenga la soluci\u00f3n completa de inhibidores de corrosi\u00f3n.<\/strong><\/a><\/p>","protected":false},"excerpt":{"rendered":"<p><strong>3-metoxipropilamina (MOPA)<\/strong> es un l\u00edquido incoloro con olor a amon\u00edaco. Es miscible con agua y la mayor\u00eda de los disolventes org\u00e1nicos. <strong>3-metoxipropilamina (MOPA)<\/strong> se utiliza como intermediario en la producci\u00f3n de pesticidas, productos farmac\u00e9uticos y otros productos qu\u00edmicos org\u00e1nicos.<\/p>\n<p>Somos uno de los mayores proveedores de<strong> 3-metoxipropilamina (MOPA)<\/strong> en China. Nuestro producto es de alta calidad y precio competitivo. Si est\u00e1 interesado en nuestros productos, no dude en contactarnos para obtener m\u00e1s informaci\u00f3n.<\/p>","protected":false},"featured_media":1277,"template":"","meta":{"site-sidebar-layout":"default","site-content-layout":"default","ast-site-content-layout":"default","site-content-style":"default","site-sidebar-style":"default","ast-global-header-display":"","ast-banner-title-visibility":"","ast-main-header-display":"","ast-hfb-above-header-display":"","ast-hfb-below-header-display":"","ast-hfb-mobile-header-display":"","site-post-title":"","ast-breadcrumbs-content":"","ast-featured-img":"","footer-sml-layout":"","ast-disable-related-posts":"","theme-transparent-header-meta":"default","adv-header-id-meta":"","stick-header-meta":"default","header-above-stick-meta":"","header-main-stick-meta":"","header-below-stick-meta":"","astra-migrate-meta-layouts":"default","ast-page-background-enabled":"default","ast-page-background-meta":{"desktop":{"background-color":"","background-image":"","background-repeat":"repeat","background-position":"center center","background-size":"auto","background-attachment":"scroll","background-type":"","background-media":"","overlay-type":"","overlay-color":"","overlay-opacity":"","overlay-gradient":""},"tablet":{"background-color":"","background-image":"","background-repeat":"repeat","background-position":"center center","background-size":"auto","background-attachment":"scroll","background-type":"","background-media":"","overlay-type":"","overlay-color":"","overlay-opacity":"","overlay-gradient":""},"mobile":{"background-color":"","background-image":"","background-repeat":"repeat","background-position":"center center","background-size":"auto","background-attachment":"scroll","background-type":"","background-media":"","overlay-type":"","overlay-color":"","overlay-opacity":"","overlay-gradient":""}},"ast-content-background-meta":{"desktop":{"background-color":"var(--ast-global-color-5)","background-image":"","background-repeat":"repeat","background-position":"center center","background-size":"auto","background-attachment":"scroll","background-type":"","background-media":"","overlay-type":"","overlay-color":"","overlay-opacity":"","overlay-gradient":""},"tablet":{"background-color":"var(--ast-global-color-5)","background-image":"","background-repeat":"repeat","background-position":"center center","background-size":"auto","background-attachment":"scroll","background-type":"","background-media":"","overlay-type":"","overlay-color":"","overlay-opacity":"","overlay-gradient":""},"mobile":{"background-color":"var(--ast-global-color-5)","background-image":"","background-repeat":"repeat","background-position":"center center","background-size":"auto","background-attachment":"scroll","background-type":"","background-media":"","overlay-type":"","overlay-color":"","overlay-opacity":"","overlay-gradient":""}}},"product_brand":[],"product_cat":[30],"product_tag":[],"class_list":{"0":"post-1256","1":"product","2":"type-product","3":"status-publish","4":"has-post-thumbnail","6":"product_cat-corrosion-inhibitors","7":"desktop-align-left","8":"tablet-align-left","9":"mobile-align-left","10":"ast-product-gallery-layout-horizontal-slider","11":"ast-product-tabs-layout-horizontal","13":"first","14":"instock","15":"shipping-taxable","16":"product-type-simple"},"yoast_head":"<!-- This site is optimized with the Yoast SEO Premium plugin v26.3 (Yoast SEO v27.3) - https:\/\/yoast.com\/product\/yoast-seo-premium-wordpress\/ -->\n<title>3-Methoxypropylamine(MOPA) - vcycletech<\/title>\n<meta name=\"description\" content=\"3-Methoxypropylamine (MOPA) is a versatile chemical used in water treatment processes. It is a strong base and efficient reagent ideal for a wide range of applications.\" \/>\n<meta name=\"robots\" content=\"index, follow, max-snippet:-1, max-image-preview:large, max-video-preview:-1\" \/>\n<link rel=\"canonical\" href=\"https:\/\/vcycletech.com\/es\/producto\/3-metoxipropilaminomopa\/\" \/>\n<meta property=\"og:locale\" content=\"es_MX\" \/>\n<meta property=\"og:type\" content=\"article\" \/>\n<meta property=\"og:title\" content=\"3-Methoxypropylamine(MOPA)\" \/>\n<meta property=\"og:description\" content=\"3-Methoxypropylamine (MOPA) is a versatile chemical used in water treatment processes. It is a strong base and efficient reagent ideal for a wide range of applications.\" \/>\n<meta property=\"og:url\" content=\"https:\/\/vcycletech.com\/es\/producto\/3-metoxipropilaminomopa\/\" \/>\n<meta property=\"og:site_name\" content=\"vcycletech\" \/>\n<meta property=\"article:modified_time\" content=\"2023-03-21T12:54:30+00:00\" \/>\n<meta property=\"og:image\" content=\"https:\/\/vcycletech.com\/wp-content\/uploads\/2023\/03\/1-54.png\" \/>\n\t<meta property=\"og:image:width\" content=\"600\" \/>\n\t<meta property=\"og:image:height\" content=\"600\" \/>\n\t<meta property=\"og:image:type\" content=\"image\/png\" \/>\n<meta name=\"twitter:card\" content=\"summary_large_image\" \/>\n<meta name=\"twitter:label1\" content=\"Tiempo de lectura\" \/>\n\t<meta name=\"twitter:data1\" content=\"4 minutos\" \/>\n<script type=\"application\/ld+json\" class=\"yoast-schema-graph\">{\"@context\":\"https:\\\/\\\/schema.org\",\"@graph\":[{\"@type\":\"WebPage\",\"@id\":\"https:\\\/\\\/vcycletech.com\\\/product\\\/3-methoxypropylaminemopa\\\/\",\"url\":\"https:\\\/\\\/vcycletech.com\\\/product\\\/3-methoxypropylaminemopa\\\/\",\"name\":\"3-Methoxypropylamine(MOPA) - vcycletech\",\"isPartOf\":{\"@id\":\"https:\\\/\\\/vcycletech.com\\\/#website\"},\"primaryImageOfPage\":{\"@id\":\"https:\\\/\\\/vcycletech.com\\\/product\\\/3-methoxypropylaminemopa\\\/#primaryimage\"},\"image\":{\"@id\":\"https:\\\/\\\/vcycletech.com\\\/product\\\/3-methoxypropylaminemopa\\\/#primaryimage\"},\"thumbnailUrl\":\"https:\\\/\\\/vcycletech.com\\\/wp-content\\\/uploads\\\/2023\\\/03\\\/1-54.png\",\"datePublished\":\"2023-03-21T12:53:43+00:00\",\"dateModified\":\"2023-03-21T12:54:30+00:00\",\"description\":\"3-Methoxypropylamine (MOPA) is a versatile chemical used in water treatment processes. It is a strong base and efficient reagent ideal for a wide range of applications.\",\"breadcrumb\":{\"@id\":\"https:\\\/\\\/vcycletech.com\\\/product\\\/3-methoxypropylaminemopa\\\/#breadcrumb\"},\"inLanguage\":\"es\",\"potentialAction\":[{\"@type\":\"ReadAction\",\"target\":[\"https:\\\/\\\/vcycletech.com\\\/product\\\/3-methoxypropylaminemopa\\\/\"]}]},{\"@type\":\"ImageObject\",\"inLanguage\":\"es\",\"@id\":\"https:\\\/\\\/vcycletech.com\\\/product\\\/3-methoxypropylaminemopa\\\/#primaryimage\",\"url\":\"https:\\\/\\\/vcycletech.com\\\/wp-content\\\/uploads\\\/2023\\\/03\\\/1-54.png\",\"contentUrl\":\"https:\\\/\\\/vcycletech.com\\\/wp-content\\\/uploads\\\/2023\\\/03\\\/1-54.png\",\"width\":600,\"height\":600,\"caption\":\"3-Methoxypropylamine(MOPA)\"},{\"@type\":\"BreadcrumbList\",\"@id\":\"https:\\\/\\\/vcycletech.com\\\/product\\\/3-methoxypropylaminemopa\\\/#breadcrumb\",\"itemListElement\":[{\"@type\":\"ListItem\",\"position\":1,\"name\":\"Home\",\"item\":\"https:\\\/\\\/vcycletech.com\\\/\"},{\"@type\":\"ListItem\",\"position\":2,\"name\":\"Water Treatment Chemicals Manufacturer\",\"item\":\"https:\\\/\\\/vcycletech.com\\\/water-treatment-chemicals-manufacturer\\\/\"},{\"@type\":\"ListItem\",\"position\":3,\"name\":\"3-Methoxypropylamine(MOPA)\"}]},{\"@type\":\"WebSite\",\"@id\":\"https:\\\/\\\/vcycletech.com\\\/#website\",\"url\":\"https:\\\/\\\/vcycletech.com\\\/\",\"name\":\"vcycletech\",\"description\":\"China&#039;s top water treatment chemicals supplier\",\"publisher\":{\"@id\":\"https:\\\/\\\/vcycletech.com\\\/#organization\"},\"potentialAction\":[{\"@type\":\"SearchAction\",\"target\":{\"@type\":\"EntryPoint\",\"urlTemplate\":\"https:\\\/\\\/vcycletech.com\\\/?s={search_term_string}\"},\"query-input\":{\"@type\":\"PropertyValueSpecification\",\"valueRequired\":true,\"valueName\":\"search_term_string\"}}],\"inLanguage\":\"es\"},{\"@type\":\"Organization\",\"@id\":\"https:\\\/\\\/vcycletech.com\\\/#organization\",\"name\":\"vcycletech\",\"url\":\"https:\\\/\\\/vcycletech.com\\\/\",\"logo\":{\"@type\":\"ImageObject\",\"inLanguage\":\"es\",\"@id\":\"https:\\\/\\\/vcycletech.com\\\/#\\\/schema\\\/logo\\\/image\\\/\",\"url\":\"https:\\\/\\\/vcycletech.com\\\/wp-content\\\/uploads\\\/2023\\\/03\\\/logo-vcycletech-1.png\",\"contentUrl\":\"https:\\\/\\\/vcycletech.com\\\/wp-content\\\/uploads\\\/2023\\\/03\\\/logo-vcycletech-1.png\",\"width\":600,\"height\":400,\"caption\":\"vcycletech\"},\"image\":{\"@id\":\"https:\\\/\\\/vcycletech.com\\\/#\\\/schema\\\/logo\\\/image\\\/\"}}]}<\/script>\n<!-- \/ Yoast SEO Premium plugin. -->","yoast_head_json":{"title":"3-metoxipropilamina (MOPA) - vcycletech","description":"La 3-metoxipropilamina (MOPA) es un producto qu\u00edmico vers\u00e1til que se utiliza en los procesos de tratamiento de agua. Es una base fuerte y un reactivo eficiente ideal para una amplia gama de aplicaciones.","robots":{"index":"index","follow":"follow","max-snippet":"max-snippet:-1","max-image-preview":"max-image-preview:large","max-video-preview":"max-video-preview:-1"},"canonical":"https:\/\/vcycletech.com\/es\/producto\/3-metoxipropilaminomopa\/","og_locale":"es_MX","og_type":"article","og_title":"3-Methoxypropylamine(MOPA)","og_description":"3-Methoxypropylamine (MOPA) is a versatile chemical used in water treatment processes. It is a strong base and efficient reagent ideal for a wide range of applications.","og_url":"https:\/\/vcycletech.com\/es\/producto\/3-metoxipropilaminomopa\/","og_site_name":"vcycletech","article_modified_time":"2023-03-21T12:54:30+00:00","og_image":[{"width":600,"height":600,"url":"https:\/\/vcycletech.com\/wp-content\/uploads\/2023\/03\/1-54.png","type":"image\/png"}],"twitter_card":"summary_large_image","twitter_misc":{"Tiempo de lectura":"4 minutos"},"schema":{"@context":"https:\/\/schema.org","@graph":[{"@type":"WebPage","@id":"https:\/\/vcycletech.com\/product\/3-methoxypropylaminemopa\/","url":"https:\/\/vcycletech.com\/product\/3-methoxypropylaminemopa\/","name":"3-metoxipropilamina (MOPA) - vcycletech","isPartOf":{"@id":"https:\/\/vcycletech.com\/#website"},"primaryImageOfPage":{"@id":"https:\/\/vcycletech.com\/product\/3-methoxypropylaminemopa\/#primaryimage"},"image":{"@id":"https:\/\/vcycletech.com\/product\/3-methoxypropylaminemopa\/#primaryimage"},"thumbnailUrl":"https:\/\/vcycletech.com\/wp-content\/uploads\/2023\/03\/1-54.png","datePublished":"2023-03-21T12:53:43+00:00","dateModified":"2023-03-21T12:54:30+00:00","description":"La 3-metoxipropilamina (MOPA) es un producto qu\u00edmico vers\u00e1til que se utiliza en los procesos de tratamiento de agua. Es una base fuerte y un reactivo eficiente ideal para una amplia gama de aplicaciones.","breadcrumb":{"@id":"https:\/\/vcycletech.com\/product\/3-methoxypropylaminemopa\/#breadcrumb"},"inLanguage":"es","potentialAction":[{"@type":"ReadAction","target":["https:\/\/vcycletech.com\/product\/3-methoxypropylaminemopa\/"]}]},{"@type":"ImageObject","inLanguage":"es","@id":"https:\/\/vcycletech.com\/product\/3-methoxypropylaminemopa\/#primaryimage","url":"https:\/\/vcycletech.com\/wp-content\/uploads\/2023\/03\/1-54.png","contentUrl":"https:\/\/vcycletech.com\/wp-content\/uploads\/2023\/03\/1-54.png","width":600,"height":600,"caption":"3-Methoxypropylamine(MOPA)"},{"@type":"BreadcrumbList","@id":"https:\/\/vcycletech.com\/product\/3-methoxypropylaminemopa\/#breadcrumb","itemListElement":[{"@type":"ListItem","position":1,"name":"Home","item":"https:\/\/vcycletech.com\/"},{"@type":"ListItem","position":2,"name":"Water Treatment Chemicals Manufacturer","item":"https:\/\/vcycletech.com\/water-treatment-chemicals-manufacturer\/"},{"@type":"ListItem","position":3,"name":"3-Methoxypropylamine(MOPA)"}]},{"@type":"WebSite","@id":"https:\/\/vcycletech.com\/#website","url":"https:\/\/vcycletech.com\/","name":"vcycletech","description":"El principal proveedor de productos qu\u00edmicos para el tratamiento del agua de China y #039;","publisher":{"@id":"https:\/\/vcycletech.com\/#organization"},"potentialAction":[{"@type":"SearchAction","target":{"@type":"EntryPoint","urlTemplate":"https:\/\/vcycletech.com\/?s={search_term_string}"},"query-input":{"@type":"PropertyValueSpecification","valueRequired":true,"valueName":"search_term_string"}}],"inLanguage":"es"},{"@type":"Organization","@id":"https:\/\/vcycletech.com\/#organization","name":"vcycletech","url":"https:\/\/vcycletech.com\/","logo":{"@type":"ImageObject","inLanguage":"es","@id":"https:\/\/vcycletech.com\/#\/schema\/logo\/image\/","url":"https:\/\/vcycletech.com\/wp-content\/uploads\/2023\/03\/logo-vcycletech-1.png","contentUrl":"https:\/\/vcycletech.com\/wp-content\/uploads\/2023\/03\/logo-vcycletech-1.png","width":600,"height":400,"caption":"vcycletech"},"image":{"@id":"https:\/\/vcycletech.com\/#\/schema\/logo\/image\/"}}]}},"_links":{"self":[{"href":"https:\/\/vcycletech.com\/es\/wp-json\/wp\/v2\/product\/1256","targetHints":{"allow":["GET"]}}],"collection":[{"href":"https:\/\/vcycletech.com\/es\/wp-json\/wp\/v2\/product"}],"about":[{"href":"https:\/\/vcycletech.com\/es\/wp-json\/wp\/v2\/types\/product"}],"wp:featuredmedia":[{"embeddable":true,"href":"https:\/\/vcycletech.com\/es\/wp-json\/wp\/v2\/media\/1277"}],"wp:attachment":[{"href":"https:\/\/vcycletech.com\/es\/wp-json\/wp\/v2\/media?parent=1256"}],"wp:term":[{"taxonomy":"product_brand","embeddable":true,"href":"https:\/\/vcycletech.com\/es\/wp-json\/wp\/v2\/product_brand?post=1256"},{"taxonomy":"product_cat","embeddable":true,"href":"https:\/\/vcycletech.com\/es\/wp-json\/wp\/v2\/product_cat?post=1256"},{"taxonomy":"product_tag","embeddable":true,"href":"https:\/\/vcycletech.com\/es\/wp-json\/wp\/v2\/product_tag?post=1256"}],"curies":[{"name":"wp","href":"https:\/\/api.w.org\/{rel}","templated":true}]}}