{"id":1249,"date":"2023-03-21T12:20:20","date_gmt":"2023-03-21T12:20:20","guid":{"rendered":"https:\/\/vcycletech.com\/?post_type=product&#038;p=1249"},"modified":"2023-03-27T04:55:14","modified_gmt":"2023-03-27T04:55:14","slug":"reductor-de-aguarkr-904-dispersante-acuoso","status":"publish","type":"product","link":"https:\/\/vcycletech.com\/es\/producto\/reductor-de-aguarkr-904-dispersante-acuoso\/","title":{"rendered":"Dispersante acuoso WT-904"},"content":{"rendered":"<h3>Propiedades:<\/h3>\n<p><strong>Dispersante acuoso WT-904<\/strong> es un dispersante de pol\u00edmero ani\u00f3nico que asegura la repulsi\u00f3n est\u00e1tica para ayudar a prevenir la sedimentaci\u00f3n y el retroceso grueso. Es poco espumante, seguro para su uso, no corrosivo y no peligroso.<\/p>\n<p><strong>Dispersante acuoso WT-904<\/strong> es adecuado como agente quelante en revestimientos de papel, revestimientos de construcci\u00f3n, retardadores de hormig\u00f3n, reductores de agua, tejidos y te\u00f1idos. Su rendimiento cumple con el de SN-5040. Cuando se agrega a la suspensi\u00f3n durante los procesos de molienda de bolus alba, carbonato de cal, arcilla de alfarer\u00eda, pigmento de titanio, tiza francesa, sulfato de bario o suspensi\u00f3n de agua de carb\u00f3n, puede reducir significativamente la viscosidad al tiempo que proporciona una mejor dispersi\u00f3n de la suspensi\u00f3n para obtener resultados estables.<\/p>\n<h3>Especificaci\u00f3n:<\/h3>\n<div id=\"footable_parent_1251\"\n         class=\"footable_parent ninja_table_wrapper loading_ninja_table wp_table_data_press_parent semantic_ui\">\n                <table data-ninja_table_instance=\"ninja_table_instance_0\" data-footable_id=\"1251\" data-filter-delay=\"1000\" aria-label=\"Dispersante acuoso KR-904.csv\"            id=\"footable_1251\"\n           data-unique_identifier=\"ninja_table_unique_id_350927988_1251\"\n           class=\"foo-table ninja_footable foo_table_1251 ninja_table_unique_id_350927988_1251 ui table  nt_type_legacy_table selectable striped vertical_centered  footable-paging-right ninja_table_pro\">\n                <colgroup>\n                            <col class=\"ninja_column_0\">\n                            <col class=\"ninja_column_1\">\n                    <\/colgroup>\n        <thead>\n<tr class=\"footable-header\">\n                                        <th scope=\"col\"  class=\"ninja_column_0 ninja_clmn_nm_items\">Art\u00edculos<\/th><th scope=\"col\"  class=\"ninja_column_1 ninja_clmn_nm_index\">\u00cdndice<\/th><\/tr>\n<\/thead>\n<tbody>\n\n        <tr data-row_id=\"306\" class=\"ninja_table_row_0 nt_row_id_306\">\n            <td>Apariencia<\/td><td>L\u00edquido viscoso de incoloro a amarillo claro<\/td>        <\/tr>\n            <tr data-row_id=\"307\" class=\"ninja_table_row_1 nt_row_id_307\">\n            <td>Contenido s\u00f3lido, %<\/td><td>40,0 minutos<\/td>        <\/tr>\n            <tr data-row_id=\"308\" class=\"ninja_table_row_2 nt_row_id_308\">\n            <td>Valor de pH (soluci\u00f3n de agua 50%)<\/td><td>8.0~11.0<\/td>        <\/tr>\n            <tr data-row_id=\"309\" class=\"ninja_table_row_3 nt_row_id_309\">\n            <td>Densidad (20 \u2103), g\/cm3<\/td><td>1,20 minutos<\/td>        <\/tr>\n            <tr data-row_id=\"310\" class=\"ninja_table_row_4 nt_row_id_310\">\n            <td>Viscosidad (25 \u2103) mpa.s<\/td><td>50-400<\/td>        <\/tr>\n    <\/tbody><!--ninja_tobody_rendering_done-->\n    <\/table>\n    \n    \n    \n<\/div>\n\n<h3 class=\"text-lg font-bold\">Uso:<\/h3>\n<p class=\"my-0.5\">La dosis preferida de 0.2-2% debe determinarse mediante experimentaci\u00f3n para obtener resultados \u00f3ptimos.<\/p>\n<h3 class=\"text-lg font-bold\">Paquete y almacenamiento:<\/h3>\n<p class=\"my-0.5\">De acuerdo a los requerimientos del cliente, el producto se envasa en bidones de pl\u00e1stico de 200L o contenedores IBC (1000L). Debe almacenarse en un lugar fresco y seco hasta por diez meses.<\/p>\n<h3>Gu\u00eda completa:<\/h3>\n<p><strong>Dispersante acuoso WT-904<\/strong> es un reductor de agua para productos qu\u00edmicos de tratamiento de agua, que proporciona un rendimiento superior en diversas aplicaciones. Es un dispersante de pol\u00edmero ani\u00f3nico que evita la sedimentaci\u00f3n y el retroceso grueso al garantizar la repulsi\u00f3n est\u00e1tica y no es corrosivo, genera poca espuma y es seguro para su uso. Se ha demostrado que supera al SN-5040 en recubrimientos de papel, recubrimientos para edificios, retardadores de concreto, reductores de agua, tejidos y te\u00f1ido.<\/p>\n<h5>La funci\u00f3n de WT-904 como reductor de agua<\/h5>\n<p>WT-904 reduce la viscosidad de los lodos durante los procesos de molienda y al mismo tiempo mejora la dispersi\u00f3n del lodo. Esto asegura resultados estables cuando se usa con bolo alba, carbonato de cal, arcilla de alfarer\u00eda, pigmento de titanio, tiza francesa, sulfato de bario o lechada de agua de carb\u00f3n. Su funci\u00f3n como agente quelante tambi\u00e9n ayuda a mejorar las aplicaciones de recubrimiento de papel y otros usos industriales.<\/p>\n<h5>Principio de acci\u00f3n<\/h5>\n<p>El principio detr\u00e1s de la capacidad de WT-904 para reducir la viscosidad radica en su estructura de pol\u00edmero ani\u00f3nico dispersante; previene la sedimentaci\u00f3n y el retroceso grueso al mantener la repulsi\u00f3n est\u00e1tica entre las part\u00edculas. Esto reduce el espesor total de la suspensi\u00f3n al mismo tiempo que proporciona propiedades de dispersi\u00f3n mejoradas.<\/p>\n<h5>Campos de aplicaci\u00f3n<\/h5>\n<p>El WT-904 se puede utilizar en aplicaciones de revestimiento de papel, como pinturas y revestimientos para edificios o retardadores de hormig\u00f3n. Tambi\u00e9n es adecuado para su uso en procesos de tejedur\u00eda y te\u00f1ido y con sistemas de pulpa de carb\u00f3n y agua debido a su rendimiento superior en comparaci\u00f3n con SN5040. Adem\u00e1s, tambi\u00e9n se puede utilizar con lechadas de bolo alba, arcilla cer\u00e1mica de carbonato de cal, pigmento de titanio, tiza francesa y sulfato de bario para reducir su viscosidad y, al mismo tiempo, proporcionar caracter\u00edsticas de dispersi\u00f3n mejoradas.<\/p>\n<h5>Precauciones de uso<\/h5>\n<p>Al usar WT 904, es esencial asegurarse de que se tomen las precauciones de seguridad adecuadas, incluido el uso de ropa protectora, como guantes o respiradores, si es necesario, al manipular este producto cerca de humos o vapores de otros productos qu\u00edmicos que puedan estar presentes en su sitio de aplicaci\u00f3n. Adem\u00e1s, uno siempre debe leer las etiquetas del producto antes de usar este producto para que pueda comprender la mejor manera de manejarlo de manera segura para evitar cualquier peligro potencial asociado con su uso.<\/p>\n<h3>Preguntas frecuentes:<\/h3>\n<p><strong>P1: \u00bfQu\u00e9 es WT-904?<\/strong><br \/>\nWT-904 es un dispersante de pol\u00edmero ani\u00f3nico dise\u00f1ado para su uso en productos qu\u00edmicos de tratamiento de agua que garantiza la repulsi\u00f3n est\u00e1tica entre las part\u00edculas, lo que en \u00faltima instancia ayuda a prevenir la sedimentaci\u00f3n y el retroceso grueso que puede causar una interrupci\u00f3n significativa durante las operaciones de procesamiento relacionadas con el revestimiento de papel, el revestimiento de edificios, el retardador de hormig\u00f3n, el te\u00f1ido de tejidos, etc.<\/p>\n<p><strong>P2: \u00bfQu\u00e9 ventajas tiene WT-904 sobre SN 5040?<\/strong><br \/>\nSe ha comprobado que WT 904 supera a SN 5040 cuando se utiliza en tejidos retardadores de hormig\u00f3n revestidos de papel para construcci\u00f3n o en procesos de te\u00f1ido debido a su capacidad superior para proporcionar propiedades de dispersi\u00f3n mejoradas y al mismo tiempo reducir los niveles generales de viscosidad.<\/p>\n<p><strong>P3: \u00bfC\u00f3mo funciona WT-904?<\/strong><br \/>\nEl principio detr\u00e1s de la capacidad de WT-9 04 para reducir la viscosidad se encuentra dentro de su estructura de pol\u00edmero ani\u00f3nico dispersante; mantiene la repulsi\u00f3n est\u00e1tica entre las part\u00edculas, lo que reduce los niveles generales de viscosidad y proporciona mejores caracter\u00edsticas de dispersi\u00f3n.<\/p>\n<p><strong>P4: \u00bfQu\u00e9 industrias podr\u00edan beneficiarse del uso de este producto?<\/strong><br \/>\nMuchas industrias diferentes podr\u00edan beneficiarse del uso de WT-904; estos incluyen, entre otros, revestimientos de papel, revestimientos de construcci\u00f3n, retardadores de hormig\u00f3n, tejedur\u00eda, te\u00f1ido, lechadas de carb\u00f3n y agua, etc...<\/p>\n<p><strong>P5: \u00bfEste producto viene con alguna precauci\u00f3n de seguridad?<\/strong><br \/>\nCuando manipule este producto, siempre debe tomar las precauciones de seguridad adecuadas, incluido el uso de ropa protectora, como guantes o respiradores, si es necesario cuando manipule este producto cerca de humos o vapores de otros productos qu\u00edmicos presentes en su sitio de aplicaci\u00f3n. Adem\u00e1s, uno siempre debe leer las etiquetas del producto antes de usar este producto para comprender la mejor manera de manejarlo de manera segura y evitar cualquier peligro potencial asociado con su uso.<\/p>\n<p><strong>P6: \u00bfHay datos disponibles sobre su eficacia cuando se usa en diferentes sustratos?<\/strong><br \/>\nHay varios estudios disponibles en los que se han recopilado datos sobre la eficacia de WT-904 cuando se usa en sustratos como bolos alba carbonato de cal cer\u00e1mica arcilla pigmento de titanio tiza francesa y lodos de sulfato de bario que muestran la eficacia con la que funciona en comparaci\u00f3n con otros productos, como SN 5040 .<\/p>\n<p><a href=\"https:\/\/vcycletech.com\/es\/categoria-de-producto\/policarboxilico-antiincrustante-y-dispersante\/\">Obtenga la soluci\u00f3n dispersante y antiincrustante policarbox\u00edlico completo.<\/a><\/p>","protected":false},"excerpt":{"rendered":"<p><strong>Dispersante acuoso WT-904<\/strong> son esenciales para los productos qu\u00edmicos de tratamiento de agua, ya que reducen el agua necesaria en una mezcla de concreto mientras mantienen su resistencia y trabajabilidad. Los reductores de agua son productos qu\u00edmicos especiales que se agregan a una mezcla de concreto antes de verterla. Pueden reducir la demanda de agua en 5-10% y vienen en dos amplias categor\u00edas: cati\u00f3nico y ani\u00f3nico. Las resinas de intercambio cati\u00f3nico (CER) reducen efectivamente el PFAS en el agua potable. Al mismo tiempo, los lignosulfonatos, los \u00e1cidos hidroxicarbox\u00edlicos, los pol\u00edmeros hidroxilados y las sales de melamina son tipos de aditivos reductores de agua com\u00fanmente utilizados. Los agentes reductores de agua de \u00e1cido policarbox\u00edlico tienen buenas propiedades integrales y ofrecen una buena perspectiva. Los precios de estos productos qu\u00edmicos var\u00edan seg\u00fan el tipo y la cantidad comprada.<\/p>","protected":false},"featured_media":2833,"template":"","meta":{"site-sidebar-layout":"default","site-content-layout":"default","ast-site-content-layout":"default","site-content-style":"default","site-sidebar-style":"default","ast-global-header-display":"","ast-banner-title-visibility":"","ast-main-header-display":"","ast-hfb-above-header-display":"","ast-hfb-below-header-display":"","ast-hfb-mobile-header-display":"","site-post-title":"","ast-breadcrumbs-content":"","ast-featured-img":"","footer-sml-layout":"","ast-disable-related-posts":"","theme-transparent-header-meta":"default","adv-header-id-meta":"","stick-header-meta":"default","header-above-stick-meta":"","header-main-stick-meta":"","header-below-stick-meta":"","astra-migrate-meta-layouts":"default","ast-page-background-enabled":"default","ast-page-background-meta":{"desktop":{"background-color":"","background-image":"","background-repeat":"repeat","background-position":"center center","background-size":"auto","background-attachment":"scroll","background-type":"","background-media":"","overlay-type":"","overlay-color":"","overlay-opacity":"","overlay-gradient":""},"tablet":{"background-color":"","background-image":"","background-repeat":"repeat","background-position":"center center","background-size":"auto","background-attachment":"scroll","background-type":"","background-media":"","overlay-type":"","overlay-color":"","overlay-opacity":"","overlay-gradient":""},"mobile":{"background-color":"","background-image":"","background-repeat":"repeat","background-position":"center center","background-size":"auto","background-attachment":"scroll","background-type":"","background-media":"","overlay-type":"","overlay-color":"","overlay-opacity":"","overlay-gradient":""}},"ast-content-background-meta":{"desktop":{"background-color":"var(--ast-global-color-5)","background-image":"","background-repeat":"repeat","background-position":"center center","background-size":"auto","background-attachment":"scroll","background-type":"","background-media":"","overlay-type":"","overlay-color":"","overlay-opacity":"","overlay-gradient":""},"tablet":{"background-color":"var(--ast-global-color-5)","background-image":"","background-repeat":"repeat","background-position":"center center","background-size":"auto","background-attachment":"scroll","background-type":"","background-media":"","overlay-type":"","overlay-color":"","overlay-opacity":"","overlay-gradient":""},"mobile":{"background-color":"var(--ast-global-color-5)","background-image":"","background-repeat":"repeat","background-position":"center center","background-size":"auto","background-attachment":"scroll","background-type":"","background-media":"","overlay-type":"","overlay-color":"","overlay-opacity":"","overlay-gradient":""}}},"product_brand":[],"product_cat":[28],"product_tag":[],"class_list":{"0":"post-1249","1":"product","2":"type-product","3":"status-publish","4":"has-post-thumbnail","6":"product_cat-polycarboxylic-antiscalant-and-dispersant","7":"desktop-align-left","8":"tablet-align-left","9":"mobile-align-left","10":"ast-product-gallery-layout-horizontal-slider","11":"ast-product-gallery-with-no-image","12":"ast-product-tabs-layout-horizontal","14":"first","15":"instock","16":"shipping-taxable","17":"product-type-simple"},"yoast_head":"<!-- This site is optimized with the Yoast SEO Premium plugin v26.3 (Yoast SEO v27.3) - https:\/\/yoast.com\/product\/yoast-seo-premium-wordpress\/ -->\n<title>WT-904 Aqueous Dispersant - vcycletech<\/title>\n<meta name=\"description\" content=\"Get the lowest prices on water treatment chemicals with Water Reducer,WT-904 Aqueous Dispersant! Make sure to keep your home safe and clean with quality products.\" \/>\n<meta name=\"robots\" content=\"index, follow, max-snippet:-1, max-image-preview:large, max-video-preview:-1\" \/>\n<link rel=\"canonical\" href=\"https:\/\/vcycletech.com\/es\/producto\/reductor-de-aguarkr-904-dispersante-acuoso\/\" \/>\n<meta property=\"og:locale\" content=\"es_MX\" \/>\n<meta property=\"og:type\" content=\"article\" \/>\n<meta property=\"og:title\" content=\"WT-904 Aqueous Dispersant\" \/>\n<meta property=\"og:description\" content=\"Get the lowest prices on water treatment chemicals with Water Reducer,WT-904 Aqueous Dispersant! Make sure to keep your home safe and clean with quality products.\" \/>\n<meta property=\"og:url\" content=\"https:\/\/vcycletech.com\/es\/producto\/reductor-de-aguarkr-904-dispersante-acuoso\/\" \/>\n<meta property=\"og:site_name\" content=\"vcycletech\" \/>\n<meta property=\"article:modified_time\" content=\"2023-03-27T04:55:14+00:00\" \/>\n<meta property=\"og:image\" content=\"https:\/\/vcycletech.com\/wp-content\/uploads\/2023\/03\/\u672a\u547d\u540d\u7684\u8bbe\u8ba1-2-23.png\" \/>\n\t<meta property=\"og:image:width\" content=\"600\" \/>\n\t<meta property=\"og:image:height\" content=\"600\" \/>\n\t<meta property=\"og:image:type\" content=\"image\/png\" \/>\n<meta name=\"twitter:card\" content=\"summary_large_image\" \/>\n<meta name=\"twitter:label1\" content=\"Tiempo de lectura\" \/>\n\t<meta name=\"twitter:data1\" content=\"4 minutos\" \/>\n<script type=\"application\/ld+json\" class=\"yoast-schema-graph\">{\"@context\":\"https:\\\/\\\/schema.org\",\"@graph\":[{\"@type\":\"WebPage\",\"@id\":\"https:\\\/\\\/vcycletech.com\\\/product\\\/wt-904-aqueous-dispersant\\\/\",\"url\":\"https:\\\/\\\/vcycletech.com\\\/product\\\/wt-904-aqueous-dispersant\\\/\",\"name\":\"WT-904 Aqueous Dispersant - vcycletech\",\"isPartOf\":{\"@id\":\"https:\\\/\\\/vcycletech.com\\\/#website\"},\"primaryImageOfPage\":{\"@id\":\"https:\\\/\\\/vcycletech.com\\\/product\\\/wt-904-aqueous-dispersant\\\/#primaryimage\"},\"image\":{\"@id\":\"https:\\\/\\\/vcycletech.com\\\/product\\\/wt-904-aqueous-dispersant\\\/#primaryimage\"},\"thumbnailUrl\":\"https:\\\/\\\/vcycletech.com\\\/wp-content\\\/uploads\\\/2023\\\/03\\\/\u672a\u547d\u540d\u7684\u8bbe\u8ba1-2-23.png\",\"datePublished\":\"2023-03-21T12:20:20+00:00\",\"dateModified\":\"2023-03-27T04:55:14+00:00\",\"description\":\"Get the lowest prices on water treatment chemicals with Water Reducer,WT-904 Aqueous Dispersant! Make sure to keep your home safe and clean with quality products.\",\"breadcrumb\":{\"@id\":\"https:\\\/\\\/vcycletech.com\\\/product\\\/wt-904-aqueous-dispersant\\\/#breadcrumb\"},\"inLanguage\":\"es\",\"potentialAction\":[{\"@type\":\"ReadAction\",\"target\":[\"https:\\\/\\\/vcycletech.com\\\/product\\\/wt-904-aqueous-dispersant\\\/\"]}]},{\"@type\":\"ImageObject\",\"inLanguage\":\"es\",\"@id\":\"https:\\\/\\\/vcycletech.com\\\/product\\\/wt-904-aqueous-dispersant\\\/#primaryimage\",\"url\":\"https:\\\/\\\/vcycletech.com\\\/wp-content\\\/uploads\\\/2023\\\/03\\\/\u672a\u547d\u540d\u7684\u8bbe\u8ba1-2-23.png\",\"contentUrl\":\"https:\\\/\\\/vcycletech.com\\\/wp-content\\\/uploads\\\/2023\\\/03\\\/\u672a\u547d\u540d\u7684\u8bbe\u8ba1-2-23.png\",\"width\":600,\"height\":600,\"caption\":\"WT-904 Aqueous Dispersant\"},{\"@type\":\"BreadcrumbList\",\"@id\":\"https:\\\/\\\/vcycletech.com\\\/product\\\/wt-904-aqueous-dispersant\\\/#breadcrumb\",\"itemListElement\":[{\"@type\":\"ListItem\",\"position\":1,\"name\":\"Home\",\"item\":\"https:\\\/\\\/vcycletech.com\\\/\"},{\"@type\":\"ListItem\",\"position\":2,\"name\":\"Water Treatment Chemicals Manufacturer\",\"item\":\"https:\\\/\\\/vcycletech.com\\\/water-treatment-chemicals-manufacturer\\\/\"},{\"@type\":\"ListItem\",\"position\":3,\"name\":\"WT-904 Aqueous Dispersant\"}]},{\"@type\":\"WebSite\",\"@id\":\"https:\\\/\\\/vcycletech.com\\\/#website\",\"url\":\"https:\\\/\\\/vcycletech.com\\\/\",\"name\":\"vcycletech\",\"description\":\"China&#039;s top water treatment chemicals supplier\",\"publisher\":{\"@id\":\"https:\\\/\\\/vcycletech.com\\\/#organization\"},\"potentialAction\":[{\"@type\":\"SearchAction\",\"target\":{\"@type\":\"EntryPoint\",\"urlTemplate\":\"https:\\\/\\\/vcycletech.com\\\/?s={search_term_string}\"},\"query-input\":{\"@type\":\"PropertyValueSpecification\",\"valueRequired\":true,\"valueName\":\"search_term_string\"}}],\"inLanguage\":\"es\"},{\"@type\":\"Organization\",\"@id\":\"https:\\\/\\\/vcycletech.com\\\/#organization\",\"name\":\"vcycletech\",\"url\":\"https:\\\/\\\/vcycletech.com\\\/\",\"logo\":{\"@type\":\"ImageObject\",\"inLanguage\":\"es\",\"@id\":\"https:\\\/\\\/vcycletech.com\\\/#\\\/schema\\\/logo\\\/image\\\/\",\"url\":\"https:\\\/\\\/vcycletech.com\\\/wp-content\\\/uploads\\\/2023\\\/03\\\/logo-vcycletech-1.png\",\"contentUrl\":\"https:\\\/\\\/vcycletech.com\\\/wp-content\\\/uploads\\\/2023\\\/03\\\/logo-vcycletech-1.png\",\"width\":600,\"height\":400,\"caption\":\"vcycletech\"},\"image\":{\"@id\":\"https:\\\/\\\/vcycletech.com\\\/#\\\/schema\\\/logo\\\/image\\\/\"}}]}<\/script>\n<!-- \/ Yoast SEO Premium plugin. -->","yoast_head_json":{"title":"Dispersante acuoso WT-904 - vcycletech","description":"\u00a1Obtenga los precios m\u00e1s bajos en productos qu\u00edmicos para el tratamiento del agua con Water Reducer, WT-904 Aqueous Dispersant! Aseg\u00farate de mantener tu hogar seguro y limpio con productos de calidad.","robots":{"index":"index","follow":"follow","max-snippet":"max-snippet:-1","max-image-preview":"max-image-preview:large","max-video-preview":"max-video-preview:-1"},"canonical":"https:\/\/vcycletech.com\/es\/producto\/reductor-de-aguarkr-904-dispersante-acuoso\/","og_locale":"es_MX","og_type":"article","og_title":"WT-904 Aqueous Dispersant","og_description":"Get the lowest prices on water treatment chemicals with Water Reducer,WT-904 Aqueous Dispersant! Make sure to keep your home safe and clean with quality products.","og_url":"https:\/\/vcycletech.com\/es\/producto\/reductor-de-aguarkr-904-dispersante-acuoso\/","og_site_name":"vcycletech","article_modified_time":"2023-03-27T04:55:14+00:00","og_image":[{"width":600,"height":600,"url":"https:\/\/vcycletech.com\/wp-content\/uploads\/2023\/03\/\u672a\u547d\u540d\u7684\u8bbe\u8ba1-2-23.png","type":"image\/png"}],"twitter_card":"summary_large_image","twitter_misc":{"Tiempo de lectura":"4 minutos"},"schema":{"@context":"https:\/\/schema.org","@graph":[{"@type":"WebPage","@id":"https:\/\/vcycletech.com\/product\/wt-904-aqueous-dispersant\/","url":"https:\/\/vcycletech.com\/product\/wt-904-aqueous-dispersant\/","name":"Dispersante acuoso WT-904 - vcycletech","isPartOf":{"@id":"https:\/\/vcycletech.com\/#website"},"primaryImageOfPage":{"@id":"https:\/\/vcycletech.com\/product\/wt-904-aqueous-dispersant\/#primaryimage"},"image":{"@id":"https:\/\/vcycletech.com\/product\/wt-904-aqueous-dispersant\/#primaryimage"},"thumbnailUrl":"https:\/\/vcycletech.com\/wp-content\/uploads\/2023\/03\/\u672a\u547d\u540d\u7684\u8bbe\u8ba1-2-23.png","datePublished":"2023-03-21T12:20:20+00:00","dateModified":"2023-03-27T04:55:14+00:00","description":"\u00a1Obtenga los precios m\u00e1s bajos en productos qu\u00edmicos para el tratamiento del agua con Water Reducer, WT-904 Aqueous Dispersant! Aseg\u00farate de mantener tu hogar seguro y limpio con productos de calidad.","breadcrumb":{"@id":"https:\/\/vcycletech.com\/product\/wt-904-aqueous-dispersant\/#breadcrumb"},"inLanguage":"es","potentialAction":[{"@type":"ReadAction","target":["https:\/\/vcycletech.com\/product\/wt-904-aqueous-dispersant\/"]}]},{"@type":"ImageObject","inLanguage":"es","@id":"https:\/\/vcycletech.com\/product\/wt-904-aqueous-dispersant\/#primaryimage","url":"https:\/\/vcycletech.com\/wp-content\/uploads\/2023\/03\/\u672a\u547d\u540d\u7684\u8bbe\u8ba1-2-23.png","contentUrl":"https:\/\/vcycletech.com\/wp-content\/uploads\/2023\/03\/\u672a\u547d\u540d\u7684\u8bbe\u8ba1-2-23.png","width":600,"height":600,"caption":"WT-904 Aqueous Dispersant"},{"@type":"BreadcrumbList","@id":"https:\/\/vcycletech.com\/product\/wt-904-aqueous-dispersant\/#breadcrumb","itemListElement":[{"@type":"ListItem","position":1,"name":"Home","item":"https:\/\/vcycletech.com\/"},{"@type":"ListItem","position":2,"name":"Water Treatment Chemicals Manufacturer","item":"https:\/\/vcycletech.com\/water-treatment-chemicals-manufacturer\/"},{"@type":"ListItem","position":3,"name":"WT-904 Aqueous Dispersant"}]},{"@type":"WebSite","@id":"https:\/\/vcycletech.com\/#website","url":"https:\/\/vcycletech.com\/","name":"vcycletech","description":"El principal proveedor de productos qu\u00edmicos para el tratamiento del agua de China y #039;","publisher":{"@id":"https:\/\/vcycletech.com\/#organization"},"potentialAction":[{"@type":"SearchAction","target":{"@type":"EntryPoint","urlTemplate":"https:\/\/vcycletech.com\/?s={search_term_string}"},"query-input":{"@type":"PropertyValueSpecification","valueRequired":true,"valueName":"search_term_string"}}],"inLanguage":"es"},{"@type":"Organization","@id":"https:\/\/vcycletech.com\/#organization","name":"vcycletech","url":"https:\/\/vcycletech.com\/","logo":{"@type":"ImageObject","inLanguage":"es","@id":"https:\/\/vcycletech.com\/#\/schema\/logo\/image\/","url":"https:\/\/vcycletech.com\/wp-content\/uploads\/2023\/03\/logo-vcycletech-1.png","contentUrl":"https:\/\/vcycletech.com\/wp-content\/uploads\/2023\/03\/logo-vcycletech-1.png","width":600,"height":400,"caption":"vcycletech"},"image":{"@id":"https:\/\/vcycletech.com\/#\/schema\/logo\/image\/"}}]}},"_links":{"self":[{"href":"https:\/\/vcycletech.com\/es\/wp-json\/wp\/v2\/product\/1249","targetHints":{"allow":["GET"]}}],"collection":[{"href":"https:\/\/vcycletech.com\/es\/wp-json\/wp\/v2\/product"}],"about":[{"href":"https:\/\/vcycletech.com\/es\/wp-json\/wp\/v2\/types\/product"}],"wp:featuredmedia":[{"embeddable":true,"href":"https:\/\/vcycletech.com\/es\/wp-json\/wp\/v2\/media\/2833"}],"wp:attachment":[{"href":"https:\/\/vcycletech.com\/es\/wp-json\/wp\/v2\/media?parent=1249"}],"wp:term":[{"taxonomy":"product_brand","embeddable":true,"href":"https:\/\/vcycletech.com\/es\/wp-json\/wp\/v2\/product_brand?post=1249"},{"taxonomy":"product_cat","embeddable":true,"href":"https:\/\/vcycletech.com\/es\/wp-json\/wp\/v2\/product_cat?post=1249"},{"taxonomy":"product_tag","embeddable":true,"href":"https:\/\/vcycletech.com\/es\/wp-json\/wp\/v2\/product_tag?post=1249"}],"curies":[{"name":"wp","href":"https:\/\/api.w.org\/{rel}","templated":true}]}}