{"id":1245,"date":"2023-03-21T12:26:24","date_gmt":"2023-03-21T12:26:24","guid":{"rendered":"https:\/\/vcycletech.com\/?post_type=product&#038;p=1245"},"modified":"2023-03-27T04:42:53","modified_gmt":"2023-03-27T04:42:53","slug":"wtasd-200-antiincrustante-y-dispersante","status":"publish","type":"product","link":"https:\/\/vcycletech.com\/es\/producto\/wtasd-200-antiincrustante-y-dispersante\/","title":{"rendered":"WTASD-200 Antiincrustante y Dispersante para Membrana RO"},"content":{"rendered":"<h3 id=\"introduction_2\" class=\"xsj_heading_hash xsj_heading xsj_heading_h2\" data-source-line=\"6\" data-source-line-display=\"true\"><span class=\"xsj_heading_content\">Introducci\u00f3n:<\/span><\/h3>\n<p class=\"xsj_paragraph xsj_paragraph_level_0\" data-source-line=\"7\" data-source-line-display=\"true\"><strong>WTASD-200 Antiincrustante y Dispersante para Membranas RO<\/strong> es una soluci\u00f3n qu\u00edmica de \u00faltima generaci\u00f3n dise\u00f1ada para mejorar la calidad del agua, reducir los gastos operativos y proteger contra la incrustaci\u00f3n de membranas. Esta soluci\u00f3n avanzada ofrece una protecci\u00f3n incomparable contra sustancias org\u00e1nicas, \u00f3xido f\u00e9rrico, \u00f3xido de aluminio y \u00f3xidos de s\u00edlice, y un gran ahorro en costos de transporte, espacio de almacenamiento y productos qu\u00edmicos debido a su capacidad de concentraci\u00f3n 11X. Siga leyendo para descubrir m\u00e1s sobre las caracter\u00edsticas y aplicaciones de este producto \u00fanico.<\/p>\n<div class=\"xiaoshujiang_element xsj_anchor\"><a class=\"blank_anchor_name\" name=\"features_3\"><\/a><a id=\"features_3\" class=\"blank_anchor_id\"><\/a><a class=\"blank_anchor_name\" name=\"features\"><\/a><a id=\"features\" class=\"blank_anchor_id\"><\/a><\/div>\n<h3 id=\"features_3\" class=\"xsj_heading_hash xsj_heading xsj_heading_h2\" data-source-line=\"9\" data-source-line-display=\"true\"><span class=\"xsj_heading_content\">Caracter\u00edsticas:<\/span><\/h3>\n<p class=\"xsj_paragraph xsj_paragraph_level_0\" data-source-line=\"11\" data-source-line-display=\"true\">La caracter\u00edstica principal de <strong>WTASD-200<\/strong> es que se ha demostrado que inhibe la incrustaci\u00f3n de la membrana mientras mejora la calidad del agua. Tambi\u00e9n ofrece mayor seguridad que los productos qu\u00edmicos tradicionales en los sistemas de membrana de \u00f3smosis inversa (OI): estabilidad a altas temperaturas y niveles de pH. Adem\u00e1s, tiene una capacidad de concentraci\u00f3n de 11X que permite ahorros significativos en costos de transporte y espacio de almacenamiento y elimina la necesidad de grandes cantidades del l\u00edquido original. Finalmente, su f\u00f3rmula \u00fanica combate la contaminaci\u00f3n de varias sustancias org\u00e1nicas y \u00f3xido f\u00e9rrico, \u00f3xido de aluminio u \u00f3xidos de s\u00edlice, asegurando que no se produzca floculaci\u00f3n con estas mol\u00e9culas.<\/p>\n<div class=\"xiaoshujiang_element xsj_anchor\"><a class=\"blank_anchor_name\" name=\"applications_4\"><\/a><a id=\"applications_4\" class=\"blank_anchor_id\"><\/a><a class=\"blank_anchor_name\" name=\"applications\"><\/a><a id=\"applications\" class=\"blank_anchor_id\"><\/a><\/div>\n<h3 id=\"applications_4\" class=\"xsj_heading_hash xsj_heading xsj_heading_h2\" data-source-line=\"13\" data-source-line-display=\"true\"><span class=\"xsj_heading_content\">Aplicaciones:<\/span><\/h3>\n<p class=\"xsj_paragraph xsj_paragraph_level_0\" data-source-line=\"15\" data-source-line-display=\"true\"><strong>WTASD-200<\/strong> se puede utilizar en cualquier sistema de membrana de \u00f3smosis inversa, lo que lo hace ideal para aplicaciones industriales como plantas de tratamiento de agua, centrales el\u00e9ctricas, refiner\u00edas de petr\u00f3leo y procesos de desalinizaci\u00f3n. Se puede utilizar en combinaci\u00f3n con otros antiincrustantes para conseguir el m\u00e1ximo rendimiento. Adem\u00e1s, <strong>WTASD-200<\/strong> es efectivo en una amplia gama de temperaturas y niveles de pH, por lo que puede usarse incluso en entornos desafiantes sin comprometer la eficiencia o la seguridad.<\/p>\n<h3>Especificaci\u00f3n:<\/h3>\n<div>\n<table>\n<tbody>\n<tr>\n<td width=\"204\">Elementos<\/td>\n<td width=\"315\">Soluci\u00f3n concentrada 11 veces<\/td>\n<\/tr>\n<tr>\n<td width=\"204\">Apariencia<\/td>\n<td width=\"315\">L\u00edquido transparente claro<\/td>\n<\/tr>\n<tr>\n<td width=\"204\">Valor de pH, (soluci\u00f3n de agua 1%)<\/td>\n<td width=\"315\">2,5\u00b10,5<\/td>\n<\/tr>\n<tr>\n<td width=\"204\">Densidad (20\u2103)g\/cm3<\/td>\n<td width=\"315\">1,20\u00b10,05<\/td>\n<\/tr>\n<\/tbody>\n<\/table>\n<\/div>\n<div class=\"xiaoshujiang_element xsj_anchor\"><a class=\"blank_anchor_name\" name=\"faqs_5\"><\/a><a id=\"faqs_5\" class=\"blank_anchor_id\"><\/a><a class=\"blank_anchor_name\" name=\"faqs\"><\/a><a id=\"faqs\" class=\"blank_anchor_id\"><\/a><\/div>\n<h3 id=\"faqs_5\" class=\"xsj_heading_hash xsj_heading xsj_heading_h2\" data-source-line=\"17\" data-source-line-display=\"true\"><span class=\"xsj_heading_content\">Preguntas frecuentes:<\/span><\/h3>\n<div class=\"xiaoshujiang_element xsj_anchor\"><a class=\"blank_anchor_name\" name=\"120is20thasd-20020safe_6\"><\/a><a id=\"120is20thasd-20020safe_6\" class=\"blank_anchor_id\"><\/a><a class=\"blank_anchor_name\" name=\"1-is-thasd-200-safe\"><\/a><a id=\"1-is-thasd-200-safe\" class=\"blank_anchor_id\"><\/a><\/div>\n<p id=\"120is20thasd-20020safe_6\" class=\"xsj_heading_hash xsj_heading xsj_heading_h3\" data-source-line=\"19\" data-source-line-display=\"true\"><strong><span class=\"xsj_heading_content\">P1: \u00bfEs seguro el WTASD-200?<\/span><\/strong><\/p>\n<p class=\"xsj_paragraph xsj_paragraph_level_0\" data-source-line=\"21\" data-source-line-display=\"true\">WTASD-200 es mucho m\u00e1s seguro que los productos qu\u00edmicos tradicionales en las membranas de OI debido a su estabilidad a altas temperaturas y niveles de pH. No causar\u00e1 floculaci\u00f3n cuando se combina con otras mol\u00e9culas como el \u00f3xido f\u00e9rrico, el \u00f3xido de aluminio o los \u00f3xidos de s\u00edlice.<\/p>\n<div class=\"xiaoshujiang_element xsj_anchor\"><a class=\"blank_anchor_name\" name=\"220what20are20the20benefits20of20using20thasd-200_7\"><\/a><a id=\"220what20are20the20benefits20of20using20thasd-200_7\" class=\"blank_anchor_id\"><\/a><a class=\"blank_anchor_name\" name=\"2-what-are-the-benefits-of-using-thasd-200\"><\/a><a id=\"2-what-are-the-benefits-of-using-thasd-200\" class=\"blank_anchor_id\"><\/a><\/div>\n<p id=\"220what20are20the20benefits20of20using20thasd-200_7\" class=\"xsj_heading_hash xsj_heading xsj_heading_h3\" data-source-line=\"23\" data-source-line-display=\"true\"><strong><span class=\"xsj_heading_content\">P2:\u00bfCu\u00e1les son los beneficios de usar WTASD-200?<\/span><\/strong><\/p>\n<p class=\"xsj_paragraph xsj_paragraph_level_0\" data-source-line=\"25\" data-source-line-display=\"true\">El beneficio principal es que reduce significativamente los gastos operativos al reducir los costos de transporte y el espacio de almacenamiento gracias a su capacidad de concentraci\u00f3n 11X. Tambi\u00e9n mejora la calidad del agua al tiempo que inhibe la incrustaci\u00f3n de la membrana de manera efectiva a un bajo costo en comparaci\u00f3n con otros productos disponibles en la actualidad.<\/p>\n<div class=\"xiaoshujiang_element xsj_anchor\"><a class=\"blank_anchor_name\" name=\"320how20does20thasd-20020work_8\"><\/a><a id=\"320how20does20thasd-20020work_8\" class=\"blank_anchor_id\"><\/a><a class=\"blank_anchor_name\" name=\"3-how-does-thasd-200-work\"><\/a><a id=\"3-how-does-thasd-200-work\" class=\"blank_anchor_id\"><\/a><\/div>\n<p id=\"320how20does20thasd-20020work_8\" class=\"xsj_heading_hash xsj_heading xsj_heading_h3\" data-source-line=\"27\" data-source-line-display=\"true\"><strong><span class=\"xsj_heading_content\">P3: \u00bfC\u00f3mo funciona WTASD-200?<\/span><\/strong><\/p>\n<p class=\"xsj_paragraph xsj_paragraph_level_0\" data-source-line=\"29\" data-source-line-display=\"true\">WTASD-200 combate la contaminaci\u00f3n de una amplia gama de sustancias org\u00e1nicas mientras protege contra la incrustaci\u00f3n de la membrana gracias a su f\u00f3rmula qu\u00edmica \u00fanica que contiene componentes antiincrustantes y dispersantes. Esto asegura que no haya floculaci\u00f3n cuando se combina con otras mol\u00e9culas como el \u00f3xido f\u00e9rrico, el \u00f3xido de aluminio o los \u00f3xidos de s\u00edlice durante la \u00f3smosis inversa (RO).<\/p>\n<div class=\"xiaoshujiang_element xsj_anchor\"><a class=\"blank_anchor_name\" name=\"420can20i20use20thasd2020020on20all20types20of20ro20membranes20systems_9\"><\/a><a id=\"420can20i20use20thasd2020020on20all20types20of20ro20membranes20systems_9\" class=\"blank_anchor_id\"><\/a><a class=\"blank_anchor_name\" name=\"4-can-i-use-thasd-200-on-all-types-of-ro-membranes-systems\"><\/a><a id=\"4-can-i-use-thasd-200-on-all-types-of-ro-membranes-systems\" class=\"blank_anchor_id\"><\/a><\/div>\n<p id=\"420can20i20use20thasd2020020on20all20types20of20ro20membranes20systems_9\" class=\"xsj_heading_hash xsj_heading xsj_heading_h3\" data-source-line=\"31\" data-source-line-display=\"true\"><strong><span class=\"xsj_heading_content\">P4:\u00bfPuedo usar WTASD 200 en todos los sistemas de membrana RO?<\/span><\/strong><\/p>\n<p class=\"xsj_paragraph xsj_paragraph_level_0\" data-source-line=\"33\" data-source-line-display=\"true\">\u00a1S\u00ed! Puede usar WTASD 200 en cualquier tipo de sistema de membrana de \u00f3smosis inversa, incluidos, entre otros, plantas de energ\u00eda, refiner\u00edas de petr\u00f3leo, procesos de desalinizaci\u00f3n, etc., sin comprometer la eficiencia o la seguridad debido a su amplio rango de efectividad en diferentes temperaturas y niveles de pH.<\/p>\n<div class=\"xiaoshujiang_element xsj_anchor\"><a class=\"blank_anchor_name\" name=\"520what20is20the20cost20associated20with20using20thasd20200_10\"><\/a><a id=\"520what20is20the20cost20associated20with20using20thasd20200_10\" class=\"blank_anchor_id\"><\/a><a class=\"blank_anchor_name\" name=\"5-what-is-the-cost-associated-with-using-thasd-200\"><\/a><a id=\"5-what-is-the-cost-associated-with-using-thasd-200\" class=\"blank_anchor_id\"><\/a><\/div>\n<p id=\"520what20is20the20cost20associated20with20using20thasd20200_10\" class=\"xsj_heading_hash xsj_heading xsj_heading_h3\" data-source-line=\"35\" data-source-line-display=\"true\"><strong><span class=\"xsj_heading_content\">P5:\u00bfCu\u00e1l es el costo asociado con el uso de WTASD 200?<\/span><\/strong><\/p>\n<p class=\"xsj_paragraph xsj_paragraph_level_0\" data-source-line=\"37\" data-source-line-display=\"true\">WTASD 200 ofrece un gran ahorro en comparaci\u00f3n con las soluciones qu\u00edmicas tradicionales gracias a su capacidad de concentraci\u00f3n 11X, lo que reduce significativamente los costos de transporte y el espacio de almacenamiento. Para obtener informaci\u00f3n exacta sobre los precios, comun\u00edquese directamente con nuestro equipo.<\/p>\n<p class=\"xsj_paragraph xsj_paragraph_level_0\" data-source-line=\"39\" data-source-line-display=\"true\"><a class=\"xsj_link xsj_manu_link\" href=\"https:\/\/vcycletech.com\/es\/biocida-y-algicida\/\">Obtenga la soluci\u00f3n completa de productos qu\u00edmicos para \u00f3smosis inversa<\/a>.<\/p>","protected":false},"excerpt":{"rendered":"<p>Si est\u00e1 buscando un antiincrustante y dispersante que se haya comprobado que funciona con membranas de \u00f3smosis inversa, no busque m\u00e1s. <strong>WTASD-200<\/strong>. Este producto est\u00e1 dise\u00f1ado para mejorar la calidad del agua mientras reduce la incrustaci\u00f3n y el ensuciamiento de la membrana. Tambi\u00e9n ofrece ahorros significativos en costos de transporte y almacenamiento, lo que lo convierte en una opci\u00f3n m\u00e1s econ\u00f3mica para operaciones a gran escala. Adem\u00e1s, la capacidad de concentraci\u00f3n 11X elimina la necesidad de grandes cantidades del l\u00edquido original. Entonces, si est\u00e1 buscando una forma efectiva de combatir la descamaci\u00f3n de la membrana, <strong>WTASD-200<\/strong> es tu mejor apuesta.<\/p>","protected":false},"featured_media":1264,"template":"","meta":{"site-sidebar-layout":"default","site-content-layout":"default","ast-site-content-layout":"default","site-content-style":"default","site-sidebar-style":"default","ast-global-header-display":"","ast-banner-title-visibility":"","ast-main-header-display":"","ast-hfb-above-header-display":"","ast-hfb-below-header-display":"","ast-hfb-mobile-header-display":"","site-post-title":"","ast-breadcrumbs-content":"","ast-featured-img":"","footer-sml-layout":"","ast-disable-related-posts":"","theme-transparent-header-meta":"default","adv-header-id-meta":"","stick-header-meta":"default","header-above-stick-meta":"","header-main-stick-meta":"","header-below-stick-meta":"","astra-migrate-meta-layouts":"default","ast-page-background-enabled":"default","ast-page-background-meta":{"desktop":{"background-color":"","background-image":"","background-repeat":"repeat","background-position":"center center","background-size":"auto","background-attachment":"scroll","background-type":"","background-media":"","overlay-type":"","overlay-color":"","overlay-opacity":"","overlay-gradient":""},"tablet":{"background-color":"","background-image":"","background-repeat":"repeat","background-position":"center center","background-size":"auto","background-attachment":"scroll","background-type":"","background-media":"","overlay-type":"","overlay-color":"","overlay-opacity":"","overlay-gradient":""},"mobile":{"background-color":"","background-image":"","background-repeat":"repeat","background-position":"center center","background-size":"auto","background-attachment":"scroll","background-type":"","background-media":"","overlay-type":"","overlay-color":"","overlay-opacity":"","overlay-gradient":""}},"ast-content-background-meta":{"desktop":{"background-color":"var(--ast-global-color-5)","background-image":"","background-repeat":"repeat","background-position":"center center","background-size":"auto","background-attachment":"scroll","background-type":"","background-media":"","overlay-type":"","overlay-color":"","overlay-opacity":"","overlay-gradient":""},"tablet":{"background-color":"var(--ast-global-color-5)","background-image":"","background-repeat":"repeat","background-position":"center center","background-size":"auto","background-attachment":"scroll","background-type":"","background-media":"","overlay-type":"","overlay-color":"","overlay-opacity":"","overlay-gradient":""},"mobile":{"background-color":"var(--ast-global-color-5)","background-image":"","background-repeat":"repeat","background-position":"center center","background-size":"auto","background-attachment":"scroll","background-type":"","background-media":"","overlay-type":"","overlay-color":"","overlay-opacity":"","overlay-gradient":""}}},"product_brand":[],"product_cat":[31],"product_tag":[],"class_list":{"0":"post-1245","1":"product","2":"type-product","3":"status-publish","4":"has-post-thumbnail","6":"product_cat-reverse-osmosis-chemicals","7":"desktop-align-left","8":"tablet-align-left","9":"mobile-align-left","10":"ast-product-gallery-layout-horizontal-slider","11":"ast-product-gallery-with-no-image","12":"ast-product-tabs-layout-horizontal","14":"first","15":"instock","16":"shipping-taxable","17":"product-type-simple"},"yoast_head":"<!-- This site is optimized with the Yoast SEO Premium plugin v26.3 (Yoast SEO v27.3) - https:\/\/yoast.com\/product\/yoast-seo-premium-wordpress\/ -->\n<title>WTASD-200 Antiscalant and Dispersant for RO Membrane - vcycletech<\/title>\n<meta name=\"description\" content=\"Discover the future of effective membrane scaling with WTASD-200 Antiscalant and Dispersant for - the advanced chemical solution that improves water quality, reduces operational expenses and offers 11X concentration capacity. Start saving today!\" \/>\n<meta name=\"robots\" content=\"index, follow, max-snippet:-1, max-image-preview:large, max-video-preview:-1\" \/>\n<link rel=\"canonical\" href=\"https:\/\/vcycletech.com\/es\/producto\/wtasd-200-antiincrustante-y-dispersante\/\" \/>\n<meta property=\"og:locale\" content=\"es_MX\" \/>\n<meta property=\"og:type\" content=\"article\" \/>\n<meta property=\"og:title\" content=\"WTASD-200 Antiscalant and Dispersant for RO Membrane\" \/>\n<meta property=\"og:description\" content=\"Discover the future of effective membrane scaling with WTASD-200 Antiscalant and Dispersant for - the advanced chemical solution that improves water quality, reduces operational expenses and offers 11X concentration capacity. Start saving today!\" \/>\n<meta property=\"og:url\" content=\"https:\/\/vcycletech.com\/es\/producto\/wtasd-200-antiincrustante-y-dispersante\/\" \/>\n<meta property=\"og:site_name\" content=\"vcycletech\" \/>\n<meta property=\"article:modified_time\" content=\"2023-03-27T04:42:53+00:00\" \/>\n<meta property=\"og:image\" content=\"https:\/\/vcycletech.com\/wp-content\/uploads\/2023\/03\/WT-0100-4-e1679628272713.png\" \/>\n\t<meta property=\"og:image:width\" content=\"600\" \/>\n\t<meta property=\"og:image:height\" content=\"600\" \/>\n\t<meta property=\"og:image:type\" content=\"image\/png\" \/>\n<meta name=\"twitter:card\" content=\"summary_large_image\" \/>\n<meta name=\"twitter:label1\" content=\"Tiempo de lectura\" \/>\n\t<meta name=\"twitter:data1\" content=\"3 minutos\" \/>\n<script type=\"application\/ld+json\" class=\"yoast-schema-graph\">{\"@context\":\"https:\\\/\\\/schema.org\",\"@graph\":[{\"@type\":\"WebPage\",\"@id\":\"https:\\\/\\\/vcycletech.com\\\/product\\\/wtasd-200-antiscalant-and-dispersant\\\/\",\"url\":\"https:\\\/\\\/vcycletech.com\\\/product\\\/wtasd-200-antiscalant-and-dispersant\\\/\",\"name\":\"WTASD-200 Antiscalant and Dispersant for RO Membrane - vcycletech\",\"isPartOf\":{\"@id\":\"https:\\\/\\\/vcycletech.com\\\/#website\"},\"primaryImageOfPage\":{\"@id\":\"https:\\\/\\\/vcycletech.com\\\/product\\\/wtasd-200-antiscalant-and-dispersant\\\/#primaryimage\"},\"image\":{\"@id\":\"https:\\\/\\\/vcycletech.com\\\/product\\\/wtasd-200-antiscalant-and-dispersant\\\/#primaryimage\"},\"thumbnailUrl\":\"https:\\\/\\\/vcycletech.com\\\/wp-content\\\/uploads\\\/2023\\\/03\\\/WT-0100-4-e1679628272713.png\",\"datePublished\":\"2023-03-21T12:26:24+00:00\",\"dateModified\":\"2023-03-27T04:42:53+00:00\",\"description\":\"Discover the future of effective membrane scaling with WTASD-200 Antiscalant and Dispersant for - the advanced chemical solution that improves water quality, reduces operational expenses and offers 11X concentration capacity. Start saving today!\",\"breadcrumb\":{\"@id\":\"https:\\\/\\\/vcycletech.com\\\/product\\\/wtasd-200-antiscalant-and-dispersant\\\/#breadcrumb\"},\"inLanguage\":\"es\",\"potentialAction\":[{\"@type\":\"ReadAction\",\"target\":[\"https:\\\/\\\/vcycletech.com\\\/product\\\/wtasd-200-antiscalant-and-dispersant\\\/\"]}]},{\"@type\":\"ImageObject\",\"inLanguage\":\"es\",\"@id\":\"https:\\\/\\\/vcycletech.com\\\/product\\\/wtasd-200-antiscalant-and-dispersant\\\/#primaryimage\",\"url\":\"https:\\\/\\\/vcycletech.com\\\/wp-content\\\/uploads\\\/2023\\\/03\\\/WT-0100-4-e1679628272713.png\",\"contentUrl\":\"https:\\\/\\\/vcycletech.com\\\/wp-content\\\/uploads\\\/2023\\\/03\\\/WT-0100-4-e1679628272713.png\",\"width\":600,\"height\":600,\"caption\":\"WTASD-200 Antiscalant and Dispersant for RO Membrane\"},{\"@type\":\"BreadcrumbList\",\"@id\":\"https:\\\/\\\/vcycletech.com\\\/product\\\/wtasd-200-antiscalant-and-dispersant\\\/#breadcrumb\",\"itemListElement\":[{\"@type\":\"ListItem\",\"position\":1,\"name\":\"Home\",\"item\":\"https:\\\/\\\/vcycletech.com\\\/\"},{\"@type\":\"ListItem\",\"position\":2,\"name\":\"Water Treatment Chemicals Manufacturer\",\"item\":\"https:\\\/\\\/vcycletech.com\\\/water-treatment-chemicals-manufacturer\\\/\"},{\"@type\":\"ListItem\",\"position\":3,\"name\":\"WTASD-200 Antiscalant and Dispersant for RO Membrane\"}]},{\"@type\":\"WebSite\",\"@id\":\"https:\\\/\\\/vcycletech.com\\\/#website\",\"url\":\"https:\\\/\\\/vcycletech.com\\\/\",\"name\":\"vcycletech\",\"description\":\"China&#039;s top water treatment chemicals supplier\",\"publisher\":{\"@id\":\"https:\\\/\\\/vcycletech.com\\\/#organization\"},\"potentialAction\":[{\"@type\":\"SearchAction\",\"target\":{\"@type\":\"EntryPoint\",\"urlTemplate\":\"https:\\\/\\\/vcycletech.com\\\/?s={search_term_string}\"},\"query-input\":{\"@type\":\"PropertyValueSpecification\",\"valueRequired\":true,\"valueName\":\"search_term_string\"}}],\"inLanguage\":\"es\"},{\"@type\":\"Organization\",\"@id\":\"https:\\\/\\\/vcycletech.com\\\/#organization\",\"name\":\"vcycletech\",\"url\":\"https:\\\/\\\/vcycletech.com\\\/\",\"logo\":{\"@type\":\"ImageObject\",\"inLanguage\":\"es\",\"@id\":\"https:\\\/\\\/vcycletech.com\\\/#\\\/schema\\\/logo\\\/image\\\/\",\"url\":\"https:\\\/\\\/vcycletech.com\\\/wp-content\\\/uploads\\\/2023\\\/03\\\/logo-vcycletech-1.png\",\"contentUrl\":\"https:\\\/\\\/vcycletech.com\\\/wp-content\\\/uploads\\\/2023\\\/03\\\/logo-vcycletech-1.png\",\"width\":600,\"height\":400,\"caption\":\"vcycletech\"},\"image\":{\"@id\":\"https:\\\/\\\/vcycletech.com\\\/#\\\/schema\\\/logo\\\/image\\\/\"}}]}<\/script>\n<!-- \/ Yoast SEO Premium plugin. -->","yoast_head_json":{"title":"WTASD-200 Antiincrustante y Dispersante para Membrana RO - vcycletech","description":"Descubra el futuro de la incrustaci\u00f3n eficaz de membranas con el antiincrustante y dispersante WTASD-200 para: la soluci\u00f3n qu\u00edmica avanzada que mejora la calidad del agua, reduce los gastos operativos y ofrece una capacidad de concentraci\u00f3n 11X. \u00a1Empieza a ahorrar hoy!","robots":{"index":"index","follow":"follow","max-snippet":"max-snippet:-1","max-image-preview":"max-image-preview:large","max-video-preview":"max-video-preview:-1"},"canonical":"https:\/\/vcycletech.com\/es\/producto\/wtasd-200-antiincrustante-y-dispersante\/","og_locale":"es_MX","og_type":"article","og_title":"WTASD-200 Antiscalant and Dispersant for RO Membrane","og_description":"Discover the future of effective membrane scaling with WTASD-200 Antiscalant and Dispersant for - the advanced chemical solution that improves water quality, reduces operational expenses and offers 11X concentration capacity. Start saving today!","og_url":"https:\/\/vcycletech.com\/es\/producto\/wtasd-200-antiincrustante-y-dispersante\/","og_site_name":"vcycletech","article_modified_time":"2023-03-27T04:42:53+00:00","og_image":[{"width":600,"height":600,"url":"https:\/\/vcycletech.com\/wp-content\/uploads\/2023\/03\/WT-0100-4-e1679628272713.png","type":"image\/png"}],"twitter_card":"summary_large_image","twitter_misc":{"Tiempo de lectura":"3 minutos"},"schema":{"@context":"https:\/\/schema.org","@graph":[{"@type":"WebPage","@id":"https:\/\/vcycletech.com\/product\/wtasd-200-antiscalant-and-dispersant\/","url":"https:\/\/vcycletech.com\/product\/wtasd-200-antiscalant-and-dispersant\/","name":"WTASD-200 Antiincrustante y Dispersante para Membrana RO - vcycletech","isPartOf":{"@id":"https:\/\/vcycletech.com\/#website"},"primaryImageOfPage":{"@id":"https:\/\/vcycletech.com\/product\/wtasd-200-antiscalant-and-dispersant\/#primaryimage"},"image":{"@id":"https:\/\/vcycletech.com\/product\/wtasd-200-antiscalant-and-dispersant\/#primaryimage"},"thumbnailUrl":"https:\/\/vcycletech.com\/wp-content\/uploads\/2023\/03\/WT-0100-4-e1679628272713.png","datePublished":"2023-03-21T12:26:24+00:00","dateModified":"2023-03-27T04:42:53+00:00","description":"Descubra el futuro de la incrustaci\u00f3n eficaz de membranas con el antiincrustante y dispersante WTASD-200 para: la soluci\u00f3n qu\u00edmica avanzada que mejora la calidad del agua, reduce los gastos operativos y ofrece una capacidad de concentraci\u00f3n 11X. \u00a1Empieza a ahorrar hoy!","breadcrumb":{"@id":"https:\/\/vcycletech.com\/product\/wtasd-200-antiscalant-and-dispersant\/#breadcrumb"},"inLanguage":"es","potentialAction":[{"@type":"ReadAction","target":["https:\/\/vcycletech.com\/product\/wtasd-200-antiscalant-and-dispersant\/"]}]},{"@type":"ImageObject","inLanguage":"es","@id":"https:\/\/vcycletech.com\/product\/wtasd-200-antiscalant-and-dispersant\/#primaryimage","url":"https:\/\/vcycletech.com\/wp-content\/uploads\/2023\/03\/WT-0100-4-e1679628272713.png","contentUrl":"https:\/\/vcycletech.com\/wp-content\/uploads\/2023\/03\/WT-0100-4-e1679628272713.png","width":600,"height":600,"caption":"WTASD-200 Antiscalant and Dispersant for RO Membrane"},{"@type":"BreadcrumbList","@id":"https:\/\/vcycletech.com\/product\/wtasd-200-antiscalant-and-dispersant\/#breadcrumb","itemListElement":[{"@type":"ListItem","position":1,"name":"Home","item":"https:\/\/vcycletech.com\/"},{"@type":"ListItem","position":2,"name":"Water Treatment Chemicals Manufacturer","item":"https:\/\/vcycletech.com\/water-treatment-chemicals-manufacturer\/"},{"@type":"ListItem","position":3,"name":"WTASD-200 Antiscalant and Dispersant for RO Membrane"}]},{"@type":"WebSite","@id":"https:\/\/vcycletech.com\/#website","url":"https:\/\/vcycletech.com\/","name":"vcycletech","description":"El principal proveedor de productos qu\u00edmicos para el tratamiento del agua de China y #039;","publisher":{"@id":"https:\/\/vcycletech.com\/#organization"},"potentialAction":[{"@type":"SearchAction","target":{"@type":"EntryPoint","urlTemplate":"https:\/\/vcycletech.com\/?s={search_term_string}"},"query-input":{"@type":"PropertyValueSpecification","valueRequired":true,"valueName":"search_term_string"}}],"inLanguage":"es"},{"@type":"Organization","@id":"https:\/\/vcycletech.com\/#organization","name":"vcycletech","url":"https:\/\/vcycletech.com\/","logo":{"@type":"ImageObject","inLanguage":"es","@id":"https:\/\/vcycletech.com\/#\/schema\/logo\/image\/","url":"https:\/\/vcycletech.com\/wp-content\/uploads\/2023\/03\/logo-vcycletech-1.png","contentUrl":"https:\/\/vcycletech.com\/wp-content\/uploads\/2023\/03\/logo-vcycletech-1.png","width":600,"height":400,"caption":"vcycletech"},"image":{"@id":"https:\/\/vcycletech.com\/#\/schema\/logo\/image\/"}}]}},"_links":{"self":[{"href":"https:\/\/vcycletech.com\/es\/wp-json\/wp\/v2\/product\/1245","targetHints":{"allow":["GET"]}}],"collection":[{"href":"https:\/\/vcycletech.com\/es\/wp-json\/wp\/v2\/product"}],"about":[{"href":"https:\/\/vcycletech.com\/es\/wp-json\/wp\/v2\/types\/product"}],"wp:featuredmedia":[{"embeddable":true,"href":"https:\/\/vcycletech.com\/es\/wp-json\/wp\/v2\/media\/1264"}],"wp:attachment":[{"href":"https:\/\/vcycletech.com\/es\/wp-json\/wp\/v2\/media?parent=1245"}],"wp:term":[{"taxonomy":"product_brand","embeddable":true,"href":"https:\/\/vcycletech.com\/es\/wp-json\/wp\/v2\/product_brand?post=1245"},{"taxonomy":"product_cat","embeddable":true,"href":"https:\/\/vcycletech.com\/es\/wp-json\/wp\/v2\/product_cat?post=1245"},{"taxonomy":"product_tag","embeddable":true,"href":"https:\/\/vcycletech.com\/es\/wp-json\/wp\/v2\/product_tag?post=1245"}],"curies":[{"name":"wp","href":"https:\/\/api.w.org\/{rel}","templated":true}]}}