{"id":1239,"date":"2023-03-21T12:03:34","date_gmt":"2023-03-21T12:03:34","guid":{"rendered":"https:\/\/vcycletech.com\/?post_type=product&#038;p=1239"},"modified":"2023-03-27T05:01:08","modified_gmt":"2023-03-27T05:01:08","slug":"kr-2000-carboxilato-sulfonato-copolimero","status":"publish","type":"product","link":"https:\/\/vcycletech.com\/es\/producto\/kr-2000-carboxilato-sulfonato-copolimero\/","title":{"rendered":"Copol\u00edmero de carboxilato-sulfonato WT-2000"},"content":{"rendered":"<h3>Propiedades:<\/h3>\n<p><strong>WT-2000<\/strong> es un copol\u00edmero de acr\u00edlico-acrilato-sulfosato, que proporciona una excelente inhibici\u00f3n de incrustaciones para fosfato de calcio, carbonato de calcio y otros minerales inorg\u00e1nicos. Puede estabilizar eficazmente el fosfato de calcio en f\u00f3rmulas que contienen fosfato y estabilizar el zinc para formulaciones con componentes de zinc. Adem\u00e1s, puede dispersar micropart\u00edculas inorg\u00e1nicas sin verse afectado por los cambios de pH.<\/p>\n<p><strong>WT-2000<\/strong> es extremadamente \u00fatil como dispersante mineral y estabilizador para el fosfato de calcio en todas las f\u00f3rmulas org\u00e1nicas de tratamiento de agua.<\/p>\n<h3>Especificaci\u00f3n:<\/h3>\n<div id=\"footable_parent_1243\"\n         class=\"footable_parent ninja_table_wrapper loading_ninja_table wp_table_data_press_parent semantic_ui\">\n                <table data-ninja_table_instance=\"ninja_table_instance_0\" data-footable_id=\"1243\" data-filter-delay=\"1000\" aria-label=\"KR-2000 Copol\u00edmero de carboxilato-sulfonato.csv\"            id=\"footable_1243\"\n           data-unique_identifier=\"ninja_table_unique_id_3857238214_1243\"\n           class=\"foo-table ninja_footable foo_table_1243 ninja_table_unique_id_3857238214_1243 ui table  nt_type_legacy_table selectable striped vertical_centered  footable-paging-right ninja_table_pro\">\n                <colgroup>\n                            <col class=\"ninja_column_0\">\n                            <col class=\"ninja_column_1\">\n                    <\/colgroup>\n        <thead>\n<tr class=\"footable-header\">\n                                        <th scope=\"col\"  class=\"ninja_column_0 ninja_clmn_nm_items\">Art\u00edculos<\/th><th scope=\"col\"  class=\"ninja_column_1 ninja_clmn_nm_index\">\u00cdndice<\/th><\/tr>\n<\/thead>\n<tbody>\n\n        <tr data-row_id=\"301\" class=\"ninja_table_row_0 nt_row_id_301\">\n            <td>Apariencia<\/td><td>L\u00edquido transparente incoloro a amarillo p\u00e1lido<\/td>        <\/tr>\n            <tr data-row_id=\"302\" class=\"ninja_table_row_1 nt_row_id_302\">\n            <td>Contenido s\u00f3lido, %<\/td><td>42.0-44.0<\/td>        <\/tr>\n            <tr data-row_id=\"303\" class=\"ninja_table_row_2 nt_row_id_303\">\n            <td>Densidad (20 \u2103), g\/cm3<\/td><td>1,15 min<\/td>        <\/tr>\n            <tr data-row_id=\"304\" class=\"ninja_table_row_3 nt_row_id_304\">\n            <td>pH (como \u00e9l)<\/td><td>3.8-4.6<\/td>        <\/tr>\n            <tr data-row_id=\"305\" class=\"ninja_table_row_4 nt_row_id_305\">\n            <td>Viscosidad (25 \u2103), mPa\u2022s<\/td><td>300-500<\/td>        <\/tr>\n    <\/tbody><!--ninja_tobody_rendering_done-->\n    <\/table>\n    \n    \n    \n<\/div>\n\n<h3>Uso:<\/h3>\n<p><strong>WT-2000<\/strong> se puede utilizar como inhibidor de incrustaciones en agua fr\u00eda y de caldera circulante. Cuando se usa solo, 10-30 mg\/L es la dosis preferida. Cuando se usa en otros campos, la dosificaci\u00f3n debe determinarse mediante experimentaci\u00f3n.<\/p>\n<h3>Embalaje y Almacenamiento:<\/h3>\n<p>El empaque incluye un bid\u00f3n de pl\u00e1stico de 200L y un contenedor IBC (1000L); la personalizaci\u00f3n tambi\u00e9n est\u00e1 disponible. WT-2000 debe almacenarse en un \u00e1rea seca y bien ventilada sin luz solar durante un m\u00e1ximo de diez meses para garantizar la eficacia a largo plazo.<\/p>\n<h3>Preguntas frecuentes:<\/h3>\n<p><strong>P1: \u00bfQu\u00e9 es un copol\u00edmero de carboxilato-sulfonato?<\/strong><br \/>\nUn copol\u00edmero de carboxilato-sulfonato es un tipo de pol\u00edmero sint\u00e9tico hecho de una combinaci\u00f3n de mon\u00f3meros de \u00e1cido carbox\u00edlico y \u00e1cido sulf\u00f3nico. Este tipo de pol\u00edmero se usa en muchas aplicaciones industriales y comerciales, como productos qu\u00edmicos para el tratamiento del agua, productos qu\u00edmicos agr\u00edcolas, pinturas, detergentes y m\u00e1s.<\/p>\n<p><strong>P2:\u00bfCu\u00e1les son los beneficios de usar el copol\u00edmero de sulfonato de carboxilatos WT-2000 para el tratamiento del agua?<\/strong><br \/>\nEl copol\u00edmero de sulfonato de carboxilatos WT-2000 ofrece un rendimiento superior para aplicaciones de tratamiento de agua debido a su estructura molecular \u00fanica. Tiene excelentes caracter\u00edsticas de solubilidad, bajo perfil de toxicidad, alta capacidad de adsorci\u00f3n de iones met\u00e1licos y otros contaminantes, buena estabilidad t\u00e9rmica y resistencia qu\u00edmica. Adem\u00e1s, este copol\u00edmero se puede adaptar para satisfacer las necesidades espec\u00edficas de los clientes variando su peso molecular o agregando grupos funcionales adicionales. Esto lo convierte en una opci\u00f3n ideal para operaciones de tratamiento de agua.<\/p>\n<p><strong>P3:\u00bfCu\u00e1les son las diferentes formas en las que est\u00e1 disponible el copol\u00edmero de sulfonato de carboxilatos WT-2000?<\/strong><br \/>\nEl copol\u00edmero de carboxilatos-sulfonato WT-2000 se puede proporcionar en forma s\u00f3lida (gr\u00e1nulos) o en forma de soluci\u00f3n, seg\u00fan los requisitos de la aplicaci\u00f3n. La forma de la soluci\u00f3n se puede variar a\u00fan m\u00e1s seg\u00fan el grado de viscosidad o los niveles de concentraci\u00f3n de la soluci\u00f3n para que sea adecuada para cualquier proceso de tratamiento de agua dado.<\/p>\n<p><strong>P4: \u00bfSe requiere alg\u00fan equipo especial para usar con los copol\u00edmeros de sulfonaci\u00f3n de carboxilatos WT -2000?<\/strong><br \/>\nSi bien no se necesita equipo especial cuando se utilizan los copol\u00edmeros de sulfonaci\u00f3n de carboxilatos WT 2000, es importante asegurarse de que todas las condiciones del proceso se controlen de cerca durante las operaciones para obtener el m\u00e1ximo rendimiento del producto. Tambi\u00e9n se debe mantener el control de la temperatura para garantizar velocidades de disoluci\u00f3n adecuadas y un rendimiento \u00f3ptimo del copol\u00edmero a lo largo de su ciclo de vida.<\/p>\n<p><strong>P5: \u00bfQu\u00e9 consideraciones de seguridad deben tomarse cuando se utilizan copol\u00edmeros de sulfonaci\u00f3n de carboxilatos WT -2000?<\/strong><br \/>\nSiempre se deben seguir todas las instrucciones de seguridad proporcionadas con el producto al usar el copol\u00edmero de sulfonaci\u00f3n de carboxilatos WT-2000 para operaciones de tratamiento de agua a fin de evitar cualquier peligro potencial asociado con el manejo de productos qu\u00edmicos o la exposici\u00f3n a materiales peligrosos liberados durante los procesos de operaci\u00f3n. Adem\u00e1s, siempre se debe usar equipo de protecci\u00f3n, como guantes y anteojos, cuando se manipulan soluciones que contienen este copol\u00edmero para evitar el contacto con la piel y reducir los posibles riesgos de inhalaci\u00f3n asociados con las part\u00edculas suspendidas en el aire liberadas durante las actividades de procesamiento.<\/p>\n<p><a href=\"https:\/\/vcycletech.com\/es\/categoria-de-producto\/policarboxilico-antiincrustante-y-dispersante\/\">Obtenga la soluci\u00f3n dispersante y antiincrustante policarbox\u00edlico completo.<\/a><\/p>","protected":false},"excerpt":{"rendered":"<p><strong>Copol\u00edmero de carboxilato-sulfonato WT-2000<\/strong> es un qu\u00edmico para el tratamiento del agua que inhibe las incrustaciones y dispersa las part\u00edculas. Es un copol\u00edmero de acr\u00edlico-acrilato-sulfosato, lo que lo convierte en un inhibidor eficaz del fosfato de calcio, carbonato de calcio y otros minerales inorg\u00e1nicos. Tiene una buena inhibici\u00f3n para los grupos funcionales de s\u00edlice y silicato de magnesio, \u00e1cido s\u00f3lido (sulfonato) y \u00e1cido d\u00e9bil (carboxilato) que brindan propiedades antical\/dispersantes \u00f3ptimas. <strong>WT-2000<\/strong> tambi\u00e9n est\u00e1 disponible en el solvente org\u00e1nico, con US$1,800-2,000 por tonelada. Esto lo convierte en una opci\u00f3n ideal para formuladores industriales que buscan soluciones rentables para productos qu\u00edmicos para el tratamiento del agua.<\/p>","protected":false},"featured_media":2826,"template":"","meta":{"site-sidebar-layout":"default","site-content-layout":"default","ast-site-content-layout":"default","site-content-style":"default","site-sidebar-style":"default","ast-global-header-display":"","ast-banner-title-visibility":"","ast-main-header-display":"","ast-hfb-above-header-display":"","ast-hfb-below-header-display":"","ast-hfb-mobile-header-display":"","site-post-title":"","ast-breadcrumbs-content":"","ast-featured-img":"","footer-sml-layout":"","ast-disable-related-posts":"","theme-transparent-header-meta":"default","adv-header-id-meta":"","stick-header-meta":"default","header-above-stick-meta":"","header-main-stick-meta":"","header-below-stick-meta":"","astra-migrate-meta-layouts":"default","ast-page-background-enabled":"default","ast-page-background-meta":{"desktop":{"background-color":"","background-image":"","background-repeat":"repeat","background-position":"center center","background-size":"auto","background-attachment":"scroll","background-type":"","background-media":"","overlay-type":"","overlay-color":"","overlay-opacity":"","overlay-gradient":""},"tablet":{"background-color":"","background-image":"","background-repeat":"repeat","background-position":"center center","background-size":"auto","background-attachment":"scroll","background-type":"","background-media":"","overlay-type":"","overlay-color":"","overlay-opacity":"","overlay-gradient":""},"mobile":{"background-color":"","background-image":"","background-repeat":"repeat","background-position":"center center","background-size":"auto","background-attachment":"scroll","background-type":"","background-media":"","overlay-type":"","overlay-color":"","overlay-opacity":"","overlay-gradient":""}},"ast-content-background-meta":{"desktop":{"background-color":"var(--ast-global-color-5)","background-image":"","background-repeat":"repeat","background-position":"center center","background-size":"auto","background-attachment":"scroll","background-type":"","background-media":"","overlay-type":"","overlay-color":"","overlay-opacity":"","overlay-gradient":""},"tablet":{"background-color":"var(--ast-global-color-5)","background-image":"","background-repeat":"repeat","background-position":"center center","background-size":"auto","background-attachment":"scroll","background-type":"","background-media":"","overlay-type":"","overlay-color":"","overlay-opacity":"","overlay-gradient":""},"mobile":{"background-color":"var(--ast-global-color-5)","background-image":"","background-repeat":"repeat","background-position":"center center","background-size":"auto","background-attachment":"scroll","background-type":"","background-media":"","overlay-type":"","overlay-color":"","overlay-opacity":"","overlay-gradient":""}}},"product_brand":[],"product_cat":[28],"product_tag":[],"class_list":{"0":"post-1239","1":"product","2":"type-product","3":"status-publish","4":"has-post-thumbnail","6":"product_cat-polycarboxylic-antiscalant-and-dispersant","7":"desktop-align-left","8":"tablet-align-left","9":"mobile-align-left","10":"ast-product-gallery-layout-horizontal-slider","11":"ast-product-gallery-with-no-image","12":"ast-product-tabs-layout-horizontal","14":"first","15":"instock","16":"shipping-taxable","17":"product-type-simple"},"yoast_head":"<!-- This site is optimized with the Yoast SEO Premium plugin v26.3 (Yoast SEO v27.3) - https:\/\/yoast.com\/product\/yoast-seo-premium-wordpress\/ -->\n<title>WT-2000 Carboxylate-Sulfonate Copolymer - vcycletech<\/title>\n<meta name=\"description\" content=\"Get the WT-2000 Carboxylate-Sulfonate Copolymer for your water treatment chemicals and achieve amazing results!\" \/>\n<meta name=\"robots\" content=\"index, follow, max-snippet:-1, max-image-preview:large, max-video-preview:-1\" \/>\n<link rel=\"canonical\" href=\"https:\/\/vcycletech.com\/es\/producto\/kr-2000-carboxilato-sulfonato-copolimero\/\" \/>\n<meta property=\"og:locale\" content=\"es_MX\" \/>\n<meta property=\"og:type\" content=\"article\" \/>\n<meta property=\"og:title\" content=\"WT-2000 Carboxylate-Sulfonate Copolymer\" \/>\n<meta property=\"og:description\" content=\"Get the WT-2000 Carboxylate-Sulfonate Copolymer for your water treatment chemicals and achieve amazing results!\" \/>\n<meta property=\"og:url\" content=\"https:\/\/vcycletech.com\/es\/producto\/kr-2000-carboxilato-sulfonato-copolimero\/\" \/>\n<meta property=\"og:site_name\" content=\"vcycletech\" \/>\n<meta property=\"article:modified_time\" content=\"2023-03-27T05:01:08+00:00\" \/>\n<meta property=\"og:image\" content=\"https:\/\/vcycletech.com\/wp-content\/uploads\/2023\/03\/\u672a\u547d\u540d\u7684\u8bbe\u8ba1-1-26.png\" \/>\n\t<meta property=\"og:image:width\" content=\"600\" \/>\n\t<meta property=\"og:image:height\" content=\"600\" \/>\n\t<meta property=\"og:image:type\" content=\"image\/png\" \/>\n<meta name=\"twitter:card\" content=\"summary_large_image\" \/>\n<meta name=\"twitter:label1\" content=\"Tiempo de lectura\" \/>\n\t<meta name=\"twitter:data1\" content=\"3 minutos\" \/>\n<script type=\"application\/ld+json\" class=\"yoast-schema-graph\">{\"@context\":\"https:\\\/\\\/schema.org\",\"@graph\":[{\"@type\":\"WebPage\",\"@id\":\"https:\\\/\\\/vcycletech.com\\\/product\\\/wt-2000-carboxylate-sulfonate-copolymer\\\/\",\"url\":\"https:\\\/\\\/vcycletech.com\\\/product\\\/wt-2000-carboxylate-sulfonate-copolymer\\\/\",\"name\":\"WT-2000 Carboxylate-Sulfonate Copolymer - vcycletech\",\"isPartOf\":{\"@id\":\"https:\\\/\\\/vcycletech.com\\\/#website\"},\"primaryImageOfPage\":{\"@id\":\"https:\\\/\\\/vcycletech.com\\\/product\\\/wt-2000-carboxylate-sulfonate-copolymer\\\/#primaryimage\"},\"image\":{\"@id\":\"https:\\\/\\\/vcycletech.com\\\/product\\\/wt-2000-carboxylate-sulfonate-copolymer\\\/#primaryimage\"},\"thumbnailUrl\":\"https:\\\/\\\/vcycletech.com\\\/wp-content\\\/uploads\\\/2023\\\/03\\\/\u672a\u547d\u540d\u7684\u8bbe\u8ba1-1-26.png\",\"datePublished\":\"2023-03-21T12:03:34+00:00\",\"dateModified\":\"2023-03-27T05:01:08+00:00\",\"description\":\"Get the WT-2000 Carboxylate-Sulfonate Copolymer for your water treatment chemicals and achieve amazing results!\",\"breadcrumb\":{\"@id\":\"https:\\\/\\\/vcycletech.com\\\/product\\\/wt-2000-carboxylate-sulfonate-copolymer\\\/#breadcrumb\"},\"inLanguage\":\"es\",\"potentialAction\":[{\"@type\":\"ReadAction\",\"target\":[\"https:\\\/\\\/vcycletech.com\\\/product\\\/wt-2000-carboxylate-sulfonate-copolymer\\\/\"]}]},{\"@type\":\"ImageObject\",\"inLanguage\":\"es\",\"@id\":\"https:\\\/\\\/vcycletech.com\\\/product\\\/wt-2000-carboxylate-sulfonate-copolymer\\\/#primaryimage\",\"url\":\"https:\\\/\\\/vcycletech.com\\\/wp-content\\\/uploads\\\/2023\\\/03\\\/\u672a\u547d\u540d\u7684\u8bbe\u8ba1-1-26.png\",\"contentUrl\":\"https:\\\/\\\/vcycletech.com\\\/wp-content\\\/uploads\\\/2023\\\/03\\\/\u672a\u547d\u540d\u7684\u8bbe\u8ba1-1-26.png\",\"width\":600,\"height\":600,\"caption\":\"WT-2000 Carboxylate-Sulfonate Copolymer\"},{\"@type\":\"BreadcrumbList\",\"@id\":\"https:\\\/\\\/vcycletech.com\\\/product\\\/wt-2000-carboxylate-sulfonate-copolymer\\\/#breadcrumb\",\"itemListElement\":[{\"@type\":\"ListItem\",\"position\":1,\"name\":\"Home\",\"item\":\"https:\\\/\\\/vcycletech.com\\\/\"},{\"@type\":\"ListItem\",\"position\":2,\"name\":\"Water Treatment Chemicals Manufacturer\",\"item\":\"https:\\\/\\\/vcycletech.com\\\/water-treatment-chemicals-manufacturer\\\/\"},{\"@type\":\"ListItem\",\"position\":3,\"name\":\"WT-2000 Carboxylate-Sulfonate Copolymer\"}]},{\"@type\":\"WebSite\",\"@id\":\"https:\\\/\\\/vcycletech.com\\\/#website\",\"url\":\"https:\\\/\\\/vcycletech.com\\\/\",\"name\":\"vcycletech\",\"description\":\"China&#039;s top water treatment chemicals supplier\",\"publisher\":{\"@id\":\"https:\\\/\\\/vcycletech.com\\\/#organization\"},\"potentialAction\":[{\"@type\":\"SearchAction\",\"target\":{\"@type\":\"EntryPoint\",\"urlTemplate\":\"https:\\\/\\\/vcycletech.com\\\/?s={search_term_string}\"},\"query-input\":{\"@type\":\"PropertyValueSpecification\",\"valueRequired\":true,\"valueName\":\"search_term_string\"}}],\"inLanguage\":\"es\"},{\"@type\":\"Organization\",\"@id\":\"https:\\\/\\\/vcycletech.com\\\/#organization\",\"name\":\"vcycletech\",\"url\":\"https:\\\/\\\/vcycletech.com\\\/\",\"logo\":{\"@type\":\"ImageObject\",\"inLanguage\":\"es\",\"@id\":\"https:\\\/\\\/vcycletech.com\\\/#\\\/schema\\\/logo\\\/image\\\/\",\"url\":\"https:\\\/\\\/vcycletech.com\\\/wp-content\\\/uploads\\\/2023\\\/03\\\/logo-vcycletech-1.png\",\"contentUrl\":\"https:\\\/\\\/vcycletech.com\\\/wp-content\\\/uploads\\\/2023\\\/03\\\/logo-vcycletech-1.png\",\"width\":600,\"height\":400,\"caption\":\"vcycletech\"},\"image\":{\"@id\":\"https:\\\/\\\/vcycletech.com\\\/#\\\/schema\\\/logo\\\/image\\\/\"}}]}<\/script>\n<!-- \/ Yoast SEO Premium plugin. -->","yoast_head_json":{"title":"Copol\u00edmero de carboxilato-sulfonato WT-2000 - vcycletech","description":"\u00a1Obtenga el copol\u00edmero de carboxilato-sulfonato WT-2000 para sus productos qu\u00edmicos de tratamiento de agua y logre resultados sorprendentes!","robots":{"index":"index","follow":"follow","max-snippet":"max-snippet:-1","max-image-preview":"max-image-preview:large","max-video-preview":"max-video-preview:-1"},"canonical":"https:\/\/vcycletech.com\/es\/producto\/kr-2000-carboxilato-sulfonato-copolimero\/","og_locale":"es_MX","og_type":"article","og_title":"WT-2000 Carboxylate-Sulfonate Copolymer","og_description":"Get the WT-2000 Carboxylate-Sulfonate Copolymer for your water treatment chemicals and achieve amazing results!","og_url":"https:\/\/vcycletech.com\/es\/producto\/kr-2000-carboxilato-sulfonato-copolimero\/","og_site_name":"vcycletech","article_modified_time":"2023-03-27T05:01:08+00:00","og_image":[{"width":600,"height":600,"url":"https:\/\/vcycletech.com\/wp-content\/uploads\/2023\/03\/\u672a\u547d\u540d\u7684\u8bbe\u8ba1-1-26.png","type":"image\/png"}],"twitter_card":"summary_large_image","twitter_misc":{"Tiempo de lectura":"3 minutos"},"schema":{"@context":"https:\/\/schema.org","@graph":[{"@type":"WebPage","@id":"https:\/\/vcycletech.com\/product\/wt-2000-carboxylate-sulfonate-copolymer\/","url":"https:\/\/vcycletech.com\/product\/wt-2000-carboxylate-sulfonate-copolymer\/","name":"Copol\u00edmero de carboxilato-sulfonato WT-2000 - vcycletech","isPartOf":{"@id":"https:\/\/vcycletech.com\/#website"},"primaryImageOfPage":{"@id":"https:\/\/vcycletech.com\/product\/wt-2000-carboxylate-sulfonate-copolymer\/#primaryimage"},"image":{"@id":"https:\/\/vcycletech.com\/product\/wt-2000-carboxylate-sulfonate-copolymer\/#primaryimage"},"thumbnailUrl":"https:\/\/vcycletech.com\/wp-content\/uploads\/2023\/03\/\u672a\u547d\u540d\u7684\u8bbe\u8ba1-1-26.png","datePublished":"2023-03-21T12:03:34+00:00","dateModified":"2023-03-27T05:01:08+00:00","description":"\u00a1Obtenga el copol\u00edmero de carboxilato-sulfonato WT-2000 para sus productos qu\u00edmicos de tratamiento de agua y logre resultados sorprendentes!","breadcrumb":{"@id":"https:\/\/vcycletech.com\/product\/wt-2000-carboxylate-sulfonate-copolymer\/#breadcrumb"},"inLanguage":"es","potentialAction":[{"@type":"ReadAction","target":["https:\/\/vcycletech.com\/product\/wt-2000-carboxylate-sulfonate-copolymer\/"]}]},{"@type":"ImageObject","inLanguage":"es","@id":"https:\/\/vcycletech.com\/product\/wt-2000-carboxylate-sulfonate-copolymer\/#primaryimage","url":"https:\/\/vcycletech.com\/wp-content\/uploads\/2023\/03\/\u672a\u547d\u540d\u7684\u8bbe\u8ba1-1-26.png","contentUrl":"https:\/\/vcycletech.com\/wp-content\/uploads\/2023\/03\/\u672a\u547d\u540d\u7684\u8bbe\u8ba1-1-26.png","width":600,"height":600,"caption":"WT-2000 Carboxylate-Sulfonate Copolymer"},{"@type":"BreadcrumbList","@id":"https:\/\/vcycletech.com\/product\/wt-2000-carboxylate-sulfonate-copolymer\/#breadcrumb","itemListElement":[{"@type":"ListItem","position":1,"name":"Home","item":"https:\/\/vcycletech.com\/"},{"@type":"ListItem","position":2,"name":"Water Treatment Chemicals Manufacturer","item":"https:\/\/vcycletech.com\/water-treatment-chemicals-manufacturer\/"},{"@type":"ListItem","position":3,"name":"WT-2000 Carboxylate-Sulfonate Copolymer"}]},{"@type":"WebSite","@id":"https:\/\/vcycletech.com\/#website","url":"https:\/\/vcycletech.com\/","name":"vcycletech","description":"El principal proveedor de productos qu\u00edmicos para el tratamiento del agua de China y #039;","publisher":{"@id":"https:\/\/vcycletech.com\/#organization"},"potentialAction":[{"@type":"SearchAction","target":{"@type":"EntryPoint","urlTemplate":"https:\/\/vcycletech.com\/?s={search_term_string}"},"query-input":{"@type":"PropertyValueSpecification","valueRequired":true,"valueName":"search_term_string"}}],"inLanguage":"es"},{"@type":"Organization","@id":"https:\/\/vcycletech.com\/#organization","name":"vcycletech","url":"https:\/\/vcycletech.com\/","logo":{"@type":"ImageObject","inLanguage":"es","@id":"https:\/\/vcycletech.com\/#\/schema\/logo\/image\/","url":"https:\/\/vcycletech.com\/wp-content\/uploads\/2023\/03\/logo-vcycletech-1.png","contentUrl":"https:\/\/vcycletech.com\/wp-content\/uploads\/2023\/03\/logo-vcycletech-1.png","width":600,"height":400,"caption":"vcycletech"},"image":{"@id":"https:\/\/vcycletech.com\/#\/schema\/logo\/image\/"}}]}},"_links":{"self":[{"href":"https:\/\/vcycletech.com\/es\/wp-json\/wp\/v2\/product\/1239","targetHints":{"allow":["GET"]}}],"collection":[{"href":"https:\/\/vcycletech.com\/es\/wp-json\/wp\/v2\/product"}],"about":[{"href":"https:\/\/vcycletech.com\/es\/wp-json\/wp\/v2\/types\/product"}],"wp:featuredmedia":[{"embeddable":true,"href":"https:\/\/vcycletech.com\/es\/wp-json\/wp\/v2\/media\/2826"}],"wp:attachment":[{"href":"https:\/\/vcycletech.com\/es\/wp-json\/wp\/v2\/media?parent=1239"}],"wp:term":[{"taxonomy":"product_brand","embeddable":true,"href":"https:\/\/vcycletech.com\/es\/wp-json\/wp\/v2\/product_brand?post=1239"},{"taxonomy":"product_cat","embeddable":true,"href":"https:\/\/vcycletech.com\/es\/wp-json\/wp\/v2\/product_cat?post=1239"},{"taxonomy":"product_tag","embeddable":true,"href":"https:\/\/vcycletech.com\/es\/wp-json\/wp\/v2\/product_tag?post=1239"}],"curies":[{"name":"wp","href":"https:\/\/api.w.org\/{rel}","templated":true}]}}