{"id":1234,"date":"2023-03-21T12:15:17","date_gmt":"2023-03-21T12:15:17","guid":{"rendered":"https:\/\/vcycletech.com\/?post_type=product&#038;p=1234"},"modified":"2023-03-21T12:15:18","modified_gmt":"2023-03-21T12:15:18","slug":"nn-dietilhidroxilaminadeha","status":"publish","type":"product","link":"https:\/\/vcycletech.com\/es\/producto\/nn-dietilhidroxilaminadeha\/","title":{"rendered":"N,N-Dietilhidroxilamina (DEHA)"},"content":{"rendered":"<h3>F\u00f3rmula molecular: C4H11NO<\/h3>\n<h3>Peso Molecular: 89.14<\/h3>\n<h3>N\u00ba CAS 3710-84-7<\/h3>\n<h3>Especificaci\u00f3n:<\/h3>\n<div id=\"footable_parent_1236\"\n         class=\"footable_parent ninja_table_wrapper loading_ninja_table wp_table_data_press_parent semantic_ui\">\n                <table data-ninja_table_instance=\"ninja_table_instance_0\" data-footable_id=\"1236\" data-filter-delay=\"1000\" aria-label=\"(DEHA).csv\"            id=\"footable_1236\"\n           data-unique_identifier=\"ninja_table_unique_id_1467613638_1236\"\n           class=\"foo-table ninja_footable foo_table_1236 ninja_table_unique_id_1467613638_1236 ui table  nt_type_legacy_table selectable striped vertical_centered  footable-paging-right ninja_table_pro\">\n                <colgroup>\n                            <col class=\"ninja_column_0\">\n                            <col class=\"ninja_column_1\">\n                    <\/colgroup>\n        <thead>\n<tr class=\"footable-header\">\n                                        <th scope=\"col\"  class=\"ninja_column_0 ninja_clmn_nm_items\">Elementos<\/th><th scope=\"col\"  class=\"ninja_column_1 ninja_clmn_nm_index\">\u00cdndice<\/th><\/tr>\n<\/thead>\n<tbody>\n\n        <tr data-row_id=\"296\" class=\"ninja_table_row_0 nt_row_id_296\">\n            <td>Apariencia<\/td><td>L\u00edquido transparente incoloro a amarillo claro<\/td>        <\/tr>\n            <tr data-row_id=\"297\" class=\"ninja_table_row_1 nt_row_id_297\">\n            <td>Contenido activo, %<\/td><td>85 minutos<\/td>        <\/tr>\n            <tr data-row_id=\"298\" class=\"ninja_table_row_2 nt_row_id_298\">\n            <td>Humedad, %<\/td><td>15 m\u00e1x.<\/td>        <\/tr>\n            <tr data-row_id=\"299\" class=\"ninja_table_row_3 nt_row_id_299\">\n            <td>Dietilamina, %<\/td><td>1.0 m\u00e1x.<\/td>        <\/tr>\n            <tr data-row_id=\"300\" class=\"ninja_table_row_4 nt_row_id_300\">\n            <td>Color (APHA)<\/td><td>300 m\u00e1x.<\/td>        <\/tr>\n    <\/tbody><!--ninja_tobody_rendering_done-->\n    <\/table>\n    \n    \n    \n<\/div>\n\n<h3>Propiedades:<\/h3>\n<p><strong>N, N-Dietilhidroxilamina (DEHA)<\/strong> es un compuesto org\u00e1nico con muchas aplicaciones en la qu\u00edmica del tratamiento del agua. Como inhibidor de la corrosi\u00f3n, previene la oxidaci\u00f3n de los metales y protege contra la acci\u00f3n de los \u00e1cidos. <strong>DEHA<\/strong> Se sabe que tiene fuertes propiedades detergentes y su capacidad para actuar como un tensioactivo aumenta la solubilidad de las ceras.<\/p>\n<p>Sirve como un agente antiespumante que puede ayudar a controlar los niveles de espuma en los sistemas de agua industrial. Como eliminador de radicales libres, <strong>DEHA<\/strong> tambi\u00e9n act\u00faa como antioxidante para productos de caucho y pl\u00e1stico cuando se usa como parte de la formulaci\u00f3n qu\u00edmica de tratamiento de agua. Tambi\u00e9n ayuda a unir metales, lo que lo hace pr\u00e1ctico para procesos de desincrustaci\u00f3n y pretratamiento en entornos industriales. Finalmente, sus propiedades hidrolizantes lo hacen \u00fatil para las s\u00edntesis organomet\u00e1licas utilizadas en el tratamiento de agua y la producci\u00f3n qu\u00edmica.<\/p>\n<h3>Uso:<\/h3>\n<p><strong>N, N-Dietilhidroxilamina (DEHA)<\/strong> es un compuesto org\u00e1nico con una amplia gama de aplicaciones en la producci\u00f3n qu\u00edmica industrial. Es un inhibidor eficaz de la polimerizaci\u00f3n de alquenos como mon\u00f3mero de vinilo y un inhibidor eficaz de la polimerizaci\u00f3n final en los procesos de caucho de butadieno estireno polimerizado en emulsi\u00f3n.<\/p>\n<p><strong>DEHA<\/strong> tambi\u00e9n se utiliza como antioxidante para aceites insaturados, resinas, resinas fotosensibles, emulsiones sensibles y resinas sint\u00e9ticas. Como inhibidor fotoqu\u00edmico del smog, ayuda a reducir los niveles de contaminaci\u00f3n atmosf\u00e9rica. Adem\u00e1s, <strong>DEHA<\/strong> sirve como inhibidor de corrosi\u00f3n para calderas e intercambiadores de calor, adem\u00e1s de tener usos en fotograf\u00eda como antioxidante.<\/p>\n<h3>Paquete y almacenamiento:<\/h3>\n<p><strong>N, N-Dietilhidroxilamina (DEHA)<\/strong> debe almacenarse en un lugar fresco y seco, lejos de la luz solar directa y de cualquier fuente de calor o llama. Est\u00e1 disponible en contenedores sellados de diferentes tama\u00f1os, como tambores, bidones y baldes. Por razones de seguridad, los contenedores deben cerrarse herm\u00e9ticamente y mantenerse en posici\u00f3n vertical para evitar derrames. Se debe purgar todo el aire superfluo antes de volver a sellar. Al manipular DEHA, es importante tomar todas las precauciones necesarias, incluido el uso de guantes y ropa de protecci\u00f3n: bid\u00f3n de pl\u00e1stico de 185 kg o IBC de 900 kg.<\/p>\n<h3>Preguntas frecuentes sobre N, N-Dietilhidroxilamina (DEHA):<\/h3>\n<p><strong>\u00bfQu\u00e9 son la N, N-dietilhidroxilamina (DEHA) y sus usos?<\/strong><br \/>\n<strong>N, N-Dietilhidroxilamina (DEHA)<\/strong> es un compuesto org\u00e1nico que pertenece a la clase de las hidroxilaminas, que son una familia de compuestos que contienen nitr\u00f3geno. Se ha utilizado en una variedad de aplicaciones, incluso como agente oxidante en productos qu\u00edmicos para el tratamiento del agua y como aditivo para formulaciones de biocidas. <strong>DEHA<\/strong> Se puede aplicar tanto en precloraci\u00f3n como en postcloraci\u00f3n, proporcionando una desinfecci\u00f3n eficaz de las fuentes de agua potable. Tambi\u00e9n se puede utilizar como desodorante para reducir los olores que contienen azufre en los sistemas de aguas residuales municipales.<\/p>\n<p><strong>\u00bfC\u00f3mo funciona la N, N-Dietilhidroxilamina (DEHA)?<\/strong><br \/>\nCuando se a\u00f1ade al agua, <strong>DEHA<\/strong> act\u00faa como un oxidante para descomponer los contaminantes como el amon\u00edaco y los iones de nitrato en componentes inofensivos que se pueden eliminar de manera segura del suministro de agua. El proceso de oxidaci\u00f3n de DEHA tambi\u00e9n mata bacterias, virus y otros microorganismos potencialmente da\u00f1inos mientras deja intactos los organismos beneficiosos. Esto lo convierte en un desinfectante efectivo para las fuentes de agua potable.<\/p>\n<p><strong>\u00bfCu\u00e1l es el impacto ambiental del uso de N, N-Dietilhidroxilamina (DEHA) para el tratamiento del agua?<\/strong><br \/>\n<strong>DEHA<\/strong> se considera no t\u00f3xico y ecol\u00f3gico en comparaci\u00f3n con otros productos qu\u00edmicos de tratamiento de agua de uso com\u00fan, como el cloro o los bromuros. Esto significa que presenta menos riesgo para la salud humana o la vida acu\u00e1tica cuando se libera en el medio ambiente. Adem\u00e1s, <strong>DEHA<\/strong> se descompone r\u00e1pidamente cuando se expone a la luz solar u otra radiaci\u00f3n ultravioleta, por lo que no se acumula con el tiempo en el medio ambiente como otros compuestos qu\u00edmicos que se usan a menudo para el tratamiento del agua.<\/p>\n<p><strong>\u00bfQu\u00e9 precauciones se deben tomar al usar N, N-Dietilhidroxilamina (DEHA)?<\/strong><br \/>\n<strong>DEHA<\/strong> nunca debe mezclarse con \u00e1lcalis o soluciones \u00e1cidas ya que estas combinaciones pueden causar reacciones peligrosas como explosiones o emanaciones t\u00f3xicas. Como con cualquier producto qu\u00edmico, siempre se deben usar guantes y gafas de seguridad cuando se manipule directamente este material. Antes de usar en piscinas o spas, se deben seguir cuidadosamente las instrucciones del fabricante debido a los riesgos potenciales asociados con la irritaci\u00f3n de la piel por contacto o da\u00f1o a los ojos si no se maneja correctamente.<\/p>\n<p><a href=\"https:\/\/vcycletech.com\/es\/inhibidor-corrosivo\/\"><strong>Obtenga la soluci\u00f3n completa de inhibidores de corrosi\u00f3n.<\/strong><\/a><\/p>","protected":false},"excerpt":{"rendered":"<p><strong>DEHA<\/strong> funciona oxidando los metales disueltos, transform\u00e1ndolos en s\u00f3lidos coloidales o part\u00edculas que luego pueden filtrarse o eliminarse de la fuente de agua. Este proceso de oxidaci\u00f3n ayuda a eliminar cualquier peligro potencial para la salud asociado con los altos niveles de estos contaminantes. Adem\u00e1s de reducir la concentraci\u00f3n de metales peligrosos, <strong>DEHA<\/strong> tambi\u00e9n trabaja para reducir los sabores y olores desagradables en el agua, haci\u00e9ndola m\u00e1s sabrosa y apetecible para beber.<\/p>\n<p><strong>N, N-Dietilhidroxilamina (DEHA)<\/strong> proporciona una forma confiable de reducir las concentraciones de metales peligrosos que se encuentran en las fuentes de agua potable. Su eficacia y seguridad lo convierten en una opci\u00f3n atractiva para los municipios que buscan proporcionar a sus ciudadanos agua potable limpia y saludable en todo momento.<\/p>","protected":false},"featured_media":1252,"template":"","meta":{"site-sidebar-layout":"default","site-content-layout":"default","ast-site-content-layout":"default","site-content-style":"default","site-sidebar-style":"default","ast-global-header-display":"","ast-banner-title-visibility":"","ast-main-header-display":"","ast-hfb-above-header-display":"","ast-hfb-below-header-display":"","ast-hfb-mobile-header-display":"","site-post-title":"","ast-breadcrumbs-content":"","ast-featured-img":"","footer-sml-layout":"","ast-disable-related-posts":"","theme-transparent-header-meta":"default","adv-header-id-meta":"","stick-header-meta":"default","header-above-stick-meta":"","header-main-stick-meta":"","header-below-stick-meta":"","astra-migrate-meta-layouts":"default","ast-page-background-enabled":"default","ast-page-background-meta":{"desktop":{"background-color":"","background-image":"","background-repeat":"repeat","background-position":"center center","background-size":"auto","background-attachment":"scroll","background-type":"","background-media":"","overlay-type":"","overlay-color":"","overlay-opacity":"","overlay-gradient":""},"tablet":{"background-color":"","background-image":"","background-repeat":"repeat","background-position":"center center","background-size":"auto","background-attachment":"scroll","background-type":"","background-media":"","overlay-type":"","overlay-color":"","overlay-opacity":"","overlay-gradient":""},"mobile":{"background-color":"","background-image":"","background-repeat":"repeat","background-position":"center center","background-size":"auto","background-attachment":"scroll","background-type":"","background-media":"","overlay-type":"","overlay-color":"","overlay-opacity":"","overlay-gradient":""}},"ast-content-background-meta":{"desktop":{"background-color":"var(--ast-global-color-5)","background-image":"","background-repeat":"repeat","background-position":"center center","background-size":"auto","background-attachment":"scroll","background-type":"","background-media":"","overlay-type":"","overlay-color":"","overlay-opacity":"","overlay-gradient":""},"tablet":{"background-color":"var(--ast-global-color-5)","background-image":"","background-repeat":"repeat","background-position":"center center","background-size":"auto","background-attachment":"scroll","background-type":"","background-media":"","overlay-type":"","overlay-color":"","overlay-opacity":"","overlay-gradient":""},"mobile":{"background-color":"var(--ast-global-color-5)","background-image":"","background-repeat":"repeat","background-position":"center center","background-size":"auto","background-attachment":"scroll","background-type":"","background-media":"","overlay-type":"","overlay-color":"","overlay-opacity":"","overlay-gradient":""}}},"product_brand":[],"product_cat":[30],"product_tag":[],"class_list":{"0":"post-1234","1":"product","2":"type-product","3":"status-publish","4":"has-post-thumbnail","6":"product_cat-corrosion-inhibitors","7":"desktop-align-left","8":"tablet-align-left","9":"mobile-align-left","10":"ast-product-gallery-layout-horizontal-slider","11":"ast-product-tabs-layout-horizontal","13":"first","14":"instock","15":"shipping-taxable","16":"product-type-simple"},"yoast_head":"<!-- This site is optimized with the Yoast SEO Premium plugin v26.3 (Yoast SEO v27.3) - https:\/\/yoast.com\/product\/yoast-seo-premium-wordpress\/ -->\n<title>N,N-Diethylhydroxylamine(DEHA) - vcycletech<\/title>\n<meta name=\"description\" content=\"N, N-Diethylhydroxylamine (DEHA) is an important water treatment chemical used to reduce the concentration of hydrogen sulfide, iron, and manganese found in water. It is a colorless and odorless liquid that has been proven effective in removing these contaminants from drinking water sources. DEHA is most commonly used in municipal water treatment facilities because of its proven effectiveness and cost-effectiveness.\" \/>\n<meta name=\"robots\" content=\"index, follow, max-snippet:-1, max-image-preview:large, max-video-preview:-1\" \/>\n<link rel=\"canonical\" href=\"https:\/\/vcycletech.com\/es\/producto\/nn-dietilhidroxilaminadeha\/\" \/>\n<meta property=\"og:locale\" content=\"es_MX\" \/>\n<meta property=\"og:type\" content=\"article\" \/>\n<meta property=\"og:title\" content=\"N,N-Diethylhydroxylamine(DEHA)\" \/>\n<meta property=\"og:description\" content=\"N, N-Diethylhydroxylamine (DEHA) is an important water treatment chemical used to reduce the concentration of hydrogen sulfide, iron, and manganese found in water. It is a colorless and odorless liquid that has been proven effective in removing these contaminants from drinking water sources. DEHA is most commonly used in municipal water treatment facilities because of its proven effectiveness and cost-effectiveness.\" \/>\n<meta property=\"og:url\" content=\"https:\/\/vcycletech.com\/es\/producto\/nn-dietilhidroxilaminadeha\/\" \/>\n<meta property=\"og:site_name\" content=\"vcycletech\" \/>\n<meta property=\"article:modified_time\" content=\"2023-03-21T12:15:18+00:00\" \/>\n<meta property=\"og:image\" content=\"https:\/\/vcycletech.com\/wp-content\/uploads\/2023\/03\/1-49.png\" \/>\n\t<meta property=\"og:image:width\" content=\"600\" \/>\n\t<meta property=\"og:image:height\" content=\"600\" \/>\n\t<meta property=\"og:image:type\" content=\"image\/png\" \/>\n<meta name=\"twitter:card\" content=\"summary_large_image\" \/>\n<meta name=\"twitter:label1\" content=\"Tiempo de lectura\" \/>\n\t<meta name=\"twitter:data1\" content=\"3 minutos\" \/>\n<script type=\"application\/ld+json\" class=\"yoast-schema-graph\">{\"@context\":\"https:\\\/\\\/schema.org\",\"@graph\":[{\"@type\":\"WebPage\",\"@id\":\"https:\\\/\\\/vcycletech.com\\\/product\\\/nn-diethylhydroxylaminedeha\\\/\",\"url\":\"https:\\\/\\\/vcycletech.com\\\/product\\\/nn-diethylhydroxylaminedeha\\\/\",\"name\":\"N,N-Diethylhydroxylamine(DEHA) - vcycletech\",\"isPartOf\":{\"@id\":\"https:\\\/\\\/vcycletech.com\\\/#website\"},\"primaryImageOfPage\":{\"@id\":\"https:\\\/\\\/vcycletech.com\\\/product\\\/nn-diethylhydroxylaminedeha\\\/#primaryimage\"},\"image\":{\"@id\":\"https:\\\/\\\/vcycletech.com\\\/product\\\/nn-diethylhydroxylaminedeha\\\/#primaryimage\"},\"thumbnailUrl\":\"https:\\\/\\\/vcycletech.com\\\/wp-content\\\/uploads\\\/2023\\\/03\\\/1-49.png\",\"datePublished\":\"2023-03-21T12:15:17+00:00\",\"dateModified\":\"2023-03-21T12:15:18+00:00\",\"description\":\"N, N-Diethylhydroxylamine (DEHA) is an important water treatment chemical used to reduce the concentration of hydrogen sulfide, iron, and manganese found in water. It is a colorless and odorless liquid that has been proven effective in removing these contaminants from drinking water sources. DEHA is most commonly used in municipal water treatment facilities because of its proven effectiveness and cost-effectiveness.\",\"breadcrumb\":{\"@id\":\"https:\\\/\\\/vcycletech.com\\\/product\\\/nn-diethylhydroxylaminedeha\\\/#breadcrumb\"},\"inLanguage\":\"es\",\"potentialAction\":[{\"@type\":\"ReadAction\",\"target\":[\"https:\\\/\\\/vcycletech.com\\\/product\\\/nn-diethylhydroxylaminedeha\\\/\"]}]},{\"@type\":\"ImageObject\",\"inLanguage\":\"es\",\"@id\":\"https:\\\/\\\/vcycletech.com\\\/product\\\/nn-diethylhydroxylaminedeha\\\/#primaryimage\",\"url\":\"https:\\\/\\\/vcycletech.com\\\/wp-content\\\/uploads\\\/2023\\\/03\\\/1-49.png\",\"contentUrl\":\"https:\\\/\\\/vcycletech.com\\\/wp-content\\\/uploads\\\/2023\\\/03\\\/1-49.png\",\"width\":600,\"height\":600,\"caption\":\"N,N-Diethylhydroxylamine(DEHA)\"},{\"@type\":\"BreadcrumbList\",\"@id\":\"https:\\\/\\\/vcycletech.com\\\/product\\\/nn-diethylhydroxylaminedeha\\\/#breadcrumb\",\"itemListElement\":[{\"@type\":\"ListItem\",\"position\":1,\"name\":\"Home\",\"item\":\"https:\\\/\\\/vcycletech.com\\\/\"},{\"@type\":\"ListItem\",\"position\":2,\"name\":\"Water Treatment Chemicals Manufacturer\",\"item\":\"https:\\\/\\\/vcycletech.com\\\/water-treatment-chemicals-manufacturer\\\/\"},{\"@type\":\"ListItem\",\"position\":3,\"name\":\"N,N-Diethylhydroxylamine(DEHA)\"}]},{\"@type\":\"WebSite\",\"@id\":\"https:\\\/\\\/vcycletech.com\\\/#website\",\"url\":\"https:\\\/\\\/vcycletech.com\\\/\",\"name\":\"vcycletech\",\"description\":\"China&#039;s top water treatment chemicals supplier\",\"publisher\":{\"@id\":\"https:\\\/\\\/vcycletech.com\\\/#organization\"},\"potentialAction\":[{\"@type\":\"SearchAction\",\"target\":{\"@type\":\"EntryPoint\",\"urlTemplate\":\"https:\\\/\\\/vcycletech.com\\\/?s={search_term_string}\"},\"query-input\":{\"@type\":\"PropertyValueSpecification\",\"valueRequired\":true,\"valueName\":\"search_term_string\"}}],\"inLanguage\":\"es\"},{\"@type\":\"Organization\",\"@id\":\"https:\\\/\\\/vcycletech.com\\\/#organization\",\"name\":\"vcycletech\",\"url\":\"https:\\\/\\\/vcycletech.com\\\/\",\"logo\":{\"@type\":\"ImageObject\",\"inLanguage\":\"es\",\"@id\":\"https:\\\/\\\/vcycletech.com\\\/#\\\/schema\\\/logo\\\/image\\\/\",\"url\":\"https:\\\/\\\/vcycletech.com\\\/wp-content\\\/uploads\\\/2023\\\/03\\\/logo-vcycletech-1.png\",\"contentUrl\":\"https:\\\/\\\/vcycletech.com\\\/wp-content\\\/uploads\\\/2023\\\/03\\\/logo-vcycletech-1.png\",\"width\":600,\"height\":400,\"caption\":\"vcycletech\"},\"image\":{\"@id\":\"https:\\\/\\\/vcycletech.com\\\/#\\\/schema\\\/logo\\\/image\\\/\"}}]}<\/script>\n<!-- \/ Yoast SEO Premium plugin. -->","yoast_head_json":{"title":"N,N-Dietilhidroxilamina(DEHA) - vcycletech","description":"La N, N-dietilhidroxilamina (DEHA) es un qu\u00edmico importante para el tratamiento del agua que se usa para reducir la concentraci\u00f3n de sulfuro de hidr\u00f3geno, hierro y manganeso que se encuentra en el agua. Es un l\u00edquido incoloro e inodoro que ha demostrado su eficacia en la eliminaci\u00f3n de estos contaminantes de las fuentes de agua potable. DEHA se usa m\u00e1s com\u00fanmente en las instalaciones municipales de tratamiento de agua debido a su eficacia y rentabilidad comprobadas.","robots":{"index":"index","follow":"follow","max-snippet":"max-snippet:-1","max-image-preview":"max-image-preview:large","max-video-preview":"max-video-preview:-1"},"canonical":"https:\/\/vcycletech.com\/es\/producto\/nn-dietilhidroxilaminadeha\/","og_locale":"es_MX","og_type":"article","og_title":"N,N-Diethylhydroxylamine(DEHA)","og_description":"N, N-Diethylhydroxylamine (DEHA) is an important water treatment chemical used to reduce the concentration of hydrogen sulfide, iron, and manganese found in water. It is a colorless and odorless liquid that has been proven effective in removing these contaminants from drinking water sources. DEHA is most commonly used in municipal water treatment facilities because of its proven effectiveness and cost-effectiveness.","og_url":"https:\/\/vcycletech.com\/es\/producto\/nn-dietilhidroxilaminadeha\/","og_site_name":"vcycletech","article_modified_time":"2023-03-21T12:15:18+00:00","og_image":[{"width":600,"height":600,"url":"https:\/\/vcycletech.com\/wp-content\/uploads\/2023\/03\/1-49.png","type":"image\/png"}],"twitter_card":"summary_large_image","twitter_misc":{"Tiempo de lectura":"3 minutos"},"schema":{"@context":"https:\/\/schema.org","@graph":[{"@type":"WebPage","@id":"https:\/\/vcycletech.com\/product\/nn-diethylhydroxylaminedeha\/","url":"https:\/\/vcycletech.com\/product\/nn-diethylhydroxylaminedeha\/","name":"N,N-Dietilhidroxilamina(DEHA) - vcycletech","isPartOf":{"@id":"https:\/\/vcycletech.com\/#website"},"primaryImageOfPage":{"@id":"https:\/\/vcycletech.com\/product\/nn-diethylhydroxylaminedeha\/#primaryimage"},"image":{"@id":"https:\/\/vcycletech.com\/product\/nn-diethylhydroxylaminedeha\/#primaryimage"},"thumbnailUrl":"https:\/\/vcycletech.com\/wp-content\/uploads\/2023\/03\/1-49.png","datePublished":"2023-03-21T12:15:17+00:00","dateModified":"2023-03-21T12:15:18+00:00","description":"La N, N-dietilhidroxilamina (DEHA) es un qu\u00edmico importante para el tratamiento del agua que se usa para reducir la concentraci\u00f3n de sulfuro de hidr\u00f3geno, hierro y manganeso que se encuentra en el agua. Es un l\u00edquido incoloro e inodoro que ha demostrado su eficacia en la eliminaci\u00f3n de estos contaminantes de las fuentes de agua potable. DEHA se usa m\u00e1s com\u00fanmente en las instalaciones municipales de tratamiento de agua debido a su eficacia y rentabilidad comprobadas.","breadcrumb":{"@id":"https:\/\/vcycletech.com\/product\/nn-diethylhydroxylaminedeha\/#breadcrumb"},"inLanguage":"es","potentialAction":[{"@type":"ReadAction","target":["https:\/\/vcycletech.com\/product\/nn-diethylhydroxylaminedeha\/"]}]},{"@type":"ImageObject","inLanguage":"es","@id":"https:\/\/vcycletech.com\/product\/nn-diethylhydroxylaminedeha\/#primaryimage","url":"https:\/\/vcycletech.com\/wp-content\/uploads\/2023\/03\/1-49.png","contentUrl":"https:\/\/vcycletech.com\/wp-content\/uploads\/2023\/03\/1-49.png","width":600,"height":600,"caption":"N,N-Diethylhydroxylamine(DEHA)"},{"@type":"BreadcrumbList","@id":"https:\/\/vcycletech.com\/product\/nn-diethylhydroxylaminedeha\/#breadcrumb","itemListElement":[{"@type":"ListItem","position":1,"name":"Home","item":"https:\/\/vcycletech.com\/"},{"@type":"ListItem","position":2,"name":"Water Treatment Chemicals Manufacturer","item":"https:\/\/vcycletech.com\/water-treatment-chemicals-manufacturer\/"},{"@type":"ListItem","position":3,"name":"N,N-Diethylhydroxylamine(DEHA)"}]},{"@type":"WebSite","@id":"https:\/\/vcycletech.com\/#website","url":"https:\/\/vcycletech.com\/","name":"vcycletech","description":"El principal proveedor de productos qu\u00edmicos para el tratamiento del agua de China y #039;","publisher":{"@id":"https:\/\/vcycletech.com\/#organization"},"potentialAction":[{"@type":"SearchAction","target":{"@type":"EntryPoint","urlTemplate":"https:\/\/vcycletech.com\/?s={search_term_string}"},"query-input":{"@type":"PropertyValueSpecification","valueRequired":true,"valueName":"search_term_string"}}],"inLanguage":"es"},{"@type":"Organization","@id":"https:\/\/vcycletech.com\/#organization","name":"vcycletech","url":"https:\/\/vcycletech.com\/","logo":{"@type":"ImageObject","inLanguage":"es","@id":"https:\/\/vcycletech.com\/#\/schema\/logo\/image\/","url":"https:\/\/vcycletech.com\/wp-content\/uploads\/2023\/03\/logo-vcycletech-1.png","contentUrl":"https:\/\/vcycletech.com\/wp-content\/uploads\/2023\/03\/logo-vcycletech-1.png","width":600,"height":400,"caption":"vcycletech"},"image":{"@id":"https:\/\/vcycletech.com\/#\/schema\/logo\/image\/"}}]}},"_links":{"self":[{"href":"https:\/\/vcycletech.com\/es\/wp-json\/wp\/v2\/product\/1234","targetHints":{"allow":["GET"]}}],"collection":[{"href":"https:\/\/vcycletech.com\/es\/wp-json\/wp\/v2\/product"}],"about":[{"href":"https:\/\/vcycletech.com\/es\/wp-json\/wp\/v2\/types\/product"}],"wp:featuredmedia":[{"embeddable":true,"href":"https:\/\/vcycletech.com\/es\/wp-json\/wp\/v2\/media\/1252"}],"wp:attachment":[{"href":"https:\/\/vcycletech.com\/es\/wp-json\/wp\/v2\/media?parent=1234"}],"wp:term":[{"taxonomy":"product_brand","embeddable":true,"href":"https:\/\/vcycletech.com\/es\/wp-json\/wp\/v2\/product_brand?post=1234"},{"taxonomy":"product_cat","embeddable":true,"href":"https:\/\/vcycletech.com\/es\/wp-json\/wp\/v2\/product_cat?post=1234"},{"taxonomy":"product_tag","embeddable":true,"href":"https:\/\/vcycletech.com\/es\/wp-json\/wp\/v2\/product_tag?post=1234"}],"curies":[{"name":"wp","href":"https:\/\/api.w.org\/{rel}","templated":true}]}}