{"id":1218,"date":"2023-03-21T10:15:28","date_gmt":"2023-03-21T10:15:28","guid":{"rendered":"https:\/\/vcycletech.com\/?post_type=product&#038;p=1218"},"modified":"2023-03-27T05:10:37","modified_gmt":"2023-03-27T05:10:37","slug":"morfolina","status":"publish","type":"product","link":"https:\/\/vcycletech.com\/es\/producto\/morfolina\/","title":{"rendered":"Morfolina"},"content":{"rendered":"<h3>F\u00f3rmula molecular: C4H9NO<\/h3>\n<h3>Peso molecular: 87,12<\/h3>\n<h3>N\u00ba CAS: 110-91-8 EINECS 203-815-1<\/h3>\n<h3>Estructura molecular:<\/h3>\n<figure id=\"attachment_1220\" aria-describedby=\"caption-attachment-1220\" style=\"width: 600px\" class=\"wp-caption alignnone\"><img fetchpriority=\"high\" decoding=\"async\" class=\"size-full wp-image-1220\" src=\"https:\/\/vcycletech.com\/wp-content\/uploads\/2023\/03\/1-44.png\" alt=\"Morfolina\" width=\"600\" height=\"600\" srcset=\"https:\/\/vcycletech.com\/wp-content\/uploads\/2023\/03\/1-44.png 600w, https:\/\/vcycletech.com\/wp-content\/uploads\/2023\/03\/1-44-100x100.png 100w, https:\/\/vcycletech.com\/wp-content\/uploads\/2023\/03\/1-44-300x300.png 300w, https:\/\/vcycletech.com\/wp-content\/uploads\/2023\/03\/1-44-150x150.png 150w\" sizes=\"(max-width: 600px) 100vw, 600px\" \/><figcaption id=\"caption-attachment-1220\" class=\"wp-caption-text\">Morfolina<\/figcaption><\/figure>\n<h3>Especificaci\u00f3n:<\/h3>\n<div id=\"footable_parent_1223\"\n         class=\"footable_parent ninja_table_wrapper loading_ninja_table wp_table_data_press_parent semantic_ui\">\n                <table data-ninja_table_instance=\"ninja_table_instance_0\" data-footable_id=\"1223\" data-filter-delay=\"1000\" aria-label=\"Morfolina.csv\"            id=\"footable_1223\"\n           data-unique_identifier=\"ninja_table_unique_id_1597921335_1223\"\n           class=\"foo-table ninja_footable foo_table_1223 ninja_table_unique_id_1597921335_1223 ui table  nt_type_legacy_table selectable striped vertical_centered  footable-paging-right ninja_table_pro\">\n                <colgroup>\n                            <col class=\"ninja_column_0\">\n                            <col class=\"ninja_column_1\">\n                    <\/colgroup>\n        <thead>\n<tr class=\"footable-header\">\n                                        <th scope=\"col\"  class=\"ninja_column_0 ninja_clmn_nm_items\">Elementos<\/th><th scope=\"col\"  class=\"ninja_column_1 ninja_clmn_nm_index\">\u00cdndice<\/th><\/tr>\n<\/thead>\n<tbody>\n\n        <tr data-row_id=\"287\" class=\"ninja_table_row_0 nt_row_id_287\">\n            <td>Contenido de la actividad:<\/td><td>99%<\/td>        <\/tr>\n            <tr data-row_id=\"288\" class=\"ninja_table_row_1 nt_row_id_288\">\n            <td>Densidad:<\/td><td>0,999 g\/ml<\/td>        <\/tr>\n            <tr data-row_id=\"289\" class=\"ninja_table_row_2 nt_row_id_289\">\n            <td>Punto de fusi\u00f3n Punto de fusi\u00f3n:<\/td><td>-4.9\u2103<\/td>        <\/tr>\n            <tr data-row_id=\"290\" class=\"ninja_table_row_3 nt_row_id_290\">\n            <td>Punto de ebullici\u00f3n:<\/td><td>128\u2103<\/td>        <\/tr>\n            <tr data-row_id=\"291\" class=\"ninja_table_row_4 nt_row_id_291\">\n            <td>Temperatura inflamable:<\/td><td>310\u2103<\/td>        <\/tr>\n            <tr data-row_id=\"292\" class=\"ninja_table_row_5 nt_row_id_292\">\n            <td>Punto de inflamabilidad:<\/td><td>35\u2103<\/td>        <\/tr>\n            <tr data-row_id=\"293\" class=\"ninja_table_row_6 nt_row_id_293\">\n            <td>Clase de peligro:<\/td><td>8 (l\u00edquido corrosivo)<\/td>        <\/tr>\n            <tr data-row_id=\"294\" class=\"ninja_table_row_7 nt_row_id_294\">\n            <td>Chroma (platino-cobalto)<\/td><td>\u2266 15<\/td>        <\/tr>\n            <tr data-row_id=\"295\" class=\"ninja_table_row_8 nt_row_id_295\">\n            <td>Rango de ebullici\u00f3n\u2103<\/td><td>126-130<\/td>        <\/tr>\n    <\/tbody><!--ninja_tobody_rendering_done-->\n    <\/table>\n    \n    \n    \n<\/div>\n\n<h3>Aplicaciones:<\/h3>\n<p><strong>Morfolina<\/strong> es un qu\u00edmico industrial importante con numerosos usos, incluso como acelerador de caucho para NOBS, OTOS y MDS; agente de sulfuraci\u00f3n (DT-DM); limpiador; agente desincrustante y antioxidante; agente anti-quemaduras; antis\u00e9ptico; tensioactivo; agente de te\u00f1ido y estampado de textiles; agente blanqueador \u00f3ptico; aditivo de ba\u00f1o de recubrimiento qu\u00edmico; antioxidante; agente hidrolizante; agente conservante de frutas; desodorante, abrillantador y disolvente org\u00e1nico. Es ampliamente utilizado en medicina, producci\u00f3n de pesticidas, medicina animal, refinaci\u00f3n de petr\u00f3leo y fabricaci\u00f3n de hidrocarburos arom\u00e1ticos de coque.<\/p>\n<p><strong>Morfolina<\/strong> se utiliza principalmente en el extranjero como antioxidante, desincrustante y limpiador de metales, especialmente cuando se trata de altas temperaturas. En la industria del mantenimiento de calderas, tambi\u00e9n se utiliza principalmente como agente desincrustante. Sus propiedades qu\u00edmicas \u00fanicas lo han hecho de gran valor en la qu\u00edmica del petr\u00f3leo fino.<\/p>\n<h3>Sin\u00f3nimos:<\/h3>\n<p>1-oxa-4-azaciclohexano; Tetrahidro-2H-1,4-oxazina<\/p>\n<h3>Preguntas frecuentes:<\/h3>\n<p><strong>P1:\u00bfPara qu\u00e9 se usa la morfolina en los productos qu\u00edmicos para el tratamiento del agua?<\/strong><br \/>\nLa morfolina es un compuesto org\u00e1nico com\u00fanmente utilizado como ingrediente en productos qu\u00edmicos para el tratamiento del agua debido a su capacidad para actuar como inhibidor de la corrosi\u00f3n y las incrustaciones, mejorar el control de la espuma y prevenir el crecimiento microbiano. Funciona uni\u00e9ndose a los iones met\u00e1licos del agua, lo que ayuda a evitar que se formen dep\u00f3sitos en las superficies y las tuber\u00edas, lo que puede reducir la eficiencia y aumentar los costos de energ\u00eda. La morfolina tambi\u00e9n es eficaz para controlar el crecimiento de bacterias, lo que ayuda a mantener los suministros de agua limpia libres de contaminaci\u00f3n.<\/p>\n<p><strong>P2:\u00bfExisten riesgos para la salud asociados con el uso de morfolina para el tratamiento del agua?<\/strong><br \/>\nEn t\u00e9rminos generales, la morfolina no representa un riesgo significativo para la salud cuando se usa adecuadamente para tratar el agua. Sin embargo, se debe tener en cuenta que la ingesti\u00f3n de altas concentraciones de la sustancia qu\u00edmica podr\u00eda causar irritaci\u00f3n en la piel, los ojos o las v\u00edas respiratorias si se produce el contacto. Por lo tanto, es importante asegurarse de que cualquier aplicaci\u00f3n de morfolina se realice de acuerdo con las instrucciones del fabricante y con las precauciones de seguridad adecuadas.<\/p>\n<p><strong>P3:\u00bfCu\u00e1nto tiempo permanece activa la morfolina en el agua tratada?<\/strong><br \/>\nLa cantidad exacta de tiempo que la morfolina permanece activa en el agua tratada variar\u00e1 seg\u00fan los factores ambientales, como la temperatura y los niveles de pH. Generalmente hablando. Sin embargo, la investigaci\u00f3n ha encontrado que puede permanecer activo hasta cuatro semanas o m\u00e1s cuando se aplica a las tasas recomendadas.<\/p>\n<p><strong>P4:\u00bfHay alguna evidencia que respalde el uso de morfolina para tratar el agua potable?<\/strong><br \/>\nSin embargo, varios estudios han encontrado que la morfolina puede ser efectiva para controlar el crecimiento microbiano cuando se usa correctamente para tratar los suministros de agua potable. Por ejemplo, un estudio encontr\u00f3 que redujo los recuentos de E-Coli en 99% dentro de las 24 horas posteriores a su adici\u00f3n a una fuente contaminada de agua potable suministrada por pozos.<\/p>\n<p><strong>P5:\u00bfExisten alternativas al uso de morfolina para tratar el agua?<\/strong><br \/>\nS\u00ed, varios otros compuestos org\u00e1nicos se usan com\u00fanmente como alternativas a la morfolina para el tratamiento de fuentes industriales y dom\u00e9sticas de agua potable, incluidos glutaraldeh\u00eddo, \u00e1cido c\u00edtrico y compuestos a base de ortofosfato, como polifosfatos y fosfonatos.<\/p>\n<p><a href=\"https:\/\/vcycletech.com\/es\/inhibidor-corrosivo\/\"><strong>Obtenga la soluci\u00f3n completa de inhibidores de corrosi\u00f3n.<\/strong><\/a><\/p>","protected":false},"excerpt":{"rendered":"<p><strong>Morfolina<\/strong> es un producto qu\u00edmico de tratamiento de agua popular que se utiliza para una variedad de aplicaciones. Es un compuesto de amina c\u00edclica con la f\u00f3rmula molecular C4H9NO y puede usarse como un inhibidor de corrosi\u00f3n y desinfectante eficaz. <strong>Morfolina<\/strong> se usa com\u00fanmente en sistemas de enfriamiento industrial, sistemas de calderas y otras aplicaciones a base de agua. La estructura qu\u00edmica de la morfolina la hace muy eficaz para prevenir la corrosi\u00f3n, los dep\u00f3sitos y la formaci\u00f3n de incrustaciones, lo que la convierte en una opci\u00f3n ideal para el tratamiento del agua.<\/p>\n<p>Adem\u00e1s de sus muchos beneficios en t\u00e9rminos de control de la corrosi\u00f3n y desinfecci\u00f3n, tambi\u00e9n se ha demostrado que la morfolina es muy segura cuando se usa seg\u00fan las instrucciones del fabricante. El producto qu\u00edmico no presenta ning\u00fan riesgo para la salud cuando se maneja adecuadamente y no hay impactos ambientales conocidos asociados con su uso en sistemas de tratamiento de agua.<\/p>","protected":false},"featured_media":1230,"template":"","meta":{"site-sidebar-layout":"default","site-content-layout":"default","ast-site-content-layout":"default","site-content-style":"default","site-sidebar-style":"default","ast-global-header-display":"","ast-banner-title-visibility":"","ast-main-header-display":"","ast-hfb-above-header-display":"","ast-hfb-below-header-display":"","ast-hfb-mobile-header-display":"","site-post-title":"","ast-breadcrumbs-content":"","ast-featured-img":"","footer-sml-layout":"","ast-disable-related-posts":"","theme-transparent-header-meta":"default","adv-header-id-meta":"","stick-header-meta":"default","header-above-stick-meta":"","header-main-stick-meta":"","header-below-stick-meta":"","astra-migrate-meta-layouts":"default","ast-page-background-enabled":"default","ast-page-background-meta":{"desktop":{"background-color":"","background-image":"","background-repeat":"repeat","background-position":"center center","background-size":"auto","background-attachment":"scroll","background-type":"","background-media":"","overlay-type":"","overlay-color":"","overlay-opacity":"","overlay-gradient":""},"tablet":{"background-color":"","background-image":"","background-repeat":"repeat","background-position":"center center","background-size":"auto","background-attachment":"scroll","background-type":"","background-media":"","overlay-type":"","overlay-color":"","overlay-opacity":"","overlay-gradient":""},"mobile":{"background-color":"","background-image":"","background-repeat":"repeat","background-position":"center center","background-size":"auto","background-attachment":"scroll","background-type":"","background-media":"","overlay-type":"","overlay-color":"","overlay-opacity":"","overlay-gradient":""}},"ast-content-background-meta":{"desktop":{"background-color":"var(--ast-global-color-5)","background-image":"","background-repeat":"repeat","background-position":"center center","background-size":"auto","background-attachment":"scroll","background-type":"","background-media":"","overlay-type":"","overlay-color":"","overlay-opacity":"","overlay-gradient":""},"tablet":{"background-color":"var(--ast-global-color-5)","background-image":"","background-repeat":"repeat","background-position":"center center","background-size":"auto","background-attachment":"scroll","background-type":"","background-media":"","overlay-type":"","overlay-color":"","overlay-opacity":"","overlay-gradient":""},"mobile":{"background-color":"var(--ast-global-color-5)","background-image":"","background-repeat":"repeat","background-position":"center center","background-size":"auto","background-attachment":"scroll","background-type":"","background-media":"","overlay-type":"","overlay-color":"","overlay-opacity":"","overlay-gradient":""}}},"product_brand":[],"product_cat":[30],"product_tag":[],"class_list":{"0":"post-1218","1":"product","2":"type-product","3":"status-publish","4":"has-post-thumbnail","6":"product_cat-corrosion-inhibitors","7":"desktop-align-left","8":"tablet-align-left","9":"mobile-align-left","10":"ast-product-gallery-layout-horizontal-slider","11":"ast-product-tabs-layout-horizontal","13":"first","14":"instock","15":"shipping-taxable","16":"product-type-simple"},"yoast_head":"<!-- This site is optimized with the Yoast SEO Premium plugin v26.3 (Yoast SEO v27.3) - https:\/\/yoast.com\/product\/yoast-seo-premium-wordpress\/ -->\n<title>Morpholine - vcycletech<\/title>\n<meta name=\"description\" content=\"Morpholine helps to reduce the risk of damage to pipes and other equipment caused by corrosion due to its ability to form a protective layer on metals such as steel or copper. It also has antifoulant properties that help prevent the buildup of solids such as calcium carbonate or silica, ensuring that materials do not become clogged or blocked over time.\" \/>\n<meta name=\"robots\" content=\"index, follow, max-snippet:-1, max-image-preview:large, max-video-preview:-1\" \/>\n<link rel=\"canonical\" href=\"https:\/\/vcycletech.com\/es\/producto\/morfolina\/\" \/>\n<meta property=\"og:locale\" content=\"es_MX\" \/>\n<meta property=\"og:type\" content=\"article\" \/>\n<meta property=\"og:title\" content=\"Morpholine\" \/>\n<meta property=\"og:description\" content=\"Morpholine helps to reduce the risk of damage to pipes and other equipment caused by corrosion due to its ability to form a protective layer on metals such as steel or copper. It also has antifoulant properties that help prevent the buildup of solids such as calcium carbonate or silica, ensuring that materials do not become clogged or blocked over time.\" \/>\n<meta property=\"og:url\" content=\"https:\/\/vcycletech.com\/es\/producto\/morfolina\/\" \/>\n<meta property=\"og:site_name\" content=\"vcycletech\" \/>\n<meta property=\"article:modified_time\" content=\"2023-03-27T05:10:37+00:00\" \/>\n<meta property=\"og:image\" content=\"https:\/\/vcycletech.com\/wp-content\/uploads\/2023\/03\/1-47.png\" \/>\n\t<meta property=\"og:image:width\" content=\"600\" \/>\n\t<meta property=\"og:image:height\" content=\"600\" \/>\n\t<meta property=\"og:image:type\" content=\"image\/png\" \/>\n<meta name=\"twitter:card\" content=\"summary_large_image\" \/>\n<meta name=\"twitter:label1\" content=\"Tiempo de lectura\" \/>\n\t<meta name=\"twitter:data1\" content=\"3 minutos\" \/>\n<script type=\"application\/ld+json\" class=\"yoast-schema-graph\">{\"@context\":\"https:\\\/\\\/schema.org\",\"@graph\":[{\"@type\":\"WebPage\",\"@id\":\"https:\\\/\\\/vcycletech.com\\\/product\\\/morpholine\\\/\",\"url\":\"https:\\\/\\\/vcycletech.com\\\/product\\\/morpholine\\\/\",\"name\":\"Morpholine - vcycletech\",\"isPartOf\":{\"@id\":\"https:\\\/\\\/vcycletech.com\\\/#website\"},\"primaryImageOfPage\":{\"@id\":\"https:\\\/\\\/vcycletech.com\\\/product\\\/morpholine\\\/#primaryimage\"},\"image\":{\"@id\":\"https:\\\/\\\/vcycletech.com\\\/product\\\/morpholine\\\/#primaryimage\"},\"thumbnailUrl\":\"https:\\\/\\\/vcycletech.com\\\/wp-content\\\/uploads\\\/2023\\\/03\\\/1-47.png\",\"datePublished\":\"2023-03-21T10:15:28+00:00\",\"dateModified\":\"2023-03-27T05:10:37+00:00\",\"description\":\"Morpholine helps to reduce the risk of damage to pipes and other equipment caused by corrosion due to its ability to form a protective layer on metals such as steel or copper. It also has antifoulant properties that help prevent the buildup of solids such as calcium carbonate or silica, ensuring that materials do not become clogged or blocked over time.\",\"breadcrumb\":{\"@id\":\"https:\\\/\\\/vcycletech.com\\\/product\\\/morpholine\\\/#breadcrumb\"},\"inLanguage\":\"es\",\"potentialAction\":[{\"@type\":\"ReadAction\",\"target\":[\"https:\\\/\\\/vcycletech.com\\\/product\\\/morpholine\\\/\"]}]},{\"@type\":\"ImageObject\",\"inLanguage\":\"es\",\"@id\":\"https:\\\/\\\/vcycletech.com\\\/product\\\/morpholine\\\/#primaryimage\",\"url\":\"https:\\\/\\\/vcycletech.com\\\/wp-content\\\/uploads\\\/2023\\\/03\\\/1-47.png\",\"contentUrl\":\"https:\\\/\\\/vcycletech.com\\\/wp-content\\\/uploads\\\/2023\\\/03\\\/1-47.png\",\"width\":600,\"height\":600,\"caption\":\"Morpholine\"},{\"@type\":\"BreadcrumbList\",\"@id\":\"https:\\\/\\\/vcycletech.com\\\/product\\\/morpholine\\\/#breadcrumb\",\"itemListElement\":[{\"@type\":\"ListItem\",\"position\":1,\"name\":\"Home\",\"item\":\"https:\\\/\\\/vcycletech.com\\\/\"},{\"@type\":\"ListItem\",\"position\":2,\"name\":\"Water Treatment Chemicals Manufacturer\",\"item\":\"https:\\\/\\\/vcycletech.com\\\/water-treatment-chemicals-manufacturer\\\/\"},{\"@type\":\"ListItem\",\"position\":3,\"name\":\"Morpholine\"}]},{\"@type\":\"WebSite\",\"@id\":\"https:\\\/\\\/vcycletech.com\\\/#website\",\"url\":\"https:\\\/\\\/vcycletech.com\\\/\",\"name\":\"vcycletech\",\"description\":\"China&#039;s top water treatment chemicals supplier\",\"publisher\":{\"@id\":\"https:\\\/\\\/vcycletech.com\\\/#organization\"},\"potentialAction\":[{\"@type\":\"SearchAction\",\"target\":{\"@type\":\"EntryPoint\",\"urlTemplate\":\"https:\\\/\\\/vcycletech.com\\\/?s={search_term_string}\"},\"query-input\":{\"@type\":\"PropertyValueSpecification\",\"valueRequired\":true,\"valueName\":\"search_term_string\"}}],\"inLanguage\":\"es\"},{\"@type\":\"Organization\",\"@id\":\"https:\\\/\\\/vcycletech.com\\\/#organization\",\"name\":\"vcycletech\",\"url\":\"https:\\\/\\\/vcycletech.com\\\/\",\"logo\":{\"@type\":\"ImageObject\",\"inLanguage\":\"es\",\"@id\":\"https:\\\/\\\/vcycletech.com\\\/#\\\/schema\\\/logo\\\/image\\\/\",\"url\":\"https:\\\/\\\/vcycletech.com\\\/wp-content\\\/uploads\\\/2023\\\/03\\\/logo-vcycletech-1.png\",\"contentUrl\":\"https:\\\/\\\/vcycletech.com\\\/wp-content\\\/uploads\\\/2023\\\/03\\\/logo-vcycletech-1.png\",\"width\":600,\"height\":400,\"caption\":\"vcycletech\"},\"image\":{\"@id\":\"https:\\\/\\\/vcycletech.com\\\/#\\\/schema\\\/logo\\\/image\\\/\"}}]}<\/script>\n<!-- \/ Yoast SEO Premium plugin. -->","yoast_head_json":{"title":"Morfolina - vcycletech","description":"La morfolina ayuda a reducir el riesgo de da\u00f1os en las tuber\u00edas y otros equipos causados por la corrosi\u00f3n debido a su capacidad para formar una capa protectora sobre metales como el acero o el cobre. Tambi\u00e9n tiene propiedades antiincrustantes que ayudan a prevenir la acumulaci\u00f3n de s\u00f3lidos como el carbonato de calcio o la s\u00edlice, asegurando que los materiales no se obstruyan o bloqueen con el tiempo.","robots":{"index":"index","follow":"follow","max-snippet":"max-snippet:-1","max-image-preview":"max-image-preview:large","max-video-preview":"max-video-preview:-1"},"canonical":"https:\/\/vcycletech.com\/es\/producto\/morfolina\/","og_locale":"es_MX","og_type":"article","og_title":"Morpholine","og_description":"Morpholine helps to reduce the risk of damage to pipes and other equipment caused by corrosion due to its ability to form a protective layer on metals such as steel or copper. It also has antifoulant properties that help prevent the buildup of solids such as calcium carbonate or silica, ensuring that materials do not become clogged or blocked over time.","og_url":"https:\/\/vcycletech.com\/es\/producto\/morfolina\/","og_site_name":"vcycletech","article_modified_time":"2023-03-27T05:10:37+00:00","og_image":[{"width":600,"height":600,"url":"https:\/\/vcycletech.com\/wp-content\/uploads\/2023\/03\/1-47.png","type":"image\/png"}],"twitter_card":"summary_large_image","twitter_misc":{"Tiempo de lectura":"3 minutos"},"schema":{"@context":"https:\/\/schema.org","@graph":[{"@type":"WebPage","@id":"https:\/\/vcycletech.com\/product\/morpholine\/","url":"https:\/\/vcycletech.com\/product\/morpholine\/","name":"Morfolina - vcycletech","isPartOf":{"@id":"https:\/\/vcycletech.com\/#website"},"primaryImageOfPage":{"@id":"https:\/\/vcycletech.com\/product\/morpholine\/#primaryimage"},"image":{"@id":"https:\/\/vcycletech.com\/product\/morpholine\/#primaryimage"},"thumbnailUrl":"https:\/\/vcycletech.com\/wp-content\/uploads\/2023\/03\/1-47.png","datePublished":"2023-03-21T10:15:28+00:00","dateModified":"2023-03-27T05:10:37+00:00","description":"La morfolina ayuda a reducir el riesgo de da\u00f1os en las tuber\u00edas y otros equipos causados por la corrosi\u00f3n debido a su capacidad para formar una capa protectora sobre metales como el acero o el cobre. Tambi\u00e9n tiene propiedades antiincrustantes que ayudan a prevenir la acumulaci\u00f3n de s\u00f3lidos como el carbonato de calcio o la s\u00edlice, asegurando que los materiales no se obstruyan o bloqueen con el tiempo.","breadcrumb":{"@id":"https:\/\/vcycletech.com\/product\/morpholine\/#breadcrumb"},"inLanguage":"es","potentialAction":[{"@type":"ReadAction","target":["https:\/\/vcycletech.com\/product\/morpholine\/"]}]},{"@type":"ImageObject","inLanguage":"es","@id":"https:\/\/vcycletech.com\/product\/morpholine\/#primaryimage","url":"https:\/\/vcycletech.com\/wp-content\/uploads\/2023\/03\/1-47.png","contentUrl":"https:\/\/vcycletech.com\/wp-content\/uploads\/2023\/03\/1-47.png","width":600,"height":600,"caption":"Morpholine"},{"@type":"BreadcrumbList","@id":"https:\/\/vcycletech.com\/product\/morpholine\/#breadcrumb","itemListElement":[{"@type":"ListItem","position":1,"name":"Home","item":"https:\/\/vcycletech.com\/"},{"@type":"ListItem","position":2,"name":"Water Treatment Chemicals Manufacturer","item":"https:\/\/vcycletech.com\/water-treatment-chemicals-manufacturer\/"},{"@type":"ListItem","position":3,"name":"Morpholine"}]},{"@type":"WebSite","@id":"https:\/\/vcycletech.com\/#website","url":"https:\/\/vcycletech.com\/","name":"vcycletech","description":"El principal proveedor de productos qu\u00edmicos para el tratamiento del agua de China y #039;","publisher":{"@id":"https:\/\/vcycletech.com\/#organization"},"potentialAction":[{"@type":"SearchAction","target":{"@type":"EntryPoint","urlTemplate":"https:\/\/vcycletech.com\/?s={search_term_string}"},"query-input":{"@type":"PropertyValueSpecification","valueRequired":true,"valueName":"search_term_string"}}],"inLanguage":"es"},{"@type":"Organization","@id":"https:\/\/vcycletech.com\/#organization","name":"vcycletech","url":"https:\/\/vcycletech.com\/","logo":{"@type":"ImageObject","inLanguage":"es","@id":"https:\/\/vcycletech.com\/#\/schema\/logo\/image\/","url":"https:\/\/vcycletech.com\/wp-content\/uploads\/2023\/03\/logo-vcycletech-1.png","contentUrl":"https:\/\/vcycletech.com\/wp-content\/uploads\/2023\/03\/logo-vcycletech-1.png","width":600,"height":400,"caption":"vcycletech"},"image":{"@id":"https:\/\/vcycletech.com\/#\/schema\/logo\/image\/"}}]}},"_links":{"self":[{"href":"https:\/\/vcycletech.com\/es\/wp-json\/wp\/v2\/product\/1218","targetHints":{"allow":["GET"]}}],"collection":[{"href":"https:\/\/vcycletech.com\/es\/wp-json\/wp\/v2\/product"}],"about":[{"href":"https:\/\/vcycletech.com\/es\/wp-json\/wp\/v2\/types\/product"}],"wp:featuredmedia":[{"embeddable":true,"href":"https:\/\/vcycletech.com\/es\/wp-json\/wp\/v2\/media\/1230"}],"wp:attachment":[{"href":"https:\/\/vcycletech.com\/es\/wp-json\/wp\/v2\/media?parent=1218"}],"wp:term":[{"taxonomy":"product_brand","embeddable":true,"href":"https:\/\/vcycletech.com\/es\/wp-json\/wp\/v2\/product_brand?post=1218"},{"taxonomy":"product_cat","embeddable":true,"href":"https:\/\/vcycletech.com\/es\/wp-json\/wp\/v2\/product_cat?post=1218"},{"taxonomy":"product_tag","embeddable":true,"href":"https:\/\/vcycletech.com\/es\/wp-json\/wp\/v2\/product_tag?post=1218"}],"curies":[{"name":"wp","href":"https:\/\/api.w.org\/{rel}","templated":true}]}}