{"id":1210,"date":"2023-03-21T10:01:44","date_gmt":"2023-03-21T10:01:44","guid":{"rendered":"https:\/\/vcycletech.com\/?post_type=product&#038;p=1210"},"modified":"2023-03-27T05:14:10","modified_gmt":"2023-03-27T05:14:10","slug":"wt-150-antiincrustante-y-dispersante","status":"publish","type":"product","link":"https:\/\/vcycletech.com\/es\/producto\/wt-150-antiincrustante-y-dispersante\/","title":{"rendered":"WT-150 Antiincrustante y Dispersante para Membrana RO"},"content":{"rendered":"<h3 id=\"introduction_2\" class=\"xsj_heading_hash xsj_heading xsj_heading_h2\" data-source-line=\"6\" data-source-line-display=\"true\"><span class=\"xsj_heading_content\">Introducci\u00f3n:<\/span><\/h3>\n<p class=\"xsj_paragraph xsj_paragraph_level_0\" data-source-line=\"7\" data-source-line-display=\"true\"><strong>WT-150<\/strong> es un antiincrustante y dispersante avanzado para membranas de \u00f3smosis inversa (OI), que ofrece una protecci\u00f3n superior contra la formaci\u00f3n de incrustaciones minerales y la corrosi\u00f3n. Este notable producto proporciona un excelente rendimiento en una amplia gama de pH, de 5 a 9, sin diluci\u00f3n ni pretratamiento adicional. Incluso en valores altos de LSI, es altamente efectivo contra incrustaciones de carbonato de calcio, sulfatos y estroncio. Adem\u00e1s, elimina la necesidad de floculantes org\u00e1nicos en los sistemas de agua potable y mejora la resistencia a los dep\u00f3sitos de \u00f3xido f\u00e9rrico y de aluminio.<\/p>\n<div class=\"xiaoshujiang_element xsj_anchor\"><a class=\"blank_anchor_name\" name=\"features_3\"><\/a><a id=\"features_3\" class=\"blank_anchor_id\"><\/a><a class=\"blank_anchor_name\" name=\"features\"><\/a><a id=\"features\" class=\"blank_anchor_id\"><\/a><\/div>\n<h3 id=\"features_3\" class=\"xsj_heading_hash xsj_heading xsj_heading_h2\" data-source-line=\"9\" data-source-line-display=\"true\"><span class=\"xsj_heading_content\">Caracter\u00edsticas:<\/span><\/h3>\n<p class=\"xsj_paragraph xsj_paragraph_level_0\" data-source-line=\"11\" data-source-line-display=\"true\"><strong>WT-150<\/strong> tiene varias caracter\u00edsticas clave, lo que lo convierte en una soluci\u00f3n ideal para proteger las membranas de \u00f3smosis inversa de la formaci\u00f3n de incrustaciones minerales y la corrosi\u00f3n. \u00c9stas incluyen:<br \/>\n\u2022 Alta eficiencia: \u00a1el producto evita la acumulaci\u00f3n de incrustaciones en las superficies de la membrana cuando los valores de LSI son tan altos como 3,0!<br \/>\n\u2022 Amplio rango de pH: el producto funciona en un amplio rango de niveles de pH (5 a 9), lo que elimina la necesidad de diluci\u00f3n adicional o pretratamiento.<br \/>\n\u2022 Versatilidad \u2013 <strong>WT-150<\/strong> Se puede utilizar en sistemas de agua potable con floculantes org\u00e1nicos y agentes no org\u00e1nicos. Tambi\u00e9n mejora la resistencia a los dep\u00f3sitos de \u00f3xido de aluminio y \u00f3xido f\u00e9rrico.<br \/>\n\u2022 Confiabilidad: \u00a1este producto excepcional proporciona una protecci\u00f3n confiable contra el carbonato de calcio, los sulfatos y las incrustaciones de estroncio sin falta!<\/p>\n<div class=\"xiaoshujiang_element xsj_anchor\"><a class=\"blank_anchor_name\" name=\"applications_4\"><\/a><a id=\"applications_4\" class=\"blank_anchor_id\"><\/a><a class=\"blank_anchor_name\" name=\"applications\"><\/a><a id=\"applications\" class=\"blank_anchor_id\"><\/a><\/div>\n<h3 id=\"applications_4\" class=\"xsj_heading_hash xsj_heading xsj_heading_h2\" data-source-line=\"18\" data-source-line-display=\"true\"><span class=\"xsj_heading_content\">Aplicaciones:<\/span><\/h3>\n<p class=\"xsj_paragraph xsj_paragraph_level_0\" data-source-line=\"20\" data-source-line-display=\"true\"><strong>WT-150<\/strong> es adecuado para diversas aplicaciones, incluido el tratamiento de agua de procesos industriales, el tratamiento de aguas residuales y los sistemas de agua de refrigeraci\u00f3n, donde proporciona un excelente rendimiento de inhibici\u00f3n de incrustaciones con requisitos m\u00ednimos de concentraci\u00f3n de dosificaci\u00f3n. Adem\u00e1s, el producto puede mejorar la calidad del agua potable al eliminar la necesidad de floculantes org\u00e1nicos en los sistemas de OI.<\/p>\n<h3>Especificaci\u00f3n:<\/h3>\n<div id=\"footable_parent_1014\" class=\"footable_parent ninja_table_wrapper wp_table_data_press_parent semantic_ui\">\n<table>\n<tbody>\n<tr>\n<td width=\"204\">Elementos<\/td>\n<td width=\"315\">\u00cdndice<\/td>\n<\/tr>\n<tr>\n<td width=\"204\">Apariencia<\/td>\n<td width=\"315\">L\u00edquido transparente \u00e1mbar<\/td>\n<\/tr>\n<tr>\n<td width=\"204\">pH (soluci\u00f3n de agua 1%)<\/td>\n<td width=\"315\">2,0\u00b11,0<\/td>\n<\/tr>\n<tr>\n<td width=\"204\">Densidad (20 \u2103), g\/cm3<\/td>\n<td width=\"315\">1,10 minutos<\/td>\n<\/tr>\n<\/tbody>\n<\/table>\n<\/div>\n<div class=\"xiaoshujiang_element xsj_anchor\"><a class=\"blank_anchor_name\" name=\"faqs_5\"><\/a><a id=\"faqs_5\" class=\"blank_anchor_id\"><\/a><a class=\"blank_anchor_name\" name=\"faqs\"><\/a><a id=\"faqs\" class=\"blank_anchor_id\"><\/a><\/div>\n<h3 id=\"faqs_5\" class=\"xsj_heading_hash xsj_heading xsj_heading_h2\" data-source-line=\"22\" data-source-line-display=\"true\"><span class=\"xsj_heading_content\">Preguntas frecuentes:<\/span><\/h3>\n<div class=\"xiaoshujiang_element xsj_anchor\"><a class=\"blank_anchor_name\" name=\"q120what20is20wt-150_6\"><\/a><a id=\"q120what20is20wt-150_6\" class=\"blank_anchor_id\"><\/a><a class=\"blank_anchor_name\" name=\"q1-what-is-wt-150\"><\/a><a id=\"q1-what-is-wt-150\" class=\"blank_anchor_id\"><\/a><\/div>\n<p id=\"q120what20is20wt-150_6\" class=\"xsj_heading_hash xsj_heading xsj_heading_h3\" data-source-line=\"23\" data-source-line-display=\"true\"><strong><span class=\"xsj_heading_content\">P1: \u00bfQu\u00e9 es WT-150?<\/span><\/strong><\/p>\n<p class=\"xsj_paragraph xsj_paragraph_level_0\" data-source-line=\"25\" data-source-line-display=\"true\">WT-150 es un antiincrustante\/dispersante avanzado dise\u00f1ado espec\u00edficamente para membranas de \u00f3smosis inversa, que previene eficazmente la formaci\u00f3n de incrustaciones minerales al tiempo que proporciona una mayor resistencia a los dep\u00f3sitos de \u00f3xido f\u00e9rrico y \u00f3xido de aluminio.<\/p>\n<div class=\"xiaoshujiang_element xsj_anchor\"><a class=\"blank_anchor_name\" name=\"q220what20kind20of20protection20does20it20offer_7\"><\/a><a id=\"q220what20kind20of20protection20does20it20offer_7\" class=\"blank_anchor_id\"><\/a><a class=\"blank_anchor_name\" name=\"q2-what-kind-of-protection-does-it-offer\"><\/a><a id=\"q2-what-kind-of-protection-does-it-offer\" class=\"blank_anchor_id\"><\/a><\/div>\n<p id=\"q220what20kind20of20protection20does20it20offer_7\" class=\"xsj_heading_hash xsj_heading xsj_heading_h2\" data-source-line=\"27\" data-source-line-display=\"true\"><strong><span class=\"xsj_heading_content\">P2: \u00bfQu\u00e9 tipo de protecci\u00f3n ofrece?<\/span><\/strong><\/p>\n<p class=\"xsj_paragraph xsj_paragraph_level_0\" data-source-line=\"29\" data-source-line-display=\"true\">WT-150 protege las membranas de \u00f3smosis inversa de carbonato de calcio, sulfatos, incrustaciones de estroncio, \u00f3xido de aluminio y dep\u00f3sitos de \u00f3xido f\u00e9rrico con un rendimiento altamente eficiente incluso a valores altos de LSI (hasta 3).<\/p>\n<p class=\"xiaoshujiang_element xsj_anchor\"><a class=\"blank_anchor_name\" name=\"q320is20there20any20additional20pretreatment20necessary_8\"><\/a><a id=\"q320is20there20any20additional20pretreatment20necessary_8\" class=\"blank_anchor_id\"><\/a><a class=\"blank_anchor_name\" name=\"q3-is-there-any-additional-pretreatment-necessary\"><\/a><a id=\"q3-is-there-any-additional-pretreatment-necessary\" class=\"blank_anchor_id\"><\/a><\/p>\n<p id=\"q320is20there20any20additional20pretreatment20necessary_8\" class=\"xsj_heading_hash xsj_heading xsj_heading_h3\" data-source-line=\"31\" data-source-line-display=\"true\"><strong><span class=\"xsj_heading_content\">P3: \u00bfEs necesario alg\u00fan tratamiento previo adicional?<\/span><\/strong><\/p>\n<p class=\"xsj_paragraph xsj_paragraph_level_0\" data-source-line=\"33\" data-source-line-display=\"true\">\u00a1No! \u00a1El producto funciona en un amplio rango de pH entre 5 y 9 sin diluci\u00f3n ni pretratamiento!<\/p>\n<div class=\"xiaoshujiang_element xsj_anchor\"><a class=\"blank_anchor_name\" name=\"q420what20are20its20applications_9\"><\/a><a id=\"q420what20are20its20applications_9\" class=\"blank_anchor_id\"><\/a><a class=\"blank_anchor_name\" name=\"q4-what-are-its-applications\"><\/a><a id=\"q4-what-are-its-applications\" class=\"blank_anchor_id\"><\/a><\/div>\n<p id=\"q420what20are20its20applications_9\" class=\"xsj_heading_hash xsj_heading xsj_heading_h3\" data-source-line=\"35\" data-source-line-display=\"true\"><strong><span class=\"xsj_heading_content\">P4: \u00bfCu\u00e1les son sus aplicaciones?<\/span><\/strong><\/p>\n<p class=\"xsj_paragraph xsj_paragraph_level_0\" data-source-line=\"37\" data-source-line-display=\"true\">Sus principales aplicaciones incluyen el tratamiento de aguas de procesos industriales; tratamiento de aguas residuales; tratamientos del sistema de refrigeraci\u00f3n; mejora del agua potable, etc., donde ofrece resultados superiores con requisitos m\u00ednimos de dosificaci\u00f3n.<\/p>\n<p class=\"xsj_paragraph xsj_paragraph_level_0\" data-source-line=\"40\" data-source-line-display=\"true\"><a class=\"xsj_link xsj_manu_link\" href=\"https:\/\/vcycletech.com\/es\/biocida-y-algicida\/\">Obtenga la soluci\u00f3n completa de productos qu\u00edmicos para \u00f3smosis inversa<\/a>.<\/p>","protected":false},"excerpt":{"rendered":"<p>Si est\u00e1 buscando un antiincrustante y dispersante que sea incre\u00edblemente eficiente y confiable, no busque m\u00e1s. <strong>WT-150<\/strong>! Este producto puede mejorar la calidad del agua en sistemas de \u00f3smosis inversa (RO), nanofiltraci\u00f3n (NF) o ultrafiltraci\u00f3n mientras inhibe la formaci\u00f3n de dep\u00f3sitos minerales en las superficies de las membranas. Adem\u00e1s, <strong>WT-150<\/strong> Tambi\u00e9n se puede utilizar con floculantes org\u00e1nicos para sistemas de agua potable, adem\u00e1s de brindar protecci\u00f3n contra carbonato de calcio, sulfatos e incrustaciones de estroncio, \u00a1incluso cuando los valores de LSI son altos, hasta 3,0! Entonces, si est\u00e1 buscando un producto que mantenga sus membranas de RO, NF o ultrafiltraci\u00f3n limpias y funcionando de la mejor manera,<strong> WT-150<\/strong> es una elecci\u00f3n perfecta.<\/p>","protected":false},"featured_media":1226,"template":"","meta":{"site-sidebar-layout":"default","site-content-layout":"default","ast-site-content-layout":"default","site-content-style":"default","site-sidebar-style":"default","ast-global-header-display":"","ast-banner-title-visibility":"","ast-main-header-display":"","ast-hfb-above-header-display":"","ast-hfb-below-header-display":"","ast-hfb-mobile-header-display":"","site-post-title":"","ast-breadcrumbs-content":"","ast-featured-img":"","footer-sml-layout":"","ast-disable-related-posts":"","theme-transparent-header-meta":"default","adv-header-id-meta":"","stick-header-meta":"default","header-above-stick-meta":"","header-main-stick-meta":"","header-below-stick-meta":"","astra-migrate-meta-layouts":"default","ast-page-background-enabled":"default","ast-page-background-meta":{"desktop":{"background-color":"","background-image":"","background-repeat":"repeat","background-position":"center center","background-size":"auto","background-attachment":"scroll","background-type":"","background-media":"","overlay-type":"","overlay-color":"","overlay-opacity":"","overlay-gradient":""},"tablet":{"background-color":"","background-image":"","background-repeat":"repeat","background-position":"center center","background-size":"auto","background-attachment":"scroll","background-type":"","background-media":"","overlay-type":"","overlay-color":"","overlay-opacity":"","overlay-gradient":""},"mobile":{"background-color":"","background-image":"","background-repeat":"repeat","background-position":"center center","background-size":"auto","background-attachment":"scroll","background-type":"","background-media":"","overlay-type":"","overlay-color":"","overlay-opacity":"","overlay-gradient":""}},"ast-content-background-meta":{"desktop":{"background-color":"var(--ast-global-color-5)","background-image":"","background-repeat":"repeat","background-position":"center center","background-size":"auto","background-attachment":"scroll","background-type":"","background-media":"","overlay-type":"","overlay-color":"","overlay-opacity":"","overlay-gradient":""},"tablet":{"background-color":"var(--ast-global-color-5)","background-image":"","background-repeat":"repeat","background-position":"center center","background-size":"auto","background-attachment":"scroll","background-type":"","background-media":"","overlay-type":"","overlay-color":"","overlay-opacity":"","overlay-gradient":""},"mobile":{"background-color":"var(--ast-global-color-5)","background-image":"","background-repeat":"repeat","background-position":"center center","background-size":"auto","background-attachment":"scroll","background-type":"","background-media":"","overlay-type":"","overlay-color":"","overlay-opacity":"","overlay-gradient":""}}},"product_brand":[],"product_cat":[31],"product_tag":[],"class_list":{"0":"post-1210","1":"product","2":"type-product","3":"status-publish","4":"has-post-thumbnail","6":"product_cat-reverse-osmosis-chemicals","7":"desktop-align-left","8":"tablet-align-left","9":"mobile-align-left","10":"ast-product-gallery-layout-horizontal-slider","11":"ast-product-gallery-with-no-image","12":"ast-product-tabs-layout-horizontal","14":"first","15":"instock","16":"shipping-taxable","17":"product-type-simple"},"yoast_head":"<!-- This site is optimized with the Yoast SEO Premium plugin v26.3 (Yoast SEO v27.3) - https:\/\/yoast.com\/product\/yoast-seo-premium-wordpress\/ -->\n<title>WT-150 Antiscalant and Dispersant for RO Membrane - vcycletech<\/title>\n<meta name=\"description\" content=\"Treat your RO membrane to [WT-150 Antiscalant and Dispersant] \u2013 the only scale inhibitor that provides exceptional reliability, quality and extended protection against scales up to LSI 3.0! #MembraneProtection\" \/>\n<meta name=\"robots\" content=\"index, follow, max-snippet:-1, max-image-preview:large, max-video-preview:-1\" \/>\n<link rel=\"canonical\" href=\"https:\/\/vcycletech.com\/es\/producto\/wt-150-antiincrustante-y-dispersante\/\" \/>\n<meta property=\"og:locale\" content=\"es_MX\" \/>\n<meta property=\"og:type\" content=\"article\" \/>\n<meta property=\"og:title\" content=\"WT-150 Antiscalant and Dispersant for RO Membrane\" \/>\n<meta property=\"og:description\" content=\"Treat your RO membrane to [WT-150 Antiscalant and Dispersant] \u2013 the only scale inhibitor that provides exceptional reliability, quality and extended protection against scales up to LSI 3.0! #MembraneProtection\" \/>\n<meta property=\"og:url\" content=\"https:\/\/vcycletech.com\/es\/producto\/wt-150-antiincrustante-y-dispersante\/\" \/>\n<meta property=\"og:site_name\" content=\"vcycletech\" \/>\n<meta property=\"article:modified_time\" content=\"2023-03-27T05:14:10+00:00\" \/>\n<meta property=\"og:image\" content=\"https:\/\/vcycletech.com\/wp-content\/uploads\/2023\/03\/2-e1679628448950.png\" \/>\n\t<meta property=\"og:image:width\" content=\"600\" \/>\n\t<meta property=\"og:image:height\" content=\"600\" \/>\n\t<meta property=\"og:image:type\" content=\"image\/png\" \/>\n<meta name=\"twitter:card\" content=\"summary_large_image\" \/>\n<meta name=\"twitter:label1\" content=\"Tiempo de lectura\" \/>\n\t<meta name=\"twitter:data1\" content=\"2 minutos\" \/>\n<script type=\"application\/ld+json\" class=\"yoast-schema-graph\">{\"@context\":\"https:\\\/\\\/schema.org\",\"@graph\":[{\"@type\":\"WebPage\",\"@id\":\"https:\\\/\\\/vcycletech.com\\\/product\\\/wt-150-antiscalant-and-dispersant\\\/\",\"url\":\"https:\\\/\\\/vcycletech.com\\\/product\\\/wt-150-antiscalant-and-dispersant\\\/\",\"name\":\"WT-150 Antiscalant and Dispersant for RO Membrane - vcycletech\",\"isPartOf\":{\"@id\":\"https:\\\/\\\/vcycletech.com\\\/#website\"},\"primaryImageOfPage\":{\"@id\":\"https:\\\/\\\/vcycletech.com\\\/product\\\/wt-150-antiscalant-and-dispersant\\\/#primaryimage\"},\"image\":{\"@id\":\"https:\\\/\\\/vcycletech.com\\\/product\\\/wt-150-antiscalant-and-dispersant\\\/#primaryimage\"},\"thumbnailUrl\":\"https:\\\/\\\/vcycletech.com\\\/wp-content\\\/uploads\\\/2023\\\/03\\\/2-e1679628448950.png\",\"datePublished\":\"2023-03-21T10:01:44+00:00\",\"dateModified\":\"2023-03-27T05:14:10+00:00\",\"description\":\"Treat your RO membrane to [WT-150 Antiscalant and Dispersant] \u2013 the only scale inhibitor that provides exceptional reliability, quality and extended protection against scales up to LSI 3.0! #MembraneProtection\",\"breadcrumb\":{\"@id\":\"https:\\\/\\\/vcycletech.com\\\/product\\\/wt-150-antiscalant-and-dispersant\\\/#breadcrumb\"},\"inLanguage\":\"es\",\"potentialAction\":[{\"@type\":\"ReadAction\",\"target\":[\"https:\\\/\\\/vcycletech.com\\\/product\\\/wt-150-antiscalant-and-dispersant\\\/\"]}]},{\"@type\":\"ImageObject\",\"inLanguage\":\"es\",\"@id\":\"https:\\\/\\\/vcycletech.com\\\/product\\\/wt-150-antiscalant-and-dispersant\\\/#primaryimage\",\"url\":\"https:\\\/\\\/vcycletech.com\\\/wp-content\\\/uploads\\\/2023\\\/03\\\/2-e1679628448950.png\",\"contentUrl\":\"https:\\\/\\\/vcycletech.com\\\/wp-content\\\/uploads\\\/2023\\\/03\\\/2-e1679628448950.png\",\"width\":600,\"height\":600,\"caption\":\"WT-150 Antiscalant and Dispersant for RO Membrane\"},{\"@type\":\"BreadcrumbList\",\"@id\":\"https:\\\/\\\/vcycletech.com\\\/product\\\/wt-150-antiscalant-and-dispersant\\\/#breadcrumb\",\"itemListElement\":[{\"@type\":\"ListItem\",\"position\":1,\"name\":\"Home\",\"item\":\"https:\\\/\\\/vcycletech.com\\\/\"},{\"@type\":\"ListItem\",\"position\":2,\"name\":\"Water Treatment Chemicals Manufacturer\",\"item\":\"https:\\\/\\\/vcycletech.com\\\/water-treatment-chemicals-manufacturer\\\/\"},{\"@type\":\"ListItem\",\"position\":3,\"name\":\"WT-150 Antiscalant and Dispersant for RO Membrane\"}]},{\"@type\":\"WebSite\",\"@id\":\"https:\\\/\\\/vcycletech.com\\\/#website\",\"url\":\"https:\\\/\\\/vcycletech.com\\\/\",\"name\":\"vcycletech\",\"description\":\"China&#039;s top water treatment chemicals supplier\",\"publisher\":{\"@id\":\"https:\\\/\\\/vcycletech.com\\\/#organization\"},\"potentialAction\":[{\"@type\":\"SearchAction\",\"target\":{\"@type\":\"EntryPoint\",\"urlTemplate\":\"https:\\\/\\\/vcycletech.com\\\/?s={search_term_string}\"},\"query-input\":{\"@type\":\"PropertyValueSpecification\",\"valueRequired\":true,\"valueName\":\"search_term_string\"}}],\"inLanguage\":\"es\"},{\"@type\":\"Organization\",\"@id\":\"https:\\\/\\\/vcycletech.com\\\/#organization\",\"name\":\"vcycletech\",\"url\":\"https:\\\/\\\/vcycletech.com\\\/\",\"logo\":{\"@type\":\"ImageObject\",\"inLanguage\":\"es\",\"@id\":\"https:\\\/\\\/vcycletech.com\\\/#\\\/schema\\\/logo\\\/image\\\/\",\"url\":\"https:\\\/\\\/vcycletech.com\\\/wp-content\\\/uploads\\\/2023\\\/03\\\/logo-vcycletech-1.png\",\"contentUrl\":\"https:\\\/\\\/vcycletech.com\\\/wp-content\\\/uploads\\\/2023\\\/03\\\/logo-vcycletech-1.png\",\"width\":600,\"height\":400,\"caption\":\"vcycletech\"},\"image\":{\"@id\":\"https:\\\/\\\/vcycletech.com\\\/#\\\/schema\\\/logo\\\/image\\\/\"}}]}<\/script>\n<!-- \/ Yoast SEO Premium plugin. -->","yoast_head_json":{"title":"WT-150 Antiincrustante y Dispersante para Membrana RO - vcycletech","description":"Treat your RO membrane to [WT-150 Antiscalant and Dispersant] \u2013 the only scale inhibitor that provides exceptional reliability, quality and extended protection against scales up to LSI 3.0! #MembraneProtection","robots":{"index":"index","follow":"follow","max-snippet":"max-snippet:-1","max-image-preview":"max-image-preview:large","max-video-preview":"max-video-preview:-1"},"canonical":"https:\/\/vcycletech.com\/es\/producto\/wt-150-antiincrustante-y-dispersante\/","og_locale":"es_MX","og_type":"article","og_title":"WT-150 Antiscalant and Dispersant for RO Membrane","og_description":"Treat your RO membrane to [WT-150 Antiscalant and Dispersant] \u2013 the only scale inhibitor that provides exceptional reliability, quality and extended protection against scales up to LSI 3.0! #MembraneProtection","og_url":"https:\/\/vcycletech.com\/es\/producto\/wt-150-antiincrustante-y-dispersante\/","og_site_name":"vcycletech","article_modified_time":"2023-03-27T05:14:10+00:00","og_image":[{"width":600,"height":600,"url":"https:\/\/vcycletech.com\/wp-content\/uploads\/2023\/03\/2-e1679628448950.png","type":"image\/png"}],"twitter_card":"summary_large_image","twitter_misc":{"Tiempo de lectura":"2 minutos"},"schema":{"@context":"https:\/\/schema.org","@graph":[{"@type":"WebPage","@id":"https:\/\/vcycletech.com\/product\/wt-150-antiscalant-and-dispersant\/","url":"https:\/\/vcycletech.com\/product\/wt-150-antiscalant-and-dispersant\/","name":"WT-150 Antiincrustante y Dispersante para Membrana RO - vcycletech","isPartOf":{"@id":"https:\/\/vcycletech.com\/#website"},"primaryImageOfPage":{"@id":"https:\/\/vcycletech.com\/product\/wt-150-antiscalant-and-dispersant\/#primaryimage"},"image":{"@id":"https:\/\/vcycletech.com\/product\/wt-150-antiscalant-and-dispersant\/#primaryimage"},"thumbnailUrl":"https:\/\/vcycletech.com\/wp-content\/uploads\/2023\/03\/2-e1679628448950.png","datePublished":"2023-03-21T10:01:44+00:00","dateModified":"2023-03-27T05:14:10+00:00","description":"Treat your RO membrane to [WT-150 Antiscalant and Dispersant] \u2013 the only scale inhibitor that provides exceptional reliability, quality and extended protection against scales up to LSI 3.0! #MembraneProtection","breadcrumb":{"@id":"https:\/\/vcycletech.com\/product\/wt-150-antiscalant-and-dispersant\/#breadcrumb"},"inLanguage":"es","potentialAction":[{"@type":"ReadAction","target":["https:\/\/vcycletech.com\/product\/wt-150-antiscalant-and-dispersant\/"]}]},{"@type":"ImageObject","inLanguage":"es","@id":"https:\/\/vcycletech.com\/product\/wt-150-antiscalant-and-dispersant\/#primaryimage","url":"https:\/\/vcycletech.com\/wp-content\/uploads\/2023\/03\/2-e1679628448950.png","contentUrl":"https:\/\/vcycletech.com\/wp-content\/uploads\/2023\/03\/2-e1679628448950.png","width":600,"height":600,"caption":"WT-150 Antiscalant and Dispersant for RO Membrane"},{"@type":"BreadcrumbList","@id":"https:\/\/vcycletech.com\/product\/wt-150-antiscalant-and-dispersant\/#breadcrumb","itemListElement":[{"@type":"ListItem","position":1,"name":"Home","item":"https:\/\/vcycletech.com\/"},{"@type":"ListItem","position":2,"name":"Water Treatment Chemicals Manufacturer","item":"https:\/\/vcycletech.com\/water-treatment-chemicals-manufacturer\/"},{"@type":"ListItem","position":3,"name":"WT-150 Antiscalant and Dispersant for RO Membrane"}]},{"@type":"WebSite","@id":"https:\/\/vcycletech.com\/#website","url":"https:\/\/vcycletech.com\/","name":"vcycletech","description":"El principal proveedor de productos qu\u00edmicos para el tratamiento del agua de China y #039;","publisher":{"@id":"https:\/\/vcycletech.com\/#organization"},"potentialAction":[{"@type":"SearchAction","target":{"@type":"EntryPoint","urlTemplate":"https:\/\/vcycletech.com\/?s={search_term_string}"},"query-input":{"@type":"PropertyValueSpecification","valueRequired":true,"valueName":"search_term_string"}}],"inLanguage":"es"},{"@type":"Organization","@id":"https:\/\/vcycletech.com\/#organization","name":"vcycletech","url":"https:\/\/vcycletech.com\/","logo":{"@type":"ImageObject","inLanguage":"es","@id":"https:\/\/vcycletech.com\/#\/schema\/logo\/image\/","url":"https:\/\/vcycletech.com\/wp-content\/uploads\/2023\/03\/logo-vcycletech-1.png","contentUrl":"https:\/\/vcycletech.com\/wp-content\/uploads\/2023\/03\/logo-vcycletech-1.png","width":600,"height":400,"caption":"vcycletech"},"image":{"@id":"https:\/\/vcycletech.com\/#\/schema\/logo\/image\/"}}]}},"_links":{"self":[{"href":"https:\/\/vcycletech.com\/es\/wp-json\/wp\/v2\/product\/1210","targetHints":{"allow":["GET"]}}],"collection":[{"href":"https:\/\/vcycletech.com\/es\/wp-json\/wp\/v2\/product"}],"about":[{"href":"https:\/\/vcycletech.com\/es\/wp-json\/wp\/v2\/types\/product"}],"wp:featuredmedia":[{"embeddable":true,"href":"https:\/\/vcycletech.com\/es\/wp-json\/wp\/v2\/media\/1226"}],"wp:attachment":[{"href":"https:\/\/vcycletech.com\/es\/wp-json\/wp\/v2\/media?parent=1210"}],"wp:term":[{"taxonomy":"product_brand","embeddable":true,"href":"https:\/\/vcycletech.com\/es\/wp-json\/wp\/v2\/product_brand?post=1210"},{"taxonomy":"product_cat","embeddable":true,"href":"https:\/\/vcycletech.com\/es\/wp-json\/wp\/v2\/product_cat?post=1210"},{"taxonomy":"product_tag","embeddable":true,"href":"https:\/\/vcycletech.com\/es\/wp-json\/wp\/v2\/product_tag?post=1210"}],"curies":[{"name":"wp","href":"https:\/\/api.w.org\/{rel}","templated":true}]}}