{"id":1208,"date":"2023-03-21T09:57:34","date_gmt":"2023-03-21T09:57:34","guid":{"rendered":"https:\/\/vcycletech.com\/?post_type=product&#038;p=1208"},"modified":"2023-03-27T05:21:13","modified_gmt":"2023-03-27T05:21:13","slug":"acrilico-homopolimerokr-1000","status":"publish","type":"product","link":"https:\/\/vcycletech.com\/es\/producto\/acrilico-homopolimerokr-1000\/","title":{"rendered":"Homopol\u00edmero acr\u00edlico (WT-1000)"},"content":{"rendered":"<h3>F\u00f3rmula estructural:<\/h3>\n<p><img fetchpriority=\"high\" decoding=\"async\" class=\"alignnone size-full wp-image-1215\" src=\"https:\/\/vcycletech.com\/wp-content\/uploads\/2023\/03\/Structural-Formula-9.png\" alt=\"Homopol\u00edmero acr\u00edlico (KR-1000) F\u00f3rmula estructural\" width=\"1400\" height=\"450\" srcset=\"https:\/\/vcycletech.com\/wp-content\/uploads\/2023\/03\/Structural-Formula-9.png 1400w, https:\/\/vcycletech.com\/wp-content\/uploads\/2023\/03\/Structural-Formula-9-600x193.png 600w, https:\/\/vcycletech.com\/wp-content\/uploads\/2023\/03\/Structural-Formula-9-300x96.png 300w, https:\/\/vcycletech.com\/wp-content\/uploads\/2023\/03\/Structural-Formula-9-1024x329.png 1024w, https:\/\/vcycletech.com\/wp-content\/uploads\/2023\/03\/Structural-Formula-9-768x247.png 768w\" sizes=\"(max-width: 1400px) 100vw, 1400px\" \/><\/p>\n<h3>Propiedades del homopol\u00edmero acr\u00edlico:<\/h3>\n<div class=\"break-words markdown-formatted-text\">\n<p class=\"my-0.5\"><strong>WT-1000<\/strong> La serie es un \u00e1cido poliacr\u00edlico de bajo peso molecular (LMW) y sus correspondientes sales de sodio que son inhibidores de incrustaciones altamente efectivos, capaces de prevenir la deposici\u00f3n de carbonato de calcio, sulfato de calcio y sulfato de bario en las superficies. Estos pol\u00edmeros tienen pesos moleculares promedio de 2000-4500 y demuestran una buena actividad en un amplio rango de condiciones de pH, dureza del agua y temperatura. La serie WT-1000 tambi\u00e9n tiene una excelente estabilidad de congelaci\u00f3n y descongelaci\u00f3n, lo que la hace adecuada para aplicaciones de tratamiento de agua industrial y producci\u00f3n de petr\u00f3leo. La elecci\u00f3n entre los miembros de la serie depende de la aplicaci\u00f3n, la formulaci\u00f3n, las condiciones de uso y las caracter\u00edsticas de rendimiento requeridas.<\/p>\n<h3>Especificaci\u00f3n:<\/h3>\n<div id=\"footable_parent_1217\"\n         class=\"footable_parent ninja_table_wrapper loading_ninja_table wp_table_data_press_parent semantic_ui\">\n                <table data-ninja_table_instance=\"ninja_table_instance_0\" data-footable_id=\"1217\" data-filter-delay=\"1000\" aria-label=\"KR-1000 Homopol\u00edmero Acr\u00edlico.csv\"            id=\"footable_1217\"\n           data-unique_identifier=\"ninja_table_unique_id_3002002559_1217\"\n           class=\"foo-table ninja_footable foo_table_1217 ninja_table_unique_id_3002002559_1217 ui table  nt_type_legacy_table selectable striped vertical_centered  footable-paging-right ninja_table_pro\">\n                <colgroup>\n                            <col class=\"ninja_column_0\">\n                            <col class=\"ninja_column_1\">\n                    <\/colgroup>\n        <thead>\n<tr class=\"footable-header\">\n                                        <th scope=\"col\"  class=\"ninja_column_0 ninja_clmn_nm_items\">Art\u00edculos<\/th><th scope=\"col\"  class=\"ninja_column_1 ninja_clmn_nm_index\">\u00cdndice<\/th><\/tr>\n<\/thead>\n<tbody>\n\n        <tr data-row_id=\"283\" class=\"ninja_table_row_0 nt_row_id_283\">\n            <td>Apariencia<\/td><td>L\u00edquido transparente incoloro a amarillo p\u00e1lido<\/td>        <\/tr>\n            <tr data-row_id=\"284\" class=\"ninja_table_row_1 nt_row_id_284\">\n            <td>Contenido s\u00f3lido, %<\/td><td>47.0-49.0<\/td>        <\/tr>\n            <tr data-row_id=\"285\" class=\"ninja_table_row_2 nt_row_id_285\">\n            <td>Densidad (20 \u2103), g\/cm3<\/td><td>1,20 minutos<\/td>        <\/tr>\n            <tr data-row_id=\"286\" class=\"ninja_table_row_3 nt_row_id_286\">\n            <td>pH (como \u00e9l)<\/td><td>3.0-4.5<\/td>        <\/tr>\n    <\/tbody><!--ninja_tobody_rendering_done-->\n    <\/table>\n    \n    \n    \n<\/div>\n\n<h3>Uso:<\/h3>\n<p>Cuando se usa solo, la dosis ideal de este producto es de 10-30 mg\/L. Sin embargo, cuando se usa como dispersante en otros campos, la cantidad debe determinarse mediante experimentaci\u00f3n.<\/p>\n<h3>Paquete y almacenamiento:<\/h3>\n<p>Este producto viene en bidones de pl\u00e1stico de 200L e IBC (1000L). Los clientes tambi\u00e9n pueden realizar solicitudes espec\u00edficas de tama\u00f1os de paquetes. Debe almacenarse en un lugar fresco y seco durante no m\u00e1s de diez meses para garantizar una calidad \u00f3ptima.<\/p>\n<h3>Gu\u00eda completa sobre el homopol\u00edmero acr\u00edlico:<\/h3>\n<h3><img decoding=\"async\" class=\"alignnone size-full wp-image-1222\" src=\"https:\/\/vcycletech.com\/wp-content\/uploads\/2023\/03\/1-46.png\" alt=\"Gu\u00eda completa sobre el homopol\u00edmero acr\u00edlico\" width=\"600\" height=\"400\" srcset=\"https:\/\/vcycletech.com\/wp-content\/uploads\/2023\/03\/1-46.png 600w, https:\/\/vcycletech.com\/wp-content\/uploads\/2023\/03\/1-46-300x200.png 300w\" sizes=\"(max-width: 600px) 100vw, 600px\" \/><\/h3>\n<p>Los \u00e1cidos poliacr\u00edlicos y sus correspondientes sales de sodio se conocen como homopol\u00edmeros acr\u00edlicos. Son pol\u00edmeros de bajo peso molecular (LMW) con un peso molecular promedio entre 2000 y 4500 y se han utilizado ampliamente en aplicaciones de tratamiento de agua industrial y producci\u00f3n de petr\u00f3leo. Estos homopol\u00edmeros acr\u00edlicos funcionan como inhibidores de incrustaciones, evitando la deposici\u00f3n de carbonato de calcio, sulfato de calcio y sulfato de bario en las superficies. Adem\u00e1s, mantienen su eficacia en una amplia gama de niveles de pH, dureza del agua y temperaturas (incluidas las temperaturas bajo cero), lo que los hace aptos para su uso en diversas industrias.<\/p>\n<h4>Principio de acci\u00f3n<\/h4>\n<p>El principio detr\u00e1s de c\u00f3mo funcionan los homopol\u00edmeros acr\u00edlicos es doble: estos pol\u00edmeros forman una capa protectora al adsorberse en la superficie. Esta capa puede impedir que ocurra m\u00e1s precipitaci\u00f3n mineral. En segundo lugar, estos pol\u00edmeros tambi\u00e9n se disuelven en soluci\u00f3n; cuando esto sucede, las mol\u00e9culas se unen, formando grandes grupos que no pueden adherirse a ninguna superficie debido a su tama\u00f1o. Esto hace que permanezcan suspendidos en la soluci\u00f3n en lugar de precipitarse, evitando as\u00ed la formaci\u00f3n de incrustaciones en las superficies.<\/p>\n<h4>Campo de aplicaci\u00f3n<\/h4>\n<p>Debido a sus propiedades, el homopol\u00edmero acr\u00edlico encuentra aplicaci\u00f3n en muchas industrias, como la generaci\u00f3n de energ\u00eda, la industria de te\u00f1ido e impresi\u00f3n de textiles, el acondicionamiento de agua de alimentaci\u00f3n de calderas, los sistemas de torres de enfriamiento y los sistemas de ablandamiento de agua de proceso, etc., que requieren un control de escala confiable.<\/p>\n<h4>Precauciones de uso<\/h4>\n<p>Aunque los homopol\u00edmeros acr\u00edlicos son generalmente seguros para usar en los procesos de tratamiento y producci\u00f3n, hay algunas precauciones que debe tomar al usarlos:<\/p>\n<p>Aseg\u00farese de seleccionar el tipo correcto de pol\u00edmero para su aplicaci\u00f3n: una selecci\u00f3n incorrecta puede provocar una p\u00e9rdida de rendimiento o incluso da\u00f1ar el equipo.<\/p>\n<p>Como con cualquier producto qu\u00edmico, debe usar equipo de protecci\u00f3n como guantes y gafas de seguridad al manipularlo.<\/p>\n<p>Siempre siga las instrucciones del fabricante cuando use productos qu\u00edmicos; el uso incorrecto puede causar riesgos para la salud o da\u00f1ar el equipo.<\/p>\n<h3>Preguntas frecuentes:<\/h3>\n<p><strong>P1: \u00bfQu\u00e9 es un homopol\u00edmero acr\u00edlico?<\/strong><br \/>\nR: Un homopol\u00edmero acr\u00edlico es un pol\u00edmero de bajo peso molecular (LMW) que consta de \u00e1cido poliacr\u00edlico y su sal de sodio correspondiente. Act\u00faa como un inhibidor de incrustaciones al bloquear la precipitaci\u00f3n mineral en las superficies.<\/p>\n<p><strong>P2: \u00bfCu\u00e1l es el rango de peso molecular?<\/strong><br \/>\nR: El rango de peso molecular es de 2000 a 4500 daltons, lo que lo hace adecuado para aplicaciones de tratamiento de aguas industriales.<\/p>\n<p><strong>P3: \u00bfC\u00f3mo funcionan?<\/strong><br \/>\nR: Los homopol\u00edmeros acr\u00edlicos funcionan formando una capa protectora sobre las superficies mediante adsorci\u00f3n mientras se disuelven en una soluci\u00f3n, donde forman grandes grupos que no pueden adherirse a ninguna superficie debido a su tama\u00f1o. Por lo tanto, permanecen suspendidos en la soluci\u00f3n en lugar de precipitarse, evitando as\u00ed la formaci\u00f3n de incrustaciones en las superficies.<\/p>\n<p><strong>P4: \u00bfEn qu\u00e9 industrias encuentran aplicaciones?<\/strong><br \/>\nR: Los homopol\u00edmeros acr\u00edlicos encuentran aplicaci\u00f3n en la industria de generaci\u00f3n de energ\u00eda, te\u00f1ido de textiles, sistemas de agua de alimentaci\u00f3n de calderas, sistemas de torres de enfriamiento, etc., todos los cuales requieren un control confiable de las incrustaciones.<\/p>\n<p><strong>P5: \u00bfHay alguna precauci\u00f3n que deba tomar al usar homopol\u00edmeros acr\u00edlicos?<\/strong><br \/>\nR: S\u00ed, siempre aseg\u00farese de seleccionar el tipo correcto para su aplicaci\u00f3n; use equipo de protecci\u00f3n como guantes y anteojos de seguridad; siga cuidadosamente las instrucciones del fabricante.<\/p>\n<p><strong>P6: \u00bfExisten riesgos asociados con el uso de homopol\u00edmeros acr\u00edlicos?<\/strong><br \/>\nR: Si se usa incorrectamente, entonces s\u00ed, ciertos riesgos pueden estar asociados con el uso de este producto, incluidos los riesgos para la salud y los da\u00f1os causados al equipo. Por lo tanto, siempre debe leer y comprender las instrucciones proporcionadas por los fabricantes antes de su uso.<\/p>\n<p><a href=\"https:\/\/vcycletech.com\/es\/categoria-de-producto\/policarboxilico-antiincrustante-y-dispersante\/\">Obtenga la soluci\u00f3n dispersante y antiincrustante policarbox\u00edlico completo<\/a><\/p>\n<\/div>","protected":false},"excerpt":{"rendered":"<p><strong>WT-1000<\/strong> La serie es un \u00e1cido poliacr\u00edlico de bajo peso molecular (LMW) y sus correspondientes sales de sodio que son inhibidores de incrustaciones altamente efectivos, capaces de prevenir la deposici\u00f3n de carbonato de calcio, sulfato de calcio y sulfato de bario en las superficies. Estos pol\u00edmeros tienen pesos moleculares promedio en peso de 2000-4500 y demuestran una buena actividad en una amplia gama de condiciones de pH, dureza del agua y temperatura. <strong>WT-1000<\/strong> La serie tambi\u00e9n tiene una excelente estabilidad de congelaci\u00f3n y descongelaci\u00f3n, lo que las hace adecuadas para el tratamiento de aguas industriales y aplicaciones de producci\u00f3n de petr\u00f3leo. La elecci\u00f3n entre los miembros de la serie depende de la aplicaci\u00f3n, formulaci\u00f3n, condiciones de uso y caracter\u00edsticas de desempe\u00f1o requeridas.<\/p>","protected":false},"featured_media":2835,"template":"","meta":{"site-sidebar-layout":"default","site-content-layout":"default","ast-site-content-layout":"default","site-content-style":"default","site-sidebar-style":"default","ast-global-header-display":"","ast-banner-title-visibility":"","ast-main-header-display":"","ast-hfb-above-header-display":"","ast-hfb-below-header-display":"","ast-hfb-mobile-header-display":"","site-post-title":"","ast-breadcrumbs-content":"","ast-featured-img":"","footer-sml-layout":"","ast-disable-related-posts":"","theme-transparent-header-meta":"default","adv-header-id-meta":"","stick-header-meta":"default","header-above-stick-meta":"","header-main-stick-meta":"","header-below-stick-meta":"","astra-migrate-meta-layouts":"default","ast-page-background-enabled":"default","ast-page-background-meta":{"desktop":{"background-color":"","background-image":"","background-repeat":"repeat","background-position":"center center","background-size":"auto","background-attachment":"scroll","background-type":"","background-media":"","overlay-type":"","overlay-color":"","overlay-opacity":"","overlay-gradient":""},"tablet":{"background-color":"","background-image":"","background-repeat":"repeat","background-position":"center center","background-size":"auto","background-attachment":"scroll","background-type":"","background-media":"","overlay-type":"","overlay-color":"","overlay-opacity":"","overlay-gradient":""},"mobile":{"background-color":"","background-image":"","background-repeat":"repeat","background-position":"center center","background-size":"auto","background-attachment":"scroll","background-type":"","background-media":"","overlay-type":"","overlay-color":"","overlay-opacity":"","overlay-gradient":""}},"ast-content-background-meta":{"desktop":{"background-color":"var(--ast-global-color-5)","background-image":"","background-repeat":"repeat","background-position":"center center","background-size":"auto","background-attachment":"scroll","background-type":"","background-media":"","overlay-type":"","overlay-color":"","overlay-opacity":"","overlay-gradient":""},"tablet":{"background-color":"var(--ast-global-color-5)","background-image":"","background-repeat":"repeat","background-position":"center center","background-size":"auto","background-attachment":"scroll","background-type":"","background-media":"","overlay-type":"","overlay-color":"","overlay-opacity":"","overlay-gradient":""},"mobile":{"background-color":"var(--ast-global-color-5)","background-image":"","background-repeat":"repeat","background-position":"center center","background-size":"auto","background-attachment":"scroll","background-type":"","background-media":"","overlay-type":"","overlay-color":"","overlay-opacity":"","overlay-gradient":""}}},"product_brand":[],"product_cat":[28],"product_tag":[],"class_list":{"0":"post-1208","1":"product","2":"type-product","3":"status-publish","4":"has-post-thumbnail","6":"product_cat-polycarboxylic-antiscalant-and-dispersant","7":"desktop-align-left","8":"tablet-align-left","9":"mobile-align-left","10":"ast-product-gallery-layout-horizontal-slider","11":"ast-product-gallery-with-no-image","12":"ast-product-tabs-layout-horizontal","14":"first","15":"instock","16":"shipping-taxable","17":"product-type-simple"},"yoast_head":"<!-- This site is optimized with the Yoast SEO Premium plugin v26.3 (Yoast SEO v27.3) - https:\/\/yoast.com\/product\/yoast-seo-premium-wordpress\/ -->\n<title>Acrylic Homopolymer(WT-1000) - vcycletech<\/title>\n<meta name=\"description\" content=\"Keep your water clean with Acrylic Homopolymer and the right water treatment chemicals. Act now to get started!\" \/>\n<meta name=\"robots\" content=\"index, follow, max-snippet:-1, max-image-preview:large, max-video-preview:-1\" \/>\n<link rel=\"canonical\" href=\"https:\/\/vcycletech.com\/es\/producto\/acrilico-homopolimerokr-1000\/\" \/>\n<meta property=\"og:locale\" content=\"es_MX\" \/>\n<meta property=\"og:type\" content=\"article\" \/>\n<meta property=\"og:title\" content=\"Acrylic Homopolymer(WT-1000)\" \/>\n<meta property=\"og:description\" content=\"Keep your water clean with Acrylic Homopolymer and the right water treatment chemicals. Act now to get started!\" \/>\n<meta property=\"og:url\" content=\"https:\/\/vcycletech.com\/es\/producto\/acrilico-homopolimerokr-1000\/\" \/>\n<meta property=\"og:site_name\" content=\"vcycletech\" \/>\n<meta property=\"article:modified_time\" content=\"2023-03-27T05:21:13+00:00\" \/>\n<meta property=\"og:image\" content=\"https:\/\/vcycletech.com\/wp-content\/uploads\/2023\/03\/\u672a\u547d\u540d\u7684\u8bbe\u8ba1-3-22.png\" \/>\n\t<meta property=\"og:image:width\" content=\"600\" \/>\n\t<meta property=\"og:image:height\" content=\"600\" \/>\n\t<meta property=\"og:image:type\" content=\"image\/png\" \/>\n<meta name=\"twitter:card\" content=\"summary_large_image\" \/>\n<meta name=\"twitter:label1\" content=\"Tiempo de lectura\" \/>\n\t<meta name=\"twitter:data1\" content=\"4 minutos\" \/>\n<script type=\"application\/ld+json\" class=\"yoast-schema-graph\">{\"@context\":\"https:\\\/\\\/schema.org\",\"@graph\":[{\"@type\":\"WebPage\",\"@id\":\"https:\\\/\\\/vcycletech.com\\\/product\\\/acrylic-homopolymerwt-1000\\\/\",\"url\":\"https:\\\/\\\/vcycletech.com\\\/product\\\/acrylic-homopolymerwt-1000\\\/\",\"name\":\"Acrylic Homopolymer(WT-1000) - vcycletech\",\"isPartOf\":{\"@id\":\"https:\\\/\\\/vcycletech.com\\\/#website\"},\"primaryImageOfPage\":{\"@id\":\"https:\\\/\\\/vcycletech.com\\\/product\\\/acrylic-homopolymerwt-1000\\\/#primaryimage\"},\"image\":{\"@id\":\"https:\\\/\\\/vcycletech.com\\\/product\\\/acrylic-homopolymerwt-1000\\\/#primaryimage\"},\"thumbnailUrl\":\"https:\\\/\\\/vcycletech.com\\\/wp-content\\\/uploads\\\/2023\\\/03\\\/\u672a\u547d\u540d\u7684\u8bbe\u8ba1-3-22.png\",\"datePublished\":\"2023-03-21T09:57:34+00:00\",\"dateModified\":\"2023-03-27T05:21:13+00:00\",\"description\":\"Keep your water clean with Acrylic Homopolymer and the right water treatment chemicals. Act now to get started!\",\"breadcrumb\":{\"@id\":\"https:\\\/\\\/vcycletech.com\\\/product\\\/acrylic-homopolymerwt-1000\\\/#breadcrumb\"},\"inLanguage\":\"es\",\"potentialAction\":[{\"@type\":\"ReadAction\",\"target\":[\"https:\\\/\\\/vcycletech.com\\\/product\\\/acrylic-homopolymerwt-1000\\\/\"]}]},{\"@type\":\"ImageObject\",\"inLanguage\":\"es\",\"@id\":\"https:\\\/\\\/vcycletech.com\\\/product\\\/acrylic-homopolymerwt-1000\\\/#primaryimage\",\"url\":\"https:\\\/\\\/vcycletech.com\\\/wp-content\\\/uploads\\\/2023\\\/03\\\/\u672a\u547d\u540d\u7684\u8bbe\u8ba1-3-22.png\",\"contentUrl\":\"https:\\\/\\\/vcycletech.com\\\/wp-content\\\/uploads\\\/2023\\\/03\\\/\u672a\u547d\u540d\u7684\u8bbe\u8ba1-3-22.png\",\"width\":600,\"height\":600,\"caption\":\"WT-1000 Acrylic Homopolymer\"},{\"@type\":\"BreadcrumbList\",\"@id\":\"https:\\\/\\\/vcycletech.com\\\/product\\\/acrylic-homopolymerwt-1000\\\/#breadcrumb\",\"itemListElement\":[{\"@type\":\"ListItem\",\"position\":1,\"name\":\"Home\",\"item\":\"https:\\\/\\\/vcycletech.com\\\/\"},{\"@type\":\"ListItem\",\"position\":2,\"name\":\"Water Treatment Chemicals Manufacturer\",\"item\":\"https:\\\/\\\/vcycletech.com\\\/water-treatment-chemicals-manufacturer\\\/\"},{\"@type\":\"ListItem\",\"position\":3,\"name\":\"Acrylic Homopolymer(WT-1000)\"}]},{\"@type\":\"WebSite\",\"@id\":\"https:\\\/\\\/vcycletech.com\\\/#website\",\"url\":\"https:\\\/\\\/vcycletech.com\\\/\",\"name\":\"vcycletech\",\"description\":\"China&#039;s top water treatment chemicals supplier\",\"publisher\":{\"@id\":\"https:\\\/\\\/vcycletech.com\\\/#organization\"},\"potentialAction\":[{\"@type\":\"SearchAction\",\"target\":{\"@type\":\"EntryPoint\",\"urlTemplate\":\"https:\\\/\\\/vcycletech.com\\\/?s={search_term_string}\"},\"query-input\":{\"@type\":\"PropertyValueSpecification\",\"valueRequired\":true,\"valueName\":\"search_term_string\"}}],\"inLanguage\":\"es\"},{\"@type\":\"Organization\",\"@id\":\"https:\\\/\\\/vcycletech.com\\\/#organization\",\"name\":\"vcycletech\",\"url\":\"https:\\\/\\\/vcycletech.com\\\/\",\"logo\":{\"@type\":\"ImageObject\",\"inLanguage\":\"es\",\"@id\":\"https:\\\/\\\/vcycletech.com\\\/#\\\/schema\\\/logo\\\/image\\\/\",\"url\":\"https:\\\/\\\/vcycletech.com\\\/wp-content\\\/uploads\\\/2023\\\/03\\\/logo-vcycletech-1.png\",\"contentUrl\":\"https:\\\/\\\/vcycletech.com\\\/wp-content\\\/uploads\\\/2023\\\/03\\\/logo-vcycletech-1.png\",\"width\":600,\"height\":400,\"caption\":\"vcycletech\"},\"image\":{\"@id\":\"https:\\\/\\\/vcycletech.com\\\/#\\\/schema\\\/logo\\\/image\\\/\"}}]}<\/script>\n<!-- \/ Yoast SEO Premium plugin. -->","yoast_head_json":{"title":"Homopol\u00edmero acr\u00edlico (WT-1000) - vcycletech","description":"Mantenga su agua limpia con homopol\u00edmero acr\u00edlico y los productos qu\u00edmicos adecuados para el tratamiento del agua. \u00a1Act\u00fae ahora para comenzar!","robots":{"index":"index","follow":"follow","max-snippet":"max-snippet:-1","max-image-preview":"max-image-preview:large","max-video-preview":"max-video-preview:-1"},"canonical":"https:\/\/vcycletech.com\/es\/producto\/acrilico-homopolimerokr-1000\/","og_locale":"es_MX","og_type":"article","og_title":"Acrylic Homopolymer(WT-1000)","og_description":"Keep your water clean with Acrylic Homopolymer and the right water treatment chemicals. Act now to get started!","og_url":"https:\/\/vcycletech.com\/es\/producto\/acrilico-homopolimerokr-1000\/","og_site_name":"vcycletech","article_modified_time":"2023-03-27T05:21:13+00:00","og_image":[{"width":600,"height":600,"url":"https:\/\/vcycletech.com\/wp-content\/uploads\/2023\/03\/\u672a\u547d\u540d\u7684\u8bbe\u8ba1-3-22.png","type":"image\/png"}],"twitter_card":"summary_large_image","twitter_misc":{"Tiempo de lectura":"4 minutos"},"schema":{"@context":"https:\/\/schema.org","@graph":[{"@type":"WebPage","@id":"https:\/\/vcycletech.com\/product\/acrylic-homopolymerwt-1000\/","url":"https:\/\/vcycletech.com\/product\/acrylic-homopolymerwt-1000\/","name":"Homopol\u00edmero acr\u00edlico (WT-1000) - vcycletech","isPartOf":{"@id":"https:\/\/vcycletech.com\/#website"},"primaryImageOfPage":{"@id":"https:\/\/vcycletech.com\/product\/acrylic-homopolymerwt-1000\/#primaryimage"},"image":{"@id":"https:\/\/vcycletech.com\/product\/acrylic-homopolymerwt-1000\/#primaryimage"},"thumbnailUrl":"https:\/\/vcycletech.com\/wp-content\/uploads\/2023\/03\/\u672a\u547d\u540d\u7684\u8bbe\u8ba1-3-22.png","datePublished":"2023-03-21T09:57:34+00:00","dateModified":"2023-03-27T05:21:13+00:00","description":"Mantenga su agua limpia con homopol\u00edmero acr\u00edlico y los productos qu\u00edmicos adecuados para el tratamiento del agua. \u00a1Act\u00fae ahora para comenzar!","breadcrumb":{"@id":"https:\/\/vcycletech.com\/product\/acrylic-homopolymerwt-1000\/#breadcrumb"},"inLanguage":"es","potentialAction":[{"@type":"ReadAction","target":["https:\/\/vcycletech.com\/product\/acrylic-homopolymerwt-1000\/"]}]},{"@type":"ImageObject","inLanguage":"es","@id":"https:\/\/vcycletech.com\/product\/acrylic-homopolymerwt-1000\/#primaryimage","url":"https:\/\/vcycletech.com\/wp-content\/uploads\/2023\/03\/\u672a\u547d\u540d\u7684\u8bbe\u8ba1-3-22.png","contentUrl":"https:\/\/vcycletech.com\/wp-content\/uploads\/2023\/03\/\u672a\u547d\u540d\u7684\u8bbe\u8ba1-3-22.png","width":600,"height":600,"caption":"WT-1000 Acrylic Homopolymer"},{"@type":"BreadcrumbList","@id":"https:\/\/vcycletech.com\/product\/acrylic-homopolymerwt-1000\/#breadcrumb","itemListElement":[{"@type":"ListItem","position":1,"name":"Home","item":"https:\/\/vcycletech.com\/"},{"@type":"ListItem","position":2,"name":"Water Treatment Chemicals Manufacturer","item":"https:\/\/vcycletech.com\/water-treatment-chemicals-manufacturer\/"},{"@type":"ListItem","position":3,"name":"Acrylic Homopolymer(WT-1000)"}]},{"@type":"WebSite","@id":"https:\/\/vcycletech.com\/#website","url":"https:\/\/vcycletech.com\/","name":"vcycletech","description":"El principal proveedor de productos qu\u00edmicos para el tratamiento del agua de China y #039;","publisher":{"@id":"https:\/\/vcycletech.com\/#organization"},"potentialAction":[{"@type":"SearchAction","target":{"@type":"EntryPoint","urlTemplate":"https:\/\/vcycletech.com\/?s={search_term_string}"},"query-input":{"@type":"PropertyValueSpecification","valueRequired":true,"valueName":"search_term_string"}}],"inLanguage":"es"},{"@type":"Organization","@id":"https:\/\/vcycletech.com\/#organization","name":"vcycletech","url":"https:\/\/vcycletech.com\/","logo":{"@type":"ImageObject","inLanguage":"es","@id":"https:\/\/vcycletech.com\/#\/schema\/logo\/image\/","url":"https:\/\/vcycletech.com\/wp-content\/uploads\/2023\/03\/logo-vcycletech-1.png","contentUrl":"https:\/\/vcycletech.com\/wp-content\/uploads\/2023\/03\/logo-vcycletech-1.png","width":600,"height":400,"caption":"vcycletech"},"image":{"@id":"https:\/\/vcycletech.com\/#\/schema\/logo\/image\/"}}]}},"_links":{"self":[{"href":"https:\/\/vcycletech.com\/es\/wp-json\/wp\/v2\/product\/1208","targetHints":{"allow":["GET"]}}],"collection":[{"href":"https:\/\/vcycletech.com\/es\/wp-json\/wp\/v2\/product"}],"about":[{"href":"https:\/\/vcycletech.com\/es\/wp-json\/wp\/v2\/types\/product"}],"wp:featuredmedia":[{"embeddable":true,"href":"https:\/\/vcycletech.com\/es\/wp-json\/wp\/v2\/media\/2835"}],"wp:attachment":[{"href":"https:\/\/vcycletech.com\/es\/wp-json\/wp\/v2\/media?parent=1208"}],"wp:term":[{"taxonomy":"product_brand","embeddable":true,"href":"https:\/\/vcycletech.com\/es\/wp-json\/wp\/v2\/product_brand?post=1208"},{"taxonomy":"product_cat","embeddable":true,"href":"https:\/\/vcycletech.com\/es\/wp-json\/wp\/v2\/product_cat?post=1208"},{"taxonomy":"product_tag","embeddable":true,"href":"https:\/\/vcycletech.com\/es\/wp-json\/wp\/v2\/product_tag?post=1208"}],"curies":[{"name":"wp","href":"https:\/\/api.w.org\/{rel}","templated":true}]}}