{"id":1198,"date":"2023-03-21T09:36:38","date_gmt":"2023-03-21T09:36:38","guid":{"rendered":"https:\/\/vcycletech.com\/?post_type=product&#038;p=1198"},"modified":"2023-03-27T05:35:08","modified_gmt":"2023-03-27T05:35:08","slug":"copolimero-de-acido-fosfino-carboxilico-kr-400","status":"publish","type":"product","link":"https:\/\/vcycletech.com\/es\/producto\/copolimero-de-acido-fosfino-carboxilico-kr-400\/","title":{"rendered":"Copol\u00edmero de \u00e1cido fosfinocarbox\u00edlico WT-400"},"content":{"rendered":"<h3>Propiedades :<\/h3>\n<div class=\"break-words markdown-formatted-text\">\n<p class=\"my-0.5\"><strong>WT-400<\/strong> es un agente de control de dep\u00f3sitos multifuncional dise\u00f1ado para permitirle crear formulaciones de control de la corrosi\u00f3n para agua de refrigeraci\u00f3n, agua de proceso y otras aplicaciones similares. Su f\u00f3rmula a base de fosfonato garantiza un rendimiento y una protecci\u00f3n duraderos, lo que le permite mantener todos sus sistemas funcionando sin problemas.<\/p>\n<\/div>\n<h3 class=\"flex w-full items-center justify-end flex-wrap pt-0 !mt-2 @md:!mt-0 @md:pt-1.5\" data-exclude-from-screenshot=\"true\">Especificaci\u00f3n:<\/h3>\n<div id=\"footable_parent_1202\"\n         class=\"footable_parent ninja_table_wrapper loading_ninja_table wp_table_data_press_parent semantic_ui\">\n                <table data-ninja_table_instance=\"ninja_table_instance_0\" data-footable_id=\"1202\" data-filter-delay=\"1000\" aria-label=\"KR-400 Copol\u00edmero de \u00e1cido fosfinocarbox\u00edlico.csv\"            id=\"footable_1202\"\n           data-unique_identifier=\"ninja_table_unique_id_2127826332_1202\"\n           class=\"foo-table ninja_footable foo_table_1202 ninja_table_unique_id_2127826332_1202 ui table  nt_type_legacy_table selectable striped vertical_centered  footable-paging-right ninja_table_pro\">\n                <colgroup>\n                            <col class=\"ninja_column_0\">\n                            <col class=\"ninja_column_1\">\n                    <\/colgroup>\n        <thead>\n<tr class=\"footable-header\">\n                                        <th scope=\"col\"  class=\"ninja_column_0 ninja_clmn_nm_items\">Art\u00edculos<\/th><th scope=\"col\"  class=\"ninja_column_1 ninja_clmn_nm_index\">\u00cdndice<\/th><\/tr>\n<\/thead>\n<tbody>\n\n        <tr data-row_id=\"272\" class=\"ninja_table_row_0 nt_row_id_272\">\n            <td>Apariencia<\/td><td>L\u00edquido transparente de incoloro a amarillo p\u00e1lido<\/td>        <\/tr>\n            <tr data-row_id=\"273\" class=\"ninja_table_row_1 nt_row_id_273\">\n            <td>Contenido s\u00f3lido, %<\/td><td>50,0 minutos<\/td>        <\/tr>\n            <tr data-row_id=\"274\" class=\"ninja_table_row_2 nt_row_id_274\">\n            <td>Densidad (20 \u2103), g\/cm3<\/td><td>1.21-1.26<\/td>        <\/tr>\n            <tr data-row_id=\"275\" class=\"ninja_table_row_3 nt_row_id_275\">\n            <td>PH (como \u00e9l)<\/td><td>2.0-3.0<\/td>        <\/tr>\n            <tr data-row_id=\"276\" class=\"ninja_table_row_4 nt_row_id_276\">\n            <td>Viscosidad (25 \u2103), cps<\/td><td>250-550<\/td>        <\/tr>\n    <\/tbody><!--ninja_tobody_rendering_done-->\n    <\/table>\n    \n    \n    \n<\/div>\n\n<h3><strong>Uso:<\/strong><\/h3>\n<p><strong> WT-400<\/strong> tiene propiedades vers\u00e1tiles adecuadas para el ensuciamiento general de fosfato de calcio y carbonato de calcio y mejora el rendimiento de las formulaciones de tratamiento de agua a base de fosfato, polifosfato, fosfonato y zinc.<\/p>\n<h3><strong>Embalaje y Almacenamiento:<\/strong><\/h3>\n<p><strong>WT-400<\/strong> est\u00e1 disponible en bidones de pl\u00e1stico de 200 l, IBC (1000 l) y paquetes adaptados a las necesidades del cliente. Debe almacenarse en un lugar fresco y seco hasta por diez meses.<\/p>\n<h3>Gu\u00eda completa sobre el copol\u00edmero de \u00e1cido fosfinocarbox\u00edlico:<\/h3>\n<p><strong>Copol\u00edmero de \u00e1cido fosfinocarbox\u00edlico (WT-400)<\/strong> es un producto qu\u00edmico multifuncional para el tratamiento del agua conocido por sus excelentes propiedades dispersantes y de control de dep\u00f3sitos. Es un copol\u00edmero de sal s\u00f3dica del \u00e1cido maleico y acr\u00edlico (MA\/AA.Na), con un contenido activo de 49.5%. Esto proporciona una gravedad espec\u00edfica de 1,20-1,28 a 25\u00b0C, un pH de 3,0-3,5 en una soluci\u00f3n 1% y una viscosidad Brookfield cps a 25\u00b0C de 100-400. Adem\u00e1s, es altamente tolerante al cloro y compatible con otros productos qu\u00edmicos para el tratamiento del agua, como los antiincrustantes policarbox\u00edlicos y los dispersantes.<\/p>\n<p>La funci\u00f3n principal de este producto es prevenir la formaci\u00f3n de incrustaciones, corrosi\u00f3n, incrustaciones y otros problemas asociados con los sistemas de agua. Lo hace mediante el uso de sus capacidades de control de dep\u00f3sitos que ayudan a reducir la acumulaci\u00f3n de minerales en las superficies al dispersarlos uniformemente en todo el sistema de agua; evitando as\u00ed que se produzcan atascos y bloqueos dentro del propio sistema. Adem\u00e1s, sus propiedades dispersantes permiten una mejor suspensi\u00f3n de contaminantes en el agua, lo que permite que los procesos de filtraci\u00f3n o eliminaci\u00f3n se realicen de manera m\u00e1s eficiente.<\/p>\n<p>Este producto se puede aplicar en muchas industrias diferentes donde existe la necesidad de productos qu\u00edmicos de tratamiento de agua efectivos, que van desde aplicaciones industriales como torres de enfriamiento o calderas hasta usos residenciales como piscinas o spas. Sin embargo, ha demostrado ser particularmente \u00fatil en las operaciones de plantas de energ\u00eda debido a su capacidad para mantener un funcionamiento sin problemas al tiempo que evita costosos tiempos de inactividad y costosas reparaciones causadas por la acumulaci\u00f3n de incrustaciones o la corrosi\u00f3n con el tiempo.<\/p>\n<h3>Preguntas frecuentes:<\/h3>\n<p><strong>P1: \u00bfCu\u00e1les son los componentes del copol\u00edmero de \u00e1cido fosfinocarbox\u00edlico?<\/strong><\/p>\n<p>Los componentes principales son la sal de sodio del \u00e1cido maleico y acr\u00edlico (MA\/AA.Na) con un contenido activo de 49.5%.<\/p>\n<p><strong>P2: \u00bfQu\u00e9 sucede cuando se agrega copol\u00edmero de \u00e1cido fosfinocarbox\u00edlico al agua?<\/strong><\/p>\n<p>Ayuda a reducir la acumulaci\u00f3n de minerales en las superficies dispers\u00e1ndolos de manera uniforme en todo el sistema de agua, lo que evita que se produzcan obstrucciones y bloqueos dentro del propio sistema, al tiempo que proporciona una mejor suspensi\u00f3n de contaminantes para facilitar los procesos de filtraci\u00f3n o eliminaci\u00f3n de manera m\u00e1s eficiente.<\/p>\n<p><strong>P3: \u00bfEl copol\u00edmero de \u00e1cido fosfinocarbox\u00edlico es compatible con otros tratamientos de agua?<\/strong><\/p>\n<p>S\u00ed, es altamente tolerante al cloro y compatible con otros productos qu\u00edmicos para el tratamiento del agua, como los antiincrustantes y dispersantes policarbox\u00edlicos.<\/p>\n<p><strong>P4:\u00bfD\u00f3nde se puede usar el copol\u00edmero de \u00e1cido fosfinocarbox\u00edlico?<\/strong><\/p>\n<p>Se puede utilizar en muchas industrias diferentes en las que se necesitan productos qu\u00edmicos eficaces para el tratamiento del agua, desde aplicaciones industriales como torres de refrigeraci\u00f3n o calderas hasta usos residenciales como piscinas o spas. Sin embargo, ha demostrado ser particularmente \u00fatil en las operaciones de las plantas de energ\u00eda debido a a su capacidad para mantener un funcionamiento sin problemas al tiempo que evita costosos tiempos de inactividad y costosas reparaciones causadas por la acumulaci\u00f3n de incrustaciones o la corrosi\u00f3n con el tiempo.<\/p>\n<p><strong>P5: \u00bfC\u00f3mo funciona el copol\u00edmero de \u00e1cido fosfinocarbox\u00edlico?<\/strong><\/p>\n<p>Sus capacidades de control de dep\u00f3sitos ayudan a reducir la acumulaci\u00f3n de minerales en las superficies al dispersarlos uniformemente en todo el sistema de agua; evitando as\u00ed que se produzcan obstrucciones y bloqueos dentro del propio sistema y, al mismo tiempo, proporciona una mejor suspensi\u00f3n de contaminantes para facilitar los procesos de filtraci\u00f3n o eliminaci\u00f3n de manera m\u00e1s eficiente.<\/p>\n<p><strong>P6: \u00bfCu\u00e1les son algunos de los beneficios asociados con el uso de este producto?<\/strong><\/p>\n<p>Algunos beneficios incluyen la prevenci\u00f3n contra la formaci\u00f3n de incrustaciones, la corrosi\u00f3n y las incrustaciones, la prevenci\u00f3n contra el costoso tiempo de inactividad debido a sistemas bloqueados\/da\u00f1os por corrosi\u00f3n, mejores cualidades de suspensi\u00f3n que dan como resultado una mejor eficiencia de filtrado que da como resultado productos finales m\u00e1s limpios, etc.<\/p>\n<p><a href=\"https:\/\/vcycletech.com\/es\/categoria-de-producto\/policarboxilico-antiincrustante-y-dispersante\/\">Obtenga la soluci\u00f3n dispersante y antiincrustante policarbox\u00edlico completo.<\/a><\/p>","protected":false},"excerpt":{"rendered":"<p class=\"my-0.5\"><strong>Copol\u00edmero de \u00e1cido fosfinocarbox\u00edlico<\/strong> <strong>WT-400<\/strong> es un producto qu\u00edmico multifuncional para el tratamiento del agua que proporciona un excelente control de dep\u00f3sitos y propiedades dispersantes. Es un copol\u00edmero de sal s\u00f3dica de \u00e1cido maleico y acr\u00edlico (MA\/AA.Na) con un contenido activo de 49.5%. Tiene una gravedad espec\u00edfica de 1,20-1,28 a 25\u00b0C, un pH de 3,0-3,5 en una soluci\u00f3n 1% y una viscosidad Brookfield cps a 25\u00b0C de 100-400. Tambi\u00e9n es muy tolerante al cloro y compatible con otros productos qu\u00edmicos para el tratamiento del agua, como los antiincrustantes policarbox\u00edlicos y los dispersantes. <strong>Copol\u00edmero de \u00e1cido fosfinocarbox\u00edlico<\/strong> <strong>WT-400<\/strong> puede prevenir la formaci\u00f3n de incrustaciones, corrosi\u00f3n, incrustaciones y otros problemas asociados con los sistemas de agua.<\/p>","protected":false},"featured_media":2837,"template":"","meta":{"site-sidebar-layout":"default","site-content-layout":"default","ast-site-content-layout":"default","site-content-style":"default","site-sidebar-style":"default","ast-global-header-display":"","ast-banner-title-visibility":"","ast-main-header-display":"","ast-hfb-above-header-display":"","ast-hfb-below-header-display":"","ast-hfb-mobile-header-display":"","site-post-title":"","ast-breadcrumbs-content":"","ast-featured-img":"","footer-sml-layout":"","ast-disable-related-posts":"","theme-transparent-header-meta":"default","adv-header-id-meta":"","stick-header-meta":"default","header-above-stick-meta":"","header-main-stick-meta":"","header-below-stick-meta":"","astra-migrate-meta-layouts":"default","ast-page-background-enabled":"default","ast-page-background-meta":{"desktop":{"background-color":"","background-image":"","background-repeat":"repeat","background-position":"center center","background-size":"auto","background-attachment":"scroll","background-type":"","background-media":"","overlay-type":"","overlay-color":"","overlay-opacity":"","overlay-gradient":""},"tablet":{"background-color":"","background-image":"","background-repeat":"repeat","background-position":"center center","background-size":"auto","background-attachment":"scroll","background-type":"","background-media":"","overlay-type":"","overlay-color":"","overlay-opacity":"","overlay-gradient":""},"mobile":{"background-color":"","background-image":"","background-repeat":"repeat","background-position":"center center","background-size":"auto","background-attachment":"scroll","background-type":"","background-media":"","overlay-type":"","overlay-color":"","overlay-opacity":"","overlay-gradient":""}},"ast-content-background-meta":{"desktop":{"background-color":"var(--ast-global-color-5)","background-image":"","background-repeat":"repeat","background-position":"center center","background-size":"auto","background-attachment":"scroll","background-type":"","background-media":"","overlay-type":"","overlay-color":"","overlay-opacity":"","overlay-gradient":""},"tablet":{"background-color":"var(--ast-global-color-5)","background-image":"","background-repeat":"repeat","background-position":"center center","background-size":"auto","background-attachment":"scroll","background-type":"","background-media":"","overlay-type":"","overlay-color":"","overlay-opacity":"","overlay-gradient":""},"mobile":{"background-color":"var(--ast-global-color-5)","background-image":"","background-repeat":"repeat","background-position":"center center","background-size":"auto","background-attachment":"scroll","background-type":"","background-media":"","overlay-type":"","overlay-color":"","overlay-opacity":"","overlay-gradient":""}}},"product_brand":[],"product_cat":[28],"product_tag":[],"class_list":{"0":"post-1198","1":"product","2":"type-product","3":"status-publish","4":"has-post-thumbnail","6":"product_cat-polycarboxylic-antiscalant-and-dispersant","7":"desktop-align-left","8":"tablet-align-left","9":"mobile-align-left","10":"ast-product-gallery-layout-horizontal-slider","11":"ast-product-gallery-with-no-image","12":"ast-product-tabs-layout-horizontal","14":"first","15":"instock","16":"shipping-taxable","17":"product-type-simple"},"yoast_head":"<!-- This site is optimized with the Yoast SEO Premium plugin v26.3 (Yoast SEO v27.3) - https:\/\/yoast.com\/product\/yoast-seo-premium-wordpress\/ -->\n<title>Phosphino Carboxylic Acid Copolymer WT-400 - vcycletech<\/title>\n<meta name=\"description\" content=\"Keep water clean and safe with our new Phosphino Carboxylic Acid Copolymer WT-400 - the perfect Water Treatment Chemicals!\" \/>\n<meta name=\"robots\" content=\"index, follow, max-snippet:-1, max-image-preview:large, max-video-preview:-1\" \/>\n<link rel=\"canonical\" href=\"https:\/\/vcycletech.com\/es\/producto\/copolimero-de-acido-fosfino-carboxilico-kr-400\/\" \/>\n<meta property=\"og:locale\" content=\"es_MX\" \/>\n<meta property=\"og:type\" content=\"article\" \/>\n<meta property=\"og:title\" content=\"Phosphino Carboxylic Acid Copolymer WT-400\" \/>\n<meta property=\"og:description\" content=\"Keep water clean and safe with our new Phosphino Carboxylic Acid Copolymer WT-400 - the perfect Water Treatment Chemicals!\" \/>\n<meta property=\"og:url\" content=\"https:\/\/vcycletech.com\/es\/producto\/copolimero-de-acido-fosfino-carboxilico-kr-400\/\" \/>\n<meta property=\"og:site_name\" content=\"vcycletech\" \/>\n<meta property=\"article:modified_time\" content=\"2023-03-27T05:35:08+00:00\" \/>\n<meta property=\"og:image\" content=\"https:\/\/vcycletech.com\/wp-content\/uploads\/2023\/03\/\u672a\u547d\u540d\u7684\u8bbe\u8ba1-20.png\" \/>\n\t<meta property=\"og:image:width\" content=\"600\" \/>\n\t<meta property=\"og:image:height\" content=\"600\" \/>\n\t<meta property=\"og:image:type\" content=\"image\/png\" \/>\n<meta name=\"twitter:card\" content=\"summary_large_image\" \/>\n<meta name=\"twitter:label1\" content=\"Tiempo de lectura\" \/>\n\t<meta name=\"twitter:data1\" content=\"3 minutos\" \/>\n<script type=\"application\/ld+json\" class=\"yoast-schema-graph\">{\"@context\":\"https:\\\/\\\/schema.org\",\"@graph\":[{\"@type\":\"WebPage\",\"@id\":\"https:\\\/\\\/vcycletech.com\\\/product\\\/phosphino-carboxylic-acid-copolymer-wt-400\\\/\",\"url\":\"https:\\\/\\\/vcycletech.com\\\/product\\\/phosphino-carboxylic-acid-copolymer-wt-400\\\/\",\"name\":\"Phosphino Carboxylic Acid Copolymer WT-400 - vcycletech\",\"isPartOf\":{\"@id\":\"https:\\\/\\\/vcycletech.com\\\/#website\"},\"primaryImageOfPage\":{\"@id\":\"https:\\\/\\\/vcycletech.com\\\/product\\\/phosphino-carboxylic-acid-copolymer-wt-400\\\/#primaryimage\"},\"image\":{\"@id\":\"https:\\\/\\\/vcycletech.com\\\/product\\\/phosphino-carboxylic-acid-copolymer-wt-400\\\/#primaryimage\"},\"thumbnailUrl\":\"https:\\\/\\\/vcycletech.com\\\/wp-content\\\/uploads\\\/2023\\\/03\\\/\u672a\u547d\u540d\u7684\u8bbe\u8ba1-20.png\",\"datePublished\":\"2023-03-21T09:36:38+00:00\",\"dateModified\":\"2023-03-27T05:35:08+00:00\",\"description\":\"Keep water clean and safe with our new Phosphino Carboxylic Acid Copolymer WT-400 - the perfect Water Treatment Chemicals!\",\"breadcrumb\":{\"@id\":\"https:\\\/\\\/vcycletech.com\\\/product\\\/phosphino-carboxylic-acid-copolymer-wt-400\\\/#breadcrumb\"},\"inLanguage\":\"es\",\"potentialAction\":[{\"@type\":\"ReadAction\",\"target\":[\"https:\\\/\\\/vcycletech.com\\\/product\\\/phosphino-carboxylic-acid-copolymer-wt-400\\\/\"]}]},{\"@type\":\"ImageObject\",\"inLanguage\":\"es\",\"@id\":\"https:\\\/\\\/vcycletech.com\\\/product\\\/phosphino-carboxylic-acid-copolymer-wt-400\\\/#primaryimage\",\"url\":\"https:\\\/\\\/vcycletech.com\\\/wp-content\\\/uploads\\\/2023\\\/03\\\/\u672a\u547d\u540d\u7684\u8bbe\u8ba1-20.png\",\"contentUrl\":\"https:\\\/\\\/vcycletech.com\\\/wp-content\\\/uploads\\\/2023\\\/03\\\/\u672a\u547d\u540d\u7684\u8bbe\u8ba1-20.png\",\"width\":600,\"height\":600,\"caption\":\"Phosphino Carboxylic Acid Copolymer WT-400\"},{\"@type\":\"BreadcrumbList\",\"@id\":\"https:\\\/\\\/vcycletech.com\\\/product\\\/phosphino-carboxylic-acid-copolymer-wt-400\\\/#breadcrumb\",\"itemListElement\":[{\"@type\":\"ListItem\",\"position\":1,\"name\":\"Home\",\"item\":\"https:\\\/\\\/vcycletech.com\\\/\"},{\"@type\":\"ListItem\",\"position\":2,\"name\":\"Water Treatment Chemicals Manufacturer\",\"item\":\"https:\\\/\\\/vcycletech.com\\\/water-treatment-chemicals-manufacturer\\\/\"},{\"@type\":\"ListItem\",\"position\":3,\"name\":\"Phosphino Carboxylic Acid Copolymer WT-400\"}]},{\"@type\":\"WebSite\",\"@id\":\"https:\\\/\\\/vcycletech.com\\\/#website\",\"url\":\"https:\\\/\\\/vcycletech.com\\\/\",\"name\":\"vcycletech\",\"description\":\"China&#039;s top water treatment chemicals supplier\",\"publisher\":{\"@id\":\"https:\\\/\\\/vcycletech.com\\\/#organization\"},\"potentialAction\":[{\"@type\":\"SearchAction\",\"target\":{\"@type\":\"EntryPoint\",\"urlTemplate\":\"https:\\\/\\\/vcycletech.com\\\/?s={search_term_string}\"},\"query-input\":{\"@type\":\"PropertyValueSpecification\",\"valueRequired\":true,\"valueName\":\"search_term_string\"}}],\"inLanguage\":\"es\"},{\"@type\":\"Organization\",\"@id\":\"https:\\\/\\\/vcycletech.com\\\/#organization\",\"name\":\"vcycletech\",\"url\":\"https:\\\/\\\/vcycletech.com\\\/\",\"logo\":{\"@type\":\"ImageObject\",\"inLanguage\":\"es\",\"@id\":\"https:\\\/\\\/vcycletech.com\\\/#\\\/schema\\\/logo\\\/image\\\/\",\"url\":\"https:\\\/\\\/vcycletech.com\\\/wp-content\\\/uploads\\\/2023\\\/03\\\/logo-vcycletech-1.png\",\"contentUrl\":\"https:\\\/\\\/vcycletech.com\\\/wp-content\\\/uploads\\\/2023\\\/03\\\/logo-vcycletech-1.png\",\"width\":600,\"height\":400,\"caption\":\"vcycletech\"},\"image\":{\"@id\":\"https:\\\/\\\/vcycletech.com\\\/#\\\/schema\\\/logo\\\/image\\\/\"}}]}<\/script>\n<!-- \/ Yoast SEO Premium plugin. -->","yoast_head_json":{"title":"Copol\u00edmero de \u00e1cido fosfinocarbox\u00edlico WT-400 - vcycletech","description":"Mantenga el agua limpia y segura con nuestro nuevo copol\u00edmero de \u00e1cido fosfinocarbox\u00edlico WT-400: \u00a1los productos qu\u00edmicos perfectos para el tratamiento del agua!","robots":{"index":"index","follow":"follow","max-snippet":"max-snippet:-1","max-image-preview":"max-image-preview:large","max-video-preview":"max-video-preview:-1"},"canonical":"https:\/\/vcycletech.com\/es\/producto\/copolimero-de-acido-fosfino-carboxilico-kr-400\/","og_locale":"es_MX","og_type":"article","og_title":"Phosphino Carboxylic Acid Copolymer WT-400","og_description":"Keep water clean and safe with our new Phosphino Carboxylic Acid Copolymer WT-400 - the perfect Water Treatment Chemicals!","og_url":"https:\/\/vcycletech.com\/es\/producto\/copolimero-de-acido-fosfino-carboxilico-kr-400\/","og_site_name":"vcycletech","article_modified_time":"2023-03-27T05:35:08+00:00","og_image":[{"width":600,"height":600,"url":"https:\/\/vcycletech.com\/wp-content\/uploads\/2023\/03\/\u672a\u547d\u540d\u7684\u8bbe\u8ba1-20.png","type":"image\/png"}],"twitter_card":"summary_large_image","twitter_misc":{"Tiempo de lectura":"3 minutos"},"schema":{"@context":"https:\/\/schema.org","@graph":[{"@type":"WebPage","@id":"https:\/\/vcycletech.com\/product\/phosphino-carboxylic-acid-copolymer-wt-400\/","url":"https:\/\/vcycletech.com\/product\/phosphino-carboxylic-acid-copolymer-wt-400\/","name":"Copol\u00edmero de \u00e1cido fosfinocarbox\u00edlico WT-400 - vcycletech","isPartOf":{"@id":"https:\/\/vcycletech.com\/#website"},"primaryImageOfPage":{"@id":"https:\/\/vcycletech.com\/product\/phosphino-carboxylic-acid-copolymer-wt-400\/#primaryimage"},"image":{"@id":"https:\/\/vcycletech.com\/product\/phosphino-carboxylic-acid-copolymer-wt-400\/#primaryimage"},"thumbnailUrl":"https:\/\/vcycletech.com\/wp-content\/uploads\/2023\/03\/\u672a\u547d\u540d\u7684\u8bbe\u8ba1-20.png","datePublished":"2023-03-21T09:36:38+00:00","dateModified":"2023-03-27T05:35:08+00:00","description":"Mantenga el agua limpia y segura con nuestro nuevo copol\u00edmero de \u00e1cido fosfinocarbox\u00edlico WT-400: \u00a1los productos qu\u00edmicos perfectos para el tratamiento del agua!","breadcrumb":{"@id":"https:\/\/vcycletech.com\/product\/phosphino-carboxylic-acid-copolymer-wt-400\/#breadcrumb"},"inLanguage":"es","potentialAction":[{"@type":"ReadAction","target":["https:\/\/vcycletech.com\/product\/phosphino-carboxylic-acid-copolymer-wt-400\/"]}]},{"@type":"ImageObject","inLanguage":"es","@id":"https:\/\/vcycletech.com\/product\/phosphino-carboxylic-acid-copolymer-wt-400\/#primaryimage","url":"https:\/\/vcycletech.com\/wp-content\/uploads\/2023\/03\/\u672a\u547d\u540d\u7684\u8bbe\u8ba1-20.png","contentUrl":"https:\/\/vcycletech.com\/wp-content\/uploads\/2023\/03\/\u672a\u547d\u540d\u7684\u8bbe\u8ba1-20.png","width":600,"height":600,"caption":"Phosphino Carboxylic Acid Copolymer WT-400"},{"@type":"BreadcrumbList","@id":"https:\/\/vcycletech.com\/product\/phosphino-carboxylic-acid-copolymer-wt-400\/#breadcrumb","itemListElement":[{"@type":"ListItem","position":1,"name":"Home","item":"https:\/\/vcycletech.com\/"},{"@type":"ListItem","position":2,"name":"Water Treatment Chemicals Manufacturer","item":"https:\/\/vcycletech.com\/water-treatment-chemicals-manufacturer\/"},{"@type":"ListItem","position":3,"name":"Phosphino Carboxylic Acid Copolymer WT-400"}]},{"@type":"WebSite","@id":"https:\/\/vcycletech.com\/#website","url":"https:\/\/vcycletech.com\/","name":"vcycletech","description":"El principal proveedor de productos qu\u00edmicos para el tratamiento del agua de China y #039;","publisher":{"@id":"https:\/\/vcycletech.com\/#organization"},"potentialAction":[{"@type":"SearchAction","target":{"@type":"EntryPoint","urlTemplate":"https:\/\/vcycletech.com\/?s={search_term_string}"},"query-input":{"@type":"PropertyValueSpecification","valueRequired":true,"valueName":"search_term_string"}}],"inLanguage":"es"},{"@type":"Organization","@id":"https:\/\/vcycletech.com\/#organization","name":"vcycletech","url":"https:\/\/vcycletech.com\/","logo":{"@type":"ImageObject","inLanguage":"es","@id":"https:\/\/vcycletech.com\/#\/schema\/logo\/image\/","url":"https:\/\/vcycletech.com\/wp-content\/uploads\/2023\/03\/logo-vcycletech-1.png","contentUrl":"https:\/\/vcycletech.com\/wp-content\/uploads\/2023\/03\/logo-vcycletech-1.png","width":600,"height":400,"caption":"vcycletech"},"image":{"@id":"https:\/\/vcycletech.com\/#\/schema\/logo\/image\/"}}]}},"_links":{"self":[{"href":"https:\/\/vcycletech.com\/es\/wp-json\/wp\/v2\/product\/1198","targetHints":{"allow":["GET"]}}],"collection":[{"href":"https:\/\/vcycletech.com\/es\/wp-json\/wp\/v2\/product"}],"about":[{"href":"https:\/\/vcycletech.com\/es\/wp-json\/wp\/v2\/types\/product"}],"wp:featuredmedia":[{"embeddable":true,"href":"https:\/\/vcycletech.com\/es\/wp-json\/wp\/v2\/media\/2837"}],"wp:attachment":[{"href":"https:\/\/vcycletech.com\/es\/wp-json\/wp\/v2\/media?parent=1198"}],"wp:term":[{"taxonomy":"product_brand","embeddable":true,"href":"https:\/\/vcycletech.com\/es\/wp-json\/wp\/v2\/product_brand?post=1198"},{"taxonomy":"product_cat","embeddable":true,"href":"https:\/\/vcycletech.com\/es\/wp-json\/wp\/v2\/product_cat?post=1198"},{"taxonomy":"product_tag","embeddable":true,"href":"https:\/\/vcycletech.com\/es\/wp-json\/wp\/v2\/product_tag?post=1198"}],"curies":[{"name":"wp","href":"https:\/\/api.w.org\/{rel}","templated":true}]}}