{"id":1184,"date":"2023-03-21T09:11:06","date_gmt":"2023-03-21T09:11:06","guid":{"rendered":"https:\/\/vcycletech.com\/?post_type=product&#038;p=1184"},"modified":"2023-03-27T05:49:27","modified_gmt":"2023-03-27T05:49:27","slug":"terpolimero-acrilico-sulfonicokr-499","status":"publish","type":"product","link":"https:\/\/vcycletech.com\/es\/producto\/terpolimero-acrilico-sulfonicokr-499\/","title":{"rendered":"Terpol\u00edmero acr\u00edlico\/sulf\u00f3nico (WT-499)"},"content":{"rendered":"<h3>Propiedades :<\/h3>\n<p><strong>WT-499<\/strong> es un pol\u00edmero org\u00e1nico avanzado y rentable para el control de dep\u00f3sitos en el tratamiento de aguas industriales. Es una combinaci\u00f3n \u00fanica de pol\u00edmero y fosfonato, que permite a los especialistas en formulaci\u00f3n aprovechar al m\u00e1ximo sus capacidades multifuncionales. Esta qu\u00edmica POCA ofrece una mejor rentabilidad, lo que permite procesos de tratamiento m\u00e1s eficientes y efectivos.<\/p>\n<h3>Especificaci\u00f3n de terpol\u00edmero acr\u00edlico:<\/h3>\n<div id=\"footable_parent_1186\"\n         class=\"footable_parent ninja_table_wrapper loading_ninja_table wp_table_data_press_parent semantic_ui\">\n                <table data-ninja_table_instance=\"ninja_table_instance_0\" data-footable_id=\"1186\" data-filter-delay=\"1000\" aria-label=\"KR-499 Terpol\u00edmero Acrilico-Sulf\u00f3nico.csv\"            id=\"footable_1186\"\n           data-unique_identifier=\"ninja_table_unique_id_3433329092_1186\"\n           class=\"foo-table ninja_footable foo_table_1186 ninja_table_unique_id_3433329092_1186 ui table  nt_type_legacy_table selectable striped vertical_centered  footable-paging-right ninja_table_pro\">\n                <colgroup>\n                            <col class=\"ninja_column_0\">\n                            <col class=\"ninja_column_1\">\n                    <\/colgroup>\n        <thead>\n<tr class=\"footable-header\">\n                                        <th scope=\"col\"  class=\"ninja_column_0 ninja_clmn_nm_items\">Art\u00edculos<\/th><th scope=\"col\"  class=\"ninja_column_1 ninja_clmn_nm_index\">\u00cdndice<\/th><\/tr>\n<\/thead>\n<tbody>\n\n        <tr data-row_id=\"262\" class=\"ninja_table_row_0 nt_row_id_262\">\n            <td>Apariencia<\/td><td>L\u00edquido claro, amarillo p\u00e1lido<\/td>        <\/tr>\n            <tr data-row_id=\"263\" class=\"ninja_table_row_1 nt_row_id_263\">\n            <td>Contenido s\u00f3lido, %<\/td><td>48,0 minutos<\/td>        <\/tr>\n            <tr data-row_id=\"264\" class=\"ninja_table_row_2 nt_row_id_264\">\n            <td>F\u00f3sforo total (como PO43-), %<\/td><td>1,0 minutos<\/td>        <\/tr>\n            <tr data-row_id=\"265\" class=\"ninja_table_row_3 nt_row_id_265\">\n            <td>Densidad (20 \u2103), g\/cm3<\/td><td>1,15 minutos<\/td>        <\/tr>\n            <tr data-row_id=\"266\" class=\"ninja_table_row_4 nt_row_id_266\">\n            <td>pH (soluci\u00f3n de agua 1%)<\/td><td>1.5-3.5<\/td>        <\/tr>\n    <\/tbody><!--ninja_tobody_rendering_done-->\n    <\/table>\n    \n    \n    \n<\/div>\n\n<h3>Uso:<\/h3>\n<p><strong>WT-499<\/strong> es un producto especializado que ha sido dise\u00f1ado espec\u00edficamente para su uso en sistemas de enfriamiento por evaporaci\u00f3n. Sus propiedades de pol\u00edmeros y fosfonatos y su estabilidad frente a los hal\u00f3genos lo convierten en una soluci\u00f3n ideal para la formulaci\u00f3n de tratamientos de agua.<\/p>\n<h3>Embalaje y almacenamiento:<\/h3>\n<p><strong>WT-499<\/strong> es f\u00e1cil y eficiente; viene en bidones de pl\u00e1stico de 200 l, IBC de 1000 l o cualquier requisito personalizado. Para una calidad \u00f3ptima, el producto debe almacenarse en un lugar sombreado y mantenerse seco, con una vida \u00fatil de hasta 10 meses.<\/p>\n<h3>Preguntas frecuentes:<\/h3>\n<p><img fetchpriority=\"high\" decoding=\"async\" class=\"alignnone size-full wp-image-1196\" src=\"https:\/\/vcycletech.com\/wp-content\/uploads\/2023\/03\/1-40.png\" alt=\"Terpol\u00edmero acr\u00edlico\/sulf\u00f3nico (KR-499)\" width=\"600\" height=\"400\" srcset=\"https:\/\/vcycletech.com\/wp-content\/uploads\/2023\/03\/1-40.png 600w, https:\/\/vcycletech.com\/wp-content\/uploads\/2023\/03\/1-40-300x200.png 300w\" sizes=\"(max-width: 600px) 100vw, 600px\" \/><\/p>\n<p><strong>P1: \u00bfQu\u00e9 es un terpol\u00edmero acr\u00edlico?<\/strong><\/p>\n<p>Un terpol\u00edmero acr\u00edlico es un tipo de pol\u00edmero que se compone de tres mon\u00f3meros diferentes: \u00e1cido acr\u00edlico, acrilamida y acetato de vinilo. Este tipo de pol\u00edmero se usa com\u00fanmente en productos qu\u00edmicos para el tratamiento del agua, ya que tiene una alta afinidad por el agua y es resistente a la degradaci\u00f3n.<\/p>\n<p><strong>P2:\u00bfC\u00f3mo funciona un terpol\u00edmero acr\u00edlico?<\/strong><\/p>\n<p>Un terpol\u00edmero acr\u00edlico funciona uni\u00e9ndose a part\u00edculas en el agua, como suciedad, bacterias y virus. Este proceso de uni\u00f3n elimina de manera efectiva estos contaminantes del agua, haci\u00e9ndola segura para beber.<\/p>\n<p><strong>P3:\u00bfCu\u00e1les son los beneficios de usar un terpol\u00edmero acr\u00edlico para el tratamiento del agua?<\/strong><\/p>\n<p>El uso de un terpol\u00edmero acr\u00edlico para el tratamiento del agua tiene muchos beneficios, incluida su alta eficiencia, bajo costo y seguridad. Los terpol\u00edmeros acr\u00edlicos son muy efectivos para eliminar una amplia gama de contaminantes del agua, incluidas bacterias, virus, suciedad y otras part\u00edculas. Adem\u00e1s, son muy asequibles y seguros de usar.<\/p>\n<p><strong>P4:\u00bfHay alg\u00fan inconveniente en el uso de un terpol\u00edmero acr\u00edlico para el tratamiento del agua?<\/strong><\/p>\n<p>Una desventaja potencial de usar un terpol\u00edmero acr\u00edlico para el tratamiento del agua es que puede unirse a algunos minerales deseables en el agua, como el calcio y el magnesio. Sin embargo, esto se puede minimizar usando una concentraci\u00f3n m\u00e1s baja del pol\u00edmero o agregando un agente quelante al agua. Adem\u00e1s, algunas investigaciones sugieren que la exposici\u00f3n prolongada a la acrilamida puede ser perjudicial para la salud humana; sin embargo, esto no se ha probado de manera concluyente y se necesita m\u00e1s investigaci\u00f3n.<\/p>\n<p><strong>P5:\u00bfC\u00f3mo uso un terpol\u00edmero acr\u00edlico para el tratamiento del agua?<\/strong><\/p>\n<p>Los terpol\u00edmeros acr\u00edlicos se pueden agregar al agua de varias maneras, seg\u00fan la aplicaci\u00f3n. Por ejemplo, pueden agregarse directamente al agua potable o usarse junto con otros m\u00e9todos de tratamiento de agua, como la \u00f3smosis inversa o la desinfecci\u00f3n ultravioleta. Adem\u00e1s, se pueden utilizar en aplicaciones industriales como torres de refrigeraci\u00f3n o calderas.<\/p>\n<p><strong>P6:\u00bfCu\u00e1les son los efectos secundarios del uso de un terpol\u00edmero acr\u00edlico para el tratamiento del agua?<\/strong><\/p>\n<p>No se conocen efectos secundarios asociados con el uso de un terpol\u00edmero acr\u00edlico para el tratamiento del agua. Sin embargo, como con cualquier aditivo qu\u00edmico, siempre es mejor pecar de precavido y consultar con un profesional calificado antes de agregarlo a su suministro de agua.<\/p>\n<p><strong>P7:\u00bfCu\u00e1nto tiempo dura un terpol\u00edmero acr\u00edlico en agua?<\/strong><\/p>\n<p>Un terpol\u00edmero acr\u00edlico puede durar indefinidamente en agua si se almacena correctamente. Sin embargo, normalmente se recomienda que lo reemplace cada 6 meses para garantizar un rendimiento \u00f3ptimo.<\/p>\n<p><a href=\"https:\/\/vcycletech.com\/es\/categoria-de-producto\/policarboxilico-antiincrustante-y-dispersante\/\">Obtenga la soluci\u00f3n dispersante y antiincrustante policarbox\u00edlico completo.<\/a><\/p>","protected":false},"excerpt":{"rendered":"<p><strong>WT-499 Terpol\u00edmero acr\u00edlico\/sulf\u00f3nico<\/strong> es un qu\u00edmico de tratamiento de agua usado para tratar aguas residuales y otras fuentes de agua contaminada. Descompone la materia org\u00e1nica, como aceites y grasas, en part\u00edculas m\u00e1s peque\u00f1as que pueden eliminarse m\u00e1s f\u00e1cilmente del agua. Este proceso tambi\u00e9n ayuda a reducir la cantidad de fosfatos y otros contaminantes en el agua. <strong>WT-499 Terpol\u00edmero acr\u00edlico\/sulf\u00f3nico<\/strong> es altamente eficaz en la eliminaci\u00f3n de contaminantes de las fuentes de agua, por lo que es una opci\u00f3n ideal para el tratamiento de aguas residuales y otras aguas contaminadas. Adem\u00e1s, este qu\u00edmico es seguro para los sistemas de agua potable, lo que lo convierte en una excelente opci\u00f3n para aquellos que buscan mejorar la calidad del agua potable.<\/p>","protected":false},"featured_media":2839,"template":"","meta":{"site-sidebar-layout":"default","site-content-layout":"default","ast-site-content-layout":"default","site-content-style":"default","site-sidebar-style":"default","ast-global-header-display":"","ast-banner-title-visibility":"","ast-main-header-display":"","ast-hfb-above-header-display":"","ast-hfb-below-header-display":"","ast-hfb-mobile-header-display":"","site-post-title":"","ast-breadcrumbs-content":"","ast-featured-img":"","footer-sml-layout":"","ast-disable-related-posts":"","theme-transparent-header-meta":"default","adv-header-id-meta":"","stick-header-meta":"default","header-above-stick-meta":"","header-main-stick-meta":"","header-below-stick-meta":"","astra-migrate-meta-layouts":"default","ast-page-background-enabled":"default","ast-page-background-meta":{"desktop":{"background-color":"","background-image":"","background-repeat":"repeat","background-position":"center center","background-size":"auto","background-attachment":"scroll","background-type":"","background-media":"","overlay-type":"","overlay-color":"","overlay-opacity":"","overlay-gradient":""},"tablet":{"background-color":"","background-image":"","background-repeat":"repeat","background-position":"center center","background-size":"auto","background-attachment":"scroll","background-type":"","background-media":"","overlay-type":"","overlay-color":"","overlay-opacity":"","overlay-gradient":""},"mobile":{"background-color":"","background-image":"","background-repeat":"repeat","background-position":"center center","background-size":"auto","background-attachment":"scroll","background-type":"","background-media":"","overlay-type":"","overlay-color":"","overlay-opacity":"","overlay-gradient":""}},"ast-content-background-meta":{"desktop":{"background-color":"var(--ast-global-color-5)","background-image":"","background-repeat":"repeat","background-position":"center center","background-size":"auto","background-attachment":"scroll","background-type":"","background-media":"","overlay-type":"","overlay-color":"","overlay-opacity":"","overlay-gradient":""},"tablet":{"background-color":"var(--ast-global-color-5)","background-image":"","background-repeat":"repeat","background-position":"center center","background-size":"auto","background-attachment":"scroll","background-type":"","background-media":"","overlay-type":"","overlay-color":"","overlay-opacity":"","overlay-gradient":""},"mobile":{"background-color":"var(--ast-global-color-5)","background-image":"","background-repeat":"repeat","background-position":"center center","background-size":"auto","background-attachment":"scroll","background-type":"","background-media":"","overlay-type":"","overlay-color":"","overlay-opacity":"","overlay-gradient":""}}},"product_brand":[],"product_cat":[28],"product_tag":[],"class_list":{"0":"post-1184","1":"product","2":"type-product","3":"status-publish","4":"has-post-thumbnail","6":"product_cat-polycarboxylic-antiscalant-and-dispersant","7":"desktop-align-left","8":"tablet-align-left","9":"mobile-align-left","10":"ast-product-gallery-layout-horizontal-slider","11":"ast-product-gallery-with-no-image","12":"ast-product-tabs-layout-horizontal","14":"first","15":"instock","16":"shipping-taxable","17":"product-type-simple"},"yoast_head":"<!-- This site is optimized with the Yoast SEO Premium plugin v26.3 (Yoast SEO v27.3) - https:\/\/yoast.com\/product\/yoast-seo-premium-wordpress\/ -->\n<title>Acrylic\/Sulfonic Terpolymer(WT-499) - vcycletech<\/title>\n<meta name=\"description\" content=\"Take control of your water quality with our leading [acrylic terpolymer] Water Treatment Chemicals. Buy now and make the change!\" \/>\n<meta name=\"robots\" content=\"index, follow, max-snippet:-1, max-image-preview:large, max-video-preview:-1\" \/>\n<link rel=\"canonical\" href=\"https:\/\/vcycletech.com\/es\/producto\/terpolimero-acrilico-sulfonicokr-499\/\" \/>\n<meta property=\"og:locale\" content=\"es_MX\" \/>\n<meta property=\"og:type\" content=\"article\" \/>\n<meta property=\"og:title\" content=\"Acrylic\/Sulfonic Terpolymer(WT-499)\" \/>\n<meta property=\"og:description\" content=\"Take control of your water quality with our leading [acrylic terpolymer] Water Treatment Chemicals. Buy now and make the change!\" \/>\n<meta property=\"og:url\" content=\"https:\/\/vcycletech.com\/es\/producto\/terpolimero-acrilico-sulfonicokr-499\/\" \/>\n<meta property=\"og:site_name\" content=\"vcycletech\" \/>\n<meta property=\"article:modified_time\" content=\"2023-03-27T05:49:27+00:00\" \/>\n<meta property=\"og:image\" content=\"https:\/\/vcycletech.com\/wp-content\/uploads\/2023\/03\/11.png\" \/>\n\t<meta property=\"og:image:width\" content=\"600\" \/>\n\t<meta property=\"og:image:height\" content=\"600\" \/>\n\t<meta property=\"og:image:type\" content=\"image\/png\" \/>\n<meta name=\"twitter:card\" content=\"summary_large_image\" \/>\n<meta name=\"twitter:label1\" content=\"Tiempo de lectura\" \/>\n\t<meta name=\"twitter:data1\" content=\"3 minutos\" \/>\n<script type=\"application\/ld+json\" class=\"yoast-schema-graph\">{\"@context\":\"https:\\\/\\\/schema.org\",\"@graph\":[{\"@type\":\"WebPage\",\"@id\":\"https:\\\/\\\/vcycletech.com\\\/product\\\/acrylic-sulfonic-terpolymerwt-499\\\/\",\"url\":\"https:\\\/\\\/vcycletech.com\\\/product\\\/acrylic-sulfonic-terpolymerwt-499\\\/\",\"name\":\"Acrylic\\\/Sulfonic Terpolymer(WT-499) - vcycletech\",\"isPartOf\":{\"@id\":\"https:\\\/\\\/vcycletech.com\\\/#website\"},\"primaryImageOfPage\":{\"@id\":\"https:\\\/\\\/vcycletech.com\\\/product\\\/acrylic-sulfonic-terpolymerwt-499\\\/#primaryimage\"},\"image\":{\"@id\":\"https:\\\/\\\/vcycletech.com\\\/product\\\/acrylic-sulfonic-terpolymerwt-499\\\/#primaryimage\"},\"thumbnailUrl\":\"https:\\\/\\\/vcycletech.com\\\/wp-content\\\/uploads\\\/2023\\\/03\\\/11.png\",\"datePublished\":\"2023-03-21T09:11:06+00:00\",\"dateModified\":\"2023-03-27T05:49:27+00:00\",\"description\":\"Take control of your water quality with our leading [acrylic terpolymer] Water Treatment Chemicals. Buy now and make the change!\",\"breadcrumb\":{\"@id\":\"https:\\\/\\\/vcycletech.com\\\/product\\\/acrylic-sulfonic-terpolymerwt-499\\\/#breadcrumb\"},\"inLanguage\":\"es\",\"potentialAction\":[{\"@type\":\"ReadAction\",\"target\":[\"https:\\\/\\\/vcycletech.com\\\/product\\\/acrylic-sulfonic-terpolymerwt-499\\\/\"]}]},{\"@type\":\"ImageObject\",\"inLanguage\":\"es\",\"@id\":\"https:\\\/\\\/vcycletech.com\\\/product\\\/acrylic-sulfonic-terpolymerwt-499\\\/#primaryimage\",\"url\":\"https:\\\/\\\/vcycletech.com\\\/wp-content\\\/uploads\\\/2023\\\/03\\\/11.png\",\"contentUrl\":\"https:\\\/\\\/vcycletech.com\\\/wp-content\\\/uploads\\\/2023\\\/03\\\/11.png\",\"width\":600,\"height\":600,\"caption\":\"Acrylic\\\/Sulfonic Terpolymer\"},{\"@type\":\"BreadcrumbList\",\"@id\":\"https:\\\/\\\/vcycletech.com\\\/product\\\/acrylic-sulfonic-terpolymerwt-499\\\/#breadcrumb\",\"itemListElement\":[{\"@type\":\"ListItem\",\"position\":1,\"name\":\"Home\",\"item\":\"https:\\\/\\\/vcycletech.com\\\/\"},{\"@type\":\"ListItem\",\"position\":2,\"name\":\"Water Treatment Chemicals Manufacturer\",\"item\":\"https:\\\/\\\/vcycletech.com\\\/water-treatment-chemicals-manufacturer\\\/\"},{\"@type\":\"ListItem\",\"position\":3,\"name\":\"Acrylic\\\/Sulfonic Terpolymer(WT-499)\"}]},{\"@type\":\"WebSite\",\"@id\":\"https:\\\/\\\/vcycletech.com\\\/#website\",\"url\":\"https:\\\/\\\/vcycletech.com\\\/\",\"name\":\"vcycletech\",\"description\":\"China&#039;s top water treatment chemicals supplier\",\"publisher\":{\"@id\":\"https:\\\/\\\/vcycletech.com\\\/#organization\"},\"potentialAction\":[{\"@type\":\"SearchAction\",\"target\":{\"@type\":\"EntryPoint\",\"urlTemplate\":\"https:\\\/\\\/vcycletech.com\\\/?s={search_term_string}\"},\"query-input\":{\"@type\":\"PropertyValueSpecification\",\"valueRequired\":true,\"valueName\":\"search_term_string\"}}],\"inLanguage\":\"es\"},{\"@type\":\"Organization\",\"@id\":\"https:\\\/\\\/vcycletech.com\\\/#organization\",\"name\":\"vcycletech\",\"url\":\"https:\\\/\\\/vcycletech.com\\\/\",\"logo\":{\"@type\":\"ImageObject\",\"inLanguage\":\"es\",\"@id\":\"https:\\\/\\\/vcycletech.com\\\/#\\\/schema\\\/logo\\\/image\\\/\",\"url\":\"https:\\\/\\\/vcycletech.com\\\/wp-content\\\/uploads\\\/2023\\\/03\\\/logo-vcycletech-1.png\",\"contentUrl\":\"https:\\\/\\\/vcycletech.com\\\/wp-content\\\/uploads\\\/2023\\\/03\\\/logo-vcycletech-1.png\",\"width\":600,\"height\":400,\"caption\":\"vcycletech\"},\"image\":{\"@id\":\"https:\\\/\\\/vcycletech.com\\\/#\\\/schema\\\/logo\\\/image\\\/\"}}]}<\/script>\n<!-- \/ Yoast SEO Premium plugin. -->","yoast_head_json":{"title":"Terpol\u00edmero acr\u00edlico\/sulf\u00f3nico (WT-499) - vcycletech","description":"Take control of your water quality with our leading [acrylic terpolymer] Water Treatment Chemicals. Buy now and make the change!","robots":{"index":"index","follow":"follow","max-snippet":"max-snippet:-1","max-image-preview":"max-image-preview:large","max-video-preview":"max-video-preview:-1"},"canonical":"https:\/\/vcycletech.com\/es\/producto\/terpolimero-acrilico-sulfonicokr-499\/","og_locale":"es_MX","og_type":"article","og_title":"Acrylic\/Sulfonic Terpolymer(WT-499)","og_description":"Take control of your water quality with our leading [acrylic terpolymer] Water Treatment Chemicals. Buy now and make the change!","og_url":"https:\/\/vcycletech.com\/es\/producto\/terpolimero-acrilico-sulfonicokr-499\/","og_site_name":"vcycletech","article_modified_time":"2023-03-27T05:49:27+00:00","og_image":[{"width":600,"height":600,"url":"https:\/\/vcycletech.com\/wp-content\/uploads\/2023\/03\/11.png","type":"image\/png"}],"twitter_card":"summary_large_image","twitter_misc":{"Tiempo de lectura":"3 minutos"},"schema":{"@context":"https:\/\/schema.org","@graph":[{"@type":"WebPage","@id":"https:\/\/vcycletech.com\/product\/acrylic-sulfonic-terpolymerwt-499\/","url":"https:\/\/vcycletech.com\/product\/acrylic-sulfonic-terpolymerwt-499\/","name":"Terpol\u00edmero acr\u00edlico\/sulf\u00f3nico (WT-499) - vcycletech","isPartOf":{"@id":"https:\/\/vcycletech.com\/#website"},"primaryImageOfPage":{"@id":"https:\/\/vcycletech.com\/product\/acrylic-sulfonic-terpolymerwt-499\/#primaryimage"},"image":{"@id":"https:\/\/vcycletech.com\/product\/acrylic-sulfonic-terpolymerwt-499\/#primaryimage"},"thumbnailUrl":"https:\/\/vcycletech.com\/wp-content\/uploads\/2023\/03\/11.png","datePublished":"2023-03-21T09:11:06+00:00","dateModified":"2023-03-27T05:49:27+00:00","description":"Take control of your water quality with our leading [acrylic terpolymer] Water Treatment Chemicals. Buy now and make the change!","breadcrumb":{"@id":"https:\/\/vcycletech.com\/product\/acrylic-sulfonic-terpolymerwt-499\/#breadcrumb"},"inLanguage":"es","potentialAction":[{"@type":"ReadAction","target":["https:\/\/vcycletech.com\/product\/acrylic-sulfonic-terpolymerwt-499\/"]}]},{"@type":"ImageObject","inLanguage":"es","@id":"https:\/\/vcycletech.com\/product\/acrylic-sulfonic-terpolymerwt-499\/#primaryimage","url":"https:\/\/vcycletech.com\/wp-content\/uploads\/2023\/03\/11.png","contentUrl":"https:\/\/vcycletech.com\/wp-content\/uploads\/2023\/03\/11.png","width":600,"height":600,"caption":"Acrylic\/Sulfonic Terpolymer"},{"@type":"BreadcrumbList","@id":"https:\/\/vcycletech.com\/product\/acrylic-sulfonic-terpolymerwt-499\/#breadcrumb","itemListElement":[{"@type":"ListItem","position":1,"name":"Home","item":"https:\/\/vcycletech.com\/"},{"@type":"ListItem","position":2,"name":"Water Treatment Chemicals Manufacturer","item":"https:\/\/vcycletech.com\/water-treatment-chemicals-manufacturer\/"},{"@type":"ListItem","position":3,"name":"Acrylic\/Sulfonic Terpolymer(WT-499)"}]},{"@type":"WebSite","@id":"https:\/\/vcycletech.com\/#website","url":"https:\/\/vcycletech.com\/","name":"vcycletech","description":"El principal proveedor de productos qu\u00edmicos para el tratamiento del agua de China y #039;","publisher":{"@id":"https:\/\/vcycletech.com\/#organization"},"potentialAction":[{"@type":"SearchAction","target":{"@type":"EntryPoint","urlTemplate":"https:\/\/vcycletech.com\/?s={search_term_string}"},"query-input":{"@type":"PropertyValueSpecification","valueRequired":true,"valueName":"search_term_string"}}],"inLanguage":"es"},{"@type":"Organization","@id":"https:\/\/vcycletech.com\/#organization","name":"vcycletech","url":"https:\/\/vcycletech.com\/","logo":{"@type":"ImageObject","inLanguage":"es","@id":"https:\/\/vcycletech.com\/#\/schema\/logo\/image\/","url":"https:\/\/vcycletech.com\/wp-content\/uploads\/2023\/03\/logo-vcycletech-1.png","contentUrl":"https:\/\/vcycletech.com\/wp-content\/uploads\/2023\/03\/logo-vcycletech-1.png","width":600,"height":400,"caption":"vcycletech"},"image":{"@id":"https:\/\/vcycletech.com\/#\/schema\/logo\/image\/"}}]}},"_links":{"self":[{"href":"https:\/\/vcycletech.com\/es\/wp-json\/wp\/v2\/product\/1184","targetHints":{"allow":["GET"]}}],"collection":[{"href":"https:\/\/vcycletech.com\/es\/wp-json\/wp\/v2\/product"}],"about":[{"href":"https:\/\/vcycletech.com\/es\/wp-json\/wp\/v2\/types\/product"}],"wp:featuredmedia":[{"embeddable":true,"href":"https:\/\/vcycletech.com\/es\/wp-json\/wp\/v2\/media\/2839"}],"wp:attachment":[{"href":"https:\/\/vcycletech.com\/es\/wp-json\/wp\/v2\/media?parent=1184"}],"wp:term":[{"taxonomy":"product_brand","embeddable":true,"href":"https:\/\/vcycletech.com\/es\/wp-json\/wp\/v2\/product_brand?post=1184"},{"taxonomy":"product_cat","embeddable":true,"href":"https:\/\/vcycletech.com\/es\/wp-json\/wp\/v2\/product_cat?post=1184"},{"taxonomy":"product_tag","embeddable":true,"href":"https:\/\/vcycletech.com\/es\/wp-json\/wp\/v2\/product_tag?post=1184"}],"curies":[{"name":"wp","href":"https:\/\/api.w.org\/{rel}","templated":true}]}}