{"id":1182,"date":"2023-03-21T09:35:42","date_gmt":"2023-03-21T09:35:42","guid":{"rendered":"https:\/\/vcycletech.com\/?post_type=product&#038;p=1182"},"modified":"2023-03-27T05:40:07","modified_gmt":"2023-03-27T05:40:07","slug":"wt-0100-antiincrustante-y-dispersante","status":"publish","type":"product","link":"https:\/\/vcycletech.com\/es\/producto\/wt-0100-antiincrustante-y-dispersante\/","title":{"rendered":"WT-0100 Antiincrustante y Dispersante para Membrana RO"},"content":{"rendered":"<h3 id=\"introduction_2\" class=\"xsj_heading_hash xsj_heading xsj_heading_h2\" data-source-line=\"6\" data-source-line-display=\"true\"><span class=\"xsj_heading_content\">Introducci\u00f3n:<\/span><\/h3>\n<p class=\"xsj_paragraph xsj_paragraph_level_0\" data-source-line=\"8\" data-source-line-display=\"true\"><strong>WT-0100 Antiincrustante y Dispersante<\/strong> es la soluci\u00f3n perfecta para proteger los sistemas de \u00f3smosis inversa, nanofiltraci\u00f3n y ultrafiltraci\u00f3n de la acumulaci\u00f3n de incrustaciones minerales. Este producto proporciona una protecci\u00f3n superior para las membranas de \u00f3smosis inversa y ayuda a reducir los costos operativos a largo plazo. Con<strong> WT-0100 Antiincrustante y Dispersante<\/strong>, los usuarios pueden disfrutar de una excelente calidad del agua durante un per\u00edodo prolongado.<\/p>\n<div class=\"xiaoshujiang_element xsj_anchor\"><a class=\"blank_anchor_name\" name=\"features_3\"><\/a><a id=\"features_3\" class=\"blank_anchor_id\"><\/a><a class=\"blank_anchor_name\" name=\"features\"><\/a><a id=\"features\" class=\"blank_anchor_id\"><\/a><\/div>\n<h3 id=\"features_3\" class=\"xsj_heading_hash xsj_heading xsj_heading_h2\" data-source-line=\"10\" data-source-line-display=\"true\"><span class=\"xsj_heading_content\">Caracter\u00edsticas:<\/span><\/h3>\n<p class=\"xsj_paragraph xsj_paragraph_level_0\" data-source-line=\"12\" data-source-line-display=\"true\"><strong>WT-0100 Antiincrustante y Dispersante<\/strong> est\u00e1n especialmente formulados para proteger contra la acumulaci\u00f3n de incrustaciones minerales en las superficies de las membranas. Tambi\u00e9n es muy eficaz para prevenir la sedimentaci\u00f3n en las superficies de las membranas, lo que puede provocar una mala calidad del agua. Este producto tiene muchas aplicaciones y se puede utilizar en varios sistemas, incluidos los sistemas de \u00f3smosis inversa, nanofiltraci\u00f3n y ultrafiltraci\u00f3n. Es adecuado para aplicaciones de agua de alimentaci\u00f3n fr\u00eda y caliente y tiene una amplia gama de niveles de pH.<\/p>\n<div class=\"xiaoshujiang_element xsj_anchor\"><a class=\"blank_anchor_name\" name=\"applications_4\"><\/a><a id=\"applications_4\" class=\"blank_anchor_id\"><\/a><a class=\"blank_anchor_name\" name=\"applications\"><\/a><a id=\"applications\" class=\"blank_anchor_id\"><\/a><\/div>\n<h3 id=\"applications_4\" class=\"xsj_heading_hash xsj_heading xsj_heading_h2\" data-source-line=\"14\" data-source-line-display=\"true\"><span class=\"xsj_heading_content\">Aplicaciones:<\/span><\/h3>\n<p class=\"xsj_paragraph xsj_paragraph_level_0\" data-source-line=\"16\" data-source-line-display=\"true\"><strong>WT-0100 Antiincrustante y Dispersante<\/strong> se puede usar en varias aplicaciones industriales, incluido el procesamiento de alimentos y bebidas, el tratamiento de agua de alimentaci\u00f3n de calderas, el mantenimiento de torres de enfriamiento, el tratamiento de aguas residuales, las corrientes de procesos qu\u00edmicos, los sistemas de riego agr\u00edcola, los sistemas de saneamiento, etc. Tambi\u00e9n es adecuado para aplicaciones residenciales como el ablandamiento de agua. unidades. Este producto puede ayudar a reducir los costos operativos al reducir o eliminar la necesidad de desincrustar o reemplazar peri\u00f3dicamente las membranas de OI debido a la acumulaci\u00f3n de minerales.<\/p>\n<h3>Especificaci\u00f3n:<\/h3>\n<div>\n<table>\n<tbody>\n<tr>\n<td width=\"204\">Elementos<\/td>\n<td width=\"315\">\u00cdndice<\/td>\n<\/tr>\n<tr>\n<td width=\"204\">Apariencia<\/td>\n<td width=\"315\">L\u00edquido claro<\/td>\n<\/tr>\n<tr>\n<td width=\"204\">Valor de pH, (soluci\u00f3n de agua 1%)<\/td>\n<td width=\"315\">2,0\u00b10,5<\/td>\n<\/tr>\n<tr>\n<td width=\"204\">Densidad (20\u2103)g\/cm3<\/td>\n<td width=\"315\">1.03-1.06<\/td>\n<\/tr>\n<tr>\n<td width=\"204\">Contenido principal<\/td>\n<td width=\"315\">P que contiene macromolecular<\/td>\n<\/tr>\n<tr>\n<td width=\"204\">Descomposici\u00f3n de un producto a alta temperatura.<\/td>\n<td width=\"315\">ortofosfato<\/td>\n<\/tr>\n<\/tbody>\n<\/table>\n<\/div>\n<div class=\"xiaoshujiang_element xsj_anchor\"><a class=\"blank_anchor_name\" name=\"faqs_5\"><\/a><a id=\"faqs_5\" class=\"blank_anchor_id\"><\/a><a class=\"blank_anchor_name\" name=\"faqs\"><\/a><a id=\"faqs\" class=\"blank_anchor_id\"><\/a><\/div>\n<h3 id=\"faqs_5\" class=\"xsj_heading_hash xsj_heading xsj_heading_h2\" data-source-line=\"18\" data-source-line-display=\"true\"><span class=\"xsj_heading_content\">Preguntas frecuentes:<\/span><\/h3>\n<p class=\"xiaoshujiang_element xsj_anchor\"><a class=\"blank_anchor_name\" name=\"120what20are20the20benefits20of20using20wt-0100_6\"><\/a><a id=\"120what20are20the20benefits20of20using20wt-0100_6\" class=\"blank_anchor_id\"><\/a><a class=\"blank_anchor_name\" name=\"1-what-are-the-benefits-of-using-wt-0100\"><\/a><a id=\"1-what-are-the-benefits-of-using-wt-0100\" class=\"blank_anchor_id\"><\/a><\/p>\n<p id=\"120what20are20the20benefits20of20using20wt-0100_6\" class=\"xsj_heading_hash xsj_heading xsj_heading_h3\" data-source-line=\"20\" data-source-line-display=\"true\"><strong><span class=\"xsj_heading_content\">P1: \u00bfCu\u00e1les son los beneficios de usar WT-0100?<\/span><\/strong><\/p>\n<p class=\"xsj_paragraph xsj_paragraph_level_0\" data-source-line=\"22\" data-source-line-display=\"true\">El antiincrustante y el dispersante WT-0100 brindan una protecci\u00f3n superior contra la acumulaci\u00f3n de incrustaciones minerales en las superficies de las membranas, lo que ayuda a mantener una calidad \u00f3ptima del agua durante un per\u00edodo prolongado. Tambi\u00e9n es muy eficaz para prevenir la sedimentaci\u00f3n, lo que puede reducir los costos operativos a largo plazo.<\/p>\n<div class=\"xiaoshujiang_element xsj_anchor\"><a class=\"blank_anchor_name\" name=\"220is20this20product20suitable20for20hot20or20cold20feed20water20applications_7\"><\/a><a id=\"220is20this20product20suitable20for20hot20or20cold20feed20water20applications_7\" class=\"blank_anchor_id\"><\/a><a class=\"blank_anchor_name\" name=\"2-is-this-product-suitable-for-hot-or-cold-feed-water-applications\"><\/a><a id=\"2-is-this-product-suitable-for-hot-or-cold-feed-water-applications\" class=\"blank_anchor_id\"><\/a><\/div>\n<p id=\"220is20this20product20suitable20for20hot20or20cold20feed20water20applications_7\" class=\"xsj_heading_hash xsj_heading xsj_heading_h3\" data-source-line=\"24\" data-source-line-display=\"true\"><strong><span class=\"xsj_heading_content\">P2: \u00bfEste producto es adecuado para aplicaciones de agua de alimentaci\u00f3n fr\u00eda o caliente?<\/span><\/strong><\/p>\n<p class=\"xsj_paragraph xsj_paragraph_level_0\" data-source-line=\"26\" data-source-line-display=\"true\">\u00a1S\u00ed! El antiincrustante y el dispersante WT-0100 son adecuados para aplicaciones de agua de alimentaci\u00f3n fr\u00eda y caliente y con una amplia gama de niveles de pH.<\/p>\n<div class=\"xiaoshujiang_element xsj_anchor\"><a class=\"blank_anchor_name\" name=\"320what20types20of20systems20can20it20be20used20in_8\"><\/a><a id=\"320what20types20of20systems20can20it20be20used20in_8\" class=\"blank_anchor_id\"><\/a><a class=\"blank_anchor_name\" name=\"3-what-types-of-systems-can-it-be-used-in\"><\/a><a id=\"3-what-types-of-systems-can-it-be-used-in\" class=\"blank_anchor_id\"><\/a><\/div>\n<p id=\"320what20types20of20systems20can20it20be20used20in_8\" class=\"xsj_heading_hash xsj_heading xsj_heading_h3\" data-source-line=\"28\" data-source-line-display=\"true\"><strong><span class=\"xsj_heading_content\">P3: \u00bfEn qu\u00e9 tipos de sistemas se puede utilizar?<\/span><\/strong><\/p>\n<p class=\"xsj_paragraph xsj_paragraph_level_0\" data-source-line=\"30\" data-source-line-display=\"true\">Este producto se puede utilizar en sistemas de \u00f3smosis inversa, nanofiltraci\u00f3n, ultrafiltraci\u00f3n y otras aplicaciones industriales, como procesamiento de alimentos y bebidas y tratamiento de aguas residuales, entre otras.<\/p>\n<div class=\"xiaoshujiang_element xsj_anchor\"><a class=\"blank_anchor_name\" name=\"420is20this20product20safe_9\"><\/a><a id=\"420is20this20product20safe_9\" class=\"blank_anchor_id\"><\/a><a class=\"blank_anchor_name\" name=\"4-is-this-product-safe\"><\/a><a id=\"4-is-this-product-safe\" class=\"blank_anchor_id\"><\/a><\/div>\n<p id=\"420is20this20product20safe_9\" class=\"xsj_heading_hash xsj_heading xsj_heading_h3\" data-source-line=\"32\" data-source-line-display=\"true\"><strong><span class=\"xsj_heading_content\">P4: \u00bfEste producto es seguro?<\/span><\/strong><\/p>\n<p class=\"xsj_paragraph xsj_paragraph_level_0\" data-source-line=\"34\" data-source-line-display=\"true\">\u00a1S\u00ed! El antiincrustante y el dispersante WT-0100 se han probado cuidadosamente para garantizar su seguridad cuando se usan de acuerdo con las instrucciones proporcionadas por su fabricante. No tiene que preocuparse por los posibles riesgos para la salud asociados con el uso de este producto.<\/p>\n<div class=\"xiaoshujiang_element xsj_anchor\"><a class=\"blank_anchor_name\" name=\"520how20often20should20i20use20this20antiscalentdispersent_10\"><\/a><a id=\"520how20often20should20i20use20this20antiscalentdispersent_10\" class=\"blank_anchor_id\"><\/a><a class=\"blank_anchor_name\" name=\"5-how-often-should-i-use-this-antiscalentdispersent\"><\/a><a id=\"5-how-often-should-i-use-this-antiscalentdispersent\" class=\"blank_anchor_id\"><\/a><\/div>\n<p id=\"520how20often20should20i20use20this20antiscalentdispersent_10\" class=\"xsj_heading_hash xsj_heading xsj_heading_h3\" data-source-line=\"36\" data-source-line-display=\"true\"><strong><span class=\"xsj_heading_content\">P5: \u00bfCon qu\u00e9 frecuencia debo usar este antiincrustante\/dispersante?<\/span><\/strong><\/p>\n<p class=\"xsj_paragraph xsj_paragraph_level_0\" data-source-line=\"38\" data-source-line-display=\"true\">Dependiendo de las condiciones de funcionamiento de su sistema, es posible que deba ajustar la frecuencia de aplicaci\u00f3n en consecuencia, pero en t\u00e9rminos generales, debe aplicarse al menos una vez cada seis meses o cuando haya indicios de que se pueden producir incrustaciones debido al aumento de los niveles de dureza en el suministro de agua de alimentaci\u00f3n.<\/p>\n<p class=\"xsj_paragraph xsj_paragraph_level_0\" data-source-line=\"41\" data-source-line-display=\"true\"><a class=\"xsj_link xsj_manu_link\" href=\"https:\/\/vcycletech.com\/es\/biocida-y-algicida\/\">Obtenga la soluci\u00f3n completa de productos qu\u00edmicos para \u00f3smosis inversa<\/a>.<\/p>","protected":false},"excerpt":{"rendered":"<p>Si est\u00e1 buscando un antiincrustante y dispersante que pueda ayudar a mantener sus sistemas de \u00f3smosis inversa, nanofiltraci\u00f3n y ultrafiltraci\u00f3n funcionando sin problemas, no busque m\u00e1s. <strong>WT-0100<\/strong>Esta potente soluci\u00f3n ayuda a reducir la acumulaci\u00f3n de sarro mineral en las superficies de las membranas, manteniendo la calidad del agua en su mejor nivel y minimizando el costoso tiempo de inactividad por mantenimiento. Por lo tanto, si est\u00e1 buscando una forma asequible de proteger su valioso equipo de tratamiento de agua, <strong>WT-0100<\/strong> \u00a1es la respuesta!<\/p>","protected":false},"featured_media":1206,"template":"","meta":{"site-sidebar-layout":"default","site-content-layout":"default","ast-site-content-layout":"default","site-content-style":"default","site-sidebar-style":"default","ast-global-header-display":"","ast-banner-title-visibility":"","ast-main-header-display":"","ast-hfb-above-header-display":"","ast-hfb-below-header-display":"","ast-hfb-mobile-header-display":"","site-post-title":"","ast-breadcrumbs-content":"","ast-featured-img":"","footer-sml-layout":"","ast-disable-related-posts":"","theme-transparent-header-meta":"default","adv-header-id-meta":"","stick-header-meta":"default","header-above-stick-meta":"","header-main-stick-meta":"","header-below-stick-meta":"","astra-migrate-meta-layouts":"default","ast-page-background-enabled":"default","ast-page-background-meta":{"desktop":{"background-color":"","background-image":"","background-repeat":"repeat","background-position":"center center","background-size":"auto","background-attachment":"scroll","background-type":"","background-media":"","overlay-type":"","overlay-color":"","overlay-opacity":"","overlay-gradient":""},"tablet":{"background-color":"","background-image":"","background-repeat":"repeat","background-position":"center center","background-size":"auto","background-attachment":"scroll","background-type":"","background-media":"","overlay-type":"","overlay-color":"","overlay-opacity":"","overlay-gradient":""},"mobile":{"background-color":"","background-image":"","background-repeat":"repeat","background-position":"center center","background-size":"auto","background-attachment":"scroll","background-type":"","background-media":"","overlay-type":"","overlay-color":"","overlay-opacity":"","overlay-gradient":""}},"ast-content-background-meta":{"desktop":{"background-color":"var(--ast-global-color-5)","background-image":"","background-repeat":"repeat","background-position":"center center","background-size":"auto","background-attachment":"scroll","background-type":"","background-media":"","overlay-type":"","overlay-color":"","overlay-opacity":"","overlay-gradient":""},"tablet":{"background-color":"var(--ast-global-color-5)","background-image":"","background-repeat":"repeat","background-position":"center center","background-size":"auto","background-attachment":"scroll","background-type":"","background-media":"","overlay-type":"","overlay-color":"","overlay-opacity":"","overlay-gradient":""},"mobile":{"background-color":"var(--ast-global-color-5)","background-image":"","background-repeat":"repeat","background-position":"center center","background-size":"auto","background-attachment":"scroll","background-type":"","background-media":"","overlay-type":"","overlay-color":"","overlay-opacity":"","overlay-gradient":""}}},"product_brand":[],"product_cat":[31],"product_tag":[],"class_list":{"0":"post-1182","1":"product","2":"type-product","3":"status-publish","4":"has-post-thumbnail","6":"product_cat-reverse-osmosis-chemicals","7":"desktop-align-left","8":"tablet-align-left","9":"mobile-align-left","10":"ast-product-gallery-layout-horizontal-slider","11":"ast-product-gallery-with-no-image","12":"ast-product-tabs-layout-horizontal","14":"first","15":"instock","16":"shipping-taxable","17":"product-type-simple"},"yoast_head":"<!-- This site is optimized with the Yoast SEO Premium plugin v26.3 (Yoast SEO v27.5) - https:\/\/yoast.com\/product\/yoast-seo-premium-wordpress\/ -->\n<title>WT-0100 Antiscalant and Dispersant for RO Membrane - vcycletech<\/title>\n<meta name=\"description\" content=\"Keep membrane surfaces clear and operational costs low with [WT-0100 Antiscalant and Dispersant], a powerful solution for preventing mineral scale build-up in reverse osmosis, nanofiltration, and ultrafiltration systems. Get the quality water you need!\" \/>\n<meta name=\"robots\" content=\"index, follow, max-snippet:-1, max-image-preview:large, max-video-preview:-1\" \/>\n<link rel=\"canonical\" href=\"https:\/\/vcycletech.com\/es\/producto\/wt-0100-antiincrustante-y-dispersante\/\" \/>\n<meta property=\"og:locale\" content=\"es_MX\" \/>\n<meta property=\"og:type\" content=\"article\" \/>\n<meta property=\"og:title\" content=\"WT-0100 Antiscalant and Dispersant for RO Membrane\" \/>\n<meta property=\"og:description\" content=\"Keep membrane surfaces clear and operational costs low with [WT-0100 Antiscalant and Dispersant], a powerful solution for preventing mineral scale build-up in reverse osmosis, nanofiltration, and ultrafiltration systems. Get the quality water you need!\" \/>\n<meta property=\"og:url\" content=\"https:\/\/vcycletech.com\/es\/producto\/wt-0100-antiincrustante-y-dispersante\/\" \/>\n<meta property=\"og:site_name\" content=\"vcycletech\" \/>\n<meta property=\"article:modified_time\" content=\"2023-03-27T05:40:07+00:00\" \/>\n<meta property=\"og:image\" content=\"https:\/\/vcycletech.com\/wp-content\/uploads\/2023\/03\/WT-0100-1-e1679628527527.png\" \/>\n\t<meta property=\"og:image:width\" content=\"600\" \/>\n\t<meta property=\"og:image:height\" content=\"600\" \/>\n\t<meta property=\"og:image:type\" content=\"image\/png\" \/>\n<meta name=\"twitter:card\" content=\"summary_large_image\" \/>\n<meta name=\"twitter:label1\" content=\"Tiempo de lectura\" \/>\n\t<meta name=\"twitter:data1\" content=\"2 minutos\" \/>\n<script type=\"application\/ld+json\" class=\"yoast-schema-graph\">{\"@context\":\"https:\\\/\\\/schema.org\",\"@graph\":[{\"@type\":\"WebPage\",\"@id\":\"https:\\\/\\\/vcycletech.com\\\/product\\\/wt-0100-antiscalant-and-dispersant\\\/\",\"url\":\"https:\\\/\\\/vcycletech.com\\\/product\\\/wt-0100-antiscalant-and-dispersant\\\/\",\"name\":\"WT-0100 Antiscalant and Dispersant for RO Membrane - vcycletech\",\"isPartOf\":{\"@id\":\"https:\\\/\\\/vcycletech.com\\\/#website\"},\"primaryImageOfPage\":{\"@id\":\"https:\\\/\\\/vcycletech.com\\\/product\\\/wt-0100-antiscalant-and-dispersant\\\/#primaryimage\"},\"image\":{\"@id\":\"https:\\\/\\\/vcycletech.com\\\/product\\\/wt-0100-antiscalant-and-dispersant\\\/#primaryimage\"},\"thumbnailUrl\":\"https:\\\/\\\/vcycletech.com\\\/wp-content\\\/uploads\\\/2023\\\/03\\\/WT-0100-1-e1679628527527.png\",\"datePublished\":\"2023-03-21T09:35:42+00:00\",\"dateModified\":\"2023-03-27T05:40:07+00:00\",\"description\":\"Keep membrane surfaces clear and operational costs low with [WT-0100 Antiscalant and Dispersant], a powerful solution for preventing mineral scale build-up in reverse osmosis, nanofiltration, and ultrafiltration systems. Get the quality water you need!\",\"breadcrumb\":{\"@id\":\"https:\\\/\\\/vcycletech.com\\\/product\\\/wt-0100-antiscalant-and-dispersant\\\/#breadcrumb\"},\"inLanguage\":\"es\",\"potentialAction\":[{\"@type\":\"ReadAction\",\"target\":[\"https:\\\/\\\/vcycletech.com\\\/product\\\/wt-0100-antiscalant-and-dispersant\\\/\"]}]},{\"@type\":\"ImageObject\",\"inLanguage\":\"es\",\"@id\":\"https:\\\/\\\/vcycletech.com\\\/product\\\/wt-0100-antiscalant-and-dispersant\\\/#primaryimage\",\"url\":\"https:\\\/\\\/vcycletech.com\\\/wp-content\\\/uploads\\\/2023\\\/03\\\/WT-0100-1-e1679628527527.png\",\"contentUrl\":\"https:\\\/\\\/vcycletech.com\\\/wp-content\\\/uploads\\\/2023\\\/03\\\/WT-0100-1-e1679628527527.png\",\"width\":600,\"height\":600,\"caption\":\"WT-0100 Antiscalant and Dispersant for RO Membrane\"},{\"@type\":\"BreadcrumbList\",\"@id\":\"https:\\\/\\\/vcycletech.com\\\/product\\\/wt-0100-antiscalant-and-dispersant\\\/#breadcrumb\",\"itemListElement\":[{\"@type\":\"ListItem\",\"position\":1,\"name\":\"Home\",\"item\":\"https:\\\/\\\/vcycletech.com\\\/\"},{\"@type\":\"ListItem\",\"position\":2,\"name\":\"Water Treatment Chemicals Manufacturer\",\"item\":\"https:\\\/\\\/vcycletech.com\\\/water-treatment-chemicals-manufacturer\\\/\"},{\"@type\":\"ListItem\",\"position\":3,\"name\":\"WT-0100 Antiscalant and Dispersant for RO Membrane\"}]},{\"@type\":\"WebSite\",\"@id\":\"https:\\\/\\\/vcycletech.com\\\/#website\",\"url\":\"https:\\\/\\\/vcycletech.com\\\/\",\"name\":\"vcycletech\",\"description\":\"China&#039;s top water treatment chemicals supplier\",\"publisher\":{\"@id\":\"https:\\\/\\\/vcycletech.com\\\/#organization\"},\"potentialAction\":[{\"@type\":\"SearchAction\",\"target\":{\"@type\":\"EntryPoint\",\"urlTemplate\":\"https:\\\/\\\/vcycletech.com\\\/?s={search_term_string}\"},\"query-input\":{\"@type\":\"PropertyValueSpecification\",\"valueRequired\":true,\"valueName\":\"search_term_string\"}}],\"inLanguage\":\"es\"},{\"@type\":\"Organization\",\"@id\":\"https:\\\/\\\/vcycletech.com\\\/#organization\",\"name\":\"vcycletech\",\"url\":\"https:\\\/\\\/vcycletech.com\\\/\",\"logo\":{\"@type\":\"ImageObject\",\"inLanguage\":\"es\",\"@id\":\"https:\\\/\\\/vcycletech.com\\\/#\\\/schema\\\/logo\\\/image\\\/\",\"url\":\"https:\\\/\\\/vcycletech.com\\\/wp-content\\\/uploads\\\/2023\\\/03\\\/logo-vcycletech-1.png\",\"contentUrl\":\"https:\\\/\\\/vcycletech.com\\\/wp-content\\\/uploads\\\/2023\\\/03\\\/logo-vcycletech-1.png\",\"width\":600,\"height\":400,\"caption\":\"vcycletech\"},\"image\":{\"@id\":\"https:\\\/\\\/vcycletech.com\\\/#\\\/schema\\\/logo\\\/image\\\/\"}}]}<\/script>\n<!-- \/ Yoast SEO Premium plugin. -->","yoast_head_json":{"title":"WT-0100 Antiincrustante y Dispersante para Membrana RO - vcycletech","description":"Keep membrane surfaces clear and operational costs low with [WT-0100 Antiscalant and Dispersant], a powerful solution for preventing mineral scale build-up in reverse osmosis, nanofiltration, and ultrafiltration systems. Get the quality water you need!","robots":{"index":"index","follow":"follow","max-snippet":"max-snippet:-1","max-image-preview":"max-image-preview:large","max-video-preview":"max-video-preview:-1"},"canonical":"https:\/\/vcycletech.com\/es\/producto\/wt-0100-antiincrustante-y-dispersante\/","og_locale":"es_MX","og_type":"article","og_title":"WT-0100 Antiscalant and Dispersant for RO Membrane","og_description":"Keep membrane surfaces clear and operational costs low with [WT-0100 Antiscalant and Dispersant], a powerful solution for preventing mineral scale build-up in reverse osmosis, nanofiltration, and ultrafiltration systems. Get the quality water you need!","og_url":"https:\/\/vcycletech.com\/es\/producto\/wt-0100-antiincrustante-y-dispersante\/","og_site_name":"vcycletech","article_modified_time":"2023-03-27T05:40:07+00:00","og_image":[{"width":600,"height":600,"url":"https:\/\/vcycletech.com\/wp-content\/uploads\/2023\/03\/WT-0100-1-e1679628527527.png","type":"image\/png"}],"twitter_card":"summary_large_image","twitter_misc":{"Tiempo de lectura":"2 minutos"},"schema":{"@context":"https:\/\/schema.org","@graph":[{"@type":"WebPage","@id":"https:\/\/vcycletech.com\/product\/wt-0100-antiscalant-and-dispersant\/","url":"https:\/\/vcycletech.com\/product\/wt-0100-antiscalant-and-dispersant\/","name":"WT-0100 Antiincrustante y Dispersante para Membrana RO - vcycletech","isPartOf":{"@id":"https:\/\/vcycletech.com\/#website"},"primaryImageOfPage":{"@id":"https:\/\/vcycletech.com\/product\/wt-0100-antiscalant-and-dispersant\/#primaryimage"},"image":{"@id":"https:\/\/vcycletech.com\/product\/wt-0100-antiscalant-and-dispersant\/#primaryimage"},"thumbnailUrl":"https:\/\/vcycletech.com\/wp-content\/uploads\/2023\/03\/WT-0100-1-e1679628527527.png","datePublished":"2023-03-21T09:35:42+00:00","dateModified":"2023-03-27T05:40:07+00:00","description":"Keep membrane surfaces clear and operational costs low with [WT-0100 Antiscalant and Dispersant], a powerful solution for preventing mineral scale build-up in reverse osmosis, nanofiltration, and ultrafiltration systems. Get the quality water you need!","breadcrumb":{"@id":"https:\/\/vcycletech.com\/product\/wt-0100-antiscalant-and-dispersant\/#breadcrumb"},"inLanguage":"es","potentialAction":[{"@type":"ReadAction","target":["https:\/\/vcycletech.com\/product\/wt-0100-antiscalant-and-dispersant\/"]}]},{"@type":"ImageObject","inLanguage":"es","@id":"https:\/\/vcycletech.com\/product\/wt-0100-antiscalant-and-dispersant\/#primaryimage","url":"https:\/\/vcycletech.com\/wp-content\/uploads\/2023\/03\/WT-0100-1-e1679628527527.png","contentUrl":"https:\/\/vcycletech.com\/wp-content\/uploads\/2023\/03\/WT-0100-1-e1679628527527.png","width":600,"height":600,"caption":"WT-0100 Antiscalant and Dispersant for RO Membrane"},{"@type":"BreadcrumbList","@id":"https:\/\/vcycletech.com\/product\/wt-0100-antiscalant-and-dispersant\/#breadcrumb","itemListElement":[{"@type":"ListItem","position":1,"name":"Home","item":"https:\/\/vcycletech.com\/"},{"@type":"ListItem","position":2,"name":"Water Treatment Chemicals Manufacturer","item":"https:\/\/vcycletech.com\/water-treatment-chemicals-manufacturer\/"},{"@type":"ListItem","position":3,"name":"WT-0100 Antiscalant and Dispersant for RO Membrane"}]},{"@type":"WebSite","@id":"https:\/\/vcycletech.com\/#website","url":"https:\/\/vcycletech.com\/","name":"vcycletech","description":"El principal proveedor de productos qu\u00edmicos para el tratamiento del agua de China y #039;","publisher":{"@id":"https:\/\/vcycletech.com\/#organization"},"potentialAction":[{"@type":"SearchAction","target":{"@type":"EntryPoint","urlTemplate":"https:\/\/vcycletech.com\/?s={search_term_string}"},"query-input":{"@type":"PropertyValueSpecification","valueRequired":true,"valueName":"search_term_string"}}],"inLanguage":"es"},{"@type":"Organization","@id":"https:\/\/vcycletech.com\/#organization","name":"vcycletech","url":"https:\/\/vcycletech.com\/","logo":{"@type":"ImageObject","inLanguage":"es","@id":"https:\/\/vcycletech.com\/#\/schema\/logo\/image\/","url":"https:\/\/vcycletech.com\/wp-content\/uploads\/2023\/03\/logo-vcycletech-1.png","contentUrl":"https:\/\/vcycletech.com\/wp-content\/uploads\/2023\/03\/logo-vcycletech-1.png","width":600,"height":400,"caption":"vcycletech"},"image":{"@id":"https:\/\/vcycletech.com\/#\/schema\/logo\/image\/"}}]}},"_links":{"self":[{"href":"https:\/\/vcycletech.com\/es\/wp-json\/wp\/v2\/product\/1182","targetHints":{"allow":["GET"]}}],"collection":[{"href":"https:\/\/vcycletech.com\/es\/wp-json\/wp\/v2\/product"}],"about":[{"href":"https:\/\/vcycletech.com\/es\/wp-json\/wp\/v2\/types\/product"}],"wp:featuredmedia":[{"embeddable":true,"href":"https:\/\/vcycletech.com\/es\/wp-json\/wp\/v2\/media\/1206"}],"wp:attachment":[{"href":"https:\/\/vcycletech.com\/es\/wp-json\/wp\/v2\/media?parent=1182"}],"wp:term":[{"taxonomy":"product_brand","embeddable":true,"href":"https:\/\/vcycletech.com\/es\/wp-json\/wp\/v2\/product_brand?post=1182"},{"taxonomy":"product_cat","embeddable":true,"href":"https:\/\/vcycletech.com\/es\/wp-json\/wp\/v2\/product_cat?post=1182"},{"taxonomy":"product_tag","embeddable":true,"href":"https:\/\/vcycletech.com\/es\/wp-json\/wp\/v2\/product_tag?post=1182"}],"curies":[{"name":"wp","href":"https:\/\/api.w.org\/{rel}","templated":true}]}}