{"id":1171,"date":"2023-03-21T09:03:31","date_gmt":"2023-03-21T09:03:31","guid":{"rendered":"https:\/\/vcycletech.com\/?post_type=product&#038;p=1171"},"modified":"2023-03-21T09:12:51","modified_gmt":"2023-03-21T09:12:51","slug":"carbohidrazida","status":"publish","type":"product","link":"https:\/\/vcycletech.com\/es\/producto\/carbohidrazida\/","title":{"rendered":"carbohidrazida"},"content":{"rendered":"<h3>F\u00f3rmula molecular: CO(NHNH2)2<\/h3>\n<h3>N\u00ba CAS 497-18-7<\/h3>\n<h3>Peso molecular: 90,09<\/h3>\n<h3>Estructura molecular:<\/h3>\n<figure id=\"attachment_1174\" aria-describedby=\"caption-attachment-1174\" style=\"width: 600px\" class=\"wp-caption alignnone\"><img fetchpriority=\"high\" decoding=\"async\" class=\"size-full wp-image-1174\" src=\"https:\/\/vcycletech.com\/wp-content\/uploads\/2023\/03\/1-37.png\" alt=\"carbohidrazida\" width=\"600\" height=\"600\" srcset=\"https:\/\/vcycletech.com\/wp-content\/uploads\/2023\/03\/1-37.png 600w, https:\/\/vcycletech.com\/wp-content\/uploads\/2023\/03\/1-37-100x100.png 100w, https:\/\/vcycletech.com\/wp-content\/uploads\/2023\/03\/1-37-300x300.png 300w, https:\/\/vcycletech.com\/wp-content\/uploads\/2023\/03\/1-37-150x150.png 150w\" sizes=\"(max-width: 600px) 100vw, 600px\" \/><figcaption id=\"caption-attachment-1174\" class=\"wp-caption-text\">carbohidrazida<\/figcaption><\/figure>\n<h3>Propiedades:<\/h3>\n<p><strong>carbohidrazida<\/strong> tiene varias aplicaciones en muchas industrias. Como combustible, produce inmensas cantidades de calor cuando se quema y, por lo tanto, se usa como ingrediente para combustible para aviones y cohetes. Para la prevenci\u00f3n de da\u00f1os por corrosi\u00f3n en sistemas de alimentaci\u00f3n de calderas de agua y sistemas de calefacci\u00f3n, <strong>carbohidrazida<\/strong> sirve como eliminador de ox\u00edgeno.<\/p>\n<p>Tambi\u00e9n encuentra uso como agente reductor para recuperar metales preciosos, como catalizador de polimerizaci\u00f3n y extensor de cadena en recubrimientos de uretano, y como auxiliar en la industria fotogr\u00e1fica.<\/p>\n<p>Los usos adicionales incluyen su utilizaci\u00f3n como intermediario para productos farmac\u00e9uticos, estabilizadores, productos qu\u00edmicos para el tratamiento del agua y productos agroqu\u00edmicos como colorantes o retardantes de llama. En los \u00faltimos a\u00f1os, se ha aplicado hidracina a los LCD (pantallas de cristal l\u00edquido) para producir transistores de pel\u00edcula delgada m\u00e1s r\u00e1pidos.<\/p>\n<h3>Especificaci\u00f3n:<\/h3>\n<div id=\"footable_parent_1191\"\n         class=\"footable_parent ninja_table_wrapper loading_ninja_table wp_table_data_press_parent semantic_ui\">\n                <table data-ninja_table_instance=\"ninja_table_instance_0\" data-footable_id=\"1191\" data-filter-delay=\"1000\" aria-label=\"Carbohidrazida.csv\"            id=\"footable_1191\"\n           data-unique_identifier=\"ninja_table_unique_id_1979522988_1191\"\n           class=\"foo-table ninja_footable foo_table_1191 ninja_table_unique_id_1979522988_1191 ui table  nt_type_legacy_table selectable striped vertical_centered  footable-paging-right ninja_table_pro\">\n                <colgroup>\n                            <col class=\"ninja_column_0\">\n                            <col class=\"ninja_column_1\">\n                    <\/colgroup>\n        <thead>\n<tr class=\"footable-header\">\n                                        <th scope=\"col\"  class=\"ninja_column_0 ninja_clmn_nm_items\">Elementos<\/th><th scope=\"col\"  class=\"ninja_column_1 ninja_clmn_nm_index\">\u00cdndice<\/th><\/tr>\n<\/thead>\n<tbody>\n\n        <tr data-row_id=\"267\" class=\"ninja_table_row_0 nt_row_id_267\">\n            <td>Apariencia<\/td><td>polvo de cristal blanco<\/td>        <\/tr>\n            <tr data-row_id=\"268\" class=\"ninja_table_row_1 nt_row_id_268\">\n            <td>Pureza, %<\/td><td>98.0min<\/td>        <\/tr>\n            <tr data-row_id=\"269\" class=\"ninja_table_row_2 nt_row_id_269\">\n            <td>Hidracina libre, ppm<\/td><td>500,0 m\u00e1x.<\/td>        <\/tr>\n            <tr data-row_id=\"270\" class=\"ninja_table_row_3 nt_row_id_270\">\n            <td>Humedad, %<\/td><td>0,2 m\u00e1x.<\/td>        <\/tr>\n            <tr data-row_id=\"271\" class=\"ninja_table_row_4 nt_row_id_271\">\n            <td>pH (soluci\u00f3n de agua 12%)<\/td><td>7.2-9.7<\/td>        <\/tr>\n    <\/tbody><!--ninja_tobody_rendering_done-->\n    <\/table>\n    \n    \n    \n<\/div>\n\n<h3>Uso de carbohidrazida:<\/h3>\n<p><strong>carbohidrazida<\/strong> a menudo se usa como desoxidante en calderas y se debe poner en agua o usar en su soluci\u00f3n de agua con una dosis de 0,5 mol o m\u00e1s por 1 mol de ox\u00edgeno para obtener los mejores resultados. El rango de temperatura ideal para esta reacci\u00f3n es de 87,8 a 176,7 \u00b0C (190,04 a 350,06 \u00b0F). Cuando reacciona con ox\u00edgeno, las sustancias resultantes son nitr\u00f3geno, agua y di\u00f3xido de carbono.<\/p>\n<h3>Paquete y almacenamiento:<\/h3>\n<p><strong>carbohidrazida<\/strong> debe almacenarse y envasarse en recipientes herm\u00e9ticamente cerrados, lejos de la luz solar directa y de cualquier fuente de calor o humedad. Para garantizar una manipulaci\u00f3n segura y una vida \u00fatil prolongada, el contenedor debe almacenarse a temperaturas inferiores a 25 \u00b0C (77 \u00b0F) y mantenerse seco. 25 kg\/bolsa, 25 kg\/tambor de fibra, requisitos del cliente: almacenamiento durante un a\u00f1o en una habitaci\u00f3n oscura y un lugar seco.<\/p>\n<h3>Sin\u00f3nimos:<\/h3>\n<p>hidracina, 1,3-diaminourea; Dihidrazida carb\u00f3nica<\/p>\n<h3>Preguntas frecuentes sobre la carbohidrazida:<\/h3>\n<p><strong>\u00bfQu\u00e9 es la Carbohidrazida?<\/strong><br \/>\nLa carbohidrazida es un s\u00f3lido cristalino blanco que se utiliza como inhibidor de la corrosi\u00f3n, secuestrante de ox\u00edgeno y producto qu\u00edmico para el tratamiento del agua de las calderas. Tambi\u00e9n se utiliza en la fabricaci\u00f3n de colorantes, explosivos y otros productos qu\u00edmicos.<\/p>\n<p><strong>\u00bfCu\u00e1les son los efectos sobre la salud de la carbohidrazida?<\/strong><br \/>\nLa exposici\u00f3n a la carbohidrazida puede irritar los ojos, la piel y el sistema respiratorio. La inhalaci\u00f3n de altas concentraciones de carbohidrazida puede causar tos, sibilancias y dificultad para respirar. La ingesti\u00f3n de carbohidrazida puede causar n\u00e1useas, v\u00f3mitos y diarrea.<\/p>\n<p><strong>\u00bfC\u00f3mo puedo reducir mi exposici\u00f3n a la carbohidrazida?<\/strong><br \/>\nSi trabaja con carbohidrazida, use ropa protectora como guantes y una mascarilla para evitar el contacto con el producto qu\u00edmico. Si se expone a la carbohidrazida, qu\u00edtese la ropa inmediatamente y l\u00e1vese la piel con agua y jab\u00f3n. Si ha estado expuesto a altas concentraciones de carbohidrazida, busque atenci\u00f3n m\u00e9dica de inmediato.<\/p>\n<p><strong>\u00bfQu\u00e9 debo hacer si creo que he estado expuesto a la carbohidrazida?<\/strong><br \/>\nSi cree que ha estado expuesto a la carbohidrazida, qu\u00edtese la ropa y l\u00e1vese la piel con agua y jab\u00f3n. Si ha estado expuesto a altas concentraciones de carbohidrazida, busque atenci\u00f3n m\u00e9dica de inmediato.<\/p>\n<p><a href=\"https:\/\/vcycletech.com\/es\/inhibidor-corrosivo\/\"><strong>Obtenga la soluci\u00f3n completa de inhibidores de corrosi\u00f3n.<\/strong><\/a><\/p>","protected":false},"excerpt":{"rendered":"<p>Cuando se combina con ox\u00edgeno, la carbohidrazida produce nitr\u00f3geno, agua y di\u00f3xido de carbono. La dosis ideal para la reacci\u00f3n es de 0,5 mol o m\u00e1s por 1 mol de ox\u00edgeno. <strong>carbohidrazida<\/strong> Debe almacenarse y envasarse en recipientes herm\u00e9ticamente cerrados a temperaturas inferiores a 25 \u00b0C para garantizar una manipulaci\u00f3n segura y una larga vida \u00fatil. Si busca una fuente de calidad de <strong>carbohidrazida<\/strong>No busque m\u00e1s all\u00e1 de China. Nuestra empresa ha suministrado este producto a empresas de todo el mundo durante a\u00f1os y estamos orgullosos de ofrecer la mejor calidad disponible. Ofrecemos precios competitivos y env\u00edos confiables, as\u00ed que cont\u00e1ctenos hoy para comenzar.<\/p>","protected":false},"featured_media":1187,"template":"","meta":{"site-sidebar-layout":"default","site-content-layout":"default","ast-site-content-layout":"default","site-content-style":"default","site-sidebar-style":"default","ast-global-header-display":"","ast-banner-title-visibility":"","ast-main-header-display":"","ast-hfb-above-header-display":"","ast-hfb-below-header-display":"","ast-hfb-mobile-header-display":"","site-post-title":"","ast-breadcrumbs-content":"","ast-featured-img":"","footer-sml-layout":"","ast-disable-related-posts":"","theme-transparent-header-meta":"default","adv-header-id-meta":"","stick-header-meta":"default","header-above-stick-meta":"","header-main-stick-meta":"","header-below-stick-meta":"","astra-migrate-meta-layouts":"default","ast-page-background-enabled":"default","ast-page-background-meta":{"desktop":{"background-color":"","background-image":"","background-repeat":"repeat","background-position":"center center","background-size":"auto","background-attachment":"scroll","background-type":"","background-media":"","overlay-type":"","overlay-color":"","overlay-opacity":"","overlay-gradient":""},"tablet":{"background-color":"","background-image":"","background-repeat":"repeat","background-position":"center center","background-size":"auto","background-attachment":"scroll","background-type":"","background-media":"","overlay-type":"","overlay-color":"","overlay-opacity":"","overlay-gradient":""},"mobile":{"background-color":"","background-image":"","background-repeat":"repeat","background-position":"center center","background-size":"auto","background-attachment":"scroll","background-type":"","background-media":"","overlay-type":"","overlay-color":"","overlay-opacity":"","overlay-gradient":""}},"ast-content-background-meta":{"desktop":{"background-color":"var(--ast-global-color-5)","background-image":"","background-repeat":"repeat","background-position":"center center","background-size":"auto","background-attachment":"scroll","background-type":"","background-media":"","overlay-type":"","overlay-color":"","overlay-opacity":"","overlay-gradient":""},"tablet":{"background-color":"var(--ast-global-color-5)","background-image":"","background-repeat":"repeat","background-position":"center center","background-size":"auto","background-attachment":"scroll","background-type":"","background-media":"","overlay-type":"","overlay-color":"","overlay-opacity":"","overlay-gradient":""},"mobile":{"background-color":"var(--ast-global-color-5)","background-image":"","background-repeat":"repeat","background-position":"center center","background-size":"auto","background-attachment":"scroll","background-type":"","background-media":"","overlay-type":"","overlay-color":"","overlay-opacity":"","overlay-gradient":""}}},"product_brand":[],"product_cat":[30],"product_tag":[],"class_list":{"0":"post-1171","1":"product","2":"type-product","3":"status-publish","4":"has-post-thumbnail","6":"product_cat-corrosion-inhibitors","7":"desktop-align-left","8":"tablet-align-left","9":"mobile-align-left","10":"ast-product-gallery-layout-horizontal-slider","11":"ast-product-tabs-layout-horizontal","13":"first","14":"instock","15":"shipping-taxable","16":"product-type-simple"},"yoast_head":"<!-- This site is optimized with the Yoast SEO Premium plugin v26.3 (Yoast SEO v27.3) - https:\/\/yoast.com\/product\/yoast-seo-premium-wordpress\/ -->\n<title>Carbohydrazide - vcycletech<\/title>\n<meta name=\"description\" content=\"Carbohydrazide is an organic compound that can be used as a de-oxidant in boilers and other industrial applications. It also has utility in medical testing, which can be used to detect the presence of certain substances.\" \/>\n<meta name=\"robots\" content=\"index, follow, max-snippet:-1, max-image-preview:large, max-video-preview:-1\" \/>\n<link rel=\"canonical\" href=\"https:\/\/vcycletech.com\/es\/producto\/carbohidrazida\/\" \/>\n<meta property=\"og:locale\" content=\"es_MX\" \/>\n<meta property=\"og:type\" content=\"article\" \/>\n<meta property=\"og:title\" content=\"Carbohydrazide\" \/>\n<meta property=\"og:description\" content=\"Carbohydrazide is an organic compound that can be used as a de-oxidant in boilers and other industrial applications. It also has utility in medical testing, which can be used to detect the presence of certain substances.\" \/>\n<meta property=\"og:url\" content=\"https:\/\/vcycletech.com\/es\/producto\/carbohidrazida\/\" \/>\n<meta property=\"og:site_name\" content=\"vcycletech\" \/>\n<meta property=\"article:modified_time\" content=\"2023-03-21T09:12:51+00:00\" \/>\n<meta property=\"og:image\" content=\"https:\/\/vcycletech.com\/wp-content\/uploads\/2023\/03\/\u672a\u547d\u540d\u7684\u8bbe\u8ba1-2-6.png\" \/>\n\t<meta property=\"og:image:width\" content=\"600\" \/>\n\t<meta property=\"og:image:height\" content=\"600\" \/>\n\t<meta property=\"og:image:type\" content=\"image\/png\" \/>\n<meta name=\"twitter:card\" content=\"summary_large_image\" \/>\n<meta name=\"twitter:label1\" content=\"Tiempo de lectura\" \/>\n\t<meta name=\"twitter:data1\" content=\"3 minutos\" \/>\n<script type=\"application\/ld+json\" class=\"yoast-schema-graph\">{\"@context\":\"https:\\\/\\\/schema.org\",\"@graph\":[{\"@type\":\"WebPage\",\"@id\":\"https:\\\/\\\/vcycletech.com\\\/product\\\/carbohydrazide\\\/\",\"url\":\"https:\\\/\\\/vcycletech.com\\\/product\\\/carbohydrazide\\\/\",\"name\":\"Carbohydrazide - vcycletech\",\"isPartOf\":{\"@id\":\"https:\\\/\\\/vcycletech.com\\\/#website\"},\"primaryImageOfPage\":{\"@id\":\"https:\\\/\\\/vcycletech.com\\\/product\\\/carbohydrazide\\\/#primaryimage\"},\"image\":{\"@id\":\"https:\\\/\\\/vcycletech.com\\\/product\\\/carbohydrazide\\\/#primaryimage\"},\"thumbnailUrl\":\"https:\\\/\\\/vcycletech.com\\\/wp-content\\\/uploads\\\/2023\\\/03\\\/\u672a\u547d\u540d\u7684\u8bbe\u8ba1-2-6.png\",\"datePublished\":\"2023-03-21T09:03:31+00:00\",\"dateModified\":\"2023-03-21T09:12:51+00:00\",\"description\":\"Carbohydrazide is an organic compound that can be used as a de-oxidant in boilers and other industrial applications. It also has utility in medical testing, which can be used to detect the presence of certain substances.\",\"breadcrumb\":{\"@id\":\"https:\\\/\\\/vcycletech.com\\\/product\\\/carbohydrazide\\\/#breadcrumb\"},\"inLanguage\":\"es\",\"potentialAction\":[{\"@type\":\"ReadAction\",\"target\":[\"https:\\\/\\\/vcycletech.com\\\/product\\\/carbohydrazide\\\/\"]}]},{\"@type\":\"ImageObject\",\"inLanguage\":\"es\",\"@id\":\"https:\\\/\\\/vcycletech.com\\\/product\\\/carbohydrazide\\\/#primaryimage\",\"url\":\"https:\\\/\\\/vcycletech.com\\\/wp-content\\\/uploads\\\/2023\\\/03\\\/\u672a\u547d\u540d\u7684\u8bbe\u8ba1-2-6.png\",\"contentUrl\":\"https:\\\/\\\/vcycletech.com\\\/wp-content\\\/uploads\\\/2023\\\/03\\\/\u672a\u547d\u540d\u7684\u8bbe\u8ba1-2-6.png\",\"width\":600,\"height\":600,\"caption\":\"Carbohydrazide\"},{\"@type\":\"BreadcrumbList\",\"@id\":\"https:\\\/\\\/vcycletech.com\\\/product\\\/carbohydrazide\\\/#breadcrumb\",\"itemListElement\":[{\"@type\":\"ListItem\",\"position\":1,\"name\":\"Home\",\"item\":\"https:\\\/\\\/vcycletech.com\\\/\"},{\"@type\":\"ListItem\",\"position\":2,\"name\":\"Water Treatment Chemicals Manufacturer\",\"item\":\"https:\\\/\\\/vcycletech.com\\\/water-treatment-chemicals-manufacturer\\\/\"},{\"@type\":\"ListItem\",\"position\":3,\"name\":\"Carbohydrazide\"}]},{\"@type\":\"WebSite\",\"@id\":\"https:\\\/\\\/vcycletech.com\\\/#website\",\"url\":\"https:\\\/\\\/vcycletech.com\\\/\",\"name\":\"vcycletech\",\"description\":\"China&#039;s top water treatment chemicals supplier\",\"publisher\":{\"@id\":\"https:\\\/\\\/vcycletech.com\\\/#organization\"},\"potentialAction\":[{\"@type\":\"SearchAction\",\"target\":{\"@type\":\"EntryPoint\",\"urlTemplate\":\"https:\\\/\\\/vcycletech.com\\\/?s={search_term_string}\"},\"query-input\":{\"@type\":\"PropertyValueSpecification\",\"valueRequired\":true,\"valueName\":\"search_term_string\"}}],\"inLanguage\":\"es\"},{\"@type\":\"Organization\",\"@id\":\"https:\\\/\\\/vcycletech.com\\\/#organization\",\"name\":\"vcycletech\",\"url\":\"https:\\\/\\\/vcycletech.com\\\/\",\"logo\":{\"@type\":\"ImageObject\",\"inLanguage\":\"es\",\"@id\":\"https:\\\/\\\/vcycletech.com\\\/#\\\/schema\\\/logo\\\/image\\\/\",\"url\":\"https:\\\/\\\/vcycletech.com\\\/wp-content\\\/uploads\\\/2023\\\/03\\\/logo-vcycletech-1.png\",\"contentUrl\":\"https:\\\/\\\/vcycletech.com\\\/wp-content\\\/uploads\\\/2023\\\/03\\\/logo-vcycletech-1.png\",\"width\":600,\"height\":400,\"caption\":\"vcycletech\"},\"image\":{\"@id\":\"https:\\\/\\\/vcycletech.com\\\/#\\\/schema\\\/logo\\\/image\\\/\"}}]}<\/script>\n<!-- \/ Yoast SEO Premium plugin. -->","yoast_head_json":{"title":"Carbohidrazida - vcycletech","description":"La carbohidrazida es un compuesto org\u00e1nico que se puede utilizar como desoxidante en calderas y otras aplicaciones industriales. Tambi\u00e9n tiene utilidad en las pruebas m\u00e9dicas, que se pueden utilizar para detectar la presencia de ciertas sustancias.","robots":{"index":"index","follow":"follow","max-snippet":"max-snippet:-1","max-image-preview":"max-image-preview:large","max-video-preview":"max-video-preview:-1"},"canonical":"https:\/\/vcycletech.com\/es\/producto\/carbohidrazida\/","og_locale":"es_MX","og_type":"article","og_title":"Carbohydrazide","og_description":"Carbohydrazide is an organic compound that can be used as a de-oxidant in boilers and other industrial applications. It also has utility in medical testing, which can be used to detect the presence of certain substances.","og_url":"https:\/\/vcycletech.com\/es\/producto\/carbohidrazida\/","og_site_name":"vcycletech","article_modified_time":"2023-03-21T09:12:51+00:00","og_image":[{"width":600,"height":600,"url":"https:\/\/vcycletech.com\/wp-content\/uploads\/2023\/03\/\u672a\u547d\u540d\u7684\u8bbe\u8ba1-2-6.png","type":"image\/png"}],"twitter_card":"summary_large_image","twitter_misc":{"Tiempo de lectura":"3 minutos"},"schema":{"@context":"https:\/\/schema.org","@graph":[{"@type":"WebPage","@id":"https:\/\/vcycletech.com\/product\/carbohydrazide\/","url":"https:\/\/vcycletech.com\/product\/carbohydrazide\/","name":"Carbohidrazida - vcycletech","isPartOf":{"@id":"https:\/\/vcycletech.com\/#website"},"primaryImageOfPage":{"@id":"https:\/\/vcycletech.com\/product\/carbohydrazide\/#primaryimage"},"image":{"@id":"https:\/\/vcycletech.com\/product\/carbohydrazide\/#primaryimage"},"thumbnailUrl":"https:\/\/vcycletech.com\/wp-content\/uploads\/2023\/03\/\u672a\u547d\u540d\u7684\u8bbe\u8ba1-2-6.png","datePublished":"2023-03-21T09:03:31+00:00","dateModified":"2023-03-21T09:12:51+00:00","description":"La carbohidrazida es un compuesto org\u00e1nico que se puede utilizar como desoxidante en calderas y otras aplicaciones industriales. Tambi\u00e9n tiene utilidad en las pruebas m\u00e9dicas, que se pueden utilizar para detectar la presencia de ciertas sustancias.","breadcrumb":{"@id":"https:\/\/vcycletech.com\/product\/carbohydrazide\/#breadcrumb"},"inLanguage":"es","potentialAction":[{"@type":"ReadAction","target":["https:\/\/vcycletech.com\/product\/carbohydrazide\/"]}]},{"@type":"ImageObject","inLanguage":"es","@id":"https:\/\/vcycletech.com\/product\/carbohydrazide\/#primaryimage","url":"https:\/\/vcycletech.com\/wp-content\/uploads\/2023\/03\/\u672a\u547d\u540d\u7684\u8bbe\u8ba1-2-6.png","contentUrl":"https:\/\/vcycletech.com\/wp-content\/uploads\/2023\/03\/\u672a\u547d\u540d\u7684\u8bbe\u8ba1-2-6.png","width":600,"height":600,"caption":"Carbohydrazide"},{"@type":"BreadcrumbList","@id":"https:\/\/vcycletech.com\/product\/carbohydrazide\/#breadcrumb","itemListElement":[{"@type":"ListItem","position":1,"name":"Home","item":"https:\/\/vcycletech.com\/"},{"@type":"ListItem","position":2,"name":"Water Treatment Chemicals Manufacturer","item":"https:\/\/vcycletech.com\/water-treatment-chemicals-manufacturer\/"},{"@type":"ListItem","position":3,"name":"Carbohydrazide"}]},{"@type":"WebSite","@id":"https:\/\/vcycletech.com\/#website","url":"https:\/\/vcycletech.com\/","name":"vcycletech","description":"El principal proveedor de productos qu\u00edmicos para el tratamiento del agua de China y #039;","publisher":{"@id":"https:\/\/vcycletech.com\/#organization"},"potentialAction":[{"@type":"SearchAction","target":{"@type":"EntryPoint","urlTemplate":"https:\/\/vcycletech.com\/?s={search_term_string}"},"query-input":{"@type":"PropertyValueSpecification","valueRequired":true,"valueName":"search_term_string"}}],"inLanguage":"es"},{"@type":"Organization","@id":"https:\/\/vcycletech.com\/#organization","name":"vcycletech","url":"https:\/\/vcycletech.com\/","logo":{"@type":"ImageObject","inLanguage":"es","@id":"https:\/\/vcycletech.com\/#\/schema\/logo\/image\/","url":"https:\/\/vcycletech.com\/wp-content\/uploads\/2023\/03\/logo-vcycletech-1.png","contentUrl":"https:\/\/vcycletech.com\/wp-content\/uploads\/2023\/03\/logo-vcycletech-1.png","width":600,"height":400,"caption":"vcycletech"},"image":{"@id":"https:\/\/vcycletech.com\/#\/schema\/logo\/image\/"}}]}},"_links":{"self":[{"href":"https:\/\/vcycletech.com\/es\/wp-json\/wp\/v2\/product\/1171","targetHints":{"allow":["GET"]}}],"collection":[{"href":"https:\/\/vcycletech.com\/es\/wp-json\/wp\/v2\/product"}],"about":[{"href":"https:\/\/vcycletech.com\/es\/wp-json\/wp\/v2\/types\/product"}],"wp:featuredmedia":[{"embeddable":true,"href":"https:\/\/vcycletech.com\/es\/wp-json\/wp\/v2\/media\/1187"}],"wp:attachment":[{"href":"https:\/\/vcycletech.com\/es\/wp-json\/wp\/v2\/media?parent=1171"}],"wp:term":[{"taxonomy":"product_brand","embeddable":true,"href":"https:\/\/vcycletech.com\/es\/wp-json\/wp\/v2\/product_brand?post=1171"},{"taxonomy":"product_cat","embeddable":true,"href":"https:\/\/vcycletech.com\/es\/wp-json\/wp\/v2\/product_cat?post=1171"},{"taxonomy":"product_tag","embeddable":true,"href":"https:\/\/vcycletech.com\/es\/wp-json\/wp\/v2\/product_tag?post=1171"}],"curies":[{"name":"wp","href":"https:\/\/api.w.org\/{rel}","templated":true}]}}