{"id":1162,"date":"2023-03-21T08:33:07","date_gmt":"2023-03-21T08:33:07","guid":{"rendered":"https:\/\/vcycletech.com\/?post_type=product&#038;p=1162"},"modified":"2023-03-27T06:12:28","modified_gmt":"2023-03-27T06:12:28","slug":"wt-409-separador-de-lodos","status":"publish","type":"product","link":"https:\/\/vcycletech.com\/es\/producto\/wt-409-separador-de-lodos\/","title":{"rendered":"Separador de lodos WT-409"},"content":{"rendered":"<h3 id=\"introduction_2\" class=\"xsj_heading_hash xsj_heading xsj_heading_h2\" data-source-line=\"6\" data-source-line-display=\"true\"><span class=\"xsj_heading_content\">Introducci\u00f3n:<\/span><\/h3>\n<p class=\"xsj_paragraph xsj_paragraph_level_0\" data-source-line=\"8\" data-source-line-display=\"true\"><strong>Separador de lodos WT-409<\/strong> es una soluci\u00f3n de limpieza potente y eficiente. Contiene un tensioactivo cati\u00f3nico, un agente penetrante y un dispersante para desinfectar, eliminar los sedimentos y desincrustar todas las superficies de forma eficaz. Este producto tiene una amplia gama de usos debido a su acci\u00f3n no corrosiva en diferentes niveles de dureza del agua y su seguridad alrededor de pl\u00e1sticos, escombros y superficies met\u00e1licas. Sus resultados de acci\u00f3n r\u00e1pida lo convierten en la opci\u00f3n perfecta para abordar \u00e1reas de f\u00e1cil acceso y acumulaciones profundas sin da\u00f1ar los componentes existentes.<\/p>\n<div class=\"xiaoshujiang_element xsj_anchor\"><a class=\"blank_anchor_name\" name=\"features_3\"><\/a><a id=\"features_3\" class=\"blank_anchor_id\"><\/a><a class=\"blank_anchor_name\" name=\"features\"><\/a><a id=\"features\" class=\"blank_anchor_id\"><\/a><\/div>\n<h3 id=\"features_3\" class=\"xsj_heading_hash xsj_heading xsj_heading_h2\" data-source-line=\"10\" data-source-line-display=\"true\"><span class=\"xsj_heading_content\">Caracter\u00edsticas:<\/span><\/h3>\n<p class=\"xsj_paragraph xsj_paragraph_level_0\" data-source-line=\"12\" data-source-line-display=\"true\">\u2022 Contiene tensioactivos cati\u00f3nicos, agentes penetrantes y dispersantes para una desinfecci\u00f3n y descalcificaci\u00f3n eficaces<br \/>\n\u2022 Acci\u00f3n no corrosiva dentro de numerosos niveles de dureza del agua<br \/>\n\u2022 Seguro alrededor de pl\u00e1sticos, escombros y superficies met\u00e1licas<br \/>\n\u2022 Resultados de acci\u00f3n r\u00e1pida sin da\u00f1ar los componentes existentes<br \/>\n\u2022 Amplia gama de aplicaciones, desde sistemas de circulaci\u00f3n de agua hasta protecci\u00f3n antioxidante para la fabricaci\u00f3n de papel<\/p>\n<div class=\"xiaoshujiang_element xsj_anchor\"><a class=\"blank_anchor_name\" name=\"applications_4\"><\/a><a id=\"applications_4\" class=\"blank_anchor_id\"><\/a><a class=\"blank_anchor_name\" name=\"applications\"><\/a><a id=\"applications\" class=\"blank_anchor_id\"><\/a><\/div>\n<h3 id=\"applications_4\" class=\"xsj_heading_hash xsj_heading xsj_heading_h2\" data-source-line=\"18\" data-source-line-display=\"true\"><span class=\"xsj_heading_content\">Aplicaciones:<\/span><\/h3>\n<p class=\"xsj_paragraph xsj_paragraph_level_0\" data-source-line=\"20\" data-source-line-display=\"true\"><strong>Separador de lodos WT-409<\/strong> se puede usar para m\u00faltiples prop\u00f3sitos, como eliminar la acumulaci\u00f3n en los sistemas de circulaci\u00f3n de agua o eliminar el \u00f3xido y las incrustaciones de los equipos industriales. Funciona con cualquier variaci\u00f3n de los niveles de dureza del agua, por lo que es una opci\u00f3n ideal para todo tipo de empresas, desde plantas de fabricaci\u00f3n hasta hoteles. \u00a1Este producto tambi\u00e9n se puede utilizar en la protecci\u00f3n antioxidante de la fabricaci\u00f3n de papel, lo que aumenta a\u00fan m\u00e1s su alcance de servicio!<\/p>\n<h3>Especificaci\u00f3n:<\/h3>\n<div>\n<table>\n<tbody>\n<tr>\n<td width=\"204\">Elementos<\/td>\n<td width=\"315\">\u00cdndice<\/td>\n<\/tr>\n<tr>\n<td width=\"204\">Apariencia<\/td>\n<td width=\"315\">L\u00edquido incoloro, ligeramente turbio<\/td>\n<\/tr>\n<tr>\n<td width=\"204\">Contenido activo, %<\/td>\n<td width=\"315\">30,0 minutos<\/td>\n<\/tr>\n<tr>\n<td width=\"204\">pH (como \u00e9l)<\/td>\n<td width=\"315\">6.0-8.0<\/td>\n<\/tr>\n<\/tbody>\n<\/table>\n<\/div>\n<div class=\"xiaoshujiang_element xsj_anchor\"><a class=\"blank_anchor_name\" name=\"faqs_5\"><\/a><a id=\"faqs_5\" class=\"blank_anchor_id\"><\/a><a class=\"blank_anchor_name\" name=\"faqs\"><\/a><a id=\"faqs\" class=\"blank_anchor_id\"><\/a><\/div>\n<h3 id=\"faqs_5\" class=\"xsj_heading_hash xsj_heading xsj_heading_h2\" data-source-line=\"22\" data-source-line-display=\"true\"><span class=\"xsj_heading_content\">Preguntas frecuentes:<\/span><\/h3>\n<div class=\"xiaoshujiang_element xsj_anchor\"><a class=\"blank_anchor_name\" name=\"120how20does20wt-40920sludge20stripper20work_6\"><\/a><a id=\"120how20does20wt-40920sludge20stripper20work_6\" class=\"blank_anchor_id\"><\/a><a class=\"blank_anchor_name\" name=\"1-how-does-wt-409-sludge-stripper-work\"><\/a><a id=\"1-how-does-wt-409-sludge-stripper-work\" class=\"blank_anchor_id\"><\/a><\/div>\n<p id=\"120how20does20wt-40920sludge20stripper20work_6\" class=\"xsj_heading_hash xsj_heading xsj_heading_h3\" data-source-line=\"24\" data-source-line-display=\"true\"><strong><span class=\"xsj_heading_content\">P1: \u00bfC\u00f3mo funciona el separador de lodos WT-409?<\/span><\/strong><\/p>\n<p class=\"xsj_paragraph xsj_paragraph_level_0\" data-source-line=\"26\" data-source-line-display=\"true\">El removedor de lodos WT-409 est\u00e1 compuesto por un tensioactivo cati\u00f3nico, un agente penetrante y un dispersante que suaviza eficazmente las incrustaciones en las superficies met\u00e1licas y, al mismo tiempo, es seguro alrededor de pl\u00e1sticos y escombros, adem\u00e1s de una ejecuci\u00f3n no corrosiva dentro de cualquier variaci\u00f3n de los niveles de dureza del agua, lo que lo convierte en la elecci\u00f3n perfecta cuando se enfrentan -\u00a1para llegar a \u00e1reas o acumulaciones profundas sin da\u00f1ar los componentes existentes!<\/p>\n<div class=\"xiaoshujiang_element xsj_anchor\"><a class=\"blank_anchor_name\" name=\"220what20are20the20applications20of20wt2040920sludge20stripper_7\"><\/a><a id=\"220what20are20the20applications20of20wt2040920sludge20stripper_7\" class=\"blank_anchor_id\"><\/a><a class=\"blank_anchor_name\" name=\"2-what-are-the-applications-of-wt-409-sludge-stripper\"><\/a><a id=\"2-what-are-the-applications-of-wt-409-sludge-stripper\" class=\"blank_anchor_id\"><\/a><\/div>\n<p id=\"220what20are20the20applications20of20wt2040920sludge20stripper_7\" class=\"xsj_heading_hash xsj_heading xsj_heading_h3\" data-source-line=\"28\" data-source-line-display=\"true\"><strong><span class=\"xsj_heading_content\">P2: \u00bfCu\u00e1les son las aplicaciones del separador de lodos WT-409?<\/span><\/strong><\/p>\n<p class=\"xsj_heading_hash xsj_heading xsj_heading_h3\" data-source-line=\"28\" data-source-line-display=\"true\">Debido a su baja toxicidad con resultados de acci\u00f3n r\u00e1pida, este producto Debido a su baja toxicidad con resultados de acci\u00f3n r\u00e1pida en una amplia gama de aplicaciones, desde sistemas de circulaci\u00f3n de agua hasta protecci\u00f3n antioxidante para la fabricaci\u00f3n de papel<span style=\"font-size: 24px;\">.<\/span><\/p>\n<div class=\"xiaoshujiang_element xsj_anchor\"><a class=\"blank_anchor_name\" name=\"420does20this20product20work20with20varying20degrees20of20water20hardness_9\"><\/a><a id=\"420does20this20product20work20with20varying20degrees20of20water20hardness_9\" class=\"blank_anchor_id\"><\/a><a class=\"blank_anchor_name\" name=\"4-does-this-product-work-with-varying-degrees-of-water-hardness\"><\/a><a id=\"4-does-this-product-work-with-varying-degrees-of-water-hardness\" class=\"blank_anchor_id\"><\/a><\/div>\n<p id=\"420does20this20product20work20with20varying20degrees20of20water20hardness_9\" class=\"xsj_heading_hash xsj_heading xsj_heading_h3\" data-source-line=\"36\" data-source-line-display=\"true\"><strong><span class=\"xsj_heading_content\">P3: \u00bfFunciona este producto con diversos grados de dureza del agua?<\/span><\/strong><\/p>\n<p class=\"xsj_paragraph xsj_paragraph_level_0\" data-source-line=\"38\" data-source-line-display=\"true\">S\u00ed, el removedor de lodos WT 409 funciona con cualquier grado de dureza del agua debido a su naturaleza no corrosiva.<\/p>\n<p class=\"xiaoshujiang_element xsj_anchor\"><a class=\"blank_anchor_name\" name=\"520what20type20of20results20should20i20expect20after20using20this20product_10\"><\/a><a id=\"520what20type20of20results20should20i20expect20after20using20this20product_10\" class=\"blank_anchor_id\"><\/a><strong><a class=\"blank_anchor_name\" name=\"5-what-type-of-results-should-i-expect-after-using-this-product\"><\/a><a id=\"5-what-type-of-results-should-i-expect-after-using-this-product\" class=\"blank_anchor_id\"><\/a><\/strong><\/p>\n<p id=\"520what20type20of20results20should20i20expect20after20using20this20product_10\" class=\"xsj_heading_hash xsj_heading xsj_heading_h3\" data-source-line=\"40\" data-source-line-display=\"true\"><strong><span class=\"xsj_heading_content\">P4: \u00bfQu\u00e9 tipo de resultados debo esperar despu\u00e9s de usar este producto?<\/span><\/strong><\/p>\n<p class=\"xsj_paragraph xsj_paragraph_level_0\" data-source-line=\"42\" data-source-line-display=\"true\">\u00a1Puede esperar resultados de acci\u00f3n r\u00e1pida sin da\u00f1ar los componentes existentes, como metales, pl\u00e1stico o caucho, despu\u00e9s de usar el removedor de lodos WT 409!<\/p>\n<p class=\"xsj_paragraph xsj_paragraph_level_0\" data-source-line=\"45\" data-source-line-display=\"true\"><a class=\"xsj_link xsj_manu_link\" href=\"https:\/\/vcycletech.com\/es\/biocida-y-algicida\/\">Obtenga la soluci\u00f3n completa de biocidas y alguicidas<\/a>.<\/p>","protected":false},"excerpt":{"rendered":"<p>\u00bfBusca un separador de lodos de grado industrial? No busque m\u00e1s all\u00e1 de vcycletech`s <strong>Separador de lodos WT-409<\/strong>! Este producto est\u00e1 compuesto por un tensioactivo cati\u00f3nico, un agente penetrante y un dispersante, lo que lo hace perfecto para desinfectar, decapar lodos y desincrustar. No es corrosivo y es seguro alrededor de pl\u00e1sticos y escombros, lo que lo hace ideal para usar en sistemas de circulaci\u00f3n de agua, as\u00ed como tambi\u00e9n como protecci\u00f3n antioxidante para la fabricaci\u00f3n de papel. \u00a1Con resultados de acci\u00f3n r\u00e1pida y una amplia gama de aplicaciones, este producto es imprescindible para cualquier empresa que busque hacer frente a acumulaciones dif\u00edciles!<\/p>","protected":false},"featured_media":1169,"template":"","meta":{"site-sidebar-layout":"default","site-content-layout":"default","ast-site-content-layout":"default","site-content-style":"default","site-sidebar-style":"default","ast-global-header-display":"","ast-banner-title-visibility":"","ast-main-header-display":"","ast-hfb-above-header-display":"","ast-hfb-below-header-display":"","ast-hfb-mobile-header-display":"","site-post-title":"","ast-breadcrumbs-content":"","ast-featured-img":"","footer-sml-layout":"","ast-disable-related-posts":"","theme-transparent-header-meta":"default","adv-header-id-meta":"","stick-header-meta":"default","header-above-stick-meta":"","header-main-stick-meta":"","header-below-stick-meta":"","astra-migrate-meta-layouts":"default","ast-page-background-enabled":"default","ast-page-background-meta":{"desktop":{"background-color":"","background-image":"","background-repeat":"repeat","background-position":"center center","background-size":"auto","background-attachment":"scroll","background-type":"","background-media":"","overlay-type":"","overlay-color":"","overlay-opacity":"","overlay-gradient":""},"tablet":{"background-color":"","background-image":"","background-repeat":"repeat","background-position":"center center","background-size":"auto","background-attachment":"scroll","background-type":"","background-media":"","overlay-type":"","overlay-color":"","overlay-opacity":"","overlay-gradient":""},"mobile":{"background-color":"","background-image":"","background-repeat":"repeat","background-position":"center center","background-size":"auto","background-attachment":"scroll","background-type":"","background-media":"","overlay-type":"","overlay-color":"","overlay-opacity":"","overlay-gradient":""}},"ast-content-background-meta":{"desktop":{"background-color":"var(--ast-global-color-5)","background-image":"","background-repeat":"repeat","background-position":"center center","background-size":"auto","background-attachment":"scroll","background-type":"","background-media":"","overlay-type":"","overlay-color":"","overlay-opacity":"","overlay-gradient":""},"tablet":{"background-color":"var(--ast-global-color-5)","background-image":"","background-repeat":"repeat","background-position":"center center","background-size":"auto","background-attachment":"scroll","background-type":"","background-media":"","overlay-type":"","overlay-color":"","overlay-opacity":"","overlay-gradient":""},"mobile":{"background-color":"var(--ast-global-color-5)","background-image":"","background-repeat":"repeat","background-position":"center center","background-size":"auto","background-attachment":"scroll","background-type":"","background-media":"","overlay-type":"","overlay-color":"","overlay-opacity":"","overlay-gradient":""}}},"product_brand":[],"product_cat":[29],"product_tag":[],"class_list":{"0":"post-1162","1":"product","2":"type-product","3":"status-publish","4":"has-post-thumbnail","6":"product_cat-biocide-and-algicide","7":"desktop-align-left","8":"tablet-align-left","9":"mobile-align-left","10":"ast-product-gallery-layout-horizontal-slider","11":"ast-product-gallery-with-no-image","12":"ast-product-tabs-layout-horizontal","14":"first","15":"instock","16":"shipping-taxable","17":"product-type-simple"},"yoast_head":"<!-- This site is optimized with the Yoast SEO Premium plugin v26.3 (Yoast SEO v27.3) - https:\/\/yoast.com\/product\/yoast-seo-premium-wordpress\/ -->\n<title>WT-409 Sludge Stripper - vcycletech<\/title>\n<meta name=\"description\" content=\"Keep your surfaces clean with WT-409 Sludge Stripper, the advanced cleaning solution composed of cationic surfactant, penetrating agent and dispersant. Experience effective disinfection and sludge stripping - try WT-409 today!\" \/>\n<meta name=\"robots\" content=\"index, follow, max-snippet:-1, max-image-preview:large, max-video-preview:-1\" \/>\n<link rel=\"canonical\" href=\"https:\/\/vcycletech.com\/es\/producto\/wt-409-separador-de-lodos\/\" \/>\n<meta property=\"og:locale\" content=\"es_MX\" \/>\n<meta property=\"og:type\" content=\"article\" \/>\n<meta property=\"og:title\" content=\"WT-409 Sludge Stripper\" \/>\n<meta property=\"og:description\" content=\"Keep your surfaces clean with WT-409 Sludge Stripper, the advanced cleaning solution composed of cationic surfactant, penetrating agent and dispersant. Experience effective disinfection and sludge stripping - try WT-409 today!\" \/>\n<meta property=\"og:url\" content=\"https:\/\/vcycletech.com\/es\/producto\/wt-409-separador-de-lodos\/\" \/>\n<meta property=\"og:site_name\" content=\"vcycletech\" \/>\n<meta property=\"article:modified_time\" content=\"2023-03-27T06:12:28+00:00\" \/>\n<meta property=\"og:image\" content=\"https:\/\/vcycletech.com\/wp-content\/uploads\/2023\/03\/DBNPA-4-e1679628598182.png\" \/>\n\t<meta property=\"og:image:width\" content=\"600\" \/>\n\t<meta property=\"og:image:height\" content=\"600\" \/>\n\t<meta property=\"og:image:type\" content=\"image\/png\" \/>\n<meta name=\"twitter:card\" content=\"summary_large_image\" \/>\n<meta name=\"twitter:label1\" content=\"Tiempo de lectura\" \/>\n\t<meta name=\"twitter:data1\" content=\"2 minutos\" \/>\n<script type=\"application\/ld+json\" class=\"yoast-schema-graph\">{\"@context\":\"https:\\\/\\\/schema.org\",\"@graph\":[{\"@type\":\"WebPage\",\"@id\":\"https:\\\/\\\/vcycletech.com\\\/product\\\/wt-409-sludge-stripper\\\/\",\"url\":\"https:\\\/\\\/vcycletech.com\\\/product\\\/wt-409-sludge-stripper\\\/\",\"name\":\"WT-409 Sludge Stripper - vcycletech\",\"isPartOf\":{\"@id\":\"https:\\\/\\\/vcycletech.com\\\/#website\"},\"primaryImageOfPage\":{\"@id\":\"https:\\\/\\\/vcycletech.com\\\/product\\\/wt-409-sludge-stripper\\\/#primaryimage\"},\"image\":{\"@id\":\"https:\\\/\\\/vcycletech.com\\\/product\\\/wt-409-sludge-stripper\\\/#primaryimage\"},\"thumbnailUrl\":\"https:\\\/\\\/vcycletech.com\\\/wp-content\\\/uploads\\\/2023\\\/03\\\/DBNPA-4-e1679628598182.png\",\"datePublished\":\"2023-03-21T08:33:07+00:00\",\"dateModified\":\"2023-03-27T06:12:28+00:00\",\"description\":\"Keep your surfaces clean with WT-409 Sludge Stripper, the advanced cleaning solution composed of cationic surfactant, penetrating agent and dispersant. Experience effective disinfection and sludge stripping - try WT-409 today!\",\"breadcrumb\":{\"@id\":\"https:\\\/\\\/vcycletech.com\\\/product\\\/wt-409-sludge-stripper\\\/#breadcrumb\"},\"inLanguage\":\"es\",\"potentialAction\":[{\"@type\":\"ReadAction\",\"target\":[\"https:\\\/\\\/vcycletech.com\\\/product\\\/wt-409-sludge-stripper\\\/\"]}]},{\"@type\":\"ImageObject\",\"inLanguage\":\"es\",\"@id\":\"https:\\\/\\\/vcycletech.com\\\/product\\\/wt-409-sludge-stripper\\\/#primaryimage\",\"url\":\"https:\\\/\\\/vcycletech.com\\\/wp-content\\\/uploads\\\/2023\\\/03\\\/DBNPA-4-e1679628598182.png\",\"contentUrl\":\"https:\\\/\\\/vcycletech.com\\\/wp-content\\\/uploads\\\/2023\\\/03\\\/DBNPA-4-e1679628598182.png\",\"width\":600,\"height\":600,\"caption\":\"WT-409 Sludge Stripper\"},{\"@type\":\"BreadcrumbList\",\"@id\":\"https:\\\/\\\/vcycletech.com\\\/product\\\/wt-409-sludge-stripper\\\/#breadcrumb\",\"itemListElement\":[{\"@type\":\"ListItem\",\"position\":1,\"name\":\"Home\",\"item\":\"https:\\\/\\\/vcycletech.com\\\/\"},{\"@type\":\"ListItem\",\"position\":2,\"name\":\"Water Treatment Chemicals Manufacturer\",\"item\":\"https:\\\/\\\/vcycletech.com\\\/water-treatment-chemicals-manufacturer\\\/\"},{\"@type\":\"ListItem\",\"position\":3,\"name\":\"WT-409 Sludge Stripper\"}]},{\"@type\":\"WebSite\",\"@id\":\"https:\\\/\\\/vcycletech.com\\\/#website\",\"url\":\"https:\\\/\\\/vcycletech.com\\\/\",\"name\":\"vcycletech\",\"description\":\"China&#039;s top water treatment chemicals supplier\",\"publisher\":{\"@id\":\"https:\\\/\\\/vcycletech.com\\\/#organization\"},\"potentialAction\":[{\"@type\":\"SearchAction\",\"target\":{\"@type\":\"EntryPoint\",\"urlTemplate\":\"https:\\\/\\\/vcycletech.com\\\/?s={search_term_string}\"},\"query-input\":{\"@type\":\"PropertyValueSpecification\",\"valueRequired\":true,\"valueName\":\"search_term_string\"}}],\"inLanguage\":\"es\"},{\"@type\":\"Organization\",\"@id\":\"https:\\\/\\\/vcycletech.com\\\/#organization\",\"name\":\"vcycletech\",\"url\":\"https:\\\/\\\/vcycletech.com\\\/\",\"logo\":{\"@type\":\"ImageObject\",\"inLanguage\":\"es\",\"@id\":\"https:\\\/\\\/vcycletech.com\\\/#\\\/schema\\\/logo\\\/image\\\/\",\"url\":\"https:\\\/\\\/vcycletech.com\\\/wp-content\\\/uploads\\\/2023\\\/03\\\/logo-vcycletech-1.png\",\"contentUrl\":\"https:\\\/\\\/vcycletech.com\\\/wp-content\\\/uploads\\\/2023\\\/03\\\/logo-vcycletech-1.png\",\"width\":600,\"height\":400,\"caption\":\"vcycletech\"},\"image\":{\"@id\":\"https:\\\/\\\/vcycletech.com\\\/#\\\/schema\\\/logo\\\/image\\\/\"}}]}<\/script>\n<!-- \/ Yoast SEO Premium plugin. -->","yoast_head_json":{"title":"Separador de lodos WT-409 - vcycletech","description":"Mantenga sus superficies limpias con WT-409 Sludge Stripper, la soluci\u00f3n de limpieza avanzada compuesta por surfactante cati\u00f3nico, agente penetrante y dispersante. Experimente una desinfecci\u00f3n eficaz y una eliminaci\u00f3n de lodos: \u00a1pruebe el WT-409 hoy mismo!","robots":{"index":"index","follow":"follow","max-snippet":"max-snippet:-1","max-image-preview":"max-image-preview:large","max-video-preview":"max-video-preview:-1"},"canonical":"https:\/\/vcycletech.com\/es\/producto\/wt-409-separador-de-lodos\/","og_locale":"es_MX","og_type":"article","og_title":"WT-409 Sludge Stripper","og_description":"Keep your surfaces clean with WT-409 Sludge Stripper, the advanced cleaning solution composed of cationic surfactant, penetrating agent and dispersant. Experience effective disinfection and sludge stripping - try WT-409 today!","og_url":"https:\/\/vcycletech.com\/es\/producto\/wt-409-separador-de-lodos\/","og_site_name":"vcycletech","article_modified_time":"2023-03-27T06:12:28+00:00","og_image":[{"width":600,"height":600,"url":"https:\/\/vcycletech.com\/wp-content\/uploads\/2023\/03\/DBNPA-4-e1679628598182.png","type":"image\/png"}],"twitter_card":"summary_large_image","twitter_misc":{"Tiempo de lectura":"2 minutos"},"schema":{"@context":"https:\/\/schema.org","@graph":[{"@type":"WebPage","@id":"https:\/\/vcycletech.com\/product\/wt-409-sludge-stripper\/","url":"https:\/\/vcycletech.com\/product\/wt-409-sludge-stripper\/","name":"Separador de lodos WT-409 - vcycletech","isPartOf":{"@id":"https:\/\/vcycletech.com\/#website"},"primaryImageOfPage":{"@id":"https:\/\/vcycletech.com\/product\/wt-409-sludge-stripper\/#primaryimage"},"image":{"@id":"https:\/\/vcycletech.com\/product\/wt-409-sludge-stripper\/#primaryimage"},"thumbnailUrl":"https:\/\/vcycletech.com\/wp-content\/uploads\/2023\/03\/DBNPA-4-e1679628598182.png","datePublished":"2023-03-21T08:33:07+00:00","dateModified":"2023-03-27T06:12:28+00:00","description":"Mantenga sus superficies limpias con WT-409 Sludge Stripper, la soluci\u00f3n de limpieza avanzada compuesta por surfactante cati\u00f3nico, agente penetrante y dispersante. Experimente una desinfecci\u00f3n eficaz y una eliminaci\u00f3n de lodos: \u00a1pruebe el WT-409 hoy mismo!","breadcrumb":{"@id":"https:\/\/vcycletech.com\/product\/wt-409-sludge-stripper\/#breadcrumb"},"inLanguage":"es","potentialAction":[{"@type":"ReadAction","target":["https:\/\/vcycletech.com\/product\/wt-409-sludge-stripper\/"]}]},{"@type":"ImageObject","inLanguage":"es","@id":"https:\/\/vcycletech.com\/product\/wt-409-sludge-stripper\/#primaryimage","url":"https:\/\/vcycletech.com\/wp-content\/uploads\/2023\/03\/DBNPA-4-e1679628598182.png","contentUrl":"https:\/\/vcycletech.com\/wp-content\/uploads\/2023\/03\/DBNPA-4-e1679628598182.png","width":600,"height":600,"caption":"WT-409 Sludge Stripper"},{"@type":"BreadcrumbList","@id":"https:\/\/vcycletech.com\/product\/wt-409-sludge-stripper\/#breadcrumb","itemListElement":[{"@type":"ListItem","position":1,"name":"Home","item":"https:\/\/vcycletech.com\/"},{"@type":"ListItem","position":2,"name":"Water Treatment Chemicals Manufacturer","item":"https:\/\/vcycletech.com\/water-treatment-chemicals-manufacturer\/"},{"@type":"ListItem","position":3,"name":"WT-409 Sludge Stripper"}]},{"@type":"WebSite","@id":"https:\/\/vcycletech.com\/#website","url":"https:\/\/vcycletech.com\/","name":"vcycletech","description":"El principal proveedor de productos qu\u00edmicos para el tratamiento del agua de China y #039;","publisher":{"@id":"https:\/\/vcycletech.com\/#organization"},"potentialAction":[{"@type":"SearchAction","target":{"@type":"EntryPoint","urlTemplate":"https:\/\/vcycletech.com\/?s={search_term_string}"},"query-input":{"@type":"PropertyValueSpecification","valueRequired":true,"valueName":"search_term_string"}}],"inLanguage":"es"},{"@type":"Organization","@id":"https:\/\/vcycletech.com\/#organization","name":"vcycletech","url":"https:\/\/vcycletech.com\/","logo":{"@type":"ImageObject","inLanguage":"es","@id":"https:\/\/vcycletech.com\/#\/schema\/logo\/image\/","url":"https:\/\/vcycletech.com\/wp-content\/uploads\/2023\/03\/logo-vcycletech-1.png","contentUrl":"https:\/\/vcycletech.com\/wp-content\/uploads\/2023\/03\/logo-vcycletech-1.png","width":600,"height":400,"caption":"vcycletech"},"image":{"@id":"https:\/\/vcycletech.com\/#\/schema\/logo\/image\/"}}]}},"_links":{"self":[{"href":"https:\/\/vcycletech.com\/es\/wp-json\/wp\/v2\/product\/1162","targetHints":{"allow":["GET"]}}],"collection":[{"href":"https:\/\/vcycletech.com\/es\/wp-json\/wp\/v2\/product"}],"about":[{"href":"https:\/\/vcycletech.com\/es\/wp-json\/wp\/v2\/types\/product"}],"wp:featuredmedia":[{"embeddable":true,"href":"https:\/\/vcycletech.com\/es\/wp-json\/wp\/v2\/media\/1169"}],"wp:attachment":[{"href":"https:\/\/vcycletech.com\/es\/wp-json\/wp\/v2\/media?parent=1162"}],"wp:term":[{"taxonomy":"product_brand","embeddable":true,"href":"https:\/\/vcycletech.com\/es\/wp-json\/wp\/v2\/product_brand?post=1162"},{"taxonomy":"product_cat","embeddable":true,"href":"https:\/\/vcycletech.com\/es\/wp-json\/wp\/v2\/product_cat?post=1162"},{"taxonomy":"product_tag","embeddable":true,"href":"https:\/\/vcycletech.com\/es\/wp-json\/wp\/v2\/product_tag?post=1162"}],"curies":[{"name":"wp","href":"https:\/\/api.w.org\/{rel}","templated":true}]}}