{"id":1152,"date":"2023-03-21T08:19:13","date_gmt":"2023-03-21T08:19:13","guid":{"rendered":"https:\/\/vcycletech.com\/?post_type=product&#038;p=1152"},"modified":"2023-03-27T06:24:25","modified_gmt":"2023-03-27T06:24:25","slug":"acido-acrilico-acrilato-acido-fosfonico-sulfosal-tetra-copolimero-kr-241","status":"publish","type":"product","link":"https:\/\/vcycletech.com\/es\/producto\/acido-acrilico-acrilato-acido-fosfonico-sulfosal-tetra-copolimero-kr-241\/","title":{"rendered":"\u00c1cido acr\u00edlico\/acrilato\/\u00e1cido fosf\u00f3nico\/tetracopol\u00edmero de sulfosalto (WT-241)"},"content":{"rendered":"<h3>Propiedades:<\/h3>\n<p>WT-241 es un copol\u00edmero de grupos de \u00e1cido carbox\u00edlico, hidrox\u00edlico y sulf\u00f3nico, que ayuda a inhibir eficazmente la formaci\u00f3n de incrustaciones de fosfato de calcio y carbonato de calcio. Cuando se utiliza en sistemas de circulaci\u00f3n de agua fr\u00eda con organofosforados, WT-241 demuestra fuertes efectos sin\u00e9rgicos con otros agentes que ayudan a aumentar su rendimiento de inhibici\u00f3n de incrustaciones. Este compuesto qu\u00edmico vers\u00e1til y confiable es ideal para aplicaciones profesionales y meticulosas en su industria.<\/p>\n<h3>Especificaci\u00f3n:<\/h3>\n<div id=\"footable_parent_1154\"\n         class=\"footable_parent ninja_table_wrapper loading_ninja_table wp_table_data_press_parent semantic_ui\">\n                <table data-ninja_table_instance=\"ninja_table_instance_0\" data-footable_id=\"1154\" data-filter-delay=\"1000\" aria-label=\"Tetra-copol\u00edmero de sulfosalt.csv\"            id=\"footable_1154\"\n           data-unique_identifier=\"ninja_table_unique_id_1163566419_1154\"\n           class=\"foo-table ninja_footable foo_table_1154 ninja_table_unique_id_1163566419_1154 ui table  nt_type_legacy_table selectable striped vertical_centered  footable-paging-right ninja_table_pro\">\n                <colgroup>\n                            <col class=\"ninja_column_0\">\n                            <col class=\"ninja_column_1\">\n                    <\/colgroup>\n        <thead>\n<tr class=\"footable-header\">\n                                        <th scope=\"col\"  class=\"ninja_column_0 ninja_clmn_nm_items\">Art\u00edculos<\/th><th scope=\"col\"  class=\"ninja_column_1 ninja_clmn_nm_index\">\u00cdndice<\/th><\/tr>\n<\/thead>\n<tbody>\n\n        <tr data-row_id=\"247\" class=\"ninja_table_row_0 nt_row_id_247\">\n            <td>Apariencia<\/td><td>L\u00edquido transparente amarillo p\u00e1lido<\/td>        <\/tr>\n            <tr data-row_id=\"248\" class=\"ninja_table_row_1 nt_row_id_248\">\n            <td>Contenido s\u00f3lido, %<\/td><td>35,0 minutos<\/td>        <\/tr>\n            <tr data-row_id=\"249\" class=\"ninja_table_row_2 nt_row_id_249\">\n            <td>Mon\u00f3mero libre (como AA), %<\/td><td>0,5 m\u00e1x.<\/td>        <\/tr>\n            <tr data-row_id=\"250\" class=\"ninja_table_row_3 nt_row_id_250\">\n            <td>Densidad (20 \u2103), g\/cm3<\/td><td>1.1~1.2<\/td>        <\/tr>\n            <tr data-row_id=\"251\" class=\"ninja_table_row_4 nt_row_id_251\">\n            <td>pH (soluci\u00f3n de agua 1%)<\/td><td>3.0~5.0<\/td>        <\/tr>\n    <\/tbody><!--ninja_tobody_rendering_done-->\n    <\/table>\n    \n    \n    \n<\/div>\n\n<h3 class=\"my-0.5\">Uso:<\/h3>\n<p class=\"my-0.5\">Este producto se usa mejor a 5-25 mg\/L. Cuando se combina con organofosforados, la dosis debe reducirse entre 1 y 10 mg\/L y el valor del pH debe permanecer entre 7,0 y 9,5.<\/p>\n<h3 class=\"my-0.5\">Paquete y almacenamiento:<\/h3>\n<p class=\"my-0.5\">El producto viene en bidones de pl\u00e1stico de 200 l o IBC (1000 l) y se puede personalizar para satisfacer los requisitos del cliente. Para una vida \u00fatil \u00f3ptima, gu\u00e1rdelo en un \u00e1rea seca y sombreada hasta por un a\u00f1o.<\/p>\n<h3>Preguntas frecuentes:<\/h3>\n<p><strong>P1: \u00bfQu\u00e9 es el \u00e1cido acr\u00edlico\/acrilato\/\u00e1cido fosf\u00f3nico\/tetracopol\u00edmero de sulfosalto (WT-241)?<\/strong><br \/>\nEl tetracopol\u00edmero de \u00e1cido acr\u00edlico\/acrilato\/\u00e1cido fosf\u00f3nico\/sulfosalto (WT-241) es un qu\u00edmico para el tratamiento del agua que combina cuatro \u00e1cidos diferentes (\u00e1cido acr\u00edlico, acrilato, \u00e1cido fosf\u00f3nico y sulfosalto) en una estructura de tetracopol\u00edmero. Esta combinaci\u00f3n de \u00e1cidos proporciona propiedades de quelaci\u00f3n y dispersi\u00f3n altamente efectivas, as\u00ed como una solubilidad mejorada y una mayor biodegradabilidad en comparaci\u00f3n con otros productos similares. WT-241 se utiliza en aplicaciones de tratamiento de aguas residuales industriales y municipales para ayudar a eliminar metales pesados y otros contaminantes de las fuentes de agua.<\/p>\n<p><strong>P2: \u00bfCu\u00e1les son los beneficios de usar \u00e1cido acr\u00edlico\/acrilato\/\u00e1cido fosf\u00f3nico\/tetracopol\u00edmero de sulfosalto (WT-241)?<\/strong><br \/>\nLos principales beneficios de usar WT-241 para el tratamiento del agua incluyen una mejor solubilidad, un mejor rendimiento de quelaci\u00f3n, mayores tasas de biodegradaci\u00f3n, mejores capacidades de dispersi\u00f3n y una formaci\u00f3n reducida de complejos met\u00e1licos insolubles. Adem\u00e1s, WT-241 proporciona un excelente rendimiento en dosis bajas debido a su alta eficiencia relativa cuando se usa para tratamientos de complejaci\u00f3n. Finalmente, se ha demostrado que WT-241 es rentable en comparaci\u00f3n con otros productos qu\u00edmicos de tratamiento debido a su capacidad para funcionar a concentraciones m\u00e1s bajas en comparaci\u00f3n con los productos de la competencia.<\/p>\n<p><strong>P3: \u00bfC\u00f3mo funciona el \u00e1cido acr\u00edlico\/acrilato\/\u00e1cido fosf\u00f3nico\/tetracopol\u00edmero de sulfosalto (WT-241)?<\/strong><br \/>\nCuando se agrega WT-241 a una fuente de agua, forma un complejo con metales pesados como plomo, cobre y ars\u00e9nico, lo que evita que estos metales se unan a otras sustancias en el agua y al mismo tiempo proporciona una mayor solubilidad, lo que permite que se eliminen m\u00e1s f\u00e1cilmente a trav\u00e9s de procesos de filtraci\u00f3n o adsorci\u00f3n. Adem\u00e1s, la combinaci\u00f3n de estos cuatro \u00e1cidos proporciona fuertes fuerzas electrost\u00e1ticas que ayudan a dispersar las part\u00edculas de metal de manera uniforme en toda la soluci\u00f3n para una eliminaci\u00f3n m\u00e1s r\u00e1pida de la fuente de agua sin sedimentarse ni formar grumos que puedan impedir su proceso de eliminaci\u00f3n.<\/p>\n<p><strong>P4:\u00bfPara qu\u00e9 tipos de aplicaciones se puede utilizar el \u00e1cido acr\u00edlico\/acrilato\/\u00e1cido fosf\u00f3nico\/tetracopol\u00edmero de sulfosalto (WT-241)?<\/strong><br \/>\nEl WT-241 se ha utilizado ampliamente en aplicaciones de tratamiento de aguas residuales industriales, incluidas las operaciones de acabado de metales como la galvanoplastia; sistemas de torres de enfriamiento; procesos de pre o post-tratamiento de \u00f3smosis inversa; y proyectos de remediaci\u00f3n de aguas pluviales o aguas residuales donde se puede usar como coagulante primario o floculante secundario dependiendo de la naturaleza del contaminante presente en la fuente de agua. Adem\u00e1s, WT 241 tambi\u00e9n se ha aplicado con \u00e9xito en instalaciones de tratamiento de aguas residuales municipales, donde puede eliminar metales pesados de manera efectiva y, al mismo tiempo, proporciona capacidades mejoradas de deshidrataci\u00f3n de lodos a trav\u00e9s de un mejor rendimiento de floculaci\u00f3n durante los procesos de clarificaci\u00f3n.<\/p>\n<p><strong>P5: \u00bfQu\u00e9 precauciones de seguridad se deben tomar al manipular \u00e1cido acr\u00edlico\/acrilato\/\u00e1cido fosf\u00f3nico\/copol\u00edmero de sulfosalto tetra (WT 241)?<\/strong><br \/>\nAl igual que con cualquier procedimiento de manipulaci\u00f3n de productos qu\u00edmicos, se deben seguir los protocolos de seguridad adecuados, incluido el uso de guantes protectores y gafas protectoras al entrar en contacto con este producto, as\u00ed como garantizar una ventilaci\u00f3n adecuada durante el uso, ya que la inhalaci\u00f3n puede causar tos o irritaci\u00f3n respiratoria debido a su fuerte perfil de olor. Adem\u00e1s, el WT 241 no debe entrar en contacto directo con la piel ya que puede causar irritaci\u00f3n y cualquier salpicadura debe lavarse inmediatamente con abundante agua corriente durante al menos 15 minutos antes de buscar atenci\u00f3n m\u00e9dica si es necesario.<\/p>\n<p><a href=\"https:\/\/vcycletech.com\/es\/categoria-de-producto\/policarboxilico-antiincrustante-y-dispersante\/\">Obtenga la soluci\u00f3n dispersante y antiincrustante policarbox\u00edlico completo<\/a><\/p>","protected":false},"excerpt":{"rendered":"<div class=\"break-words markdown-formatted-text\">\n<p class=\"my-0.5\"><strong>WT-241<\/strong> es un tetra-copol\u00edmero de \u00e1cido acr\u00edlico\/acrilato\/\u00e1cido fosf\u00f3nico\/sulfosal que tiene una amplia gama de aplicaciones. Se utiliza como inhibidor de incrustaciones en el tratamiento de aguas, brindando un excelente desempe\u00f1o contra las incrustaciones de fosfato de calcio y carbonato de calcio. Tambi\u00e9n tiene propiedades inhibidoras de la corrosi\u00f3n y se puede utilizar para mejorar la eficiencia de otros productos qu\u00edmicos para el tratamiento del agua. Adem\u00e1s, <strong>WT-241<\/strong> se puede utilizar como dispersante de part\u00edculas org\u00e1nicas e inorg\u00e1nicas, ayudando a mantenerlas suspendidas en el agua.<\/p>\n<\/div>\n<div class=\"flex w-full items-center justify-end flex-wrap pt-0 !mt-2 @md:!mt-0 @md:pt-1.5\" data-exclude-from-screenshot=\"true\"><\/div>","protected":false},"featured_media":2841,"template":"","meta":{"site-sidebar-layout":"default","site-content-layout":"default","ast-site-content-layout":"default","site-content-style":"default","site-sidebar-style":"default","ast-global-header-display":"","ast-banner-title-visibility":"","ast-main-header-display":"","ast-hfb-above-header-display":"","ast-hfb-below-header-display":"","ast-hfb-mobile-header-display":"","site-post-title":"","ast-breadcrumbs-content":"","ast-featured-img":"","footer-sml-layout":"","ast-disable-related-posts":"","theme-transparent-header-meta":"default","adv-header-id-meta":"","stick-header-meta":"default","header-above-stick-meta":"","header-main-stick-meta":"","header-below-stick-meta":"","astra-migrate-meta-layouts":"default","ast-page-background-enabled":"default","ast-page-background-meta":{"desktop":{"background-color":"","background-image":"","background-repeat":"repeat","background-position":"center center","background-size":"auto","background-attachment":"scroll","background-type":"","background-media":"","overlay-type":"","overlay-color":"","overlay-opacity":"","overlay-gradient":""},"tablet":{"background-color":"","background-image":"","background-repeat":"repeat","background-position":"center center","background-size":"auto","background-attachment":"scroll","background-type":"","background-media":"","overlay-type":"","overlay-color":"","overlay-opacity":"","overlay-gradient":""},"mobile":{"background-color":"","background-image":"","background-repeat":"repeat","background-position":"center center","background-size":"auto","background-attachment":"scroll","background-type":"","background-media":"","overlay-type":"","overlay-color":"","overlay-opacity":"","overlay-gradient":""}},"ast-content-background-meta":{"desktop":{"background-color":"var(--ast-global-color-5)","background-image":"","background-repeat":"repeat","background-position":"center center","background-size":"auto","background-attachment":"scroll","background-type":"","background-media":"","overlay-type":"","overlay-color":"","overlay-opacity":"","overlay-gradient":""},"tablet":{"background-color":"var(--ast-global-color-5)","background-image":"","background-repeat":"repeat","background-position":"center center","background-size":"auto","background-attachment":"scroll","background-type":"","background-media":"","overlay-type":"","overlay-color":"","overlay-opacity":"","overlay-gradient":""},"mobile":{"background-color":"var(--ast-global-color-5)","background-image":"","background-repeat":"repeat","background-position":"center center","background-size":"auto","background-attachment":"scroll","background-type":"","background-media":"","overlay-type":"","overlay-color":"","overlay-opacity":"","overlay-gradient":""}}},"product_brand":[],"product_cat":[28],"product_tag":[],"class_list":{"0":"post-1152","1":"product","2":"type-product","3":"status-publish","4":"has-post-thumbnail","6":"product_cat-polycarboxylic-antiscalant-and-dispersant","7":"desktop-align-left","8":"tablet-align-left","9":"mobile-align-left","10":"ast-product-gallery-layout-horizontal-slider","11":"ast-product-gallery-with-no-image","12":"ast-product-tabs-layout-horizontal","14":"first","15":"instock","16":"shipping-taxable","17":"product-type-simple"},"yoast_head":"<!-- This site is optimized with the Yoast SEO Premium plugin v26.3 (Yoast SEO v27.3) - https:\/\/yoast.com\/product\/yoast-seo-premium-wordpress\/ -->\n<title>Acrylic Acid\/Acrylate\/Phosphonic Acid\/Sulfosalt Tetra-copolymer (WT-241) - vcycletech<\/title>\n<meta name=\"description\" content=\"Get the best scale inhibition performance with WT-241 Acrylic Acid\/Acrylate\/Phosphonic Acid\/Sulfosalt Tetra-copolymer! Try it today!\" \/>\n<meta name=\"robots\" content=\"index, follow, max-snippet:-1, max-image-preview:large, max-video-preview:-1\" \/>\n<link rel=\"canonical\" href=\"https:\/\/vcycletech.com\/es\/producto\/acido-acrilico-acrilato-acido-fosfonico-sulfosal-tetra-copolimero-kr-241\/\" \/>\n<meta property=\"og:locale\" content=\"es_MX\" \/>\n<meta property=\"og:type\" content=\"article\" \/>\n<meta property=\"og:title\" content=\"Acrylic Acid\/Acrylate\/Phosphonic Acid\/Sulfosalt Tetra-copolymer (WT-241)\" \/>\n<meta property=\"og:description\" content=\"Get the best scale inhibition performance with WT-241 Acrylic Acid\/Acrylate\/Phosphonic Acid\/Sulfosalt Tetra-copolymer! Try it today!\" \/>\n<meta property=\"og:url\" content=\"https:\/\/vcycletech.com\/es\/producto\/acido-acrilico-acrilato-acido-fosfonico-sulfosal-tetra-copolimero-kr-241\/\" \/>\n<meta property=\"og:site_name\" content=\"vcycletech\" \/>\n<meta property=\"article:modified_time\" content=\"2023-03-27T06:24:25+00:00\" \/>\n<meta property=\"og:image\" content=\"https:\/\/vcycletech.com\/wp-content\/uploads\/2023\/03\/12.png\" \/>\n\t<meta property=\"og:image:width\" content=\"600\" \/>\n\t<meta property=\"og:image:height\" content=\"600\" \/>\n\t<meta property=\"og:image:type\" content=\"image\/png\" \/>\n<meta name=\"twitter:card\" content=\"summary_large_image\" \/>\n<meta name=\"twitter:label1\" content=\"Tiempo de lectura\" \/>\n\t<meta name=\"twitter:data1\" content=\"3 minutos\" \/>\n<script type=\"application\/ld+json\" class=\"yoast-schema-graph\">{\"@context\":\"https:\\\/\\\/schema.org\",\"@graph\":[{\"@type\":\"WebPage\",\"@id\":\"https:\\\/\\\/vcycletech.com\\\/product\\\/acrylic-acid-acrylate-phosphonic-acid-sulfosalt-tetra-copolymer-wt-241\\\/\",\"url\":\"https:\\\/\\\/vcycletech.com\\\/product\\\/acrylic-acid-acrylate-phosphonic-acid-sulfosalt-tetra-copolymer-wt-241\\\/\",\"name\":\"Acrylic Acid\\\/Acrylate\\\/Phosphonic Acid\\\/Sulfosalt Tetra-copolymer (WT-241) - vcycletech\",\"isPartOf\":{\"@id\":\"https:\\\/\\\/vcycletech.com\\\/#website\"},\"primaryImageOfPage\":{\"@id\":\"https:\\\/\\\/vcycletech.com\\\/product\\\/acrylic-acid-acrylate-phosphonic-acid-sulfosalt-tetra-copolymer-wt-241\\\/#primaryimage\"},\"image\":{\"@id\":\"https:\\\/\\\/vcycletech.com\\\/product\\\/acrylic-acid-acrylate-phosphonic-acid-sulfosalt-tetra-copolymer-wt-241\\\/#primaryimage\"},\"thumbnailUrl\":\"https:\\\/\\\/vcycletech.com\\\/wp-content\\\/uploads\\\/2023\\\/03\\\/12.png\",\"datePublished\":\"2023-03-21T08:19:13+00:00\",\"dateModified\":\"2023-03-27T06:24:25+00:00\",\"description\":\"Get the best scale inhibition performance with WT-241 Acrylic Acid\\\/Acrylate\\\/Phosphonic Acid\\\/Sulfosalt Tetra-copolymer! Try it today!\",\"breadcrumb\":{\"@id\":\"https:\\\/\\\/vcycletech.com\\\/product\\\/acrylic-acid-acrylate-phosphonic-acid-sulfosalt-tetra-copolymer-wt-241\\\/#breadcrumb\"},\"inLanguage\":\"es\",\"potentialAction\":[{\"@type\":\"ReadAction\",\"target\":[\"https:\\\/\\\/vcycletech.com\\\/product\\\/acrylic-acid-acrylate-phosphonic-acid-sulfosalt-tetra-copolymer-wt-241\\\/\"]}]},{\"@type\":\"ImageObject\",\"inLanguage\":\"es\",\"@id\":\"https:\\\/\\\/vcycletech.com\\\/product\\\/acrylic-acid-acrylate-phosphonic-acid-sulfosalt-tetra-copolymer-wt-241\\\/#primaryimage\",\"url\":\"https:\\\/\\\/vcycletech.com\\\/wp-content\\\/uploads\\\/2023\\\/03\\\/12.png\",\"contentUrl\":\"https:\\\/\\\/vcycletech.com\\\/wp-content\\\/uploads\\\/2023\\\/03\\\/12.png\",\"width\":600,\"height\":600,\"caption\":\"Acrylic Acid\\\/Acrylate\\\/Phosphonic Acid\\\/Sulfosalt Tetra-copolymer (WT- 241)\"},{\"@type\":\"BreadcrumbList\",\"@id\":\"https:\\\/\\\/vcycletech.com\\\/product\\\/acrylic-acid-acrylate-phosphonic-acid-sulfosalt-tetra-copolymer-wt-241\\\/#breadcrumb\",\"itemListElement\":[{\"@type\":\"ListItem\",\"position\":1,\"name\":\"Home\",\"item\":\"https:\\\/\\\/vcycletech.com\\\/\"},{\"@type\":\"ListItem\",\"position\":2,\"name\":\"Water Treatment Chemicals Manufacturer\",\"item\":\"https:\\\/\\\/vcycletech.com\\\/water-treatment-chemicals-manufacturer\\\/\"},{\"@type\":\"ListItem\",\"position\":3,\"name\":\"Acrylic Acid\\\/Acrylate\\\/Phosphonic Acid\\\/Sulfosalt Tetra-copolymer (WT-241)\"}]},{\"@type\":\"WebSite\",\"@id\":\"https:\\\/\\\/vcycletech.com\\\/#website\",\"url\":\"https:\\\/\\\/vcycletech.com\\\/\",\"name\":\"vcycletech\",\"description\":\"China&#039;s top water treatment chemicals supplier\",\"publisher\":{\"@id\":\"https:\\\/\\\/vcycletech.com\\\/#organization\"},\"potentialAction\":[{\"@type\":\"SearchAction\",\"target\":{\"@type\":\"EntryPoint\",\"urlTemplate\":\"https:\\\/\\\/vcycletech.com\\\/?s={search_term_string}\"},\"query-input\":{\"@type\":\"PropertyValueSpecification\",\"valueRequired\":true,\"valueName\":\"search_term_string\"}}],\"inLanguage\":\"es\"},{\"@type\":\"Organization\",\"@id\":\"https:\\\/\\\/vcycletech.com\\\/#organization\",\"name\":\"vcycletech\",\"url\":\"https:\\\/\\\/vcycletech.com\\\/\",\"logo\":{\"@type\":\"ImageObject\",\"inLanguage\":\"es\",\"@id\":\"https:\\\/\\\/vcycletech.com\\\/#\\\/schema\\\/logo\\\/image\\\/\",\"url\":\"https:\\\/\\\/vcycletech.com\\\/wp-content\\\/uploads\\\/2023\\\/03\\\/logo-vcycletech-1.png\",\"contentUrl\":\"https:\\\/\\\/vcycletech.com\\\/wp-content\\\/uploads\\\/2023\\\/03\\\/logo-vcycletech-1.png\",\"width\":600,\"height\":400,\"caption\":\"vcycletech\"},\"image\":{\"@id\":\"https:\\\/\\\/vcycletech.com\\\/#\\\/schema\\\/logo\\\/image\\\/\"}}]}<\/script>\n<!-- \/ Yoast SEO Premium plugin. -->","yoast_head_json":{"title":"\u00c1cido acr\u00edlico\/acrilato\/\u00e1cido fosf\u00f3nico\/tetracopol\u00edmero de sulfosal (WT-241) - vcycletech","description":"\u00a1Obtenga el mejor rendimiento de inhibici\u00f3n de incrustaciones con el \u00e1cido acr\u00edlico\/acrilato\/\u00e1cido fosf\u00f3nico\/tetracopol\u00edmero de sulfosal WT-241! \u00a1Pru\u00e9balo hoy!","robots":{"index":"index","follow":"follow","max-snippet":"max-snippet:-1","max-image-preview":"max-image-preview:large","max-video-preview":"max-video-preview:-1"},"canonical":"https:\/\/vcycletech.com\/es\/producto\/acido-acrilico-acrilato-acido-fosfonico-sulfosal-tetra-copolimero-kr-241\/","og_locale":"es_MX","og_type":"article","og_title":"Acrylic Acid\/Acrylate\/Phosphonic Acid\/Sulfosalt Tetra-copolymer (WT-241)","og_description":"Get the best scale inhibition performance with WT-241 Acrylic Acid\/Acrylate\/Phosphonic Acid\/Sulfosalt Tetra-copolymer! Try it today!","og_url":"https:\/\/vcycletech.com\/es\/producto\/acido-acrilico-acrilato-acido-fosfonico-sulfosal-tetra-copolimero-kr-241\/","og_site_name":"vcycletech","article_modified_time":"2023-03-27T06:24:25+00:00","og_image":[{"width":600,"height":600,"url":"https:\/\/vcycletech.com\/wp-content\/uploads\/2023\/03\/12.png","type":"image\/png"}],"twitter_card":"summary_large_image","twitter_misc":{"Tiempo de lectura":"3 minutos"},"schema":{"@context":"https:\/\/schema.org","@graph":[{"@type":"WebPage","@id":"https:\/\/vcycletech.com\/product\/acrylic-acid-acrylate-phosphonic-acid-sulfosalt-tetra-copolymer-wt-241\/","url":"https:\/\/vcycletech.com\/product\/acrylic-acid-acrylate-phosphonic-acid-sulfosalt-tetra-copolymer-wt-241\/","name":"\u00c1cido acr\u00edlico\/acrilato\/\u00e1cido fosf\u00f3nico\/tetracopol\u00edmero de sulfosal (WT-241) - vcycletech","isPartOf":{"@id":"https:\/\/vcycletech.com\/#website"},"primaryImageOfPage":{"@id":"https:\/\/vcycletech.com\/product\/acrylic-acid-acrylate-phosphonic-acid-sulfosalt-tetra-copolymer-wt-241\/#primaryimage"},"image":{"@id":"https:\/\/vcycletech.com\/product\/acrylic-acid-acrylate-phosphonic-acid-sulfosalt-tetra-copolymer-wt-241\/#primaryimage"},"thumbnailUrl":"https:\/\/vcycletech.com\/wp-content\/uploads\/2023\/03\/12.png","datePublished":"2023-03-21T08:19:13+00:00","dateModified":"2023-03-27T06:24:25+00:00","description":"\u00a1Obtenga el mejor rendimiento de inhibici\u00f3n de incrustaciones con el \u00e1cido acr\u00edlico\/acrilato\/\u00e1cido fosf\u00f3nico\/tetracopol\u00edmero de sulfosal WT-241! \u00a1Pru\u00e9balo hoy!","breadcrumb":{"@id":"https:\/\/vcycletech.com\/product\/acrylic-acid-acrylate-phosphonic-acid-sulfosalt-tetra-copolymer-wt-241\/#breadcrumb"},"inLanguage":"es","potentialAction":[{"@type":"ReadAction","target":["https:\/\/vcycletech.com\/product\/acrylic-acid-acrylate-phosphonic-acid-sulfosalt-tetra-copolymer-wt-241\/"]}]},{"@type":"ImageObject","inLanguage":"es","@id":"https:\/\/vcycletech.com\/product\/acrylic-acid-acrylate-phosphonic-acid-sulfosalt-tetra-copolymer-wt-241\/#primaryimage","url":"https:\/\/vcycletech.com\/wp-content\/uploads\/2023\/03\/12.png","contentUrl":"https:\/\/vcycletech.com\/wp-content\/uploads\/2023\/03\/12.png","width":600,"height":600,"caption":"Acrylic Acid\/Acrylate\/Phosphonic Acid\/Sulfosalt Tetra-copolymer (WT- 241)"},{"@type":"BreadcrumbList","@id":"https:\/\/vcycletech.com\/product\/acrylic-acid-acrylate-phosphonic-acid-sulfosalt-tetra-copolymer-wt-241\/#breadcrumb","itemListElement":[{"@type":"ListItem","position":1,"name":"Home","item":"https:\/\/vcycletech.com\/"},{"@type":"ListItem","position":2,"name":"Water Treatment Chemicals Manufacturer","item":"https:\/\/vcycletech.com\/water-treatment-chemicals-manufacturer\/"},{"@type":"ListItem","position":3,"name":"Acrylic Acid\/Acrylate\/Phosphonic Acid\/Sulfosalt Tetra-copolymer (WT-241)"}]},{"@type":"WebSite","@id":"https:\/\/vcycletech.com\/#website","url":"https:\/\/vcycletech.com\/","name":"vcycletech","description":"El principal proveedor de productos qu\u00edmicos para el tratamiento del agua de China y #039;","publisher":{"@id":"https:\/\/vcycletech.com\/#organization"},"potentialAction":[{"@type":"SearchAction","target":{"@type":"EntryPoint","urlTemplate":"https:\/\/vcycletech.com\/?s={search_term_string}"},"query-input":{"@type":"PropertyValueSpecification","valueRequired":true,"valueName":"search_term_string"}}],"inLanguage":"es"},{"@type":"Organization","@id":"https:\/\/vcycletech.com\/#organization","name":"vcycletech","url":"https:\/\/vcycletech.com\/","logo":{"@type":"ImageObject","inLanguage":"es","@id":"https:\/\/vcycletech.com\/#\/schema\/logo\/image\/","url":"https:\/\/vcycletech.com\/wp-content\/uploads\/2023\/03\/logo-vcycletech-1.png","contentUrl":"https:\/\/vcycletech.com\/wp-content\/uploads\/2023\/03\/logo-vcycletech-1.png","width":600,"height":400,"caption":"vcycletech"},"image":{"@id":"https:\/\/vcycletech.com\/#\/schema\/logo\/image\/"}}]}},"_links":{"self":[{"href":"https:\/\/vcycletech.com\/es\/wp-json\/wp\/v2\/product\/1152","targetHints":{"allow":["GET"]}}],"collection":[{"href":"https:\/\/vcycletech.com\/es\/wp-json\/wp\/v2\/product"}],"about":[{"href":"https:\/\/vcycletech.com\/es\/wp-json\/wp\/v2\/types\/product"}],"wp:featuredmedia":[{"embeddable":true,"href":"https:\/\/vcycletech.com\/es\/wp-json\/wp\/v2\/media\/2841"}],"wp:attachment":[{"href":"https:\/\/vcycletech.com\/es\/wp-json\/wp\/v2\/media?parent=1152"}],"wp:term":[{"taxonomy":"product_brand","embeddable":true,"href":"https:\/\/vcycletech.com\/es\/wp-json\/wp\/v2\/product_brand?post=1152"},{"taxonomy":"product_cat","embeddable":true,"href":"https:\/\/vcycletech.com\/es\/wp-json\/wp\/v2\/product_cat?post=1152"},{"taxonomy":"product_tag","embeddable":true,"href":"https:\/\/vcycletech.com\/es\/wp-json\/wp\/v2\/product_tag?post=1152"}],"curies":[{"name":"wp","href":"https:\/\/api.w.org\/{rel}","templated":true}]}}