{"id":1150,"date":"2023-03-21T08:32:48","date_gmt":"2023-03-21T08:32:48","guid":{"rendered":"https:\/\/vcycletech.com\/?post_type=product&#038;p=1150"},"modified":"2023-03-27T06:14:36","modified_gmt":"2023-03-27T06:14:36","slug":"2-mercaptobenzotiazol-mbt","status":"publish","type":"product","link":"https:\/\/vcycletech.com\/es\/producto\/2-mercaptobenzotiazol-mbt\/","title":{"rendered":"2-mercaptobenzotiazol (MBT)"},"content":{"rendered":"<h3>N\u00ba CAS 149-30-4 Peso molecular: 167,24<br \/>\nF\u00f3rmula molecular: C7H5NS2<br \/>\nF\u00f3rmula estructural:<\/h3>\n<figure id=\"attachment_1155\" aria-describedby=\"caption-attachment-1155\" style=\"width: 600px\" class=\"wp-caption alignnone\"><img fetchpriority=\"high\" decoding=\"async\" class=\"size-full wp-image-1155\" src=\"https:\/\/vcycletech.com\/wp-content\/uploads\/2023\/03\/1-34.png\" alt=\"2-mercaptobenzotiazol (MBT)\" width=\"600\" height=\"600\" srcset=\"https:\/\/vcycletech.com\/wp-content\/uploads\/2023\/03\/1-34.png 600w, https:\/\/vcycletech.com\/wp-content\/uploads\/2023\/03\/1-34-100x100.png 100w, https:\/\/vcycletech.com\/wp-content\/uploads\/2023\/03\/1-34-300x300.png 300w, https:\/\/vcycletech.com\/wp-content\/uploads\/2023\/03\/1-34-150x150.png 150w\" sizes=\"(max-width: 600px) 100vw, 600px\" \/><figcaption id=\"caption-attachment-1155\" class=\"wp-caption-text\">2-mercaptobenzotiazol (MBT)<\/figcaption><\/figure>\n<h3>Especificaci\u00f3n:<\/h3>\n<div id=\"footable_parent_1164\"\n         class=\"footable_parent ninja_table_wrapper loading_ninja_table wp_table_data_press_parent semantic_ui\">\n                <table data-ninja_table_instance=\"ninja_table_instance_0\" data-footable_id=\"1164\" data-filter-delay=\"1000\" aria-label=\"(MBT).csv\"            id=\"footable_1164\"\n           data-unique_identifier=\"ninja_table_unique_id_2240266242_1164\"\n           class=\"foo-table ninja_footable foo_table_1164 ninja_table_unique_id_2240266242_1164 ui table  nt_type_legacy_table selectable striped vertical_centered  footable-paging-right ninja_table_pro\">\n                <colgroup>\n                            <col class=\"ninja_column_0\">\n                            <col class=\"ninja_column_1\">\n                    <\/colgroup>\n        <thead>\n<tr class=\"footable-header\">\n                                        <th scope=\"col\"  class=\"ninja_column_0 ninja_clmn_nm_items\">Elementos<\/th><th scope=\"col\"  class=\"ninja_column_1 ninja_clmn_nm_index\">\u00cdndice<\/th><\/tr>\n<\/thead>\n<tbody>\n\n        <tr data-row_id=\"252\" class=\"ninja_table_row_0 nt_row_id_252\">\n            <td>Apariencia<\/td><td>Polvo blanco gris\u00e1ceo a amarillo<\/td>        <\/tr>\n            <tr data-row_id=\"253\" class=\"ninja_table_row_1 nt_row_id_253\">\n            <td>Contenido %<\/td><td>97,0 minutos<\/td>        <\/tr>\n            <tr data-row_id=\"254\" class=\"ninja_table_row_2 nt_row_id_254\">\n            <td>Punto de fusi\u00f3n inicial, \u2103<\/td><td>170.0 minutos<\/td>        <\/tr>\n            <tr data-row_id=\"255\" class=\"ninja_table_row_3 nt_row_id_255\">\n            <td>P\u00e9rdida de calor, %<\/td><td>0,40 m\u00e1x.<\/td>        <\/tr>\n            <tr data-row_id=\"256\" class=\"ninja_table_row_4 nt_row_id_256\">\n            <td>Contenido de ceniza, %<\/td><td>0,30 m\u00e1x.<\/td>        <\/tr>\n    <\/tbody><!--ninja_tobody_rendering_done-->\n    <\/table>\n    \n    \n    \n<\/div>\n\n<h3>Propiedades y Uso:<\/h3>\n<p><strong>2-mercaptobenzotiazol (MBT)<\/strong> tiene un olor ligeramente f\u00e9tido y un sabor amargo, pero no es venenoso. Es f\u00e1cilmente soluble en acetona de etilo, acetona, una soluci\u00f3n diluida de hidr\u00f3xido de sodio y carbonato de sodio, y tambi\u00e9n soluble en alcohol et\u00edlico. MBT no es f\u00e1cilmente soluble en benceno y es insoluble en agua y gasolina. Este hemi-ultra acelerante es ampliamente utilizado para vulcanizar cauchos naturales y sint\u00e9ticos. Sus principales aplicaciones son para la producci\u00f3n de neum\u00e1ticos de caucho, cinturones, zapatos y otros art\u00edculos t\u00e9cnicos de caucho.<\/p>\n<h3>Paquete y almacenamiento:<\/h3>\n<p><strong>2-mercaptobenzotiazol (MBT)<\/strong> deben envasarse en bolsas o recipientes herm\u00e9ticamente cerrados. El producto debe conservarse en lugares secos y frescos, alejado de la luz solar directa y fuentes de calor. La temperatura ambiente no debe exceder los 40 \u00b0C (104 \u00b0F). El tiempo de almacenamiento se limitar\u00e1 a dos a\u00f1os, ya que el producto puede degradarse con el tiempo. En bolsa de pl\u00e1stico o bolsa de papel kraft, 25 kg\/bolsa o requerimiento del cliente. Tambi\u00e9n se recomienda utilizar todo el paquete una vez abierto, ya que un almacenamiento prolongado puede disminuir su eficacia.<\/p>\n<h3>Sin\u00f3nimos:<\/h3>\n<p>MBT;2-MBT;2-mercaptobenzotiazol;2-benzotiazoltiona<\/p>\n<h3>Preguntas frecuentes sobre el 2-mercaptobenzotiazol (MBT):<\/h3>\n<p><strong>P1: \u00bfQu\u00e9 es el 2-mercaptobenzotiazol?<\/strong><br \/>\nEl 2-mercaptobenzotiazol (MBT) es un compuesto qu\u00edmico utilizado como acelerador de caucho y agente de vulcanizaci\u00f3n. Tambi\u00e9n se utiliza como antioxidante y antiozonante en productos de caucho sint\u00e9tico. MBT es un polvo de color blanco a amarillo claro con un ligero olor y es insoluble en agua.<\/p>\n<p><strong>P2:\u00bfCu\u00e1les son los efectos sobre la salud del 2-mercaptobenzotiazol?<\/strong><br \/>\nLa exposici\u00f3n a MBT puede irritar los ojos, la piel y el sistema respiratorio. La inhalaci\u00f3n de altos niveles de MBT puede causar dolores de cabeza, mareos, n\u00e1useas y v\u00f3mitos. Tambi\u00e9n se ha demostrado que MBT causa c\u00e1ncer en animales.<\/p>\n<p><strong>P3:\u00bfC\u00f3mo puedo evitar la exposici\u00f3n al 2-mercaptobenzotiazol?<\/strong><br \/>\nSi trabaja o entra en contacto con MBT, es esencial usar ropa protectora, como guantes, gafas y un respirador. Tambi\u00e9n es importante evitar el contacto de la piel con el qu\u00edmico y ventilar las \u00e1reas donde se usa MBT.<\/p>\n<p><strong>P4: \u00bfQu\u00e9 debo hacer si estoy expuesto al 2-mercaptobenzotiazol?<\/strong><br \/>\nSi entra en contacto con MBT, es importante lavar inmediatamente el \u00e1rea afectada con agua y jab\u00f3n durante al menos 15 minutos. Si ha estado expuesto a altos niveles de MBT, es esencial buscar atenci\u00f3n m\u00e9dica de inmediato.<\/p>\n<p><a href=\"https:\/\/vcycletech.com\/es\/inhibidor-corrosivo\/\"><strong>Obtenga la soluci\u00f3n completa de inhibidores de corrosi\u00f3n.<\/strong><\/a><\/p>","protected":false},"excerpt":{"rendered":"<p><strong>2-mercaptobenzotiazol (MBT)<\/strong> es un compuesto org\u00e1nico con la f\u00f3rmula C6H5NS. Es un tio\u00e9ter derivado del benzotiazol. Se presenta como un polvo cristalino blanco que es soluble en agua, etanol y \u00e9ter. <strong>2-mercaptobenzotiazol (MBT)<\/strong> se utiliza como inhibidor de la corrosi\u00f3n, antioxidante y aditivo de caucho. Encuentra aplicaci\u00f3n en la producci\u00f3n de aceites lubricantes, grasas, combustibles, pol\u00edmeros y elast\u00f3meros. Cont\u00e1ctenos hoy para obtener m\u00e1s informaci\u00f3n sobre nuestros productos o realizar un pedido. \u00a1No te decepcionar\u00e1s!<\/p>","protected":false},"featured_media":1165,"template":"","meta":{"site-sidebar-layout":"default","site-content-layout":"default","ast-site-content-layout":"default","site-content-style":"default","site-sidebar-style":"default","ast-global-header-display":"","ast-banner-title-visibility":"","ast-main-header-display":"","ast-hfb-above-header-display":"","ast-hfb-below-header-display":"","ast-hfb-mobile-header-display":"","site-post-title":"","ast-breadcrumbs-content":"","ast-featured-img":"","footer-sml-layout":"","ast-disable-related-posts":"","theme-transparent-header-meta":"default","adv-header-id-meta":"","stick-header-meta":"default","header-above-stick-meta":"","header-main-stick-meta":"","header-below-stick-meta":"","astra-migrate-meta-layouts":"default","ast-page-background-enabled":"default","ast-page-background-meta":{"desktop":{"background-color":"","background-image":"","background-repeat":"repeat","background-position":"center center","background-size":"auto","background-attachment":"scroll","background-type":"","background-media":"","overlay-type":"","overlay-color":"","overlay-opacity":"","overlay-gradient":""},"tablet":{"background-color":"","background-image":"","background-repeat":"repeat","background-position":"center center","background-size":"auto","background-attachment":"scroll","background-type":"","background-media":"","overlay-type":"","overlay-color":"","overlay-opacity":"","overlay-gradient":""},"mobile":{"background-color":"","background-image":"","background-repeat":"repeat","background-position":"center center","background-size":"auto","background-attachment":"scroll","background-type":"","background-media":"","overlay-type":"","overlay-color":"","overlay-opacity":"","overlay-gradient":""}},"ast-content-background-meta":{"desktop":{"background-color":"var(--ast-global-color-5)","background-image":"","background-repeat":"repeat","background-position":"center center","background-size":"auto","background-attachment":"scroll","background-type":"","background-media":"","overlay-type":"","overlay-color":"","overlay-opacity":"","overlay-gradient":""},"tablet":{"background-color":"var(--ast-global-color-5)","background-image":"","background-repeat":"repeat","background-position":"center center","background-size":"auto","background-attachment":"scroll","background-type":"","background-media":"","overlay-type":"","overlay-color":"","overlay-opacity":"","overlay-gradient":""},"mobile":{"background-color":"var(--ast-global-color-5)","background-image":"","background-repeat":"repeat","background-position":"center center","background-size":"auto","background-attachment":"scroll","background-type":"","background-media":"","overlay-type":"","overlay-color":"","overlay-opacity":"","overlay-gradient":""}}},"product_brand":[],"product_cat":[30],"product_tag":[],"class_list":{"0":"post-1150","1":"product","2":"type-product","3":"status-publish","4":"has-post-thumbnail","6":"product_cat-corrosion-inhibitors","7":"desktop-align-left","8":"tablet-align-left","9":"mobile-align-left","10":"ast-product-gallery-layout-horizontal-slider","11":"ast-product-tabs-layout-horizontal","13":"first","14":"instock","15":"shipping-taxable","16":"product-type-simple"},"yoast_head":"<!-- This site is optimized with the Yoast SEO Premium plugin v26.3 (Yoast SEO v27.3) - https:\/\/yoast.com\/product\/yoast-seo-premium-wordpress\/ -->\n<title>2-Mercaptobenzothiazole (MBT) - vcycletech<\/title>\n<meta name=\"description\" content=\"2-Mercaptobenzothiazole (MBT) is an organosulfur compound used in a variety of industrial applications. It is a white to light yellow crystalline powder that has an odor similar to garlic. MBT can be utilized as an accelerator in the manufacture of rubber compounds, as well as corrosion inhibition and antiwear agents. Additionally, it functions as a high-temperature plasticizer for polyvinyl chloride, phenol-formaldehyde resins, and rubber processing aids.\" \/>\n<meta name=\"robots\" content=\"index, follow, max-snippet:-1, max-image-preview:large, max-video-preview:-1\" \/>\n<link rel=\"canonical\" href=\"https:\/\/vcycletech.com\/es\/producto\/2-mercaptobenzotiazol-mbt\/\" \/>\n<meta property=\"og:locale\" content=\"es_MX\" \/>\n<meta property=\"og:type\" content=\"article\" \/>\n<meta property=\"og:title\" content=\"2-Mercaptobenzothiazole (MBT)\" \/>\n<meta property=\"og:description\" content=\"2-Mercaptobenzothiazole (MBT) is an organosulfur compound used in a variety of industrial applications. It is a white to light yellow crystalline powder that has an odor similar to garlic. MBT can be utilized as an accelerator in the manufacture of rubber compounds, as well as corrosion inhibition and antiwear agents. Additionally, it functions as a high-temperature plasticizer for polyvinyl chloride, phenol-formaldehyde resins, and rubber processing aids.\" \/>\n<meta property=\"og:url\" content=\"https:\/\/vcycletech.com\/es\/producto\/2-mercaptobenzotiazol-mbt\/\" \/>\n<meta property=\"og:site_name\" content=\"vcycletech\" \/>\n<meta property=\"article:modified_time\" content=\"2023-03-27T06:14:36+00:00\" \/>\n<meta property=\"og:image\" content=\"https:\/\/vcycletech.com\/wp-content\/uploads\/2023\/03\/1-36.png\" \/>\n\t<meta property=\"og:image:width\" content=\"600\" \/>\n\t<meta property=\"og:image:height\" content=\"600\" \/>\n\t<meta property=\"og:image:type\" content=\"image\/png\" \/>\n<meta name=\"twitter:card\" content=\"summary_large_image\" \/>\n<meta name=\"twitter:label1\" content=\"Tiempo de lectura\" \/>\n\t<meta name=\"twitter:data1\" content=\"2 minutos\" \/>\n<script type=\"application\/ld+json\" class=\"yoast-schema-graph\">{\"@context\":\"https:\\\/\\\/schema.org\",\"@graph\":[{\"@type\":\"WebPage\",\"@id\":\"https:\\\/\\\/vcycletech.com\\\/product\\\/2-mercaptobenzothiazole-mbt\\\/\",\"url\":\"https:\\\/\\\/vcycletech.com\\\/product\\\/2-mercaptobenzothiazole-mbt\\\/\",\"name\":\"2-Mercaptobenzothiazole (MBT) - vcycletech\",\"isPartOf\":{\"@id\":\"https:\\\/\\\/vcycletech.com\\\/#website\"},\"primaryImageOfPage\":{\"@id\":\"https:\\\/\\\/vcycletech.com\\\/product\\\/2-mercaptobenzothiazole-mbt\\\/#primaryimage\"},\"image\":{\"@id\":\"https:\\\/\\\/vcycletech.com\\\/product\\\/2-mercaptobenzothiazole-mbt\\\/#primaryimage\"},\"thumbnailUrl\":\"https:\\\/\\\/vcycletech.com\\\/wp-content\\\/uploads\\\/2023\\\/03\\\/1-36.png\",\"datePublished\":\"2023-03-21T08:32:48+00:00\",\"dateModified\":\"2023-03-27T06:14:36+00:00\",\"description\":\"2-Mercaptobenzothiazole (MBT) is an organosulfur compound used in a variety of industrial applications. It is a white to light yellow crystalline powder that has an odor similar to garlic. MBT can be utilized as an accelerator in the manufacture of rubber compounds, as well as corrosion inhibition and antiwear agents. Additionally, it functions as a high-temperature plasticizer for polyvinyl chloride, phenol-formaldehyde resins, and rubber processing aids.\",\"breadcrumb\":{\"@id\":\"https:\\\/\\\/vcycletech.com\\\/product\\\/2-mercaptobenzothiazole-mbt\\\/#breadcrumb\"},\"inLanguage\":\"es\",\"potentialAction\":[{\"@type\":\"ReadAction\",\"target\":[\"https:\\\/\\\/vcycletech.com\\\/product\\\/2-mercaptobenzothiazole-mbt\\\/\"]}]},{\"@type\":\"ImageObject\",\"inLanguage\":\"es\",\"@id\":\"https:\\\/\\\/vcycletech.com\\\/product\\\/2-mercaptobenzothiazole-mbt\\\/#primaryimage\",\"url\":\"https:\\\/\\\/vcycletech.com\\\/wp-content\\\/uploads\\\/2023\\\/03\\\/1-36.png\",\"contentUrl\":\"https:\\\/\\\/vcycletech.com\\\/wp-content\\\/uploads\\\/2023\\\/03\\\/1-36.png\",\"width\":600,\"height\":600,\"caption\":\"2-Mercaptobenzothiazole (MBT)\"},{\"@type\":\"BreadcrumbList\",\"@id\":\"https:\\\/\\\/vcycletech.com\\\/product\\\/2-mercaptobenzothiazole-mbt\\\/#breadcrumb\",\"itemListElement\":[{\"@type\":\"ListItem\",\"position\":1,\"name\":\"Home\",\"item\":\"https:\\\/\\\/vcycletech.com\\\/\"},{\"@type\":\"ListItem\",\"position\":2,\"name\":\"Water Treatment Chemicals Manufacturer\",\"item\":\"https:\\\/\\\/vcycletech.com\\\/water-treatment-chemicals-manufacturer\\\/\"},{\"@type\":\"ListItem\",\"position\":3,\"name\":\"2-Mercaptobenzothiazole (MBT)\"}]},{\"@type\":\"WebSite\",\"@id\":\"https:\\\/\\\/vcycletech.com\\\/#website\",\"url\":\"https:\\\/\\\/vcycletech.com\\\/\",\"name\":\"vcycletech\",\"description\":\"China&#039;s top water treatment chemicals supplier\",\"publisher\":{\"@id\":\"https:\\\/\\\/vcycletech.com\\\/#organization\"},\"potentialAction\":[{\"@type\":\"SearchAction\",\"target\":{\"@type\":\"EntryPoint\",\"urlTemplate\":\"https:\\\/\\\/vcycletech.com\\\/?s={search_term_string}\"},\"query-input\":{\"@type\":\"PropertyValueSpecification\",\"valueRequired\":true,\"valueName\":\"search_term_string\"}}],\"inLanguage\":\"es\"},{\"@type\":\"Organization\",\"@id\":\"https:\\\/\\\/vcycletech.com\\\/#organization\",\"name\":\"vcycletech\",\"url\":\"https:\\\/\\\/vcycletech.com\\\/\",\"logo\":{\"@type\":\"ImageObject\",\"inLanguage\":\"es\",\"@id\":\"https:\\\/\\\/vcycletech.com\\\/#\\\/schema\\\/logo\\\/image\\\/\",\"url\":\"https:\\\/\\\/vcycletech.com\\\/wp-content\\\/uploads\\\/2023\\\/03\\\/logo-vcycletech-1.png\",\"contentUrl\":\"https:\\\/\\\/vcycletech.com\\\/wp-content\\\/uploads\\\/2023\\\/03\\\/logo-vcycletech-1.png\",\"width\":600,\"height\":400,\"caption\":\"vcycletech\"},\"image\":{\"@id\":\"https:\\\/\\\/vcycletech.com\\\/#\\\/schema\\\/logo\\\/image\\\/\"}}]}<\/script>\n<!-- \/ Yoast SEO Premium plugin. -->","yoast_head_json":{"title":"2-mercaptobenzotiazol (MBT) - vcycletech","description":"El 2-mercaptobenzotiazol (MBT) es un compuesto organosulfurado que se utiliza en diversas aplicaciones industriales. Es un polvo cristalino de color blanco a amarillo claro que tiene un olor similar al ajo. El MBT se puede utilizar como acelerador en la fabricaci\u00f3n de compuestos de caucho, as\u00ed como agentes inhibidores de la corrosi\u00f3n y antidesgaste. Adem\u00e1s, funciona como plastificante de alta temperatura para cloruro de polivinilo, resinas de fenol-formaldeh\u00eddo y auxiliares de procesamiento de caucho.","robots":{"index":"index","follow":"follow","max-snippet":"max-snippet:-1","max-image-preview":"max-image-preview:large","max-video-preview":"max-video-preview:-1"},"canonical":"https:\/\/vcycletech.com\/es\/producto\/2-mercaptobenzotiazol-mbt\/","og_locale":"es_MX","og_type":"article","og_title":"2-Mercaptobenzothiazole (MBT)","og_description":"2-Mercaptobenzothiazole (MBT) is an organosulfur compound used in a variety of industrial applications. It is a white to light yellow crystalline powder that has an odor similar to garlic. MBT can be utilized as an accelerator in the manufacture of rubber compounds, as well as corrosion inhibition and antiwear agents. Additionally, it functions as a high-temperature plasticizer for polyvinyl chloride, phenol-formaldehyde resins, and rubber processing aids.","og_url":"https:\/\/vcycletech.com\/es\/producto\/2-mercaptobenzotiazol-mbt\/","og_site_name":"vcycletech","article_modified_time":"2023-03-27T06:14:36+00:00","og_image":[{"width":600,"height":600,"url":"https:\/\/vcycletech.com\/wp-content\/uploads\/2023\/03\/1-36.png","type":"image\/png"}],"twitter_card":"summary_large_image","twitter_misc":{"Tiempo de lectura":"2 minutos"},"schema":{"@context":"https:\/\/schema.org","@graph":[{"@type":"WebPage","@id":"https:\/\/vcycletech.com\/product\/2-mercaptobenzothiazole-mbt\/","url":"https:\/\/vcycletech.com\/product\/2-mercaptobenzothiazole-mbt\/","name":"2-mercaptobenzotiazol (MBT) - vcycletech","isPartOf":{"@id":"https:\/\/vcycletech.com\/#website"},"primaryImageOfPage":{"@id":"https:\/\/vcycletech.com\/product\/2-mercaptobenzothiazole-mbt\/#primaryimage"},"image":{"@id":"https:\/\/vcycletech.com\/product\/2-mercaptobenzothiazole-mbt\/#primaryimage"},"thumbnailUrl":"https:\/\/vcycletech.com\/wp-content\/uploads\/2023\/03\/1-36.png","datePublished":"2023-03-21T08:32:48+00:00","dateModified":"2023-03-27T06:14:36+00:00","description":"El 2-mercaptobenzotiazol (MBT) es un compuesto organosulfurado que se utiliza en diversas aplicaciones industriales. Es un polvo cristalino de color blanco a amarillo claro que tiene un olor similar al ajo. El MBT se puede utilizar como acelerador en la fabricaci\u00f3n de compuestos de caucho, as\u00ed como agentes inhibidores de la corrosi\u00f3n y antidesgaste. Adem\u00e1s, funciona como plastificante de alta temperatura para cloruro de polivinilo, resinas de fenol-formaldeh\u00eddo y auxiliares de procesamiento de caucho.","breadcrumb":{"@id":"https:\/\/vcycletech.com\/product\/2-mercaptobenzothiazole-mbt\/#breadcrumb"},"inLanguage":"es","potentialAction":[{"@type":"ReadAction","target":["https:\/\/vcycletech.com\/product\/2-mercaptobenzothiazole-mbt\/"]}]},{"@type":"ImageObject","inLanguage":"es","@id":"https:\/\/vcycletech.com\/product\/2-mercaptobenzothiazole-mbt\/#primaryimage","url":"https:\/\/vcycletech.com\/wp-content\/uploads\/2023\/03\/1-36.png","contentUrl":"https:\/\/vcycletech.com\/wp-content\/uploads\/2023\/03\/1-36.png","width":600,"height":600,"caption":"2-Mercaptobenzothiazole (MBT)"},{"@type":"BreadcrumbList","@id":"https:\/\/vcycletech.com\/product\/2-mercaptobenzothiazole-mbt\/#breadcrumb","itemListElement":[{"@type":"ListItem","position":1,"name":"Home","item":"https:\/\/vcycletech.com\/"},{"@type":"ListItem","position":2,"name":"Water Treatment Chemicals Manufacturer","item":"https:\/\/vcycletech.com\/water-treatment-chemicals-manufacturer\/"},{"@type":"ListItem","position":3,"name":"2-Mercaptobenzothiazole (MBT)"}]},{"@type":"WebSite","@id":"https:\/\/vcycletech.com\/#website","url":"https:\/\/vcycletech.com\/","name":"vcycletech","description":"El principal proveedor de productos qu\u00edmicos para el tratamiento del agua de China y #039;","publisher":{"@id":"https:\/\/vcycletech.com\/#organization"},"potentialAction":[{"@type":"SearchAction","target":{"@type":"EntryPoint","urlTemplate":"https:\/\/vcycletech.com\/?s={search_term_string}"},"query-input":{"@type":"PropertyValueSpecification","valueRequired":true,"valueName":"search_term_string"}}],"inLanguage":"es"},{"@type":"Organization","@id":"https:\/\/vcycletech.com\/#organization","name":"vcycletech","url":"https:\/\/vcycletech.com\/","logo":{"@type":"ImageObject","inLanguage":"es","@id":"https:\/\/vcycletech.com\/#\/schema\/logo\/image\/","url":"https:\/\/vcycletech.com\/wp-content\/uploads\/2023\/03\/logo-vcycletech-1.png","contentUrl":"https:\/\/vcycletech.com\/wp-content\/uploads\/2023\/03\/logo-vcycletech-1.png","width":600,"height":400,"caption":"vcycletech"},"image":{"@id":"https:\/\/vcycletech.com\/#\/schema\/logo\/image\/"}}]}},"_links":{"self":[{"href":"https:\/\/vcycletech.com\/es\/wp-json\/wp\/v2\/product\/1150","targetHints":{"allow":["GET"]}}],"collection":[{"href":"https:\/\/vcycletech.com\/es\/wp-json\/wp\/v2\/product"}],"about":[{"href":"https:\/\/vcycletech.com\/es\/wp-json\/wp\/v2\/types\/product"}],"wp:featuredmedia":[{"embeddable":true,"href":"https:\/\/vcycletech.com\/es\/wp-json\/wp\/v2\/media\/1165"}],"wp:attachment":[{"href":"https:\/\/vcycletech.com\/es\/wp-json\/wp\/v2\/media?parent=1150"}],"wp:term":[{"taxonomy":"product_brand","embeddable":true,"href":"https:\/\/vcycletech.com\/es\/wp-json\/wp\/v2\/product_brand?post=1150"},{"taxonomy":"product_cat","embeddable":true,"href":"https:\/\/vcycletech.com\/es\/wp-json\/wp\/v2\/product_cat?post=1150"},{"taxonomy":"product_tag","embeddable":true,"href":"https:\/\/vcycletech.com\/es\/wp-json\/wp\/v2\/product_tag?post=1150"}],"curies":[{"name":"wp","href":"https:\/\/api.w.org\/{rel}","templated":true}]}}