{"id":1133,"date":"2023-03-21T08:03:22","date_gmt":"2023-03-21T08:03:22","guid":{"rendered":"https:\/\/vcycletech.com\/?post_type=product&#038;p=1133"},"modified":"2023-03-21T08:03:23","modified_gmt":"2023-03-21T08:03:23","slug":"acido-acrilico-2-hidroxipropil-acrilato-copolimero-t-225","status":"publish","type":"product","link":"https:\/\/vcycletech.com\/es\/producto\/acido-acrilico-2-hidroxipropil-acrilato-copolimero-t-225\/","title":{"rendered":"Copol\u00edmero de \u00e1cido acr\u00edlico-2-hidroxipropilacrilato (T-225)"},"content":{"rendered":"<h3>N\u00ba CAS 55719-33-0<\/h3>\n<h3>F\u00f3rmula estructural:<\/h3>\n<p><img fetchpriority=\"high\" decoding=\"async\" class=\"alignnone size-full wp-image-1138\" src=\"https:\/\/vcycletech.com\/wp-content\/uploads\/2023\/03\/Structural-Formula-8.png\" alt=\"Copol\u00edmero de \u00e1cido acr\u00edlico-2-hidroxipropilacrilato (T-225) F\u00f3rmula estructural\" width=\"1400\" height=\"450\" srcset=\"https:\/\/vcycletech.com\/wp-content\/uploads\/2023\/03\/Structural-Formula-8.png 1400w, https:\/\/vcycletech.com\/wp-content\/uploads\/2023\/03\/Structural-Formula-8-600x193.png 600w, https:\/\/vcycletech.com\/wp-content\/uploads\/2023\/03\/Structural-Formula-8-300x96.png 300w, https:\/\/vcycletech.com\/wp-content\/uploads\/2023\/03\/Structural-Formula-8-1024x329.png 1024w, https:\/\/vcycletech.com\/wp-content\/uploads\/2023\/03\/Structural-Formula-8-768x247.png 768w\" sizes=\"(max-width: 1400px) 100vw, 1400px\" \/><\/p>\n<h3>Propiedades:<\/h3>\n<p>T-225 es un copol\u00edmero avanzado de \u00e1cido poliacr\u00edlico y acrilato de hidroxipropilo. Ofrece propiedades excepcionales de inhibici\u00f3n de incrustaciones y dispersi\u00f3n contra antagonistas clave como el fosfato de calcio, el carbonato de calcio, el lodo de \u00f3xido f\u00e9rrico, la arcilla y la grasa. Este producto se puede utilizar en situaciones de pH alto con una excelente compatibilidad con otras organofosfinas y BTA. Adem\u00e1s, T-225 brinda resultados \u00f3ptimos con su capacidad para retener sedimentos de sal de zinc y fosfato de calcio de manera efectiva. Su rendimiento se mantiene incluso a altas temperaturas y condiciones alcalinas para obtener resultados sobresalientes.<\/p>\n<h3>Especificaci\u00f3n:<\/h3>\n<div id=\"footable_parent_1140\"\n         class=\"footable_parent ninja_table_wrapper loading_ninja_table wp_table_data_press_parent semantic_ui\">\n                <table data-ninja_table_instance=\"ninja_table_instance_0\" data-footable_id=\"1140\" data-filter-delay=\"1000\" aria-label=\"Copol\u00edmero de \u00e1cido acr\u00edlico-2-hidroxipropilacrilato-333.csv\"            id=\"footable_1140\"\n           data-unique_identifier=\"ninja_table_unique_id_3066942814_1140\"\n           class=\"foo-table ninja_footable foo_table_1140 ninja_table_unique_id_3066942814_1140 ui table  nt_type_legacy_table selectable striped vertical_centered  footable-paging-right ninja_table_pro\">\n                <colgroup>\n                            <col class=\"ninja_column_0\">\n                            <col class=\"ninja_column_1\">\n                            <col class=\"ninja_column_2\">\n                    <\/colgroup>\n        <thead>\n<tr class=\"footable-header\">\n                                                        <th scope=\"col\"  class=\"ninja_column_0 ninja_clmn_nm_items\">Art\u00edculos<\/th><th scope=\"col\"  class=\"ninja_column_1 ninja_clmn_nm_index\">\u00cdndice<\/th><th scope=\"col\"  class=\"ninja_column_2 ninja_clmn_nm_ninja_column_3\"><\/th><\/tr>\n<\/thead>\n<tbody>\n\n        <tr data-row_id=\"241\" class=\"ninja_table_row_0 nt_row_id_241\">\n            <td><\/td><td>Neutral<\/td><td>\u00c1cido<\/td>        <\/tr>\n            <tr data-row_id=\"242\" class=\"ninja_table_row_1 nt_row_id_242\">\n            <td>Apariencia<\/td><td>L\u00edquido transparente incoloro a amarillo p\u00e1lido<\/td><td><\/td>        <\/tr>\n            <tr data-row_id=\"243\" class=\"ninja_table_row_2 nt_row_id_243\">\n            <td>Contenido s\u00f3lido, %<\/td><td>30,0 minutos<\/td><td>30,0 minutos<\/td>        <\/tr>\n            <tr data-row_id=\"244\" class=\"ninja_table_row_3 nt_row_id_244\">\n            <td>Mon\u00f3mero libre (como AA), %<\/td><td>0,5 m\u00e1x.<\/td><td>0,5 m\u00e1x.<\/td>        <\/tr>\n            <tr data-row_id=\"245\" class=\"ninja_table_row_4 nt_row_id_245\">\n            <td>pH (soluci\u00f3n de agua 1%)<\/td><td>7,5\u00b11,0<\/td><td>2,5\u00b10,5<\/td>        <\/tr>\n            <tr data-row_id=\"246\" class=\"ninja_table_row_5 nt_row_id_246\">\n            <td>Densidad (20 \u2103), g\/cm3<\/td><td>1,10 minutos<\/td><td><\/td>        <\/tr>\n    <\/tbody><!--ninja_tobody_rendering_done-->\n    <\/table>\n    \n    \n    \n<\/div>\n\n<h3>Uso:<\/h3>\n<p>El T-225 se puede utilizar en sistemas de circulaci\u00f3n de agua fr\u00eda con altos niveles de alcalinidad y fosfato. Es un eficaz inhibidor de incrustaciones y dispersante para calentadores, evaporadores sin columna, calderas, circulaci\u00f3n de agua fr\u00eda y relleno de yacimientos petrol\u00edferos sucios con contenido de calcio. La dosis debe estar entre 10-30 mg\/L para obtener resultados \u00f3ptimos. T-225 tambi\u00e9n se puede combinar con organofosfinas para formar una f\u00f3rmula alcalina org\u00e1nica completa.<\/p>\n<h3>Instrucciones de embalaje y almacenamiento para T-225<\/h3>\n<p>Seg\u00fan los requisitos del cliente, incluir bidones de pl\u00e1stico de 200 l o contenedores IBC (1000 l). El producto debe almacenarse en un \u00e1rea seca y sombreada hasta por un a\u00f1o para mantener su eficacia.<\/p>\n<h3>Preguntas frecuentes<\/h3>\n<p><img decoding=\"async\" class=\"alignnone size-full wp-image-1142\" src=\"https:\/\/vcycletech.com\/wp-content\/uploads\/2023\/03\/Acrylic-Acid-2-Hydroxypropyl-Acrylate-Copolymer-T-225-1.png\" alt=\"Copol\u00edmero de \u00e1cido acr\u00edlico-2-hidroxipropilacrilato (T-225)\" width=\"600\" height=\"400\" srcset=\"https:\/\/vcycletech.com\/wp-content\/uploads\/2023\/03\/Acrylic-Acid-2-Hydroxypropyl-Acrylate-Copolymer-T-225-1.png 600w, https:\/\/vcycletech.com\/wp-content\/uploads\/2023\/03\/Acrylic-Acid-2-Hydroxypropyl-Acrylate-Copolymer-T-225-1-300x200.png 300w\" sizes=\"(max-width: 600px) 100vw, 600px\" \/><\/p>\n<h4>\u00bfQu\u00e9 es T-225?<\/h4>\n<p>T-225 es un pol\u00edmero sint\u00e9tico que se utiliza en una variedad de aplicaciones industriales y comerciales. Es un copol\u00edmero de \u00e1cido acr\u00edlico y acrilato de 2-hidroxipropilo.<\/p>\n<h4>\u00bfCu\u00e1les son las propiedades del T-225?<\/h4>\n<p>T-225 tiene varias propiedades \u00fanicas que lo hacen \u00fatil para diversas aplicaciones. Es un s\u00f3lido pulverulento blanco que es insoluble en agua. Adem\u00e1s, no es t\u00f3xico y tiene un punto de fusi\u00f3n bajo.<\/p>\n<h4>\u00bfCu\u00e1les son los usos del T-225?<\/h4>\n<p>T-225 se puede utilizar en una variedad de industrias y aplicaciones. Se usa com\u00fanmente como aditivo en adhesivos, recubrimientos y selladores. Tambi\u00e9n se utiliza para producir pl\u00e1sticos, cauchos y textiles.<\/p>\n<h4>\u00bfC\u00f3mo funciona el T-225?<\/h4>\n<p>T-225 funciona proporcionando una serie de beneficios a los productos en los que se utiliza. Por ejemplo, puede mejorar la adhesi\u00f3n, la cohesi\u00f3n y la flexibilidad del adhesivo. Tambi\u00e9n puede mejorar la durabilidad y la resistencia a la abrasi\u00f3n de revestimientos y selladores.<\/p>\n<h4>\u00bfCu\u00e1les son los beneficios del T-225?<\/h4>\n<p>Los beneficios del T-225 dependen de la aplicaci\u00f3n espec\u00edfica en la que se utilice. Sin embargo, algunos beneficios generales incluyen un mejor rendimiento del producto, una mayor eficiencia y costos reducidos.<\/p>\n<h4>\u00bfHay alg\u00fan riesgo asociado con el T-225?<\/h4>\n<p>No hay riesgos conocidos asociados con T-225. Sin embargo, como con cualquier pol\u00edmero sint\u00e9tico, siempre existe la posibilidad de que surjan riesgos desconocidos con el tiempo.<\/p>\n<h4>\u00bfQu\u00e9 precauciones se deben tomar al usar T-225?<\/h4>\n<p>Como con cualquier pol\u00edmero sint\u00e9tico, se deben tomar precauciones para evitar la inhalaci\u00f3n o el contacto con la piel o los ojos. En caso de contacto, enjuague el \u00e1rea afectada con agua durante 15 minutos y busque atenci\u00f3n m\u00e9dica si la irritaci\u00f3n persiste. Si se inhala, trasl\u00e1dese al aire libre y busque atenci\u00f3n m\u00e9dica si es necesario.<\/p>\n<h4>\u00bfC\u00f3mo se debe almacenar el T-225?<\/h4>\n<p>T-225 debe almacenarse en un lugar fresco y seco, fuera de la luz solar directa.<\/p>","protected":false},"excerpt":{"rendered":"<p>El copol\u00edmero de \u00e1cido acr\u00edlico-2-hidroxipropilacrilato (T-225) es un copol\u00edmero de \u00e1cido poliacr\u00edlico y acrilato de hidroxipropilo. Tiene buenas propiedades de inhibici\u00f3n de incrustaciones y dispersi\u00f3n del fosfato de calcio y del calcio, lo que lo hace adecuado para su uso en circulaci\u00f3n de agua de enfriamiento en condiciones alcalinas y con la presencia de m\u00e1s fosfato. T-225 tiene un CAS No. 55719-33-0, una apariencia de l\u00edquido viscoso de incoloro a amarillo claro y un contenido s\u00f3lido de 30.0% min con mon\u00f3mero libre (como AA) a 0.5% max. Tambi\u00e9n se conoce como AA\/HPA, pol\u00edmero de \u00e9ster 2-hidroxiprop\u00edlico del \u00e1cido 2-propenoico con \u00e1cido 2-propenoico, copol\u00edmero de \u00e1cido acr\u00edlico-2-acrilato de hidroxipropilo (T-225), copol\u00edmero de \u00e1cido acr\u00edlico-2-acrilato de hidroxipropilo (T-225 ), y T-225.<\/p>","protected":false},"featured_media":1141,"template":"","meta":{"site-sidebar-layout":"default","site-content-layout":"default","ast-site-content-layout":"default","site-content-style":"default","site-sidebar-style":"default","ast-global-header-display":"","ast-banner-title-visibility":"","ast-main-header-display":"","ast-hfb-above-header-display":"","ast-hfb-below-header-display":"","ast-hfb-mobile-header-display":"","site-post-title":"","ast-breadcrumbs-content":"","ast-featured-img":"","footer-sml-layout":"","ast-disable-related-posts":"","theme-transparent-header-meta":"default","adv-header-id-meta":"","stick-header-meta":"default","header-above-stick-meta":"","header-main-stick-meta":"","header-below-stick-meta":"","astra-migrate-meta-layouts":"default","ast-page-background-enabled":"default","ast-page-background-meta":{"desktop":{"background-color":"","background-image":"","background-repeat":"repeat","background-position":"center center","background-size":"auto","background-attachment":"scroll","background-type":"","background-media":"","overlay-type":"","overlay-color":"","overlay-opacity":"","overlay-gradient":""},"tablet":{"background-color":"","background-image":"","background-repeat":"repeat","background-position":"center center","background-size":"auto","background-attachment":"scroll","background-type":"","background-media":"","overlay-type":"","overlay-color":"","overlay-opacity":"","overlay-gradient":""},"mobile":{"background-color":"","background-image":"","background-repeat":"repeat","background-position":"center center","background-size":"auto","background-attachment":"scroll","background-type":"","background-media":"","overlay-type":"","overlay-color":"","overlay-opacity":"","overlay-gradient":""}},"ast-content-background-meta":{"desktop":{"background-color":"var(--ast-global-color-5)","background-image":"","background-repeat":"repeat","background-position":"center center","background-size":"auto","background-attachment":"scroll","background-type":"","background-media":"","overlay-type":"","overlay-color":"","overlay-opacity":"","overlay-gradient":""},"tablet":{"background-color":"var(--ast-global-color-5)","background-image":"","background-repeat":"repeat","background-position":"center center","background-size":"auto","background-attachment":"scroll","background-type":"","background-media":"","overlay-type":"","overlay-color":"","overlay-opacity":"","overlay-gradient":""},"mobile":{"background-color":"var(--ast-global-color-5)","background-image":"","background-repeat":"repeat","background-position":"center center","background-size":"auto","background-attachment":"scroll","background-type":"","background-media":"","overlay-type":"","overlay-color":"","overlay-opacity":"","overlay-gradient":""}}},"product_brand":[],"product_cat":[28],"product_tag":[],"class_list":{"0":"post-1133","1":"product","2":"type-product","3":"status-publish","4":"has-post-thumbnail","6":"product_cat-polycarboxylic-antiscalant-and-dispersant","7":"desktop-align-left","8":"tablet-align-left","9":"mobile-align-left","10":"ast-product-gallery-layout-horizontal-slider","11":"ast-product-gallery-with-no-image","12":"ast-product-tabs-layout-horizontal","14":"first","15":"instock","16":"shipping-taxable","17":"product-type-simple"},"yoast_head":"<!-- This site is optimized with the Yoast SEO Premium plugin v26.3 (Yoast SEO v27.3) - https:\/\/yoast.com\/product\/yoast-seo-premium-wordpress\/ -->\n<title>Acrylic Acid-2-Hydroxypropyl Acrylate Copolymer (T-225) - vcycletech<\/title>\n<meta name=\"description\" content=\"Get the best Acrylic Acid-2-Hydroxypropyl Acrylate Copolymer (T-225) for your needs today! Scale inhibition and dispersion properties guaranteed.\" \/>\n<meta name=\"robots\" content=\"index, follow, max-snippet:-1, max-image-preview:large, max-video-preview:-1\" \/>\n<link rel=\"canonical\" href=\"https:\/\/vcycletech.com\/es\/producto\/acido-acrilico-2-hidroxipropil-acrilato-copolimero-t-225\/\" \/>\n<meta property=\"og:locale\" content=\"es_MX\" \/>\n<meta property=\"og:type\" content=\"article\" \/>\n<meta property=\"og:title\" content=\"Acrylic Acid-2-Hydroxypropyl Acrylate Copolymer (T-225)\" \/>\n<meta property=\"og:description\" content=\"Get the best Acrylic Acid-2-Hydroxypropyl Acrylate Copolymer (T-225) for your needs today! Scale inhibition and dispersion properties guaranteed.\" \/>\n<meta property=\"og:url\" content=\"https:\/\/vcycletech.com\/es\/producto\/acido-acrilico-2-hidroxipropil-acrilato-copolimero-t-225\/\" \/>\n<meta property=\"og:site_name\" content=\"vcycletech\" \/>\n<meta property=\"article:modified_time\" content=\"2023-03-21T08:03:23+00:00\" \/>\n<meta property=\"og:image\" content=\"https:\/\/vcycletech.com\/wp-content\/uploads\/2023\/03\/Acrylic-Acid-2-Hydroxypropyl-Acrylate-Copolymer-T-225.png\" \/>\n\t<meta property=\"og:image:width\" content=\"600\" \/>\n\t<meta property=\"og:image:height\" content=\"600\" \/>\n\t<meta property=\"og:image:type\" content=\"image\/png\" \/>\n<meta name=\"twitter:card\" content=\"summary_large_image\" \/>\n<meta name=\"twitter:label1\" content=\"Tiempo de lectura\" \/>\n\t<meta name=\"twitter:data1\" content=\"3 minutos\" \/>\n<script type=\"application\/ld+json\" class=\"yoast-schema-graph\">{\"@context\":\"https:\\\/\\\/schema.org\",\"@graph\":[{\"@type\":\"WebPage\",\"@id\":\"https:\\\/\\\/vcycletech.com\\\/product\\\/acrylic-acid-2-hydroxypropyl-acrylate-copolymer-t-225\\\/\",\"url\":\"https:\\\/\\\/vcycletech.com\\\/product\\\/acrylic-acid-2-hydroxypropyl-acrylate-copolymer-t-225\\\/\",\"name\":\"Acrylic Acid-2-Hydroxypropyl Acrylate Copolymer (T-225) - vcycletech\",\"isPartOf\":{\"@id\":\"https:\\\/\\\/vcycletech.com\\\/#website\"},\"primaryImageOfPage\":{\"@id\":\"https:\\\/\\\/vcycletech.com\\\/product\\\/acrylic-acid-2-hydroxypropyl-acrylate-copolymer-t-225\\\/#primaryimage\"},\"image\":{\"@id\":\"https:\\\/\\\/vcycletech.com\\\/product\\\/acrylic-acid-2-hydroxypropyl-acrylate-copolymer-t-225\\\/#primaryimage\"},\"thumbnailUrl\":\"https:\\\/\\\/vcycletech.com\\\/wp-content\\\/uploads\\\/2023\\\/03\\\/Acrylic-Acid-2-Hydroxypropyl-Acrylate-Copolymer-T-225.png\",\"datePublished\":\"2023-03-21T08:03:22+00:00\",\"dateModified\":\"2023-03-21T08:03:23+00:00\",\"description\":\"Get the best Acrylic Acid-2-Hydroxypropyl Acrylate Copolymer (T-225) for your needs today! Scale inhibition and dispersion properties guaranteed.\",\"breadcrumb\":{\"@id\":\"https:\\\/\\\/vcycletech.com\\\/product\\\/acrylic-acid-2-hydroxypropyl-acrylate-copolymer-t-225\\\/#breadcrumb\"},\"inLanguage\":\"es\",\"potentialAction\":[{\"@type\":\"ReadAction\",\"target\":[\"https:\\\/\\\/vcycletech.com\\\/product\\\/acrylic-acid-2-hydroxypropyl-acrylate-copolymer-t-225\\\/\"]}]},{\"@type\":\"ImageObject\",\"inLanguage\":\"es\",\"@id\":\"https:\\\/\\\/vcycletech.com\\\/product\\\/acrylic-acid-2-hydroxypropyl-acrylate-copolymer-t-225\\\/#primaryimage\",\"url\":\"https:\\\/\\\/vcycletech.com\\\/wp-content\\\/uploads\\\/2023\\\/03\\\/Acrylic-Acid-2-Hydroxypropyl-Acrylate-Copolymer-T-225.png\",\"contentUrl\":\"https:\\\/\\\/vcycletech.com\\\/wp-content\\\/uploads\\\/2023\\\/03\\\/Acrylic-Acid-2-Hydroxypropyl-Acrylate-Copolymer-T-225.png\",\"width\":600,\"height\":600,\"caption\":\"Acrylic Acid-2-Hydroxypropyl Acrylate Copolymer (T-225)\"},{\"@type\":\"BreadcrumbList\",\"@id\":\"https:\\\/\\\/vcycletech.com\\\/product\\\/acrylic-acid-2-hydroxypropyl-acrylate-copolymer-t-225\\\/#breadcrumb\",\"itemListElement\":[{\"@type\":\"ListItem\",\"position\":1,\"name\":\"Home\",\"item\":\"https:\\\/\\\/vcycletech.com\\\/\"},{\"@type\":\"ListItem\",\"position\":2,\"name\":\"Water Treatment Chemicals Manufacturer\",\"item\":\"https:\\\/\\\/vcycletech.com\\\/water-treatment-chemicals-manufacturer\\\/\"},{\"@type\":\"ListItem\",\"position\":3,\"name\":\"Acrylic Acid-2-Hydroxypropyl Acrylate Copolymer (T-225)\"}]},{\"@type\":\"WebSite\",\"@id\":\"https:\\\/\\\/vcycletech.com\\\/#website\",\"url\":\"https:\\\/\\\/vcycletech.com\\\/\",\"name\":\"vcycletech\",\"description\":\"China&#039;s top water treatment chemicals supplier\",\"publisher\":{\"@id\":\"https:\\\/\\\/vcycletech.com\\\/#organization\"},\"potentialAction\":[{\"@type\":\"SearchAction\",\"target\":{\"@type\":\"EntryPoint\",\"urlTemplate\":\"https:\\\/\\\/vcycletech.com\\\/?s={search_term_string}\"},\"query-input\":{\"@type\":\"PropertyValueSpecification\",\"valueRequired\":true,\"valueName\":\"search_term_string\"}}],\"inLanguage\":\"es\"},{\"@type\":\"Organization\",\"@id\":\"https:\\\/\\\/vcycletech.com\\\/#organization\",\"name\":\"vcycletech\",\"url\":\"https:\\\/\\\/vcycletech.com\\\/\",\"logo\":{\"@type\":\"ImageObject\",\"inLanguage\":\"es\",\"@id\":\"https:\\\/\\\/vcycletech.com\\\/#\\\/schema\\\/logo\\\/image\\\/\",\"url\":\"https:\\\/\\\/vcycletech.com\\\/wp-content\\\/uploads\\\/2023\\\/03\\\/logo-vcycletech-1.png\",\"contentUrl\":\"https:\\\/\\\/vcycletech.com\\\/wp-content\\\/uploads\\\/2023\\\/03\\\/logo-vcycletech-1.png\",\"width\":600,\"height\":400,\"caption\":\"vcycletech\"},\"image\":{\"@id\":\"https:\\\/\\\/vcycletech.com\\\/#\\\/schema\\\/logo\\\/image\\\/\"}}]}<\/script>\n<!-- \/ Yoast SEO Premium plugin. -->","yoast_head_json":{"title":"Copol\u00edmero de \u00e1cido acr\u00edlico-2-hidroxipropilacrilato (T-225) - vcycletech","description":"\u00a1Obtenga el mejor copol\u00edmero de acrilato de \u00e1cido acr\u00edlico-2-hidroxipropilo (T-225) para sus necesidades hoy! Propiedades de inhibici\u00f3n de incrustaciones y dispersi\u00f3n garantizadas.","robots":{"index":"index","follow":"follow","max-snippet":"max-snippet:-1","max-image-preview":"max-image-preview:large","max-video-preview":"max-video-preview:-1"},"canonical":"https:\/\/vcycletech.com\/es\/producto\/acido-acrilico-2-hidroxipropil-acrilato-copolimero-t-225\/","og_locale":"es_MX","og_type":"article","og_title":"Acrylic Acid-2-Hydroxypropyl Acrylate Copolymer (T-225)","og_description":"Get the best Acrylic Acid-2-Hydroxypropyl Acrylate Copolymer (T-225) for your needs today! Scale inhibition and dispersion properties guaranteed.","og_url":"https:\/\/vcycletech.com\/es\/producto\/acido-acrilico-2-hidroxipropil-acrilato-copolimero-t-225\/","og_site_name":"vcycletech","article_modified_time":"2023-03-21T08:03:23+00:00","og_image":[{"width":600,"height":600,"url":"https:\/\/vcycletech.com\/wp-content\/uploads\/2023\/03\/Acrylic-Acid-2-Hydroxypropyl-Acrylate-Copolymer-T-225.png","type":"image\/png"}],"twitter_card":"summary_large_image","twitter_misc":{"Tiempo de lectura":"3 minutos"},"schema":{"@context":"https:\/\/schema.org","@graph":[{"@type":"WebPage","@id":"https:\/\/vcycletech.com\/product\/acrylic-acid-2-hydroxypropyl-acrylate-copolymer-t-225\/","url":"https:\/\/vcycletech.com\/product\/acrylic-acid-2-hydroxypropyl-acrylate-copolymer-t-225\/","name":"Copol\u00edmero de \u00e1cido acr\u00edlico-2-hidroxipropilacrilato (T-225) - vcycletech","isPartOf":{"@id":"https:\/\/vcycletech.com\/#website"},"primaryImageOfPage":{"@id":"https:\/\/vcycletech.com\/product\/acrylic-acid-2-hydroxypropyl-acrylate-copolymer-t-225\/#primaryimage"},"image":{"@id":"https:\/\/vcycletech.com\/product\/acrylic-acid-2-hydroxypropyl-acrylate-copolymer-t-225\/#primaryimage"},"thumbnailUrl":"https:\/\/vcycletech.com\/wp-content\/uploads\/2023\/03\/Acrylic-Acid-2-Hydroxypropyl-Acrylate-Copolymer-T-225.png","datePublished":"2023-03-21T08:03:22+00:00","dateModified":"2023-03-21T08:03:23+00:00","description":"\u00a1Obtenga el mejor copol\u00edmero de acrilato de \u00e1cido acr\u00edlico-2-hidroxipropilo (T-225) para sus necesidades hoy! Propiedades de inhibici\u00f3n de incrustaciones y dispersi\u00f3n garantizadas.","breadcrumb":{"@id":"https:\/\/vcycletech.com\/product\/acrylic-acid-2-hydroxypropyl-acrylate-copolymer-t-225\/#breadcrumb"},"inLanguage":"es","potentialAction":[{"@type":"ReadAction","target":["https:\/\/vcycletech.com\/product\/acrylic-acid-2-hydroxypropyl-acrylate-copolymer-t-225\/"]}]},{"@type":"ImageObject","inLanguage":"es","@id":"https:\/\/vcycletech.com\/product\/acrylic-acid-2-hydroxypropyl-acrylate-copolymer-t-225\/#primaryimage","url":"https:\/\/vcycletech.com\/wp-content\/uploads\/2023\/03\/Acrylic-Acid-2-Hydroxypropyl-Acrylate-Copolymer-T-225.png","contentUrl":"https:\/\/vcycletech.com\/wp-content\/uploads\/2023\/03\/Acrylic-Acid-2-Hydroxypropyl-Acrylate-Copolymer-T-225.png","width":600,"height":600,"caption":"Acrylic Acid-2-Hydroxypropyl Acrylate Copolymer (T-225)"},{"@type":"BreadcrumbList","@id":"https:\/\/vcycletech.com\/product\/acrylic-acid-2-hydroxypropyl-acrylate-copolymer-t-225\/#breadcrumb","itemListElement":[{"@type":"ListItem","position":1,"name":"Home","item":"https:\/\/vcycletech.com\/"},{"@type":"ListItem","position":2,"name":"Water Treatment Chemicals Manufacturer","item":"https:\/\/vcycletech.com\/water-treatment-chemicals-manufacturer\/"},{"@type":"ListItem","position":3,"name":"Acrylic Acid-2-Hydroxypropyl Acrylate Copolymer (T-225)"}]},{"@type":"WebSite","@id":"https:\/\/vcycletech.com\/#website","url":"https:\/\/vcycletech.com\/","name":"vcycletech","description":"El principal proveedor de productos qu\u00edmicos para el tratamiento del agua de China y #039;","publisher":{"@id":"https:\/\/vcycletech.com\/#organization"},"potentialAction":[{"@type":"SearchAction","target":{"@type":"EntryPoint","urlTemplate":"https:\/\/vcycletech.com\/?s={search_term_string}"},"query-input":{"@type":"PropertyValueSpecification","valueRequired":true,"valueName":"search_term_string"}}],"inLanguage":"es"},{"@type":"Organization","@id":"https:\/\/vcycletech.com\/#organization","name":"vcycletech","url":"https:\/\/vcycletech.com\/","logo":{"@type":"ImageObject","inLanguage":"es","@id":"https:\/\/vcycletech.com\/#\/schema\/logo\/image\/","url":"https:\/\/vcycletech.com\/wp-content\/uploads\/2023\/03\/logo-vcycletech-1.png","contentUrl":"https:\/\/vcycletech.com\/wp-content\/uploads\/2023\/03\/logo-vcycletech-1.png","width":600,"height":400,"caption":"vcycletech"},"image":{"@id":"https:\/\/vcycletech.com\/#\/schema\/logo\/image\/"}}]}},"_links":{"self":[{"href":"https:\/\/vcycletech.com\/es\/wp-json\/wp\/v2\/product\/1133","targetHints":{"allow":["GET"]}}],"collection":[{"href":"https:\/\/vcycletech.com\/es\/wp-json\/wp\/v2\/product"}],"about":[{"href":"https:\/\/vcycletech.com\/es\/wp-json\/wp\/v2\/types\/product"}],"wp:featuredmedia":[{"embeddable":true,"href":"https:\/\/vcycletech.com\/es\/wp-json\/wp\/v2\/media\/1141"}],"wp:attachment":[{"href":"https:\/\/vcycletech.com\/es\/wp-json\/wp\/v2\/media?parent=1133"}],"wp:term":[{"taxonomy":"product_brand","embeddable":true,"href":"https:\/\/vcycletech.com\/es\/wp-json\/wp\/v2\/product_brand?post=1133"},{"taxonomy":"product_cat","embeddable":true,"href":"https:\/\/vcycletech.com\/es\/wp-json\/wp\/v2\/product_cat?post=1133"},{"taxonomy":"product_tag","embeddable":true,"href":"https:\/\/vcycletech.com\/es\/wp-json\/wp\/v2\/product_tag?post=1133"}],"curies":[{"name":"wp","href":"https:\/\/api.w.org\/{rel}","templated":true}]}}