{"id":1129,"date":"2023-03-21T08:09:29","date_gmt":"2023-03-21T08:09:29","guid":{"rendered":"https:\/\/vcycletech.com\/?post_type=product&#038;p=1129"},"modified":"2023-03-21T09:09:17","modified_gmt":"2023-03-21T09:09:17","slug":"sal-sodica-de-2-mercaptobenzotiazol-mbtna","status":"publish","type":"product","link":"https:\/\/vcycletech.com\/es\/producto\/sal-sodica-de-2-mercaptobenzotiazol-mbtna\/","title":{"rendered":"Sal de sodio de 2-mercaptobenzotiazol (MBT\u2022Na)"},"content":{"rendered":"<h3>N\u00ba CAS 2492-26-4<br \/>\nF\u00f3rmula molecular: C7H4NNaS2<\/h3>\n<h3>Peso Molecular: 189.22<br \/>\nEspecificaci\u00f3n:<\/h3>\n<div id=\"footable_parent_1139\"\n         class=\"footable_parent ninja_table_wrapper loading_ninja_table wp_table_data_press_parent semantic_ui\">\n                <table data-ninja_table_instance=\"ninja_table_instance_0\" data-footable_id=\"1139\" data-filter-delay=\"1000\" aria-label=\"(MBT\u2022Na).csv\"            id=\"footable_1139\"\n           data-unique_identifier=\"ninja_table_unique_id_2073889621_1139\"\n           class=\"foo-table ninja_footable foo_table_1139 ninja_table_unique_id_2073889621_1139 ui table  nt_type_legacy_table selectable striped vertical_centered  footable-paging-right ninja_table_pro\">\n                <colgroup>\n                            <col class=\"ninja_column_0\">\n                            <col class=\"ninja_column_1\">\n                    <\/colgroup>\n        <thead>\n<tr class=\"footable-header\">\n                                        <th scope=\"col\"  class=\"ninja_column_0 ninja_clmn_nm_items\">Elementos<\/th><th scope=\"col\"  class=\"ninja_column_1 ninja_clmn_nm_index\">\u00cdndice<\/th><\/tr>\n<\/thead>\n<tbody>\n\n        <tr data-row_id=\"237\" class=\"ninja_table_row_0 nt_row_id_237\">\n            <td>Apariencia<\/td><td>L\u00edquido transparente amarillo<\/td>        <\/tr>\n            <tr data-row_id=\"238\" class=\"ninja_table_row_1 nt_row_id_238\">\n            <td>Contenido s\u00f3lido %<\/td><td>50,0 minutos<\/td>        <\/tr>\n            <tr data-row_id=\"239\" class=\"ninja_table_row_2 nt_row_id_239\">\n            <td>Densidad (20\u2103) g\/cm3<\/td><td>1,20 minutos<\/td>        <\/tr>\n            <tr data-row_id=\"240\" class=\"ninja_table_row_3 nt_row_id_240\">\n            <td>pH (soluci\u00f3n de agua 1%)<\/td><td>9.0-11.5<\/td>        <\/tr>\n    <\/tbody><!--ninja_tobody_rendering_done-->\n    <\/table>\n    \n    \n    \n<\/div>\n\n<h3>Propiedades:<\/h3>\n<p><strong>Sal de sodio de 2-mercaptobenzotiazol (MBT\u2022Na)<\/strong> es un compuesto org\u00e1nico con un anillo de tiazol y dos \u00e1tomos de azufre. Es una sustancia en escamas blanca e inodora que se disuelve en agua, alcohol y glicoles. MBT\u2022Na tiene aplicaciones como acelerador y activador en la fabricaci\u00f3n de compuestos de caucho y tiene propiedades s\u00f3lidas inhibidoras de la corrosi\u00f3n. Adem\u00e1s, no es corrosivo ni t\u00f3xico cuando se manipula adecuadamente.<\/p>\n<h3>Paquete y almacenamiento:<\/h3>\n<p><strong>Sal de sodio de 2-mercaptobenzotiazol (MBT\u2022Na)<\/strong> debe almacenarse en un lugar fresco y seco, lejos del calor y la humedad excesivos. Al envasar MBT\u2022Na, es importante asegurarse de que el material est\u00e9 bien sellado y protegido de la posible contaminaci\u00f3n por humedad. Adem\u00e1s, el material debe estar libre de materiales extra\u00f1os como polvo o suciedad. El paquete tambi\u00e9n debe estar claramente etiquetado con toda la informaci\u00f3n relevante sobre el producto. Tambor de pl\u00e1stico de 200 L, IBC (1000 L) y requisitos de los clientes. Almacenamiento durante seis meses en un lugar sombreado y seco.<\/p>\n<h3>Sin\u00f3nimos:<\/h3>\n<p>MBT\u2022Na;2-MBT;2-mercaptobenzotiazol;2-benzotiazoltiona<\/p>\n<h3>Preguntas frecuentes sobre la sal de sodio de 2-mercaptobenzotiazol (MBT\u2022Na):<\/h3>\n<p><strong>\u00bfQu\u00e9 es la sal de sodio de 2-mercaptobenzotiazol (MBT\u2022Na)?<\/strong><br \/>\nLa sal de sodio de 2-mercaptobenzotiazol (MBT\u2022Na) es un s\u00f3lido cristalino blanco que se utiliza como acelerador de la vulcanizaci\u00f3n del caucho y como inhibidor de la corrosi\u00f3n. Tambi\u00e9n se utiliza en la producci\u00f3n de pl\u00e1sticos, textiles y adhesivos.<\/p>\n<p><strong>\u00bfDe d\u00f3nde proviene la Sal de sodio de 2-mercaptobenzotiazol (MBT\u2022Na)?<\/strong><br \/>\nLa sal de sodio de 2-mercaptobenzotiazol (MBT\u2022Na) se produce mediante la reacci\u00f3n de hidr\u00f3xido de sodio y 2-mercaptobenzotiazol.<\/p>\n<p><strong>\u00bfC\u00f3mo se usa la sal de sodio de 2-mercaptobenzotiazol (MBT\u2022Na)?<\/strong><br \/>\nLa sal de sodio de 2-mercaptobenzotiazol (MBT\u2022Na) se utiliza como acelerador de la vulcanizaci\u00f3n del caucho y como inhibidor de la corrosi\u00f3n. Tambi\u00e9n se utiliza en la producci\u00f3n de pl\u00e1sticos, textiles y adhesivos.<\/p>\n<p><strong>\u00bfCu\u00e1les son los beneficios de usar sal de sodio de 2-mercaptobenzotiazol (MBT\u2022Na)?<\/strong><br \/>\nAlgunos de los beneficios del uso de la sal de sodio de 2-mercaptobenzotiazol (MBT\u2022Na) incluyen su capacidad para mejorar las propiedades del caucho y los pl\u00e1sticos, su resistencia al calor y la luz, y su baja toxicidad. Adem\u00e1s, no es inflamable ni explosivo, por lo que es seguro de usar y transportar.<\/p>\n<p><a href=\"https:\/\/vcycletech.com\/es\/inhibidor-corrosivo\/\"><strong>Obtenga la soluci\u00f3n completa de inhibidores de corrosi\u00f3n.<\/strong><\/a><\/p>","protected":false},"excerpt":{"rendered":"<p><strong>Sal de sodio de 2-mercaptobenzotiazol (MBT\u2022Na)<\/strong> es un compuesto org\u00e1nico utilizado como inhibidor de la corrosi\u00f3n y antioxidante. Se puede utilizar en diversas industrias, incluidas la automotriz, aeroespacial, marina y textil. La alta calidad y el bajo precio de nuestros <strong>Sal de sodio de 2-mercaptobenzotiazol (MBT\u2022Na)<\/strong> lo convierte en la elecci\u00f3n perfecta para las empresas que buscan comprar al por mayor. Somos el proveedor l\u00edder de<strong> Sal de sodio de 2-mercaptobenzotiazol (MBT\u2022Na)<\/strong> En China. Nuestro producto est\u00e1 elaborado con ingredientes de la m\u00e1s alta calidad y cumple con todos los est\u00e1ndares de seguridad. Ofrecemos precios competitivos y tiempos de entrega r\u00e1pidos para garantizar que obtenga lo que necesita cuando lo necesita. Cont\u00e1ctenos hoy para obtener m\u00e1s informaci\u00f3n sobre nuestros productos o realizar un pedido. \u00a1No se sentir\u00e1 decepcionado!<\/p>","protected":false},"featured_media":1143,"template":"","meta":{"site-sidebar-layout":"default","site-content-layout":"default","ast-site-content-layout":"default","site-content-style":"default","site-sidebar-style":"default","ast-global-header-display":"","ast-banner-title-visibility":"","ast-main-header-display":"","ast-hfb-above-header-display":"","ast-hfb-below-header-display":"","ast-hfb-mobile-header-display":"","site-post-title":"","ast-breadcrumbs-content":"","ast-featured-img":"","footer-sml-layout":"","ast-disable-related-posts":"","theme-transparent-header-meta":"default","adv-header-id-meta":"","stick-header-meta":"default","header-above-stick-meta":"","header-main-stick-meta":"","header-below-stick-meta":"","astra-migrate-meta-layouts":"default","ast-page-background-enabled":"default","ast-page-background-meta":{"desktop":{"background-color":"","background-image":"","background-repeat":"repeat","background-position":"center center","background-size":"auto","background-attachment":"scroll","background-type":"","background-media":"","overlay-type":"","overlay-color":"","overlay-opacity":"","overlay-gradient":""},"tablet":{"background-color":"","background-image":"","background-repeat":"repeat","background-position":"center center","background-size":"auto","background-attachment":"scroll","background-type":"","background-media":"","overlay-type":"","overlay-color":"","overlay-opacity":"","overlay-gradient":""},"mobile":{"background-color":"","background-image":"","background-repeat":"repeat","background-position":"center center","background-size":"auto","background-attachment":"scroll","background-type":"","background-media":"","overlay-type":"","overlay-color":"","overlay-opacity":"","overlay-gradient":""}},"ast-content-background-meta":{"desktop":{"background-color":"var(--ast-global-color-5)","background-image":"","background-repeat":"repeat","background-position":"center center","background-size":"auto","background-attachment":"scroll","background-type":"","background-media":"","overlay-type":"","overlay-color":"","overlay-opacity":"","overlay-gradient":""},"tablet":{"background-color":"var(--ast-global-color-5)","background-image":"","background-repeat":"repeat","background-position":"center center","background-size":"auto","background-attachment":"scroll","background-type":"","background-media":"","overlay-type":"","overlay-color":"","overlay-opacity":"","overlay-gradient":""},"mobile":{"background-color":"var(--ast-global-color-5)","background-image":"","background-repeat":"repeat","background-position":"center center","background-size":"auto","background-attachment":"scroll","background-type":"","background-media":"","overlay-type":"","overlay-color":"","overlay-opacity":"","overlay-gradient":""}}},"product_brand":[],"product_cat":[30],"product_tag":[],"class_list":{"0":"post-1129","1":"product","2":"type-product","3":"status-publish","4":"has-post-thumbnail","6":"product_cat-corrosion-inhibitors","7":"desktop-align-left","8":"tablet-align-left","9":"mobile-align-left","10":"ast-product-gallery-layout-horizontal-slider","11":"ast-product-tabs-layout-horizontal","13":"first","14":"instock","15":"shipping-taxable","16":"product-type-simple"},"yoast_head":"<!-- This site is optimized with the Yoast SEO Premium plugin v26.3 (Yoast SEO v27.3) - https:\/\/yoast.com\/product\/yoast-seo-premium-wordpress\/ -->\n<title>Sodium Salt of 2-Mercaptobenzothiazole (MBT\u2022Na) - vcycletech<\/title>\n<meta name=\"description\" content=\"Sodium salt of 2-Mercaptobenzothiazole (MBT\u2022Na) is an organic compound composed of a thiazole ring and two sulfur atoms. It is a white, odorless flake substance that dissolves in water, alcohol, and glycols. MBT\u2022Na has applications as an accelerator and activator in the manufacture of rubber compounds and has strong corrosion-inhibiting properties. Additionally, it is non-corrosive and non-toxic when handled properly.\" \/>\n<meta name=\"robots\" content=\"index, follow, max-snippet:-1, max-image-preview:large, max-video-preview:-1\" \/>\n<link rel=\"canonical\" href=\"https:\/\/vcycletech.com\/es\/producto\/sal-sodica-de-2-mercaptobenzotiazol-mbtna\/\" \/>\n<meta property=\"og:locale\" content=\"es_MX\" \/>\n<meta property=\"og:type\" content=\"article\" \/>\n<meta property=\"og:title\" content=\"Sodium Salt of 2-Mercaptobenzothiazole (MBT\u2022Na)\" \/>\n<meta property=\"og:description\" content=\"Sodium salt of 2-Mercaptobenzothiazole (MBT\u2022Na) is an organic compound composed of a thiazole ring and two sulfur atoms. It is a white, odorless flake substance that dissolves in water, alcohol, and glycols. MBT\u2022Na has applications as an accelerator and activator in the manufacture of rubber compounds and has strong corrosion-inhibiting properties. Additionally, it is non-corrosive and non-toxic when handled properly.\" \/>\n<meta property=\"og:url\" content=\"https:\/\/vcycletech.com\/es\/producto\/sal-sodica-de-2-mercaptobenzotiazol-mbtna\/\" \/>\n<meta property=\"og:site_name\" content=\"vcycletech\" \/>\n<meta property=\"article:modified_time\" content=\"2023-03-21T09:09:17+00:00\" \/>\n<meta property=\"og:image\" content=\"https:\/\/vcycletech.com\/wp-content\/uploads\/2023\/03\/\u672a\u547d\u540d\u7684\u8bbe\u8ba1-1-4.png\" \/>\n\t<meta property=\"og:image:width\" content=\"600\" \/>\n\t<meta property=\"og:image:height\" content=\"600\" \/>\n\t<meta property=\"og:image:type\" content=\"image\/png\" \/>\n<meta name=\"twitter:card\" content=\"summary_large_image\" \/>\n<meta name=\"twitter:label1\" content=\"Tiempo de lectura\" \/>\n\t<meta name=\"twitter:data1\" content=\"2 minutos\" \/>\n<script type=\"application\/ld+json\" class=\"yoast-schema-graph\">{\"@context\":\"https:\\\/\\\/schema.org\",\"@graph\":[{\"@type\":\"WebPage\",\"@id\":\"https:\\\/\\\/vcycletech.com\\\/product\\\/sodium-salt-of-2-mercaptobenzothiazole-mbtna\\\/\",\"url\":\"https:\\\/\\\/vcycletech.com\\\/product\\\/sodium-salt-of-2-mercaptobenzothiazole-mbtna\\\/\",\"name\":\"Sodium Salt of 2-Mercaptobenzothiazole (MBT\u2022Na) - vcycletech\",\"isPartOf\":{\"@id\":\"https:\\\/\\\/vcycletech.com\\\/#website\"},\"primaryImageOfPage\":{\"@id\":\"https:\\\/\\\/vcycletech.com\\\/product\\\/sodium-salt-of-2-mercaptobenzothiazole-mbtna\\\/#primaryimage\"},\"image\":{\"@id\":\"https:\\\/\\\/vcycletech.com\\\/product\\\/sodium-salt-of-2-mercaptobenzothiazole-mbtna\\\/#primaryimage\"},\"thumbnailUrl\":\"https:\\\/\\\/vcycletech.com\\\/wp-content\\\/uploads\\\/2023\\\/03\\\/\u672a\u547d\u540d\u7684\u8bbe\u8ba1-1-4.png\",\"datePublished\":\"2023-03-21T08:09:29+00:00\",\"dateModified\":\"2023-03-21T09:09:17+00:00\",\"description\":\"Sodium salt of 2-Mercaptobenzothiazole (MBT\u2022Na) is an organic compound composed of a thiazole ring and two sulfur atoms. It is a white, odorless flake substance that dissolves in water, alcohol, and glycols. MBT\u2022Na has applications as an accelerator and activator in the manufacture of rubber compounds and has strong corrosion-inhibiting properties. Additionally, it is non-corrosive and non-toxic when handled properly.\",\"breadcrumb\":{\"@id\":\"https:\\\/\\\/vcycletech.com\\\/product\\\/sodium-salt-of-2-mercaptobenzothiazole-mbtna\\\/#breadcrumb\"},\"inLanguage\":\"es\",\"potentialAction\":[{\"@type\":\"ReadAction\",\"target\":[\"https:\\\/\\\/vcycletech.com\\\/product\\\/sodium-salt-of-2-mercaptobenzothiazole-mbtna\\\/\"]}]},{\"@type\":\"ImageObject\",\"inLanguage\":\"es\",\"@id\":\"https:\\\/\\\/vcycletech.com\\\/product\\\/sodium-salt-of-2-mercaptobenzothiazole-mbtna\\\/#primaryimage\",\"url\":\"https:\\\/\\\/vcycletech.com\\\/wp-content\\\/uploads\\\/2023\\\/03\\\/\u672a\u547d\u540d\u7684\u8bbe\u8ba1-1-4.png\",\"contentUrl\":\"https:\\\/\\\/vcycletech.com\\\/wp-content\\\/uploads\\\/2023\\\/03\\\/\u672a\u547d\u540d\u7684\u8bbe\u8ba1-1-4.png\",\"width\":600,\"height\":600,\"caption\":\"Sodium Salt of 2-Mercaptobenzothiazole (MBT\u2022Na)\"},{\"@type\":\"BreadcrumbList\",\"@id\":\"https:\\\/\\\/vcycletech.com\\\/product\\\/sodium-salt-of-2-mercaptobenzothiazole-mbtna\\\/#breadcrumb\",\"itemListElement\":[{\"@type\":\"ListItem\",\"position\":1,\"name\":\"Home\",\"item\":\"https:\\\/\\\/vcycletech.com\\\/\"},{\"@type\":\"ListItem\",\"position\":2,\"name\":\"Water Treatment Chemicals Manufacturer\",\"item\":\"https:\\\/\\\/vcycletech.com\\\/water-treatment-chemicals-manufacturer\\\/\"},{\"@type\":\"ListItem\",\"position\":3,\"name\":\"Sodium Salt of 2-Mercaptobenzothiazole (MBT\u2022Na)\"}]},{\"@type\":\"WebSite\",\"@id\":\"https:\\\/\\\/vcycletech.com\\\/#website\",\"url\":\"https:\\\/\\\/vcycletech.com\\\/\",\"name\":\"vcycletech\",\"description\":\"China&#039;s top water treatment chemicals supplier\",\"publisher\":{\"@id\":\"https:\\\/\\\/vcycletech.com\\\/#organization\"},\"potentialAction\":[{\"@type\":\"SearchAction\",\"target\":{\"@type\":\"EntryPoint\",\"urlTemplate\":\"https:\\\/\\\/vcycletech.com\\\/?s={search_term_string}\"},\"query-input\":{\"@type\":\"PropertyValueSpecification\",\"valueRequired\":true,\"valueName\":\"search_term_string\"}}],\"inLanguage\":\"es\"},{\"@type\":\"Organization\",\"@id\":\"https:\\\/\\\/vcycletech.com\\\/#organization\",\"name\":\"vcycletech\",\"url\":\"https:\\\/\\\/vcycletech.com\\\/\",\"logo\":{\"@type\":\"ImageObject\",\"inLanguage\":\"es\",\"@id\":\"https:\\\/\\\/vcycletech.com\\\/#\\\/schema\\\/logo\\\/image\\\/\",\"url\":\"https:\\\/\\\/vcycletech.com\\\/wp-content\\\/uploads\\\/2023\\\/03\\\/logo-vcycletech-1.png\",\"contentUrl\":\"https:\\\/\\\/vcycletech.com\\\/wp-content\\\/uploads\\\/2023\\\/03\\\/logo-vcycletech-1.png\",\"width\":600,\"height\":400,\"caption\":\"vcycletech\"},\"image\":{\"@id\":\"https:\\\/\\\/vcycletech.com\\\/#\\\/schema\\\/logo\\\/image\\\/\"}}]}<\/script>\n<!-- \/ Yoast SEO Premium plugin. -->","yoast_head_json":{"title":"Sal de sodio de 2-mercaptobenzotiazol (MBT\u2022Na) - vcycletech","description":"La sal de sodio de 2-mercaptobenzotiazol (MBT\u2022Na) es un compuesto org\u00e1nico formado por un anillo de tiazol y dos \u00e1tomos de azufre. Es una sustancia en escamas blanca e inodora que se disuelve en agua, alcohol y glicoles. MBT\u2022Na tiene aplicaciones como acelerador y activador en la fabricaci\u00f3n de compuestos de caucho y tiene fuertes propiedades inhibidoras de la corrosi\u00f3n. Adem\u00e1s, no es corrosivo ni t\u00f3xico cuando se manipula correctamente.","robots":{"index":"index","follow":"follow","max-snippet":"max-snippet:-1","max-image-preview":"max-image-preview:large","max-video-preview":"max-video-preview:-1"},"canonical":"https:\/\/vcycletech.com\/es\/producto\/sal-sodica-de-2-mercaptobenzotiazol-mbtna\/","og_locale":"es_MX","og_type":"article","og_title":"Sodium Salt of 2-Mercaptobenzothiazole (MBT\u2022Na)","og_description":"Sodium salt of 2-Mercaptobenzothiazole (MBT\u2022Na) is an organic compound composed of a thiazole ring and two sulfur atoms. It is a white, odorless flake substance that dissolves in water, alcohol, and glycols. MBT\u2022Na has applications as an accelerator and activator in the manufacture of rubber compounds and has strong corrosion-inhibiting properties. Additionally, it is non-corrosive and non-toxic when handled properly.","og_url":"https:\/\/vcycletech.com\/es\/producto\/sal-sodica-de-2-mercaptobenzotiazol-mbtna\/","og_site_name":"vcycletech","article_modified_time":"2023-03-21T09:09:17+00:00","og_image":[{"width":600,"height":600,"url":"https:\/\/vcycletech.com\/wp-content\/uploads\/2023\/03\/\u672a\u547d\u540d\u7684\u8bbe\u8ba1-1-4.png","type":"image\/png"}],"twitter_card":"summary_large_image","twitter_misc":{"Tiempo de lectura":"2 minutos"},"schema":{"@context":"https:\/\/schema.org","@graph":[{"@type":"WebPage","@id":"https:\/\/vcycletech.com\/product\/sodium-salt-of-2-mercaptobenzothiazole-mbtna\/","url":"https:\/\/vcycletech.com\/product\/sodium-salt-of-2-mercaptobenzothiazole-mbtna\/","name":"Sal de sodio de 2-mercaptobenzotiazol (MBT\u2022Na) - vcycletech","isPartOf":{"@id":"https:\/\/vcycletech.com\/#website"},"primaryImageOfPage":{"@id":"https:\/\/vcycletech.com\/product\/sodium-salt-of-2-mercaptobenzothiazole-mbtna\/#primaryimage"},"image":{"@id":"https:\/\/vcycletech.com\/product\/sodium-salt-of-2-mercaptobenzothiazole-mbtna\/#primaryimage"},"thumbnailUrl":"https:\/\/vcycletech.com\/wp-content\/uploads\/2023\/03\/\u672a\u547d\u540d\u7684\u8bbe\u8ba1-1-4.png","datePublished":"2023-03-21T08:09:29+00:00","dateModified":"2023-03-21T09:09:17+00:00","description":"La sal de sodio de 2-mercaptobenzotiazol (MBT\u2022Na) es un compuesto org\u00e1nico formado por un anillo de tiazol y dos \u00e1tomos de azufre. Es una sustancia en escamas blanca e inodora que se disuelve en agua, alcohol y glicoles. MBT\u2022Na tiene aplicaciones como acelerador y activador en la fabricaci\u00f3n de compuestos de caucho y tiene fuertes propiedades inhibidoras de la corrosi\u00f3n. Adem\u00e1s, no es corrosivo ni t\u00f3xico cuando se manipula correctamente.","breadcrumb":{"@id":"https:\/\/vcycletech.com\/product\/sodium-salt-of-2-mercaptobenzothiazole-mbtna\/#breadcrumb"},"inLanguage":"es","potentialAction":[{"@type":"ReadAction","target":["https:\/\/vcycletech.com\/product\/sodium-salt-of-2-mercaptobenzothiazole-mbtna\/"]}]},{"@type":"ImageObject","inLanguage":"es","@id":"https:\/\/vcycletech.com\/product\/sodium-salt-of-2-mercaptobenzothiazole-mbtna\/#primaryimage","url":"https:\/\/vcycletech.com\/wp-content\/uploads\/2023\/03\/\u672a\u547d\u540d\u7684\u8bbe\u8ba1-1-4.png","contentUrl":"https:\/\/vcycletech.com\/wp-content\/uploads\/2023\/03\/\u672a\u547d\u540d\u7684\u8bbe\u8ba1-1-4.png","width":600,"height":600,"caption":"Sodium Salt of 2-Mercaptobenzothiazole (MBT\u2022Na)"},{"@type":"BreadcrumbList","@id":"https:\/\/vcycletech.com\/product\/sodium-salt-of-2-mercaptobenzothiazole-mbtna\/#breadcrumb","itemListElement":[{"@type":"ListItem","position":1,"name":"Home","item":"https:\/\/vcycletech.com\/"},{"@type":"ListItem","position":2,"name":"Water Treatment Chemicals Manufacturer","item":"https:\/\/vcycletech.com\/water-treatment-chemicals-manufacturer\/"},{"@type":"ListItem","position":3,"name":"Sodium Salt of 2-Mercaptobenzothiazole (MBT\u2022Na)"}]},{"@type":"WebSite","@id":"https:\/\/vcycletech.com\/#website","url":"https:\/\/vcycletech.com\/","name":"vcycletech","description":"El principal proveedor de productos qu\u00edmicos para el tratamiento del agua de China y #039;","publisher":{"@id":"https:\/\/vcycletech.com\/#organization"},"potentialAction":[{"@type":"SearchAction","target":{"@type":"EntryPoint","urlTemplate":"https:\/\/vcycletech.com\/?s={search_term_string}"},"query-input":{"@type":"PropertyValueSpecification","valueRequired":true,"valueName":"search_term_string"}}],"inLanguage":"es"},{"@type":"Organization","@id":"https:\/\/vcycletech.com\/#organization","name":"vcycletech","url":"https:\/\/vcycletech.com\/","logo":{"@type":"ImageObject","inLanguage":"es","@id":"https:\/\/vcycletech.com\/#\/schema\/logo\/image\/","url":"https:\/\/vcycletech.com\/wp-content\/uploads\/2023\/03\/logo-vcycletech-1.png","contentUrl":"https:\/\/vcycletech.com\/wp-content\/uploads\/2023\/03\/logo-vcycletech-1.png","width":600,"height":400,"caption":"vcycletech"},"image":{"@id":"https:\/\/vcycletech.com\/#\/schema\/logo\/image\/"}}]}},"_links":{"self":[{"href":"https:\/\/vcycletech.com\/es\/wp-json\/wp\/v2\/product\/1129","targetHints":{"allow":["GET"]}}],"collection":[{"href":"https:\/\/vcycletech.com\/es\/wp-json\/wp\/v2\/product"}],"about":[{"href":"https:\/\/vcycletech.com\/es\/wp-json\/wp\/v2\/types\/product"}],"wp:featuredmedia":[{"embeddable":true,"href":"https:\/\/vcycletech.com\/es\/wp-json\/wp\/v2\/media\/1143"}],"wp:attachment":[{"href":"https:\/\/vcycletech.com\/es\/wp-json\/wp\/v2\/media?parent=1129"}],"wp:term":[{"taxonomy":"product_brand","embeddable":true,"href":"https:\/\/vcycletech.com\/es\/wp-json\/wp\/v2\/product_brand?post=1129"},{"taxonomy":"product_cat","embeddable":true,"href":"https:\/\/vcycletech.com\/es\/wp-json\/wp\/v2\/product_cat?post=1129"},{"taxonomy":"product_tag","embeddable":true,"href":"https:\/\/vcycletech.com\/es\/wp-json\/wp\/v2\/product_tag?post=1129"}],"curies":[{"name":"wp","href":"https:\/\/api.w.org\/{rel}","templated":true}]}}